{"id":36791,"date":"2026-02-09T16:38:58","date_gmt":"2026-02-09T16:38:58","guid":{"rendered":"https:\/\/buddydive.com\/mergulho\/curso-de-desenvolvimento-de-instrutor-padi-idc\/pacotes-precos\/"},"modified":"2026-02-09T16:39:05","modified_gmt":"2026-02-09T16:39:05","slug":"pacotes-precos","status":"publish","type":"page","link":"https:\/\/buddydive.com\/pt-br\/mergulho\/curso-de-desenvolvimento-de-instrutor-padi-idc\/pacotes-precos\/","title":{"rendered":"Pacotes &amp; Pre\u00e7os"},"content":{"rendered":"<div class=\"wpb-content-wrapper\">[vc_row][vc_column width=&#8221;3\/4&#8243;][vc_column_text css=&#8221;&#8221;]\n<h1 class=\"text-uppercase\" style=\"text-align: center\"><small>Buddy Dive Academy<\/small>Pacotes &amp; Pre\u00e7os<\/h1>\n<h4><strong>A escolha dos seus Buddies: O IDC com tudo inclu\u00eddo&nbsp;<\/strong><\/h4>\n<p>Ao escolher o pacote IDC com tudo inclu\u00eddo no Buddy Dive Resort, voc\u00ea ter\u00e1 tudo o que precisa para se tornar um instrutor de mergulho profissional e bem qualificado. Seus Buddies cuidar\u00e3o de tudo. Sua acomoda\u00e7\u00e3o (compartilhada), traslados do aeroporto, refei\u00e7\u00f5es, materiais, o pr\u00f3prio curso (incluindo o curso de instrutor EFR e provedor de oxig\u00eanio de emerg\u00eancia), as inscri\u00e7\u00f5es de instrutor e o exame de instrutor.<br \/>\nAp\u00f3s reservar este pacote, voc\u00ea n\u00e3o ter\u00e1 que pensar em mais nada, exceto focar em estudar, praticar e se divertir muito com seus colegas candidatos ao IDC e diretores de curso.  <\/p>\n<p><strong>Dura\u00e7\u00e3o: 2 semanas<br \/>\n<\/strong><strong>Pre\u00e7o:<\/strong> <strong>3.725 $<\/strong><\/p>\n<p>&nbsp;<\/p>\n<h4><strong>IDC Completo&nbsp;<\/strong><\/h4>\n<p>Ao reservar o IDC completo, voc\u00ea reserva tudo o que necessita para o seu curso de instrutor. Os materiais, o curso (incluindo o curso de instrutor EFR e provedor de Oxig\u00eanio de Emerg\u00eancia), as inscri\u00e7\u00f5es de instrutor e o exame de instrutor est\u00e3o inclu\u00eddos. N\u00e3o ser\u00e1 necess\u00e1rio providenciar nenhum destes itens. Os \u00fanicos elementos n\u00e3o inclu\u00eddos s\u00e3o acomoda\u00e7\u00e3o e refei\u00e7\u00f5es.   <\/p>\n<p><strong>Dura\u00e7\u00e3o: 2 semanas<br \/>\n<\/strong><strong>Pre\u00e7o:<\/strong> <strong>3.150 $<\/strong><\/p>\n<h4><strong>IDC b\u00e1sico&nbsp;<\/strong><\/h4>\n<p>O IDC b\u00e1sico cobre o curso de desenvolvimento de instrutor (&amp; EFR) e os materiais. Esteja ciente de que voc\u00ea ter\u00e1 que pagar e providenciar a inscri\u00e7\u00e3o e o exame de instrutor antes de se tornar um instrutor e come\u00e7ar a lecionar. <\/p>\n<p><strong>Dura\u00e7\u00e3o: 2 semanas<br \/>\n<\/strong><strong>Pre\u00e7o: $1750<br \/>\n<\/strong>[\/vc_column_text][vc_empty_space][vc_separator][\/vc_column][vc_column width=&#8221;1\/4&#8243;][vc_column_text]\n<h3 class=\"text-uppercase\" style=\"text-align: center\">Pacotes &amp; Pre\u00e7os<\/h3>\n<ul>\n<li>\n<h4><a href=\"https:\/\/buddydive.com\/pt-br\/mergulho\/curso-de-desenvolvimento-de-instrutor-padi-idc\/\">Academia Buddy Dive<\/a><\/h4>\n<\/li>\n<li>\n<h4><a href=\"https:\/\/buddydive.com\/pt-br\/mergulho\/curso-de-desenvolvimento-de-instrutor-padi-idc\/academia-de-mergulho-buddy-para-os-profissionais\/\">Para os profissionais &#8211; MSDT e instrutor staff do IDC<\/a><\/h4>\n<\/li>\n<li>\n<h4><a href=\"http:\/\/www.buddydive.com\/diving\/prerequisites\/\">Pr\u00e9-requisitos<\/a><\/h4>\n<\/li>\n<li>\n<h4><a href=\"https:\/\/buddydive.com\/pt-br\/mergulho\/curso-de-desenvolvimento-de-instrutor-padi-idc\/o-idc-tudo-o-que-voce-precisa-saber\/\">O IDC &#8211; Tudo o que voc\u00ea precisa saber<\/a><\/h4>\n<\/li>\n<\/ul>\n[\/vc_column_text][\/vc_column][\/vc_row][vc_row][vc_column][vc_tta_accordion active_section=&#8221;1&#8243; collapsible_all=&#8221;true&#8221;][vc_tta_section title=&#8221;Detalhes do Pacote&#8221; tab_id=&#8221;1635333446210-c7c95ec0-fcd9&#8243;][vc_column_text]\n<table class=\"table table-responsive\">\n<tbody>\n<tr>\n<td width=\"151\"><strong>Item<\/strong><\/td>\n<td width=\"151\"><strong>Necess\u00e1rio<\/strong><\/td>\n<td width=\"151\"><strong>IDC Tudo Inclu\u00eddo<\/strong><strong><br \/>\n<\/strong><\/td>\n<td width=\"151\"><strong>IDC Completo<br \/>\n<\/strong><\/td>\n<td width=\"151\"><strong>IDC B\u00e1sico<br \/>\n<\/strong><\/td>\n<\/tr>\n<tr>\n<td width=\"151\">Materiais IDC (crew pack)<\/td>\n<td width=\"151\">Sim<\/td>\n<td width=\"151\">Inclu\u00eddo<\/td>\n<td width=\"151\">Inclu\u00eddo<\/td>\n<td width=\"151\">Inclu\u00eddo<\/td>\n<\/tr>\n<tr>\n<td width=\"151\">Manuais de Instrutor EFR<\/td>\n<td width=\"151\">Sim<\/td>\n<td width=\"151\">Inclu\u00eddo<\/td>\n<td width=\"151\">Inclu\u00eddo<\/td>\n<td width=\"151\">Inclu\u00eddo<\/td>\n<\/tr>\n<tr>\n<td width=\"151\">Exame de Instrutor<\/td>\n<td width=\"151\">Sim<\/td>\n<td width=\"151\">Inclu\u00eddo<\/td>\n<td width=\"151\">Inclu\u00eddo<\/td>\n<td width=\"151\">X<\/td>\n<\/tr>\n<tr>\n<td width=\"151\">Inscri\u00e7\u00e3o de Instrutor<\/td>\n<td width=\"151\">Sim<\/td>\n<td width=\"151\">Inclu\u00eddo<\/td>\n<td width=\"151\">Inclu\u00eddo<\/td>\n<td width=\"151\">X<\/td>\n<\/tr>\n<tr>\n<td width=\"151\">Inscri\u00e7\u00e3o de Instrutor EFR<\/td>\n<td width=\"151\">Sim<\/td>\n<td width=\"151\">Inclu\u00eddo<\/td>\n<td width=\"151\">Inclu\u00eddo<\/td>\n<td width=\"151\">X<\/td>\n<\/tr>\n<tr>\n<td width=\"151\">Materiais do provedor de Oxig\u00eanio de Emerg\u00eancia<\/td>\n<td width=\"151\">N\u00e3o<\/td>\n<td width=\"151\">Inclu\u00eddo<\/td>\n<td width=\"151\">Inclu\u00eddo<\/td>\n<td width=\"151\">X<\/td>\n<\/tr>\n<tr>\n<td width=\"151\">Acomoda\u00e7\u00e3o compartilhada e 3 refei\u00e7\u00f5es por dia &#8211; 14 noites<\/td>\n<td width=\"151\">N\u00e3o<\/td>\n<td width=\"151\">Inclu\u00eddo<\/td>\n<td width=\"151\">X<\/td>\n<td width=\"151\">X<\/td>\n<\/tr>\n<tr>\n<td width=\"151\">Taxa de matr\u00edcula IDC<\/td>\n<td width=\"151\">Sim<\/td>\n<td width=\"151\">Inclu\u00eddo<\/td>\n<td width=\"151\">Inclu\u00eddo<\/td>\n<td width=\"151\">Inclu\u00eddo<\/td>\n<\/tr>\n<tr>\n<td width=\"151\">Taxa de matr\u00edcula de Instrutor EFR<\/td>\n<td width=\"151\">Sim<\/td>\n<td width=\"151\">Inclu\u00eddo<\/td>\n<td width=\"151\">Inclu\u00eddo<\/td>\n<td width=\"151\">Inclu\u00eddo<\/td>\n<\/tr>\n<tr>\n<td width=\"151\">Taxa de matr\u00edcula de provedor de Oxig\u00eanio de Emerg\u00eancia<\/td>\n<td width=\"151\">N\u00e3o<\/td>\n<td width=\"151\">Inclu\u00eddo<\/td>\n<td width=\"151\">Inclu\u00eddo<\/td>\n<td width=\"151\">X<\/td>\n<\/tr>\n<\/tbody>\n<\/table>\n[\/vc_column_text][\/vc_tta_section][\/vc_tta_accordion][vc_column_text]\n<h4>Outros Pacotes Profissionais<\/h4>\n[\/vc_column_text][vc_tta_accordion active_section=&#8221;1&#8243; collapsible_all=&#8221;true&#8221;][vc_tta_section title=&#8221;Curso de Divemaster com tudo inclu\u00eddo&#8221; tab_id=&#8221;1635332245830-49b36bc3-6c75&#8243;][vc_column_text css=&#8221;&#8221;]\n<div id=\"1634306883014-56c0975c-bb23\" class=\"vc_tta-panel vc_active\" data-vc-content=\".vc_tta-panel-body\">\n<div class=\"vc_tta-panel-body\">\n<div class=\"wpb_text_column wpb_content_element \">\n<div class=\"wpb_wrapper\">\n<p>Facilite sua vida e concentre-se totalmente neste curso divertido e exigente, que \u00e9 seu primeiro passo no mundo dos profissionais PADI!<\/p>\n<p>Por favor, entre em contato com nosso diretor de curso ou departamento de reservas para mais informa\u00e7\u00f5es:<a href=\"mailto:coursedirector@buddydive.com\">coursedirector@buddydive.com<\/a> \u2013 <a href=\"mailto:reservations@buddydive.com\">reservations@buddydive.com<\/a><\/p>\n<p><strong>Dura\u00e7\u00e3o: 13 dias<br \/>\n<\/strong><strong>Pre\u00e7o: 2.400 $<br \/>\n<\/strong><\/p>\n<p><strong>O pacote inclui:<\/strong><br \/>\nE-learning do curso de Divemaster, materiais de Divemaster, traslados do aeroporto, acomoda\u00e7\u00e3o compartilhada e 3 refei\u00e7\u00f5es di\u00e1rias. O pacote n\u00e3o inclui a taxa PADI para sua inscri\u00e7\u00e3o de Divemaster e equipamento de mergulho <\/p>\n<\/div>\n<\/div>\n<\/div>\n<\/div>\n[\/vc_column_text][\/vc_tta_section][vc_tta_section title=&#8221;Curso de Divemaster + est\u00e1gio&#8221; tab_id=&#8221;1663250358589-480b37c0-c764&#8243;][vc_column_text css=&#8221;&#8221;]\n<div id=\"1634306883014-56c0975c-bb23\" class=\"vc_tta-panel vc_active\" data-vc-content=\".vc_tta-panel-body\">\n<div class=\"vc_tta-panel-body\">\n<div class=\"wpb_text_column wpb_content_element \">\n<div class=\"wpb_wrapper\">\n<p>Aprenda em uma das melhores opera\u00e7\u00f5es de mergulho do mundo e torne-se um PADI Divemaster em Bonaire. Ap\u00f3s concluir o curso de Divemaster, voc\u00ea far\u00e1 parte (temporariamente) da equipe de mergulho do Buddy Dive e completar\u00e1 um est\u00e1gio de 6 semanas como Divemaster no para\u00edso. <\/p>\n<p>Por favor, entre em contato com nossos Diretores de Curso para mais informa\u00e7\u00f5es: <a href=\"mailto:coursedirector@buddydive.com\">coursedirector@buddydive.com<\/a><\/p>\n<p>Se voc\u00ea quer sair com experi\u00eancia pr\u00e1tica para seu curr\u00edculo, pode seguir seu programa de Divemaster de 2 semanas com um est\u00e1gio de 6 semanas. Durante este est\u00e1gio, voc\u00ea ver\u00e1 ainda mais facetas da vida de Divemaster. Sua experi\u00eancia ser\u00e1 mais ampla do que voc\u00ea aprender\u00e1 durante o curso de Divemaster. Voc\u00ea far\u00e1 pelo menos 30 mergulhos durante seu est\u00e1gio e, nos dias de est\u00e1gio, poder\u00e1 desfrutar de uma refei\u00e7\u00e3o gratuita para a equipe!   <\/p>\n<p><strong>Dura\u00e7\u00e3o:<\/strong> <strong>14 dias + est\u00e1gio de 6 semanas<\/strong><br \/>\n<strong>Pre\u00e7o: 975 $<\/strong><\/p>\n<p><strong>O pacote inclui:<br \/>\n<\/strong>E-learning do curso de Divemaster, materiais de Divemaster, toda a instru\u00e7\u00e3o e seguro de Responsabilidade Profissional DAN durante o est\u00e1gio de 6 semanas<br aria-hidden=\"true\"><strong><em>O pacote n\u00e3o inclui a taxa PADI para sua inscri\u00e7\u00e3o de Divemaster, seguro m\u00e9dico ou de acidentes de mergulho e equipamento de mergulho<\/em><\/strong><\/p>\n<\/div>\n<\/div>\n<\/div>\n<\/div>\n[\/vc_column_text][\/vc_tta_section][vc_tta_section title=&#8221;Curso PADI Divemaster e-learning&#8221; tab_id=&#8221;1635332245854-de86b4f0-1ac7&#8243;][vc_column_text css=&#8221;&#8221;]\n<p class=\"x_MsoNormal\"><span data-olk-copy-source=\"MessageBody\">Nosso programa regular de Divemaster \u00e9 um programa de 2 semanas, no qual muitas tarefas de PADI Divemaster ser\u00e3o repetidas, para que voc\u00ea obtenha treinamento extensivo e conhecimento aprofundado do que a vida de Divemaster implica. Isso lhe d\u00e1 uma boa compreens\u00e3o de como seu papel variar\u00e1 em diferentes configura\u00e7\u00f5es.  <\/span>O treinamento inclui pelo menos 4 manh\u00e3s em que voc\u00ea far\u00e1 um mergulho de barco de 2 tanques para guiar. No total, voc\u00ea auxiliar\u00e1 por 2,5 dias em cursos. Isso significa que voc\u00ea recebe um treinamento mais extenso em compara\u00e7\u00e3o com o m\u00ednimo exigido.  <\/p>\n<p class=\"x_MsoNormal\">Podemos personalizar este programa, se desejar. Se voc\u00ea quiser que isso seja feito, entre em contato com nosso diretor de curso: coursedirector@buddydive.com <\/p>\n<p class=\"x_MsoNormal\"><strong>Dura\u00e7\u00e3o: 13 dias<br \/>\nPre\u00e7o: 975 $<\/strong><\/p>\n<p class=\"x_MsoNormal\"><em><strong>O pacote inclui:<\/strong><\/em><br \/>\n<em><strong>E-learning do curso de Divemaster, materiais de Divemaster. O pacote n\u00e3o inclui a taxa PADI para sua inscri\u00e7\u00e3o de Divemaster e equipamento de mergulho. <\/strong><\/em>[\/vc_column_text][\/vc_tta_section][vc_tta_section title=&#8221;Instrutor Assistente PADI&#8221; tab_id=&#8221;1635332446372-61a449b9-ff19&#8243;][vc_column_text]As habilidades de ensino que voc\u00ea desenvolver\u00e1 durante o Curso de Instrutor Assistente PADI permitir\u00e3o que voc\u00ea conduza independentemente v\u00e1rios Programas PADI e, com algum treinamento adicional do Diretor de Curso PADI, voc\u00ea tamb\u00e9m poder\u00e1 ensinar cursos de especialidade n\u00e3o relacionados a mergulho. Instrutores Assistentes s\u00e3o Educadores de Mergulho que auxiliam no desenvolvimento do conhecimento do aluno. Fazer o Curso de Instrutor Assistente PADI o levar\u00e1 um passo mais perto de se tornar um Instrutor de \u00c1guas Abertas PADI.  <\/p>\n<p><strong>Dura\u00e7\u00e3o: 4 dias<br \/>\n<\/strong><strong>Pre\u00e7o: Sob consulta<\/strong>[\/vc_column_text][\/vc_tta_section][vc_tta_section title=&#8221;Programa de Mestre Instrutor de Mergulho Aut\u00f4nomo&#8221; tab_id=&#8221;1635332508820-b5ed0907-e611&#8243;][vc_column_text css=&#8221;&#8221;]A prepara\u00e7\u00e3o para MSDT \u00e9 a prepara\u00e7\u00e3o para Mestre Instrutor de Mergulho Aut\u00f4nomo. Este \u00e9 um instrutor PADI que tem permiss\u00e3o para ensinar 5 especialidades PADI adicionais e certificou pelo menos 25 mergulhadores. Um pacote de prepara\u00e7\u00e3o para MSDT pode ser solicitado durante todo o ano. O Buddy Dive acredita que voc\u00ea ensinar\u00e1 e vender\u00e1 os cursos que mais gosta de ensinar, ent\u00e3o personalizaremos seu pacote MSDT, o que significa que voc\u00ea pode escolher quais 5 Especialidades de Instrutor deseja seguir. N\u00f3s lhe daremos a Especialidade de Instrutor EANx gratuitamente como sua 6<sup>\u00aa<\/sup> Especialidade de Instrutor (ou outra, se voc\u00ea j\u00e1 tiver essa Especialidade de Instrutor)<br \/>\nPre\u00e7o 1.175 $,- incluindo as Inscri\u00e7\u00f5es de Instrutor PADI.    <\/p>\n<p>Imediatamente ap\u00f3s cada IDC, realizamos um programa MDST com tudo inclu\u00eddo, no qual voc\u00ea poder\u00e1 usar acomoda\u00e7\u00e3o compartilhada, incluindo 3 refei\u00e7\u00f5es b\u00e1sicas por dia.<br \/>\nEste <a href=\"https:\/\/buddydive.com\/pt-br\/mergulho\/curso-de-desenvolvimento-de-instrutor-padi-idc\/academia-de-mergulho-buddy-para-os-profissionais\/\">pacote com tudo inclu\u00eddo<\/a> \u00e9 oferecido 6 vezes por ano, ap\u00f3s os IDCs. \u00c9 poss\u00edvel seguir o programa MSDT em outras semanas, mas n\u00e3o como um pacote com tudo inclu\u00eddo. <\/p>\n<p>Entre em contato com nosso diretor de curso para mais informa\u00e7\u00f5es: <a href=\"mailto:coursedirector@buddydive.com\">coursedirector@buddydive.com<\/a><\/p>\n<p><strong>Dura\u00e7\u00e3o: 7 dias<\/strong><br \/>\n<strong>Pre\u00e7o: Pacote com tudo inclu\u00eddo: 1.702 $<br \/>\nSomente programa: 1.175 $<\/strong><\/p>\n<p><strong>O pacote com tudo inclu\u00eddo inclui: <\/strong>5 cursos de Instrutor de Especialidade + curso gratuito de Instrutor Nitrox, taxas PADI para suas Inscri\u00e7\u00f5es de Instrutor de Especialidade, acomoda\u00e7\u00e3o compartilhada, traslados do aeroporto e 3 refei\u00e7\u00f5es por dia, uso de tanques e equipamento b\u00e1sico de aluguel. O pacote n\u00e3o inclui o aluguel de equipamento de especialidade como equipamento sidemount, roupa seca, etc.[\/vc_column_text][\/vc_tta_section][vc_tta_section title=&#8221;Curso de Instrutor de Equipe IDC com Tudo Inclu\u00eddo&#8221; tab_id=&#8221;1635332555995-b047d178-5eab&#8221;][vc_column_text css=&#8221;&#8221;]D\u00ea o pr\u00f3ximo passo em sua carreira e torne-se um instrutor de staff IDC. O Buddy Dive Resort oferece a oportunidade de expandir seu conhecimento e compartilhar seu amor pela profiss\u00e3o de Instrutor PADI. Durante este treinamento, voc\u00ea aprender\u00e1 a auxiliar nos Cursos de Desenvolvimento de Instrutores e transferir seu conhecimento e paix\u00e3o para a pr\u00f3xima gera\u00e7\u00e3o de Instrutores PADI.  <\/p>\n<p>Para participar deste treinamento, voc\u00ea j\u00e1 deve ser um Master Scuba Diver Trainer.<\/p>\n<p><strong>Pacote com tudo inclu\u00eddo<\/strong><strong>: 2.002 $<br \/>\nSomente programa: 1.175 $<br \/>\n<\/strong><\/p>\n<p><strong>O pacote inclui <\/strong>materiais de e-learning para a Equipe IDC e pranchetas de Diretor de Curso\/Equipe IDC, acomoda\u00e7\u00e3o compartilhada, traslados do aeroporto e 3 refei\u00e7\u00f5es por dia.[\/vc_column_text][\/vc_tta_section][\/vc_tta_accordion][vc_column_text]\n<p style=\"text-align: center\"><strong>Voc\u00ea \u00e9 um morador de Bonaire? Entre em contato conosco para solicitar suas tarifas locais. <\/strong><\/p>\n[\/vc_column_text][vc_btn title=&#8221;Inscreva-se!&#8221; color=&#8221;warning&#8221; align=&#8221;center&#8221; link=&#8221;url:https%3A%2F%2Fbuddydive.com%2Fpt-br%2Fcontato%2F|&#8221;][\/vc_column][\/vc_row][vc_row][vc_column][vc_gallery images=&#8221;36794,31874,36795&#8243; img_size=&#8221;Medium&#8221; css=&#8221;&#8221; columns=&#8221;3&#8243;][vc_separator][\/vc_column][\/vc_row]\n<\/div>","protected":false},"excerpt":{"rendered":"<p>[vc_row][vc_column width=&#8221;3\/4&#8243;][vc_column_text css=&#8221;&#8221;] Buddy Dive AcademyPacotes &amp; Pre\u00e7os A escolha dos seus Buddies: O IDC com tudo inclu\u00eddo&nbsp; Ao escolher [&hellip;]<\/p>\n","protected":false},"author":1,"featured_media":0,"parent":31872,"menu_order":0,"comment_status":"closed","ping_status":"closed","template":"","meta":{"footnotes":""},"class_list":["post-36791","page","type-page","status-publish","hentry"],"yoast_head":"<!-- This site is optimized with the Yoast SEO plugin v27.0 - https:\/\/yoast.com\/product\/yoast-seo-wordpress\/ -->\n<title>Pacote de instrutor de mergulho - Buddy Dive Resort Bonaire<\/title>\n<meta name=\"description\" content=\"Gostaria de levar seu mergulho para o pr\u00f3ximo n\u00edvel? Escolha nosso pacote de instrutor de mergulho e torne-se um Instrutor de Mergulho PADI em Bonaire\" \/>\n<meta name=\"robots\" content=\"index, follow, max-snippet:-1, max-image-preview:large, max-video-preview:-1\" \/>\n<link rel=\"canonical\" href=\"https:\/\/buddydive.com\/pt-br\/mergulho\/curso-de-desenvolvimento-de-instrutor-padi-idc\/pacotes-precos\/\" \/>\n<meta property=\"og:locale\" content=\"pt_BR\" \/>\n<meta property=\"og:type\" content=\"article\" \/>\n<meta property=\"og:title\" content=\"Pacote de instrutor de mergulho - Buddy Dive Resort Bonaire\" \/>\n<meta property=\"og:description\" content=\"Gostaria de levar seu mergulho para o pr\u00f3ximo n\u00edvel? Escolha nosso pacote de instrutor de mergulho e torne-se um Instrutor de Mergulho PADI em Bonaire\" \/>\n<meta property=\"og:url\" content=\"https:\/\/buddydive.com\/pt-br\/mergulho\/curso-de-desenvolvimento-de-instrutor-padi-idc\/pacotes-precos\/\" \/>\n<meta property=\"og:site_name\" content=\"Buddy Dive Bonaire\" \/>\n<meta property=\"article:publisher\" content=\"https:\/\/www.facebook.com\/buddydiveresort\" \/>\n<meta property=\"article:modified_time\" content=\"2026-02-09T16:39:05+00:00\" \/>\n<meta name=\"twitter:card\" content=\"summary_large_image\" \/>\n<meta name=\"twitter:site\" content=\"@buddydive\" \/>\n<meta name=\"twitter:label1\" content=\"Est. tempo de leitura\" \/>\n\t<meta name=\"twitter:data1\" content=\"8 minutos\" \/>\n<script type=\"application\/ld+json\" class=\"yoast-schema-graph\">{\"@context\":\"https:\/\/schema.org\",\"@graph\":[{\"@type\":\"WebPage\",\"@id\":\"https:\/\/buddydive.com\/pt-br\/mergulho\/curso-de-desenvolvimento-de-instrutor-padi-idc\/pacotes-precos\/\",\"url\":\"https:\/\/buddydive.com\/pt-br\/mergulho\/curso-de-desenvolvimento-de-instrutor-padi-idc\/pacotes-precos\/\",\"name\":\"Pacote de instrutor de mergulho - Buddy Dive Resort Bonaire\",\"isPartOf\":{\"@id\":\"https:\/\/buddydive.com\/pt-br\/#website\"},\"datePublished\":\"2026-02-09T16:38:58+00:00\",\"dateModified\":\"2026-02-09T16:39:05+00:00\",\"description\":\"Gostaria de levar seu mergulho para o pr\u00f3ximo n\u00edvel? Escolha nosso pacote de instrutor de mergulho e torne-se um Instrutor de Mergulho PADI em Bonaire\",\"breadcrumb\":{\"@id\":\"https:\/\/buddydive.com\/pt-br\/mergulho\/curso-de-desenvolvimento-de-instrutor-padi-idc\/pacotes-precos\/#breadcrumb\"},\"inLanguage\":\"pt-BR\",\"potentialAction\":[{\"@type\":\"ReadAction\",\"target\":[\"https:\/\/buddydive.com\/pt-br\/mergulho\/curso-de-desenvolvimento-de-instrutor-padi-idc\/pacotes-precos\/\"]}]},{\"@type\":\"BreadcrumbList\",\"@id\":\"https:\/\/buddydive.com\/pt-br\/mergulho\/curso-de-desenvolvimento-de-instrutor-padi-idc\/pacotes-precos\/#breadcrumb\",\"itemListElement\":[{\"@type\":\"ListItem\",\"position\":1,\"name\":\"Home\",\"item\":\"https:\/\/buddydive.com\/pt-br\/inicio\/\"},{\"@type\":\"ListItem\",\"position\":2,\"name\":\"Mergulho\",\"item\":\"https:\/\/buddydive.com\/pt-br\/mergulho\/\"},{\"@type\":\"ListItem\",\"position\":3,\"name\":\"Curso de desenvolvimento de instrutor &#8211; PADI IDC\",\"item\":\"https:\/\/buddydive.com\/pt-br\/mergulho\/curso-de-desenvolvimento-de-instrutor-padi-idc\/\"},{\"@type\":\"ListItem\",\"position\":4,\"name\":\"Pacotes &amp; Pre\u00e7os\"}]},{\"@type\":\"WebSite\",\"@id\":\"https:\/\/buddydive.com\/pt-br\/#website\",\"url\":\"https:\/\/buddydive.com\/pt-br\/\",\"name\":\"Buddy Dive Bonaire\",\"description\":\"My WordPress Blog\",\"potentialAction\":[{\"@type\":\"SearchAction\",\"target\":{\"@type\":\"EntryPoint\",\"urlTemplate\":\"https:\/\/buddydive.com\/pt-br\/?s={search_term_string}\"},\"query-input\":{\"@type\":\"PropertyValueSpecification\",\"valueRequired\":true,\"valueName\":\"search_term_string\"}}],\"inLanguage\":\"pt-BR\"}]}<\/script>\n<!-- \/ Yoast SEO plugin. -->","yoast_head_json":{"title":"Pacote de instrutor de mergulho - Buddy Dive Resort Bonaire","description":"Gostaria de levar seu mergulho para o pr\u00f3ximo n\u00edvel? Escolha nosso pacote de instrutor de mergulho e torne-se um Instrutor de Mergulho PADI em Bonaire","robots":{"index":"index","follow":"follow","max-snippet":"max-snippet:-1","max-image-preview":"max-image-preview:large","max-video-preview":"max-video-preview:-1"},"canonical":"https:\/\/buddydive.com\/pt-br\/mergulho\/curso-de-desenvolvimento-de-instrutor-padi-idc\/pacotes-precos\/","og_locale":"pt_BR","og_type":"article","og_title":"Pacote de instrutor de mergulho - Buddy Dive Resort Bonaire","og_description":"Gostaria de levar seu mergulho para o pr\u00f3ximo n\u00edvel? Escolha nosso pacote de instrutor de mergulho e torne-se um Instrutor de Mergulho PADI em Bonaire","og_url":"https:\/\/buddydive.com\/pt-br\/mergulho\/curso-de-desenvolvimento-de-instrutor-padi-idc\/pacotes-precos\/","og_site_name":"Buddy Dive Bonaire","article_publisher":"https:\/\/www.facebook.com\/buddydiveresort","article_modified_time":"2026-02-09T16:39:05+00:00","twitter_card":"summary_large_image","twitter_site":"@buddydive","twitter_misc":{"Est. tempo de leitura":"8 minutos"},"schema":{"@context":"https:\/\/schema.org","@graph":[{"@type":"WebPage","@id":"https:\/\/buddydive.com\/pt-br\/mergulho\/curso-de-desenvolvimento-de-instrutor-padi-idc\/pacotes-precos\/","url":"https:\/\/buddydive.com\/pt-br\/mergulho\/curso-de-desenvolvimento-de-instrutor-padi-idc\/pacotes-precos\/","name":"Pacote de instrutor de mergulho - Buddy Dive Resort Bonaire","isPartOf":{"@id":"https:\/\/buddydive.com\/pt-br\/#website"},"datePublished":"2026-02-09T16:38:58+00:00","dateModified":"2026-02-09T16:39:05+00:00","description":"Gostaria de levar seu mergulho para o pr\u00f3ximo n\u00edvel? Escolha nosso pacote de instrutor de mergulho e torne-se um Instrutor de Mergulho PADI em Bonaire","breadcrumb":{"@id":"https:\/\/buddydive.com\/pt-br\/mergulho\/curso-de-desenvolvimento-de-instrutor-padi-idc\/pacotes-precos\/#breadcrumb"},"inLanguage":"pt-BR","potentialAction":[{"@type":"ReadAction","target":["https:\/\/buddydive.com\/pt-br\/mergulho\/curso-de-desenvolvimento-de-instrutor-padi-idc\/pacotes-precos\/"]}]},{"@type":"BreadcrumbList","@id":"https:\/\/buddydive.com\/pt-br\/mergulho\/curso-de-desenvolvimento-de-instrutor-padi-idc\/pacotes-precos\/#breadcrumb","itemListElement":[{"@type":"ListItem","position":1,"name":"Home","item":"https:\/\/buddydive.com\/pt-br\/inicio\/"},{"@type":"ListItem","position":2,"name":"Mergulho","item":"https:\/\/buddydive.com\/pt-br\/mergulho\/"},{"@type":"ListItem","position":3,"name":"Curso de desenvolvimento de instrutor &#8211; PADI IDC","item":"https:\/\/buddydive.com\/pt-br\/mergulho\/curso-de-desenvolvimento-de-instrutor-padi-idc\/"},{"@type":"ListItem","position":4,"name":"Pacotes &amp; Pre\u00e7os"}]},{"@type":"WebSite","@id":"https:\/\/buddydive.com\/pt-br\/#website","url":"https:\/\/buddydive.com\/pt-br\/","name":"Buddy Dive Bonaire","description":"My WordPress Blog","potentialAction":[{"@type":"SearchAction","target":{"@type":"EntryPoint","urlTemplate":"https:\/\/buddydive.com\/pt-br\/?s={search_term_string}"},"query-input":{"@type":"PropertyValueSpecification","valueRequired":true,"valueName":"search_term_string"}}],"inLanguage":"pt-BR"}]}},"_links":{"self":[{"href":"https:\/\/buddydive.com\/pt-br\/wp-json\/wp\/v2\/pages\/36791","targetHints":{"allow":["GET"]}}],"collection":[{"href":"https:\/\/buddydive.com\/pt-br\/wp-json\/wp\/v2\/pages"}],"about":[{"href":"https:\/\/buddydive.com\/pt-br\/wp-json\/wp\/v2\/types\/page"}],"author":[{"embeddable":true,"href":"https:\/\/buddydive.com\/pt-br\/wp-json\/wp\/v2\/users\/1"}],"replies":[{"embeddable":true,"href":"https:\/\/buddydive.com\/pt-br\/wp-json\/wp\/v2\/comments?post=36791"}],"version-history":[{"count":5,"href":"https:\/\/buddydive.com\/pt-br\/wp-json\/wp\/v2\/pages\/36791\/revisions"}],"predecessor-version":[{"id":36802,"href":"https:\/\/buddydive.com\/pt-br\/wp-json\/wp\/v2\/pages\/36791\/revisions\/36802"}],"up":[{"embeddable":true,"href":"https:\/\/buddydive.com\/pt-br\/wp-json\/wp\/v2\/pages\/31872"}],"wp:attachment":[{"href":"https:\/\/buddydive.com\/pt-br\/wp-json\/wp\/v2\/media?parent=36791"}],"curies":[{"name":"wp","href":"https:\/\/api.w.org\/{rel}","templated":true}]}}