{"id":32282,"date":"2025-07-03T09:37:30","date_gmt":"2025-07-03T09:37:30","guid":{"rendered":"https:\/\/buddydive.com\/mergulho\/pre-requisitos\/"},"modified":"2026-02-09T17:05:19","modified_gmt":"2026-02-09T17:05:19","slug":"pre-requisitos","status":"publish","type":"page","link":"https:\/\/buddydive.com\/pt-br\/mergulho\/pre-requisitos\/","title":{"rendered":"Pr\u00e9-requisitos"},"content":{"rendered":"<div class=\"wpb-content-wrapper\">[vc_row][vc_column width=&#8221;3\/4&#8243;][vc_column_text]\n<h2 class=\"text-uppercase\" style=\"text-align: center;\">Todas as informa\u00e7\u00f5es que voc\u00ea precisa<\/h2>\n<p style=\"text-align: center;\">Nesta p\u00e1gina, voc\u00ea pode encontrar os pr\u00e9-requisitos que deve cumprir para participar do curso de mergulho de sua escolha. Clique nas se\u00e7\u00f5es abaixo para obter detalhes mais espec\u00edficos.<br \/>\nPara os cursos de especialidade, os pr\u00e9-requisitos variam de acordo com a faixa et\u00e1ria.[\/vc_column_text][vc_tta_accordion active_section=&#8221;&#8221;][vc_tta_section title=&#8221;PADI open water diver&#8221; tab_id=&#8221;1568737916752-3a63b19a-8ae2&#8243;][vc_column_text]\n<ul>\n<li>10 anos de idade<\/li>\n<li>Apto para mergulhar <a href=\"https:\/\/waivermaster.com\/r\/2020-10-15\/640ed7d1-582b-4c18-9232-d44e4e37f94f\/1e3a1135-408d-4202-aaf7-7112c4424757\/1304a9b4-bd21-4bd3-a3e8-eaa7f51c07ce.html\">(veja o question\u00e1rio m\u00e9dico)<\/a><\/li>\n<\/ul>\n[\/vc_column_text][\/vc_tta_section][vc_tta_section title=&#8221;PADI adventure diver&#8221; tab_id=&#8221;1568737916777-625b7ba5-3b0a&#8221;][vc_column_text]\n<ul>\n<li>10 anos de idade<\/li>\n<li>Certificado como PADI open water diver*<\/li>\n<li>Apto para mergulhar <a href=\"https:\/\/waivermaster.com\/r\/2020-10-15\/640ed7d1-582b-4c18-9232-d44e4e37f94f\/1e3a1135-408d-4202-aaf7-7112c4424757\/1304a9b4-bd21-4bd3-a3e8-eaa7f51c07ce.html\">(veja o question\u00e1rio m\u00e9dico)<\/a><\/li>\n<\/ul>\n[\/vc_column_text][\/vc_tta_section][vc_tta_section title=&#8221;PADI advanced open water diver&#8221; tab_id=&#8221;1568738084158-6db482ae-9713&#8243;][vc_column_text]\n<ul>\n<li>12 anos de idade<\/li>\n<li>Certificado como PADI open water diver*<\/li>\n<li>Apto para mergulhar <a href=\"https:\/\/waivermaster.com\/r\/2020-10-15\/640ed7d1-582b-4c18-9232-d44e4e37f94f\/1e3a1135-408d-4202-aaf7-7112c4424757\/1304a9b4-bd21-4bd3-a3e8-eaa7f51c07ce.html\">(veja o question\u00e1rio m\u00e9dico)<\/a><\/li>\n<\/ul>\n[\/vc_column_text][\/vc_tta_section][vc_tta_section title=&#8221;PADI rescue diver&#8221; tab_id=&#8221;1568738139731-066ffbcb-c362&#8243;][vc_column_text]\n<ul>\n<li>12 anos de idade<\/li>\n<li>Certificado como PADI advanced open water diver*<\/li>\n<li>Certificado como PADI Adventure Diver* que tenha completado o Mergulho de Aventura de Navega\u00e7\u00e3o<\/li>\n<li>Treinamento EFR Prim\u00e1rio e Secund\u00e1rio conclu\u00eddo nos \u00faltimos 24 meses, que pode ser realizado junto com o Curso de Mergulhador de Resgate<\/li>\n<li>Apto para mergulhar <a href=\"https:\/\/waivermaster.com\/r\/2020-10-15\/640ed7d1-582b-4c18-9232-d44e4e37f94f\/1e3a1135-408d-4202-aaf7-7112c4424757\/1304a9b4-bd21-4bd3-a3e8-eaa7f51c07ce.html\">(veja o question\u00e1rio m\u00e9dico)<\/a><\/li>\n<\/ul>\n[\/vc_column_text][\/vc_tta_section][vc_tta_section title=&#8221;Mergulhador de seguran\u00e7a p\u00fablica&#8221; tab_id=&#8221;1669038598372-76771c8d-5fef&#8221;][vc_column_text]\n<ul>\n<li>Pelo menos 18 anos de idade<\/li>\n<li>Certificado como PADI Advanced diver, ou mergulhador avan\u00e7ado de outra organiza\u00e7\u00e3o reconhecida<\/li>\n<li>Certificado como PADI rescue diver, ou como mergulhador de resgate de outra organiza\u00e7\u00e3o reconhecida<\/li>\n<li>Comprovante de afilia\u00e7\u00e3o OU emprego em uma equipe de seguran\u00e7a p\u00fablica (pol\u00edcia, bombeiros, param\u00e9dicos, equipe de resgate de mergulho, etc.) ou tem planos documentados para formar uma equipe de seguran\u00e7a p\u00fablica no futuro, OU est\u00e1 em treinamento para se qualificar para uma equipe de seguran\u00e7a p\u00fablica<\/li>\n<\/ul>\n[\/vc_column_text][\/vc_tta_section][vc_tta_section title=&#8221;PADI specialty diver&#8221; tab_id=&#8221;1568738201450-dcadf0ea-0e1a&#8221;][vc_column_text]Para cada especialidade que voc\u00ea deseja fazer, voc\u00ea deve estar apto para mergulhar (<a href=\"https:\/\/waivermaster.com\/r\/2020-10-15\/640ed7d1-582b-4c18-9232-d44e4e37f94f\/1e3a1135-408d-4202-aaf7-7112c4424757\/1304a9b4-bd21-4bd3-a3e8-eaa7f51c07ce.html\">veja o question\u00e1rio m\u00e9dico<\/a>).<br \/>\nPara o Provedor de Oxig\u00eanio de Emerg\u00eancia n\u00e3o h\u00e1 idade m\u00ednima.<\/p>\n<p>Quando voc\u00ea tem 10 anos de idade e \u00e9 um PADI Open Water Diver*, voc\u00ea pode fazer as seguintes especialidades:<\/p>\n<ul>\n<li>Mergulhador de barco<\/li>\n<li>Fot\u00f3grafo subaqu\u00e1tico digital<\/li>\n<li>Mergulhador de roupa seca<\/li>\n<li>Especialista em equipamentos **<\/li>\n<li>Mergulhador de identifica\u00e7\u00e3o de peixes<\/li>\n<li>Flutuabilidade de alto desempenho<\/li>\n<li>Mergulhador de renova\u00e7\u00e3o de recifes<\/li>\n<li>Naturalista subaqu\u00e1tico<\/li>\n<li>Navegador subaqu\u00e1tico<\/li>\n<li>Cinegrafista subaqu\u00e1tico<\/li>\n<\/ul>\n<p>Quando voc\u00ea tem 12 anos de idade, voc\u00ea pode fazer as seguintes especialidades:<\/p>\n<ul>\n<li>Aware \u2013 mergulho contra detritos<\/li>\n<li>Aware \u2013 Mergulhador de conserva\u00e7\u00e3o de tubar\u00f5es<\/li>\n<li>Mergulhador de Boia Marcadora de Superf\u00edcie Retardada (DSMB)<\/li>\n<li>Mergulhador de Ve\u00edculo de Propuls\u00e3o de Mergulho (DPV)<\/li>\n<li>Mergulhador de corrente<\/li>\n<li>Mergulhador de ar enriquecido (nitrox)<\/li>\n<li>Mergulhador noturno<\/li>\n<li>Mergulhador de busca e recupera\u00e7\u00e3o***<\/li>\n<\/ul>\n<p>Quando voc\u00ea tem 15 anos, as seguintes especialidades est\u00e3o dispon\u00edveis:<\/p>\n<ul>\n<li>Mergulhador profundo, deve ser Adventure Diver<\/li>\n<li>Ca\u00e7ador de peixe-le\u00e3o, deve ser Open Water Diver* Adicionalmente, a Especialidade de Flutuabilidade de Alto Desempenho e um mergulho de verifica\u00e7\u00e3o de flutuabilidade s\u00e3o necess\u00e1rios.<\/li>\n<li>Mergulhador Sidemount, deve ser Open Water Diver*<\/li>\n<li>Mergulhador de naufr\u00e1gios, deve ser Adventure Diver<\/li>\n<\/ul>\n<p>Quando voc\u00ea tem 18 anos, as seguintes especialidades est\u00e3o ao seu alcance. Para estas 2 especialidades, voc\u00ea precisa ser um PADI Advanced Open Water Diver*<\/p>\n<ul>\n<li>Mergulhador de caverna<\/li>\n<li>Mergulhador autossuficiente****<\/li>\n<\/ul>\n[\/vc_column_text][\/vc_tta_section][vc_tta_section title=&#8221;PADI Master scuba diver&#8221; tab_id=&#8221;1568738412612-b41ffb76-590e&#8221;][vc_column_text]\n<ul>\n<li>12 anos de idade<\/li>\n<li>Certificado como PADI advanced open water diver*<\/li>\n<li>Certificado como PADI rescue diver*<\/li>\n<li>Ter completado 5 cursos de Especialidade PADI e\/ou cursos PADI TecRec.<\/li>\n<li>Mostrar prova de 50 mergulhos registrados.<\/li>\n<\/ul>\n[\/vc_column_text][\/vc_tta_section][vc_tta_section title=&#8221;PADI dive Master&#8221; tab_id=&#8221;1568738473313-14abf4e9-4267&#8243;][vc_column_text]\n<ul>\n<li>18 anos de idade<\/li>\n<li>Certificado como PADI advanced open water diver*<\/li>\n<li>Certificado como PADI rescue diver*<\/li>\n<li>Mostrar prova de 40 mergulhos registrados antes do in\u00edcio do curso<\/li>\n<li>Mostrar prova de 60 mergulhos registrados ao final do curso<\/li>\n<li>Treinamento EFR Prim\u00e1rio e Secund\u00e1rio* que foi conclu\u00eddo nos \u00faltimos 24 meses<\/li>\n<li>Apresentar uma autoriza\u00e7\u00e3o m\u00e9dica atestando aptid\u00e3o para mergulho, assinada por um m\u00e9dico nos \u00faltimos 12 meses<\/li>\n<\/ul>\n[\/vc_column_text][\/vc_tta_section][vc_tta_section title=&#8221;Instrutor PADI&#8221; tab_id=&#8221;1568738509881-0bb1db20-55fe&#8221;][vc_column_text]Para se tornar um PADI OWSI (Open Water Scuba Instructor), mais comumente chamado de Instrutor PADI, voc\u00ea primeiro deve completar com sucesso um IDC ou, no caso de j\u00e1 ser um PADI Assistant Instructor, voc\u00ea deve completar a parte OWSI de um IDC.<br \/>\nSubsequentemente, ap\u00f3s seu IDC, voc\u00ea precisa completar com sucesso um exame padronizado, que ser\u00e1 conduzido por um examinador imparcial, trabalhando para a PADI, isso \u00e9 chamado de IE, Exame de Instrutor. Finalmente, h\u00e1 alguns crit\u00e9rios adicionais p\u00f3s-IE que precisam ser atendidos para se tornar um PADI OWSI.<\/p>\n<p><strong>Participa\u00e7\u00e3o no curso de desenvolvimento de instrutor<\/strong><\/p>\n<ul>\n<li>18 anos de idade<\/li>\n<li>PADI Divemaster ou n\u00edvel de lideran\u00e7a com outra ag\u00eancia de treinamento<\/li>\n<li>Mostrar prova de 60 mergulhos registrados<\/li>\n<li>Experi\u00eancia documentada em:<br \/>\n* Mergulho Profundo<br \/>\n* Mergulho Noturno<br \/>\n* Navega\u00e7\u00e3o Subaqu\u00e1tica<\/li>\n<\/ul>\n<p>Se n\u00e3o for um PADI Divemaster, voc\u00ea deve completar a avalia\u00e7\u00e3o de resgate do curso PADI Divemaster<br \/>\nSer certificado como mergulhador por pelo menos 6 meses.<br \/>\nApresentar uma autoriza\u00e7\u00e3o m\u00e9dica atestando aptid\u00e3o para mergulho, assinada por um m\u00e9dico nos \u00faltimos 12 meses<br \/>\nTreinamento EFR Prim\u00e1rio e Secund\u00e1rio* que foi conclu\u00eddo nos \u00faltimos 24 meses<\/p>\n<p><strong>Exame de instrutor<\/strong><\/p>\n<ul>\n<li>Ter completado com sucesso um programa IDC ou OWSI nos \u00faltimos 12 meses<\/li>\n<li>Como a Buddy Dive \u00e9 um CDC 5 estrelas, voc\u00ea n\u00e3o precisa ter 100 mergulhos registrados no momento do IE.<\/li>\n<\/ul>\n<p><strong>Certifica\u00e7\u00e3o OWSI<\/strong><\/p>\n<ul>\n<li>Ter completado com sucesso o IE<\/li>\n<li>Mostrar prova de 100 mergulhos registrados<\/li>\n<li>Ser certificado como Instrutor EFR Prim\u00e1rio e Secund\u00e1rio*<\/li>\n<\/ul>\n[\/vc_column_text][\/vc_tta_section][vc_tta_section title=&#8221;Tec basics&#8221; tab_id=&#8221;1665758805495-58d9be25-bee4&#8243;][vc_column_text]\n<ul>\n<li>PADI Advanced Open Water Diver com PADI Rescue Diver recomendado<\/li>\n<li>PADI enriched air diver<\/li>\n<li>15 anos de idade<\/li>\n<li>Apresentar uma autoriza\u00e7\u00e3o m\u00e9dica atestando aptid\u00e3o para mergulho, assinada por um m\u00e9dico nos \u00faltimos 12 meses.<\/li>\n<li>Ter completado o N\u00edvel 0: Fundamentos dos Fatores Humanos no Mergulho por The Human Diver*<\/li>\n<\/ul>\n<p>* Verifique nossa <a href=\"https:\/\/buddydive.com\/pt-br\/mergulho\/cursos-de-mergulho-e-precos\/#1663225603971-8bde2a6b-8b8d\">p\u00e1gina de prontid\u00e3o<\/a> e pe\u00e7a-nos um link de admiss\u00e3o ao curso, se necess\u00e1rio[\/vc_column_text][\/vc_tta_section][vc_tta_section title=&#8221;Tec 40&#8243; tab_id=&#8221;1665758900484-f1aa0e55-2c69&#8243;][vc_column_text]\n<ul>\n<li>PADI Advanced Open Water Diver com PADI Rescue Diver recomendado<\/li>\n<li>PADI Enriched Air Diver ou certifica\u00e7\u00e3o qualificadora<\/li>\n<li>PADI Deep Diver ou prova de 10 mergulhos a 30 metros\/100 p\u00e9s ou mais profundo<\/li>\n<li>30 mergulhos registrados<\/li>\n<li>18 anos de idade<\/li>\n<li>Apresentar uma autoriza\u00e7\u00e3o m\u00e9dica atestando aptid\u00e3o para mergulho, assinada por um m\u00e9dico nos \u00faltimos 12 meses.<\/li>\n<li>Ter completado o N\u00edvel 0: Fundamentos dos Fatores Humanos no Mergulho por The Human Diver*<\/li>\n<\/ul>\n<p>* Verifique a <a href=\"https:\/\/buddydive.com\/pt-br\/mergulho\/cursos-de-mergulho-e-precos\/#1663225603971-8bde2a6b-8b8d\">p\u00e1gina de prontid\u00e3o<\/a> e pe\u00e7a-nos um link de admiss\u00e3o ao curso, se necess\u00e1rio[\/vc_column_text][\/vc_tta_section][vc_tta_section title=&#8221;Tec 45&#8243; tab_id=&#8221;1665758945653-948f9d5b-10f7&#8243;][vc_column_text]\n<ul>\n<li>PADI Tec 40 Diver ou certifica\u00e7\u00e3o qualificadora<\/li>\n<li>PADI Rescue Diver ou certifica\u00e7\u00e3o qualificadora*<\/li>\n<li>10 mergulhos mais profundos que 30 metros\/100 p\u00e9s<\/li>\n<li>50 mergulhos registrados<\/li>\n<li>18 anos de idade<\/li>\n<li>Apresentar uma autoriza\u00e7\u00e3o m\u00e9dica atestando aptid\u00e3o para mergulho, assinada por um m\u00e9dico nos \u00faltimos 12 meses.<\/li>\n<li>Ter completado o N\u00edvel 0: Fundamentos dos Fatores Humanos no Mergulho por The Human Diver**<\/li>\n<\/ul>\n<p>* Se atender a isso com uma certifica\u00e7\u00e3o qualificadora, forne\u00e7a prova de treinamento em RCP\/Primeiros Socorros nos \u00faltimos dois anos<\/p>\n<p>** Verifique a <a href=\"https:\/\/buddydive.com\/pt-br\/mergulho\/cursos-de-mergulho-e-precos\/#1663225603971-8bde2a6b-8b8d\">p\u00e1gina de prontid\u00e3o<\/a> e pe\u00e7a-nos um link de admiss\u00e3o ao curso, se necess\u00e1rio[\/vc_column_text][\/vc_tta_section][vc_tta_section title=&#8221;Tec 50&#8243; tab_id=&#8221;1665758992094-d4fe759c-d297&#8243;][vc_column_text]\n<ul>\n<li>PADI Tec 45 Diver ou certifica\u00e7\u00e3o qualificadora<\/li>\n<li>PADI Rescue Diver ou certifica\u00e7\u00e3o qualificadora*<\/li>\n<li>100 mergulhos registrados ou 75 horas registradas<\/li>\n<li>18 anos de idade<\/li>\n<li>Apresentar uma autoriza\u00e7\u00e3o m\u00e9dica atestando aptid\u00e3o para mergulho, assinada por um m\u00e9dico nos \u00faltimos 12 meses.<\/li>\n<li>Ter completado o N\u00edvel 0: Fundamentos dos Fatores Humanos no Mergulho por The Human Diver**<\/li>\n<\/ul>\n<p>* Se atender a isso com uma certifica\u00e7\u00e3o qualificadora, forne\u00e7a prova de treinamento em RCP\/Primeiros Socorros nos \u00faltimos dois anos<\/p>\n<p>** Verifique a <a href=\"https:\/\/buddydive.com\/pt-br\/mergulho\/cursos-de-mergulho-e-precos\/#1663225603971-8bde2a6b-8b8d\">p\u00e1gina de prontid\u00e3o<\/a> e pe\u00e7a-nos um link de admiss\u00e3o ao curso, se necess\u00e1rio[\/vc_column_text][\/vc_tta_section][\/vc_tta_accordion][vc_column_text]<em>* Uma certifica\u00e7\u00e3o equivalente de outra ag\u00eancia de treinamento tamb\u00e9m \u00e9 aceita.<\/em><br \/>\n<em>** Voc\u00ea tamb\u00e9m pode fazer este curso se for um PADI (Junior) Scuba Diver<\/em><br \/>\n<em>*** Para fazer este curso, voc\u00ea precisa ser (Junior) Advanced Open Water<\/em><br \/>\n<em>**** Adicionalmente, voc\u00ea deve mostrar prova de 100 mergulhos registrados<\/em>[\/vc_column_text][\/vc_column][vc_column width=&#8221;1\/4&#8243;][vc_column_text]\n<h3 class=\"text-uppercase\" style=\"text-align: center;\">Pr\u00e9-requisitos<\/h3>\n<ul>\n<li>\n<h4><a href=\"https:\/\/buddydive.com\/pt-br\/mergulho\/curso-de-desenvolvimento-de-instrutor-padi-idc\/\">Academia Buddy Dive<\/a><\/h4>\n<\/li>\n<li>\n<h4><a href=\"https:\/\/buddydive.com\/pt-br\/mergulho\/curso-de-desenvolvimento-de-instrutor-padi-idc\/pacotes-precos\/\">Pacotes e pre\u00e7os do IDC<\/a><\/h4>\n<\/li>\n<li>\n<h4><a href=\"https:\/\/buddydive.com\/pt-br\/mergulho\/curso-de-desenvolvimento-de-instrutor-padi-idc\/academia-de-mergulho-buddy-para-os-profissionais\/\">Para os profissionais &#8211; MSDT e instrutor staff do IDC<\/a><\/h4>\n<\/li>\n<li>\n<h4><a href=\"https:\/\/buddydive.com\/pt-br\/mergulho\/curso-de-desenvolvimento-de-instrutor-padi-idc\/o-idc-tudo-o-que-voce-precisa-saber\/\">O IDC &#8211; Tudo o que voc\u00ea precisa saber<\/a><\/h4>\n<\/li>\n<\/ul>\n[\/vc_column_text][\/vc_column][\/vc_row]\n<\/div>","protected":false},"excerpt":{"rendered":"<p>[vc_row][vc_column width=&#8221;3\/4&#8243;][vc_column_text] Todas as informa\u00e7\u00f5es que voc\u00ea precisa Nesta p\u00e1gina, voc\u00ea pode encontrar os pr\u00e9-requisitos que deve cumprir para participar [&hellip;]<\/p>\n","protected":false},"author":1,"featured_media":0,"parent":31906,"menu_order":0,"comment_status":"closed","ping_status":"closed","template":"","meta":{"footnotes":""},"class_list":["post-32282","page","type-page","status-publish","hentry"],"yoast_head":"<!-- This site is optimized with the Yoast SEO plugin v27.4 - https:\/\/yoast.com\/product\/yoast-seo-wordpress\/ -->\n<title>Pr\u00e9-requisitos - Buddy Dive Bonaire<\/title>\n<meta name=\"description\" content=\"Nesta p\u00e1gina, voc\u00ea pode encontrar os pr\u00e9-requisitos que deve cumprir para participar do curso de mergulho de sua escolha.\" \/>\n<meta name=\"robots\" content=\"index, follow, max-snippet:-1, max-image-preview:large, max-video-preview:-1\" \/>\n<link rel=\"canonical\" href=\"https:\/\/buddydive.com\/pt-br\/mergulho\/pre-requisitos\/\" \/>\n<meta property=\"og:locale\" content=\"pt_BR\" \/>\n<meta property=\"og:type\" content=\"article\" \/>\n<meta property=\"og:title\" content=\"Pr\u00e9-requisitos - Buddy Dive Bonaire\" \/>\n<meta property=\"og:description\" content=\"Nesta p\u00e1gina, voc\u00ea pode encontrar os pr\u00e9-requisitos que deve cumprir para participar do curso de mergulho de sua escolha.\" \/>\n<meta property=\"og:url\" content=\"https:\/\/buddydive.com\/pt-br\/mergulho\/pre-requisitos\/\" \/>\n<meta property=\"og:site_name\" content=\"Buddy Dive Bonaire\" \/>\n<meta property=\"article:publisher\" content=\"https:\/\/www.facebook.com\/buddydiveresort\" \/>\n<meta property=\"article:modified_time\" content=\"2026-02-09T17:05:19+00:00\" \/>\n<meta name=\"twitter:card\" content=\"summary_large_image\" \/>\n<meta name=\"twitter:site\" content=\"@buddydive\" \/>\n<meta name=\"twitter:label1\" content=\"Est. tempo de leitura\" \/>\n\t<meta name=\"twitter:data1\" content=\"6 minutos\" \/>\n<script type=\"application\/ld+json\" class=\"yoast-schema-graph\">{\"@context\":\"https:\\\/\\\/schema.org\",\"@graph\":[{\"@type\":\"WebPage\",\"@id\":\"https:\\\/\\\/buddydive.com\\\/pt-br\\\/mergulho\\\/pre-requisitos\\\/\",\"url\":\"https:\\\/\\\/buddydive.com\\\/pt-br\\\/mergulho\\\/pre-requisitos\\\/\",\"name\":\"Pr\u00e9-requisitos - Buddy Dive Bonaire\",\"isPartOf\":{\"@id\":\"https:\\\/\\\/buddydive.com\\\/pt-br\\\/#website\"},\"datePublished\":\"2025-07-03T09:37:30+00:00\",\"dateModified\":\"2026-02-09T17:05:19+00:00\",\"description\":\"Nesta p\u00e1gina, voc\u00ea pode encontrar os pr\u00e9-requisitos que deve cumprir para participar do curso de mergulho de sua escolha.\",\"breadcrumb\":{\"@id\":\"https:\\\/\\\/buddydive.com\\\/pt-br\\\/mergulho\\\/pre-requisitos\\\/#breadcrumb\"},\"inLanguage\":\"pt-BR\",\"potentialAction\":[{\"@type\":\"ReadAction\",\"target\":[\"https:\\\/\\\/buddydive.com\\\/pt-br\\\/mergulho\\\/pre-requisitos\\\/\"]}]},{\"@type\":\"BreadcrumbList\",\"@id\":\"https:\\\/\\\/buddydive.com\\\/pt-br\\\/mergulho\\\/pre-requisitos\\\/#breadcrumb\",\"itemListElement\":[{\"@type\":\"ListItem\",\"position\":1,\"name\":\"Home\",\"item\":\"https:\\\/\\\/buddydive.com\\\/pt-br\\\/inicio\\\/\"},{\"@type\":\"ListItem\",\"position\":2,\"name\":\"Mergulho\",\"item\":\"https:\\\/\\\/buddydive.com\\\/pt-br\\\/mergulho\\\/\"},{\"@type\":\"ListItem\",\"position\":3,\"name\":\"Pr\u00e9-requisitos\"}]},{\"@type\":\"WebSite\",\"@id\":\"https:\\\/\\\/buddydive.com\\\/pt-br\\\/#website\",\"url\":\"https:\\\/\\\/buddydive.com\\\/pt-br\\\/\",\"name\":\"Buddy Dive Bonaire\",\"description\":\"My WordPress Blog\",\"potentialAction\":[{\"@type\":\"SearchAction\",\"target\":{\"@type\":\"EntryPoint\",\"urlTemplate\":\"https:\\\/\\\/buddydive.com\\\/pt-br\\\/?s={search_term_string}\"},\"query-input\":{\"@type\":\"PropertyValueSpecification\",\"valueRequired\":true,\"valueName\":\"search_term_string\"}}],\"inLanguage\":\"pt-BR\"}]}<\/script>\n<!-- \/ Yoast SEO plugin. -->","yoast_head_json":{"title":"Pr\u00e9-requisitos - Buddy Dive Bonaire","description":"Nesta p\u00e1gina, voc\u00ea pode encontrar os pr\u00e9-requisitos que deve cumprir para participar do curso de mergulho de sua escolha.","robots":{"index":"index","follow":"follow","max-snippet":"max-snippet:-1","max-image-preview":"max-image-preview:large","max-video-preview":"max-video-preview:-1"},"canonical":"https:\/\/buddydive.com\/pt-br\/mergulho\/pre-requisitos\/","og_locale":"pt_BR","og_type":"article","og_title":"Pr\u00e9-requisitos - Buddy Dive Bonaire","og_description":"Nesta p\u00e1gina, voc\u00ea pode encontrar os pr\u00e9-requisitos que deve cumprir para participar do curso de mergulho de sua escolha.","og_url":"https:\/\/buddydive.com\/pt-br\/mergulho\/pre-requisitos\/","og_site_name":"Buddy Dive Bonaire","article_publisher":"https:\/\/www.facebook.com\/buddydiveresort","article_modified_time":"2026-02-09T17:05:19+00:00","twitter_card":"summary_large_image","twitter_site":"@buddydive","twitter_misc":{"Est. tempo de leitura":"6 minutos"},"schema":{"@context":"https:\/\/schema.org","@graph":[{"@type":"WebPage","@id":"https:\/\/buddydive.com\/pt-br\/mergulho\/pre-requisitos\/","url":"https:\/\/buddydive.com\/pt-br\/mergulho\/pre-requisitos\/","name":"Pr\u00e9-requisitos - Buddy Dive Bonaire","isPartOf":{"@id":"https:\/\/buddydive.com\/pt-br\/#website"},"datePublished":"2025-07-03T09:37:30+00:00","dateModified":"2026-02-09T17:05:19+00:00","description":"Nesta p\u00e1gina, voc\u00ea pode encontrar os pr\u00e9-requisitos que deve cumprir para participar do curso de mergulho de sua escolha.","breadcrumb":{"@id":"https:\/\/buddydive.com\/pt-br\/mergulho\/pre-requisitos\/#breadcrumb"},"inLanguage":"pt-BR","potentialAction":[{"@type":"ReadAction","target":["https:\/\/buddydive.com\/pt-br\/mergulho\/pre-requisitos\/"]}]},{"@type":"BreadcrumbList","@id":"https:\/\/buddydive.com\/pt-br\/mergulho\/pre-requisitos\/#breadcrumb","itemListElement":[{"@type":"ListItem","position":1,"name":"Home","item":"https:\/\/buddydive.com\/pt-br\/inicio\/"},{"@type":"ListItem","position":2,"name":"Mergulho","item":"https:\/\/buddydive.com\/pt-br\/mergulho\/"},{"@type":"ListItem","position":3,"name":"Pr\u00e9-requisitos"}]},{"@type":"WebSite","@id":"https:\/\/buddydive.com\/pt-br\/#website","url":"https:\/\/buddydive.com\/pt-br\/","name":"Buddy Dive Bonaire","description":"My WordPress Blog","potentialAction":[{"@type":"SearchAction","target":{"@type":"EntryPoint","urlTemplate":"https:\/\/buddydive.com\/pt-br\/?s={search_term_string}"},"query-input":{"@type":"PropertyValueSpecification","valueRequired":true,"valueName":"search_term_string"}}],"inLanguage":"pt-BR"}]}},"_links":{"self":[{"href":"https:\/\/buddydive.com\/pt-br\/wp-json\/wp\/v2\/pages\/32282","targetHints":{"allow":["GET"]}}],"collection":[{"href":"https:\/\/buddydive.com\/pt-br\/wp-json\/wp\/v2\/pages"}],"about":[{"href":"https:\/\/buddydive.com\/pt-br\/wp-json\/wp\/v2\/types\/page"}],"author":[{"embeddable":true,"href":"https:\/\/buddydive.com\/pt-br\/wp-json\/wp\/v2\/users\/1"}],"replies":[{"embeddable":true,"href":"https:\/\/buddydive.com\/pt-br\/wp-json\/wp\/v2\/comments?post=32282"}],"version-history":[{"count":5,"href":"https:\/\/buddydive.com\/pt-br\/wp-json\/wp\/v2\/pages\/32282\/revisions"}],"predecessor-version":[{"id":34776,"href":"https:\/\/buddydive.com\/pt-br\/wp-json\/wp\/v2\/pages\/32282\/revisions\/34776"}],"up":[{"embeddable":true,"href":"https:\/\/buddydive.com\/pt-br\/wp-json\/wp\/v2\/pages\/31906"}],"wp:attachment":[{"href":"https:\/\/buddydive.com\/pt-br\/wp-json\/wp\/v2\/media?parent=32282"}],"curies":[{"name":"wp","href":"https:\/\/api.w.org\/{rel}","templated":true}]}}