{"id":31918,"date":"2025-06-11T13:42:09","date_gmt":"2025-06-11T13:42:09","guid":{"rendered":"https:\/\/buddydive.com\/mergulho\/mergulho-tecnico\/"},"modified":"2025-10-23T14:24:33","modified_gmt":"2025-10-23T14:24:33","slug":"mergulho-tecnico","status":"publish","type":"page","link":"https:\/\/buddydive.com\/pt-br\/mergulho\/mergulho-tecnico\/","title":{"rendered":"Mergulho t\u00e9cnico"},"content":{"rendered":"<div class=\"wpb-content-wrapper\">[vc_row][vc_column width=&#8221;3\/4&#8243;][vc_column_text css=&#8221;&#8221;]\n<h1 class=\"text-uppercase\"><small>Sua principal instala\u00e7\u00e3o de mergulho t\u00e9cnico no Caribe<\/small>Buddy Dive Tek<\/h1>\n<p>O Buddy Dive TeK inaugurou suas instala\u00e7\u00f5es em 2007, com a miss\u00e3o de fornecer suporte t\u00e9cnico e treinamento de qualidade para seus clientes e h\u00f3spedes no Buddy Dive e em Bonaire. Ao longo dos anos, o Buddy Dive TeK tornou-se a maior instala\u00e7\u00e3o de mergulho t\u00e9cnico no Caribe.<\/p>\n<p>A equipe do Buddy Dive TeK representa uma riqueza de conhecimento t\u00e9cnico e certifica\u00e7\u00f5es da GUE e PADI. Com um servi\u00e7o de suporte t\u00e9cnico totalmente operacional; aluguel extensivo de equipamentos e treinamento t\u00e9cnico at\u00e9 o n\u00edvel de instrutor, incluindo sidemount e trimix. O Buddy Dive TeK oferece tudo o que \u00e9 necess\u00e1rio.<\/p>\n<p>O esp\u00edrito incessante de aventura e curiosidade da entusi\u00e1stica comunidade de mergulho em todo o mundo continua impulsionando a ind\u00fastria do mergulho. \u00c9 nosso prazer garantir que n\u00f3s, no Buddy Dive, fornecemos o que h\u00e1 de mais recente em Mergulho T\u00e9cnico em um ambiente seguro e amig\u00e1vel.<\/p>\n<p><em>\u201cN\u00e3o consigo pensar em uma localiza\u00e7\u00e3o ou instala\u00e7\u00e3o de mergulho melhor para trazer meus alunos de mergulho t\u00e9cnico\u201d<br \/>\n<\/em>Carlos Pe\u00f1a Herrera \/ Instrutor de Mergulho T\u00e9cnico.[\/vc_column_text][\/vc_column][vc_column width=&#8221;1\/4&#8243;][vc_cta h2=&#8221;Entre em contato!&#8221; txt_align=&#8221;center&#8221; css=&#8221;&#8221;]\n<p style=\"text-align: center;\"><img loading=\"lazy\" decoding=\"async\" class=\"alignnone wp-image-34044 size-full\" src=\"https:\/\/buddydive.com\/wp-content\/uploads\/2025\/09\/Anouck-Tek-Diving-page.png\" alt=\"\" width=\"750\" height=\"750\" srcset=\"https:\/\/buddydive.com\/wp-content\/uploads\/2025\/09\/Anouck-Tek-Diving-page.png 750w, https:\/\/buddydive.com\/wp-content\/uploads\/2025\/09\/Anouck-Tek-Diving-page-300x300.png 300w, https:\/\/buddydive.com\/wp-content\/uploads\/2025\/09\/Anouck-Tek-Diving-page-150x150.png 150w\" sizes=\"auto, (max-width: 750px) 100vw, 750px\" \/><\/p>\n<p style=\"text-align: center;\">Anouck<br \/>\nCoordenadora de mergulho t\u00e9cnico<br \/>\n<a href=\"mailto:tekdiving@buddydive.com\" target=\"_blank\" rel=\"noopener noreferrer\">tekdiving@buddydive.com<\/a>[\/vc_cta][\/vc_column][\/vc_row][vc_row][vc_column][vc_column_text css=&#8221;&#8221;]\n<h3 class=\"text-uppercase\" style=\"text-align: center;\">Cursos de mergulho t\u00e9cnico<\/h3>\n<p>No Buddy Dive Tek oferecemos uma grande variedade de cursos de mergulho t\u00e9cnico. Sess\u00f5es de experimenta\u00e7\u00e3o para aqueles ainda n\u00e3o qualificados e cursos mais avan\u00e7ados para aqueles que desejam ampliar seus conhecimentos. Podemos oferecer programas GUE e PADI desde o n\u00edvel de estudante at\u00e9 o de instrutor. Os cursos podem ser ministrados em ingl\u00eas, holand\u00eas e alem\u00e3o.[\/vc_column_text][vc_btn title=&#8221;Ver cursos&#8221; align=&#8221;center&#8221; i_type=&#8221;openiconic&#8221; i_icon_openiconic=&#8221;vc-oi vc-oi-pin&#8221; css=&#8221;&#8221; add_icon=&#8221;true&#8221; link=&#8221;url:https%3A%2F%2Fbuddydive.com%2Fpt-br%2Fmergulho%2Fcursos-de-mergulho-e-precos%2F%23tec-diving-courses|target:_blank|&#8221;][vc_gallery images=&#8221;4003,4002,4001&#8243; img_size=&#8221;large&#8221; columns=&#8221;3&#8243;][\/vc_column][\/vc_row][vc_row][vc_column width=&#8221;1\/2&#8243;][vc_column_text]\n<h3 class=\"text-uppercase\">Compat\u00edvel com CCR<\/h3>\n<p>O Buddy Dive Tek \u00e9 uma instala\u00e7\u00e3o 100% compat\u00edvel com rebreathers. Nossa instala\u00e7\u00e3o possui um grande estoque de cilindros de rebreather de diferentes tamanhos, diferentes tipos de absorvente de CO2 dispon\u00edveis e fornece uma esta\u00e7\u00e3o de enchimento de \u00faltima gera\u00e7\u00e3o com 2 bombas de refor\u00e7o capazes de atingir enchimentos de alta press\u00e3o de Oxig\u00eanio e TRIMIX. Nossa instala\u00e7\u00e3o 100% compat\u00edvel com Rebreather tamb\u00e9m conta com equipe treinada em diferentes unidades de CCR como o JJ CCR, o X-CCR e o O2ptima CCR. Tudo isso est\u00e1 sempre em estoque![\/vc_column_text][vc_column_text]\n<h3 class=\"text-uppercase\">Mergulhando com um DPV<\/h3>\n<p>Gostaria de ver uma grande quantidade de territ\u00f3rio subaqu\u00e1tico em um curto espa\u00e7o de tempo? Deslize pela \u00e1gua sem precisar nadar com um Ve\u00edculo de Propuls\u00e3o para Mergulhadores. Seja fazendo um mergulho da costa ou mergulhando de um barco, os DPVs oferecem uma maneira emocionante de ver mais e se divertir ao faz\u00ea-lo. Os DPVs s\u00e3o especialmente \u00fateis durante o mergulho em naufr\u00e1gios, pois permitem que voc\u00ea explore mais do naufr\u00e1gio e reduza seu consumo de ar.[\/vc_column_text][vc_btn title=&#8221;Alugue um DPV&#8221; align=&#8221;center&#8221; i_type=&#8221;openiconic&#8221; i_icon_openiconic=&#8221;vc-oi vc-oi-cog&#8221; css=&#8221;&#8221; add_icon=&#8221;true&#8221; link=&#8221;url:http%3A%2F%2Fwww.buddydive.com%2Fdiving%2Fdive-courses|&#8221;][\/vc_column][vc_column width=&#8221;1\/2&#8243;][vc_column_text]\n<h3 class=\"text-uppercase\">Circuito aberto<\/h3>\n<p>Mergulhando com duplas ou Sidemount? Sem problema, podemos fornecer o equipamento necess\u00e1rio para estes estilos de mergulho; backplates com arn\u00eas, Wings, reguladores, carret\u00e9is, b\u00f3ias de marca\u00e7\u00e3o de superf\u00edcie (DSMB), e mais.[\/vc_column_text][vc_column_text]\n<h3 class=\"text-uppercase\">Esta\u00e7\u00e3o de mistura<\/h3>\n<p>Nossa esta\u00e7\u00e3o de mistura est\u00e1 localizada no Buddy Dive Drive Thru. Aqui podemos encher nossos tanques de mergulho t\u00e9cnico e preparar misturas personalizadas conforme o desejo de nossos h\u00f3spedes. Nossa equipe de mergulho t\u00e9cnico \u00e9 qualificada como misturadores de gases e TRIMIX pela PADI, mantendo assim os padr\u00f5es de seguran\u00e7a no mais alto n\u00edvel poss\u00edvel. Podemos fornecer todos os tipos de misturas de O2 e TRIMIX que voc\u00ea solicitar, bem como gases padr\u00e3o GUE; 21\/35 \u2013 18\/45 \u2013 15\/55.[\/vc_column_text][vc_column_text css=&#8221;&#8221;]\n<h3 class=\"text-uppercase\">Aluguel de equipamentos<\/h3>\n<p>No Buddy Dive Tek oferecemos uma grande variedade de equipamentos de mergulho t\u00e9cnico para aluguel, desde v\u00e1rios cilindros para mergulho sidemount, duplas e rebreathers at\u00e9 reguladores e equipamentos.[\/vc_column_text][vc_btn title=&#8221;Visualizar pre\u00e7os de aluguel&#8221; align=&#8221;center&#8221; i_type=&#8221;openiconic&#8221; i_icon_openiconic=&#8221;vc-oi vc-oi-clock&#8221; css=&#8221;&#8221; add_icon=&#8221;true&#8221; link=&#8221;url:https%3A%2F%2Fbuddydive.com%2Fpt-br%2Fmergulho%2Fcursos-de-mergulho-e-precos%2F|&#8221;][\/vc_column][\/vc_row][vc_row][vc_column width=&#8221;1\/2&#8243;][vc_column_text]\n<p style=\"text-align: center;\"><a href=\"http:\/\/www.buddydive.com\/events\/operation-ccr\"><img loading=\"lazy\" decoding=\"async\" class=\"aligncenter wp-image-10444 size-medium\" src=\"https:\/\/buddydive.com\/wp-content\/uploads\/2021\/04\/bdr_CCR_event_banner-300x200.jpg\" alt=\"\" width=\"300\" height=\"200\" srcset=\"https:\/\/buddydive.com\/wp-content\/uploads\/2021\/04\/bdr_CCR_event_banner-300x200.jpg 300w, https:\/\/buddydive.com\/wp-content\/uploads\/2021\/04\/bdr_CCR_event_banner-1024x683.jpg 1024w, https:\/\/buddydive.com\/wp-content\/uploads\/2021\/04\/bdr_CCR_event_banner-768x512.jpg 768w, https:\/\/buddydive.com\/wp-content\/uploads\/2021\/04\/bdr_CCR_event_banner-1536x1024.jpg 1536w, https:\/\/buddydive.com\/wp-content\/uploads\/2021\/04\/bdr_CCR_event_banner-2048x1365.jpg 2048w\" sizes=\"auto, (max-width: 300px) 100vw, 300px\" \/><\/a><\/p>\n[\/vc_column_text][\/vc_column][vc_column width=&#8221;1\/2&#8243;][vc_column_text css=&#8221;&#8221;]\n<p style=\"text-align: center;\"><a href=\"https:\/\/buddydive.com\/pt-br\/eventos\/bonaire-tek\/\"><img loading=\"lazy\" decoding=\"async\" class=\"alignnone size-medium wp-image-26856\" src=\"https:\/\/buddydive.com\/wp-content\/uploads\/2024\/06\/Tekengebied-1-300x200.png\" alt=\"\" width=\"300\" height=\"200\" srcset=\"https:\/\/buddydive.com\/wp-content\/uploads\/2024\/06\/Tekengebied-1-300x200.png 300w, https:\/\/buddydive.com\/wp-content\/uploads\/2024\/06\/Tekengebied-1.png 768w\" sizes=\"auto, (max-width: 300px) 100vw, 300px\" \/><\/a><\/p>\n[\/vc_column_text][\/vc_column][\/vc_row][vc_row][vc_column][vc_raw_js]JTNDc2NyaXB0JTIwdHlwZSUzRCUyMnRleHQlMkZqYXZhc2NyaXB0JTIyJTNFJTBBd2luZG93LlRyZW5nbyUyMCUzRCUyMHdpbmRvdy5UcmVuZ28lMjAlN0MlN0MlMjAlN0IlN0QlM0IlMEF3aW5kb3cuVHJlbmdvLmtleSUyMCUzRCUyMCUyN1E5SGI4dlBvS2VnRDFBSSUyNyUzQiUwQSUyOGZ1bmN0aW9uJTI4ZCUyQyUyMHNjcmlwdCUyQyUyMHQlMjklMjAlN0IlMEElMjAlMjAlMjAlMjBzY3JpcHQlMjAlM0QlMjBkLmNyZWF0ZUVsZW1lbnQlMjglMjdzY3JpcHQlMjclMjklM0IlMEElMjAlMjAlMjAlMjBzY3JpcHQudHlwZSUyMCUzRCUyMCUyN3RleHQlMkZqYXZhc2NyaXB0JTI3JTNCJTBBJTIwJTIwJTIwJTIwc2NyaXB0LmFzeW5jJTIwJTNEJTIwdHJ1ZSUzQiUwQSUyMCUyMCUyMCUyMHNjcmlwdC5zcmMlMjAlM0QlMjAlMjdodHRwcyUzQSUyRiUyRnN0YXRpYy53aWRnZXQudHJlbmdvLmV1JTJGZW1iZWQuanMlMjclM0IlMEElMjAlMjAlMjAlMjBkLmdldEVsZW1lbnRzQnlUYWdOYW1lJTI4JTI3aGVhZCUyNyUyOSU1QjAlNUQuYXBwZW5kQ2hpbGQlMjhzY3JpcHQlMjklM0IlMEElN0QlMjhkb2N1bWVudCUyOSUyOSUzQiUwQSUzQyUyRnNjcmlwdCUzRQ==[\/vc_raw_js][\/vc_column][\/vc_row]\n<\/div>","protected":false},"excerpt":{"rendered":"<p>[vc_row][vc_column width=&#8221;3\/4&#8243;][vc_column_text css=&#8221;&#8221;] Sua principal instala\u00e7\u00e3o de mergulho t\u00e9cnico no CaribeBuddy Dive Tek O Buddy Dive TeK inaugurou suas instala\u00e7\u00f5es [&hellip;]<\/p>\n","protected":false},"author":1,"featured_media":0,"parent":31906,"menu_order":0,"comment_status":"closed","ping_status":"closed","template":"","meta":{"footnotes":""},"class_list":["post-31918","page","type-page","status-publish","hentry"],"yoast_head":"<!-- This site is optimized with the Yoast SEO plugin v27.0 - https:\/\/yoast.com\/product\/yoast-seo-wordpress\/ -->\n<title>Mergulho t\u00e9cnico em Bonaire - Buddy Dive Resort Bonaire<\/title>\n<meta name=\"description\" content=\"Mergulho t\u00e9cnico em Bonaire: suporte, aluguel e treinamento at\u00e9 instrutor no Buddy Dive.\" \/>\n<meta name=\"robots\" content=\"index, follow, max-snippet:-1, max-image-preview:large, max-video-preview:-1\" \/>\n<link rel=\"canonical\" href=\"https:\/\/buddydive.com\/pt-br\/mergulho\/mergulho-tecnico\/\" \/>\n<meta property=\"og:locale\" content=\"pt_BR\" \/>\n<meta property=\"og:type\" content=\"article\" \/>\n<meta property=\"og:title\" content=\"Mergulho t\u00e9cnico em Bonaire - Buddy Dive Resort Bonaire\" \/>\n<meta property=\"og:description\" content=\"Mergulho t\u00e9cnico em Bonaire: suporte, aluguel e treinamento at\u00e9 instrutor no Buddy Dive.\" \/>\n<meta property=\"og:url\" content=\"https:\/\/buddydive.com\/pt-br\/mergulho\/mergulho-tecnico\/\" \/>\n<meta property=\"og:site_name\" content=\"Buddy Dive Bonaire\" \/>\n<meta property=\"article:publisher\" content=\"https:\/\/www.facebook.com\/buddydiveresort\" \/>\n<meta property=\"article:modified_time\" content=\"2025-10-23T14:24:33+00:00\" \/>\n<meta property=\"og:image\" content=\"https:\/\/buddydive.com\/wp-content\/uploads\/2025\/09\/Anouck-Tek-Diving-page.png\" \/>\n\t<meta property=\"og:image:width\" content=\"750\" \/>\n\t<meta property=\"og:image:height\" content=\"750\" \/>\n\t<meta property=\"og:image:type\" content=\"image\/png\" \/>\n<meta name=\"twitter:card\" content=\"summary_large_image\" \/>\n<meta name=\"twitter:site\" content=\"@buddydive\" \/>\n<meta name=\"twitter:label1\" content=\"Est. tempo de leitura\" \/>\n\t<meta name=\"twitter:data1\" content=\"4 minutos\" \/>\n<script type=\"application\/ld+json\" class=\"yoast-schema-graph\">{\"@context\":\"https:\/\/schema.org\",\"@graph\":[{\"@type\":\"WebPage\",\"@id\":\"https:\/\/buddydive.com\/pt-br\/mergulho\/mergulho-tecnico\/\",\"url\":\"https:\/\/buddydive.com\/pt-br\/mergulho\/mergulho-tecnico\/\",\"name\":\"Mergulho t\u00e9cnico em Bonaire - Buddy Dive Resort Bonaire\",\"isPartOf\":{\"@id\":\"https:\/\/buddydive.com\/pt-br\/#website\"},\"primaryImageOfPage\":{\"@id\":\"https:\/\/buddydive.com\/pt-br\/mergulho\/mergulho-tecnico\/#primaryimage\"},\"image\":{\"@id\":\"https:\/\/buddydive.com\/pt-br\/mergulho\/mergulho-tecnico\/#primaryimage\"},\"thumbnailUrl\":\"https:\/\/buddydive.com\/wp-content\/uploads\/2025\/09\/Anouck-Tek-Diving-page.png\",\"datePublished\":\"2025-06-11T13:42:09+00:00\",\"dateModified\":\"2025-10-23T14:24:33+00:00\",\"description\":\"Mergulho t\u00e9cnico em Bonaire: suporte, aluguel e treinamento at\u00e9 instrutor no Buddy Dive.\",\"breadcrumb\":{\"@id\":\"https:\/\/buddydive.com\/pt-br\/mergulho\/mergulho-tecnico\/#breadcrumb\"},\"inLanguage\":\"pt-BR\",\"potentialAction\":[{\"@type\":\"ReadAction\",\"target\":[\"https:\/\/buddydive.com\/pt-br\/mergulho\/mergulho-tecnico\/\"]}]},{\"@type\":\"ImageObject\",\"inLanguage\":\"pt-BR\",\"@id\":\"https:\/\/buddydive.com\/pt-br\/mergulho\/mergulho-tecnico\/#primaryimage\",\"url\":\"https:\/\/buddydive.com\/wp-content\/uploads\/2025\/09\/Anouck-Tek-Diving-page.png\",\"contentUrl\":\"https:\/\/buddydive.com\/wp-content\/uploads\/2025\/09\/Anouck-Tek-Diving-page.png\"},{\"@type\":\"BreadcrumbList\",\"@id\":\"https:\/\/buddydive.com\/pt-br\/mergulho\/mergulho-tecnico\/#breadcrumb\",\"itemListElement\":[{\"@type\":\"ListItem\",\"position\":1,\"name\":\"Home\",\"item\":\"https:\/\/buddydive.com\/pt-br\/inicio\/\"},{\"@type\":\"ListItem\",\"position\":2,\"name\":\"Mergulho\",\"item\":\"https:\/\/buddydive.com\/pt-br\/mergulho\/\"},{\"@type\":\"ListItem\",\"position\":3,\"name\":\"Mergulho t\u00e9cnico\"}]},{\"@type\":\"WebSite\",\"@id\":\"https:\/\/buddydive.com\/pt-br\/#website\",\"url\":\"https:\/\/buddydive.com\/pt-br\/\",\"name\":\"Buddy Dive Bonaire\",\"description\":\"My WordPress Blog\",\"potentialAction\":[{\"@type\":\"SearchAction\",\"target\":{\"@type\":\"EntryPoint\",\"urlTemplate\":\"https:\/\/buddydive.com\/pt-br\/?s={search_term_string}\"},\"query-input\":{\"@type\":\"PropertyValueSpecification\",\"valueRequired\":true,\"valueName\":\"search_term_string\"}}],\"inLanguage\":\"pt-BR\"}]}<\/script>\n<!-- \/ Yoast SEO plugin. -->","yoast_head_json":{"title":"Mergulho t\u00e9cnico em Bonaire - Buddy Dive Resort Bonaire","description":"Mergulho t\u00e9cnico em Bonaire: suporte, aluguel e treinamento at\u00e9 instrutor no Buddy Dive.","robots":{"index":"index","follow":"follow","max-snippet":"max-snippet:-1","max-image-preview":"max-image-preview:large","max-video-preview":"max-video-preview:-1"},"canonical":"https:\/\/buddydive.com\/pt-br\/mergulho\/mergulho-tecnico\/","og_locale":"pt_BR","og_type":"article","og_title":"Mergulho t\u00e9cnico em Bonaire - Buddy Dive Resort Bonaire","og_description":"Mergulho t\u00e9cnico em Bonaire: suporte, aluguel e treinamento at\u00e9 instrutor no Buddy Dive.","og_url":"https:\/\/buddydive.com\/pt-br\/mergulho\/mergulho-tecnico\/","og_site_name":"Buddy Dive Bonaire","article_publisher":"https:\/\/www.facebook.com\/buddydiveresort","article_modified_time":"2025-10-23T14:24:33+00:00","og_image":[{"width":750,"height":750,"url":"https:\/\/buddydive.com\/wp-content\/uploads\/2025\/09\/Anouck-Tek-Diving-page.png","type":"image\/png"}],"twitter_card":"summary_large_image","twitter_site":"@buddydive","twitter_misc":{"Est. tempo de leitura":"4 minutos"},"schema":{"@context":"https:\/\/schema.org","@graph":[{"@type":"WebPage","@id":"https:\/\/buddydive.com\/pt-br\/mergulho\/mergulho-tecnico\/","url":"https:\/\/buddydive.com\/pt-br\/mergulho\/mergulho-tecnico\/","name":"Mergulho t\u00e9cnico em Bonaire - Buddy Dive Resort Bonaire","isPartOf":{"@id":"https:\/\/buddydive.com\/pt-br\/#website"},"primaryImageOfPage":{"@id":"https:\/\/buddydive.com\/pt-br\/mergulho\/mergulho-tecnico\/#primaryimage"},"image":{"@id":"https:\/\/buddydive.com\/pt-br\/mergulho\/mergulho-tecnico\/#primaryimage"},"thumbnailUrl":"https:\/\/buddydive.com\/wp-content\/uploads\/2025\/09\/Anouck-Tek-Diving-page.png","datePublished":"2025-06-11T13:42:09+00:00","dateModified":"2025-10-23T14:24:33+00:00","description":"Mergulho t\u00e9cnico em Bonaire: suporte, aluguel e treinamento at\u00e9 instrutor no Buddy Dive.","breadcrumb":{"@id":"https:\/\/buddydive.com\/pt-br\/mergulho\/mergulho-tecnico\/#breadcrumb"},"inLanguage":"pt-BR","potentialAction":[{"@type":"ReadAction","target":["https:\/\/buddydive.com\/pt-br\/mergulho\/mergulho-tecnico\/"]}]},{"@type":"ImageObject","inLanguage":"pt-BR","@id":"https:\/\/buddydive.com\/pt-br\/mergulho\/mergulho-tecnico\/#primaryimage","url":"https:\/\/buddydive.com\/wp-content\/uploads\/2025\/09\/Anouck-Tek-Diving-page.png","contentUrl":"https:\/\/buddydive.com\/wp-content\/uploads\/2025\/09\/Anouck-Tek-Diving-page.png"},{"@type":"BreadcrumbList","@id":"https:\/\/buddydive.com\/pt-br\/mergulho\/mergulho-tecnico\/#breadcrumb","itemListElement":[{"@type":"ListItem","position":1,"name":"Home","item":"https:\/\/buddydive.com\/pt-br\/inicio\/"},{"@type":"ListItem","position":2,"name":"Mergulho","item":"https:\/\/buddydive.com\/pt-br\/mergulho\/"},{"@type":"ListItem","position":3,"name":"Mergulho t\u00e9cnico"}]},{"@type":"WebSite","@id":"https:\/\/buddydive.com\/pt-br\/#website","url":"https:\/\/buddydive.com\/pt-br\/","name":"Buddy Dive Bonaire","description":"My WordPress Blog","potentialAction":[{"@type":"SearchAction","target":{"@type":"EntryPoint","urlTemplate":"https:\/\/buddydive.com\/pt-br\/?s={search_term_string}"},"query-input":{"@type":"PropertyValueSpecification","valueRequired":true,"valueName":"search_term_string"}}],"inLanguage":"pt-BR"}]}},"_links":{"self":[{"href":"https:\/\/buddydive.com\/pt-br\/wp-json\/wp\/v2\/pages\/31918","targetHints":{"allow":["GET"]}}],"collection":[{"href":"https:\/\/buddydive.com\/pt-br\/wp-json\/wp\/v2\/pages"}],"about":[{"href":"https:\/\/buddydive.com\/pt-br\/wp-json\/wp\/v2\/types\/page"}],"author":[{"embeddable":true,"href":"https:\/\/buddydive.com\/pt-br\/wp-json\/wp\/v2\/users\/1"}],"replies":[{"embeddable":true,"href":"https:\/\/buddydive.com\/pt-br\/wp-json\/wp\/v2\/comments?post=31918"}],"version-history":[{"count":4,"href":"https:\/\/buddydive.com\/pt-br\/wp-json\/wp\/v2\/pages\/31918\/revisions"}],"predecessor-version":[{"id":34775,"href":"https:\/\/buddydive.com\/pt-br\/wp-json\/wp\/v2\/pages\/31918\/revisions\/34775"}],"up":[{"embeddable":true,"href":"https:\/\/buddydive.com\/pt-br\/wp-json\/wp\/v2\/pages\/31906"}],"wp:attachment":[{"href":"https:\/\/buddydive.com\/pt-br\/wp-json\/wp\/v2\/media?parent=31918"}],"curies":[{"name":"wp","href":"https:\/\/api.w.org\/{rel}","templated":true}]}}