{"id":31906,"date":"2025-06-11T13:42:06","date_gmt":"2025-06-11T13:42:06","guid":{"rendered":"https:\/\/buddydive.com\/mergulho\/"},"modified":"2026-02-06T08:51:57","modified_gmt":"2026-02-06T08:51:57","slug":"mergulho","status":"publish","type":"page","link":"https:\/\/buddydive.com\/pt-br\/mergulho\/","title":{"rendered":"Mergulho"},"content":{"rendered":"<div class=\"wpb-content-wrapper\">[vc_row][vc_column][vc_column_text css=&#8221;&#8221;]\n<h1 class=\"text-uppercase\" style=\"text-align: center;\"><small>Mergulho com<\/small> Buddy Dive<\/h1>\n<p>Bonaire, com seu recife pr\u00f3ximo \u00e0 costa, cerca de 80 pontos de mergulho oficiais, \u00e1guas calmas e boa visibilidade, tem algo a oferecer para cada mergulhador. No Buddy Dive, nossos barcos de mergulho personalizados convidam voc\u00ea a explorar a bela vida marinha durante um mergulho guiado ou a aproveitar a conveni\u00eancia do nosso exclusivo Drive-Thru para explorar o mundo subaqu\u00e1tico da ilha no seu pr\u00f3prio ritmo. <\/p>\n<h3>Algo para cada mergulhador no Buddy Dive Resort de Van der Valk<\/h3>\n<p>Com at\u00e9 60 pontos de mergulho oficialmente listados em Bonaire e outros 20 pontos de mergulho em Klein Bonaire, a opera\u00e7\u00e3o de mergulho no Buddy Dive Resort Bonaire de Van der Valk est\u00e1 preparada para que voc\u00ea aproveite ao m\u00e1ximo suas f\u00e9rias de mergulho. Com uma frota de barcos de mergulho personalizados e um &#8216;Drive Thru&#8217; bem abastecido, oferecendo tanques de ar e nitrox, todas as necessidades do mergulhador podem ser satisfeitas.<br \/>Para nos ajudar a manter o nosso ambiente de recife saud\u00e1vel por muitos anos, incentivamos todos os mergulhadores que viajam para Bonaire a se familiarizarem com os <a href=\"https:\/\/stinapabonaire.org\/bonaire-national\/rules-and-regulations-video\/\" target=\"_blank\" rel=\"noopener noreferrer\"> <u>Regulamentos do Parque Marinho<\/u><\/a> antes da sua visita. <\/p>\n<p>Todos os n\u00edveis de mergulhadores podem desfrutar da liberdade do nosso pacote de mergulho ilimitado na costa, fazendo quantos mergulhos quiserem a cada dia, de acordo com os seus pr\u00f3prios perfis de seguran\u00e7a. H\u00e1 muitos tanques de ar e Nitrox de 80 e 63 p\u00e9s c\u00fabicos dispon\u00edveis no Drive-Thru ou no cais, onde h\u00e1 bancos convenientes para a montagem do equipamento e duas escadas resistentes que fornecem f\u00e1cil acesso \u00e0 \u00e1gua. Os tanques de enx\u00e1gue est\u00e3o localizados no Drive-Thru, bem como nos cais, onde h\u00e1 uma extensa sala de armazenamento de equipamentos. Isso simplesmente torna o mergulho no Buddy&#8217;s f\u00e1cil e agrad\u00e1vel.<br \/>Voc\u00ea pode se juntar \u00e0 nossa equipe de mergulho experiente e amig\u00e1vel em nossos mergulhos de barco matinais e vespertinos. Todos os dias do ano, nossos barcos de mergulho personalizados saem para explorar os muitos pontos de mergulho na ilha vizinha de Klein Bonaire, a uma curta viagem de barco de 10 minutos, ou para outros pontos de mergulho espetaculares n\u00e3o acess\u00edveis da costa. At\u00e9 mesmo Klein Bonaire \u00e9 visitada \u00e0 noite em um mergulho noturno regular de barco.[\/vc_column_text][vc_gallery images=&#8221;31910,31913,31912&#8243; img_size=&#8221;large&#8221; columns=&#8221;3&#8243;][vc_column_text css=&#8221;&#8221;]O Buddy&#8217;s \u00e9 membro da DAN, bem como um Centro de Desenvolvimento de Carreira PADI e Centro de Refer\u00eancia Universal. A designa\u00e7\u00e3o de Refer\u00eancia Universal permite que os instrutores do Buddy Dive ofere\u00e7am cursos de conclus\u00e3o de Open Water para alunos da SSI e NAUI, bem como uma s\u00e9rie de outras organiza\u00e7\u00f5es de treinamento. Na verdade, ao mergulhar no Buddy Dive, oferecemos todos os n\u00edveis de instru\u00e7\u00e3o imagin\u00e1veis, conduzidos em v\u00e1rios idiomas. Al\u00e9m de todas as especialidades PADI padr\u00e3o, tamb\u00e9m oferecemos a voc\u00ea a chance de se tornar um mergulhador certificado em ar enriquecido ou at\u00e9 mesmo experimentar um Re-breather!   <br \/>Como um centro de mergulho de servi\u00e7o completo, tamb\u00e9m temos um invent\u00e1rio completo de equipamentos de aluguel dispon\u00edveis. Nossos tanques usam conex\u00f5es de garrafa, mas temos adaptadores DIN dispon\u00edveis para aluguel, se voc\u00ea precisar de um. Os h\u00f3spedes do Buddy Dive que preferem comprar em vez de alugar ir\u00e3o gostar de fazer compras em nossa loja de varejo bem abastecida. A loja no local oferece uma ampla gama de equipamentos e acess\u00f3rios de mergulho e snorkel, bem como camisetas, sand\u00e1lias, bon\u00e9s, luzes de mergulho e lembran\u00e7as em abund\u00e2ncia!   <br \/>Mas de todos os recursos que temos, \u00e9 sem d\u00favida a nossa incr\u00edvel equipe de mergulho que faz a diferen\u00e7a de mergulhar no Buddy Dive. Eles s\u00e3o conhecidos por se esfor\u00e7arem para tornar cada mergulho uma experi\u00eancia segura e agrad\u00e1vel que voc\u00ea n\u00e3o esquecer\u00e1. \u00c9 este servi\u00e7o amig\u00e1vel e pessoal que se tornou uma marca registrada do Buddy Dive Resort Bonaire de Van der Valk.[\/vc_column_text][vc_column_text]\n<h3 style=\"text-align: center;\">Instala\u00e7\u00f5es de mergulho do Buddy&#8217;s<\/h3>\n<p style=\"text-align: center;\">Drive-Thru de ar e Nitrox de 2 pistas<br \/>6 barcos de mergulho<br \/>Centro de suporte de mergulho Tec<br \/>Equipamento de aluguel<br \/>Loja de varejo<br \/>2 salas de aula<br \/>Academia de mergulho Buddy[\/vc_column_text][vc_gallery images=&#8221;31914,31909,31911&#8243; img_size=&#8221;large&#8221; columns=&#8221;3&#8243;][\/vc_column][\/vc_row][vc_row][vc_column][\/vc_column][\/vc_row]\n<\/div>","protected":false},"excerpt":{"rendered":"<p>[vc_row][vc_column][vc_column_text css=&#8221;&#8221;] Mergulho com Buddy Dive Bonaire, com seu recife pr\u00f3ximo \u00e0 costa, cerca de 80 pontos de mergulho oficiais, [&hellip;]<\/p>\n","protected":false},"author":1,"featured_media":0,"parent":0,"menu_order":0,"comment_status":"closed","ping_status":"closed","template":"page-templates\/page-left.php","meta":{"footnotes":""},"class_list":["post-31906","page","type-page","status-publish","hentry"],"yoast_head":"<!-- This site is optimized with the Yoast SEO plugin v27.4 - https:\/\/yoast.com\/product\/yoast-seo-wordpress\/ -->\n<title>Mergulho em Bonaire \u2013 Resort Buddy Dive<\/title>\n<meta name=\"description\" content=\"O Buddy&#039;s torna o seu mergulho em Bonaire o mais f\u00e1cil e conveniente poss\u00edvel. Oferecemos um centro de mergulho totalmente equipado, servi\u00e7o drive-thru de ar e Nitrox e uma frota de aluguel de carros.\" \/>\n<meta name=\"robots\" content=\"index, follow, max-snippet:-1, max-image-preview:large, max-video-preview:-1\" \/>\n<link rel=\"canonical\" href=\"https:\/\/buddydive.com\/pt-br\/mergulho\/\" \/>\n<meta property=\"og:locale\" content=\"pt_BR\" \/>\n<meta property=\"og:type\" content=\"article\" \/>\n<meta property=\"og:title\" content=\"Mergulho em Bonaire \u2013 Resort Buddy Dive\" \/>\n<meta property=\"og:description\" content=\"O Buddy&#039;s torna o seu mergulho em Bonaire o mais f\u00e1cil e conveniente poss\u00edvel. Oferecemos um centro de mergulho totalmente equipado, servi\u00e7o drive-thru de ar e Nitrox e uma frota de aluguel de carros.\" \/>\n<meta property=\"og:url\" content=\"https:\/\/buddydive.com\/pt-br\/mergulho\/\" \/>\n<meta property=\"og:site_name\" content=\"Buddy Dive Bonaire\" \/>\n<meta property=\"article:publisher\" content=\"https:\/\/www.facebook.com\/buddydiveresort\" \/>\n<meta property=\"article:modified_time\" content=\"2026-02-06T08:51:57+00:00\" \/>\n<meta name=\"twitter:card\" content=\"summary_large_image\" \/>\n<meta name=\"twitter:site\" content=\"@buddydive\" \/>\n<meta name=\"twitter:label1\" content=\"Est. tempo de leitura\" \/>\n\t<meta name=\"twitter:data1\" content=\"3 minutos\" \/>\n<script type=\"application\/ld+json\" class=\"yoast-schema-graph\">{\"@context\":\"https:\\\/\\\/schema.org\",\"@graph\":[{\"@type\":\"WebPage\",\"@id\":\"https:\\\/\\\/buddydive.com\\\/pt-br\\\/mergulho\\\/\",\"url\":\"https:\\\/\\\/buddydive.com\\\/pt-br\\\/mergulho\\\/\",\"name\":\"Mergulho em Bonaire \u2013 Resort Buddy Dive\",\"isPartOf\":{\"@id\":\"https:\\\/\\\/buddydive.com\\\/pt-br\\\/#website\"},\"datePublished\":\"2025-06-11T13:42:06+00:00\",\"dateModified\":\"2026-02-06T08:51:57+00:00\",\"description\":\"O Buddy's torna o seu mergulho em Bonaire o mais f\u00e1cil e conveniente poss\u00edvel. Oferecemos um centro de mergulho totalmente equipado, servi\u00e7o drive-thru de ar e Nitrox e uma frota de aluguel de carros.\",\"breadcrumb\":{\"@id\":\"https:\\\/\\\/buddydive.com\\\/pt-br\\\/mergulho\\\/#breadcrumb\"},\"inLanguage\":\"pt-BR\",\"potentialAction\":[{\"@type\":\"ReadAction\",\"target\":[\"https:\\\/\\\/buddydive.com\\\/pt-br\\\/mergulho\\\/\"]}]},{\"@type\":\"BreadcrumbList\",\"@id\":\"https:\\\/\\\/buddydive.com\\\/pt-br\\\/mergulho\\\/#breadcrumb\",\"itemListElement\":[{\"@type\":\"ListItem\",\"position\":1,\"name\":\"Home\",\"item\":\"https:\\\/\\\/buddydive.com\\\/pt-br\\\/inicio\\\/\"},{\"@type\":\"ListItem\",\"position\":2,\"name\":\"Mergulho\"}]},{\"@type\":\"WebSite\",\"@id\":\"https:\\\/\\\/buddydive.com\\\/pt-br\\\/#website\",\"url\":\"https:\\\/\\\/buddydive.com\\\/pt-br\\\/\",\"name\":\"Buddy Dive Bonaire\",\"description\":\"My WordPress Blog\",\"potentialAction\":[{\"@type\":\"SearchAction\",\"target\":{\"@type\":\"EntryPoint\",\"urlTemplate\":\"https:\\\/\\\/buddydive.com\\\/pt-br\\\/?s={search_term_string}\"},\"query-input\":{\"@type\":\"PropertyValueSpecification\",\"valueRequired\":true,\"valueName\":\"search_term_string\"}}],\"inLanguage\":\"pt-BR\"}]}<\/script>\n<!-- \/ Yoast SEO plugin. -->","yoast_head_json":{"title":"Mergulho em Bonaire \u2013 Resort Buddy Dive","description":"O Buddy's torna o seu mergulho em Bonaire o mais f\u00e1cil e conveniente poss\u00edvel. Oferecemos um centro de mergulho totalmente equipado, servi\u00e7o drive-thru de ar e Nitrox e uma frota de aluguel de carros.","robots":{"index":"index","follow":"follow","max-snippet":"max-snippet:-1","max-image-preview":"max-image-preview:large","max-video-preview":"max-video-preview:-1"},"canonical":"https:\/\/buddydive.com\/pt-br\/mergulho\/","og_locale":"pt_BR","og_type":"article","og_title":"Mergulho em Bonaire \u2013 Resort Buddy Dive","og_description":"O Buddy's torna o seu mergulho em Bonaire o mais f\u00e1cil e conveniente poss\u00edvel. Oferecemos um centro de mergulho totalmente equipado, servi\u00e7o drive-thru de ar e Nitrox e uma frota de aluguel de carros.","og_url":"https:\/\/buddydive.com\/pt-br\/mergulho\/","og_site_name":"Buddy Dive Bonaire","article_publisher":"https:\/\/www.facebook.com\/buddydiveresort","article_modified_time":"2026-02-06T08:51:57+00:00","twitter_card":"summary_large_image","twitter_site":"@buddydive","twitter_misc":{"Est. tempo de leitura":"3 minutos"},"schema":{"@context":"https:\/\/schema.org","@graph":[{"@type":"WebPage","@id":"https:\/\/buddydive.com\/pt-br\/mergulho\/","url":"https:\/\/buddydive.com\/pt-br\/mergulho\/","name":"Mergulho em Bonaire \u2013 Resort Buddy Dive","isPartOf":{"@id":"https:\/\/buddydive.com\/pt-br\/#website"},"datePublished":"2025-06-11T13:42:06+00:00","dateModified":"2026-02-06T08:51:57+00:00","description":"O Buddy's torna o seu mergulho em Bonaire o mais f\u00e1cil e conveniente poss\u00edvel. Oferecemos um centro de mergulho totalmente equipado, servi\u00e7o drive-thru de ar e Nitrox e uma frota de aluguel de carros.","breadcrumb":{"@id":"https:\/\/buddydive.com\/pt-br\/mergulho\/#breadcrumb"},"inLanguage":"pt-BR","potentialAction":[{"@type":"ReadAction","target":["https:\/\/buddydive.com\/pt-br\/mergulho\/"]}]},{"@type":"BreadcrumbList","@id":"https:\/\/buddydive.com\/pt-br\/mergulho\/#breadcrumb","itemListElement":[{"@type":"ListItem","position":1,"name":"Home","item":"https:\/\/buddydive.com\/pt-br\/inicio\/"},{"@type":"ListItem","position":2,"name":"Mergulho"}]},{"@type":"WebSite","@id":"https:\/\/buddydive.com\/pt-br\/#website","url":"https:\/\/buddydive.com\/pt-br\/","name":"Buddy Dive Bonaire","description":"My WordPress Blog","potentialAction":[{"@type":"SearchAction","target":{"@type":"EntryPoint","urlTemplate":"https:\/\/buddydive.com\/pt-br\/?s={search_term_string}"},"query-input":{"@type":"PropertyValueSpecification","valueRequired":true,"valueName":"search_term_string"}}],"inLanguage":"pt-BR"}]}},"_links":{"self":[{"href":"https:\/\/buddydive.com\/pt-br\/wp-json\/wp\/v2\/pages\/31906","targetHints":{"allow":["GET"]}}],"collection":[{"href":"https:\/\/buddydive.com\/pt-br\/wp-json\/wp\/v2\/pages"}],"about":[{"href":"https:\/\/buddydive.com\/pt-br\/wp-json\/wp\/v2\/types\/page"}],"author":[{"embeddable":true,"href":"https:\/\/buddydive.com\/pt-br\/wp-json\/wp\/v2\/users\/1"}],"replies":[{"embeddable":true,"href":"https:\/\/buddydive.com\/pt-br\/wp-json\/wp\/v2\/comments?post=31906"}],"version-history":[{"count":12,"href":"https:\/\/buddydive.com\/pt-br\/wp-json\/wp\/v2\/pages\/31906\/revisions"}],"predecessor-version":[{"id":36675,"href":"https:\/\/buddydive.com\/pt-br\/wp-json\/wp\/v2\/pages\/31906\/revisions\/36675"}],"wp:attachment":[{"href":"https:\/\/buddydive.com\/pt-br\/wp-json\/wp\/v2\/media?parent=31906"}],"curies":[{"name":"wp","href":"https:\/\/api.w.org\/{rel}","templated":true}]}}