{"id":31786,"date":"2025-06-11T13:40:32","date_gmt":"2025-06-11T13:40:32","guid":{"rendered":"https:\/\/buddydive.com\/eventos\/bonaire-tek\/"},"modified":"2025-07-10T13:52:13","modified_gmt":"2025-07-10T13:52:13","slug":"bonaire-tek","status":"publish","type":"page","link":"https:\/\/buddydive.com\/pt-br\/eventos\/bonaire-tek\/","title":{"rendered":"Bonaire TeK"},"content":{"rendered":"<div class=\"wpb-content-wrapper\">[vc_row][vc_column width=&#8221;3\/4&#8243;][vc_column_text css=&#8221;&#8221;]\n<h1 class=\"text-uppercase\" style=\"text-align: center;\"><small>Imerja-se no mundo do<\/small> mergulho t\u00e9cnico<\/h1>\n<h3>BonaireTeK<\/h3>\n<p><em>27 de setembro &#8211; 3 de outubro de 2025<br \/>\n<span style=\"font-size: 1.4rem;\">26 de setembro &#8211; 2 de outubro de 2026<\/span><\/em><\/p>\n<p>Anualmente, o Buddy Dive Resort une-se ao Buddy Dive Tek para o mais significativo evento de mergulho t\u00e9cnico no Caribe. O BonaireTeK no Buddy Dive \u00e9 uma semana empolgante de demonstra\u00e7\u00f5es, apresenta\u00e7\u00f5es e treinamentos de mergulho t\u00e9cnico! Durante O evento para mergulhadores t\u00e9cnicos, oferecemos demonstra\u00e7\u00f5es e testes com os mais recentes equipamentos, apresenta\u00e7\u00f5es de renomados nomes da ind\u00fastria e diversos mergulhos t\u00e9cnicos. Este ano, o Buddy Dive orgulhosamente recebe os patrocinadores do evento <a href=\"https:\/\/www.diverite.com\/\">Dive Rite<\/a>, <a href=\"https:\/\/dan.org\/\">DAN<\/a>, <a href=\"https:\/\/silentdiving.com\/\">Silent Diving<\/a>, <a href=\"https:\/\/scubatron.com\/\">Scubatron<\/a>, <a href=\"https:\/\/shearwater.com\/\">Shearwater<\/a> e <a href=\"https:\/\/www.fathomdive.com\/\">Fathomdive<\/a>. A programa\u00e7\u00e3o de 2025 ser\u00e1 anunciada em breve!<\/p>\n<p>Prosperamos ao reunir mergulhadores t\u00e9cnicos de todo o mundo, criando uma comunidade e iniciando novas parcerias. Os participantes do Bonaire Tek experienciar\u00e3o fant\u00e1sticos mergulhos profundos, como um mergulho no naufr\u00e1gio profundo do \u201cThe Windjammer\u201d.<\/p>\n<p style=\"text-align: left;\">Voc\u00ea \u00e9 um mergulhador t\u00e9cnico experiente, est\u00e1 apenas iniciando sua jornada como mergulhador t\u00e9cnico? Ou ainda n\u00e3o possui experi\u00eancia t\u00e9cnica e deseja aprender tudo sobre mergulho t\u00e9cnico para obter o m\u00e1ximo de seus mergulhos e criar uma nova paix\u00e3o? Junte-se aos Seus Buddies\u2122 em Bonaire para o BonaireTeK!<\/p>\n[\/vc_column_text][\/vc_column][vc_column width=&#8221;1\/4&#8243;][vc_cta h2=&#8221;Entre em contato!&#8221; txt_align=&#8221;center&#8221;]\n<p style=\"text-align: center;\"><img loading=\"lazy\" decoding=\"async\" class=\"alignnone wp-image-20068 size-medium\" src=\"https:\/\/buddydive.com\/wp-content\/uploads\/2023\/01\/Anouck-1-300x300.png\" alt=\"\" width=\"300\" height=\"300\" srcset=\"https:\/\/buddydive.com\/wp-content\/uploads\/2023\/01\/Anouck-1-300x300.png 300w, https:\/\/buddydive.com\/wp-content\/uploads\/2023\/01\/Anouck-1-1024x1024.png 1024w, https:\/\/buddydive.com\/wp-content\/uploads\/2023\/01\/Anouck-1-150x150.png 150w, https:\/\/buddydive.com\/wp-content\/uploads\/2023\/01\/Anouck-1-768x768.png 768w, https:\/\/buddydive.com\/wp-content\/uploads\/2023\/01\/Anouck-1-1536x1536.png 1536w, https:\/\/buddydive.com\/wp-content\/uploads\/2023\/01\/Anouck-1-2048x2048.png 2048w\" sizes=\"auto, (max-width: 300px) 100vw, 300px\" \/>Anouck<br \/>\nCoordenadora de mergulho t\u00e9cnico<br \/>\n<a href=\"mailto:tekdiving@buddydive.com\" target=\"_blank\" rel=\"noopener noreferrer\">tekdiving@buddydive.com<\/a>[\/vc_cta][\/vc_column][\/vc_row][vc_row][vc_column width=&#8221;1\/2&#8243;][vc_btn title=&#8221;Pacotes TeK&#8221; size=&#8221;lg&#8221; align=&#8221;center&#8221; css=&#8221;&#8221; button_block=&#8221;true&#8221; link=&#8221;url:https%3A%2F%2Fbuddydive.com%2Fwp-content%2Fuploads%2F2025%2F02%2FBuddy-Dive-TeK-Packages-1.pdf|target:_blank|&#8221;][\/vc_column][vc_column width=&#8221;1\/2&#8243;][vc_btn title=&#8221;Programa\u00e7\u00e3o do Bonaire TeK 2025 &#8211; A SER ANUNCIADA EM BREVE&#8221; size=&#8221;lg&#8221; align=&#8221;center&#8221; i_icon_fontawesome=&#8221;&#8221; css=&#8221;&#8221; button_block=&#8221;true&#8221; add_icon=&#8221;true&#8221;][\/vc_column][\/vc_row][vc_row][vc_column][vc_gallery images=&#8221;26774,26777,26780,26783,26786,26789,26793,26796,29559&#8243; img_size=&#8221;large&#8221; css=&#8221;&#8221; columns=&#8221;5&#8243;][vc_empty_space][vc_separator][vc_video link=&#8221;https:\/\/youtu.be\/H9y4vG3p86c&#8221; css=&#8221;&#8221; title=&#8221;Bonaire TeK 2024&#8243;][\/vc_column][\/vc_row][vc_row][vc_column][vc_column_text css=&#8221;&#8221;]\n<h2 class=\"text-uppercase\" style=\"text-align: center;\">Convidados especiais do BonaireTeK 2025<\/h2>\n[\/vc_column_text][\/vc_column][\/vc_row][vc_row][vc_column width=&#8221;1\/4&#8243;][vc_single_image image=&#8221;27153&#8243; img_size=&#8221;medium&#8221; css=&#8221;&#8221;][\/vc_column][vc_column width=&#8221;3\/4&#8243;][vc_column_text css=&#8221;&#8221;]\n<h4 class=\"x_MsoNormal\"><span lang=\"EN-US\">Emmanuel Dugrenot &#8211; Pesquisador S\u00eanior<br \/>\n<a href=\"https:\/\/dan.org\/\"><em>DAN<\/em><\/a><\/span><\/h4>\n<p>Ap\u00f3s concluir um mestrado em biologia molecular, o Dr. Dugrenot trabalhou como instrutor de mergulho, especializando-se em mergulho t\u00e9cnico e com rebreather, obtendo certifica\u00e7\u00e3o de instrutor-treinador. Nessa \u00e9poca, ele tamb\u00e9m criou e administrou uma empresa para desenvolver procedimentos aprimorados de descompress\u00e3o, trabalhando com engenheiros, matem\u00e1ticos e bi\u00f3logos. Depois de trabalhar em tempo integral na ind\u00fastria de mergulho por alguns anos, o Dr. Dugrenot concluiu um doutorado em Fisiologia na Universidade da Bretanha Ocidental (Fran\u00e7a) sobre resist\u00eancia gen\u00e9tica \u00e0 doen\u00e7a descompressiva. Foi natural que ele se juntasse \u00e0 DAN em novembro de 2022 para continuar trabalhando na seguran\u00e7a dos mergulhadores. O Dr. Dugrenot tamb\u00e9m \u00e9 pesquisador visitante no Departamento de Engenharia Biom\u00e9dica da Universidade da Carolina do Norte em Chapel Hill e no laborat\u00f3rio ORPHY da Universidade da Bretanha Ocidental.[\/vc_column_text][\/vc_column][\/vc_row][vc_row][vc_column width=&#8221;1\/4&#8243;][vc_single_image image=&#8221;27183&#8243; img_size=&#8221;medium&#8221; alignment=&#8221;center&#8221; css=&#8221;&#8221;][\/vc_column][vc_column width=&#8221;3\/4&#8243;][vc_column_text css=&#8221;&#8221;]\n<h4>Justin Judd<br \/>\n<span lang=\"EN-US\"><em><a href=\"https:\/\/www.diverite.com\/\">Dive Rite<\/a><\/em><strong><br \/>\n<\/strong><\/span><span lang=\"EN-US\"><em><br \/>\n<\/em><\/span><\/h4>\n<p>Justin come\u00e7ou a mergulhar aos 10 anos no sul da Calif\u00f3rnia e ficou instantaneamente viciado. Crescendo, ele adorava descobrir a hist\u00f3ria por tr\u00e1s dos naufr\u00e1gios que estava mergulhando, o que lhe deu a ideia de seguir o mergulho como carreira em tempo integral. \u00c0 medida que crescia, ele percebeu todos os lugares incr\u00edveis que poderia visitar e as pessoas que conheceria. Ele se dedicou totalmente \u00e0 sua ideia e se mudou para o norte da Fl\u00f3rida em 2021 para trabalhar na Dive Rite. Seu mergulho favorito atualmente \u00e9 o HMHS Britannic. Justin \u00e9 um instrutor ativo de rebreather e est\u00e1 atualmente trabalhando em sua classifica\u00e7\u00e3o de instrutor aprendiz NSS-CDS.[\/vc_column_text][\/vc_column][\/vc_row][vc_row][vc_column width=&#8221;1\/4&#8243;][vc_single_image image=&#8221;25490&#8243; img_size=&#8221;medium&#8221; alignment=&#8221;center&#8221; css=&#8221;&#8221;][\/vc_column][vc_column width=&#8221;3\/4&#8243;][vc_column_text css=&#8221;&#8221;]\n<h4 class=\"x_MsoNormal\"><span lang=\"EN-US\"><strong><a href=\"https:\/\/silentdiving.com\/\">Silent Diving<\/a><br \/>\n<\/strong><\/span><span lang=\"EN-US\"><em><br \/>\n<\/em><\/span><\/h4>\n<p>O Buddy Dive Resort tem o orgulho de adicionar a Silent Diving \u00e0 nossa lista de patrocinadores. A Silent Diving se juntar\u00e1 ao Bonaire TeK e \u00e0 Operation CCR 2024 para compartilhar seus mais de 20 anos de experi\u00eancia com os participantes da Operation CCR! A Silent Diving tem sido distribuidora de rebreathers e produtos da AP Diving! Eles s\u00e3o os distribuidores dos rebreathers de circuito fechado Inspiration, Evolution e todas as unidades da Ambient Pressure Diving LTD. A equipe da Silent Diving traz atendimento ao cliente de classe mundial e uma paix\u00e3o profundamente arraigada por ajudar a criar as experi\u00eancias de mergulho mais inovadoras e revolucion\u00e1rias imagin\u00e1veis.[\/vc_column_text][\/vc_column][\/vc_row][vc_row][vc_column width=&#8221;1\/4&#8243;][vc_single_image image=&#8221;30421&#8243; img_size=&#8221;large&#8221; css=&#8221;&#8221;][\/vc_column][vc_column width=&#8221;3\/4&#8243;][vc_column_text css=&#8221;&#8221;]\n<h4>Gregory Borodiansky<br \/>\n<a href=\"https:\/\/scubatron.com\/\">Scubatron<\/a><\/h4>\n<p>Fundou a Scubatron em agosto de 2013 como um neg\u00f3cio orientado para treinamento de mergulho TEC. Gregory \u00e9 qualificado como IANTD IT, Instrutor de G\u00e1s Misto TEC\/REC OC e CCR, mergulhador de caverna e fot\u00f3grafo subaqu\u00e1tico. Ele pode treinar novos instrutores, incluindo instrutores de rebreather. Qualificado para mergulhar com uma variedade de rebreathers. Ele \u00e9 certificado para ensinar: KISS (SideWinder, Classic, Spirit), DiveSoft (Liberty SM), Poseidon (MK-VI e VII), Hollis, LungFish e rebreathers GBM em todos os n\u00edveis recreativos e t\u00e9cnicos, incluindo trimix avan\u00e7ado. Ele participou com orgulho de m\u00faltiplas expedi\u00e7\u00f5es de mergulho: Last Cayman Island-I e II, Lost treasuries of ancient Mayan people, incont\u00e1veis \u201cca\u00e7adas a ossos\u201d e descobertas em cavernas mexicanas, miss\u00e3o curta no naufr\u00e1gio do Carolina, explora\u00e7\u00e3o de naufr\u00e1gios da Segunda Guerra Mundial em Truk.[\/vc_column_text][\/vc_column][\/vc_row][vc_row][vc_column width=&#8221;1\/4&#8243;][vc_single_image image=&#8221;30424&#8243; img_size=&#8221;medium&#8221; css=&#8221;&#8221;][\/vc_column][vc_column width=&#8221;3\/4&#8243;][vc_column_text css=&#8221;&#8221;]\n<h4>Mel Clark<br \/>\n<a href=\"https:\/\/scubatron.com\/\">Scubatron<\/a><\/h4>\n<p>Mel \u00e9 uma instrutora-treinadora ativa de mergulho t\u00e9cnico\/rebreather e uma \u00e1vida fot\u00f3grafa submarina. Em 2003, ela lecionou no Divers Institute of Technology (DIT), auxiliando no desenvolvimento de futuros mergulhadores comerciais. Atualmente, Mel instrui estudantes e futuros instrutores na maioria dos principais rebreathers dispon\u00edveis no mercado. Ela tamb\u00e9m \u00e9 apaixonada por mergulho em cavernas e ensina CCR Cave. Mel \u00e9 membro do Women Diver&#8217;s Hall of Fame, embaixadora da IANTD e integra o conselho de diretores da IANTD. Al\u00e9m do ensino, Mel \u00e9 apaixonada por fotografia submarina e escrita. Ela tamb\u00e9m redigiu diversos manuais e programas de treinamento para ag\u00eancias, incluindo o manual TDI KISS CCR, o manual TDI Semi-Closed Circuit rebreather e o curso IANTD rEvo. Mel publicou de forma independente &#8216;CCR Trimix Simplified&#8217;, &#8216;CCR Cave Almost Simplified&#8217; e um guia universal de f\u00e1cil leitura sobre a compra e o mergulho com rebreather de circuito fechado, intitulado \u201cRebreathers Simplified.\u201d A principal paix\u00e3o de Mel \u00e9 ensinar habilidades de sobreviv\u00eancia com CCR aos seus alunos de maneira altamente qualificada, para que eles aprendam e apliquem as habilidades atrav\u00e9s da repeti\u00e7\u00e3o at\u00e9 que se tornem uma segunda natureza para o mergulhador. Ela acredita que, ao fazer os alunos aprenderem em excesso n\u00e3o apenas as habilidades b\u00e1sicas, mas tamb\u00e9m as avan\u00e7adas, eles poder\u00e3o um dia utiliz\u00e1-las para alcan\u00e7ar um resultado positivo. Seus alunos concluem o curso sentindo-se confiantes e mais seguros em seus CCRs.[\/vc_column_text][\/vc_column][\/vc_row][vc_row][vc_column width=&#8221;1\/4&#8243;][vc_single_image image=&#8221;30914&#8243; img_size=&#8221;large&#8221; css=&#8221;&#8221;][\/vc_column][vc_column width=&#8221;3\/4&#8243;][vc_column_text css=&#8221;&#8221;]\n<h4><a href=\"https:\/\/shearwater.com\/\">Shearwater<\/a><\/h4>\n<p>Fundada em 2004 por Bruce Partridge no Canad\u00e1 com a miss\u00e3o de criar computadores de mergulho intuitivos e confi\u00e1veis para mergulhadores t\u00e9cnicos e de rebreather. Conhecidos por sua confiabilidade e interfaces intuitivas, os dispositivos Shearwater oferecem precis\u00e3o e personaliza\u00e7\u00e3o para uma ampla gama de necessidades de mergulho. Com forte foco em inova\u00e7\u00e3o e feedback dos usu\u00e1rios, a Shearwater \u00e9 uma l\u00edder confi\u00e1vel em tecnologia de mergulho.[\/vc_column_text][\/vc_column][\/vc_row][vc_row][vc_column][vc_separator][vc_column_text]\n<h4><strong>Sobre o Buddy Dive TeK:<\/strong><\/h4>\n<p>O Buddy Dive TeK iniciou suas opera\u00e7\u00f5es em 2007, com a miss\u00e3o de fornecer suporte t\u00e9cnico de qualidade e <a href=\"https:\/\/buddydive.com\/pt-br\/mergulho\/cursos-de-mergulho-e-precos\/#1568920559278-6281a81c-42c1\">treinamento<\/a> aos seus clientes e h\u00f3spedes no Buddy Dive e em Bonaire. Ao longo dos anos, o Buddy Dive TeK cresceu e se tornou a maior instala\u00e7\u00e3o de mergulho t\u00e9cnico no Caribe.<\/p>\n<p>A equipe do Buddy Dive TeK representa uma riqueza de conhecimento t\u00e9cnico e certifica\u00e7\u00f5es em todas as \u00e1reas do mergulho. Com um servi\u00e7o de suporte t\u00e9cnico totalmente operacional; aluguel extensivo de equipamentos e treinamento t\u00e9cnico at\u00e9 o n\u00edvel de instrutor, incluindo trimix e CCR, o Buddy Dive TeK oferece tudo o que \u00e9 necess\u00e1rio.<\/p>\n<p>O esp\u00edrito incessante de aventura e curiosidade da entusi\u00e1stica comunidade de mergulho em todo o mundo continua impulsionando a ind\u00fastria do mergulho. \u00c9 nosso prazer garantir que n\u00f3s, no Buddy Dive, fornecemos o que h\u00e1 de mais recente em Mergulho T\u00e9cnico em um ambiente seguro e amig\u00e1vel.[\/vc_column_text][\/vc_column][\/vc_row][vc_row][vc_column][vc_raw_js]JTNDc2NyaXB0JTIwdHlwZSUzRCUyMnRleHQlMkZqYXZhc2NyaXB0JTIyJTNFJTBBd2luZG93LlRyZW5nbyUyMCUzRCUyMHdpbmRvdy5UcmVuZ28lMjAlN0MlN0MlMjAlN0IlN0QlM0IlMEF3aW5kb3cuVHJlbmdvLmtleSUyMCUzRCUyMCUyN1E5SGI4dlBvS2VnRDFBSSUyNyUzQiUwQSUyOGZ1bmN0aW9uJTI4ZCUyQyUyMHNjcmlwdCUyQyUyMHQlMjklMjAlN0IlMEElMjAlMjAlMjAlMjBzY3JpcHQlMjAlM0QlMjBkLmNyZWF0ZUVsZW1lbnQlMjglMjdzY3JpcHQlMjclMjklM0IlMEElMjAlMjAlMjAlMjBzY3JpcHQudHlwZSUyMCUzRCUyMCUyN3RleHQlMkZqYXZhc2NyaXB0JTI3JTNCJTBBJTIwJTIwJTIwJTIwc2NyaXB0LmFzeW5jJTIwJTNEJTIwdHJ1ZSUzQiUwQSUyMCUyMCUyMCUyMHNjcmlwdC5zcmMlMjAlM0QlMjAlMjdodHRwcyUzQSUyRiUyRnN0YXRpYy53aWRnZXQudHJlbmdvLmV1JTJGZW1iZWQuanMlMjclM0IlMEElMjAlMjAlMjAlMjBkLmdldEVsZW1lbnRzQnlUYWdOYW1lJTI4JTI3aGVhZCUyNyUyOSU1QjAlNUQuYXBwZW5kQ2hpbGQlMjhzY3JpcHQlMjklM0IlMEElN0QlMjhkb2N1bWVudCUyOSUyOSUzQiUwQSUzQyUyRnNjcmlwdCUzRQ==[\/vc_raw_js][\/vc_column][\/vc_row]\n<\/div>","protected":false},"excerpt":{"rendered":"<p>[vc_row][vc_column width=&#8221;3\/4&#8243;][vc_column_text css=&#8221;&#8221;] Imerja-se no mundo do mergulho t\u00e9cnico BonaireTeK 27 de setembro &#8211; 3 de outubro de 2025 26 [&hellip;]<\/p>\n","protected":false},"author":1,"featured_media":0,"parent":31750,"menu_order":0,"comment_status":"closed","ping_status":"closed","template":"","meta":{"footnotes":""},"class_list":["post-31786","page","type-page","status-publish","hentry"],"yoast_head":"<!-- This site is optimized with the Yoast SEO plugin v27.0 - https:\/\/yoast.com\/product\/yoast-seo-wordpress\/ -->\n<title>Bonaire TeK no Buddy Dive - Resort Buddy Dive Bonaire<\/title>\n<meta name=\"description\" content=\"Explore o mergulho t\u00e9cnico no Bonaire TeK: demos, workshops e apresenta\u00e7\u00f5es gr\u00e1tis de GUE, NAUI, PADI e outros!\" \/>\n<meta name=\"robots\" content=\"index, follow, max-snippet:-1, max-image-preview:large, max-video-preview:-1\" \/>\n<link rel=\"canonical\" href=\"https:\/\/buddydive.com\/pt-br\/eventos\/bonaire-tek\/\" \/>\n<meta property=\"og:locale\" content=\"pt_BR\" \/>\n<meta property=\"og:type\" content=\"article\" \/>\n<meta property=\"og:title\" content=\"Bonaire TeK no Buddy Dive - Resort Buddy Dive Bonaire\" \/>\n<meta property=\"og:description\" content=\"Explore o mergulho t\u00e9cnico no Bonaire TeK: demos, workshops e apresenta\u00e7\u00f5es gr\u00e1tis de GUE, NAUI, PADI e outros!\" \/>\n<meta property=\"og:url\" content=\"https:\/\/buddydive.com\/pt-br\/eventos\/bonaire-tek\/\" \/>\n<meta property=\"og:site_name\" content=\"Buddy Dive Bonaire\" \/>\n<meta property=\"article:publisher\" content=\"https:\/\/www.facebook.com\/buddydiveresort\" \/>\n<meta property=\"article:modified_time\" content=\"2025-07-10T13:52:13+00:00\" \/>\n<meta property=\"og:image\" content=\"https:\/\/buddydive.com\/wp-content\/uploads\/2023\/01\/Anouck-1-1024x1024.png\" \/>\n\t<meta property=\"og:image:width\" content=\"1024\" \/>\n\t<meta property=\"og:image:height\" content=\"1024\" \/>\n\t<meta property=\"og:image:type\" content=\"image\/png\" \/>\n<meta name=\"twitter:card\" content=\"summary_large_image\" \/>\n<meta name=\"twitter:site\" content=\"@buddydive\" \/>\n<meta name=\"twitter:label1\" content=\"Est. tempo de leitura\" \/>\n\t<meta name=\"twitter:data1\" content=\"6 minutos\" \/>\n<script type=\"application\/ld+json\" class=\"yoast-schema-graph\">{\"@context\":\"https:\/\/schema.org\",\"@graph\":[{\"@type\":\"WebPage\",\"@id\":\"https:\/\/buddydive.com\/pt-br\/eventos\/bonaire-tek\/\",\"url\":\"https:\/\/buddydive.com\/pt-br\/eventos\/bonaire-tek\/\",\"name\":\"Bonaire TeK no Buddy Dive - Resort Buddy Dive Bonaire\",\"isPartOf\":{\"@id\":\"https:\/\/buddydive.com\/pt-br\/#website\"},\"primaryImageOfPage\":{\"@id\":\"https:\/\/buddydive.com\/pt-br\/eventos\/bonaire-tek\/#primaryimage\"},\"image\":{\"@id\":\"https:\/\/buddydive.com\/pt-br\/eventos\/bonaire-tek\/#primaryimage\"},\"thumbnailUrl\":\"https:\/\/buddydive.com\/wp-content\/uploads\/2023\/01\/Anouck-1-300x300.png\",\"datePublished\":\"2025-06-11T13:40:32+00:00\",\"dateModified\":\"2025-07-10T13:52:13+00:00\",\"description\":\"Explore o mergulho t\u00e9cnico no Bonaire TeK: demos, workshops e apresenta\u00e7\u00f5es gr\u00e1tis de GUE, NAUI, PADI e outros!\",\"breadcrumb\":{\"@id\":\"https:\/\/buddydive.com\/pt-br\/eventos\/bonaire-tek\/#breadcrumb\"},\"inLanguage\":\"pt-BR\",\"potentialAction\":[{\"@type\":\"ReadAction\",\"target\":[\"https:\/\/buddydive.com\/pt-br\/eventos\/bonaire-tek\/\"]}]},{\"@type\":\"ImageObject\",\"inLanguage\":\"pt-BR\",\"@id\":\"https:\/\/buddydive.com\/pt-br\/eventos\/bonaire-tek\/#primaryimage\",\"url\":\"https:\/\/buddydive.com\/wp-content\/uploads\/2023\/01\/Anouck-1-300x300.png\",\"contentUrl\":\"https:\/\/buddydive.com\/wp-content\/uploads\/2023\/01\/Anouck-1-300x300.png\"},{\"@type\":\"BreadcrumbList\",\"@id\":\"https:\/\/buddydive.com\/pt-br\/eventos\/bonaire-tek\/#breadcrumb\",\"itemListElement\":[{\"@type\":\"ListItem\",\"position\":1,\"name\":\"Home\",\"item\":\"https:\/\/buddydive.com\/pt-br\/inicio\/\"},{\"@type\":\"ListItem\",\"position\":2,\"name\":\"Eventos\",\"item\":\"https:\/\/buddydive.com\/pt-br\/eventos\/\"},{\"@type\":\"ListItem\",\"position\":3,\"name\":\"Bonaire TeK\"}]},{\"@type\":\"WebSite\",\"@id\":\"https:\/\/buddydive.com\/pt-br\/#website\",\"url\":\"https:\/\/buddydive.com\/pt-br\/\",\"name\":\"Buddy Dive Bonaire\",\"description\":\"My WordPress Blog\",\"potentialAction\":[{\"@type\":\"SearchAction\",\"target\":{\"@type\":\"EntryPoint\",\"urlTemplate\":\"https:\/\/buddydive.com\/pt-br\/?s={search_term_string}\"},\"query-input\":{\"@type\":\"PropertyValueSpecification\",\"valueRequired\":true,\"valueName\":\"search_term_string\"}}],\"inLanguage\":\"pt-BR\"}]}<\/script>\n<!-- \/ Yoast SEO plugin. -->","yoast_head_json":{"title":"Bonaire TeK no Buddy Dive - Resort Buddy Dive Bonaire","description":"Explore o mergulho t\u00e9cnico no Bonaire TeK: demos, workshops e apresenta\u00e7\u00f5es gr\u00e1tis de GUE, NAUI, PADI e outros!","robots":{"index":"index","follow":"follow","max-snippet":"max-snippet:-1","max-image-preview":"max-image-preview:large","max-video-preview":"max-video-preview:-1"},"canonical":"https:\/\/buddydive.com\/pt-br\/eventos\/bonaire-tek\/","og_locale":"pt_BR","og_type":"article","og_title":"Bonaire TeK no Buddy Dive - Resort Buddy Dive Bonaire","og_description":"Explore o mergulho t\u00e9cnico no Bonaire TeK: demos, workshops e apresenta\u00e7\u00f5es gr\u00e1tis de GUE, NAUI, PADI e outros!","og_url":"https:\/\/buddydive.com\/pt-br\/eventos\/bonaire-tek\/","og_site_name":"Buddy Dive Bonaire","article_publisher":"https:\/\/www.facebook.com\/buddydiveresort","article_modified_time":"2025-07-10T13:52:13+00:00","og_image":[{"width":1024,"height":1024,"url":"https:\/\/buddydive.com\/wp-content\/uploads\/2023\/01\/Anouck-1-1024x1024.png","type":"image\/png"}],"twitter_card":"summary_large_image","twitter_site":"@buddydive","twitter_misc":{"Est. tempo de leitura":"6 minutos"},"schema":{"@context":"https:\/\/schema.org","@graph":[{"@type":"WebPage","@id":"https:\/\/buddydive.com\/pt-br\/eventos\/bonaire-tek\/","url":"https:\/\/buddydive.com\/pt-br\/eventos\/bonaire-tek\/","name":"Bonaire TeK no Buddy Dive - Resort Buddy Dive Bonaire","isPartOf":{"@id":"https:\/\/buddydive.com\/pt-br\/#website"},"primaryImageOfPage":{"@id":"https:\/\/buddydive.com\/pt-br\/eventos\/bonaire-tek\/#primaryimage"},"image":{"@id":"https:\/\/buddydive.com\/pt-br\/eventos\/bonaire-tek\/#primaryimage"},"thumbnailUrl":"https:\/\/buddydive.com\/wp-content\/uploads\/2023\/01\/Anouck-1-300x300.png","datePublished":"2025-06-11T13:40:32+00:00","dateModified":"2025-07-10T13:52:13+00:00","description":"Explore o mergulho t\u00e9cnico no Bonaire TeK: demos, workshops e apresenta\u00e7\u00f5es gr\u00e1tis de GUE, NAUI, PADI e outros!","breadcrumb":{"@id":"https:\/\/buddydive.com\/pt-br\/eventos\/bonaire-tek\/#breadcrumb"},"inLanguage":"pt-BR","potentialAction":[{"@type":"ReadAction","target":["https:\/\/buddydive.com\/pt-br\/eventos\/bonaire-tek\/"]}]},{"@type":"ImageObject","inLanguage":"pt-BR","@id":"https:\/\/buddydive.com\/pt-br\/eventos\/bonaire-tek\/#primaryimage","url":"https:\/\/buddydive.com\/wp-content\/uploads\/2023\/01\/Anouck-1-300x300.png","contentUrl":"https:\/\/buddydive.com\/wp-content\/uploads\/2023\/01\/Anouck-1-300x300.png"},{"@type":"BreadcrumbList","@id":"https:\/\/buddydive.com\/pt-br\/eventos\/bonaire-tek\/#breadcrumb","itemListElement":[{"@type":"ListItem","position":1,"name":"Home","item":"https:\/\/buddydive.com\/pt-br\/inicio\/"},{"@type":"ListItem","position":2,"name":"Eventos","item":"https:\/\/buddydive.com\/pt-br\/eventos\/"},{"@type":"ListItem","position":3,"name":"Bonaire TeK"}]},{"@type":"WebSite","@id":"https:\/\/buddydive.com\/pt-br\/#website","url":"https:\/\/buddydive.com\/pt-br\/","name":"Buddy Dive Bonaire","description":"My WordPress Blog","potentialAction":[{"@type":"SearchAction","target":{"@type":"EntryPoint","urlTemplate":"https:\/\/buddydive.com\/pt-br\/?s={search_term_string}"},"query-input":{"@type":"PropertyValueSpecification","valueRequired":true,"valueName":"search_term_string"}}],"inLanguage":"pt-BR"}]}},"_links":{"self":[{"href":"https:\/\/buddydive.com\/pt-br\/wp-json\/wp\/v2\/pages\/31786","targetHints":{"allow":["GET"]}}],"collection":[{"href":"https:\/\/buddydive.com\/pt-br\/wp-json\/wp\/v2\/pages"}],"about":[{"href":"https:\/\/buddydive.com\/pt-br\/wp-json\/wp\/v2\/types\/page"}],"author":[{"embeddable":true,"href":"https:\/\/buddydive.com\/pt-br\/wp-json\/wp\/v2\/users\/1"}],"replies":[{"embeddable":true,"href":"https:\/\/buddydive.com\/pt-br\/wp-json\/wp\/v2\/comments?post=31786"}],"version-history":[{"count":2,"href":"https:\/\/buddydive.com\/pt-br\/wp-json\/wp\/v2\/pages\/31786\/revisions"}],"predecessor-version":[{"id":32912,"href":"https:\/\/buddydive.com\/pt-br\/wp-json\/wp\/v2\/pages\/31786\/revisions\/32912"}],"up":[{"embeddable":true,"href":"https:\/\/buddydive.com\/pt-br\/wp-json\/wp\/v2\/pages\/31750"}],"wp:attachment":[{"href":"https:\/\/buddydive.com\/pt-br\/wp-json\/wp\/v2\/media?parent=31786"}],"curies":[{"name":"wp","href":"https:\/\/api.w.org\/{rel}","templated":true}]}}