{"id":31773,"date":"2025-06-11T13:40:09","date_gmt":"2025-06-11T13:40:09","guid":{"rendered":"https:\/\/buddydive.com\/mergulho-costeiro\/"},"modified":"2026-02-09T17:22:24","modified_gmt":"2026-02-09T17:22:24","slug":"mergulho-costeiro","status":"publish","type":"page","link":"https:\/\/buddydive.com\/pt-br\/mergulho\/mergulho-costeiro\/","title":{"rendered":"Mergulho costeiro"},"content":{"rendered":"<div class=\"wpb-content-wrapper\">[vc_row][vc_column width=&#8221;1\/2&#8243;][vc_column_text]\n<h1 class=\"text-uppercase\" style=\"text-align: center;\"><small>Capital mundial do mergulho costeiro;<\/small>Bonaire<\/h1>\n<p>Com aproximadamente 60 locais de mergulho oficialmente registrados em Bonaire, a maioria deles facilmente acess\u00edveis a partir da costa, a ilha \u00e9 reconhecida como a Capital Mundial do Mergulho Costeiro!<\/p>\n<p>O mar de Bonaire \u00e9 abundante em bela vida marinha e uma fascinante variedade de peixes tropicais multicoloridos, havendo muito a observar durante o mergulho em Bonaire. O mar \u00e9 notavelmente calmo e as condi\u00e7\u00f5es s\u00e3o excelentes tanto para o mergulho aut\u00f4nomo quanto para o snorkeling.<br \/>\nEm m\u00e9dia, durante o mergulho em Bonaire, a visibilidade excede 30 metros (100 p\u00e9s) e nossa temperatura m\u00e9dia da \u00e1gua \u00e9 de 28\u00b0C (80 graus Fahrenheit). O recife de borda inicia-se pr\u00f3ximo \u00e0 costa, geralmente a uma curta dist\u00e2ncia de 10 metros (30 p\u00e9s) ou menos, tornando Bonaire mundialmente renomada pela facilidade do mergulho costeiro.<br \/>\nAs \u00e1guas de Bonaire oferecem algo especial para cada mergulhador. Mergulhadores iniciantes apreciar\u00e3o as \u00e1guas calmas, os recifes que se estendem paralelamente \u00e0 costa e as correntes m\u00ednimas ao mergulhar em Bonaire. Essas condi\u00e7\u00f5es tornam-na uma localiza\u00e7\u00e3o ideal para aprimorar as habilidades de flutuabilidade! A \u00e1rea de declive suave do recife com abund\u00e2ncia de vida marinha permite um tempo m\u00e1ximo de fundo, proporcionando aos novos mergulhadores a oportunidade de desenvolver um n\u00edvel de conforto e confian\u00e7a em suas habilidades rec\u00e9m-adquiridas.<\/p>\n<p>Para nos auxiliar a manter nossos recifes saud\u00e1veis por muitos anos vindouros, encorajamos todos os mergulhadores que visitam Bonaire a se familiarizarem com as regulamenta\u00e7\u00f5es do Parque Marinho antes de sua visita.[\/vc_column_text][\/vc_column][vc_column width=&#8221;1\/2&#8243;][vc_gallery images=&#8221;3797,3540,3539,3538&#8243; img_size=&#8221;medium&#8221; columns=&#8221;2&#8243; masonry=&#8221;fitRows&#8221;][\/vc_column][\/vc_row][vc_row full_width=&#8221;stretch_row&#8221; content_placement=&#8221;middle&#8221; curly_bg_repeat=&#8221;bg-no-repeat&#8221; curly_bg_position=&#8221;bg-pos-center-center&#8221; css=&#8221;.vc_custom_1578512686380{background-image: url(https:\/\/buddydive.com\/wp-content\/uploads\/2020\/01\/Resort-5-edit-scaled.jpg?id=4980) !important;background-position: center !important;background-repeat: no-repeat !important;background-size: cover !important;}&#8221;][vc_column][vc_column_text]\n<h2 class=\"text-uppercase\" style=\"text-align: center;\">Melhores locais de mergulho em Bonaire <small>de acordo com alguns<\/small><\/h2>\n[\/vc_column_text]<div class='testimonials-carousel  vc_custom_1578513266191 owl-with-navigation' data-owl='{&quot;items&quot;:3,&quot;nav&quot;:false,&quot;navText&quot;:[],&quot;loop&quot;:false,&quot;autoplay&quot;:true,&quot;autoplayTimeout&quot;:&quot;2000&quot;,&quot;autoplayHoverPause&quot;:true,&quot;responsive&quot;:{&quot;0&quot;:{&quot;items&quot;:1,&quot;dots&quot;:true,&quot;nav&quot;:false},&quot;767&quot;:{&quot;items&quot;:2,&quot;dots&quot;:true},&quot;992&quot;:{&quot;items&quot;:3,&quot;dots&quot;:true}}}'><div class='testimonial'>\n      <h4 class='testimonial-title'>\n      Milou - Buddy Dive Instructor              <small>\n          January '20        <\/small>\n          <\/h4>\n        <p>Salt Pier<\/p>\n<p>Between the pillars of the Salt Pier, you don\u2019t know where to look. It is full of life, the pillars are overgrown with colorful sponges, there are schools of fishes and little critters hiding between the corals. This divesite is a shallow playground for divers.<\/p>\n    <a href='#' class='btn-inline btn' target=\"_self\"><\/a>\n<\/div>\n<div class='testimonial'>\n      <h4 class='testimonial-title'>\n      Dave - Guest              <small>\n          November '19        <\/small>\n          <\/h4>\n        <p>Country Garden<\/p>\n<p>This boat dive is one of my favorites! In the shallows you\u2019ll find large boulders that fell of the steep shore once. Nowadays they are overgrown with coral and form a beautiful hiding place for fish. It is a super relaxed dive!<\/p>\n    <a href='#' class='btn-inline btn' target=\"_self\"><\/a>\n<\/div>\n<div class='testimonial'>\n      <h4 class='testimonial-title'>\n      Danny - Buddy Dive Instructor              <small>\n          January '20        <\/small>\n          <\/h4>\n        <p>Karpata<\/p>\n<p>The shallow plateau with lots of gorgonians and seafans is a great place to spot turtles. Once you come to the drop off you will find a stunning steep wall. You can look for the big anchors that lay there, they are covered with corals, but you can still see the shape. I am always amazed by this beautiful healthy reef.<\/p>\n    <a href='#' class='btn-inline btn' target=\"_self\"><\/a>\n<\/div>\n<\/div>[\/vc_column][\/vc_row][vc_row][vc_column width=&#8221;1\/2&#8243;][vc_column_text css=&#8221;&#8221;]\n<h2 class=\"text-uppercase\" style=\"text-align: center;\"><small>Aproveite ao m\u00e1ximo seu mergulho com um<\/small> guia de mergulho privado<\/h2>\n<p>Voc\u00ea \u00e9 um mergulhador costeiro \u00e1vido e deseja elevar o n\u00edvel, ou simplesmente necessita de um Mestre de Mergulho experiente que possa auxiliar ativamente na prepara\u00e7\u00e3o do equipamento, t\u00e9cnicas de entrada na costa e, sim, apontar algumas criaturas interessantes?<\/p>\n<p>Na Buddy Dive, oferecemos servi\u00e7os de guia de mergulho privado. Seja durante o dia ou \u00e0 noite, disponibilizamos um guia de mergulho privado para acompanh\u00e1-lo. O servi\u00e7o de guia de mergulho privado pode ser adaptado \u00e0 sua experi\u00eancia, n\u00edvel de conforto e outros desejos.<\/p>\n<p>O servi\u00e7o de guia de mergulho privado oferece hor\u00e1rios flex\u00edveis e pode ser reservado apenas para voc\u00ea e seu parceiro ou para toda a fam\u00edlia, auxiliando-o a aproveitar ao m\u00e1ximo suas f\u00e9rias de mergulho.<\/p>\n<p>Bonaire possui condi\u00e7\u00f5es \u00fanicas para mergulho costeiro; mares calmos e acesso geralmente f\u00e1cil. Selecionamos alguns locais de mergulho que s\u00e3o ideais para mergulhar com seu guia privado; seja porque a entrada no mar \u00e9 um pouco mais desafiadora ou porque o local oferece algumas caracter\u00edsticas subaqu\u00e1ticas \u00fanicas.<\/p>\n<p>Seu guia de mergulho privado ter\u00e1 o maior prazer em apresentar-lhe nosso belo mundo subaqu\u00e1tico. Para os pre\u00e7os do guia de mergulho privado, <a href=\"https:\/\/buddydive.com\/pt-br\/mergulho\/cursos-de-mergulho-e-precos\/#1727964320831-46dc7031-94bc\">clique aqui<\/a><\/p>\n<p>Somos o para\u00edso mundial do mergulho costeiro![\/vc_column_text][\/vc_column][vc_column width=&#8221;1\/2&#8243;][vc_video link=&#8221;https:\/\/www.youtube.com\/watch?v=SoOfcxUtPzE&amp;t=2s&#8221;][\/vc_column][\/vc_row][vc_row][vc_column][\/vc_column][\/vc_row]\n<\/div>","protected":false},"excerpt":{"rendered":"<p>[vc_row][vc_column width=&#8221;1\/2&#8243;][vc_column_text] Capital mundial do mergulho costeiro;Bonaire Com aproximadamente 60 locais de mergulho oficialmente registrados em Bonaire, a maioria deles [&hellip;]<\/p>\n","protected":false},"author":1,"featured_media":0,"parent":31906,"menu_order":0,"comment_status":"closed","ping_status":"closed","template":"","meta":{"footnotes":""},"class_list":["post-31773","page","type-page","status-publish","hentry"],"yoast_head":"<!-- This site is optimized with the Yoast SEO plugin v27.4 - https:\/\/yoast.com\/product\/yoast-seo-wordpress\/ -->\n<title>Mergulho costeiro em Bonaire<\/title>\n<meta name=\"description\" content=\"Com aproximadamente 60 locais de mergulho oficialmente registrados em Bonaire, a ilha \u00e9 reconhecida como a Capital Mundial do Mergulho Costeiro!\" \/>\n<meta name=\"robots\" content=\"index, follow, max-snippet:-1, max-image-preview:large, max-video-preview:-1\" \/>\n<link rel=\"canonical\" href=\"https:\/\/buddydive.com\/pt-br\/mergulho\/mergulho-costeiro\/\" \/>\n<meta property=\"og:locale\" content=\"pt_BR\" \/>\n<meta property=\"og:type\" content=\"article\" \/>\n<meta property=\"og:title\" content=\"Mergulho costeiro em Bonaire\" \/>\n<meta property=\"og:description\" content=\"Com aproximadamente 60 locais de mergulho oficialmente registrados em Bonaire, a ilha \u00e9 reconhecida como a Capital Mundial do Mergulho Costeiro!\" \/>\n<meta property=\"og:url\" content=\"https:\/\/buddydive.com\/pt-br\/mergulho\/mergulho-costeiro\/\" \/>\n<meta property=\"og:site_name\" content=\"Buddy Dive Bonaire\" \/>\n<meta property=\"article:publisher\" content=\"https:\/\/www.facebook.com\/buddydiveresort\" \/>\n<meta property=\"article:modified_time\" content=\"2026-02-09T17:22:24+00:00\" \/>\n<meta name=\"twitter:card\" content=\"summary_large_image\" \/>\n<meta name=\"twitter:site\" content=\"@buddydive\" \/>\n<meta name=\"twitter:label1\" content=\"Est. tempo de leitura\" \/>\n\t<meta name=\"twitter:data1\" content=\"3 minutos\" \/>\n<script type=\"application\/ld+json\" class=\"yoast-schema-graph\">{\"@context\":\"https:\\\/\\\/schema.org\",\"@graph\":[{\"@type\":\"WebPage\",\"@id\":\"https:\\\/\\\/buddydive.com\\\/pt-br\\\/mergulho\\\/mergulho-costeiro\\\/\",\"url\":\"https:\\\/\\\/buddydive.com\\\/pt-br\\\/mergulho\\\/mergulho-costeiro\\\/\",\"name\":\"Mergulho costeiro em Bonaire\",\"isPartOf\":{\"@id\":\"https:\\\/\\\/buddydive.com\\\/pt-br\\\/#website\"},\"datePublished\":\"2025-06-11T13:40:09+00:00\",\"dateModified\":\"2026-02-09T17:22:24+00:00\",\"description\":\"Com aproximadamente 60 locais de mergulho oficialmente registrados em Bonaire, a ilha \u00e9 reconhecida como a Capital Mundial do Mergulho Costeiro!\",\"breadcrumb\":{\"@id\":\"https:\\\/\\\/buddydive.com\\\/pt-br\\\/mergulho\\\/mergulho-costeiro\\\/#breadcrumb\"},\"inLanguage\":\"pt-BR\",\"potentialAction\":[{\"@type\":\"ReadAction\",\"target\":[\"https:\\\/\\\/buddydive.com\\\/pt-br\\\/mergulho\\\/mergulho-costeiro\\\/\"]}]},{\"@type\":\"BreadcrumbList\",\"@id\":\"https:\\\/\\\/buddydive.com\\\/pt-br\\\/mergulho\\\/mergulho-costeiro\\\/#breadcrumb\",\"itemListElement\":[{\"@type\":\"ListItem\",\"position\":1,\"name\":\"Home\",\"item\":\"https:\\\/\\\/buddydive.com\\\/pt-br\\\/inicio\\\/\"},{\"@type\":\"ListItem\",\"position\":2,\"name\":\"Mergulho\",\"item\":\"https:\\\/\\\/buddydive.com\\\/pt-br\\\/mergulho\\\/\"},{\"@type\":\"ListItem\",\"position\":3,\"name\":\"Mergulho costeiro\"}]},{\"@type\":\"WebSite\",\"@id\":\"https:\\\/\\\/buddydive.com\\\/pt-br\\\/#website\",\"url\":\"https:\\\/\\\/buddydive.com\\\/pt-br\\\/\",\"name\":\"Buddy Dive Bonaire\",\"description\":\"My WordPress Blog\",\"potentialAction\":[{\"@type\":\"SearchAction\",\"target\":{\"@type\":\"EntryPoint\",\"urlTemplate\":\"https:\\\/\\\/buddydive.com\\\/pt-br\\\/?s={search_term_string}\"},\"query-input\":{\"@type\":\"PropertyValueSpecification\",\"valueRequired\":true,\"valueName\":\"search_term_string\"}}],\"inLanguage\":\"pt-BR\"}]}<\/script>\n<!-- \/ Yoast SEO plugin. -->","yoast_head_json":{"title":"Mergulho costeiro em Bonaire","description":"Com aproximadamente 60 locais de mergulho oficialmente registrados em Bonaire, a ilha \u00e9 reconhecida como a Capital Mundial do Mergulho Costeiro!","robots":{"index":"index","follow":"follow","max-snippet":"max-snippet:-1","max-image-preview":"max-image-preview:large","max-video-preview":"max-video-preview:-1"},"canonical":"https:\/\/buddydive.com\/pt-br\/mergulho\/mergulho-costeiro\/","og_locale":"pt_BR","og_type":"article","og_title":"Mergulho costeiro em Bonaire","og_description":"Com aproximadamente 60 locais de mergulho oficialmente registrados em Bonaire, a ilha \u00e9 reconhecida como a Capital Mundial do Mergulho Costeiro!","og_url":"https:\/\/buddydive.com\/pt-br\/mergulho\/mergulho-costeiro\/","og_site_name":"Buddy Dive Bonaire","article_publisher":"https:\/\/www.facebook.com\/buddydiveresort","article_modified_time":"2026-02-09T17:22:24+00:00","twitter_card":"summary_large_image","twitter_site":"@buddydive","twitter_misc":{"Est. tempo de leitura":"3 minutos"},"schema":{"@context":"https:\/\/schema.org","@graph":[{"@type":"WebPage","@id":"https:\/\/buddydive.com\/pt-br\/mergulho\/mergulho-costeiro\/","url":"https:\/\/buddydive.com\/pt-br\/mergulho\/mergulho-costeiro\/","name":"Mergulho costeiro em Bonaire","isPartOf":{"@id":"https:\/\/buddydive.com\/pt-br\/#website"},"datePublished":"2025-06-11T13:40:09+00:00","dateModified":"2026-02-09T17:22:24+00:00","description":"Com aproximadamente 60 locais de mergulho oficialmente registrados em Bonaire, a ilha \u00e9 reconhecida como a Capital Mundial do Mergulho Costeiro!","breadcrumb":{"@id":"https:\/\/buddydive.com\/pt-br\/mergulho\/mergulho-costeiro\/#breadcrumb"},"inLanguage":"pt-BR","potentialAction":[{"@type":"ReadAction","target":["https:\/\/buddydive.com\/pt-br\/mergulho\/mergulho-costeiro\/"]}]},{"@type":"BreadcrumbList","@id":"https:\/\/buddydive.com\/pt-br\/mergulho\/mergulho-costeiro\/#breadcrumb","itemListElement":[{"@type":"ListItem","position":1,"name":"Home","item":"https:\/\/buddydive.com\/pt-br\/inicio\/"},{"@type":"ListItem","position":2,"name":"Mergulho","item":"https:\/\/buddydive.com\/pt-br\/mergulho\/"},{"@type":"ListItem","position":3,"name":"Mergulho costeiro"}]},{"@type":"WebSite","@id":"https:\/\/buddydive.com\/pt-br\/#website","url":"https:\/\/buddydive.com\/pt-br\/","name":"Buddy Dive Bonaire","description":"My WordPress Blog","potentialAction":[{"@type":"SearchAction","target":{"@type":"EntryPoint","urlTemplate":"https:\/\/buddydive.com\/pt-br\/?s={search_term_string}"},"query-input":{"@type":"PropertyValueSpecification","valueRequired":true,"valueName":"search_term_string"}}],"inLanguage":"pt-BR"}]}},"_links":{"self":[{"href":"https:\/\/buddydive.com\/pt-br\/wp-json\/wp\/v2\/pages\/31773","targetHints":{"allow":["GET"]}}],"collection":[{"href":"https:\/\/buddydive.com\/pt-br\/wp-json\/wp\/v2\/pages"}],"about":[{"href":"https:\/\/buddydive.com\/pt-br\/wp-json\/wp\/v2\/types\/page"}],"author":[{"embeddable":true,"href":"https:\/\/buddydive.com\/pt-br\/wp-json\/wp\/v2\/users\/1"}],"replies":[{"embeddable":true,"href":"https:\/\/buddydive.com\/pt-br\/wp-json\/wp\/v2\/comments?post=31773"}],"version-history":[{"count":6,"href":"https:\/\/buddydive.com\/pt-br\/wp-json\/wp\/v2\/pages\/31773\/revisions"}],"predecessor-version":[{"id":36830,"href":"https:\/\/buddydive.com\/pt-br\/wp-json\/wp\/v2\/pages\/31773\/revisions\/36830"}],"up":[{"embeddable":true,"href":"https:\/\/buddydive.com\/pt-br\/wp-json\/wp\/v2\/pages\/31906"}],"wp:attachment":[{"href":"https:\/\/buddydive.com\/pt-br\/wp-json\/wp\/v2\/media?parent=31773"}],"curies":[{"name":"wp","href":"https:\/\/api.w.org\/{rel}","templated":true}]}}