{"id":31750,"date":"2025-06-11T13:39:39","date_gmt":"2025-06-11T13:39:39","guid":{"rendered":"https:\/\/buddydive.com\/eventos\/"},"modified":"2025-07-10T13:06:18","modified_gmt":"2025-07-10T13:06:18","slug":"eventos","status":"publish","type":"page","link":"https:\/\/buddydive.com\/pt-br\/eventos\/","title":{"rendered":"Eventos"},"content":{"rendered":"<div class=\"wpb-content-wrapper\">[vc_row][vc_column][vc_column_text]\n<h1 class=\"text-uppercase\" style=\"text-align: center;\"><small>Junte-se a n\u00f3s<\/small> eventos your buddies\u2122<\/h1>\n<p>Anualmente, o Buddy Dive Resort torna-se anfitri\u00e3o de diversos eventos populares. Assegure-se de efetuar sua reserva com anteced\u00eancia para participar de um dos muitos eventos e atividades que organizamos ano ap\u00f3s ano.[\/vc_column_text][\/vc_column][\/vc_row][vc_row][vc_column width=&#8221;1\/2&#8243;][vc_single_image image=&#8221;4024&#8243; img_size=&#8221;large&#8221; onclick=&#8221;custom_link&#8221; link=&#8221;http:\/\/www.buddydive.com\/events\/operation-ccr&#8221;][vc_column_text css=&#8221;&#8221;]\n<h3><a href=\"http:\/\/www.buddydive.com\/events\/operation-ccr\">Opera\u00e7\u00e3o CCR<\/a><\/h3>\n<p>19 a 25 de abril de 2025<br \/>\n23 a 29 de maio de 2026<\/p>\n<p>Uma semana reservada exclusivamente para mergulhadores de CCR.[\/vc_column_text][\/vc_column][vc_column width=&#8221;1\/2&#8243;][vc_single_image image=&#8221;3990&#8243; img_size=&#8221;large&#8221; onclick=&#8221;custom_link&#8221; link=&#8221;http:\/\/www.buddydive.com\/events\/kids-sea-camp&#8221;][vc_column_text css=&#8221;&#8221;]\n<h3><a href=\"http:\/\/www.buddydive.com\/events\/kids-sea-camp\">Acampamento Mar\u00edtimo Infantil<\/a><\/h3>\n<p>29 de mar\u00e7o &#8211; 5 de abril de 2025<br \/>\n2 &#8211; 16 de agosto de 2025<br \/>\n<span style=\"font-size: 1.4rem;\">4 \u2013 11 de abril de 2026<br \/>\n<\/span>20 de junho \u2013 4 de julho de 2026<br \/>\n21 &#8211; 28 de novembro de 2026<\/p>\n<p>Um evento familiar divertido que ocorre anualmente, combinando cursos de mergulho com atividades para toda a fam\u00edlia! Crie suas pr\u00f3prias f\u00e9rias familiares memor\u00e1veis.[\/vc_column_text][\/vc_column][\/vc_row][vc_row][vc_column width=&#8221;1\/2&#8243;][vc_single_image image=&#8221;3976&#8243; img_size=&#8221;large&#8221; onclick=&#8221;custom_link&#8221; link=&#8221;http:\/\/www.buddydive.com\/events\/marine-life-education&#8221;][vc_column_text css=&#8221;&#8221;]\n<h3><a href=\"http:\/\/www.buddydive.com\/events\/marine-life-education\">Educa\u00e7\u00e3o sobre vida marinha<\/a><\/h3>\n<p>31 de maio &#8211; 27 de junho de 2025<\/p>\n<p>Amplie seu conhecimento sobre a vida nos recifes e a fauna submarina de Bonaire.[\/vc_column_text][\/vc_column][vc_column width=&#8221;1\/2&#8243;][vc_single_image image=&#8221;14139&#8243; img_size=&#8221;large&#8221; onclick=&#8221;custom_link&#8221; link=&#8221;https:\/\/buddydive.com\/events\/bonaire-thru-the-lens\/&#8221;][vc_column_text css=&#8221;&#8221;]\n<h3><a href=\"https:\/\/buddydive.com\/events\/bonaire-thru-the-lens\/\">Buddy Dive atrav\u00e9s das Lentes<\/a><\/h3>\n<p>23 \u2013 29 de agosto de 2025<\/p>\n<p>Junte-se a n\u00f3s para uma semana repleta de divers\u00e3o com fotografia subaqu\u00e1tica![\/vc_column_text][\/vc_column][\/vc_row][vc_row][vc_column width=&#8221;1\/2&#8243;][vc_single_image image=&#8221;29219&#8243; img_size=&#8221;full&#8221; onclick=&#8221;custom_link&#8221; css=&#8221;&#8221;][vc_column_text css=&#8221;&#8221;]\n<h3><a href=\"https:\/\/buddydive.com\/pt-br\/hilma-hooker\/\">Semana Hilma Hooker<\/a><\/h3>\n<p>13 &#8211; 19 de setembro de 2025<br \/>\n12 &#8211; 18 de setembro de 2026<\/p>\n<p>Uma semana inteira dedicada ao naufr\u00e1gio do Hilma Hooker![\/vc_column_text][\/vc_column][vc_column width=&#8221;1\/2&#8243;][vc_single_image image=&#8221;19267&#8243; img_size=&#8221;large&#8221; onclick=&#8221;custom_link&#8221; link=&#8221;http:\/\/www.buddydive.com\/events\/bonaire-tek&#8221;][vc_column_text css=&#8221;&#8221;]\n<h3><a href=\"http:\/\/www.buddydive.com\/events\/bonaire-tek\">Bonaire TeK<\/a><\/h3>\n<p>27 de setembro \u2013 3 de outubro de 2025<br \/>\n26 de setembro \u2013 2 de outubro de 2026<\/p>\n<p>Mergulhe no mundo do mergulho t\u00e9cnico.[\/vc_column_text][\/vc_column][\/vc_row][vc_row][vc_column width=&#8221;1\/2&#8243;][vc_single_image image=&#8221;16529&#8243; img_size=&#8221;large&#8221; onclick=&#8221;custom_link&#8221; link=&#8221;https:\/\/buddydive.com\/buddy-dive-resort-x-lorenzo-mittiga\/&#8221;][vc_column_text]\n<h3><a href=\"https:\/\/buddydive.com\/buddy-dive-resort-x-lorenzo-mittiga\/\">Buddy Dive Resort x Lorenzo Mittiga <\/a><\/h3>\n<p>Sob consulta<\/p>\n<p>Aprenda com o melhor durante a semana de fotografia subaqu\u00e1tica com o premiado fot\u00f3grafo <a href=\"https:\/\/lorenzomittiga.com\/\">Lorenzo Mittiga!<\/a>[\/vc_column_text][\/vc_column][\/vc_row][vc_row][vc_column][vc_raw_js]JTNDc2NyaXB0JTIwdHlwZSUzRCUyMnRleHQlMkZqYXZhc2NyaXB0JTIyJTNFJTBBd2luZG93LlRyZW5nbyUyMCUzRCUyMHdpbmRvdy5UcmVuZ28lMjAlN0MlN0MlMjAlN0IlN0QlM0IlMEF3aW5kb3cuVHJlbmdvLmtleSUyMCUzRCUyMCUyN1E5SGI4dlBvS2VnRDFBSSUyNyUzQiUwQSUyOGZ1bmN0aW9uJTI4ZCUyQyUyMHNjcmlwdCUyQyUyMHQlMjklMjAlN0IlMEElMjAlMjAlMjAlMjBzY3JpcHQlMjAlM0QlMjBkLmNyZWF0ZUVsZW1lbnQlMjglMjdzY3JpcHQlMjclMjklM0IlMEElMjAlMjAlMjAlMjBzY3JpcHQudHlwZSUyMCUzRCUyMCUyN3RleHQlMkZqYXZhc2NyaXB0JTI3JTNCJTBBJTIwJTIwJTIwJTIwc2NyaXB0LmFzeW5jJTIwJTNEJTIwdHJ1ZSUzQiUwQSUyMCUyMCUyMCUyMHNjcmlwdC5zcmMlMjAlM0QlMjAlMjdodHRwcyUzQSUyRiUyRnN0YXRpYy53aWRnZXQudHJlbmdvLmV1JTJGZW1iZWQuanMlMjclM0IlMEElMjAlMjAlMjAlMjBkLmdldEVsZW1lbnRzQnlUYWdOYW1lJTI4JTI3aGVhZCUyNyUyOSU1QjAlNUQuYXBwZW5kQ2hpbGQlMjhzY3JpcHQlMjklM0IlMEElN0QlMjhkb2N1bWVudCUyOSUyOSUzQiUwQSUzQyUyRnNjcmlwdCUzRQ==[\/vc_raw_js][\/vc_column][\/vc_row]\n<\/div>","protected":false},"excerpt":{"rendered":"<p>[vc_row][vc_column][vc_column_text] Junte-se a n\u00f3s eventos your buddies\u2122 Anualmente, o Buddy Dive Resort torna-se anfitri\u00e3o de diversos eventos populares. Assegure-se de [&hellip;]<\/p>\n","protected":false},"author":1,"featured_media":0,"parent":0,"menu_order":0,"comment_status":"closed","ping_status":"open","template":"page-templates\/page-left.php","meta":{"footnotes":""},"class_list":["post-31750","page","type-page","status-publish","hentry"],"yoast_head":"<!-- This site is optimized with the Yoast SEO plugin v27.4 - https:\/\/yoast.com\/product\/yoast-seo-wordpress\/ -->\n<title>Eventos no Buddy Dive Resort - Buddy Dive Resort Bonaire<\/title>\n<meta name=\"description\" content=\"Participe dos eventos anuais do Buddy Dive Resort. Reserve com anteced\u00eancia para garantir sua vaga.\" \/>\n<meta name=\"robots\" content=\"index, follow, max-snippet:-1, max-image-preview:large, max-video-preview:-1\" \/>\n<link rel=\"canonical\" href=\"https:\/\/buddydive.com\/pt-br\/eventos\/\" \/>\n<meta property=\"og:locale\" content=\"pt_BR\" \/>\n<meta property=\"og:type\" content=\"article\" \/>\n<meta property=\"og:title\" content=\"Eventos no Buddy Dive Resort - Buddy Dive Resort Bonaire\" \/>\n<meta property=\"og:description\" content=\"Participe dos eventos anuais do Buddy Dive Resort. Reserve com anteced\u00eancia para garantir sua vaga.\" \/>\n<meta property=\"og:url\" content=\"https:\/\/buddydive.com\/pt-br\/eventos\/\" \/>\n<meta property=\"og:site_name\" content=\"Buddy Dive Bonaire\" \/>\n<meta property=\"article:publisher\" content=\"https:\/\/www.facebook.com\/buddydiveresort\" \/>\n<meta property=\"article:modified_time\" content=\"2025-07-10T13:06:18+00:00\" \/>\n<meta name=\"twitter:card\" content=\"summary_large_image\" \/>\n<meta name=\"twitter:site\" content=\"@buddydive\" \/>\n<meta name=\"twitter:label1\" content=\"Est. tempo de leitura\" \/>\n\t<meta name=\"twitter:data1\" content=\"2 minutos\" \/>\n<script type=\"application\/ld+json\" class=\"yoast-schema-graph\">{\"@context\":\"https:\\\/\\\/schema.org\",\"@graph\":[{\"@type\":\"WebPage\",\"@id\":\"https:\\\/\\\/buddydive.com\\\/pt-br\\\/eventos\\\/\",\"url\":\"https:\\\/\\\/buddydive.com\\\/pt-br\\\/eventos\\\/\",\"name\":\"Eventos no Buddy Dive Resort - Buddy Dive Resort Bonaire\",\"isPartOf\":{\"@id\":\"https:\\\/\\\/buddydive.com\\\/pt-br\\\/#website\"},\"datePublished\":\"2025-06-11T13:39:39+00:00\",\"dateModified\":\"2025-07-10T13:06:18+00:00\",\"description\":\"Participe dos eventos anuais do Buddy Dive Resort. Reserve com anteced\u00eancia para garantir sua vaga.\",\"breadcrumb\":{\"@id\":\"https:\\\/\\\/buddydive.com\\\/pt-br\\\/eventos\\\/#breadcrumb\"},\"inLanguage\":\"pt-BR\",\"potentialAction\":[{\"@type\":\"ReadAction\",\"target\":[\"https:\\\/\\\/buddydive.com\\\/pt-br\\\/eventos\\\/\"]}]},{\"@type\":\"BreadcrumbList\",\"@id\":\"https:\\\/\\\/buddydive.com\\\/pt-br\\\/eventos\\\/#breadcrumb\",\"itemListElement\":[{\"@type\":\"ListItem\",\"position\":1,\"name\":\"Home\",\"item\":\"https:\\\/\\\/buddydive.com\\\/pt-br\\\/inicio\\\/\"},{\"@type\":\"ListItem\",\"position\":2,\"name\":\"Eventos\"}]},{\"@type\":\"WebSite\",\"@id\":\"https:\\\/\\\/buddydive.com\\\/pt-br\\\/#website\",\"url\":\"https:\\\/\\\/buddydive.com\\\/pt-br\\\/\",\"name\":\"Buddy Dive Bonaire\",\"description\":\"My WordPress Blog\",\"potentialAction\":[{\"@type\":\"SearchAction\",\"target\":{\"@type\":\"EntryPoint\",\"urlTemplate\":\"https:\\\/\\\/buddydive.com\\\/pt-br\\\/?s={search_term_string}\"},\"query-input\":{\"@type\":\"PropertyValueSpecification\",\"valueRequired\":true,\"valueName\":\"search_term_string\"}}],\"inLanguage\":\"pt-BR\"}]}<\/script>\n<!-- \/ Yoast SEO plugin. -->","yoast_head_json":{"title":"Eventos no Buddy Dive Resort - Buddy Dive Resort Bonaire","description":"Participe dos eventos anuais do Buddy Dive Resort. Reserve com anteced\u00eancia para garantir sua vaga.","robots":{"index":"index","follow":"follow","max-snippet":"max-snippet:-1","max-image-preview":"max-image-preview:large","max-video-preview":"max-video-preview:-1"},"canonical":"https:\/\/buddydive.com\/pt-br\/eventos\/","og_locale":"pt_BR","og_type":"article","og_title":"Eventos no Buddy Dive Resort - Buddy Dive Resort Bonaire","og_description":"Participe dos eventos anuais do Buddy Dive Resort. Reserve com anteced\u00eancia para garantir sua vaga.","og_url":"https:\/\/buddydive.com\/pt-br\/eventos\/","og_site_name":"Buddy Dive Bonaire","article_publisher":"https:\/\/www.facebook.com\/buddydiveresort","article_modified_time":"2025-07-10T13:06:18+00:00","twitter_card":"summary_large_image","twitter_site":"@buddydive","twitter_misc":{"Est. tempo de leitura":"2 minutos"},"schema":{"@context":"https:\/\/schema.org","@graph":[{"@type":"WebPage","@id":"https:\/\/buddydive.com\/pt-br\/eventos\/","url":"https:\/\/buddydive.com\/pt-br\/eventos\/","name":"Eventos no Buddy Dive Resort - Buddy Dive Resort Bonaire","isPartOf":{"@id":"https:\/\/buddydive.com\/pt-br\/#website"},"datePublished":"2025-06-11T13:39:39+00:00","dateModified":"2025-07-10T13:06:18+00:00","description":"Participe dos eventos anuais do Buddy Dive Resort. Reserve com anteced\u00eancia para garantir sua vaga.","breadcrumb":{"@id":"https:\/\/buddydive.com\/pt-br\/eventos\/#breadcrumb"},"inLanguage":"pt-BR","potentialAction":[{"@type":"ReadAction","target":["https:\/\/buddydive.com\/pt-br\/eventos\/"]}]},{"@type":"BreadcrumbList","@id":"https:\/\/buddydive.com\/pt-br\/eventos\/#breadcrumb","itemListElement":[{"@type":"ListItem","position":1,"name":"Home","item":"https:\/\/buddydive.com\/pt-br\/inicio\/"},{"@type":"ListItem","position":2,"name":"Eventos"}]},{"@type":"WebSite","@id":"https:\/\/buddydive.com\/pt-br\/#website","url":"https:\/\/buddydive.com\/pt-br\/","name":"Buddy Dive Bonaire","description":"My WordPress Blog","potentialAction":[{"@type":"SearchAction","target":{"@type":"EntryPoint","urlTemplate":"https:\/\/buddydive.com\/pt-br\/?s={search_term_string}"},"query-input":{"@type":"PropertyValueSpecification","valueRequired":true,"valueName":"search_term_string"}}],"inLanguage":"pt-BR"}]}},"_links":{"self":[{"href":"https:\/\/buddydive.com\/pt-br\/wp-json\/wp\/v2\/pages\/31750","targetHints":{"allow":["GET"]}}],"collection":[{"href":"https:\/\/buddydive.com\/pt-br\/wp-json\/wp\/v2\/pages"}],"about":[{"href":"https:\/\/buddydive.com\/pt-br\/wp-json\/wp\/v2\/types\/page"}],"author":[{"embeddable":true,"href":"https:\/\/buddydive.com\/pt-br\/wp-json\/wp\/v2\/users\/1"}],"replies":[{"embeddable":true,"href":"https:\/\/buddydive.com\/pt-br\/wp-json\/wp\/v2\/comments?post=31750"}],"version-history":[{"count":2,"href":"https:\/\/buddydive.com\/pt-br\/wp-json\/wp\/v2\/pages\/31750\/revisions"}],"predecessor-version":[{"id":32909,"href":"https:\/\/buddydive.com\/pt-br\/wp-json\/wp\/v2\/pages\/31750\/revisions\/32909"}],"wp:attachment":[{"href":"https:\/\/buddydive.com\/pt-br\/wp-json\/wp\/v2\/media?parent=31750"}],"curies":[{"name":"wp","href":"https:\/\/api.w.org\/{rel}","templated":true}]}}