{"id":31715,"date":"2025-06-11T13:39:17","date_gmt":"2025-06-11T13:39:17","guid":{"rendered":"https:\/\/buddydive.com\/resort\/"},"modified":"2026-02-19T14:33:50","modified_gmt":"2026-02-19T14:33:50","slug":"resort","status":"publish","type":"page","link":"https:\/\/buddydive.com\/pt-br\/resort\/","title":{"rendered":"Resort"},"content":{"rendered":"<div class=\"wpb-content-wrapper\">[vc_row][vc_column][vc_column_text]\n<h1 class=\"text-uppercase\" style=\"text-align: left;\">Buddy Dive Resort Bonaire<\/h1>\n<p>O Buddy Dive est\u00e1 localizado \u00e0 beira-mar, ao norte da cidade, a poucos passos do oceano de \u00e1guas cristalinas e seus numerosos locais de mergulho. O resort possui sete edif\u00edcios com est\u00fadios espa\u00e7osos, apartamentos de um, dois e tr\u00eas dormit\u00f3rios, um centro de mergulho com servi\u00e7o completo, duas piscinas, dois restaurantes, aluguel de ve\u00edculos e nossa famosa esta\u00e7\u00e3o de abastecimento drive-thru. Seja viajando sozinho, em casal, com amigos e fam\u00edlia, ou com um grupo inteiro de companheiros de mergulho, teremos a acomoda\u00e7\u00e3o adequada para voc\u00ea. Constru\u00eddo com pessoas ativas em mente, o Buddy Dive sabe exatamente o que \u00e9 necess\u00e1rio para proporcionar conforto aos h\u00f3spedes tanto durante seu dia agitado de mergulho e explora\u00e7\u00e3o, quanto depois.<\/p>\n<p>Para tomar sol em um local com vista incompar\u00e1vel, n\u00e3o h\u00e1 lugar melhor do que nossas \u00e1reas de praia elevadas com vista para as \u00e1guas claras e turquesas do Caribe. Uma escadaria curta proporciona f\u00e1cil acesso ao oceano tranquilo abaixo \u2013 excelente para snorkeling e nata\u00e7\u00e3o.<\/p>\n<p>O tamanho \u00edntimo do resort e as vistas deslumbrantes o tornam um cen\u00e1rio ideal para celebrar ocasi\u00f5es especiais, como casamentos, luas de mel e anivers\u00e1rios. Ou para celebrar os prazeres mais simples da vida enquanto se observa um p\u00f4r do sol flamejante ou o nascer da lua em um c\u00e9u sem nuvens.<\/p>\n<p>A fam\u00edlia Van der Valk lhe dar\u00e1 as boas-vindas calorosas![\/vc_column_text][vc_gallery images=&#8221;31719,31720,31718&#8243; img_size=&#8221;medium&#8221; columns=&#8221;3&#8243;][\/vc_column][\/vc_row][vc_row full_width=&#8221;stretch_row&#8221; curly_bg_repeat=&#8221;bg-no-repeat&#8221; css=&#8221;.vc_custom_1579118632208{background-image: url(https:\/\/buddydive.com\/wp-content\/uploads\/2019\/08\/Resort-5-1.jpg?id=3661) !important;background-position: center !important;background-repeat: no-repeat !important;background-size: cover !important;}&#8221;][vc_column][vc_column_text]\n<h2 class=\"text-uppercase\" style=\"text-align: center;\"><span style=\"color: #ffffff;\"><small>O que as pessoas apreciam em n\u00f3s<\/small>depoimentos<\/span><\/h2>\n[\/vc_column_text]<div class='testimonials-carousel  vc_custom_1579119839377 owl-with-navigation' data-owl='{&quot;items&quot;:3,&quot;nav&quot;:false,&quot;navText&quot;:[],&quot;loop&quot;:false,&quot;autoplay&quot;:true,&quot;autoplayTimeout&quot;:&quot;2000&quot;,&quot;autoplayHoverPause&quot;:false,&quot;responsive&quot;:{&quot;0&quot;:{&quot;items&quot;:1,&quot;dots&quot;:true,&quot;nav&quot;:false},&quot;767&quot;:{&quot;items&quot;:2,&quot;dots&quot;:true},&quot;992&quot;:{&quot;items&quot;:3,&quot;dots&quot;:true}}}'><div class='testimonial'>\n      <h4 class='testimonial-title'>\n      Lisa              <small>\n          December, 2019        <\/small>\n          <\/h4>\n        <p>We spent a week in November at the resort and it was a wonderful experience, every thing is geared for diving! The people are very nice and will do everything in their power to make your holiday as perfect as possible. Planning on coming back in 2020 already!<\/p>\n    <a href='' class='btn-inline btn' target=\"_self\"><\/a>\n<\/div>\n<div class='testimonial'>\n      <h4 class='testimonial-title'>\n      Matt              <small>\n          December, 2019        <\/small>\n          <\/h4>\n        <p>I highly recommend Buddy Dive Resort. It is fantastic in price, quality, and fun. Bonaire is an amazing destination for diving, the relaxed atmosphere and plenty of dive spots make it just perfect.<\/p>\n    <a href='' class='btn-inline btn' target=\"_self\"><\/a>\n<\/div>\n<div class='testimonial'>\n      <h4 class='testimonial-title'>\n      Maria              <small>\n          January, 2020        <\/small>\n          <\/h4>\n        <p>We just got back from our 5th trip to Buddy Dive and we had such a great time. The entire staff made us feel so welcome and accomodated our needs with the kids. The diving is, of course, amazing.<\/p>\n    <a href='' class='btn-inline btn' target=\"_self\"><\/a>\n<\/div>\n<\/div>[\/vc_column][\/vc_row][vc_row][vc_column][vc_column_text]\u00a0[\/vc_column_text][\/vc_column][\/vc_row][vc_row][vc_column][\/vc_column][\/vc_row]\n<\/div>","protected":false},"excerpt":{"rendered":"<p>[vc_row][vc_column][vc_column_text] Buddy Dive Resort Bonaire O Buddy Dive est\u00e1 localizado \u00e0 beira-mar, ao norte da cidade, a poucos passos do [&hellip;]<\/p>\n","protected":false},"author":1,"featured_media":0,"parent":0,"menu_order":0,"comment_status":"open","ping_status":"open","template":"page-templates\/page-left.php","meta":{"footnotes":""},"class_list":["post-31715","page","type-page","status-publish","hentry"],"yoast_head":"<!-- This site is optimized with the Yoast SEO plugin v27.4 - https:\/\/yoast.com\/product\/yoast-seo-wordpress\/ -->\n<title>Buddy Dive Resort Bonaire<\/title>\n<meta name=\"description\" content=\"O Buddy Dive est\u00e1 localizado \u00e0 beira-mar, ao norte da cidade, a poucos passos do oceano de \u00e1guas cristalinas e seus numerosos locais de mergulho.\" \/>\n<meta name=\"robots\" content=\"index, follow, max-snippet:-1, max-image-preview:large, max-video-preview:-1\" \/>\n<link rel=\"canonical\" href=\"https:\/\/buddydive.com\/pt-br\/resort\/\" \/>\n<meta property=\"og:locale\" content=\"pt_BR\" \/>\n<meta property=\"og:type\" content=\"article\" \/>\n<meta property=\"og:title\" content=\"Buddy Dive Resort Bonaire\" \/>\n<meta property=\"og:description\" content=\"O Buddy Dive est\u00e1 localizado \u00e0 beira-mar, ao norte da cidade, a poucos passos do oceano de \u00e1guas cristalinas e seus numerosos locais de mergulho.\" \/>\n<meta property=\"og:url\" content=\"https:\/\/buddydive.com\/pt-br\/resort\/\" \/>\n<meta property=\"og:site_name\" content=\"Buddy Dive Bonaire\" \/>\n<meta property=\"article:publisher\" content=\"https:\/\/www.facebook.com\/buddydiveresort\" \/>\n<meta property=\"article:modified_time\" content=\"2026-02-19T14:33:50+00:00\" \/>\n<meta name=\"twitter:card\" content=\"summary_large_image\" \/>\n<meta name=\"twitter:site\" content=\"@buddydive\" \/>\n<meta name=\"twitter:label1\" content=\"Est. tempo de leitura\" \/>\n\t<meta name=\"twitter:data1\" content=\"2 minutos\" \/>\n<script type=\"application\/ld+json\" class=\"yoast-schema-graph\">{\"@context\":\"https:\\\/\\\/schema.org\",\"@graph\":[{\"@type\":\"WebPage\",\"@id\":\"https:\\\/\\\/buddydive.com\\\/pt-br\\\/resort\\\/\",\"url\":\"https:\\\/\\\/buddydive.com\\\/pt-br\\\/resort\\\/\",\"name\":\"Buddy Dive Resort Bonaire\",\"isPartOf\":{\"@id\":\"https:\\\/\\\/buddydive.com\\\/pt-br\\\/#website\"},\"datePublished\":\"2025-06-11T13:39:17+00:00\",\"dateModified\":\"2026-02-19T14:33:50+00:00\",\"description\":\"O Buddy Dive est\u00e1 localizado \u00e0 beira-mar, ao norte da cidade, a poucos passos do oceano de \u00e1guas cristalinas e seus numerosos locais de mergulho.\",\"breadcrumb\":{\"@id\":\"https:\\\/\\\/buddydive.com\\\/pt-br\\\/resort\\\/#breadcrumb\"},\"inLanguage\":\"pt-BR\",\"potentialAction\":[{\"@type\":\"ReadAction\",\"target\":[\"https:\\\/\\\/buddydive.com\\\/pt-br\\\/resort\\\/\"]}]},{\"@type\":\"BreadcrumbList\",\"@id\":\"https:\\\/\\\/buddydive.com\\\/pt-br\\\/resort\\\/#breadcrumb\",\"itemListElement\":[{\"@type\":\"ListItem\",\"position\":1,\"name\":\"Home\",\"item\":\"https:\\\/\\\/buddydive.com\\\/pt-br\\\/inicio\\\/\"},{\"@type\":\"ListItem\",\"position\":2,\"name\":\"Resort\"}]},{\"@type\":\"WebSite\",\"@id\":\"https:\\\/\\\/buddydive.com\\\/pt-br\\\/#website\",\"url\":\"https:\\\/\\\/buddydive.com\\\/pt-br\\\/\",\"name\":\"Buddy Dive Bonaire\",\"description\":\"My WordPress Blog\",\"potentialAction\":[{\"@type\":\"SearchAction\",\"target\":{\"@type\":\"EntryPoint\",\"urlTemplate\":\"https:\\\/\\\/buddydive.com\\\/pt-br\\\/?s={search_term_string}\"},\"query-input\":{\"@type\":\"PropertyValueSpecification\",\"valueRequired\":true,\"valueName\":\"search_term_string\"}}],\"inLanguage\":\"pt-BR\"}]}<\/script>\n<!-- \/ Yoast SEO plugin. -->","yoast_head_json":{"title":"Buddy Dive Resort Bonaire","description":"O Buddy Dive est\u00e1 localizado \u00e0 beira-mar, ao norte da cidade, a poucos passos do oceano de \u00e1guas cristalinas e seus numerosos locais de mergulho.","robots":{"index":"index","follow":"follow","max-snippet":"max-snippet:-1","max-image-preview":"max-image-preview:large","max-video-preview":"max-video-preview:-1"},"canonical":"https:\/\/buddydive.com\/pt-br\/resort\/","og_locale":"pt_BR","og_type":"article","og_title":"Buddy Dive Resort Bonaire","og_description":"O Buddy Dive est\u00e1 localizado \u00e0 beira-mar, ao norte da cidade, a poucos passos do oceano de \u00e1guas cristalinas e seus numerosos locais de mergulho.","og_url":"https:\/\/buddydive.com\/pt-br\/resort\/","og_site_name":"Buddy Dive Bonaire","article_publisher":"https:\/\/www.facebook.com\/buddydiveresort","article_modified_time":"2026-02-19T14:33:50+00:00","twitter_card":"summary_large_image","twitter_site":"@buddydive","twitter_misc":{"Est. tempo de leitura":"2 minutos"},"schema":{"@context":"https:\/\/schema.org","@graph":[{"@type":"WebPage","@id":"https:\/\/buddydive.com\/pt-br\/resort\/","url":"https:\/\/buddydive.com\/pt-br\/resort\/","name":"Buddy Dive Resort Bonaire","isPartOf":{"@id":"https:\/\/buddydive.com\/pt-br\/#website"},"datePublished":"2025-06-11T13:39:17+00:00","dateModified":"2026-02-19T14:33:50+00:00","description":"O Buddy Dive est\u00e1 localizado \u00e0 beira-mar, ao norte da cidade, a poucos passos do oceano de \u00e1guas cristalinas e seus numerosos locais de mergulho.","breadcrumb":{"@id":"https:\/\/buddydive.com\/pt-br\/resort\/#breadcrumb"},"inLanguage":"pt-BR","potentialAction":[{"@type":"ReadAction","target":["https:\/\/buddydive.com\/pt-br\/resort\/"]}]},{"@type":"BreadcrumbList","@id":"https:\/\/buddydive.com\/pt-br\/resort\/#breadcrumb","itemListElement":[{"@type":"ListItem","position":1,"name":"Home","item":"https:\/\/buddydive.com\/pt-br\/inicio\/"},{"@type":"ListItem","position":2,"name":"Resort"}]},{"@type":"WebSite","@id":"https:\/\/buddydive.com\/pt-br\/#website","url":"https:\/\/buddydive.com\/pt-br\/","name":"Buddy Dive Bonaire","description":"My WordPress Blog","potentialAction":[{"@type":"SearchAction","target":{"@type":"EntryPoint","urlTemplate":"https:\/\/buddydive.com\/pt-br\/?s={search_term_string}"},"query-input":{"@type":"PropertyValueSpecification","valueRequired":true,"valueName":"search_term_string"}}],"inLanguage":"pt-BR"}]}},"_links":{"self":[{"href":"https:\/\/buddydive.com\/pt-br\/wp-json\/wp\/v2\/pages\/31715","targetHints":{"allow":["GET"]}}],"collection":[{"href":"https:\/\/buddydive.com\/pt-br\/wp-json\/wp\/v2\/pages"}],"about":[{"href":"https:\/\/buddydive.com\/pt-br\/wp-json\/wp\/v2\/types\/page"}],"author":[{"embeddable":true,"href":"https:\/\/buddydive.com\/pt-br\/wp-json\/wp\/v2\/users\/1"}],"replies":[{"embeddable":true,"href":"https:\/\/buddydive.com\/pt-br\/wp-json\/wp\/v2\/comments?post=31715"}],"version-history":[{"count":4,"href":"https:\/\/buddydive.com\/pt-br\/wp-json\/wp\/v2\/pages\/31715\/revisions"}],"predecessor-version":[{"id":37100,"href":"https:\/\/buddydive.com\/pt-br\/wp-json\/wp\/v2\/pages\/31715\/revisions\/37100"}],"wp:attachment":[{"href":"https:\/\/buddydive.com\/pt-br\/wp-json\/wp\/v2\/media?parent=31715"}],"curies":[{"name":"wp","href":"https:\/\/api.w.org\/{rel}","templated":true}]}}