{"id":31665,"date":"2025-06-11T13:38:56","date_gmt":"2025-06-11T13:38:56","guid":{"rendered":"https:\/\/buddydive.com\/restaurante-e-bar-blennies\/"},"modified":"2025-10-23T16:05:12","modified_gmt":"2025-10-23T16:05:12","slug":"restaurante-e-bar-blennies","status":"publish","type":"page","link":"https:\/\/buddydive.com\/pt-br\/resort\/restaurante-e-bar-blennies\/","title":{"rendered":"Restaurante e Bar Blennies"},"content":{"rendered":"<div class=\"wpb-content-wrapper\">[vc_row][vc_column width=&#8221;1\/6&#8243;][\/vc_column][vc_column width=&#8221;2\/3&#8243;][vc_column_text]\n<h1 class=\"text-uppercase\"><small>RELAXE-SE NO<\/small><strong>Restaurante Blennies<\/strong><\/h1>\n<p><strong>Onde a excelente gastronomia encontra vistas deslumbrantes do oceano<\/strong><\/p>\n<p>Est\u00e1 sonhando com o ref\u00fagio perfeito \u00e0 beira-mar na bela ilha de Bonaire? N\u00e3o procure mais, o Restaurante Blennies \u00e9 o seu portal para o relaxamento, refei\u00e7\u00f5es deliciosas e vistas de tirar o f\u00f4lego. Quer esteja hospedado no Buddy Dive Resort ou apenas visitando a ilha, o Blennies \u00e9 o lugar ideal para uma experi\u00eancia inesquec\u00edvel.<\/p>\n<p><strong>Um Peda\u00e7o do Para\u00edso<\/strong><\/p>\n<p>Aninhado \u00e0 beira-mar do Buddy Dive Resort, o Restaurante Blennies oferece um peda\u00e7o do para\u00edso que est\u00e1 aberto a todos. Adentre nossa praia imaculada, completa com confort\u00e1veis espregui\u00e7adeiras onde pode absorver o sol caribenho, saborear uma bebida refrescante e apreciar o ambiente sereno. Nossa piscina \u00e0 beira-mar adiciona um toque extra de luxo ao seu dia de relaxamento.<\/p>\n<p><strong>A Experi\u00eancia Gastron\u00f4mica<\/strong><\/p>\n<p>O Blennies n\u00e3o \u00e9 apenas um banquete para os olhos, mas tamb\u00e9m para o seu paladar. Temos orgulho em servir uma deliciosa mistura de pratos internacionais e locais, garantindo que cada refei\u00e7\u00e3o seja uma celebra\u00e7\u00e3o. Seja para o almo\u00e7o ou jantar, nosso menu oferece uma variedade de op\u00e7\u00f5es para satisfazer seus desejos.<\/p>\n<ul>\n<li><strong>Almo\u00e7o<\/strong>: Das 11h00 \u00e0s 17h00, saboreie nossa sele\u00e7\u00e3o de saladas frescas, sandu\u00edches, hamb\u00fargueres e deliciosos batidos de frutas. Desfrute de sua refei\u00e7\u00e3o enquanto observa a atividade no p\u00eder de mergulho abaixo.<\/li>\n<li><strong>Jantar<\/strong>: Das 18h00 \u00e0s 22h00, escolha entre nossas especialidades di\u00e1rias ou nosso menu \u00e0 la carte. Jantar sob as estrelas no Blennies \u00e9 uma experi\u00eancia verdadeiramente especial.<\/li>\n<\/ul>\n<p>Visualize nosso menu e escolha o seu prato favorito![\/vc_column_text][vc_btn title=&#8221;Card\u00e1pio&#8221; color=&#8221;success&#8221; align=&#8221;center&#8221; css=&#8221;&#8221; button_block=&#8221;true&#8221; link=&#8221;url:https%3A%2F%2Fbuddydive.com%2Fwp-content%2Fuploads%2F2024%2F05%2FBlennies-Menu-Square-002.pdf|target:_blank|&#8221;][\/vc_column][vc_column width=&#8221;1\/6&#8243;][\/vc_column][\/vc_row][vc_row][vc_column][vc_images_carousel images=&#8221;29191,10576,19237,10745,10748&#8243; slides_per_view=&#8221;3&#8243; wrap=&#8221;yes&#8221; css=&#8221;&#8221;][vc_empty_space][vc_separator][vc_empty_space][vc_column_text]\n<h2 style=\"text-align: center;\">Especiais semanais que voc\u00ea n\u00e3o pode perder<small>Tamb\u00e9m oferecemos noites tem\u00e1ticas especiais para tornar sua experi\u00eancia gastron\u00f4mica ainda mais emocionante:<\/small><\/h2>\n[\/vc_column_text][\/vc_column][\/vc_row][vc_row][vc_column][vc_images_carousel images=&#8221;26176,26155,26158,26161,26167,26172&#8243; slides_per_view=&#8221;3&#8243;][\/vc_column][\/vc_row][vc_row][vc_column][vc_column_text]\n<h2 style=\"text-align: center;\">Nossa \u00e1rea de praia<small>Aproveite o sol, saboreie coquet\u00e9is e desfrute da vista espetacular<\/small><\/h2>\n[\/vc_column_text][vc_images_carousel images=&#8221;24244,24241,24257,24260&#8243; slides_per_view=&#8221;3&#8243; wrap=&#8221;yes&#8221;][\/vc_column][\/vc_row][vc_row][vc_column width=&#8221;1\/2&#8243;][vc_column_text]\n<h3 style=\"text-align: center;\"><strong>Hor\u00e1rio de funcionamento do Blennies<\/strong><\/h3>\n<p style=\"text-align: center;\">Almo\u00e7o: 11h00 \u2013 17h00<br \/>\nJantar: 18h00 &#8211; 22h00[\/vc_column_text][\/vc_column][vc_column width=&#8221;1\/2&#8243;][vc_column_text]\n<h3 class=\"text-center\" style=\"text-align: center;\"><strong>Reservas no Blennies<\/strong><\/h3>\n<p style=\"text-align: center;\">Para reservas para hoje e para reservas para mais de 6 pessoas, voc\u00ea s\u00f3 pode fazer a reserva por telefone. Por favor, tenha em mente que sua reserva n\u00e3o \u00e9 definitiva at\u00e9 que voc\u00ea receba uma confirma\u00e7\u00e3o de nossa parte.<\/p>\n<p style=\"text-align: center;\">+599 717 5080\/+599 789 5080<br \/>\nrestaurantmanager@buddydive.com[\/vc_column_text][\/vc_column][\/vc_row][vc_row][vc_column][vc_raw_js]JTNDc2NyaXB0JTNFJTIwJTI4ZnVuY3Rpb24lMjAlMjhkJTJDJTIwcyUyQyUyMGlkJTJDJTIwaCUyOSUyMCU3QiUyMHZhciUyMGZ0anMlMjAlM0QlMjBkLmdldEVsZW1lbnRzQnlUYWdOYW1lJTI4cyUyOSU1QjAlNUQlM0IlMjBpZiUyMCUyOGQuZ2V0RWxlbWVudEJ5SWQlMjhpZCUyOSUyOSUyMHJldHVybiUzQiUyMHZhciUyMGpzJTIwJTNEJTIwZC5jcmVhdGVFbGVtZW50JTI4cyUyOSUzQiUyMGpzLmlkJTIwJTNEJTIwaWQlM0IlMjBqcy5zcmMlMjAlM0QlMjAlMjJodHRwcyUzQSUyRiUyRmNkbi5mb3JtaXRhYmxlLmNvbSUyRnNkayUyRnYxJTJGZnQuc2RrLm1pbi5qcyUyMiUzQiUyMGglMjAlMjYlMjYlMjAlMjhqcy5vbmxvYWQlMjAlM0QlMjBoJTI5JTNCJTIwZnRqcy5wYXJlbnROb2RlLmluc2VydEJlZm9yZSUyOGpzJTJDJTIwZnRqcyUyOSUzQiUyMCU3RCUyOGRvY3VtZW50JTJDJTIwJTI3c2NyaXB0JTI3JTJDJTIwJTI3Zm9ybWl0YWJsZS1zZGslMjclMkMlMjBmdW5jdGlvbiUyMCUyOCUyOSUyMCU3QiUyMEZULmxvYWQlMjglMjdBbmFseXRpY3MlMjclMjklM0IlMjAlN0QlMjklMjklM0IlMjAlM0MlMkZzY3JpcHQlM0UlMEElM0NkaXYlMjBjbGFzcyUzRCUyMmZ0LXdpZGdldC1iMiUyMiUyMGRhdGEtcmVzdGF1cmFudCUzRCUyMjkxZDAxZDAxJTIyJTIwZGF0YS1vcGVuJTNEJTIyMTUwMCUyMiUyMGRhdGEtb3Blbi1tb2JpbGUlM0QlMjJmYWxzZSUyMiUyMGRhdGEtY29sb3IlM0QlMjIlMjM0RTY5NDclMjIlMjBkYXRhLWxhbmd1YWdlJTNEJTIyYXV0byUyMiUyMGRhdGEtdGFnJTNEJTIyV2Vic2l0ZSUyMiUyMGRhdGEtdG9vbGJhciUzRCUyMnRydWUlMjIlMjBkYXRhLXRvb2xiYXItbW9iaWxlJTNEJTIydHJ1ZSUyMiUzRSUzQyUyRmRpdiUzRSUwQQ==[\/vc_raw_js][\/vc_column][\/vc_row]\n<\/div>","protected":false},"excerpt":{"rendered":"<p>[vc_row][vc_column width=&#8221;1\/6&#8243;][\/vc_column][vc_column width=&#8221;2\/3&#8243;][vc_column_text] RELAXE-SE NORestaurante Blennies Onde a excelente gastronomia encontra vistas deslumbrantes do oceano Est\u00e1 sonhando com o ref\u00fagio [&hellip;]<\/p>\n","protected":false},"author":1,"featured_media":0,"parent":31715,"menu_order":0,"comment_status":"closed","ping_status":"closed","template":"","meta":{"footnotes":""},"class_list":["post-31665","page","type-page","status-publish","hentry"],"yoast_head":"<!-- This site is optimized with the Yoast SEO plugin v27.4 - https:\/\/yoast.com\/product\/yoast-seo-wordpress\/ -->\n<title>Restaurantes e bares em Bonaire - Buddy Dive Bonaire<\/title>\n<meta name=\"description\" content=\"Com dois restaurantes em Bonaire no local, o Buddy Dive oferece op\u00e7\u00f5es para todos; caf\u00e9 da manh\u00e3, almo\u00e7o, jantar ou bebidas, todos com vistas magn\u00edficas para o oceano.\" \/>\n<meta name=\"robots\" content=\"index, follow, max-snippet:-1, max-image-preview:large, max-video-preview:-1\" \/>\n<link rel=\"canonical\" href=\"https:\/\/buddydive.com\/pt-br\/resort\/restaurante-e-bar-blennies\/\" \/>\n<meta property=\"og:locale\" content=\"pt_BR\" \/>\n<meta property=\"og:type\" content=\"article\" \/>\n<meta property=\"og:title\" content=\"Restaurantes e bares em Bonaire - Buddy Dive Bonaire\" \/>\n<meta property=\"og:description\" content=\"Com dois restaurantes em Bonaire no local, o Buddy Dive oferece op\u00e7\u00f5es para todos; caf\u00e9 da manh\u00e3, almo\u00e7o, jantar ou bebidas, todos com vistas magn\u00edficas para o oceano.\" \/>\n<meta property=\"og:url\" content=\"https:\/\/buddydive.com\/pt-br\/resort\/restaurante-e-bar-blennies\/\" \/>\n<meta property=\"og:site_name\" content=\"Buddy Dive Bonaire\" \/>\n<meta property=\"article:publisher\" content=\"https:\/\/www.facebook.com\/buddydiveresort\" \/>\n<meta property=\"article:modified_time\" content=\"2025-10-23T16:05:12+00:00\" \/>\n<meta name=\"twitter:card\" content=\"summary_large_image\" \/>\n<meta name=\"twitter:site\" content=\"@buddydive\" \/>\n<meta name=\"twitter:label1\" content=\"Est. tempo de leitura\" \/>\n\t<meta name=\"twitter:data1\" content=\"2 minutos\" \/>\n<script type=\"application\/ld+json\" class=\"yoast-schema-graph\">{\"@context\":\"https:\\\/\\\/schema.org\",\"@graph\":[{\"@type\":\"WebPage\",\"@id\":\"https:\\\/\\\/buddydive.com\\\/pt-br\\\/resort\\\/restaurante-e-bar-blennies\\\/\",\"url\":\"https:\\\/\\\/buddydive.com\\\/pt-br\\\/resort\\\/restaurante-e-bar-blennies\\\/\",\"name\":\"Restaurantes e bares em Bonaire - Buddy Dive Bonaire\",\"isPartOf\":{\"@id\":\"https:\\\/\\\/buddydive.com\\\/pt-br\\\/#website\"},\"datePublished\":\"2025-06-11T13:38:56+00:00\",\"dateModified\":\"2025-10-23T16:05:12+00:00\",\"description\":\"Com dois restaurantes em Bonaire no local, o Buddy Dive oferece op\u00e7\u00f5es para todos; caf\u00e9 da manh\u00e3, almo\u00e7o, jantar ou bebidas, todos com vistas magn\u00edficas para o oceano.\",\"breadcrumb\":{\"@id\":\"https:\\\/\\\/buddydive.com\\\/pt-br\\\/resort\\\/restaurante-e-bar-blennies\\\/#breadcrumb\"},\"inLanguage\":\"pt-BR\",\"potentialAction\":[{\"@type\":\"ReadAction\",\"target\":[\"https:\\\/\\\/buddydive.com\\\/pt-br\\\/resort\\\/restaurante-e-bar-blennies\\\/\"]}]},{\"@type\":\"BreadcrumbList\",\"@id\":\"https:\\\/\\\/buddydive.com\\\/pt-br\\\/resort\\\/restaurante-e-bar-blennies\\\/#breadcrumb\",\"itemListElement\":[{\"@type\":\"ListItem\",\"position\":1,\"name\":\"Home\",\"item\":\"https:\\\/\\\/buddydive.com\\\/pt-br\\\/inicio\\\/\"},{\"@type\":\"ListItem\",\"position\":2,\"name\":\"Resort\",\"item\":\"https:\\\/\\\/buddydive.com\\\/pt-br\\\/resort\\\/\"},{\"@type\":\"ListItem\",\"position\":3,\"name\":\"Restaurante e Bar Blennies\"}]},{\"@type\":\"WebSite\",\"@id\":\"https:\\\/\\\/buddydive.com\\\/pt-br\\\/#website\",\"url\":\"https:\\\/\\\/buddydive.com\\\/pt-br\\\/\",\"name\":\"Buddy Dive Bonaire\",\"description\":\"My WordPress Blog\",\"potentialAction\":[{\"@type\":\"SearchAction\",\"target\":{\"@type\":\"EntryPoint\",\"urlTemplate\":\"https:\\\/\\\/buddydive.com\\\/pt-br\\\/?s={search_term_string}\"},\"query-input\":{\"@type\":\"PropertyValueSpecification\",\"valueRequired\":true,\"valueName\":\"search_term_string\"}}],\"inLanguage\":\"pt-BR\"}]}<\/script>\n<!-- \/ Yoast SEO plugin. -->","yoast_head_json":{"title":"Restaurantes e bares em Bonaire - Buddy Dive Bonaire","description":"Com dois restaurantes em Bonaire no local, o Buddy Dive oferece op\u00e7\u00f5es para todos; caf\u00e9 da manh\u00e3, almo\u00e7o, jantar ou bebidas, todos com vistas magn\u00edficas para o oceano.","robots":{"index":"index","follow":"follow","max-snippet":"max-snippet:-1","max-image-preview":"max-image-preview:large","max-video-preview":"max-video-preview:-1"},"canonical":"https:\/\/buddydive.com\/pt-br\/resort\/restaurante-e-bar-blennies\/","og_locale":"pt_BR","og_type":"article","og_title":"Restaurantes e bares em Bonaire - Buddy Dive Bonaire","og_description":"Com dois restaurantes em Bonaire no local, o Buddy Dive oferece op\u00e7\u00f5es para todos; caf\u00e9 da manh\u00e3, almo\u00e7o, jantar ou bebidas, todos com vistas magn\u00edficas para o oceano.","og_url":"https:\/\/buddydive.com\/pt-br\/resort\/restaurante-e-bar-blennies\/","og_site_name":"Buddy Dive Bonaire","article_publisher":"https:\/\/www.facebook.com\/buddydiveresort","article_modified_time":"2025-10-23T16:05:12+00:00","twitter_card":"summary_large_image","twitter_site":"@buddydive","twitter_misc":{"Est. tempo de leitura":"2 minutos"},"schema":{"@context":"https:\/\/schema.org","@graph":[{"@type":"WebPage","@id":"https:\/\/buddydive.com\/pt-br\/resort\/restaurante-e-bar-blennies\/","url":"https:\/\/buddydive.com\/pt-br\/resort\/restaurante-e-bar-blennies\/","name":"Restaurantes e bares em Bonaire - Buddy Dive Bonaire","isPartOf":{"@id":"https:\/\/buddydive.com\/pt-br\/#website"},"datePublished":"2025-06-11T13:38:56+00:00","dateModified":"2025-10-23T16:05:12+00:00","description":"Com dois restaurantes em Bonaire no local, o Buddy Dive oferece op\u00e7\u00f5es para todos; caf\u00e9 da manh\u00e3, almo\u00e7o, jantar ou bebidas, todos com vistas magn\u00edficas para o oceano.","breadcrumb":{"@id":"https:\/\/buddydive.com\/pt-br\/resort\/restaurante-e-bar-blennies\/#breadcrumb"},"inLanguage":"pt-BR","potentialAction":[{"@type":"ReadAction","target":["https:\/\/buddydive.com\/pt-br\/resort\/restaurante-e-bar-blennies\/"]}]},{"@type":"BreadcrumbList","@id":"https:\/\/buddydive.com\/pt-br\/resort\/restaurante-e-bar-blennies\/#breadcrumb","itemListElement":[{"@type":"ListItem","position":1,"name":"Home","item":"https:\/\/buddydive.com\/pt-br\/inicio\/"},{"@type":"ListItem","position":2,"name":"Resort","item":"https:\/\/buddydive.com\/pt-br\/resort\/"},{"@type":"ListItem","position":3,"name":"Restaurante e Bar Blennies"}]},{"@type":"WebSite","@id":"https:\/\/buddydive.com\/pt-br\/#website","url":"https:\/\/buddydive.com\/pt-br\/","name":"Buddy Dive Bonaire","description":"My WordPress Blog","potentialAction":[{"@type":"SearchAction","target":{"@type":"EntryPoint","urlTemplate":"https:\/\/buddydive.com\/pt-br\/?s={search_term_string}"},"query-input":{"@type":"PropertyValueSpecification","valueRequired":true,"valueName":"search_term_string"}}],"inLanguage":"pt-BR"}]}},"_links":{"self":[{"href":"https:\/\/buddydive.com\/pt-br\/wp-json\/wp\/v2\/pages\/31665","targetHints":{"allow":["GET"]}}],"collection":[{"href":"https:\/\/buddydive.com\/pt-br\/wp-json\/wp\/v2\/pages"}],"about":[{"href":"https:\/\/buddydive.com\/pt-br\/wp-json\/wp\/v2\/types\/page"}],"author":[{"embeddable":true,"href":"https:\/\/buddydive.com\/pt-br\/wp-json\/wp\/v2\/users\/1"}],"replies":[{"embeddable":true,"href":"https:\/\/buddydive.com\/pt-br\/wp-json\/wp\/v2\/comments?post=31665"}],"version-history":[{"count":7,"href":"https:\/\/buddydive.com\/pt-br\/wp-json\/wp\/v2\/pages\/31665\/revisions"}],"predecessor-version":[{"id":34793,"href":"https:\/\/buddydive.com\/pt-br\/wp-json\/wp\/v2\/pages\/31665\/revisions\/34793"}],"up":[{"embeddable":true,"href":"https:\/\/buddydive.com\/pt-br\/wp-json\/wp\/v2\/pages\/31715"}],"wp:attachment":[{"href":"https:\/\/buddydive.com\/pt-br\/wp-json\/wp\/v2\/media?parent=31665"}],"curies":[{"name":"wp","href":"https:\/\/api.w.org\/{rel}","templated":true}]}}