{"id":31661,"date":"2025-06-11T13:38:39","date_gmt":"2025-06-11T13:38:39","guid":{"rendered":"https:\/\/buddydive.com\/sobre-bonaire\/voos-para-bonaire\/"},"modified":"2026-02-03T11:08:24","modified_gmt":"2026-02-03T11:08:24","slug":"voos-para-bonaire","status":"publish","type":"page","link":"https:\/\/buddydive.com\/pt-br\/sobre-bonaire\/voos-para-bonaire\/","title":{"rendered":"Voos para Bonaire"},"content":{"rendered":"<div class=\"wpb-content-wrapper\">[vc_row][vc_column][vc_column_text css=&#8221;&#8221;]\n<h1 class=\"text-uppercase\" style=\"text-align: center;\"><small>Como chegar a<\/small> Bonaire<\/h1>\n<p>Bonaire est\u00e1 localizada a aproximadamente 80 quil\u00f4metros da costa da Venezuela, pr\u00f3xima a Aruba e Cura\u00e7ao, e faz parte do Caribe Neerland\u00eas. \u00c9 acess\u00edvel por meio de v\u00e1rias companhias a\u00e9reas internacionais e locais provenientes da Europa, Am\u00e9rica Latina e Am\u00e9rica do Norte, facilitando o planejamento de sua pr\u00f3xima viagem de mergulho conosco! Os viajantes podem voar diretamente para o Aeroporto Internacional de Bonaire (BON), tamb\u00e9m conhecido como Aeroporto Internacional Flamingo.<\/p>\n<h3>Voos para Bonaire da Am\u00e9rica do Norte<\/h3>\n<ul>\n<li>A <strong>JetBlue<\/strong> oferece voos durante todo o ano partindo de Nova York (JFK) <strong>aos s\u00e1bados e ter\u00e7as-feiras<\/strong>, a partir de 5 de novembro de 2024.<\/li>\n<li>A <strong>American Airlines<\/strong> proporciona servi\u00e7o partindo de Miami com voos <strong>\u00e0s segundas-feiras, quartas-feiras, sextas-feiras e s\u00e1bados<\/strong> durante todo o ano, com voos di\u00e1rios dispon\u00edveis entre 19 de dezembro de 2024 e 5 de janeiro de 2025.<\/li>\n<li>A <strong>Delta Airlines<\/strong> opera voos diretos partindo de Atlanta <strong>aos s\u00e1bados e domingos<\/strong>, com servi\u00e7o di\u00e1rio adicional durante a alta temporada, de 19 de dezembro de 2024 a 5 de janeiro de 2025.<\/li>\n<li>A <strong>United Airlines<\/strong> opera voos partindo de Newark <strong>aos s\u00e1bados<\/strong> e de Houston <strong>aos domingos<\/strong>.<\/li>\n<li>A <strong>WestJet<\/strong> oferece servi\u00e7o partindo de Toronto, com voos chegando <strong>aos s\u00e1bados<\/strong> e, a partir de 10 de dezembro de 2024, <strong>\u00e0s quartas-feiras<\/strong>.<\/li>\n<\/ul>\n<h3>Voos para Bonaire da Europa<\/h3>\n<p>Viajantes da Europa podem chegar a Bonaire atrav\u00e9s de voos diretos di\u00e1rios partindo de Amsterdam:<\/p>\n<ul>\n<li>A <strong>KLM<\/strong> oferece voos di\u00e1rios.<\/li>\n<li>A <strong>TUI<\/strong> opera voos <strong>\u00e0s segundas-feiras, quartas-feiras, quintas-feiras, sextas-feiras e s\u00e1bados<\/strong>, com voos diretos de Amsterdam \u00e0s quartas-feiras, quintas-feiras e sextas-feiras.<\/li>\n<li>A <strong>Corendon<\/strong> iniciar\u00e1 voos partindo de Amsterdam <strong>aos domingos e quartas-feiras<\/strong>, a partir de 3 de novembro de 2024, dispon\u00edveis durante todo o ano.<\/li>\n<\/ul>\n<h3>Voos para Bonaire do Caribe e Am\u00e9rica Latina<\/h3>\n<ul>\n<li>A <strong>Sky High<\/strong> opera voos partindo de Santo Domingo <strong>\u00e0s sextas-feiras<\/strong>.<\/li>\n<li>A <strong>Winair<\/strong> opera voos partindo de St. Maarten com chegadas <strong>aos domingos, quintas-feiras e s\u00e1bados<\/strong> (via Cura\u00e7ao).<\/li>\n<li>A <strong>Divi Divi<\/strong> e a <strong>EZAir<\/strong> fornecem voos di\u00e1rios partindo de Cura\u00e7ao e Aruba.<\/li>\n<li>A <strong>EZAir<\/strong> tamb\u00e9m oferece voos partindo de Barranquilla <strong>\u00e0s segundas-feiras e sextas-feiras<\/strong>, com os voos de sexta-feira fazendo escala em Cura\u00e7ao.<\/li>\n<\/ul>\n<p>Para obter mais informa\u00e7\u00f5es ou efetuar reservas, por favor, entre em contato diretamente com as companhias a\u00e9reas ou seu agente de reservas.<\/p>\n<hr \/>\n[\/vc_column_text][vc_single_image image=&#8221;30518&#8243; img_size=&#8221;large&#8221; alignment=&#8221;center&#8221; css=&#8221;&#8221;][vc_column_text]<em><strong>Advert\u00eancia: Todas as informa\u00e7\u00f5es est\u00e3o sujeitas a altera\u00e7\u00f5es sem aviso pr\u00e9vio e nenhum direito pode ser derivado destas informa\u00e7\u00f5es. Recomendamos que voc\u00ea se informe adequadamente sobre os voos dispon\u00edveis para e de Bonaire. Apesar de estarmos dispostos a auxili\u00e1-lo neste aspecto, gostar\u00edamos de salientar que esta \u00e9 sua pr\u00f3pria responsabilidade. <\/strong><\/em><\/p>\n<p><em>Altera\u00e7\u00f5es sazonais podem ser aplic\u00e1veis. <\/em>[\/vc_column_text][\/vc_column][\/vc_row][vc_row][vc_column][\/vc_column][\/vc_row]\n<\/div>","protected":false},"excerpt":{"rendered":"<p>[vc_row][vc_column][vc_column_text css=&#8221;&#8221;] Como chegar a Bonaire Bonaire est\u00e1 localizada a aproximadamente 80 quil\u00f4metros da costa da Venezuela, pr\u00f3xima a Aruba [&hellip;]<\/p>\n","protected":false},"author":1,"featured_media":0,"parent":31644,"menu_order":0,"comment_status":"closed","ping_status":"closed","template":"","meta":{"footnotes":""},"class_list":["post-31661","page","type-page","status-publish","hentry"],"yoast_head":"<!-- This site is optimized with the Yoast SEO plugin v27.4 - https:\/\/yoast.com\/product\/yoast-seo-wordpress\/ -->\n<title>Voos para Bonaire - Buddy Dive Resort Bonaire<\/title>\n<meta name=\"description\" content=\"H\u00e1 v\u00e1rios voos diretos para Bonaire com a United Airlines e a Delta dos EUA. \u00c9 relativamente f\u00e1cil ir para Bonaire para a sua pr\u00f3xima viagem de mergulho!\" \/>\n<meta name=\"robots\" content=\"index, follow, max-snippet:-1, max-image-preview:large, max-video-preview:-1\" \/>\n<link rel=\"canonical\" href=\"https:\/\/buddydive.com\/pt-br\/sobre-bonaire\/voos-para-bonaire\/\" \/>\n<meta property=\"og:locale\" content=\"pt_BR\" \/>\n<meta property=\"og:type\" content=\"article\" \/>\n<meta property=\"og:title\" content=\"Voos para Bonaire - Buddy Dive Resort Bonaire\" \/>\n<meta property=\"og:description\" content=\"H\u00e1 v\u00e1rios voos diretos para Bonaire com a United Airlines e a Delta dos EUA. \u00c9 relativamente f\u00e1cil ir para Bonaire para a sua pr\u00f3xima viagem de mergulho!\" \/>\n<meta property=\"og:url\" content=\"https:\/\/buddydive.com\/pt-br\/sobre-bonaire\/voos-para-bonaire\/\" \/>\n<meta property=\"og:site_name\" content=\"Buddy Dive Bonaire\" \/>\n<meta property=\"article:publisher\" content=\"https:\/\/www.facebook.com\/buddydiveresort\" \/>\n<meta property=\"article:modified_time\" content=\"2026-02-03T11:08:24+00:00\" \/>\n<meta name=\"twitter:card\" content=\"summary_large_image\" \/>\n<meta name=\"twitter:site\" content=\"@buddydive\" \/>\n<meta name=\"twitter:label1\" content=\"Est. tempo de leitura\" \/>\n\t<meta name=\"twitter:data1\" content=\"2 minutos\" \/>\n<script type=\"application\/ld+json\" class=\"yoast-schema-graph\">{\"@context\":\"https:\\\/\\\/schema.org\",\"@graph\":[{\"@type\":\"WebPage\",\"@id\":\"https:\\\/\\\/buddydive.com\\\/pt-br\\\/sobre-bonaire\\\/voos-para-bonaire\\\/\",\"url\":\"https:\\\/\\\/buddydive.com\\\/pt-br\\\/sobre-bonaire\\\/voos-para-bonaire\\\/\",\"name\":\"Voos para Bonaire - Buddy Dive Resort Bonaire\",\"isPartOf\":{\"@id\":\"https:\\\/\\\/buddydive.com\\\/pt-br\\\/#website\"},\"datePublished\":\"2025-06-11T13:38:39+00:00\",\"dateModified\":\"2026-02-03T11:08:24+00:00\",\"description\":\"H\u00e1 v\u00e1rios voos diretos para Bonaire com a United Airlines e a Delta dos EUA. \u00c9 relativamente f\u00e1cil ir para Bonaire para a sua pr\u00f3xima viagem de mergulho!\",\"breadcrumb\":{\"@id\":\"https:\\\/\\\/buddydive.com\\\/pt-br\\\/sobre-bonaire\\\/voos-para-bonaire\\\/#breadcrumb\"},\"inLanguage\":\"pt-BR\",\"potentialAction\":[{\"@type\":\"ReadAction\",\"target\":[\"https:\\\/\\\/buddydive.com\\\/pt-br\\\/sobre-bonaire\\\/voos-para-bonaire\\\/\"]}]},{\"@type\":\"BreadcrumbList\",\"@id\":\"https:\\\/\\\/buddydive.com\\\/pt-br\\\/sobre-bonaire\\\/voos-para-bonaire\\\/#breadcrumb\",\"itemListElement\":[{\"@type\":\"ListItem\",\"position\":1,\"name\":\"Home\",\"item\":\"https:\\\/\\\/buddydive.com\\\/pt-br\\\/inicio\\\/\"},{\"@type\":\"ListItem\",\"position\":2,\"name\":\"Sobre Bonaire\",\"item\":\"https:\\\/\\\/buddydive.com\\\/pt-br\\\/sobre-bonaire\\\/\"},{\"@type\":\"ListItem\",\"position\":3,\"name\":\"Voos para Bonaire\"}]},{\"@type\":\"WebSite\",\"@id\":\"https:\\\/\\\/buddydive.com\\\/pt-br\\\/#website\",\"url\":\"https:\\\/\\\/buddydive.com\\\/pt-br\\\/\",\"name\":\"Buddy Dive Bonaire\",\"description\":\"My WordPress Blog\",\"potentialAction\":[{\"@type\":\"SearchAction\",\"target\":{\"@type\":\"EntryPoint\",\"urlTemplate\":\"https:\\\/\\\/buddydive.com\\\/pt-br\\\/?s={search_term_string}\"},\"query-input\":{\"@type\":\"PropertyValueSpecification\",\"valueRequired\":true,\"valueName\":\"search_term_string\"}}],\"inLanguage\":\"pt-BR\"}]}<\/script>\n<!-- \/ Yoast SEO plugin. -->","yoast_head_json":{"title":"Voos para Bonaire - Buddy Dive Resort Bonaire","description":"H\u00e1 v\u00e1rios voos diretos para Bonaire com a United Airlines e a Delta dos EUA. \u00c9 relativamente f\u00e1cil ir para Bonaire para a sua pr\u00f3xima viagem de mergulho!","robots":{"index":"index","follow":"follow","max-snippet":"max-snippet:-1","max-image-preview":"max-image-preview:large","max-video-preview":"max-video-preview:-1"},"canonical":"https:\/\/buddydive.com\/pt-br\/sobre-bonaire\/voos-para-bonaire\/","og_locale":"pt_BR","og_type":"article","og_title":"Voos para Bonaire - Buddy Dive Resort Bonaire","og_description":"H\u00e1 v\u00e1rios voos diretos para Bonaire com a United Airlines e a Delta dos EUA. \u00c9 relativamente f\u00e1cil ir para Bonaire para a sua pr\u00f3xima viagem de mergulho!","og_url":"https:\/\/buddydive.com\/pt-br\/sobre-bonaire\/voos-para-bonaire\/","og_site_name":"Buddy Dive Bonaire","article_publisher":"https:\/\/www.facebook.com\/buddydiveresort","article_modified_time":"2026-02-03T11:08:24+00:00","twitter_card":"summary_large_image","twitter_site":"@buddydive","twitter_misc":{"Est. tempo de leitura":"2 minutos"},"schema":{"@context":"https:\/\/schema.org","@graph":[{"@type":"WebPage","@id":"https:\/\/buddydive.com\/pt-br\/sobre-bonaire\/voos-para-bonaire\/","url":"https:\/\/buddydive.com\/pt-br\/sobre-bonaire\/voos-para-bonaire\/","name":"Voos para Bonaire - Buddy Dive Resort Bonaire","isPartOf":{"@id":"https:\/\/buddydive.com\/pt-br\/#website"},"datePublished":"2025-06-11T13:38:39+00:00","dateModified":"2026-02-03T11:08:24+00:00","description":"H\u00e1 v\u00e1rios voos diretos para Bonaire com a United Airlines e a Delta dos EUA. \u00c9 relativamente f\u00e1cil ir para Bonaire para a sua pr\u00f3xima viagem de mergulho!","breadcrumb":{"@id":"https:\/\/buddydive.com\/pt-br\/sobre-bonaire\/voos-para-bonaire\/#breadcrumb"},"inLanguage":"pt-BR","potentialAction":[{"@type":"ReadAction","target":["https:\/\/buddydive.com\/pt-br\/sobre-bonaire\/voos-para-bonaire\/"]}]},{"@type":"BreadcrumbList","@id":"https:\/\/buddydive.com\/pt-br\/sobre-bonaire\/voos-para-bonaire\/#breadcrumb","itemListElement":[{"@type":"ListItem","position":1,"name":"Home","item":"https:\/\/buddydive.com\/pt-br\/inicio\/"},{"@type":"ListItem","position":2,"name":"Sobre Bonaire","item":"https:\/\/buddydive.com\/pt-br\/sobre-bonaire\/"},{"@type":"ListItem","position":3,"name":"Voos para Bonaire"}]},{"@type":"WebSite","@id":"https:\/\/buddydive.com\/pt-br\/#website","url":"https:\/\/buddydive.com\/pt-br\/","name":"Buddy Dive Bonaire","description":"My WordPress Blog","potentialAction":[{"@type":"SearchAction","target":{"@type":"EntryPoint","urlTemplate":"https:\/\/buddydive.com\/pt-br\/?s={search_term_string}"},"query-input":{"@type":"PropertyValueSpecification","valueRequired":true,"valueName":"search_term_string"}}],"inLanguage":"pt-BR"}]}},"_links":{"self":[{"href":"https:\/\/buddydive.com\/pt-br\/wp-json\/wp\/v2\/pages\/31661","targetHints":{"allow":["GET"]}}],"collection":[{"href":"https:\/\/buddydive.com\/pt-br\/wp-json\/wp\/v2\/pages"}],"about":[{"href":"https:\/\/buddydive.com\/pt-br\/wp-json\/wp\/v2\/types\/page"}],"author":[{"embeddable":true,"href":"https:\/\/buddydive.com\/pt-br\/wp-json\/wp\/v2\/users\/1"}],"replies":[{"embeddable":true,"href":"https:\/\/buddydive.com\/pt-br\/wp-json\/wp\/v2\/comments?post=31661"}],"version-history":[{"count":3,"href":"https:\/\/buddydive.com\/pt-br\/wp-json\/wp\/v2\/pages\/31661\/revisions"}],"predecessor-version":[{"id":36495,"href":"https:\/\/buddydive.com\/pt-br\/wp-json\/wp\/v2\/pages\/31661\/revisions\/36495"}],"up":[{"embeddable":true,"href":"https:\/\/buddydive.com\/pt-br\/wp-json\/wp\/v2\/pages\/31644"}],"wp:attachment":[{"href":"https:\/\/buddydive.com\/pt-br\/wp-json\/wp\/v2\/media?parent=31661"}],"curies":[{"name":"wp","href":"https:\/\/api.w.org\/{rel}","templated":true}]}}