{"id":31657,"date":"2025-06-11T13:38:38","date_gmt":"2025-06-11T13:38:38","guid":{"rendered":"https:\/\/buddydive.com\/acampamento-maritimo-infantil\/"},"modified":"2025-07-10T13:08:53","modified_gmt":"2025-07-10T13:08:53","slug":"acampamento-maritimo-infantil","status":"publish","type":"page","link":"https:\/\/buddydive.com\/pt-br\/eventos\/acampamento-maritimo-infantil\/","title":{"rendered":"Acampamento Mar\u00edtimo Infantil"},"content":{"rendered":"<div class=\"wpb-content-wrapper\">[vc_row][vc_column][vc_column_text css=&#8221;&#8221;]\n<h1 class=\"text-uppercase\" style=\"text-align: center;\"><small>Crian\u00e7as felizes, pais felizes<\/small>Acampamento Mar\u00edtimo Infantil<\/h1>\n<p><em>29 de mar\u00e7o &#8211; 5 de abril de 2025<br \/>\n<\/em><em>2 &#8211; 16 de agosto de 2025<\/em><\/p>\n<p><em>4 &#8211; 11 de abril de 2026<\/em><br \/>\n<em>20 de junho &#8211; 4 de julho de 2026<\/em><br \/>\n<em>21 &#8211; 28 de novembro de 2026<\/em><\/p>\n<p class=\"lead\">O Acampamento Mar\u00edtimo Infantil \u00e9 um evento familiar divertido organizado anualmente por Margo Peyton no Resort Buddy Dive. Este programa completo integra tanto eventos educacionais para as crian\u00e7as em terra e debaixo d&#8217;\u00e1gua, quanto tempo privativo familiar para tornar esta uma experi\u00eancia memor\u00e1vel para toda a fam\u00edlia.<\/p>\n<p>As semanas do Acampamento Mar\u00edtimo Infantil s\u00e3o divertidas para toda a fam\u00edlia! O programa oferece uma semana de eventos de mergulho divertidos e educativos combinados para crian\u00e7as, equilibrando tempo igual para relaxamento e momentos privativos com seus pais. O resultado \u00e9 um programa completo projetado para proporcionar aos pais f\u00e9rias de mergulho familiar memor\u00e1veis e \u00e0s suas crian\u00e7as uma experi\u00eancia \u00fanica, conhecendo outras crian\u00e7as de todo o mundo, aprendendo a mergulhar, bem como construindo um v\u00ednculo com o mundo subaqu\u00e1tico. Aqueles jovens que aprendem isto em uma idade precoce tamb\u00e9m aprendem a amar e proteger nossos oceanos, garantindo o futuro dos recifes para os anos vindouros.[\/vc_column_text][vc_column_text css=&#8221;&#8221;]\n<p style=\"text-align: left;\"><strong>O pr\u00f3ximo Acampamento Mar\u00edtimo Infantil no Resort Buddy Dive ocorrer\u00e1 de:<br \/>\n<\/strong>29 de mar\u00e7o &#8211; 5 de abril e 2 &#8211; 16 de agosto de 2025[\/vc_column_text][vc_separator css=&#8221;&#8221;][vc_column_text css=&#8221;&#8221;]\n<h3><\/h3>\n<h3 class=\"text-uppercase\">F\u00e9rias perfeitas para crian\u00e7as<\/h3>\n<p>As crian\u00e7as podem participar de uma grande variedade de cursos, seja iniciando a experi\u00eancia de mergulho usando o equipamento SASY ou sendo mergulhadores juniores avan\u00e7ados, tudo \u00e9 poss\u00edvel! Os cursos s\u00e3o ministrados em pequenos grupos, junto com outras crian\u00e7as e um Instrutor Buddy Dive. Ao final da semana, todas as crian\u00e7as ser\u00e3o homenageadas na cerim\u00f4nia de certifica\u00e7\u00e3o.<\/p>\n<p>Al\u00e9m do mergulho infantil, o programa inclui um cruzeiro ao p\u00f4r do sol com toda a fam\u00edlia, entretenimento ao vivo, passeios terrestres e h\u00e1 3 op\u00e7\u00f5es de pacotes de mergulho para adultos. Os adultos s\u00e3o, naturalmente, tamb\u00e9m mais do que bem-vindos para participar de qualquer curso (de especialidade) de mergulho!<\/p>\n<p>As semanas do Acampamento Mar\u00edtimo Infantil incluem: SASY, SEAL, Mergulhador Junior de \u00c1guas Abertas, Mergulhador Avan\u00e7ado de \u00c1guas Abertas, curso de Resgate, Renova\u00e7\u00e3o de Recifes.<\/p>\n<p>RESERVE seu Acampamento Mar\u00edtimo Infantil atrav\u00e9s da Family Dive Adventures<\/p>\n<p>Deseja mais informa\u00e7\u00f5es sobre as possibilidades, pr\u00eamios e disponibilidade? Entre em contato diretamente com a Family Dive Adventures.[\/vc_column_text][vc_btn title=&#8221;Mais informa\u00e7\u00f5es&#8221; align=&#8221;center&#8221; link=&#8221;url:https%3A%2F%2Ffamilydivers.com%2Fdestination%2Fbonaire%2F%23sthash.TvISI5hA.u33PtCZw.dpbs|target:%20_blank|&#8221;][vc_gallery images=&#8221;3987,3988,3990&#8243; img_size=&#8221;large&#8221; onclick=&#8221;img_link_large&#8221; columns=&#8221;3&#8243;][vc_video link=&#8221;https:\/\/youtu.be\/sNQ_SuD5qxQ&#8221;][\/vc_column][\/vc_row][vc_row][vc_column][vc_raw_js]JTNDc2NyaXB0JTIwdHlwZSUzRCUyMnRleHQlMkZqYXZhc2NyaXB0JTIyJTNFJTBBd2luZG93LlRyZW5nbyUyMCUzRCUyMHdpbmRvdy5UcmVuZ28lMjAlN0MlN0MlMjAlN0IlN0QlM0IlMEF3aW5kb3cuVHJlbmdvLmtleSUyMCUzRCUyMCUyN1E5SGI4dlBvS2VnRDFBSSUyNyUzQiUwQSUyOGZ1bmN0aW9uJTI4ZCUyQyUyMHNjcmlwdCUyQyUyMHQlMjklMjAlN0IlMEElMjAlMjAlMjAlMjBzY3JpcHQlMjAlM0QlMjBkLmNyZWF0ZUVsZW1lbnQlMjglMjdzY3JpcHQlMjclMjklM0IlMEElMjAlMjAlMjAlMjBzY3JpcHQudHlwZSUyMCUzRCUyMCUyN3RleHQlMkZqYXZhc2NyaXB0JTI3JTNCJTBBJTIwJTIwJTIwJTIwc2NyaXB0LmFzeW5jJTIwJTNEJTIwdHJ1ZSUzQiUwQSUyMCUyMCUyMCUyMHNjcmlwdC5zcmMlMjAlM0QlMjAlMjdodHRwcyUzQSUyRiUyRnN0YXRpYy53aWRnZXQudHJlbmdvLmV1JTJGZW1iZWQuanMlMjclM0IlMEElMjAlMjAlMjAlMjBkLmdldEVsZW1lbnRzQnlUYWdOYW1lJTI4JTI3aGVhZCUyNyUyOSU1QjAlNUQuYXBwZW5kQ2hpbGQlMjhzY3JpcHQlMjklM0IlMEElN0QlMjhkb2N1bWVudCUyOSUyOSUzQiUwQSUzQyUyRnNjcmlwdCUzRQ==[\/vc_raw_js][\/vc_column][\/vc_row][vc_row][vc_column][\/vc_column][\/vc_row][vc_row][vc_column][\/vc_column][\/vc_row]\n<\/div>","protected":false},"excerpt":{"rendered":"<p>[vc_row][vc_column][vc_column_text css=&#8221;&#8221;] Crian\u00e7as felizes, pais felizesAcampamento Mar\u00edtimo Infantil 29 de mar\u00e7o &#8211; 5 de abril de 2025 2 &#8211; 16 [&hellip;]<\/p>\n","protected":false},"author":1,"featured_media":0,"parent":31750,"menu_order":0,"comment_status":"closed","ping_status":"closed","template":"","meta":{"footnotes":""},"class_list":["post-31657","page","type-page","status-publish","hentry"],"yoast_head":"<!-- This site is optimized with the Yoast SEO plugin v27.4 - https:\/\/yoast.com\/product\/yoast-seo-wordpress\/ -->\n<title>Acampamento Mar\u00edtimo Infantil - Resort Buddy Dive<\/title>\n<meta name=\"description\" content=\"Acampamento Mar\u00edtimo Infantil; um evento familiar divertido que retorna anualmente, combinando cursos de mergulho com atividades para toda a fam\u00edlia! Crie suas pr\u00f3prias f\u00e9rias familiares memor\u00e1veis\" \/>\n<meta name=\"robots\" content=\"index, follow, max-snippet:-1, max-image-preview:large, max-video-preview:-1\" \/>\n<link rel=\"canonical\" href=\"https:\/\/buddydive.com\/pt-br\/eventos\/acampamento-maritimo-infantil\/\" \/>\n<meta property=\"og:locale\" content=\"pt_BR\" \/>\n<meta property=\"og:type\" content=\"article\" \/>\n<meta property=\"og:title\" content=\"Acampamento Mar\u00edtimo Infantil - Resort Buddy Dive\" \/>\n<meta property=\"og:description\" content=\"Acampamento Mar\u00edtimo Infantil; um evento familiar divertido que retorna anualmente, combinando cursos de mergulho com atividades para toda a fam\u00edlia! Crie suas pr\u00f3prias f\u00e9rias familiares memor\u00e1veis\" \/>\n<meta property=\"og:url\" content=\"https:\/\/buddydive.com\/pt-br\/eventos\/acampamento-maritimo-infantil\/\" \/>\n<meta property=\"og:site_name\" content=\"Buddy Dive Bonaire\" \/>\n<meta property=\"article:publisher\" content=\"https:\/\/www.facebook.com\/buddydiveresort\" \/>\n<meta property=\"article:modified_time\" content=\"2025-07-10T13:08:53+00:00\" \/>\n<meta name=\"twitter:card\" content=\"summary_large_image\" \/>\n<meta name=\"twitter:site\" content=\"@buddydive\" \/>\n<meta name=\"twitter:label1\" content=\"Est. tempo de leitura\" \/>\n\t<meta name=\"twitter:data1\" content=\"2 minutos\" \/>\n<script type=\"application\/ld+json\" class=\"yoast-schema-graph\">{\"@context\":\"https:\\\/\\\/schema.org\",\"@graph\":[{\"@type\":\"WebPage\",\"@id\":\"https:\\\/\\\/buddydive.com\\\/pt-br\\\/eventos\\\/acampamento-maritimo-infantil\\\/\",\"url\":\"https:\\\/\\\/buddydive.com\\\/pt-br\\\/eventos\\\/acampamento-maritimo-infantil\\\/\",\"name\":\"Acampamento Mar\u00edtimo Infantil - Resort Buddy Dive\",\"isPartOf\":{\"@id\":\"https:\\\/\\\/buddydive.com\\\/pt-br\\\/#website\"},\"datePublished\":\"2025-06-11T13:38:38+00:00\",\"dateModified\":\"2025-07-10T13:08:53+00:00\",\"description\":\"Acampamento Mar\u00edtimo Infantil; um evento familiar divertido que retorna anualmente, combinando cursos de mergulho com atividades para toda a fam\u00edlia! Crie suas pr\u00f3prias f\u00e9rias familiares memor\u00e1veis\",\"breadcrumb\":{\"@id\":\"https:\\\/\\\/buddydive.com\\\/pt-br\\\/eventos\\\/acampamento-maritimo-infantil\\\/#breadcrumb\"},\"inLanguage\":\"pt-BR\",\"potentialAction\":[{\"@type\":\"ReadAction\",\"target\":[\"https:\\\/\\\/buddydive.com\\\/pt-br\\\/eventos\\\/acampamento-maritimo-infantil\\\/\"]}]},{\"@type\":\"BreadcrumbList\",\"@id\":\"https:\\\/\\\/buddydive.com\\\/pt-br\\\/eventos\\\/acampamento-maritimo-infantil\\\/#breadcrumb\",\"itemListElement\":[{\"@type\":\"ListItem\",\"position\":1,\"name\":\"Home\",\"item\":\"https:\\\/\\\/buddydive.com\\\/pt-br\\\/inicio\\\/\"},{\"@type\":\"ListItem\",\"position\":2,\"name\":\"Eventos\",\"item\":\"https:\\\/\\\/buddydive.com\\\/pt-br\\\/eventos\\\/\"},{\"@type\":\"ListItem\",\"position\":3,\"name\":\"Acampamento Mar\u00edtimo Infantil\"}]},{\"@type\":\"WebSite\",\"@id\":\"https:\\\/\\\/buddydive.com\\\/pt-br\\\/#website\",\"url\":\"https:\\\/\\\/buddydive.com\\\/pt-br\\\/\",\"name\":\"Buddy Dive Bonaire\",\"description\":\"My WordPress Blog\",\"potentialAction\":[{\"@type\":\"SearchAction\",\"target\":{\"@type\":\"EntryPoint\",\"urlTemplate\":\"https:\\\/\\\/buddydive.com\\\/pt-br\\\/?s={search_term_string}\"},\"query-input\":{\"@type\":\"PropertyValueSpecification\",\"valueRequired\":true,\"valueName\":\"search_term_string\"}}],\"inLanguage\":\"pt-BR\"}]}<\/script>\n<!-- \/ Yoast SEO plugin. -->","yoast_head_json":{"title":"Acampamento Mar\u00edtimo Infantil - Resort Buddy Dive","description":"Acampamento Mar\u00edtimo Infantil; um evento familiar divertido que retorna anualmente, combinando cursos de mergulho com atividades para toda a fam\u00edlia! Crie suas pr\u00f3prias f\u00e9rias familiares memor\u00e1veis","robots":{"index":"index","follow":"follow","max-snippet":"max-snippet:-1","max-image-preview":"max-image-preview:large","max-video-preview":"max-video-preview:-1"},"canonical":"https:\/\/buddydive.com\/pt-br\/eventos\/acampamento-maritimo-infantil\/","og_locale":"pt_BR","og_type":"article","og_title":"Acampamento Mar\u00edtimo Infantil - Resort Buddy Dive","og_description":"Acampamento Mar\u00edtimo Infantil; um evento familiar divertido que retorna anualmente, combinando cursos de mergulho com atividades para toda a fam\u00edlia! Crie suas pr\u00f3prias f\u00e9rias familiares memor\u00e1veis","og_url":"https:\/\/buddydive.com\/pt-br\/eventos\/acampamento-maritimo-infantil\/","og_site_name":"Buddy Dive Bonaire","article_publisher":"https:\/\/www.facebook.com\/buddydiveresort","article_modified_time":"2025-07-10T13:08:53+00:00","twitter_card":"summary_large_image","twitter_site":"@buddydive","twitter_misc":{"Est. tempo de leitura":"2 minutos"},"schema":{"@context":"https:\/\/schema.org","@graph":[{"@type":"WebPage","@id":"https:\/\/buddydive.com\/pt-br\/eventos\/acampamento-maritimo-infantil\/","url":"https:\/\/buddydive.com\/pt-br\/eventos\/acampamento-maritimo-infantil\/","name":"Acampamento Mar\u00edtimo Infantil - Resort Buddy Dive","isPartOf":{"@id":"https:\/\/buddydive.com\/pt-br\/#website"},"datePublished":"2025-06-11T13:38:38+00:00","dateModified":"2025-07-10T13:08:53+00:00","description":"Acampamento Mar\u00edtimo Infantil; um evento familiar divertido que retorna anualmente, combinando cursos de mergulho com atividades para toda a fam\u00edlia! Crie suas pr\u00f3prias f\u00e9rias familiares memor\u00e1veis","breadcrumb":{"@id":"https:\/\/buddydive.com\/pt-br\/eventos\/acampamento-maritimo-infantil\/#breadcrumb"},"inLanguage":"pt-BR","potentialAction":[{"@type":"ReadAction","target":["https:\/\/buddydive.com\/pt-br\/eventos\/acampamento-maritimo-infantil\/"]}]},{"@type":"BreadcrumbList","@id":"https:\/\/buddydive.com\/pt-br\/eventos\/acampamento-maritimo-infantil\/#breadcrumb","itemListElement":[{"@type":"ListItem","position":1,"name":"Home","item":"https:\/\/buddydive.com\/pt-br\/inicio\/"},{"@type":"ListItem","position":2,"name":"Eventos","item":"https:\/\/buddydive.com\/pt-br\/eventos\/"},{"@type":"ListItem","position":3,"name":"Acampamento Mar\u00edtimo Infantil"}]},{"@type":"WebSite","@id":"https:\/\/buddydive.com\/pt-br\/#website","url":"https:\/\/buddydive.com\/pt-br\/","name":"Buddy Dive Bonaire","description":"My WordPress Blog","potentialAction":[{"@type":"SearchAction","target":{"@type":"EntryPoint","urlTemplate":"https:\/\/buddydive.com\/pt-br\/?s={search_term_string}"},"query-input":{"@type":"PropertyValueSpecification","valueRequired":true,"valueName":"search_term_string"}}],"inLanguage":"pt-BR"}]}},"_links":{"self":[{"href":"https:\/\/buddydive.com\/pt-br\/wp-json\/wp\/v2\/pages\/31657","targetHints":{"allow":["GET"]}}],"collection":[{"href":"https:\/\/buddydive.com\/pt-br\/wp-json\/wp\/v2\/pages"}],"about":[{"href":"https:\/\/buddydive.com\/pt-br\/wp-json\/wp\/v2\/types\/page"}],"author":[{"embeddable":true,"href":"https:\/\/buddydive.com\/pt-br\/wp-json\/wp\/v2\/users\/1"}],"replies":[{"embeddable":true,"href":"https:\/\/buddydive.com\/pt-br\/wp-json\/wp\/v2\/comments?post=31657"}],"version-history":[{"count":5,"href":"https:\/\/buddydive.com\/pt-br\/wp-json\/wp\/v2\/pages\/31657\/revisions"}],"predecessor-version":[{"id":32910,"href":"https:\/\/buddydive.com\/pt-br\/wp-json\/wp\/v2\/pages\/31657\/revisions\/32910"}],"up":[{"embeddable":true,"href":"https:\/\/buddydive.com\/pt-br\/wp-json\/wp\/v2\/pages\/31750"}],"wp:attachment":[{"href":"https:\/\/buddydive.com\/pt-br\/wp-json\/wp\/v2\/media?parent=31657"}],"curies":[{"name":"wp","href":"https:\/\/api.w.org\/{rel}","templated":true}]}}