{"id":31652,"date":"2025-06-11T13:38:19","date_gmt":"2025-06-11T13:38:19","guid":{"rendered":"https:\/\/buddydive.com\/sobre-nos\/parceiros-de-viagem\/"},"modified":"2026-02-03T11:37:06","modified_gmt":"2026-02-03T11:37:06","slug":"parceiros-de-viagem","status":"publish","type":"page","link":"https:\/\/buddydive.com\/pt-br\/sobre-nos\/parceiros-de-viagem\/","title":{"rendered":"Parceiros de viagem"},"content":{"rendered":"<div class=\"wpb-content-wrapper\">[vc_row][vc_column][vc_column_text]\n<h1 style=\"text-align: center;\">Parceiros de viagem<\/h1>\n[\/vc_column_text][vc_column_text]Para sua conveni\u00eancia, estabelecemos uma lista de parceiros de viagem Your Buddies\u2122 onde voc\u00ea pode efetuar reservas conosco. Caso deseje fazer uma reserva diretamente conosco, por favor, envie um <a href=\"mailto:info@buddydive.com\">e-mail<\/a>, ligue para +599 717 5080\/ +599 789 5080 ou gratuitamente dos EUA para 1-866-GO-BUDDY, ou utilize nosso <a href=\"https:\/\/www.buddydive.com\/reservations\/\" target=\"_blank\" rel=\"noopener noreferrer\">formul\u00e1rio de reservas<\/a>.[\/vc_column_text][vc_tta_accordion active_section=&#8221;&#8221;][vc_tta_section title=&#8221;Estados Unidos &amp; Canad\u00e1&#8221; tab_id=&#8221;1570352602576-7e851874-5a3d&#8221;][vc_column_text]\n<table class=\"table table-responsive\" style=\"height: 543px;\" width=\"802\">\n<tbody>\n<tr>\n<td width=\"151\">\n<h5><strong>Parceiro de viagem<\/strong><\/h5>\n<\/td>\n<td width=\"151\">\n<h5><strong>Website<\/strong><\/h5>\n<\/td>\n<\/tr>\n<tr>\n<td width=\"151\">Bay adventures<\/td>\n<td style=\"text-align: left;\" width=\"151\">www.bayadventures.com<\/td>\n<\/tr>\n<tr>\n<td width=\"151\">Bespoke journeys<\/td>\n<td style=\"text-align: left;\" width=\"151\">www.bespokejourneys.com<\/td>\n<\/tr>\n<tr>\n<td width=\"151\">Bluewater travel<\/td>\n<td style=\"text-align: left;\" width=\"151\">www.bluewaterdivetravel.com<\/td>\n<\/tr>\n<tr>\n<td width=\"151\">Bonaire pros<\/td>\n<td style=\"text-align: left;\" width=\"151\">www.bonairepros.com<\/td>\n<\/tr>\n<tr>\n<td width=\"151\">Caradonna dive adventures<\/td>\n<td style=\"text-align: left;\" width=\"151\">www.caradonna.com<\/td>\n<\/tr>\n<tr>\n<td width=\"151\">Caribbean adventures<\/td>\n<td style=\"text-align: left;\" width=\"151\">www.worlddive.com<\/td>\n<\/tr>\n<tr>\n<td width=\"151\">Caribbean dive Tours<\/td>\n<td style=\"text-align: left;\" width=\"151\">www.cdtusa.com<\/td>\n<\/tr>\n<tr>\n<td width=\"151\">Caribbean dive vacations<\/td>\n<td style=\"text-align: left;\" width=\"151\">www.caribbeandivevacations.com<\/td>\n<\/tr>\n<tr>\n<td width=\"151\">Deep blue adventures<\/td>\n<td style=\"text-align: left;\" width=\"151\">www.deepblueadventures.com<\/td>\n<\/tr>\n<tr>\n<td width=\"151\">Delta airlines vacations<\/td>\n<td style=\"text-align: left;\" width=\"151\">www.deltavacationsdive.com<\/td>\n<\/tr>\n<tr>\n<td width=\"151\">Dream Weaver travel<\/td>\n<td style=\"text-align: left;\" width=\"151\">www.dreamweaverdivetravel.com<\/td>\n<\/tr>\n<tr>\n<td width=\"151\">Fly &amp; Sea dive adventures<\/td>\n<td style=\"text-align: left;\" width=\"151\">www.flyandsea.com<\/td>\n<\/tr>\n<tr>\n<td width=\"151\">H2O Tours<\/td>\n<td style=\"text-align: left;\" width=\"151\">www.h2otours.net<\/td>\n<\/tr>\n<tr>\n<td width=\"151\">Island dreams travel<\/td>\n<td style=\"text-align: left;\" width=\"151\">www.divetrip.com<\/td>\n<\/tr>\n<tr>\n<td width=\"151\">Kids Sea camp<\/td>\n<td style=\"text-align: left;\" width=\"151\">www.familydivers.com<\/td>\n<\/tr>\n<tr>\n<td width=\"151\">Maduro dive fanta-seas<\/td>\n<td style=\"text-align: left;\" width=\"151\">www.madurodive.com<\/td>\n<\/tr>\n<tr>\n<td width=\"151\">Poseidon dive adventures<\/td>\n<td style=\"text-align: left;\" width=\"151\">www.poseidondiveadventures.com<\/td>\n<\/tr>\n<tr>\n<td width=\"151\">Roatan charter<\/td>\n<td style=\"text-align: left;\" width=\"151\">www.roatan.com<\/td>\n<\/tr>\n<tr>\n<td width=\"151\">Quest dive adventure<\/td>\n<td style=\"text-align: left;\" width=\"151\">www.questdive.com<\/td>\n<\/tr>\n<tr>\n<td width=\"151\">Sand dollar Tours<\/td>\n<td style=\"text-align: left;\" width=\"151\">www.sanddollartours.com<\/td>\n<\/tr>\n<tr>\n<td width=\"151\">Scuba holidays<\/td>\n<td style=\"text-align: left;\" width=\"151\">www.squbaholidays.com<\/td>\n<\/tr>\n<tr>\n<td width=\"151\">Scuba travel ventures<\/td>\n<td style=\"text-align: left;\" width=\"151\">www.scubatravelventures.com<\/td>\n<\/tr>\n<tr>\n<td width=\"151\">Travel for you<\/td>\n<td style=\"text-align: left;\" width=\"151\">www.travelforyouinc.com<\/td>\n<\/tr>\n<tr>\n<td width=\"151\">Travel Masters<\/td>\n<td style=\"text-align: left;\" width=\"151\">www.travel-masters.net<\/td>\n<\/tr>\n<tr>\n<td width=\"151\">Turquoise travel adventures<\/td>\n<td style=\"text-align: left;\" width=\"151\">www.ttadiver.com<\/td>\n<\/tr>\n<tr>\n<td width=\"151\">United airlines vacations<\/td>\n<td style=\"text-align: left;\" width=\"151\">www.unitedvacationsdive.com<\/td>\n<\/tr>\n<tr>\n<td width=\"151\">Ultimate dive travel<\/td>\n<td style=\"text-align: left;\" width=\"151\">www.ultimatedivetravel.com<\/td>\n<\/tr>\n<tr>\n<td width=\"151\">World of diving<\/td>\n<td style=\"text-align: left;\" width=\"151\">www.worldofdiving.com<\/td>\n<\/tr>\n<\/tbody>\n<\/table>\n[\/vc_column_text][\/vc_tta_section][vc_tta_section title=&#8221;Europa&#8221; tab_id=&#8221;1570354175252-755dd27c-eebb&#8221;][vc_column_text css=&#8221;&#8221;]\n<table class=\"table table-responsive\" style=\"height: 1516px;\" width=\"801\">\n<tbody>\n<tr>\n<td width=\"151\">\n<h5><strong>Parceiro de viagem<\/strong><\/h5>\n<\/td>\n<td width=\"151\">\n<h5><strong>Website<\/strong><\/h5>\n<\/td>\n<\/tr>\n<tr>\n<td width=\"151\">\n<h5>\u00c1ustria<\/h5>\n<\/td>\n<td style=\"text-align: left;\" width=\"151\"><\/td>\n<\/tr>\n<tr>\n<td width=\"151\">Fish &amp; Trips<\/td>\n<td style=\"text-align: left;\" width=\"151\">www.fish-trips.com<\/td>\n<\/tr>\n<tr>\n<td width=\"151\">Tauchreisen lorenc<\/td>\n<td style=\"text-align: left;\" width=\"151\">www.lorenc.at<\/td>\n<\/tr>\n<tr>\n<td width=\"151\">\n<h5>B\u00e9lgica<\/h5>\n<\/td>\n<td style=\"text-align: left;\" width=\"151\"><\/td>\n<\/tr>\n<tr>\n<td width=\"151\">Duikkompanie<\/td>\n<td style=\"text-align: left;\" width=\"151\">www.duikkompanie.be<\/td>\n<\/tr>\n<tr>\n<td width=\"151\">Diving world duikvakanties<\/td>\n<td style=\"text-align: left;\" width=\"151\">www.divingworld.be<\/td>\n<\/tr>\n<tr>\n<td width=\"151\">Eigen Wijze Duik reizen<\/td>\n<td style=\"text-align: left;\" width=\"151\">www.ewdr.com<\/td>\n<\/tr>\n<tr>\n<td width=\"151\">\n<h5>Dinamarca<\/h5>\n<\/td>\n<td style=\"text-align: left;\" width=\"151\"><\/td>\n<\/tr>\n<tr>\n<td width=\"151\">Kingfish dive &amp; travel<\/td>\n<td style=\"text-align: left;\" width=\"151\">www.kingfish.dk<\/td>\n<\/tr>\n<tr>\n<td width=\"151\">\n<h5>Fran\u00e7a<\/h5>\n<\/td>\n<td style=\"text-align: left;\" width=\"151\"><\/td>\n<\/tr>\n<tr>\n<td width=\"151\">DST Group<\/td>\n<td style=\"text-align: left;\" width=\"151\">www.dst-groupe.com<\/td>\n<\/tr>\n<tr>\n<td width=\"151\">Eurowings &#8211; Sports &amp; Sensations<\/td>\n<td style=\"text-align: left;\" width=\"151\">www.sports-sensations.fr<\/td>\n<\/tr>\n<tr>\n<td width=\"151\">Nature Plongee<\/td>\n<td style=\"text-align: left;\" width=\"151\">www.nature-plongee.com<\/td>\n<\/tr>\n<tr>\n<td width=\"151\">\n<h5>Alemanha<\/h5>\n<\/td>\n<td style=\"text-align: left;\" width=\"151\"><\/td>\n<\/tr>\n<tr>\n<td width=\"151\">ABC Travel Germany<\/td>\n<td style=\"text-align: left;\" width=\"151\">www.abc-travel-consulting.de<\/td>\n<\/tr>\n<tr>\n<td width=\"151\">Action Sport<\/td>\n<td style=\"text-align: left;\" width=\"151\">www.action-sport.de<\/td>\n<\/tr>\n<tr>\n<td width=\"151\">Aqua active agency<\/td>\n<td style=\"text-align: left;\" width=\"151\">www.aquaactive.de<\/td>\n<\/tr>\n<tr>\n<td width=\"151\">Beluga reisen<\/td>\n<td style=\"text-align: left;\" width=\"151\">www.belugareisen.de<\/td>\n<\/tr>\n<tr>\n<td width=\"151\">Karibiksport<\/td>\n<td style=\"text-align: left;\" width=\"151\">www.karibiksport.de<\/td>\n<\/tr>\n<tr>\n<td width=\"151\">Samreisen<\/td>\n<td style=\"text-align: left;\" width=\"151\">www.samreisen.de<\/td>\n<\/tr>\n<tr>\n<td width=\"151\">Sun und Fun Sportreisen<\/td>\n<td style=\"text-align: left;\" width=\"151\">www.sunandfun.com<\/td>\n<\/tr>\n<tr>\n<td width=\"151\">Wirodive<\/td>\n<td style=\"text-align: left;\" width=\"151\">www.wirodive.de<\/td>\n<\/tr>\n<tr>\n<td width=\"151\">\n<h5>Pa\u00edses Baixos<\/h5>\n<\/td>\n<td style=\"text-align: left;\" width=\"151\"><\/td>\n<\/tr>\n<tr>\n<td width=\"151\">ABC Travel NL<\/td>\n<td style=\"text-align: left;\" width=\"151\">www.abctravel.nl<\/td>\n<\/tr>\n<tr>\n<td width=\"151\">BON travel<\/td>\n<td style=\"text-align: left;\" width=\"151\">www.bontravel.nl<\/td>\n<\/tr>\n<tr>\n<td width=\"151\">Dive &amp; travel<\/td>\n<td style=\"text-align: left;\" width=\"151\">www.diveandtravel.nl<\/td>\n<\/tr>\n<tr>\n<td width=\"151\">Diving holidays<\/td>\n<td style=\"text-align: left;\" width=\"151\">www.divingholidays.nl<\/td>\n<\/tr>\n<tr>\n<td width=\"151\">Diving world Nederland<\/td>\n<td style=\"text-align: left;\" width=\"151\">www.divingworld.nl<\/td>\n<\/tr>\n<tr>\n<td width=\"151\">Eigen wijze duikreizen<\/td>\n<td style=\"text-align: left;\" width=\"151\">www.ewdr.com<\/td>\n<\/tr>\n<tr>\n<td width=\"151\">\n<h5>Noruega<\/h5>\n<\/td>\n<td style=\"text-align: left;\" width=\"151\"><\/td>\n<\/tr>\n<tr>\n<td width=\"151\">Kingfish dive &amp; travel<\/td>\n<td style=\"text-align: left;\" width=\"151\">www.kingfish.dk<\/td>\n<\/tr>\n<tr>\n<td width=\"151\">\n<h5>Su\u00e9cia<\/h5>\n<\/td>\n<td style=\"text-align: left;\" width=\"151\"><\/td>\n<\/tr>\n<tr>\n<td width=\"151\">PH travel<\/td>\n<td style=\"text-align: left;\" width=\"151\">www.phtravel.se<\/td>\n<\/tr>\n<tr>\n<td width=\"151\">Kingfish dive &amp; travel<\/td>\n<td style=\"text-align: left;\" width=\"151\">www.kingfish.dk<\/td>\n<\/tr>\n<tr>\n<td width=\"151\">\n<h5>Su\u00ed\u00e7a<\/h5>\n<\/td>\n<td style=\"text-align: left;\" width=\"151\"><\/td>\n<\/tr>\n<tr>\n<td width=\"151\">Manta reisen<\/td>\n<td style=\"text-align: left;\" width=\"151\">www.manta.ch<\/td>\n<\/tr>\n<tr>\n<td width=\"151\">WeDive travel<\/td>\n<td style=\"text-align: left;\" width=\"151\">www.wedive.ch<\/td>\n<\/tr>\n<tr>\n<td width=\"151\">Dive &amp; travel<\/td>\n<td style=\"text-align: left;\" width=\"151\">www.diveand.travel<\/td>\n<\/tr>\n<tr>\n<td width=\"151\">\n<h5>Reino Unido<\/h5>\n<\/td>\n<td style=\"text-align: left;\" width=\"151\"><\/td>\n<\/tr>\n<tr>\n<td width=\"151\">Barefoot Traveller<\/td>\n<td style=\"text-align: left;\" width=\"151\">www.barefoot-traveller.com<\/td>\n<\/tr>\n<tr>\n<td width=\"151\">Crusader travel<\/td>\n<td style=\"text-align: left;\" width=\"151\">www.crusadertravel.com<\/td>\n<\/tr>\n<tr>\n<td width=\"151\">Dive worldwide<\/td>\n<td style=\"text-align: left;\" width=\"151\">www.diveworldwide.com<\/td>\n<\/tr>\n<tr>\n<td width=\"151\">Planet dive holidays<\/td>\n<td style=\"text-align: left;\" width=\"151\">www.planetdiveholidays.com<\/td>\n<\/tr>\n<tr>\n<td width=\"151\">Regal Dive<\/td>\n<td style=\"text-align: left;\" width=\"151\">www.regal-diving.co.uk<\/td>\n<\/tr>\n<tr>\n<td width=\"151\">Sportif dive holidays<\/td>\n<td style=\"text-align: left;\" width=\"151\">www.sportifdive.co.uk<\/td>\n<\/tr>\n<\/tbody>\n<\/table>\n[\/vc_column_text][\/vc_tta_section][vc_tta_section title=&#8221;Am\u00e9rica do Sul&#8221; tab_id=&#8221;1570370211006-d45fcaa2-05bf&#8221;][vc_column_text css=&#8221;&#8221;]\n<table class=\"table table-responsive\" style=\"height: 283px;\" width=\"749\">\n<tbody>\n<tr>\n<td width=\"151\">\n<h5><strong>Parceiro de viagem<\/strong><\/h5>\n<\/td>\n<td width=\"151\">\n<h5><strong>Website<\/strong><\/h5>\n<\/td>\n<\/tr>\n<tr>\n<td width=\"151\">\n<h5>Argentina<\/h5>\n<\/td>\n<td style=\"text-align: left;\" width=\"151\"><\/td>\n<\/tr>\n<tr>\n<td width=\"151\">Aeromundo<\/td>\n<td style=\"text-align: left;\" width=\"151\">www.aeromundo.tur.ar<\/td>\n<\/tr>\n<tr>\n<td width=\"151\">Comarcas<\/td>\n<td style=\"text-align: left;\" width=\"151\">www.comarcas.com.ar<\/td>\n<\/tr>\n<tr>\n<td width=\"151\">\n<h5>Brasil<\/h5>\n<\/td>\n<td style=\"text-align: left;\" width=\"151\"><\/td>\n<\/tr>\n<tr>\n<td width=\"151\">Azul profundo<\/td>\n<td style=\"text-align: left;\" width=\"151\">www.azulprofundo.tur.br<\/td>\n<\/tr>\n<tr>\n<td width=\"151\">Baritur viagens<\/td>\n<td style=\"text-align: left;\" width=\"151\">www.baritur.com.br<\/td>\n<\/tr>\n<tr>\n<td width=\"151\">Eco finders turismo<\/td>\n<td style=\"text-align: left;\" width=\"151\">www.ecofinders.com.br<\/td>\n<\/tr>\n<tr>\n<td width=\"151\">Gorgona viagens<\/td>\n<td style=\"text-align: left;\" width=\"151\">www.gorgona.tur.br<\/td>\n<\/tr>\n<tr>\n<td width=\"151\">AQUALAND travel &amp; dive explorer<\/td>\n<td style=\"text-align: left;\" width=\"151\">www.aqualandtravel.com.br<\/td>\n<\/tr>\n<tr>\n<td width=\"151\">Oxigenacao turismo<\/td>\n<td style=\"text-align: left;\" width=\"151\">www.oxigenacao.com.br<\/td>\n<\/tr>\n<tr>\n<td width=\"151\">Scuba trip<\/td>\n<td style=\"text-align: left;\" width=\"151\">www.scubatrip.com.br<\/td>\n<\/tr>\n<tr>\n<td width=\"151\">Vectra travel brasil<\/td>\n<td style=\"text-align: left;\" width=\"151\">www.vectraviagens.com.br<\/td>\n<\/tr>\n<\/tbody>\n<\/table>\n[\/vc_column_text][\/vc_tta_section][\/vc_tta_accordion][\/vc_column][\/vc_row][vc_row][vc_column][vc_raw_js]JTNDc2NyaXB0JTIwdHlwZSUzRCUyMnRleHQlMkZqYXZhc2NyaXB0JTIyJTNFJTBBd2luZG93LlRyZW5nbyUyMCUzRCUyMHdpbmRvdy5UcmVuZ28lMjAlN0MlN0MlMjAlN0IlN0QlM0IlMEF3aW5kb3cuVHJlbmdvLmtleSUyMCUzRCUyMCUyN1E5SGI4dlBvS2VnRDFBSSUyNyUzQiUwQSUyOGZ1bmN0aW9uJTI4ZCUyQyUyMHNjcmlwdCUyQyUyMHQlMjklMjAlN0IlMEElMjAlMjAlMjAlMjBzY3JpcHQlMjAlM0QlMjBkLmNyZWF0ZUVsZW1lbnQlMjglMjdzY3JpcHQlMjclMjklM0IlMEElMjAlMjAlMjAlMjBzY3JpcHQudHlwZSUyMCUzRCUyMCUyN3RleHQlMkZqYXZhc2NyaXB0JTI3JTNCJTBBJTIwJTIwJTIwJTIwc2NyaXB0LmFzeW5jJTIwJTNEJTIwdHJ1ZSUzQiUwQSUyMCUyMCUyMCUyMHNjcmlwdC5zcmMlMjAlM0QlMjAlMjdodHRwcyUzQSUyRiUyRnN0YXRpYy53aWRnZXQudHJlbmdvLmV1JTJGZW1iZWQuanMlMjclM0IlMEElMjAlMjAlMjAlMjBkLmdldEVsZW1lbnRzQnlUYWdOYW1lJTI4JTI3aGVhZCUyNyUyOSU1QjAlNUQuYXBwZW5kQ2hpbGQlMjhzY3JpcHQlMjklM0IlMEElN0QlMjhkb2N1bWVudCUyOSUyOSUzQiUwQSUzQyUyRnNjcmlwdCUzRQ==[\/vc_raw_js][\/vc_column][\/vc_row]\n<\/div>","protected":false},"excerpt":{"rendered":"<p>[vc_row][vc_column][vc_column_text] Parceiros de viagem [\/vc_column_text][vc_column_text]Para sua conveni\u00eancia, estabelecemos uma lista de parceiros de viagem Your Buddies\u2122 onde voc\u00ea pode efetuar [&hellip;]<\/p>\n","protected":false},"author":1,"featured_media":0,"parent":31560,"menu_order":0,"comment_status":"closed","ping_status":"closed","template":"","meta":{"footnotes":""},"class_list":["post-31652","page","type-page","status-publish","hentry"],"yoast_head":"<!-- This site is optimized with the Yoast SEO plugin v27.0 - https:\/\/yoast.com\/product\/yoast-seo-wordpress\/ -->\n<title>Parceiros de viagem - Buddy dive resort<\/title>\n<meta name=\"description\" content=\"Para sua conveni\u00eancia, criamos uma lista de parceiros de viagem onde voc\u00ea pode nos reservar. D\u00ea uma olhada e veja onde voc\u00ea pode reservar sua pr\u00f3xima viagem a Bonaire!\" \/>\n<meta name=\"robots\" content=\"index, follow, max-snippet:-1, max-image-preview:large, max-video-preview:-1\" \/>\n<link rel=\"canonical\" href=\"https:\/\/buddydive.com\/pt-br\/sobre-nos\/parceiros-de-viagem\/\" \/>\n<meta property=\"og:locale\" content=\"pt_BR\" \/>\n<meta property=\"og:type\" content=\"article\" \/>\n<meta property=\"og:title\" content=\"Parceiros de viagem - Buddy dive resort\" \/>\n<meta property=\"og:description\" content=\"Para sua conveni\u00eancia, criamos uma lista de parceiros de viagem onde voc\u00ea pode nos reservar. D\u00ea uma olhada e veja onde voc\u00ea pode reservar sua pr\u00f3xima viagem a Bonaire!\" \/>\n<meta property=\"og:url\" content=\"https:\/\/buddydive.com\/pt-br\/sobre-nos\/parceiros-de-viagem\/\" \/>\n<meta property=\"og:site_name\" content=\"Buddy Dive Bonaire\" \/>\n<meta property=\"article:publisher\" content=\"https:\/\/www.facebook.com\/buddydiveresort\" \/>\n<meta property=\"article:modified_time\" content=\"2026-02-03T11:37:06+00:00\" \/>\n<meta name=\"twitter:card\" content=\"summary_large_image\" \/>\n<meta name=\"twitter:site\" content=\"@buddydive\" \/>\n<meta name=\"twitter:label1\" content=\"Est. tempo de leitura\" \/>\n\t<meta name=\"twitter:data1\" content=\"2 minutos\" \/>\n<script type=\"application\/ld+json\" class=\"yoast-schema-graph\">{\"@context\":\"https:\/\/schema.org\",\"@graph\":[{\"@type\":\"WebPage\",\"@id\":\"https:\/\/buddydive.com\/pt-br\/sobre-nos\/parceiros-de-viagem\/\",\"url\":\"https:\/\/buddydive.com\/pt-br\/sobre-nos\/parceiros-de-viagem\/\",\"name\":\"Parceiros de viagem - Buddy dive resort\",\"isPartOf\":{\"@id\":\"https:\/\/buddydive.com\/pt-br\/#website\"},\"datePublished\":\"2025-06-11T13:38:19+00:00\",\"dateModified\":\"2026-02-03T11:37:06+00:00\",\"description\":\"Para sua conveni\u00eancia, criamos uma lista de parceiros de viagem onde voc\u00ea pode nos reservar. D\u00ea uma olhada e veja onde voc\u00ea pode reservar sua pr\u00f3xima viagem a Bonaire!\",\"breadcrumb\":{\"@id\":\"https:\/\/buddydive.com\/pt-br\/sobre-nos\/parceiros-de-viagem\/#breadcrumb\"},\"inLanguage\":\"pt-BR\",\"potentialAction\":[{\"@type\":\"ReadAction\",\"target\":[\"https:\/\/buddydive.com\/pt-br\/sobre-nos\/parceiros-de-viagem\/\"]}]},{\"@type\":\"BreadcrumbList\",\"@id\":\"https:\/\/buddydive.com\/pt-br\/sobre-nos\/parceiros-de-viagem\/#breadcrumb\",\"itemListElement\":[{\"@type\":\"ListItem\",\"position\":1,\"name\":\"Home\",\"item\":\"https:\/\/buddydive.com\/pt-br\/inicio\/\"},{\"@type\":\"ListItem\",\"position\":2,\"name\":\"Sobre n\u00f3s\",\"item\":\"https:\/\/buddydive.com\/pt-br\/sobre-nos\/\"},{\"@type\":\"ListItem\",\"position\":3,\"name\":\"Parceiros de viagem\"}]},{\"@type\":\"WebSite\",\"@id\":\"https:\/\/buddydive.com\/pt-br\/#website\",\"url\":\"https:\/\/buddydive.com\/pt-br\/\",\"name\":\"Buddy Dive Bonaire\",\"description\":\"My WordPress Blog\",\"potentialAction\":[{\"@type\":\"SearchAction\",\"target\":{\"@type\":\"EntryPoint\",\"urlTemplate\":\"https:\/\/buddydive.com\/pt-br\/?s={search_term_string}\"},\"query-input\":{\"@type\":\"PropertyValueSpecification\",\"valueRequired\":true,\"valueName\":\"search_term_string\"}}],\"inLanguage\":\"pt-BR\"}]}<\/script>\n<!-- \/ Yoast SEO plugin. -->","yoast_head_json":{"title":"Parceiros de viagem - Buddy dive resort","description":"Para sua conveni\u00eancia, criamos uma lista de parceiros de viagem onde voc\u00ea pode nos reservar. D\u00ea uma olhada e veja onde voc\u00ea pode reservar sua pr\u00f3xima viagem a Bonaire!","robots":{"index":"index","follow":"follow","max-snippet":"max-snippet:-1","max-image-preview":"max-image-preview:large","max-video-preview":"max-video-preview:-1"},"canonical":"https:\/\/buddydive.com\/pt-br\/sobre-nos\/parceiros-de-viagem\/","og_locale":"pt_BR","og_type":"article","og_title":"Parceiros de viagem - Buddy dive resort","og_description":"Para sua conveni\u00eancia, criamos uma lista de parceiros de viagem onde voc\u00ea pode nos reservar. D\u00ea uma olhada e veja onde voc\u00ea pode reservar sua pr\u00f3xima viagem a Bonaire!","og_url":"https:\/\/buddydive.com\/pt-br\/sobre-nos\/parceiros-de-viagem\/","og_site_name":"Buddy Dive Bonaire","article_publisher":"https:\/\/www.facebook.com\/buddydiveresort","article_modified_time":"2026-02-03T11:37:06+00:00","twitter_card":"summary_large_image","twitter_site":"@buddydive","twitter_misc":{"Est. tempo de leitura":"2 minutos"},"schema":{"@context":"https:\/\/schema.org","@graph":[{"@type":"WebPage","@id":"https:\/\/buddydive.com\/pt-br\/sobre-nos\/parceiros-de-viagem\/","url":"https:\/\/buddydive.com\/pt-br\/sobre-nos\/parceiros-de-viagem\/","name":"Parceiros de viagem - Buddy dive resort","isPartOf":{"@id":"https:\/\/buddydive.com\/pt-br\/#website"},"datePublished":"2025-06-11T13:38:19+00:00","dateModified":"2026-02-03T11:37:06+00:00","description":"Para sua conveni\u00eancia, criamos uma lista de parceiros de viagem onde voc\u00ea pode nos reservar. D\u00ea uma olhada e veja onde voc\u00ea pode reservar sua pr\u00f3xima viagem a Bonaire!","breadcrumb":{"@id":"https:\/\/buddydive.com\/pt-br\/sobre-nos\/parceiros-de-viagem\/#breadcrumb"},"inLanguage":"pt-BR","potentialAction":[{"@type":"ReadAction","target":["https:\/\/buddydive.com\/pt-br\/sobre-nos\/parceiros-de-viagem\/"]}]},{"@type":"BreadcrumbList","@id":"https:\/\/buddydive.com\/pt-br\/sobre-nos\/parceiros-de-viagem\/#breadcrumb","itemListElement":[{"@type":"ListItem","position":1,"name":"Home","item":"https:\/\/buddydive.com\/pt-br\/inicio\/"},{"@type":"ListItem","position":2,"name":"Sobre n\u00f3s","item":"https:\/\/buddydive.com\/pt-br\/sobre-nos\/"},{"@type":"ListItem","position":3,"name":"Parceiros de viagem"}]},{"@type":"WebSite","@id":"https:\/\/buddydive.com\/pt-br\/#website","url":"https:\/\/buddydive.com\/pt-br\/","name":"Buddy Dive Bonaire","description":"My WordPress Blog","potentialAction":[{"@type":"SearchAction","target":{"@type":"EntryPoint","urlTemplate":"https:\/\/buddydive.com\/pt-br\/?s={search_term_string}"},"query-input":{"@type":"PropertyValueSpecification","valueRequired":true,"valueName":"search_term_string"}}],"inLanguage":"pt-BR"}]}},"_links":{"self":[{"href":"https:\/\/buddydive.com\/pt-br\/wp-json\/wp\/v2\/pages\/31652","targetHints":{"allow":["GET"]}}],"collection":[{"href":"https:\/\/buddydive.com\/pt-br\/wp-json\/wp\/v2\/pages"}],"about":[{"href":"https:\/\/buddydive.com\/pt-br\/wp-json\/wp\/v2\/types\/page"}],"author":[{"embeddable":true,"href":"https:\/\/buddydive.com\/pt-br\/wp-json\/wp\/v2\/users\/1"}],"replies":[{"embeddable":true,"href":"https:\/\/buddydive.com\/pt-br\/wp-json\/wp\/v2\/comments?post=31652"}],"version-history":[{"count":1,"href":"https:\/\/buddydive.com\/pt-br\/wp-json\/wp\/v2\/pages\/31652\/revisions"}],"predecessor-version":[{"id":31656,"href":"https:\/\/buddydive.com\/pt-br\/wp-json\/wp\/v2\/pages\/31652\/revisions\/31656"}],"up":[{"embeddable":true,"href":"https:\/\/buddydive.com\/pt-br\/wp-json\/wp\/v2\/pages\/31560"}],"wp:attachment":[{"href":"https:\/\/buddydive.com\/pt-br\/wp-json\/wp\/v2\/media?parent=31652"}],"curies":[{"name":"wp","href":"https:\/\/api.w.org\/{rel}","templated":true}]}}