{"id":31644,"date":"2025-06-11T13:38:18","date_gmt":"2025-06-11T13:38:18","guid":{"rendered":"https:\/\/buddydive.com\/sobre-bonaire\/"},"modified":"2025-10-24T14:35:08","modified_gmt":"2025-10-24T14:35:08","slug":"sobre-bonaire","status":"publish","type":"page","link":"https:\/\/buddydive.com\/pt-br\/sobre-bonaire\/","title":{"rendered":"Sobre Bonaire"},"content":{"rendered":"<div class=\"wpb-content-wrapper\">[vc_row][vc_column][vc_column_text]\n<h1 style=\"text-align: center;\">BONAIRE<\/h1>\n<h4>A ilha est\u00e1 localizada no sul do Caribe, fora da zona de furac\u00f5es, pr\u00f3xima a Aruba e Cura\u00e7ao, que est\u00e3o a apenas 138 e 44 quil\u00f4metros de dist\u00e2ncia, respectivamente. Bonaire est\u00e1 a apenas 3 horas de voo de Miami e aproximadamente 10 horas de voo da Europa.<\/h4>\n<p>Consistentemente classificada como o principal destino de mergulho do mundo e como pioneira na preserva\u00e7\u00e3o da natureza, Bonaire \u00e9 um sonho para todo mergulhador. Com mais de 80 locais de mergulho, muitos dos quais s\u00e3o facilmente acess\u00edveis da costa, Bonaire \u00e9 verdadeiramente a capital mundial do mergulho costeiro. No entanto, esta ilha em forma de bumerangue, com 39 quil\u00f4metros de comprimento por 5-8 quil\u00f4metros de largura, tamb\u00e9m oferece uma variedade de atividades para aqueles que n\u00e3o mergulham.<\/p>\n<p>Os manguezais orientais, o \u201cber\u00e7\u00e1rio do recife\u201d, s\u00e3o melhor descobertos de caiaque, enquanto na parte ocidental da ilha, v\u00e1rias cavernas est\u00e3o abertas para passeios guiados para explorar este lado desconhecido e m\u00edstico de Bonaire. A Ba\u00eda de Lac, ao sul, tem condi\u00e7\u00f5es quase perfeitas para windsurf, tornando a \u00e1rea ideal tanto para iniciantes quanto para windsurfistas avan\u00e7ados, enquanto a paisagem montanhosa ao norte \u00e9 o sonho de todo ciclista de montanha. Klein Bonaire, uma pequena ilha deserta a um quil\u00f4metro da costa de Bonaire, \u00e9 bem conhecida por sua \u00e1rea de reprodu\u00e7\u00e3o de tartarugas e praias.<\/p>\n<h5>As \u00e1guas cristalinas s\u00e3o ideais para snorkeling e banhos de sol. Mergulho, caiaque, espeleologia, snorkeling, ciclismo de montanha, windsurf ou kitesurf, observa\u00e7\u00e3o de aves, caminhadas, ou simplesmente relaxar e se reenergizar do estresse do mundo real: voc\u00ea nomeia e encontrar\u00e1 em Bonaire.<\/h5>\n<p>Os ventos al\u00edsios constantes do leste garantem uma brisa agrad\u00e1vel sobre a ilha de 294 quil\u00f4metros quadrados. Embora influenciada por um clima seco, Bonaire possui tr\u00eas tipos distintos de terreno. A regi\u00e3o central \u00e9 semi\u00e1rida, enquanto a regi\u00e3o sul \u00e9 plana e aberta com um sistema \u00fanico de manguezais e salinas. A parte norte \u00e9 mais verde e montanhosa. Com uma altura de 218 metros, o Brandaris \u00e9 o ponto mais alto de Bonaire. Uma precipita\u00e7\u00e3o m\u00e9dia anual de 56 cm, uma temperatura da \u00e1gua quase constante de 27 graus Celsius e uma temperatura do ar ligeiramente mais alta de 28 graus Celsius, fazem de Bonaire um ambiente agrad\u00e1vel para se passar f\u00e9rias.[\/vc_column_text][vc_single_image image=&#8221;4928&#8243; img_size=&#8221;full&#8221;][vc_column_text]A popula\u00e7\u00e3o de Bonaire \u00e9 uma rica mistura de v\u00e1rias culturas e remonta a cerca de 1000 d.C., a era dos \u00edndios Arawak, quando os Caiquetios navegaram do que hoje \u00e9 a Venezuela. Vest\u00edgios de sua cultura ainda podem ser encontrados em v\u00e1rios s\u00edtios arqueol\u00f3gicos. Escravos foram trazidos da \u00c1frica no in\u00edcio de 1600. Marcos hist\u00f3ricos deste per\u00edodo sombrio da hist\u00f3ria ainda s\u00e3o vis\u00edveis na ilha. Os mais chamativos e impressionantes s\u00e3o, sem d\u00favida, as cabanas de escravos na ponta sul da ilha. Embora definida pela diversidade, a rica cultura de Bonaire \u00e9 fortemente influenciada por elementos africanos. Can\u00e7\u00f5es e dan\u00e7as dos escravos, criadas para lidar com seu tratamento desumano, s\u00e3o mantidas vivas pelo povo de Bonaire. Estilos africanos foram criativamente misturados com influ\u00eancias culturais dos ocupantes da ilha, como os espanh\u00f3is e os holandeses. Amig\u00e1veis e calorosos s\u00e3o as melhores maneiras de descrever as pessoas por tr\u00e1s dos sorrisos brilhantes pelos quais os bonairenses s\u00e3o t\u00e3o famosos.<\/p>\n<p>Embora o holand\u00eas e o papiamento sejam os idiomas oficiais, o ingl\u00eas \u00e9 amplamente falado pela maioria das pessoas na ilha. Alugar um carro \u00e9 altamente recomendado, pois n\u00e3o h\u00e1 um sistema formal de transporte p\u00fablico na ilha. T\u00e1xis est\u00e3o dispon\u00edveis no aeroporto ou podem ser providenciados pelo seu hotel.<\/p>\n<p>Na rua principal de Bonaire, Kaya Grandi, voc\u00ea n\u00e3o encontrar\u00e1 lojas movimentadas e superlotadas vendendo os tradicionais gadgets e souvenirs que voc\u00ea encontra ao visitar outros principais destinos tur\u00edsticos do Caribe. A sele\u00e7\u00e3o de produtos oferecidos \u00e9 como a pr\u00f3pria Bonaire: diversa e surpreendente. Temos algumas lojas que oferecem joias de alta qualidade, enquanto outras vendem artes e artesanato de nossos artes\u00e3os locais.<\/p>\n<p>Por muitos anos, o governo de Bonaire tem desempenhado um papel de lideran\u00e7a na preserva\u00e7\u00e3o e prote\u00e7\u00e3o da natureza na ilha, tanto abaixo quanto acima da \u00e1gua. O mais significativo e bem conhecido, \u00e9 claro, \u00e9 o Parque Nacional Marinho de Bonaire, iniciado h\u00e1 mais de 30 anos, numa \u00e9poca em que parques marinhos eram desconhecidos.[\/vc_column_text][vc_single_image image=&#8221;4931&#8243; img_size=&#8221;full&#8221;][\/vc_column][\/vc_row][vc_row][vc_column][vc_raw_js]JTNDc2NyaXB0JTIwdHlwZSUzRCUyMnRleHQlMkZqYXZhc2NyaXB0JTIyJTNFJTBBd2luZG93LlRyZW5nbyUyMCUzRCUyMHdpbmRvdy5UcmVuZ28lMjAlN0MlN0MlMjAlN0IlN0QlM0IlMEF3aW5kb3cuVHJlbmdvLmtleSUyMCUzRCUyMCUyN1E5SGI4dlBvS2VnRDFBSSUyNyUzQiUwQSUyOGZ1bmN0aW9uJTI4ZCUyQyUyMHNjcmlwdCUyQyUyMHQlMjklMjAlN0IlMEElMjAlMjAlMjAlMjBzY3JpcHQlMjAlM0QlMjBkLmNyZWF0ZUVsZW1lbnQlMjglMjdzY3JpcHQlMjclMjklM0IlMEElMjAlMjAlMjAlMjBzY3JpcHQudHlwZSUyMCUzRCUyMCUyN3RleHQlMkZqYXZhc2NyaXB0JTI3JTNCJTBBJTIwJTIwJTIwJTIwc2NyaXB0LmFzeW5jJTIwJTNEJTIwdHJ1ZSUzQiUwQSUyMCUyMCUyMCUyMHNjcmlwdC5zcmMlMjAlM0QlMjAlMjdodHRwcyUzQSUyRiUyRnN0YXRpYy53aWRnZXQudHJlbmdvLmV1JTJGZW1iZWQuanMlMjclM0IlMEElMjAlMjAlMjAlMjBkLmdldEVsZW1lbnRzQnlUYWdOYW1lJTI4JTI3aGVhZCUyNyUyOSU1QjAlNUQuYXBwZW5kQ2hpbGQlMjhzY3JpcHQlMjklM0IlMEElN0QlMjhkb2N1bWVudCUyOSUyOSUzQiUwQSUzQyUyRnNjcmlwdCUzRQ==[\/vc_raw_js][\/vc_column][\/vc_row]\n<\/div>","protected":false},"excerpt":{"rendered":"<p>[vc_row][vc_column][vc_column_text] BONAIRE A ilha est\u00e1 localizada no sul do Caribe, fora da zona de furac\u00f5es, pr\u00f3xima a Aruba e Cura\u00e7ao, [&hellip;]<\/p>\n","protected":false},"author":1,"featured_media":0,"parent":0,"menu_order":0,"comment_status":"closed","ping_status":"closed","template":"page-templates\/page-left.php","meta":{"footnotes":""},"class_list":["post-31644","page","type-page","status-publish","hentry"],"yoast_head":"<!-- This site is optimized with the Yoast SEO plugin v27.4 - https:\/\/yoast.com\/product\/yoast-seo-wordpress\/ -->\n<title>Sobre Bonaire - Buddy Dive Bonaire<\/title>\n<meta name=\"description\" content=\"Bonaire: destino de mergulho l\u00edder e para\u00edso ecol\u00f3gico, sonho para mergulhadores.\" \/>\n<meta name=\"robots\" content=\"index, follow, max-snippet:-1, max-image-preview:large, max-video-preview:-1\" \/>\n<link rel=\"canonical\" href=\"https:\/\/buddydive.com\/pt-br\/sobre-bonaire\/\" \/>\n<meta property=\"og:locale\" content=\"pt_BR\" \/>\n<meta property=\"og:type\" content=\"article\" \/>\n<meta property=\"og:title\" content=\"Sobre Bonaire - Buddy Dive Bonaire\" \/>\n<meta property=\"og:description\" content=\"Bonaire: destino de mergulho l\u00edder e para\u00edso ecol\u00f3gico, sonho para mergulhadores.\" \/>\n<meta property=\"og:url\" content=\"https:\/\/buddydive.com\/pt-br\/sobre-bonaire\/\" \/>\n<meta property=\"og:site_name\" content=\"Buddy Dive Bonaire\" \/>\n<meta property=\"article:publisher\" content=\"https:\/\/www.facebook.com\/buddydiveresort\" \/>\n<meta property=\"article:modified_time\" content=\"2025-10-24T14:35:08+00:00\" \/>\n<meta name=\"twitter:card\" content=\"summary_large_image\" \/>\n<meta name=\"twitter:site\" content=\"@buddydive\" \/>\n<meta name=\"twitter:label1\" content=\"Est. tempo de leitura\" \/>\n\t<meta name=\"twitter:data1\" content=\"4 minutos\" \/>\n<script type=\"application\/ld+json\" class=\"yoast-schema-graph\">{\"@context\":\"https:\\\/\\\/schema.org\",\"@graph\":[{\"@type\":\"WebPage\",\"@id\":\"https:\\\/\\\/buddydive.com\\\/pt-br\\\/sobre-bonaire\\\/\",\"url\":\"https:\\\/\\\/buddydive.com\\\/pt-br\\\/sobre-bonaire\\\/\",\"name\":\"Sobre Bonaire - Buddy Dive Bonaire\",\"isPartOf\":{\"@id\":\"https:\\\/\\\/buddydive.com\\\/pt-br\\\/#website\"},\"datePublished\":\"2025-06-11T13:38:18+00:00\",\"dateModified\":\"2025-10-24T14:35:08+00:00\",\"description\":\"Bonaire: destino de mergulho l\u00edder e para\u00edso ecol\u00f3gico, sonho para mergulhadores.\",\"breadcrumb\":{\"@id\":\"https:\\\/\\\/buddydive.com\\\/pt-br\\\/sobre-bonaire\\\/#breadcrumb\"},\"inLanguage\":\"pt-BR\",\"potentialAction\":[{\"@type\":\"ReadAction\",\"target\":[\"https:\\\/\\\/buddydive.com\\\/pt-br\\\/sobre-bonaire\\\/\"]}]},{\"@type\":\"BreadcrumbList\",\"@id\":\"https:\\\/\\\/buddydive.com\\\/pt-br\\\/sobre-bonaire\\\/#breadcrumb\",\"itemListElement\":[{\"@type\":\"ListItem\",\"position\":1,\"name\":\"Home\",\"item\":\"https:\\\/\\\/buddydive.com\\\/pt-br\\\/inicio\\\/\"},{\"@type\":\"ListItem\",\"position\":2,\"name\":\"Sobre Bonaire\"}]},{\"@type\":\"WebSite\",\"@id\":\"https:\\\/\\\/buddydive.com\\\/pt-br\\\/#website\",\"url\":\"https:\\\/\\\/buddydive.com\\\/pt-br\\\/\",\"name\":\"Buddy Dive Bonaire\",\"description\":\"My WordPress Blog\",\"potentialAction\":[{\"@type\":\"SearchAction\",\"target\":{\"@type\":\"EntryPoint\",\"urlTemplate\":\"https:\\\/\\\/buddydive.com\\\/pt-br\\\/?s={search_term_string}\"},\"query-input\":{\"@type\":\"PropertyValueSpecification\",\"valueRequired\":true,\"valueName\":\"search_term_string\"}}],\"inLanguage\":\"pt-BR\"}]}<\/script>\n<!-- \/ Yoast SEO plugin. -->","yoast_head_json":{"title":"Sobre Bonaire - Buddy Dive Bonaire","description":"Bonaire: destino de mergulho l\u00edder e para\u00edso ecol\u00f3gico, sonho para mergulhadores.","robots":{"index":"index","follow":"follow","max-snippet":"max-snippet:-1","max-image-preview":"max-image-preview:large","max-video-preview":"max-video-preview:-1"},"canonical":"https:\/\/buddydive.com\/pt-br\/sobre-bonaire\/","og_locale":"pt_BR","og_type":"article","og_title":"Sobre Bonaire - Buddy Dive Bonaire","og_description":"Bonaire: destino de mergulho l\u00edder e para\u00edso ecol\u00f3gico, sonho para mergulhadores.","og_url":"https:\/\/buddydive.com\/pt-br\/sobre-bonaire\/","og_site_name":"Buddy Dive Bonaire","article_publisher":"https:\/\/www.facebook.com\/buddydiveresort","article_modified_time":"2025-10-24T14:35:08+00:00","twitter_card":"summary_large_image","twitter_site":"@buddydive","twitter_misc":{"Est. tempo de leitura":"4 minutos"},"schema":{"@context":"https:\/\/schema.org","@graph":[{"@type":"WebPage","@id":"https:\/\/buddydive.com\/pt-br\/sobre-bonaire\/","url":"https:\/\/buddydive.com\/pt-br\/sobre-bonaire\/","name":"Sobre Bonaire - Buddy Dive Bonaire","isPartOf":{"@id":"https:\/\/buddydive.com\/pt-br\/#website"},"datePublished":"2025-06-11T13:38:18+00:00","dateModified":"2025-10-24T14:35:08+00:00","description":"Bonaire: destino de mergulho l\u00edder e para\u00edso ecol\u00f3gico, sonho para mergulhadores.","breadcrumb":{"@id":"https:\/\/buddydive.com\/pt-br\/sobre-bonaire\/#breadcrumb"},"inLanguage":"pt-BR","potentialAction":[{"@type":"ReadAction","target":["https:\/\/buddydive.com\/pt-br\/sobre-bonaire\/"]}]},{"@type":"BreadcrumbList","@id":"https:\/\/buddydive.com\/pt-br\/sobre-bonaire\/#breadcrumb","itemListElement":[{"@type":"ListItem","position":1,"name":"Home","item":"https:\/\/buddydive.com\/pt-br\/inicio\/"},{"@type":"ListItem","position":2,"name":"Sobre Bonaire"}]},{"@type":"WebSite","@id":"https:\/\/buddydive.com\/pt-br\/#website","url":"https:\/\/buddydive.com\/pt-br\/","name":"Buddy Dive Bonaire","description":"My WordPress Blog","potentialAction":[{"@type":"SearchAction","target":{"@type":"EntryPoint","urlTemplate":"https:\/\/buddydive.com\/pt-br\/?s={search_term_string}"},"query-input":{"@type":"PropertyValueSpecification","valueRequired":true,"valueName":"search_term_string"}}],"inLanguage":"pt-BR"}]}},"_links":{"self":[{"href":"https:\/\/buddydive.com\/pt-br\/wp-json\/wp\/v2\/pages\/31644","targetHints":{"allow":["GET"]}}],"collection":[{"href":"https:\/\/buddydive.com\/pt-br\/wp-json\/wp\/v2\/pages"}],"about":[{"href":"https:\/\/buddydive.com\/pt-br\/wp-json\/wp\/v2\/types\/page"}],"author":[{"embeddable":true,"href":"https:\/\/buddydive.com\/pt-br\/wp-json\/wp\/v2\/users\/1"}],"replies":[{"embeddable":true,"href":"https:\/\/buddydive.com\/pt-br\/wp-json\/wp\/v2\/comments?post=31644"}],"version-history":[{"count":2,"href":"https:\/\/buddydive.com\/pt-br\/wp-json\/wp\/v2\/pages\/31644\/revisions"}],"predecessor-version":[{"id":34807,"href":"https:\/\/buddydive.com\/pt-br\/wp-json\/wp\/v2\/pages\/31644\/revisions\/34807"}],"wp:attachment":[{"href":"https:\/\/buddydive.com\/pt-br\/wp-json\/wp\/v2\/media?parent=31644"}],"curies":[{"name":"wp","href":"https:\/\/api.w.org\/{rel}","templated":true}]}}