{"id":31599,"date":"2025-06-11T13:37:55","date_gmt":"2025-06-11T13:37:55","guid":{"rendered":"https:\/\/buddydive.com\/mergulho-em-bonaire\/"},"modified":"2025-10-24T14:42:01","modified_gmt":"2025-10-24T14:42:01","slug":"mergulho-em-bonaire","status":"publish","type":"page","link":"https:\/\/buddydive.com\/pt-br\/sobre-bonaire\/mergulho-em-bonaire\/","title":{"rendered":"Mergulho em Bonaire"},"content":{"rendered":"<div class=\"wpb-content-wrapper\">[vc_row][vc_column][vc_column_text]\n<h1 class=\"text-uppercase\" style=\"text-align: center;\"><small>Para\u00edso dos Mergulhadores<\/small>Bonaire<\/h1>\n<p>Com at\u00e9 60 locais de mergulho oficialmente listados em Bonaire e outros 20 locais de mergulho em Klein Bonaire, a ilha \u00e9 verdadeiramente um Para\u00edso dos Mergulhadores!<\/p>\n<p>O mar de Bonaire abunda em bela vida marinha e uma fascinante variedade de peixes tropicais multicoloridos, havendo muito a ser visto durante o mergulho em Bonaire. O mar \u00e9 notavelmente calmo, e as condi\u00e7\u00f5es s\u00e3o excelentes tanto para o mergulho aut\u00f4nomo quanto para o snorkeling.<\/p>\n<p>Em m\u00e9dia, durante o mergulho em Bonaire, a visibilidade excede 30 metros (100 p\u00e9s) e nossa temperatura m\u00e9dia da \u00e1gua \u00e9 de 28\u00b0C (80 graus Fahrenheit). O recife marginal come\u00e7a pr\u00f3ximo \u00e0 costa, geralmente a uma curta dist\u00e2ncia de 10 metros (30 p\u00e9s) ou menos, tornando Bonaire mundialmente reconhecida por sua facilidade de mergulho costeiro.<\/p>\n<p>As \u00e1guas de Bonaire oferecem algo especial para cada mergulhador. Os mergulhadores novatos apreciar\u00e3o as \u00e1guas calmas durante o mergulho em Bonaire, os recifes que correm paralelamente \u00e0 costa e as correntes m\u00ednimas. Essas condi\u00e7\u00f5es tornam-na uma localiza\u00e7\u00e3o ideal para realmente trabalhar na melhoria das habilidades de flutuabilidade! A \u00e1rea de declive raso do recife com abund\u00e2ncia de vida marinha permite um tempo m\u00e1ximo de fundo, proporcionando aos novos mergulhadores a oportunidade de desenvolver um n\u00edvel de conforto e confian\u00e7a em suas habilidades rec\u00e9m-aprendidas.[\/vc_column_text]<div class='xtd-carousel-filmstrip__container xtd-carousel-filmstrip--offset-  filtered-image  '><div class='xtd-carousel-filmstrip' data-speed='100000'>[vc_video link=&#8221;https:\/\/www.youtube.com\/watch?v=p_60BuT62iE&#8221; el_width=&#8221;50&#8243; title=&#8221;Recife do Buddy&#8221;][vc_video link=&#8221;https:\/\/www.youtube.com\/watch?v=LmS_N4-SjJg&#8221; el_width=&#8221;50&#8243; title=&#8221;1000 Degraus&#8221;][vc_video link=&#8221;https:\/\/www.youtube.com\/watch?v=rsFuTprwThc&#8221; el_width=&#8221;50&#8243; title=&#8221;Hilma Hooker&#8221;]<\/div><\/div>[\/vc_column][\/vc_row][vc_row][vc_column][vc_single_image image=&#8221;4041&#8243; img_size=&#8221;large&#8221; alignment=&#8221;center&#8221;][vc_column_text]\n<h3>Parque Marinho Nacional de Bonaire<\/h3>\n<p>O Parque Marinho Nacional de Bonaire foi estabelecido em 1979. O Parque Marinho de Bonaire come\u00e7a na marca da mar\u00e9 alta e se estende at\u00e9 60 metros (200 p\u00e9s) de profundidade; ele cobre uma \u00e1rea de 2.700 hectares, ou 27 km\u00b2.<\/p>\n<p>Miss\u00e3o<br \/>\nA miss\u00e3o do <a href=\"https:\/\/stinapabonaire.org\/\" target=\"_blank\" rel=\"noopener noreferrer\">Parque Marinho Nacional de Bonaire<\/a> (PMNB) \u00e9 proteger e gerenciar os recursos naturais, culturais e hist\u00f3ricos da ilha, permitindo o uso ecologicamente sustent\u00e1vel, em benef\u00edcio das gera\u00e7\u00f5es futuras.<\/p>\n<ul>Os objetivos s\u00e3o:<\/p>\n<li>Manter e restaurar os ecossistemas, a diversidade biol\u00f3gica e os processos ecol\u00f3gicos.<\/li>\n<li>Proteger e restaurar os recursos culturais e hist\u00f3ricos de signific\u00e2ncia.<\/li>\n<li>Gerenciar o Parque Marinho de Bonaire como um exemplo regional e globalmente significativo de uma \u00e1rea marinha protegida de uso m\u00faltiplo bem-sucedida atrav\u00e9s de:<\/li>\n<li>Educa\u00e7\u00e3o e divulga\u00e7\u00e3o<\/li>\n<li>Pesquisa<\/li>\n<li>Monitoramento<\/li>\n<li>Aplica\u00e7\u00e3o da lei<\/li>\n<li>Manuten\u00e7\u00e3o<\/li>\n<li>Administra\u00e7\u00e3o.<\/li>\n<li>Permitir o uso do Parque Marinho de Bonaire promovendo atividades n\u00e3o destrutivas e trabalhando com as partes interessadas para estabelecer diretrizes e regulamentos para minimizar o impacto no meio ambiente.<\/li>\n<\/ul>\n<p>Como um local de demonstra\u00e7\u00e3o da Rede Internacional de A\u00e7\u00e3o para os Recifes de Coral (ICRAN), o Parque Marinho \u00e9 um modelo em seu g\u00eanero no Caribe, protegendo e cuidando do ambiente marinho enquanto maximiza n\u00edveis seguros para recrea\u00e7\u00e3o e uso comercial.<\/p>\n<p>Por favor, observe: todos os usu\u00e1rios do Parque Marinho de Bonaire devem pagar uma taxa de natureza como admiss\u00e3o, tamb\u00e9m conhecida como Etiqueta do Parque Marinho STINAPA. As etiquetas podem ser compradas no website da STINAPA e s\u00e3o v\u00e1lidas para um ano civil. Os custos s\u00e3o de $45 por mergulhador e $25 para praticantes de snorkeling e devem ser pagos com cart\u00e3o de cr\u00e9dito ou cart\u00e3o de d\u00e9bito Maestro ou podem ser adquiridos online.[\/vc_column_text][\/vc_column][\/vc_row][vc_row][vc_column width=&#8221;1\/2&#8243;][vc_btn title=&#8221;Regras e regulamentos da STINAPA&#8221; align=&#8221;center&#8221; link=&#8221;url:https%3A%2F%2Fstinapabonaire.org%2Fbonaire-national%2Frules-and-regulations-video%2F%20%26gt%3B%26gt%3B|target:%20_blank|&#8221;][\/vc_column][vc_column width=&#8221;1\/2&#8243;][vc_btn title=&#8221;Compre sua etiqueta STINAPA online&#8221; align=&#8221;center&#8221; link=&#8221;url:https%3A%2F%2Fstinapa.bonairenaturefee.org|target:%20_blank|&#8221;][\/vc_column][\/vc_row][vc_row full_width=&#8221;stretch_row&#8221; parallax=&#8221;content-moving&#8221; css=&#8221;.vc_custom_1572961898622{background-image: url(https:\/\/buddydive.com\/wp-content\/uploads\/2019\/11\/9.-BONAIRE.jpg?id=4197) !important;}&#8221;][vc_column width=&#8221;1\/2&#8243; offset=&#8221;vc_col-sm-offset-3&#8243; el_class=&#8221;white-box content-padding&#8221; css=&#8221;.vc_custom_1578482995718{border-radius: 10px !important;}&#8221;][vc_column_text]\n<h2 style=\"text-align: center;\">Bonaire<\/h2>\n[\/vc_column_text][vc_single_image image=&#8221;4195&#8243; img_size=&#8221;full&#8221;][\/vc_column][\/vc_row][vc_row][vc_column][vc_raw_js]JTNDc2NyaXB0JTIwdHlwZSUzRCUyMnRleHQlMkZqYXZhc2NyaXB0JTIyJTNFJTBBd2luZG93LlRyZW5nbyUyMCUzRCUyMHdpbmRvdy5UcmVuZ28lMjAlN0MlN0MlMjAlN0IlN0QlM0IlMEF3aW5kb3cuVHJlbmdvLmtleSUyMCUzRCUyMCUyN1E5SGI4dlBvS2VnRDFBSSUyNyUzQiUwQSUyOGZ1bmN0aW9uJTI4ZCUyQyUyMHNjcmlwdCUyQyUyMHQlMjklMjAlN0IlMEElMjAlMjAlMjAlMjBzY3JpcHQlMjAlM0QlMjBkLmNyZWF0ZUVsZW1lbnQlMjglMjdzY3JpcHQlMjclMjklM0IlMEElMjAlMjAlMjAlMjBzY3JpcHQudHlwZSUyMCUzRCUyMCUyN3RleHQlMkZqYXZhc2NyaXB0JTI3JTNCJTBBJTIwJTIwJTIwJTIwc2NyaXB0LmFzeW5jJTIwJTNEJTIwdHJ1ZSUzQiUwQSUyMCUyMCUyMCUyMHNjcmlwdC5zcmMlMjAlM0QlMjAlMjdodHRwcyUzQSUyRiUyRnN0YXRpYy53aWRnZXQudHJlbmdvLmV1JTJGZW1iZWQuanMlMjclM0IlMEElMjAlMjAlMjAlMjBkLmdldEVsZW1lbnRzQnlUYWdOYW1lJTI4JTI3aGVhZCUyNyUyOSU1QjAlNUQuYXBwZW5kQ2hpbGQlMjhzY3JpcHQlMjklM0IlMEElN0QlMjhkb2N1bWVudCUyOSUyOSUzQiUwQSUzQyUyRnNjcmlwdCUzRQ==[\/vc_raw_js][\/vc_column][\/vc_row]\n<\/div>","protected":false},"excerpt":{"rendered":"<p>[vc_row][vc_column][vc_column_text] Para\u00edso dos MergulhadoresBonaire Com at\u00e9 60 locais de mergulho oficialmente listados em Bonaire e outros 20 locais de mergulho [&hellip;]<\/p>\n","protected":false},"author":1,"featured_media":0,"parent":31644,"menu_order":0,"comment_status":"closed","ping_status":"closed","template":"","meta":{"footnotes":""},"class_list":["post-31599","page","type-page","status-publish","hentry"],"yoast_head":"<!-- This site is optimized with the Yoast SEO plugin v27.4 - https:\/\/yoast.com\/product\/yoast-seo-wordpress\/ -->\n<title>Mergulho em Bonaire - Buddy Dive Resort Bonaire<\/title>\n<meta name=\"description\" content=\"Desfrute do mergulho em Bonaire com a Buddy Dive. Junte-se \u00e0 nossa frota!\" \/>\n<meta name=\"robots\" content=\"index, follow, max-snippet:-1, max-image-preview:large, max-video-preview:-1\" \/>\n<link rel=\"canonical\" href=\"https:\/\/buddydive.com\/pt-br\/sobre-bonaire\/mergulho-em-bonaire\/\" \/>\n<meta property=\"og:locale\" content=\"pt_BR\" \/>\n<meta property=\"og:type\" content=\"article\" \/>\n<meta property=\"og:title\" content=\"Mergulho em Bonaire - Buddy Dive Resort Bonaire\" \/>\n<meta property=\"og:description\" content=\"Desfrute do mergulho em Bonaire com a Buddy Dive. Junte-se \u00e0 nossa frota!\" \/>\n<meta property=\"og:url\" content=\"https:\/\/buddydive.com\/pt-br\/sobre-bonaire\/mergulho-em-bonaire\/\" \/>\n<meta property=\"og:site_name\" content=\"Buddy Dive Bonaire\" \/>\n<meta property=\"article:publisher\" content=\"https:\/\/www.facebook.com\/buddydiveresort\" \/>\n<meta property=\"article:modified_time\" content=\"2025-10-24T14:42:01+00:00\" \/>\n<meta name=\"twitter:card\" content=\"summary_large_image\" \/>\n<meta name=\"twitter:site\" content=\"@buddydive\" \/>\n<meta name=\"twitter:label1\" content=\"Est. tempo de leitura\" \/>\n\t<meta name=\"twitter:data1\" content=\"3 minutos\" \/>\n<script type=\"application\/ld+json\" class=\"yoast-schema-graph\">{\"@context\":\"https:\\\/\\\/schema.org\",\"@graph\":[{\"@type\":\"WebPage\",\"@id\":\"https:\\\/\\\/buddydive.com\\\/pt-br\\\/sobre-bonaire\\\/mergulho-em-bonaire\\\/\",\"url\":\"https:\\\/\\\/buddydive.com\\\/pt-br\\\/sobre-bonaire\\\/mergulho-em-bonaire\\\/\",\"name\":\"Mergulho em Bonaire - Buddy Dive Resort Bonaire\",\"isPartOf\":{\"@id\":\"https:\\\/\\\/buddydive.com\\\/pt-br\\\/#website\"},\"datePublished\":\"2025-06-11T13:37:55+00:00\",\"dateModified\":\"2025-10-24T14:42:01+00:00\",\"description\":\"Desfrute do mergulho em Bonaire com a Buddy Dive. Junte-se \u00e0 nossa frota!\",\"breadcrumb\":{\"@id\":\"https:\\\/\\\/buddydive.com\\\/pt-br\\\/sobre-bonaire\\\/mergulho-em-bonaire\\\/#breadcrumb\"},\"inLanguage\":\"pt-BR\",\"potentialAction\":[{\"@type\":\"ReadAction\",\"target\":[\"https:\\\/\\\/buddydive.com\\\/pt-br\\\/sobre-bonaire\\\/mergulho-em-bonaire\\\/\"]}]},{\"@type\":\"BreadcrumbList\",\"@id\":\"https:\\\/\\\/buddydive.com\\\/pt-br\\\/sobre-bonaire\\\/mergulho-em-bonaire\\\/#breadcrumb\",\"itemListElement\":[{\"@type\":\"ListItem\",\"position\":1,\"name\":\"Home\",\"item\":\"https:\\\/\\\/buddydive.com\\\/pt-br\\\/inicio\\\/\"},{\"@type\":\"ListItem\",\"position\":2,\"name\":\"Sobre Bonaire\",\"item\":\"https:\\\/\\\/buddydive.com\\\/pt-br\\\/sobre-bonaire\\\/\"},{\"@type\":\"ListItem\",\"position\":3,\"name\":\"Mergulho em Bonaire\"}]},{\"@type\":\"WebSite\",\"@id\":\"https:\\\/\\\/buddydive.com\\\/pt-br\\\/#website\",\"url\":\"https:\\\/\\\/buddydive.com\\\/pt-br\\\/\",\"name\":\"Buddy Dive Bonaire\",\"description\":\"My WordPress Blog\",\"potentialAction\":[{\"@type\":\"SearchAction\",\"target\":{\"@type\":\"EntryPoint\",\"urlTemplate\":\"https:\\\/\\\/buddydive.com\\\/pt-br\\\/?s={search_term_string}\"},\"query-input\":{\"@type\":\"PropertyValueSpecification\",\"valueRequired\":true,\"valueName\":\"search_term_string\"}}],\"inLanguage\":\"pt-BR\"}]}<\/script>\n<!-- \/ Yoast SEO plugin. -->","yoast_head_json":{"title":"Mergulho em Bonaire - Buddy Dive Resort Bonaire","description":"Desfrute do mergulho em Bonaire com a Buddy Dive. Junte-se \u00e0 nossa frota!","robots":{"index":"index","follow":"follow","max-snippet":"max-snippet:-1","max-image-preview":"max-image-preview:large","max-video-preview":"max-video-preview:-1"},"canonical":"https:\/\/buddydive.com\/pt-br\/sobre-bonaire\/mergulho-em-bonaire\/","og_locale":"pt_BR","og_type":"article","og_title":"Mergulho em Bonaire - Buddy Dive Resort Bonaire","og_description":"Desfrute do mergulho em Bonaire com a Buddy Dive. Junte-se \u00e0 nossa frota!","og_url":"https:\/\/buddydive.com\/pt-br\/sobre-bonaire\/mergulho-em-bonaire\/","og_site_name":"Buddy Dive Bonaire","article_publisher":"https:\/\/www.facebook.com\/buddydiveresort","article_modified_time":"2025-10-24T14:42:01+00:00","twitter_card":"summary_large_image","twitter_site":"@buddydive","twitter_misc":{"Est. tempo de leitura":"3 minutos"},"schema":{"@context":"https:\/\/schema.org","@graph":[{"@type":"WebPage","@id":"https:\/\/buddydive.com\/pt-br\/sobre-bonaire\/mergulho-em-bonaire\/","url":"https:\/\/buddydive.com\/pt-br\/sobre-bonaire\/mergulho-em-bonaire\/","name":"Mergulho em Bonaire - Buddy Dive Resort Bonaire","isPartOf":{"@id":"https:\/\/buddydive.com\/pt-br\/#website"},"datePublished":"2025-06-11T13:37:55+00:00","dateModified":"2025-10-24T14:42:01+00:00","description":"Desfrute do mergulho em Bonaire com a Buddy Dive. Junte-se \u00e0 nossa frota!","breadcrumb":{"@id":"https:\/\/buddydive.com\/pt-br\/sobre-bonaire\/mergulho-em-bonaire\/#breadcrumb"},"inLanguage":"pt-BR","potentialAction":[{"@type":"ReadAction","target":["https:\/\/buddydive.com\/pt-br\/sobre-bonaire\/mergulho-em-bonaire\/"]}]},{"@type":"BreadcrumbList","@id":"https:\/\/buddydive.com\/pt-br\/sobre-bonaire\/mergulho-em-bonaire\/#breadcrumb","itemListElement":[{"@type":"ListItem","position":1,"name":"Home","item":"https:\/\/buddydive.com\/pt-br\/inicio\/"},{"@type":"ListItem","position":2,"name":"Sobre Bonaire","item":"https:\/\/buddydive.com\/pt-br\/sobre-bonaire\/"},{"@type":"ListItem","position":3,"name":"Mergulho em Bonaire"}]},{"@type":"WebSite","@id":"https:\/\/buddydive.com\/pt-br\/#website","url":"https:\/\/buddydive.com\/pt-br\/","name":"Buddy Dive Bonaire","description":"My WordPress Blog","potentialAction":[{"@type":"SearchAction","target":{"@type":"EntryPoint","urlTemplate":"https:\/\/buddydive.com\/pt-br\/?s={search_term_string}"},"query-input":{"@type":"PropertyValueSpecification","valueRequired":true,"valueName":"search_term_string"}}],"inLanguage":"pt-BR"}]}},"_links":{"self":[{"href":"https:\/\/buddydive.com\/pt-br\/wp-json\/wp\/v2\/pages\/31599","targetHints":{"allow":["GET"]}}],"collection":[{"href":"https:\/\/buddydive.com\/pt-br\/wp-json\/wp\/v2\/pages"}],"about":[{"href":"https:\/\/buddydive.com\/pt-br\/wp-json\/wp\/v2\/types\/page"}],"author":[{"embeddable":true,"href":"https:\/\/buddydive.com\/pt-br\/wp-json\/wp\/v2\/users\/1"}],"replies":[{"embeddable":true,"href":"https:\/\/buddydive.com\/pt-br\/wp-json\/wp\/v2\/comments?post=31599"}],"version-history":[{"count":2,"href":"https:\/\/buddydive.com\/pt-br\/wp-json\/wp\/v2\/pages\/31599\/revisions"}],"predecessor-version":[{"id":34809,"href":"https:\/\/buddydive.com\/pt-br\/wp-json\/wp\/v2\/pages\/31599\/revisions\/34809"}],"up":[{"embeddable":true,"href":"https:\/\/buddydive.com\/pt-br\/wp-json\/wp\/v2\/pages\/31644"}],"wp:attachment":[{"href":"https:\/\/buddydive.com\/pt-br\/wp-json\/wp\/v2\/media?parent=31599"}],"curies":[{"name":"wp","href":"https:\/\/api.w.org\/{rel}","templated":true}]}}