{"id":31581,"date":"2025-06-11T13:37:32","date_gmt":"2025-06-11T13:37:32","guid":{"rendered":"https:\/\/buddydive.com\/sobre-nos\/faca-o-download-do-nosso-folheto\/"},"modified":"2026-02-03T11:15:21","modified_gmt":"2026-02-03T11:15:21","slug":"faca-o-download-do-nosso-folheto","status":"publish","type":"page","link":"https:\/\/buddydive.com\/pt-br\/sobre-nos\/faca-o-download-do-nosso-folheto\/","title":{"rendered":"Fa\u00e7a o download do nosso folheto"},"content":{"rendered":"<div class=\"wpb-content-wrapper\">[vc_row][vc_column][vc_column_text]\n<h1 class=\"text-uppercase\" style=\"text-align: left;\"><small>Tudo o que voc\u00ea precisa saber sobre n\u00f3s e<br \/>\n<\/small>Bonaire<\/h1>\n[\/vc_column_text][vc_row_inner][vc_column_inner][vc_single_image image=&#8221;31583&#8243; img_size=&#8221;large&#8221; alignment=&#8221;center&#8221; style=&#8221;xtd-shadow&#8211;normal-normal&#8221;][vc_empty_space height=&#8221;50px&#8221;][\/vc_column_inner][vc_column_inner width=&#8221;1\/4&#8243;][vc_btn title=&#8221;Ingl\u00eas&#8221; align=&#8221;center&#8221; css=&#8221;&#8221; button_block=&#8221;true&#8221; link=&#8221;url:https%3A%2F%2Fbuddydive.com%2Fwp-content%2Fuploads%2F2024%2F08%2FAll-Brochure-2024-25-English-web.pdf|target:_blank|&#8221;][\/vc_column_inner][vc_column_inner width=&#8221;1\/4&#8243;][vc_btn title=&#8221;Holand\u00eas&#8221; align=&#8221;center&#8221; css=&#8221;&#8221; button_block=&#8221;true&#8221; link=&#8221;url:https%3A%2F%2Fbuddydive.com%2Fwp-content%2Fuploads%2F2024%2F05%2FAll-Brochure-2023-24-Dutch-web-v2.pdf|&#8221;][vc_empty_space][vc_btn title=&#8221;Espanhol&#8221; align=&#8221;center&#8221; css=&#8221;&#8221; button_block=&#8221;true&#8221; link=&#8221;url:https%3A%2F%2Fbuddydive.com%2Fwp-content%2Fuploads%2F2024%2F08%2FAll-Brochure-2023-24-Spanish-web-2.pdf|target:_blank|&#8221;][\/vc_column_inner][vc_column_inner width=&#8221;1\/4&#8243;][vc_btn title=&#8221;Alem\u00e3o&#8221; align=&#8221;center&#8221; css=&#8221;&#8221; button_block=&#8221;true&#8221; link=&#8221;url:https%3A%2F%2Fbuddydive.com%2Fwp-content%2Fuploads%2F2024%2F08%2FAll-Brochure-2024-25-German-web.pdf|&#8221;][vc_empty_space][vc_btn title=&#8221;Portugu\u00eas&#8221; align=&#8221;center&#8221; css=&#8221;&#8221; button_block=&#8221;true&#8221; link=&#8221;url:https%3A%2F%2Fbuddydive.com%2Fwp-content%2Fuploads%2F2024%2F05%2FAll-Brochure-2023-24-Portuguese-web.pdf|target:_blank|&#8221;][\/vc_column_inner][vc_column_inner width=&#8221;1\/4&#8243;][vc_btn title=&#8221;Franc\u00eas&#8221; align=&#8221;center&#8221; css=&#8221;&#8221; button_block=&#8221;true&#8221; link=&#8221;url:https%3A%2F%2Fbuddydive.com%2Fwp-content%2Fuploads%2F2024%2F08%2FAll-Brochure-2024-25-French-web.pdf|&#8221;][\/vc_column_inner][\/vc_row_inner][\/vc_column][\/vc_row][vc_row][vc_column][\/vc_column][\/vc_row]\n<\/div>","protected":false},"excerpt":{"rendered":"<p>[vc_row][vc_column][vc_column_text] Tudo o que voc\u00ea precisa saber sobre n\u00f3s e Bonaire [\/vc_column_text][vc_row_inner][vc_column_inner][vc_single_image image=&#8221;31583&#8243; img_size=&#8221;large&#8221; alignment=&#8221;center&#8221; style=&#8221;xtd-shadow&#8211;normal-normal&#8221;][vc_empty_space height=&#8221;50px&#8221;][\/vc_column_inner][vc_column_inner width=&#8221;1\/4&#8243;][vc_btn title=&#8221;Ingl\u00eas&#8221; align=&#8221;center&#8221; [&hellip;]<\/p>\n","protected":false},"author":1,"featured_media":0,"parent":31560,"menu_order":0,"comment_status":"closed","ping_status":"closed","template":"","meta":{"footnotes":""},"class_list":["post-31581","page","type-page","status-publish","hentry"],"yoast_head":"<!-- This site is optimized with the Yoast SEO plugin v27.0 - https:\/\/yoast.com\/product\/yoast-seo-wordpress\/ -->\n<title>Fa\u00e7a o download do nosso folheto - Buddy dive resort bonaire<\/title>\n<meta name=\"description\" content=\"Tudo o que voc\u00ea precisa saber sobre Bonaire! Baixe nosso folheto em ingl\u00eas, holand\u00eas, alem\u00e3o ou franc\u00eas. Reserve sua pr\u00f3xima viagem para Bonaire no Buddy Dive!\" \/>\n<meta name=\"robots\" content=\"index, follow, max-snippet:-1, max-image-preview:large, max-video-preview:-1\" \/>\n<link rel=\"canonical\" href=\"https:\/\/buddydive.com\/pt-br\/sobre-nos\/faca-o-download-do-nosso-folheto\/\" \/>\n<meta property=\"og:locale\" content=\"pt_BR\" \/>\n<meta property=\"og:type\" content=\"article\" \/>\n<meta property=\"og:title\" content=\"Fa\u00e7a o download do nosso folheto - Buddy dive resort bonaire\" \/>\n<meta property=\"og:description\" content=\"Tudo o que voc\u00ea precisa saber sobre Bonaire! Baixe nosso folheto em ingl\u00eas, holand\u00eas, alem\u00e3o ou franc\u00eas. Reserve sua pr\u00f3xima viagem para Bonaire no Buddy Dive!\" \/>\n<meta property=\"og:url\" content=\"https:\/\/buddydive.com\/pt-br\/sobre-nos\/faca-o-download-do-nosso-folheto\/\" \/>\n<meta property=\"og:site_name\" content=\"Buddy Dive Bonaire\" \/>\n<meta property=\"article:publisher\" content=\"https:\/\/www.facebook.com\/buddydiveresort\" \/>\n<meta property=\"article:modified_time\" content=\"2026-02-03T11:15:21+00:00\" \/>\n<meta name=\"twitter:card\" content=\"summary_large_image\" \/>\n<meta name=\"twitter:site\" content=\"@buddydive\" \/>\n<meta name=\"twitter:label1\" content=\"Est. tempo de leitura\" \/>\n\t<meta name=\"twitter:data1\" content=\"1 minuto\" \/>\n<script type=\"application\/ld+json\" class=\"yoast-schema-graph\">{\"@context\":\"https:\/\/schema.org\",\"@graph\":[{\"@type\":\"WebPage\",\"@id\":\"https:\/\/buddydive.com\/pt-br\/sobre-nos\/faca-o-download-do-nosso-folheto\/\",\"url\":\"https:\/\/buddydive.com\/pt-br\/sobre-nos\/faca-o-download-do-nosso-folheto\/\",\"name\":\"Fa\u00e7a o download do nosso folheto - Buddy dive resort bonaire\",\"isPartOf\":{\"@id\":\"https:\/\/buddydive.com\/pt-br\/#website\"},\"datePublished\":\"2025-06-11T13:37:32+00:00\",\"dateModified\":\"2026-02-03T11:15:21+00:00\",\"description\":\"Tudo o que voc\u00ea precisa saber sobre Bonaire! Baixe nosso folheto em ingl\u00eas, holand\u00eas, alem\u00e3o ou franc\u00eas. Reserve sua pr\u00f3xima viagem para Bonaire no Buddy Dive!\",\"breadcrumb\":{\"@id\":\"https:\/\/buddydive.com\/pt-br\/sobre-nos\/faca-o-download-do-nosso-folheto\/#breadcrumb\"},\"inLanguage\":\"pt-BR\",\"potentialAction\":[{\"@type\":\"ReadAction\",\"target\":[\"https:\/\/buddydive.com\/pt-br\/sobre-nos\/faca-o-download-do-nosso-folheto\/\"]}]},{\"@type\":\"BreadcrumbList\",\"@id\":\"https:\/\/buddydive.com\/pt-br\/sobre-nos\/faca-o-download-do-nosso-folheto\/#breadcrumb\",\"itemListElement\":[{\"@type\":\"ListItem\",\"position\":1,\"name\":\"Home\",\"item\":\"https:\/\/buddydive.com\/pt-br\/inicio\/\"},{\"@type\":\"ListItem\",\"position\":2,\"name\":\"Sobre n\u00f3s\",\"item\":\"https:\/\/buddydive.com\/pt-br\/sobre-nos\/\"},{\"@type\":\"ListItem\",\"position\":3,\"name\":\"Fa\u00e7a o download do nosso folheto\"}]},{\"@type\":\"WebSite\",\"@id\":\"https:\/\/buddydive.com\/pt-br\/#website\",\"url\":\"https:\/\/buddydive.com\/pt-br\/\",\"name\":\"Buddy Dive Bonaire\",\"description\":\"My WordPress Blog\",\"potentialAction\":[{\"@type\":\"SearchAction\",\"target\":{\"@type\":\"EntryPoint\",\"urlTemplate\":\"https:\/\/buddydive.com\/pt-br\/?s={search_term_string}\"},\"query-input\":{\"@type\":\"PropertyValueSpecification\",\"valueRequired\":true,\"valueName\":\"search_term_string\"}}],\"inLanguage\":\"pt-BR\"}]}<\/script>\n<!-- \/ Yoast SEO plugin. -->","yoast_head_json":{"title":"Fa\u00e7a o download do nosso folheto - Buddy dive resort bonaire","description":"Tudo o que voc\u00ea precisa saber sobre Bonaire! Baixe nosso folheto em ingl\u00eas, holand\u00eas, alem\u00e3o ou franc\u00eas. Reserve sua pr\u00f3xima viagem para Bonaire no Buddy Dive!","robots":{"index":"index","follow":"follow","max-snippet":"max-snippet:-1","max-image-preview":"max-image-preview:large","max-video-preview":"max-video-preview:-1"},"canonical":"https:\/\/buddydive.com\/pt-br\/sobre-nos\/faca-o-download-do-nosso-folheto\/","og_locale":"pt_BR","og_type":"article","og_title":"Fa\u00e7a o download do nosso folheto - Buddy dive resort bonaire","og_description":"Tudo o que voc\u00ea precisa saber sobre Bonaire! Baixe nosso folheto em ingl\u00eas, holand\u00eas, alem\u00e3o ou franc\u00eas. Reserve sua pr\u00f3xima viagem para Bonaire no Buddy Dive!","og_url":"https:\/\/buddydive.com\/pt-br\/sobre-nos\/faca-o-download-do-nosso-folheto\/","og_site_name":"Buddy Dive Bonaire","article_publisher":"https:\/\/www.facebook.com\/buddydiveresort","article_modified_time":"2026-02-03T11:15:21+00:00","twitter_card":"summary_large_image","twitter_site":"@buddydive","twitter_misc":{"Est. tempo de leitura":"1 minuto"},"schema":{"@context":"https:\/\/schema.org","@graph":[{"@type":"WebPage","@id":"https:\/\/buddydive.com\/pt-br\/sobre-nos\/faca-o-download-do-nosso-folheto\/","url":"https:\/\/buddydive.com\/pt-br\/sobre-nos\/faca-o-download-do-nosso-folheto\/","name":"Fa\u00e7a o download do nosso folheto - Buddy dive resort bonaire","isPartOf":{"@id":"https:\/\/buddydive.com\/pt-br\/#website"},"datePublished":"2025-06-11T13:37:32+00:00","dateModified":"2026-02-03T11:15:21+00:00","description":"Tudo o que voc\u00ea precisa saber sobre Bonaire! Baixe nosso folheto em ingl\u00eas, holand\u00eas, alem\u00e3o ou franc\u00eas. Reserve sua pr\u00f3xima viagem para Bonaire no Buddy Dive!","breadcrumb":{"@id":"https:\/\/buddydive.com\/pt-br\/sobre-nos\/faca-o-download-do-nosso-folheto\/#breadcrumb"},"inLanguage":"pt-BR","potentialAction":[{"@type":"ReadAction","target":["https:\/\/buddydive.com\/pt-br\/sobre-nos\/faca-o-download-do-nosso-folheto\/"]}]},{"@type":"BreadcrumbList","@id":"https:\/\/buddydive.com\/pt-br\/sobre-nos\/faca-o-download-do-nosso-folheto\/#breadcrumb","itemListElement":[{"@type":"ListItem","position":1,"name":"Home","item":"https:\/\/buddydive.com\/pt-br\/inicio\/"},{"@type":"ListItem","position":2,"name":"Sobre n\u00f3s","item":"https:\/\/buddydive.com\/pt-br\/sobre-nos\/"},{"@type":"ListItem","position":3,"name":"Fa\u00e7a o download do nosso folheto"}]},{"@type":"WebSite","@id":"https:\/\/buddydive.com\/pt-br\/#website","url":"https:\/\/buddydive.com\/pt-br\/","name":"Buddy Dive Bonaire","description":"My WordPress Blog","potentialAction":[{"@type":"SearchAction","target":{"@type":"EntryPoint","urlTemplate":"https:\/\/buddydive.com\/pt-br\/?s={search_term_string}"},"query-input":{"@type":"PropertyValueSpecification","valueRequired":true,"valueName":"search_term_string"}}],"inLanguage":"pt-BR"}]}},"_links":{"self":[{"href":"https:\/\/buddydive.com\/pt-br\/wp-json\/wp\/v2\/pages\/31581","targetHints":{"allow":["GET"]}}],"collection":[{"href":"https:\/\/buddydive.com\/pt-br\/wp-json\/wp\/v2\/pages"}],"about":[{"href":"https:\/\/buddydive.com\/pt-br\/wp-json\/wp\/v2\/types\/page"}],"author":[{"embeddable":true,"href":"https:\/\/buddydive.com\/pt-br\/wp-json\/wp\/v2\/users\/1"}],"replies":[{"embeddable":true,"href":"https:\/\/buddydive.com\/pt-br\/wp-json\/wp\/v2\/comments?post=31581"}],"version-history":[{"count":3,"href":"https:\/\/buddydive.com\/pt-br\/wp-json\/wp\/v2\/pages\/31581\/revisions"}],"predecessor-version":[{"id":36505,"href":"https:\/\/buddydive.com\/pt-br\/wp-json\/wp\/v2\/pages\/31581\/revisions\/36505"}],"up":[{"embeddable":true,"href":"https:\/\/buddydive.com\/pt-br\/wp-json\/wp\/v2\/pages\/31560"}],"wp:attachment":[{"href":"https:\/\/buddydive.com\/pt-br\/wp-json\/wp\/v2\/media?parent=31581"}],"curies":[{"name":"wp","href":"https:\/\/api.w.org\/{rel}","templated":true}]}}