{"id":31575,"date":"2025-06-11T13:37:30","date_gmt":"2025-06-11T13:37:30","guid":{"rendered":"https:\/\/buddydive.com\/sobre-nos\/economize-tempo-no-check-in\/"},"modified":"2026-02-03T11:29:35","modified_gmt":"2026-02-03T11:29:35","slug":"economize-tempo-no-check-in","status":"publish","type":"page","link":"https:\/\/buddydive.com\/pt-br\/sobre-nos\/economize-tempo-no-check-in\/","title":{"rendered":"Economize tempo no check-in"},"content":{"rendered":"<div class=\"wpb-content-wrapper\">[vc_row][vc_column][vc_column_text]\n<h1 style=\"text-align: center;\">Economize tempo no check-in<\/h1>\n[\/vc_column_text][\/vc_column][\/vc_row][vc_row][vc_column][vc_column_text css=&#8221;&#8221;]\n<h3>Registro do hotel<\/h3>\n<p>D\u00ea-se uma vantagem inicial e fa\u00e7a o download do nosso documento informativo \u201cConhe\u00e7a Antes de Ir\u201d!<br \/>\nEconomize tempo na recep\u00e7\u00e3o e na loja de mergulho preenchendo a <a href=\"https:\/\/buddydive.com\/pt-br\/cartao-de-registro-de-hospede-do-buddy-dive-resort\/\">documenta\u00e7\u00e3o<\/a> necess\u00e1ria antes da chegada.[\/vc_column_text][vc_empty_space][vc_column_text]\n<h3>Registro na loja de mergulho<\/h3>\n<p>Antes da chegada, por favor, preencha o <a href=\"https:\/\/buddydive.com\/pt-br\/sobre-nos\/seus-formularios-de-responsabilidade-online-buddies\/\">formul\u00e1rio de responsabilidade do mergulhador<\/a>. Fazendo um curso conosco? Por favor, preencha o <a href=\"https:\/\/buddydive.com\/pt-br\/sobre-nos\/seus-formularios-de-responsabilidade-online-buddies\/\">formul\u00e1rio de responsabilidade<\/a> antes de vir para Bonaire.<\/p>\n<h3>Taxa do Parque Marinho Stinapa<\/h3>\n<p>Todas as pessoas que desejarem utilizar o Parque Marinho de Bonaire (todas as \u00e1guas ao redor de Bonaire) precisam pagar a taxa do Parque Marinho de Bonaire \u00e0 Stinapa. A taxa \u00e9 de $40 para todos os usu\u00e1rios do parque marinho.<\/p>\n<p>Por favor, pague sua taxa do parque marinho online antes da chegada. A taxa pode ser paga no <a href=\"https:\/\/stinapa.bonairenaturefee.org\/\">site da Stinapa.<\/a><\/p>\n<h3>Imposto de entrada tur\u00edstica<\/h3>\n<p><span class=\"mc-toc-title\">A partir de 1<sup>\u00ba<\/sup> de julho de 2022, o imposto sobre hospedagem e aluguel de carro n\u00e3o ser\u00e1 mais pago em nossos resorts, mas um imposto de entrada tur\u00edstica de $75 deve ser pago antes da chegada. O imposto ser\u00e1 aplicado a todos os n\u00e3o residentes com 13 anos ou mais que entrarem em Bonaire. N\u00e3o residentes com 12 anos ou menos e residentes das antigas Antilhas Holandesas que chegarem \u00e0 ilha pagar\u00e3o uma taxa de $10 por visita. <\/span><\/p>\n<p>Este imposto pode ser pago antes da chegada atrav\u00e9s de uma <a href=\"https:\/\/bonaireisland.com\/\">plataforma online<\/a>, ou na chegada ao Aeroporto Flamingo. Os fundos do imposto tur\u00edstico ser\u00e3o investidos para apoiar iniciativas de educa\u00e7\u00e3o, infraestrutura, desenvolvimento tur\u00edstico e sustentabilidade na ilha.<\/p>\n<p>Ap\u00f3s o registro e pagamento, voc\u00ea receber\u00e1 um c\u00f3digo QR pessoal por e-mail. Este c\u00f3digo ser\u00e1 verificado na chegada.<\/p>\n<p><strong><em>Recomendamos fortemente que preencha todas as informa\u00e7\u00f5es necess\u00e1rias em www.bonaireisland.com antes da chegada e que traga o c\u00f3digo QR. Isso evita longos tempos de espera no aeroporto.<br \/>\n<\/em><\/strong><\/p>\n<h3><strong><em><br \/>\n<\/em><\/strong>Assine o Compromisso de Bonaire<strong><em><br \/>\n<\/em><\/strong><\/h3>\n<p>Ao assinar o <a href=\"https:\/\/bonaireisland.com\/about\/bonaire-bond\/\">Compromisso de Bonaire<\/a>, voc\u00ea promete ajudar a preservar e proteger a ilha, a comunidade e os meios de subsist\u00eancia para os anos futuros. Em nome das pessoas que assinaram o <a href=\"https:\/\/bonaireisland.com\/about\/bonaire-bond\/\">Compromisso de Bonaire<\/a>, a Corpora\u00e7\u00e3o de Turismo de Bonaire adotar\u00e1 uma \u00e1rvore do viveiro de corais da Reef Renewal Bonaire.<\/p>\n<h3><\/h3>\n[\/vc_column_text][vc_column_text][\/vc_column_text][vc_column_text]\n<h2 style=\"text-align: center;\">Saiba antes de ir<\/h2>\n<p style=\"text-align: center;\">Para tornar os preparativos para suas f\u00e9rias em Bonaire o mais f\u00e1cil poss\u00edvel, n\u00f3s compilamos um arquivo Saiba Antes de Ir. Se voc\u00ea tiver alguma d\u00favida ap\u00f3s ler este arquivo, por favor, n\u00e3o hesite em nos contatar.<\/p>\n[\/vc_column_text][\/vc_column][\/vc_row][vc_row][vc_column width=&#8221;1\/3&#8243;][vc_btn title=&#8221;Saiba antes de ir &#8211; Ingl\u00eas&#8221; css=&#8221;&#8221; link=&#8221;url:https%3A%2F%2Fbuddydive.com%2Fwp-content%2Fuploads%2F2025%2F03%2FKnow-Before-You-Go-2025-1.pdf|target:_blank|&#8221;][\/vc_column][vc_column width=&#8221;1\/3&#8243;][vc_btn title=&#8221;Wat je moet weten voor je gaa &#8211; nederlands&#8221; css=&#8221;&#8221; link=&#8221;url:https%3A%2F%2Fbuddydive.com%2Fwp-content%2Fuploads%2F2025%2F03%2FBDR-KBYG-2025-DUTCH.pdf|target:_blank|&#8221;][\/vc_column][vc_column width=&#8221;1\/3&#8243;][vc_btn title=&#8221;Sepa antes de viajar &#8211; espa\u00f1ol&#8221; css=&#8221;&#8221; link=&#8221;url:https%3A%2F%2Fbuddydive.com%2Fwp-content%2Fuploads%2F2025%2F03%2FBDR-KBYG-2025-SPANISH.pdf|target:_blank|&#8221;][\/vc_column][\/vc_row][vc_row][vc_column width=&#8221;1\/3&#8243;][vc_btn title=&#8221;Saber antes de partir &#8211; portugu\u00eas&#8221; css=&#8221;&#8221; link=&#8221;url:https%3A%2F%2Fbuddydive.com%2Fwp-content%2Fuploads%2F2025%2F03%2FBDR-KBYG-2025-PORTUGESE.pdf|target:_blank|&#8221;][\/vc_column][vc_column width=&#8221;1\/3&#8243;][vc_btn title=&#8221;Was Sie vor der reise wissen sollten &#8211; deutsch&#8221; css=&#8221;&#8221; link=&#8221;url:https%3A%2F%2Fbuddydive.com%2Fwp-content%2Fuploads%2F2025%2F03%2FBDR-KBYG-2025-GERMAN-updated.pdf|target:_blank|&#8221;][\/vc_column][vc_column width=&#8221;1\/3&#8243;][vc_btn title=&#8221;Sache avant de partir &#8211; fran\u00e7ais&#8221; css=&#8221;&#8221; link=&#8221;url:https%3A%2F%2Fbuddydive.com%2Fwp-content%2Fuploads%2F2025%2F03%2FBDR-KBYG-2025-FRENCH.pdf|target:_blank|&#8221;][\/vc_column][\/vc_row][vc_row][vc_column][\/vc_column][\/vc_row]\n<\/div>","protected":false},"excerpt":{"rendered":"<p>[vc_row][vc_column][vc_column_text] Economize tempo no check-in [\/vc_column_text][\/vc_column][\/vc_row][vc_row][vc_column][vc_column_text css=&#8221;&#8221;] Registro do hotel D\u00ea-se uma vantagem inicial e fa\u00e7a o download do nosso [&hellip;]<\/p>\n","protected":false},"author":1,"featured_media":0,"parent":31560,"menu_order":0,"comment_status":"closed","ping_status":"closed","template":"page-templates\/page-right.php","meta":{"footnotes":""},"class_list":["post-31575","page","type-page","status-publish","hentry"],"yoast_head":"<!-- This site is optimized with the Yoast SEO plugin v27.4 - https:\/\/yoast.com\/product\/yoast-seo-wordpress\/ -->\n<title>Economize tempo no check-in - Buddy Dive Resort Bonaire<\/title>\n<meta name=\"description\" content=\"Poupe tempo na recep\u00e7\u00e3o e preencha a papelada necess\u00e1ria em casa ou no avi\u00e3o antes da chegada. Descarregue o seu formul\u00e1rio aqui.\" \/>\n<meta name=\"robots\" content=\"index, follow, max-snippet:-1, max-image-preview:large, max-video-preview:-1\" \/>\n<link rel=\"canonical\" href=\"https:\/\/buddydive.com\/pt-br\/sobre-nos\/economize-tempo-no-check-in\/\" \/>\n<meta property=\"og:locale\" content=\"pt_BR\" \/>\n<meta property=\"og:type\" content=\"article\" \/>\n<meta property=\"og:title\" content=\"Economize tempo no check-in - Buddy Dive Resort Bonaire\" \/>\n<meta property=\"og:description\" content=\"Poupe tempo na recep\u00e7\u00e3o e preencha a papelada necess\u00e1ria em casa ou no avi\u00e3o antes da chegada. Descarregue o seu formul\u00e1rio aqui.\" \/>\n<meta property=\"og:url\" content=\"https:\/\/buddydive.com\/pt-br\/sobre-nos\/economize-tempo-no-check-in\/\" \/>\n<meta property=\"og:site_name\" content=\"Buddy Dive Bonaire\" \/>\n<meta property=\"article:publisher\" content=\"https:\/\/www.facebook.com\/buddydiveresort\" \/>\n<meta property=\"article:modified_time\" content=\"2026-02-03T11:29:35+00:00\" \/>\n<meta name=\"twitter:card\" content=\"summary_large_image\" \/>\n<meta name=\"twitter:site\" content=\"@buddydive\" \/>\n<meta name=\"twitter:label1\" content=\"Est. tempo de leitura\" \/>\n\t<meta name=\"twitter:data1\" content=\"3 minutos\" \/>\n<script type=\"application\/ld+json\" class=\"yoast-schema-graph\">{\"@context\":\"https:\\\/\\\/schema.org\",\"@graph\":[{\"@type\":\"WebPage\",\"@id\":\"https:\\\/\\\/buddydive.com\\\/pt-br\\\/sobre-nos\\\/economize-tempo-no-check-in\\\/\",\"url\":\"https:\\\/\\\/buddydive.com\\\/pt-br\\\/sobre-nos\\\/economize-tempo-no-check-in\\\/\",\"name\":\"Economize tempo no check-in - Buddy Dive Resort Bonaire\",\"isPartOf\":{\"@id\":\"https:\\\/\\\/buddydive.com\\\/pt-br\\\/#website\"},\"datePublished\":\"2025-06-11T13:37:30+00:00\",\"dateModified\":\"2026-02-03T11:29:35+00:00\",\"description\":\"Poupe tempo na recep\u00e7\u00e3o e preencha a papelada necess\u00e1ria em casa ou no avi\u00e3o antes da chegada. Descarregue o seu formul\u00e1rio aqui.\",\"breadcrumb\":{\"@id\":\"https:\\\/\\\/buddydive.com\\\/pt-br\\\/sobre-nos\\\/economize-tempo-no-check-in\\\/#breadcrumb\"},\"inLanguage\":\"pt-BR\",\"potentialAction\":[{\"@type\":\"ReadAction\",\"target\":[\"https:\\\/\\\/buddydive.com\\\/pt-br\\\/sobre-nos\\\/economize-tempo-no-check-in\\\/\"]}]},{\"@type\":\"BreadcrumbList\",\"@id\":\"https:\\\/\\\/buddydive.com\\\/pt-br\\\/sobre-nos\\\/economize-tempo-no-check-in\\\/#breadcrumb\",\"itemListElement\":[{\"@type\":\"ListItem\",\"position\":1,\"name\":\"Home\",\"item\":\"https:\\\/\\\/buddydive.com\\\/pt-br\\\/inicio\\\/\"},{\"@type\":\"ListItem\",\"position\":2,\"name\":\"Sobre n\u00f3s\",\"item\":\"https:\\\/\\\/buddydive.com\\\/pt-br\\\/sobre-nos\\\/\"},{\"@type\":\"ListItem\",\"position\":3,\"name\":\"Economize tempo no check-in\"}]},{\"@type\":\"WebSite\",\"@id\":\"https:\\\/\\\/buddydive.com\\\/pt-br\\\/#website\",\"url\":\"https:\\\/\\\/buddydive.com\\\/pt-br\\\/\",\"name\":\"Buddy Dive Bonaire\",\"description\":\"My WordPress Blog\",\"potentialAction\":[{\"@type\":\"SearchAction\",\"target\":{\"@type\":\"EntryPoint\",\"urlTemplate\":\"https:\\\/\\\/buddydive.com\\\/pt-br\\\/?s={search_term_string}\"},\"query-input\":{\"@type\":\"PropertyValueSpecification\",\"valueRequired\":true,\"valueName\":\"search_term_string\"}}],\"inLanguage\":\"pt-BR\"}]}<\/script>\n<!-- \/ Yoast SEO plugin. -->","yoast_head_json":{"title":"Economize tempo no check-in - Buddy Dive Resort Bonaire","description":"Poupe tempo na recep\u00e7\u00e3o e preencha a papelada necess\u00e1ria em casa ou no avi\u00e3o antes da chegada. Descarregue o seu formul\u00e1rio aqui.","robots":{"index":"index","follow":"follow","max-snippet":"max-snippet:-1","max-image-preview":"max-image-preview:large","max-video-preview":"max-video-preview:-1"},"canonical":"https:\/\/buddydive.com\/pt-br\/sobre-nos\/economize-tempo-no-check-in\/","og_locale":"pt_BR","og_type":"article","og_title":"Economize tempo no check-in - Buddy Dive Resort Bonaire","og_description":"Poupe tempo na recep\u00e7\u00e3o e preencha a papelada necess\u00e1ria em casa ou no avi\u00e3o antes da chegada. Descarregue o seu formul\u00e1rio aqui.","og_url":"https:\/\/buddydive.com\/pt-br\/sobre-nos\/economize-tempo-no-check-in\/","og_site_name":"Buddy Dive Bonaire","article_publisher":"https:\/\/www.facebook.com\/buddydiveresort","article_modified_time":"2026-02-03T11:29:35+00:00","twitter_card":"summary_large_image","twitter_site":"@buddydive","twitter_misc":{"Est. tempo de leitura":"3 minutos"},"schema":{"@context":"https:\/\/schema.org","@graph":[{"@type":"WebPage","@id":"https:\/\/buddydive.com\/pt-br\/sobre-nos\/economize-tempo-no-check-in\/","url":"https:\/\/buddydive.com\/pt-br\/sobre-nos\/economize-tempo-no-check-in\/","name":"Economize tempo no check-in - Buddy Dive Resort Bonaire","isPartOf":{"@id":"https:\/\/buddydive.com\/pt-br\/#website"},"datePublished":"2025-06-11T13:37:30+00:00","dateModified":"2026-02-03T11:29:35+00:00","description":"Poupe tempo na recep\u00e7\u00e3o e preencha a papelada necess\u00e1ria em casa ou no avi\u00e3o antes da chegada. Descarregue o seu formul\u00e1rio aqui.","breadcrumb":{"@id":"https:\/\/buddydive.com\/pt-br\/sobre-nos\/economize-tempo-no-check-in\/#breadcrumb"},"inLanguage":"pt-BR","potentialAction":[{"@type":"ReadAction","target":["https:\/\/buddydive.com\/pt-br\/sobre-nos\/economize-tempo-no-check-in\/"]}]},{"@type":"BreadcrumbList","@id":"https:\/\/buddydive.com\/pt-br\/sobre-nos\/economize-tempo-no-check-in\/#breadcrumb","itemListElement":[{"@type":"ListItem","position":1,"name":"Home","item":"https:\/\/buddydive.com\/pt-br\/inicio\/"},{"@type":"ListItem","position":2,"name":"Sobre n\u00f3s","item":"https:\/\/buddydive.com\/pt-br\/sobre-nos\/"},{"@type":"ListItem","position":3,"name":"Economize tempo no check-in"}]},{"@type":"WebSite","@id":"https:\/\/buddydive.com\/pt-br\/#website","url":"https:\/\/buddydive.com\/pt-br\/","name":"Buddy Dive Bonaire","description":"My WordPress Blog","potentialAction":[{"@type":"SearchAction","target":{"@type":"EntryPoint","urlTemplate":"https:\/\/buddydive.com\/pt-br\/?s={search_term_string}"},"query-input":{"@type":"PropertyValueSpecification","valueRequired":true,"valueName":"search_term_string"}}],"inLanguage":"pt-BR"}]}},"_links":{"self":[{"href":"https:\/\/buddydive.com\/pt-br\/wp-json\/wp\/v2\/pages\/31575","targetHints":{"allow":["GET"]}}],"collection":[{"href":"https:\/\/buddydive.com\/pt-br\/wp-json\/wp\/v2\/pages"}],"about":[{"href":"https:\/\/buddydive.com\/pt-br\/wp-json\/wp\/v2\/types\/page"}],"author":[{"embeddable":true,"href":"https:\/\/buddydive.com\/pt-br\/wp-json\/wp\/v2\/users\/1"}],"replies":[{"embeddable":true,"href":"https:\/\/buddydive.com\/pt-br\/wp-json\/wp\/v2\/comments?post=31575"}],"version-history":[{"count":3,"href":"https:\/\/buddydive.com\/pt-br\/wp-json\/wp\/v2\/pages\/31575\/revisions"}],"predecessor-version":[{"id":36520,"href":"https:\/\/buddydive.com\/pt-br\/wp-json\/wp\/v2\/pages\/31575\/revisions\/36520"}],"up":[{"embeddable":true,"href":"https:\/\/buddydive.com\/pt-br\/wp-json\/wp\/v2\/pages\/31560"}],"wp:attachment":[{"href":"https:\/\/buddydive.com\/pt-br\/wp-json\/wp\/v2\/media?parent=31575"}],"curies":[{"name":"wp","href":"https:\/\/api.w.org\/{rel}","templated":true}]}}