{"id":31567,"date":"2025-06-11T13:37:29","date_gmt":"2025-06-11T13:37:29","guid":{"rendered":"https:\/\/buddydive.com\/sobre-nos\/sustentabilidade\/"},"modified":"2025-10-24T15:14:41","modified_gmt":"2025-10-24T15:14:41","slug":"sustentabilidade","status":"publish","type":"page","link":"https:\/\/buddydive.com\/pt-br\/sobre-nos\/sustentabilidade\/","title":{"rendered":"Sustentabilidade"},"content":{"rendered":"<div class=\"wpb-content-wrapper\">[vc_row][vc_column width=&#8221;1\/2&#8243;][vc_column_text]\n<h1 class=\"text-uppercase\" style=\"text-align: center;\"><small>O foco dos seus buddies\u2122 em<br \/>\n<\/small>sustentabilidade<\/h1>\n<p>O Buddy Dive Resort Bonaire est\u00e1 cada vez mais focado em um n\u00edvel de sustentabilidade social e ambiental. Embora Bonaire seja uma ilha pequena, nos empenhamos para criar um mundo melhor juntos. Portanto, busca-se uma maior efici\u00eancia em todas as nossas decis\u00f5es comerciais.<\/p>\n<p>A natureza de Bonaire \u00e9 deslumbrante, tanto subaqu\u00e1tica quanto na superf\u00edcie. Gostar\u00edamos de mant\u00ea-la assim, por isso nos concentramos na responsabilidade social corporativa, na sustentabilidade e na atratividade da ilha. Para n\u00f3s mesmos, mas tamb\u00e9m para as gera\u00e7\u00f5es futuras.[\/vc_column_text][\/vc_column][vc_column width=&#8221;1\/2&#8243;][vc_gallery images=&#8221;4067,4068,4069,3890&#8243; img_size=&#8221;medium&#8221; columns=&#8221;2&#8243; masonry=&#8221;fitRows&#8221;][\/vc_column][\/vc_row][vc_row css=&#8221;.vc_custom_1570350933674{margin-top: -10px !important;}&#8221;][vc_column][vc_column_text]\n<h4>Reef Renewal Foundation Bonaire<\/h4>\n<p>Desde 2012, a <a href=\"https:\/\/www.reefrenewalbonaire.org\/\">Reef Renewal Foundation Bonaire<\/a>, uma organiza\u00e7\u00e3o sem fins lucrativos, dedica-se a auxiliar na recupera\u00e7\u00e3o natural dos recifes de Bonaire por meio de restaura\u00e7\u00e3o ativa em larga escala. Apoiada por pesquisas e colabora\u00e7\u00f5es mundiais, eles utilizam t\u00e9cnicas inovadoras para restaurar esp\u00e9cies de corais, enquanto educam, envolvem e inspiram a comunidade a agir para preservar nossos recifes.<br \/>\nO Buddy Dive Resort tem sido o parceiro fundador da Reef Renewal Foundation Bonaire desde seu estabelecimento em 2012. Os primeiros viveiros e locais de transplante, bem como o primeiro escrit\u00f3rio, foram no Buddy Dive Resort. Al\u00e9m disso, os primeiros funcion\u00e1rios treinados, volunt\u00e1rios e o ensino de cursos especializados em Reef Renewal ocorreram no Buddy Dive Resort. Somos um parceiro orgulhoso desta funda\u00e7\u00e3o progressista e inspiradora.<\/p>\n<h4>O Bonaire Bond<\/h4>\n<p>Em 2022, a Tourism Corporation Bonaire iniciou o <a href=\"https:\/\/bonaireisland.com\/about\/bonaire-bond\/\">Bonaire Bond<\/a>. O Bonaire Bond \u00e9 um compromisso que todos os visitantes de Bonaire podem assinar. Neste compromisso, voc\u00ea demonstra seu comprometimento com o uso sustent\u00e1vel dos recursos oce\u00e2nicos e seu respeito pela cultura, animais e parques nacionais de Bonaire. Voc\u00ea promete ser ecologicamente consciente e ser um amigo da ilha. A Tourism Corporation Bonaire adotar\u00e1 uma \u00e1rvore de viveiro de coral da Reef Renewal Bonaire em nome das pessoas que assinaram o Bonaire Bond. Motivamos todos os nossos h\u00f3spedes a assinarem o Bonaire Bond e se comprometerem a utilizar os recursos de nossa ilha de maneira sustent\u00e1vel.<\/p>\n<h4>Sistema de purifica\u00e7\u00e3o de \u00e1gua<\/h4>\n<p>Voc\u00ea pode beber \u00e1gua da torneira durante sua estadia no Buddy Dive Resort. O Buddy Dive utiliza um sistema de purifica\u00e7\u00e3o de \u00e1gua para dessaliniza\u00e7\u00e3o, uma das poucas fontes de \u00e1gua independentes da chuva para uso humano. A dessaliniza\u00e7\u00e3o \u00e9 um processo que extrai sal e minerais da \u00e1gua do oceano usando osmose reversa. Ent\u00e3o, traga sua garrafa de \u00e1gua reutiliz\u00e1vel e mantenha-se hidratado!<\/p>\n<h4>Redu\u00e7\u00e3o do consumo de \u00e1gua e eletricidade<\/h4>\n<p>Tentamos conscientizar nossos h\u00f3spedes sobre o desperd\u00edcio desnecess\u00e1rio de \u00e1gua e eletricidade em nossos quartos. Porque voc\u00ea tamb\u00e9m pode ajudar. Por favor, desligue o ar-condicionado e as luzes ao sair do quarto. Coloque suas toalhas no suporte para reutiliz\u00e1-las ou no ch\u00e3o para lavagem.<\/p>\n<h4>Biodiversidade<\/h4>\n<p>Os peixes-le\u00e3o invasores est\u00e3o prejudicando os sistemas nativos de recifes de coral nas \u00e1guas do Caribe. Muitos peixes de recife est\u00e3o amea\u00e7ados em seu ambiente natural. Para manter o equil\u00edbrio da popula\u00e7\u00e3o de peixes, ca\u00e7amos o peixe-le\u00e3o durante as viagens de mergulho e oferecemos um curso especializado de ca\u00e7a ao peixe-le\u00e3o. Traga seu pr\u00f3prio peixe-le\u00e3o capturado entre 15h e 17h no Blennies Restaurant e n\u00f3s o limparemos e cozinharemos \u00e0 perfei\u00e7\u00e3o para que voc\u00ea possa desfrut\u00e1-lo no jantar no mesmo dia!<\/p>\n<h4>Reciclagem<\/h4>\n<p>O Buddy Dive Resort \u00e9 a segunda empresa na ilha a come\u00e7ar a utilizar um compactador para processar e separar seus res\u00edduos de maneira eficiente e sustent\u00e1vel. O cont\u00eainer pode processar pl\u00e1stico, papel\u00e3o e res\u00edduos restantes, facilitando a remo\u00e7\u00e3o de res\u00edduos de maneira higi\u00eanica e eficiente.<br \/>\nAs sobras de alimentos dos restaurantes s\u00e3o recolhidas todos os dias e levadas aos agricultores locais. Eles usam isso para alimentar seu gado. Al\u00e9m disso, a venda ou doa\u00e7\u00e3o de sacolas pl\u00e1sticas descart\u00e1veis, agitadores, canudos, talheres e recipientes de poliestireno para refei\u00e7\u00f5es n\u00e3o \u00e9 permitida em Bonaire. Nossas embalagens para viagem nos restaurantes s\u00e3o biodegrad\u00e1veis e usamos sacolas ecol\u00f3gicas em nossas lojas. Isso reduz significativamente o desperd\u00edcio. Para limpeza e lavanderia, utilizamos produtos biodegrad\u00e1veis.<\/p>\n<h4>STINAPA<\/h4>\n<p>A <a href=\"https:\/\/stinapabonaire.org\/\">Stinapa<\/a> (Stichting Nationale Parken) Bonaire foi estabelecida em 1962 para proteger todas as reservas naturais em Bonaire e ao seu redor. A miss\u00e3o da STINAPA \u00e9 preservar e manter o patrim\u00f4nio natural, cultural e hist\u00f3rico de Bonaire. Para isso, mergulhadores, praticantes de snorkel e outros participantes de atividades aqu\u00e1ticas s\u00e3o obrigados a comprar uma <a href=\"https:\/\/stinapa.bonairenaturefee.org\/\">STINAPA Nature Tag<\/a> (digital) antes de entrarem nas \u00e1guas de Bonaire. \u00c9 obrigat\u00f3rio para todos os usu\u00e1rios do parque marinho cumprir as <a href=\"https:\/\/stinapabonaire.org\/bonaire-national-marine-park\/\">Regras do Parque Marinho<\/a>. N\u00f3s, do Buddy Dive Resort, aderimos e motivamos nossos h\u00f3spedes a aderirem \u00e0s regras do Parque Marinho.[\/vc_column_text][vc_cta h2=&#8221;Envolvimento comunit\u00e1rio&#8221; txt_align=&#8221;center&#8221; add_button=&#8221;bottom&#8221; btn_title=&#8221;Envolvimento comunit\u00e1rio &#8221; btn_align=&#8221;center&#8221; btn_link=&#8221;url:https%3A%2F%2Fbuddydive.com%2Fpt-br%2Fsobre-nos%2Fenvolvimento-comunitario%2F|title:Envolvimento%20comunit%C3%A1rio|target:_blank|&#8221;]Esta \u00e9 a forma como seus amigos em Bonaire contribuem para uma Bonaire melhor para todos, envolvendo a comunidade.[\/vc_cta][\/vc_column][\/vc_row][vc_row][vc_column][vc_raw_js]JTNDc2NyaXB0JTIwdHlwZSUzRCUyMnRleHQlMkZqYXZhc2NyaXB0JTIyJTNFJTBBd2luZG93LlRyZW5nbyUyMCUzRCUyMHdpbmRvdy5UcmVuZ28lMjAlN0MlN0MlMjAlN0IlN0QlM0IlMEF3aW5kb3cuVHJlbmdvLmtleSUyMCUzRCUyMCUyN1E5SGI4dlBvS2VnRDFBSSUyNyUzQiUwQSUyOGZ1bmN0aW9uJTI4ZCUyQyUyMHNjcmlwdCUyQyUyMHQlMjklMjAlN0IlMEElMjAlMjAlMjAlMjBzY3JpcHQlMjAlM0QlMjBkLmNyZWF0ZUVsZW1lbnQlMjglMjdzY3JpcHQlMjclMjklM0IlMEElMjAlMjAlMjAlMjBzY3JpcHQudHlwZSUyMCUzRCUyMCUyN3RleHQlMkZqYXZhc2NyaXB0JTI3JTNCJTBBJTIwJTIwJTIwJTIwc2NyaXB0LmFzeW5jJTIwJTNEJTIwdHJ1ZSUzQiUwQSUyMCUyMCUyMCUyMHNjcmlwdC5zcmMlMjAlM0QlMjAlMjdodHRwcyUzQSUyRiUyRnN0YXRpYy53aWRnZXQudHJlbmdvLmV1JTJGZW1iZWQuanMlMjclM0IlMEElMjAlMjAlMjAlMjBkLmdldEVsZW1lbnRzQnlUYWdOYW1lJTI4JTI3aGVhZCUyNyUyOSU1QjAlNUQuYXBwZW5kQ2hpbGQlMjhzY3JpcHQlMjklM0IlMEElN0QlMjhkb2N1bWVudCUyOSUyOSUzQiUwQSUzQyUyRnNjcmlwdCUzRQ==[\/vc_raw_js][\/vc_column][\/vc_row]\n<\/div>","protected":false},"excerpt":{"rendered":"<p>[vc_row][vc_column width=&#8221;1\/2&#8243;][vc_column_text] O foco dos seus buddies\u2122 em sustentabilidade O Buddy Dive Resort Bonaire est\u00e1 cada vez mais focado em [&hellip;]<\/p>\n","protected":false},"author":1,"featured_media":0,"parent":31560,"menu_order":0,"comment_status":"closed","ping_status":"closed","template":"","meta":{"footnotes":""},"class_list":["post-31567","page","type-page","status-publish","hentry"],"yoast_head":"<!-- This site is optimized with the Yoast SEO plugin v27.4 - https:\/\/yoast.com\/product\/yoast-seo-wordpress\/ -->\n<title>Sustentabilidade - Buddy Dive Resort Bonaire<\/title>\n<meta name=\"description\" content=\"O Buddy Dive Resort est\u00e1 focado em um n\u00edvel de sustentabilidade social e ambiental. N\u00f3s nos empenhamos para criar um mundo melhor juntos.\" \/>\n<meta name=\"robots\" content=\"index, follow, max-snippet:-1, max-image-preview:large, max-video-preview:-1\" \/>\n<link rel=\"canonical\" href=\"https:\/\/buddydive.com\/pt-br\/sobre-nos\/sustentabilidade\/\" \/>\n<meta property=\"og:locale\" content=\"pt_BR\" \/>\n<meta property=\"og:type\" content=\"article\" \/>\n<meta property=\"og:title\" content=\"Sustentabilidade - Buddy Dive Resort Bonaire\" \/>\n<meta property=\"og:description\" content=\"O Buddy Dive Resort est\u00e1 focado em um n\u00edvel de sustentabilidade social e ambiental. N\u00f3s nos empenhamos para criar um mundo melhor juntos.\" \/>\n<meta property=\"og:url\" content=\"https:\/\/buddydive.com\/pt-br\/sobre-nos\/sustentabilidade\/\" \/>\n<meta property=\"og:site_name\" content=\"Buddy Dive Bonaire\" \/>\n<meta property=\"article:publisher\" content=\"https:\/\/www.facebook.com\/buddydiveresort\" \/>\n<meta property=\"article:modified_time\" content=\"2025-10-24T15:14:41+00:00\" \/>\n<meta name=\"twitter:card\" content=\"summary_large_image\" \/>\n<meta name=\"twitter:site\" content=\"@buddydive\" \/>\n<meta name=\"twitter:label1\" content=\"Est. tempo de leitura\" \/>\n\t<meta name=\"twitter:data1\" content=\"4 minutos\" \/>\n<script type=\"application\/ld+json\" class=\"yoast-schema-graph\">{\"@context\":\"https:\\\/\\\/schema.org\",\"@graph\":[{\"@type\":\"WebPage\",\"@id\":\"https:\\\/\\\/buddydive.com\\\/pt-br\\\/sobre-nos\\\/sustentabilidade\\\/\",\"url\":\"https:\\\/\\\/buddydive.com\\\/pt-br\\\/sobre-nos\\\/sustentabilidade\\\/\",\"name\":\"Sustentabilidade - Buddy Dive Resort Bonaire\",\"isPartOf\":{\"@id\":\"https:\\\/\\\/buddydive.com\\\/pt-br\\\/#website\"},\"datePublished\":\"2025-06-11T13:37:29+00:00\",\"dateModified\":\"2025-10-24T15:14:41+00:00\",\"description\":\"O Buddy Dive Resort est\u00e1 focado em um n\u00edvel de sustentabilidade social e ambiental. N\u00f3s nos empenhamos para criar um mundo melhor juntos.\",\"breadcrumb\":{\"@id\":\"https:\\\/\\\/buddydive.com\\\/pt-br\\\/sobre-nos\\\/sustentabilidade\\\/#breadcrumb\"},\"inLanguage\":\"pt-BR\",\"potentialAction\":[{\"@type\":\"ReadAction\",\"target\":[\"https:\\\/\\\/buddydive.com\\\/pt-br\\\/sobre-nos\\\/sustentabilidade\\\/\"]}]},{\"@type\":\"BreadcrumbList\",\"@id\":\"https:\\\/\\\/buddydive.com\\\/pt-br\\\/sobre-nos\\\/sustentabilidade\\\/#breadcrumb\",\"itemListElement\":[{\"@type\":\"ListItem\",\"position\":1,\"name\":\"Home\",\"item\":\"https:\\\/\\\/buddydive.com\\\/pt-br\\\/inicio\\\/\"},{\"@type\":\"ListItem\",\"position\":2,\"name\":\"Sobre n\u00f3s\",\"item\":\"https:\\\/\\\/buddydive.com\\\/pt-br\\\/sobre-nos\\\/\"},{\"@type\":\"ListItem\",\"position\":3,\"name\":\"Sustentabilidade\"}]},{\"@type\":\"WebSite\",\"@id\":\"https:\\\/\\\/buddydive.com\\\/pt-br\\\/#website\",\"url\":\"https:\\\/\\\/buddydive.com\\\/pt-br\\\/\",\"name\":\"Buddy Dive Bonaire\",\"description\":\"My WordPress Blog\",\"potentialAction\":[{\"@type\":\"SearchAction\",\"target\":{\"@type\":\"EntryPoint\",\"urlTemplate\":\"https:\\\/\\\/buddydive.com\\\/pt-br\\\/?s={search_term_string}\"},\"query-input\":{\"@type\":\"PropertyValueSpecification\",\"valueRequired\":true,\"valueName\":\"search_term_string\"}}],\"inLanguage\":\"pt-BR\"}]}<\/script>\n<!-- \/ Yoast SEO plugin. -->","yoast_head_json":{"title":"Sustentabilidade - Buddy Dive Resort Bonaire","description":"O Buddy Dive Resort est\u00e1 focado em um n\u00edvel de sustentabilidade social e ambiental. N\u00f3s nos empenhamos para criar um mundo melhor juntos.","robots":{"index":"index","follow":"follow","max-snippet":"max-snippet:-1","max-image-preview":"max-image-preview:large","max-video-preview":"max-video-preview:-1"},"canonical":"https:\/\/buddydive.com\/pt-br\/sobre-nos\/sustentabilidade\/","og_locale":"pt_BR","og_type":"article","og_title":"Sustentabilidade - Buddy Dive Resort Bonaire","og_description":"O Buddy Dive Resort est\u00e1 focado em um n\u00edvel de sustentabilidade social e ambiental. N\u00f3s nos empenhamos para criar um mundo melhor juntos.","og_url":"https:\/\/buddydive.com\/pt-br\/sobre-nos\/sustentabilidade\/","og_site_name":"Buddy Dive Bonaire","article_publisher":"https:\/\/www.facebook.com\/buddydiveresort","article_modified_time":"2025-10-24T15:14:41+00:00","twitter_card":"summary_large_image","twitter_site":"@buddydive","twitter_misc":{"Est. tempo de leitura":"4 minutos"},"schema":{"@context":"https:\/\/schema.org","@graph":[{"@type":"WebPage","@id":"https:\/\/buddydive.com\/pt-br\/sobre-nos\/sustentabilidade\/","url":"https:\/\/buddydive.com\/pt-br\/sobre-nos\/sustentabilidade\/","name":"Sustentabilidade - Buddy Dive Resort Bonaire","isPartOf":{"@id":"https:\/\/buddydive.com\/pt-br\/#website"},"datePublished":"2025-06-11T13:37:29+00:00","dateModified":"2025-10-24T15:14:41+00:00","description":"O Buddy Dive Resort est\u00e1 focado em um n\u00edvel de sustentabilidade social e ambiental. N\u00f3s nos empenhamos para criar um mundo melhor juntos.","breadcrumb":{"@id":"https:\/\/buddydive.com\/pt-br\/sobre-nos\/sustentabilidade\/#breadcrumb"},"inLanguage":"pt-BR","potentialAction":[{"@type":"ReadAction","target":["https:\/\/buddydive.com\/pt-br\/sobre-nos\/sustentabilidade\/"]}]},{"@type":"BreadcrumbList","@id":"https:\/\/buddydive.com\/pt-br\/sobre-nos\/sustentabilidade\/#breadcrumb","itemListElement":[{"@type":"ListItem","position":1,"name":"Home","item":"https:\/\/buddydive.com\/pt-br\/inicio\/"},{"@type":"ListItem","position":2,"name":"Sobre n\u00f3s","item":"https:\/\/buddydive.com\/pt-br\/sobre-nos\/"},{"@type":"ListItem","position":3,"name":"Sustentabilidade"}]},{"@type":"WebSite","@id":"https:\/\/buddydive.com\/pt-br\/#website","url":"https:\/\/buddydive.com\/pt-br\/","name":"Buddy Dive Bonaire","description":"My WordPress Blog","potentialAction":[{"@type":"SearchAction","target":{"@type":"EntryPoint","urlTemplate":"https:\/\/buddydive.com\/pt-br\/?s={search_term_string}"},"query-input":{"@type":"PropertyValueSpecification","valueRequired":true,"valueName":"search_term_string"}}],"inLanguage":"pt-BR"}]}},"_links":{"self":[{"href":"https:\/\/buddydive.com\/pt-br\/wp-json\/wp\/v2\/pages\/31567","targetHints":{"allow":["GET"]}}],"collection":[{"href":"https:\/\/buddydive.com\/pt-br\/wp-json\/wp\/v2\/pages"}],"about":[{"href":"https:\/\/buddydive.com\/pt-br\/wp-json\/wp\/v2\/types\/page"}],"author":[{"embeddable":true,"href":"https:\/\/buddydive.com\/pt-br\/wp-json\/wp\/v2\/users\/1"}],"replies":[{"embeddable":true,"href":"https:\/\/buddydive.com\/pt-br\/wp-json\/wp\/v2\/comments?post=31567"}],"version-history":[{"count":3,"href":"https:\/\/buddydive.com\/pt-br\/wp-json\/wp\/v2\/pages\/31567\/revisions"}],"predecessor-version":[{"id":34817,"href":"https:\/\/buddydive.com\/pt-br\/wp-json\/wp\/v2\/pages\/31567\/revisions\/34817"}],"up":[{"embeddable":true,"href":"https:\/\/buddydive.com\/pt-br\/wp-json\/wp\/v2\/pages\/31560"}],"wp:attachment":[{"href":"https:\/\/buddydive.com\/pt-br\/wp-json\/wp\/v2\/media?parent=31567"}],"curies":[{"name":"wp","href":"https:\/\/api.w.org\/{rel}","templated":true}]}}