{"id":31507,"date":"2025-06-11T13:34:59","date_gmt":"2025-06-11T13:34:59","guid":{"rendered":"https:\/\/buddydive.com\/seus-formularios-de-responsabilidade-online-buddies\/"},"modified":"2025-10-24T15:12:45","modified_gmt":"2025-10-24T15:12:45","slug":"seus-formularios-de-responsabilidade-online-buddies","status":"publish","type":"page","link":"https:\/\/buddydive.com\/pt-br\/sobre-nos\/seus-formularios-de-responsabilidade-online-buddies\/","title":{"rendered":"Seus formul\u00e1rios de responsabilidade online buddies\u2122"},"content":{"rendered":"<div class=\"wpb-content-wrapper\">[vc_row][vc_column][vc_column_text]\n<h1>Formul\u00e1rios de responsabilidade da loja de mergulho<\/h1>\n<p>&nbsp;<\/p>\n<p>Excelentes not\u00edcias! Vossa Excel\u00eancia reservou suas f\u00e9rias no Buddy Dive Resort! Para agilizar o procedimento de check-in na loja de mergulho, Vossa Excel\u00eancia pode encontrar seus formul\u00e1rios de responsabilidade aqui.<\/p>\n<p>Abaixo, Vossa Excel\u00eancia encontrar\u00e1 os bot\u00f5es para quatro formul\u00e1rios que podem ser preenchidos e enviados facilmente online. <strong>Nota importante:<\/strong> \u00c9 obrigat\u00f3rio preencher estes formul\u00e1rios antes da chegada para evitar filas na loja de mergulho ou em qualquer outro lugar. Caso Vossa Excel\u00eancia necessite de aux\u00edlio para preencher estes formul\u00e1rios, por favor, n\u00e3o hesite em contatar a loja de mergulho atrav\u00e9s do e-mail retailstore@buddydive.com. Estamos \u00e0 disposi\u00e7\u00e3o para prestar assist\u00eancia.[\/vc_column_text][vc_column_text]<strong>Caso Vossa Excel\u00eancia v\u00e1 mergulhar<\/strong> conosco, por favor, clique no bot\u00e3o abaixo. OBSERVA\u00c7\u00c3O: Se Vossa Excel\u00eancia ainda n\u00e3o for um mergulhador certificado e estiver fazendo um curso durante sua estadia, por favor, preencha o formul\u00e1rio de responsabilidade para alunos de OW ao inv\u00e9s deste formul\u00e1rio.[\/vc_column_text][vc_btn title=&#8221;Formul\u00e1rio de responsabilidade para mergulhadores&#8221; link=&#8221;url:https%3A%2F%2Fwaivermaster.com%2Fsign.html%3Fq%3DD4225335F|target:%20_blank|&#8221;][vc_column_text]<strong>Caso Vossa Excel\u00eancia ainda N\u00c3O seja um mergulhador certificado, mas esteja fazendo um curso<\/strong> (como o curso PADI open water ou referral) durante sua estadia, por favor, preencha este formul\u00e1rio de responsabilidade. OBSERVA\u00c7\u00c3O: Se Vossa Excel\u00eancia estiver fazendo o curso com um instrutor com quem est\u00e1 viajando, por favor, solicite que ele ou ela assine o formul\u00e1rio com seu nome na caixa que diz: assinatura do instrutor certificador.[\/vc_column_text][vc_btn title=&#8221;Formul\u00e1rio de responsabilidade para alunos de OW&#8221; link=&#8221;url:https%3A%2F%2Fwaivermaster.com%2Fsign.html%3Fq%3DDD7EXG7RWHRJK|target:%20_blank|&#8221;][vc_column_text]<strong>Caso Vossa Excel\u00eancia n\u00e3o esteja mergulhando conosco, mas v\u00e1 realizar atividades<\/strong> incluindo snorkeling atrav\u00e9s do Buddy Dive, por favor, clique no bot\u00e3o para preencher nosso formul\u00e1rio de responsabilidade de atividades. Se Vossa Excel\u00eancia estiver mergulhando conosco, o formul\u00e1rio de responsabilidade para mergulhadores \u00e9 suficiente.[\/vc_column_text][vc_btn title=&#8221;Formul\u00e1rio de responsabilidade para n\u00e3o-mergulhadores&#8221; link=&#8221;url:https%3A%2F%2Fwaivermaster.com%2Fsign.html%3Fq%3DD8BGS42ZWZAWK|&#8221;][vc_column_text]Caso Vossa Excel\u00eancia esteja participando de um de nossos cursos, por favor, certifique-se de preencher e trazer consigo o formul\u00e1rio m\u00e9dico. OBSERVA\u00c7\u00c3O: \u00c9 necess\u00e1ria uma c\u00f3pia f\u00edsica impressa do formul\u00e1rio.[\/vc_column_text][vc_btn title=&#8221;Formul\u00e1rio m\u00e9dico&#8221; link=&#8221;url:https%3A%2F%2Fbuddydive.com%2Fwp-content%2Fuploads%2F2022%2F10%2FDiver_Medical_Participant_Questionnaire_2022_02_1-English.pdf|&#8221;][\/vc_column][\/vc_row]\n<\/div>","protected":false},"excerpt":{"rendered":"<p>[vc_row][vc_column][vc_column_text] Formul\u00e1rios de responsabilidade da loja de mergulho &nbsp; Excelentes not\u00edcias! Vossa Excel\u00eancia reservou suas f\u00e9rias no Buddy Dive Resort! [&hellip;]<\/p>\n","protected":false},"author":2,"featured_media":0,"parent":31560,"menu_order":0,"comment_status":"closed","ping_status":"closed","template":"","meta":{"footnotes":""},"class_list":["post-31507","page","type-page","status-publish","hentry"],"yoast_head":"<!-- This site is optimized with the Yoast SEO plugin v27.0 - https:\/\/yoast.com\/product\/yoast-seo-wordpress\/ -->\n<title>Seus formul\u00e1rios de responsabilidade online buddies\u2122 - Buddy Dive Bonaire<\/title>\n<meta name=\"description\" content=\"Voc\u00ea reservou no Buddy Dive Resort! Formul\u00e1rios de responsabilidade para check-in na loja de mergulho dispon\u00edveis aqui.\" \/>\n<meta name=\"robots\" content=\"index, follow, max-snippet:-1, max-image-preview:large, max-video-preview:-1\" \/>\n<link rel=\"canonical\" href=\"https:\/\/buddydive.com\/pt-br\/sobre-nos\/seus-formularios-de-responsabilidade-online-buddies\/\" \/>\n<meta property=\"og:locale\" content=\"pt_BR\" \/>\n<meta property=\"og:type\" content=\"article\" \/>\n<meta property=\"og:title\" content=\"Seus formul\u00e1rios de responsabilidade online buddies\u2122 - Buddy Dive Bonaire\" \/>\n<meta property=\"og:description\" content=\"Voc\u00ea reservou no Buddy Dive Resort! Formul\u00e1rios de responsabilidade para check-in na loja de mergulho dispon\u00edveis aqui.\" \/>\n<meta property=\"og:url\" content=\"https:\/\/buddydive.com\/pt-br\/sobre-nos\/seus-formularios-de-responsabilidade-online-buddies\/\" \/>\n<meta property=\"og:site_name\" content=\"Buddy Dive Bonaire\" \/>\n<meta property=\"article:publisher\" content=\"https:\/\/www.facebook.com\/buddydiveresort\" \/>\n<meta property=\"article:modified_time\" content=\"2025-10-24T15:12:45+00:00\" \/>\n<meta name=\"twitter:card\" content=\"summary_large_image\" \/>\n<meta name=\"twitter:site\" content=\"@buddydive\" \/>\n<meta name=\"twitter:label1\" content=\"Est. tempo de leitura\" \/>\n\t<meta name=\"twitter:data1\" content=\"2 minutos\" \/>\n<script type=\"application\/ld+json\" class=\"yoast-schema-graph\">{\"@context\":\"https:\/\/schema.org\",\"@graph\":[{\"@type\":\"WebPage\",\"@id\":\"https:\/\/buddydive.com\/pt-br\/sobre-nos\/seus-formularios-de-responsabilidade-online-buddies\/\",\"url\":\"https:\/\/buddydive.com\/pt-br\/sobre-nos\/seus-formularios-de-responsabilidade-online-buddies\/\",\"name\":\"Seus formul\u00e1rios de responsabilidade online buddies\u2122 - Buddy Dive Bonaire\",\"isPartOf\":{\"@id\":\"https:\/\/buddydive.com\/pt-br\/#website\"},\"datePublished\":\"2025-06-11T13:34:59+00:00\",\"dateModified\":\"2025-10-24T15:12:45+00:00\",\"description\":\"Voc\u00ea reservou no Buddy Dive Resort! Formul\u00e1rios de responsabilidade para check-in na loja de mergulho dispon\u00edveis aqui.\",\"breadcrumb\":{\"@id\":\"https:\/\/buddydive.com\/pt-br\/sobre-nos\/seus-formularios-de-responsabilidade-online-buddies\/#breadcrumb\"},\"inLanguage\":\"pt-BR\",\"potentialAction\":[{\"@type\":\"ReadAction\",\"target\":[\"https:\/\/buddydive.com\/pt-br\/sobre-nos\/seus-formularios-de-responsabilidade-online-buddies\/\"]}]},{\"@type\":\"BreadcrumbList\",\"@id\":\"https:\/\/buddydive.com\/pt-br\/sobre-nos\/seus-formularios-de-responsabilidade-online-buddies\/#breadcrumb\",\"itemListElement\":[{\"@type\":\"ListItem\",\"position\":1,\"name\":\"Home\",\"item\":\"https:\/\/buddydive.com\/pt-br\/inicio\/\"},{\"@type\":\"ListItem\",\"position\":2,\"name\":\"Sobre n\u00f3s\",\"item\":\"https:\/\/buddydive.com\/pt-br\/sobre-nos\/\"},{\"@type\":\"ListItem\",\"position\":3,\"name\":\"Seus formul\u00e1rios de responsabilidade online buddies\u2122\"}]},{\"@type\":\"WebSite\",\"@id\":\"https:\/\/buddydive.com\/pt-br\/#website\",\"url\":\"https:\/\/buddydive.com\/pt-br\/\",\"name\":\"Buddy Dive Bonaire\",\"description\":\"My WordPress Blog\",\"potentialAction\":[{\"@type\":\"SearchAction\",\"target\":{\"@type\":\"EntryPoint\",\"urlTemplate\":\"https:\/\/buddydive.com\/pt-br\/?s={search_term_string}\"},\"query-input\":{\"@type\":\"PropertyValueSpecification\",\"valueRequired\":true,\"valueName\":\"search_term_string\"}}],\"inLanguage\":\"pt-BR\"}]}<\/script>\n<!-- \/ Yoast SEO plugin. -->","yoast_head_json":{"title":"Seus formul\u00e1rios de responsabilidade online buddies\u2122 - Buddy Dive Bonaire","description":"Voc\u00ea reservou no Buddy Dive Resort! Formul\u00e1rios de responsabilidade para check-in na loja de mergulho dispon\u00edveis aqui.","robots":{"index":"index","follow":"follow","max-snippet":"max-snippet:-1","max-image-preview":"max-image-preview:large","max-video-preview":"max-video-preview:-1"},"canonical":"https:\/\/buddydive.com\/pt-br\/sobre-nos\/seus-formularios-de-responsabilidade-online-buddies\/","og_locale":"pt_BR","og_type":"article","og_title":"Seus formul\u00e1rios de responsabilidade online buddies\u2122 - Buddy Dive Bonaire","og_description":"Voc\u00ea reservou no Buddy Dive Resort! Formul\u00e1rios de responsabilidade para check-in na loja de mergulho dispon\u00edveis aqui.","og_url":"https:\/\/buddydive.com\/pt-br\/sobre-nos\/seus-formularios-de-responsabilidade-online-buddies\/","og_site_name":"Buddy Dive Bonaire","article_publisher":"https:\/\/www.facebook.com\/buddydiveresort","article_modified_time":"2025-10-24T15:12:45+00:00","twitter_card":"summary_large_image","twitter_site":"@buddydive","twitter_misc":{"Est. tempo de leitura":"2 minutos"},"schema":{"@context":"https:\/\/schema.org","@graph":[{"@type":"WebPage","@id":"https:\/\/buddydive.com\/pt-br\/sobre-nos\/seus-formularios-de-responsabilidade-online-buddies\/","url":"https:\/\/buddydive.com\/pt-br\/sobre-nos\/seus-formularios-de-responsabilidade-online-buddies\/","name":"Seus formul\u00e1rios de responsabilidade online buddies\u2122 - Buddy Dive Bonaire","isPartOf":{"@id":"https:\/\/buddydive.com\/pt-br\/#website"},"datePublished":"2025-06-11T13:34:59+00:00","dateModified":"2025-10-24T15:12:45+00:00","description":"Voc\u00ea reservou no Buddy Dive Resort! Formul\u00e1rios de responsabilidade para check-in na loja de mergulho dispon\u00edveis aqui.","breadcrumb":{"@id":"https:\/\/buddydive.com\/pt-br\/sobre-nos\/seus-formularios-de-responsabilidade-online-buddies\/#breadcrumb"},"inLanguage":"pt-BR","potentialAction":[{"@type":"ReadAction","target":["https:\/\/buddydive.com\/pt-br\/sobre-nos\/seus-formularios-de-responsabilidade-online-buddies\/"]}]},{"@type":"BreadcrumbList","@id":"https:\/\/buddydive.com\/pt-br\/sobre-nos\/seus-formularios-de-responsabilidade-online-buddies\/#breadcrumb","itemListElement":[{"@type":"ListItem","position":1,"name":"Home","item":"https:\/\/buddydive.com\/pt-br\/inicio\/"},{"@type":"ListItem","position":2,"name":"Sobre n\u00f3s","item":"https:\/\/buddydive.com\/pt-br\/sobre-nos\/"},{"@type":"ListItem","position":3,"name":"Seus formul\u00e1rios de responsabilidade online buddies\u2122"}]},{"@type":"WebSite","@id":"https:\/\/buddydive.com\/pt-br\/#website","url":"https:\/\/buddydive.com\/pt-br\/","name":"Buddy Dive Bonaire","description":"My WordPress Blog","potentialAction":[{"@type":"SearchAction","target":{"@type":"EntryPoint","urlTemplate":"https:\/\/buddydive.com\/pt-br\/?s={search_term_string}"},"query-input":{"@type":"PropertyValueSpecification","valueRequired":true,"valueName":"search_term_string"}}],"inLanguage":"pt-BR"}]}},"_links":{"self":[{"href":"https:\/\/buddydive.com\/pt-br\/wp-json\/wp\/v2\/pages\/31507","targetHints":{"allow":["GET"]}}],"collection":[{"href":"https:\/\/buddydive.com\/pt-br\/wp-json\/wp\/v2\/pages"}],"about":[{"href":"https:\/\/buddydive.com\/pt-br\/wp-json\/wp\/v2\/types\/page"}],"author":[{"embeddable":true,"href":"https:\/\/buddydive.com\/pt-br\/wp-json\/wp\/v2\/users\/2"}],"replies":[{"embeddable":true,"href":"https:\/\/buddydive.com\/pt-br\/wp-json\/wp\/v2\/comments?post=31507"}],"version-history":[{"count":2,"href":"https:\/\/buddydive.com\/pt-br\/wp-json\/wp\/v2\/pages\/31507\/revisions"}],"predecessor-version":[{"id":34816,"href":"https:\/\/buddydive.com\/pt-br\/wp-json\/wp\/v2\/pages\/31507\/revisions\/34816"}],"up":[{"embeddable":true,"href":"https:\/\/buddydive.com\/pt-br\/wp-json\/wp\/v2\/pages\/31560"}],"wp:attachment":[{"href":"https:\/\/buddydive.com\/pt-br\/wp-json\/wp\/v2\/media?parent=31507"}],"curies":[{"name":"wp","href":"https:\/\/api.w.org\/{rel}","templated":true}]}}