{"id":31492,"date":"2025-06-11T13:34:54","date_gmt":"2025-06-11T13:34:54","guid":{"rendered":"https:\/\/buddydive.com\/restaurante-ingridients\/"},"modified":"2025-06-11T13:39:19","modified_gmt":"2025-06-11T13:39:19","slug":"restaurante-ingridients","status":"publish","type":"page","link":"https:\/\/buddydive.com\/pt-br\/resort\/restaurante-ingridients\/","title":{"rendered":"Restaurante Ingridi\u00ebnts"},"content":{"rendered":"<div class=\"wpb-content-wrapper\">[vc_row][vc_column width=&#8221;1\/2&#8243;][vc_column_text]\n<h1 class=\"text-uppercase\"><small>Jante de forma diferente no <\/small>restaurante ingridi\u00ebnts<\/h1>\n<h4>Desde que concebemos o \u201cingridi\u00ebnts\u201d, desej\u00e1vamos que fosse diferente, distante de clich\u00eas e lugares-comuns; almej\u00e1vamos que fosse \u00fanico e pessoal, como n\u00f3s, como voc\u00ea.<\/h4>\n<p>A fam\u00edlia Van der Valk em Bonaire atua no setor de turismo h\u00e1 d\u00e9cadas, e durante esse per\u00edodo, tivemos a oportunidade de visitar centenas de restaurantes, mas apenas alguns deles conquistaram um lugar em nossas mentes e cora\u00e7\u00f5es.<\/p>\n<p>Nossa culin\u00e1ria baseia-se na gastronomia mediterr\u00e2nea e utiliza os princ\u00edpios fundamentais das cozinhas francesa, espanhola e italiana. Al\u00e9m disso, empregamos produtos locais e servimos tudo isso ao lado das \u00e1guas azuis m\u00e1gicas do Mar do Caribe. Nosso objetivo era criar um espa\u00e7o de conforto e luxo, de eleg\u00e2ncia fresca; um local para voc\u00ea jantar de maneira diferenciada.[\/vc_column_text][\/vc_column][vc_column width=&#8221;1\/2&#8243;][vc_cta h2=&#8221;Fa\u00e7a uma reserva&#8221; txt_align=&#8221;center&#8221; add_button=&#8221;bottom&#8221; btn_title=&#8221;Reserve agora&#8221; btn_color=&#8221;green&#8221; btn_align=&#8221;center&#8221; btn_link=&#8221;url:https%3A%2F%2Fingridientsrestaurant.com%2Freservation%2F|&#8221;]\n<p style=\"text-align: center;\"><strong>A equipe do Ingridi\u00ebnts d\u00e1-lhe as boas-vindas ao restaurante Ingridi\u00ebnts!<\/strong><br \/>Estamos abertos todas as quintas-feiras, sextas-feiras, s\u00e1bados, domingos e segundas-feiras. Reserve sua mesa e desfrute das cria\u00e7\u00f5es mais deliciosas do nosso chef, vinhos elegantes e a melhor vista.[\/vc_cta][\/vc_column][\/vc_row][vc_row][vc_column][vc_separator][vc_images_carousel images=&#8221;13165,13168,13172,13175,13179&#8243; slides_per_view=&#8221;4&#8243; wrap=&#8221;yes&#8221;][vc_empty_space][vc_separator][vc_column_text]\n<h3 style=\"text-align: center;\">Card\u00e1pio<\/h3>\n[\/vc_column_text][vc_btn title=&#8221;Card\u00e1pio de jantar do Ingridi\u00ebnts&#8221; color=&#8221;green&#8221; align=&#8221;center&#8221; link=&#8221;url:https%3A%2F%2Fingridientsrestaurant.com%2Fmenu%2F|target:_blank|&#8221;][vc_separator][vc_btn title=&#8221;Card\u00e1pio para viagem&#8221; color=&#8221;green&#8221; align=&#8221;center&#8221; link=&#8221;url:https%3A%2F%2Fingridientsrestaurant.com%2Ftake-out%2F|target:_blank|&#8221;][vc_column_text]\n<p style=\"text-align: center;\"><strong>Nossas deliciosas pizzas e massas tamb\u00e9m est\u00e3o dispon\u00edveis para viagem. Para fazer um pedido, ligue para +599 717 1684. <\/strong><\/p>\n[\/vc_column_text][vc_column_text]\n<h3 style=\"text-align: center;\">Carta de vinhos<\/h3>\n[\/vc_column_text][vc_btn title=&#8221;Carta de vinhos&#8221; color=&#8221;green&#8221; align=&#8221;center&#8221; link=&#8221;url:https%3A%2F%2Fingridientsrestaurant.com%2Fmenu%2F|target:_blank|&#8221;][\/vc_column][\/vc_row][vc_row][vc_column width=&#8221;1\/2&#8243;][vc_column_text]\n<h2 style=\"text-align: center;\"><i class='far fa-fw fa-clock-o fa-lg fa-block ' style=''><\/i><strong>Hor\u00e1rio de funcionamento do ingridi\u00ebnts<\/strong><\/h2>\n<p style=\"text-align: center;\"><strong><br \/><\/strong>Todas as quintas-feiras, sextas-feiras, s\u00e1bados, domingos e segundas-feiras<br \/>Jantar: 17h30 &#8211; 22h00<\/p>\n[\/vc_column_text][\/vc_column][vc_column width=&#8221;1\/2&#8243;][vc_row_inner][vc_column_inner][vc_column_text]\n<h2 style=\"text-align: center;\"><i class='far fa-fw fa-book fa-lg fa-block ' style=''><\/i><strong>Reservas no ingridi\u00ebnts<\/strong><\/h2>\n<p style=\"text-align: center;\">Para reservas no mesmo dia e reservas para mais de 6 pessoas, aceitamos apenas reservas feitas por telefone. Por favor, observe que sua reserva s\u00f3 \u00e9 definitiva se voc\u00ea receber um e-mail de confirma\u00e7\u00e3o.+599 717 1684<br \/>E-mail: Info@Ingridientsrestaurant.com[\/vc_column_text][\/vc_column_inner][\/vc_row_inner][\/vc_column][\/vc_row][vc_row][vc_column][vc_raw_js]JTNDc2NyaXB0JTNFJTIwJTI4ZnVuY3Rpb24lMjAlMjhkJTJDJTIwcyUyQyUyMGlkJTJDJTIwaCUyOSUyMCU3QiUyMHZhciUyMGZ0anMlMjAlM0QlMjBkLmdldEVsZW1lbnRzQnlUYWdOYW1lJTI4cyUyOSU1QjAlNUQlM0IlMjBpZiUyMCUyOGQuZ2V0RWxlbWVudEJ5SWQlMjhpZCUyOSUyOSUyMHJldHVybiUzQiUyMHZhciUyMGpzJTIwJTNEJTIwZC5jcmVhdGVFbGVtZW50JTI4cyUyOSUzQiUyMGpzLmlkJTIwJTNEJTIwaWQlM0IlMjBqcy5zcmMlMjAlM0QlMjAlMjJodHRwcyUzQSUyRiUyRmNkbi5mb3JtaXRhYmxlLmNvbSUyRnNkayUyRnYxJTJGZnQuc2RrLm1pbi5qcyUyMiUzQiUyMGglMjAlMjYlMjYlMjAlMjhqcy5vbmxvYWQlMjAlM0QlMjBoJTI5JTNCJTIwZnRqcy5wYXJlbnROb2RlLmluc2VydEJlZm9yZSUyOGpzJTJDJTIwZnRqcyUyOSUzQiUyMCU3RCUyOGRvY3VtZW50JTJDJTIwJTI3c2NyaXB0JTI3JTJDJTIwJTI3Zm9ybWl0YWJsZS1zZGslMjclMkMlMjBmdW5jdGlvbiUyMCUyOCUyOSUyMCU3QiUyMEZULmxvYWQlMjglMjdBbmFseXRpY3MlMjclMjklM0IlMjAlN0QlMjklMjklM0IlMjAlM0MlMkZzY3JpcHQlM0UlMEElM0NkaXYlMjBjbGFzcyUzRCUyMmZ0LXdpZGdldC1iMiUyMiUyMGRhdGEtcmVzdGF1cmFudCUzRCUyMmFjZWM4NjVjJTIyJTIwZGF0YS1vcGVuJTNEJTIyMTUwMCUyMiUyMGRhdGEtb3Blbi1tb2JpbGUlM0QlMjJmYWxzZSUyMiUyMGRhdGEtY29sb3IlM0QlMjIlMjM1QUE4NDYlMjIlMjBkYXRhLWxhbmd1YWdlJTNEJTIyYXV0byUyMiUyMGRhdGEtdGFnJTNEJTIyV2Vic2l0ZSUyMiUyMGRhdGEtdG9vbGJhciUzRCUyMnRydWUlMjIlMjBkYXRhLXRvb2xiYXItbW9iaWxlJTNEJTIydHJ1ZSUyMiUzRSUzQyUyRmRpdiUzRSUwQQ==[\/vc_raw_js][\/vc_column][\/vc_row]\n<\/div>","protected":false},"excerpt":{"rendered":"<p>[vc_row][vc_column width=&#8221;1\/2&#8243;][vc_column_text] Jante de forma diferente no restaurante ingridi\u00ebnts Desde que concebemos o \u201cingridi\u00ebnts\u201d, desej\u00e1vamos que fosse diferente, distante de [&hellip;]<\/p>\n","protected":false},"author":2,"featured_media":0,"parent":31715,"menu_order":0,"comment_status":"closed","ping_status":"closed","template":"","meta":{"footnotes":""},"class_list":["post-31492","page","type-page","status-publish","hentry"],"yoast_head":"<!-- This site is optimized with the Yoast SEO plugin v27.4 - https:\/\/yoast.com\/product\/yoast-seo-wordpress\/ -->\n<title>Restaurante Ingridi\u00ebnts - Buddy Dive Bonaire<\/title>\n<meta name=\"description\" content=\"Saboreie pratos deliciosos, vinhos finos e a vista do Caribe no Restaurante Ingridi\u00ebnts, no Buddy Dive Resort.\" \/>\n<meta name=\"robots\" content=\"index, follow, max-snippet:-1, max-image-preview:large, max-video-preview:-1\" \/>\n<link rel=\"canonical\" href=\"https:\/\/buddydive.com\/pt-br\/resort\/restaurante-ingridients\/\" \/>\n<meta property=\"og:locale\" content=\"pt_BR\" \/>\n<meta property=\"og:type\" content=\"article\" \/>\n<meta property=\"og:title\" content=\"Restaurante Ingridi\u00ebnts - Buddy Dive Bonaire\" \/>\n<meta property=\"og:description\" content=\"Saboreie pratos deliciosos, vinhos finos e a vista do Caribe no Restaurante Ingridi\u00ebnts, no Buddy Dive Resort.\" \/>\n<meta property=\"og:url\" content=\"https:\/\/buddydive.com\/pt-br\/resort\/restaurante-ingridients\/\" \/>\n<meta property=\"og:site_name\" content=\"Buddy Dive Bonaire\" \/>\n<meta property=\"article:publisher\" content=\"https:\/\/www.facebook.com\/buddydiveresort\" \/>\n<meta property=\"article:modified_time\" content=\"2025-06-11T13:39:19+00:00\" \/>\n<meta name=\"twitter:card\" content=\"summary_large_image\" \/>\n<meta name=\"twitter:site\" content=\"@buddydive\" \/>\n<meta name=\"twitter:label1\" content=\"Est. tempo de leitura\" \/>\n\t<meta name=\"twitter:data1\" content=\"3 minutos\" \/>\n<script type=\"application\/ld+json\" class=\"yoast-schema-graph\">{\"@context\":\"https:\\\/\\\/schema.org\",\"@graph\":[{\"@type\":\"WebPage\",\"@id\":\"https:\\\/\\\/buddydive.com\\\/pt-br\\\/resort\\\/restaurante-ingridients\\\/\",\"url\":\"https:\\\/\\\/buddydive.com\\\/pt-br\\\/resort\\\/restaurante-ingridients\\\/\",\"name\":\"Restaurante Ingridi\u00ebnts - Buddy Dive Bonaire\",\"isPartOf\":{\"@id\":\"https:\\\/\\\/buddydive.com\\\/pt-br\\\/#website\"},\"datePublished\":\"2025-06-11T13:34:54+00:00\",\"dateModified\":\"2025-06-11T13:39:19+00:00\",\"description\":\"Saboreie pratos deliciosos, vinhos finos e a vista do Caribe no Restaurante Ingridi\u00ebnts, no Buddy Dive Resort.\",\"breadcrumb\":{\"@id\":\"https:\\\/\\\/buddydive.com\\\/pt-br\\\/resort\\\/restaurante-ingridients\\\/#breadcrumb\"},\"inLanguage\":\"pt-BR\",\"potentialAction\":[{\"@type\":\"ReadAction\",\"target\":[\"https:\\\/\\\/buddydive.com\\\/pt-br\\\/resort\\\/restaurante-ingridients\\\/\"]}]},{\"@type\":\"BreadcrumbList\",\"@id\":\"https:\\\/\\\/buddydive.com\\\/pt-br\\\/resort\\\/restaurante-ingridients\\\/#breadcrumb\",\"itemListElement\":[{\"@type\":\"ListItem\",\"position\":1,\"name\":\"Home\",\"item\":\"https:\\\/\\\/buddydive.com\\\/pt-br\\\/inicio\\\/\"},{\"@type\":\"ListItem\",\"position\":2,\"name\":\"Resort\",\"item\":\"https:\\\/\\\/buddydive.com\\\/pt-br\\\/resort\\\/\"},{\"@type\":\"ListItem\",\"position\":3,\"name\":\"Restaurante Ingridi\u00ebnts\"}]},{\"@type\":\"WebSite\",\"@id\":\"https:\\\/\\\/buddydive.com\\\/pt-br\\\/#website\",\"url\":\"https:\\\/\\\/buddydive.com\\\/pt-br\\\/\",\"name\":\"Buddy Dive Bonaire\",\"description\":\"My WordPress Blog\",\"potentialAction\":[{\"@type\":\"SearchAction\",\"target\":{\"@type\":\"EntryPoint\",\"urlTemplate\":\"https:\\\/\\\/buddydive.com\\\/pt-br\\\/?s={search_term_string}\"},\"query-input\":{\"@type\":\"PropertyValueSpecification\",\"valueRequired\":true,\"valueName\":\"search_term_string\"}}],\"inLanguage\":\"pt-BR\"}]}<\/script>\n<!-- \/ Yoast SEO plugin. -->","yoast_head_json":{"title":"Restaurante Ingridi\u00ebnts - Buddy Dive Bonaire","description":"Saboreie pratos deliciosos, vinhos finos e a vista do Caribe no Restaurante Ingridi\u00ebnts, no Buddy Dive Resort.","robots":{"index":"index","follow":"follow","max-snippet":"max-snippet:-1","max-image-preview":"max-image-preview:large","max-video-preview":"max-video-preview:-1"},"canonical":"https:\/\/buddydive.com\/pt-br\/resort\/restaurante-ingridients\/","og_locale":"pt_BR","og_type":"article","og_title":"Restaurante Ingridi\u00ebnts - Buddy Dive Bonaire","og_description":"Saboreie pratos deliciosos, vinhos finos e a vista do Caribe no Restaurante Ingridi\u00ebnts, no Buddy Dive Resort.","og_url":"https:\/\/buddydive.com\/pt-br\/resort\/restaurante-ingridients\/","og_site_name":"Buddy Dive Bonaire","article_publisher":"https:\/\/www.facebook.com\/buddydiveresort","article_modified_time":"2025-06-11T13:39:19+00:00","twitter_card":"summary_large_image","twitter_site":"@buddydive","twitter_misc":{"Est. tempo de leitura":"3 minutos"},"schema":{"@context":"https:\/\/schema.org","@graph":[{"@type":"WebPage","@id":"https:\/\/buddydive.com\/pt-br\/resort\/restaurante-ingridients\/","url":"https:\/\/buddydive.com\/pt-br\/resort\/restaurante-ingridients\/","name":"Restaurante Ingridi\u00ebnts - Buddy Dive Bonaire","isPartOf":{"@id":"https:\/\/buddydive.com\/pt-br\/#website"},"datePublished":"2025-06-11T13:34:54+00:00","dateModified":"2025-06-11T13:39:19+00:00","description":"Saboreie pratos deliciosos, vinhos finos e a vista do Caribe no Restaurante Ingridi\u00ebnts, no Buddy Dive Resort.","breadcrumb":{"@id":"https:\/\/buddydive.com\/pt-br\/resort\/restaurante-ingridients\/#breadcrumb"},"inLanguage":"pt-BR","potentialAction":[{"@type":"ReadAction","target":["https:\/\/buddydive.com\/pt-br\/resort\/restaurante-ingridients\/"]}]},{"@type":"BreadcrumbList","@id":"https:\/\/buddydive.com\/pt-br\/resort\/restaurante-ingridients\/#breadcrumb","itemListElement":[{"@type":"ListItem","position":1,"name":"Home","item":"https:\/\/buddydive.com\/pt-br\/inicio\/"},{"@type":"ListItem","position":2,"name":"Resort","item":"https:\/\/buddydive.com\/pt-br\/resort\/"},{"@type":"ListItem","position":3,"name":"Restaurante Ingridi\u00ebnts"}]},{"@type":"WebSite","@id":"https:\/\/buddydive.com\/pt-br\/#website","url":"https:\/\/buddydive.com\/pt-br\/","name":"Buddy Dive Bonaire","description":"My WordPress Blog","potentialAction":[{"@type":"SearchAction","target":{"@type":"EntryPoint","urlTemplate":"https:\/\/buddydive.com\/pt-br\/?s={search_term_string}"},"query-input":{"@type":"PropertyValueSpecification","valueRequired":true,"valueName":"search_term_string"}}],"inLanguage":"pt-BR"}]}},"_links":{"self":[{"href":"https:\/\/buddydive.com\/pt-br\/wp-json\/wp\/v2\/pages\/31492","targetHints":{"allow":["GET"]}}],"collection":[{"href":"https:\/\/buddydive.com\/pt-br\/wp-json\/wp\/v2\/pages"}],"about":[{"href":"https:\/\/buddydive.com\/pt-br\/wp-json\/wp\/v2\/types\/page"}],"author":[{"embeddable":true,"href":"https:\/\/buddydive.com\/pt-br\/wp-json\/wp\/v2\/users\/2"}],"replies":[{"embeddable":true,"href":"https:\/\/buddydive.com\/pt-br\/wp-json\/wp\/v2\/comments?post=31492"}],"version-history":[{"count":2,"href":"https:\/\/buddydive.com\/pt-br\/wp-json\/wp\/v2\/pages\/31492\/revisions"}],"predecessor-version":[{"id":31510,"href":"https:\/\/buddydive.com\/pt-br\/wp-json\/wp\/v2\/pages\/31492\/revisions\/31510"}],"up":[{"embeddable":true,"href":"https:\/\/buddydive.com\/pt-br\/wp-json\/wp\/v2\/pages\/31715"}],"wp:attachment":[{"href":"https:\/\/buddydive.com\/pt-br\/wp-json\/wp\/v2\/media?parent=31492"}],"curies":[{"name":"wp","href":"https:\/\/api.w.org\/{rel}","templated":true}]}}