{"id":31434,"date":"2025-06-11T13:18:46","date_gmt":"2025-06-11T13:18:46","guid":{"rendered":"https:\/\/buddydive.com\/fundacao-murphyn-henar\/"},"modified":"2025-10-24T15:08:44","modified_gmt":"2025-10-24T15:08:44","slug":"fundacao-murphyn-henar","status":"publish","type":"page","link":"https:\/\/buddydive.com\/pt-br\/sobre-nos\/fundacao-murphyn-henar\/","title":{"rendered":"Funda\u00e7\u00e3o Murphyn Henar"},"content":{"rendered":"<div class=\"wpb-content-wrapper\">[vc_row][vc_column][vc_column_text]\n<h1 class=\"text-uppercase\" style=\"text-align: center;\"><small>Em mem\u00f3ria afetuosa de<\/small>Murphyn Henar<\/h1>\n<p>&nbsp;<\/p>\n<p>Em 26 de novembro de 2019, despedimo-nos do nosso estimado \u201cLenda do Mergulho\u201d Murphyn Henar. Murph atuou como Divemaster no Buddy Dive Resort de 1993 at\u00e9 seu falecimento em 2019. Era reconhecido por seu humor invariavelmente alegre, paci\u00eancia inesgot\u00e1vel e vasto conhecimento sobre mergulho em Bonaire. Deixou uma impress\u00e3o indel\u00e9vel e foi mentor de in\u00fameros membros da equipe. Era (e continua sendo) um verdadeiro \u00edcone em Bonaire, e todos que o conheceram guardam uma mem\u00f3ria especial de Murph.<\/p>\n<h4><strong>Miss\u00e3o<\/strong><\/h4>\n<p>Para honrar seu esp\u00edrito e manter vivas as mem\u00f3rias, o Buddy Dive Resort estabeleceu a Funda\u00e7\u00e3o Murphyn Henar em 2021. A miss\u00e3o da Funda\u00e7\u00e3o Murphyn Henar \u00e9 oferecer aos jovens adultos de Bonaire a oportunidade de uma carreira na ind\u00fastria de mergulho. Ao treinar esses jovens, que possivelmente n\u00e3o teriam recursos para faz\u00ea-lo por conta pr\u00f3pria, almejamos criar um futuro para eles na pr\u00f3spera ind\u00fastria de mergulho de Bonaire. Dessa forma, perpetuamos o papel de Murphyn na sociedade de Bonaire. O papel de um mentor que transmite seu conhecimento sobre mergulho em Bonaire com grande paix\u00e3o e entusiasmo. Para cumprir essa miss\u00e3o, esperamos unir for\u00e7as com outros membros da ind\u00fastria de mergulho em Bonaire. Almejamos que mais centros de mergulho se tornem apoiadores da Funda\u00e7\u00e3o Murphyn Henar, oferecendo treinamento em suas instala\u00e7\u00f5es e divulgando a mensagem da funda\u00e7\u00e3o para seus h\u00f3spedes.<\/p>\n<h4><strong>O programa<\/strong><\/h4>\n<p>Como a funda\u00e7\u00e3o coloca isso em pr\u00e1tica? Primeiramente, os candidatos s\u00e3o selecionados pelo centro juvenil \u201c<a href=\"http:\/\/www.jongbonaire.org\/\">Jong Bonaire<\/a>\u201d. Ap\u00f3s uma Sess\u00e3o de Descoberta do Mergulho para verificar a aptid\u00e3o, o programa inicia-se com o Curso PADI Open Water. Al\u00e9m de todos os cursos necess\u00e1rios para se tornar um Divemaster, os estudantes passar\u00e3o por um programa de treinamento extensivo para proporcionar-lhes a melhor prepara\u00e7\u00e3o poss\u00edvel para uma carreira de mergulho em Bonaire.<\/p>\n<p>Os estudantes necessitam realizar um n\u00famero de mergulhos para adquirir experi\u00eancia e familiarizar-se com todos os aspectos do mergulho em Bonaire. Eles acompanhar\u00e3o as embarca\u00e7\u00f5es do Buddy Dive Resort e de outros centros de mergulho parceiros da <a href=\"https:\/\/www.murphynhenarfoundation.org\/\">Funda\u00e7\u00e3o Murphyn Henar<\/a> para observar o funcionamento di\u00e1rio de um centro de mergulho. Os estudantes ser\u00e3o treinados em manuten\u00e7\u00e3o de equipamentos e cilindros, hospitalidade e gest\u00e3o de h\u00f3spedes, e realizar\u00e3o uma s\u00e9rie de mergulhos de aventura, como identifica\u00e7\u00e3o de peixes, flutuabilidade de pico de desempenho e Reef Renewal, al\u00e9m de participarem em mergulhos de limpeza. Ao conclu\u00edrem o programa, ser\u00e1 dif\u00edcil encontrar divemasters com mais conhecimento, habilidades e paix\u00e3o sobre\/pelo mundo subaqu\u00e1tico de Bonaire.<\/p>\n<h4><strong>Como voc\u00ea pode ajudar?<\/strong><\/h4>\n<p>Ao doar para a Funda\u00e7\u00e3o Murphyn Henar, voc\u00ea est\u00e1 contribuindo para um futuro melhor para Bonaire. Sua doa\u00e7\u00e3o assegura diretamente educa\u00e7\u00e3o e um futuro profissional para jovens adultos em Bonaire, que poder\u00e3o prover para suas fam\u00edlias ap\u00f3s a conclus\u00e3o deste programa. Ter mais pessoas locais envolvidas na ind\u00fastria de mergulho de Bonaire ajuda a estabelecer amor e respeito pela bela natureza de Bonaire. Isso instila um senso de orgulho mais profundo por Bonaire e seus recursos naturais, e a import\u00e2ncia do <a href=\"https:\/\/buddydive.com\/pt-br\/sobre-nos\/envolvimento-comunitario\/\">envolvimento da comunidade<\/a> e sua responsabilidade em proteg\u00ea-los ativamente. Todos esses valores auxiliam e fortalecem a vis\u00e3o de Bonaire de ser e permanecer um Destino Azul.<\/p>\n<p>Grande ou pequena, qualquer quantia que voc\u00ea deseje <a href=\"https:\/\/www.murphynhenarfoundation.org\/support-us\/donate\/\">doar<\/a> \u00e9 extremamente apreciada e ser\u00e1 utilizada para auxiliar na aquisi\u00e7\u00e3o de materiais para os estudantes, proporcionar instru\u00e7\u00e3o e iniciar a jornada de mergulho do Zero ao Her\u00f3i para os candidatos selecionados.[\/vc_column_text][vc_raw_html]JTNDYnV0dG9uJTIwY2xhc3MlM0QlMjJidXR0b241JTIyJTIwb25jbGljayUzRCUyMndpbmRvdy5sb2NhdGlvbi5ocmVmJTNEJTI3aHR0cHMlM0ElMkYlMkZ3d3cubXVycGh5bmhlbmFyZm91bmRhdGlvbi5vcmclMkYlMjclMjIlM0VET05BVEUlM0MlMkZidXR0b24lM0U=[\/vc_raw_html][vc_gallery images=&#8221;16984,16981,16987,16990&#8243; img_size=&#8221;full&#8221; columns=&#8221;4&#8243;][\/vc_column][\/vc_row][vc_row][vc_column][\/vc_column][\/vc_row][vc_row][vc_column][vc_raw_js]JTNDc2NyaXB0JTIwdHlwZSUzRCUyMnRleHQlMkZqYXZhc2NyaXB0JTIyJTNFJTBBd2luZG93LlRyZW5nbyUyMCUzRCUyMHdpbmRvdy5UcmVuZ28lMjAlN0MlN0MlMjAlN0IlN0QlM0IlMEF3aW5kb3cuVHJlbmdvLmtleSUyMCUzRCUyMCUyN1E5SGI4dlBvS2VnRDFBSSUyNyUzQiUwQSUyOGZ1bmN0aW9uJTI4ZCUyQyUyMHNjcmlwdCUyQyUyMHQlMjklMjAlN0IlMEElMjAlMjAlMjAlMjBzY3JpcHQlMjAlM0QlMjBkLmNyZWF0ZUVsZW1lbnQlMjglMjdzY3JpcHQlMjclMjklM0IlMEElMjAlMjAlMjAlMjBzY3JpcHQudHlwZSUyMCUzRCUyMCUyN3RleHQlMkZqYXZhc2NyaXB0JTI3JTNCJTBBJTIwJTIwJTIwJTIwc2NyaXB0LmFzeW5jJTIwJTNEJTIwdHJ1ZSUzQiUwQSUyMCUyMCUyMCUyMHNjcmlwdC5zcmMlMjAlM0QlMjAlMjdodHRwcyUzQSUyRiUyRnN0YXRpYy53aWRnZXQudHJlbmdvLmV1JTJGZW1iZWQuanMlMjclM0IlMEElMjAlMjAlMjAlMjBkLmdldEVsZW1lbnRzQnlUYWdOYW1lJTI4JTI3aGVhZCUyNyUyOSU1QjAlNUQuYXBwZW5kQ2hpbGQlMjhzY3JpcHQlMjklM0IlMEElN0QlMjhkb2N1bWVudCUyOSUyOSUzQiUwQSUzQyUyRnNjcmlwdCUzRQ==[\/vc_raw_js][\/vc_column][\/vc_row]\n<\/div>","protected":false},"excerpt":{"rendered":"<p>[vc_row][vc_column][vc_column_text] Em mem\u00f3ria afetuosa deMurphyn Henar &nbsp; Em 26 de novembro de 2019, despedimo-nos do nosso estimado \u201cLenda do Mergulho\u201d [&hellip;]<\/p>\n","protected":false},"author":2,"featured_media":0,"parent":31560,"menu_order":0,"comment_status":"closed","ping_status":"closed","template":"","meta":{"footnotes":""},"class_list":["post-31434","page","type-page","status-publish","hentry"],"yoast_head":"<!-- This site is optimized with the Yoast SEO plugin v27.4 - https:\/\/yoast.com\/product\/yoast-seo-wordpress\/ -->\n<title>Funda\u00e7\u00e3o Murphyn Henar - Buddy Dive Bonaire<\/title>\n<meta name=\"description\" content=\"Funda\u00e7\u00e3o Murphyn Henar oferece oportunidades de Divemaster para jovens em Bonaire.\" \/>\n<meta name=\"robots\" content=\"index, follow, max-snippet:-1, max-image-preview:large, max-video-preview:-1\" \/>\n<link rel=\"canonical\" href=\"https:\/\/buddydive.com\/pt-br\/sobre-nos\/fundacao-murphyn-henar\/\" \/>\n<meta property=\"og:locale\" content=\"pt_BR\" \/>\n<meta property=\"og:type\" content=\"article\" \/>\n<meta property=\"og:title\" content=\"Funda\u00e7\u00e3o Murphyn Henar - Buddy Dive Bonaire\" \/>\n<meta property=\"og:description\" content=\"Funda\u00e7\u00e3o Murphyn Henar oferece oportunidades de Divemaster para jovens em Bonaire.\" \/>\n<meta property=\"og:url\" content=\"https:\/\/buddydive.com\/pt-br\/sobre-nos\/fundacao-murphyn-henar\/\" \/>\n<meta property=\"og:site_name\" content=\"Buddy Dive Bonaire\" \/>\n<meta property=\"article:publisher\" content=\"https:\/\/www.facebook.com\/buddydiveresort\" \/>\n<meta property=\"article:modified_time\" content=\"2025-10-24T15:08:44+00:00\" \/>\n<meta name=\"twitter:card\" content=\"summary_large_image\" \/>\n<meta name=\"twitter:site\" content=\"@buddydive\" \/>\n<meta name=\"twitter:label1\" content=\"Est. tempo de leitura\" \/>\n\t<meta name=\"twitter:data1\" content=\"3 minutos\" \/>\n<script type=\"application\/ld+json\" class=\"yoast-schema-graph\">{\"@context\":\"https:\\\/\\\/schema.org\",\"@graph\":[{\"@type\":\"WebPage\",\"@id\":\"https:\\\/\\\/buddydive.com\\\/pt-br\\\/sobre-nos\\\/fundacao-murphyn-henar\\\/\",\"url\":\"https:\\\/\\\/buddydive.com\\\/pt-br\\\/sobre-nos\\\/fundacao-murphyn-henar\\\/\",\"name\":\"Funda\u00e7\u00e3o Murphyn Henar - Buddy Dive Bonaire\",\"isPartOf\":{\"@id\":\"https:\\\/\\\/buddydive.com\\\/pt-br\\\/#website\"},\"datePublished\":\"2025-06-11T13:18:46+00:00\",\"dateModified\":\"2025-10-24T15:08:44+00:00\",\"description\":\"Funda\u00e7\u00e3o Murphyn Henar oferece oportunidades de Divemaster para jovens em Bonaire.\",\"breadcrumb\":{\"@id\":\"https:\\\/\\\/buddydive.com\\\/pt-br\\\/sobre-nos\\\/fundacao-murphyn-henar\\\/#breadcrumb\"},\"inLanguage\":\"pt-BR\",\"potentialAction\":[{\"@type\":\"ReadAction\",\"target\":[\"https:\\\/\\\/buddydive.com\\\/pt-br\\\/sobre-nos\\\/fundacao-murphyn-henar\\\/\"]}]},{\"@type\":\"BreadcrumbList\",\"@id\":\"https:\\\/\\\/buddydive.com\\\/pt-br\\\/sobre-nos\\\/fundacao-murphyn-henar\\\/#breadcrumb\",\"itemListElement\":[{\"@type\":\"ListItem\",\"position\":1,\"name\":\"Home\",\"item\":\"https:\\\/\\\/buddydive.com\\\/pt-br\\\/inicio\\\/\"},{\"@type\":\"ListItem\",\"position\":2,\"name\":\"Sobre n\u00f3s\",\"item\":\"https:\\\/\\\/buddydive.com\\\/pt-br\\\/sobre-nos\\\/\"},{\"@type\":\"ListItem\",\"position\":3,\"name\":\"Funda\u00e7\u00e3o Murphyn Henar\"}]},{\"@type\":\"WebSite\",\"@id\":\"https:\\\/\\\/buddydive.com\\\/pt-br\\\/#website\",\"url\":\"https:\\\/\\\/buddydive.com\\\/pt-br\\\/\",\"name\":\"Buddy Dive Bonaire\",\"description\":\"My WordPress Blog\",\"potentialAction\":[{\"@type\":\"SearchAction\",\"target\":{\"@type\":\"EntryPoint\",\"urlTemplate\":\"https:\\\/\\\/buddydive.com\\\/pt-br\\\/?s={search_term_string}\"},\"query-input\":{\"@type\":\"PropertyValueSpecification\",\"valueRequired\":true,\"valueName\":\"search_term_string\"}}],\"inLanguage\":\"pt-BR\"}]}<\/script>\n<!-- \/ Yoast SEO plugin. -->","yoast_head_json":{"title":"Funda\u00e7\u00e3o Murphyn Henar - Buddy Dive Bonaire","description":"Funda\u00e7\u00e3o Murphyn Henar oferece oportunidades de Divemaster para jovens em Bonaire.","robots":{"index":"index","follow":"follow","max-snippet":"max-snippet:-1","max-image-preview":"max-image-preview:large","max-video-preview":"max-video-preview:-1"},"canonical":"https:\/\/buddydive.com\/pt-br\/sobre-nos\/fundacao-murphyn-henar\/","og_locale":"pt_BR","og_type":"article","og_title":"Funda\u00e7\u00e3o Murphyn Henar - Buddy Dive Bonaire","og_description":"Funda\u00e7\u00e3o Murphyn Henar oferece oportunidades de Divemaster para jovens em Bonaire.","og_url":"https:\/\/buddydive.com\/pt-br\/sobre-nos\/fundacao-murphyn-henar\/","og_site_name":"Buddy Dive Bonaire","article_publisher":"https:\/\/www.facebook.com\/buddydiveresort","article_modified_time":"2025-10-24T15:08:44+00:00","twitter_card":"summary_large_image","twitter_site":"@buddydive","twitter_misc":{"Est. tempo de leitura":"3 minutos"},"schema":{"@context":"https:\/\/schema.org","@graph":[{"@type":"WebPage","@id":"https:\/\/buddydive.com\/pt-br\/sobre-nos\/fundacao-murphyn-henar\/","url":"https:\/\/buddydive.com\/pt-br\/sobre-nos\/fundacao-murphyn-henar\/","name":"Funda\u00e7\u00e3o Murphyn Henar - Buddy Dive Bonaire","isPartOf":{"@id":"https:\/\/buddydive.com\/pt-br\/#website"},"datePublished":"2025-06-11T13:18:46+00:00","dateModified":"2025-10-24T15:08:44+00:00","description":"Funda\u00e7\u00e3o Murphyn Henar oferece oportunidades de Divemaster para jovens em Bonaire.","breadcrumb":{"@id":"https:\/\/buddydive.com\/pt-br\/sobre-nos\/fundacao-murphyn-henar\/#breadcrumb"},"inLanguage":"pt-BR","potentialAction":[{"@type":"ReadAction","target":["https:\/\/buddydive.com\/pt-br\/sobre-nos\/fundacao-murphyn-henar\/"]}]},{"@type":"BreadcrumbList","@id":"https:\/\/buddydive.com\/pt-br\/sobre-nos\/fundacao-murphyn-henar\/#breadcrumb","itemListElement":[{"@type":"ListItem","position":1,"name":"Home","item":"https:\/\/buddydive.com\/pt-br\/inicio\/"},{"@type":"ListItem","position":2,"name":"Sobre n\u00f3s","item":"https:\/\/buddydive.com\/pt-br\/sobre-nos\/"},{"@type":"ListItem","position":3,"name":"Funda\u00e7\u00e3o Murphyn Henar"}]},{"@type":"WebSite","@id":"https:\/\/buddydive.com\/pt-br\/#website","url":"https:\/\/buddydive.com\/pt-br\/","name":"Buddy Dive Bonaire","description":"My WordPress Blog","potentialAction":[{"@type":"SearchAction","target":{"@type":"EntryPoint","urlTemplate":"https:\/\/buddydive.com\/pt-br\/?s={search_term_string}"},"query-input":{"@type":"PropertyValueSpecification","valueRequired":true,"valueName":"search_term_string"}}],"inLanguage":"pt-BR"}]}},"_links":{"self":[{"href":"https:\/\/buddydive.com\/pt-br\/wp-json\/wp\/v2\/pages\/31434","targetHints":{"allow":["GET"]}}],"collection":[{"href":"https:\/\/buddydive.com\/pt-br\/wp-json\/wp\/v2\/pages"}],"about":[{"href":"https:\/\/buddydive.com\/pt-br\/wp-json\/wp\/v2\/types\/page"}],"author":[{"embeddable":true,"href":"https:\/\/buddydive.com\/pt-br\/wp-json\/wp\/v2\/users\/2"}],"replies":[{"embeddable":true,"href":"https:\/\/buddydive.com\/pt-br\/wp-json\/wp\/v2\/comments?post=31434"}],"version-history":[{"count":3,"href":"https:\/\/buddydive.com\/pt-br\/wp-json\/wp\/v2\/pages\/31434\/revisions"}],"predecessor-version":[{"id":34815,"href":"https:\/\/buddydive.com\/pt-br\/wp-json\/wp\/v2\/pages\/31434\/revisions\/34815"}],"up":[{"embeddable":true,"href":"https:\/\/buddydive.com\/pt-br\/wp-json\/wp\/v2\/pages\/31560"}],"wp:attachment":[{"href":"https:\/\/buddydive.com\/pt-br\/wp-json\/wp\/v2\/media?parent=31434"}],"curies":[{"name":"wp","href":"https:\/\/api.w.org\/{rel}","templated":true}]}}