{"id":31150,"date":"2025-05-26T14:44:04","date_gmt":"2025-05-26T14:44:04","guid":{"rendered":"https:\/\/buddydive.com\/loucura-de-bonaire\/"},"modified":"2026-02-03T12:02:26","modified_gmt":"2026-02-03T12:02:26","slug":"loucura-de-bonaire","status":"publish","type":"page","link":"https:\/\/buddydive.com\/pt-br\/loucura-de-bonaire\/","title":{"rendered":"Loucura de Bonaire"},"content":{"rendered":"<div class=\"wpb-content-wrapper\">[vc_row][vc_column][vc_empty_space][\/vc_column][vc_column width=&#8221;1\/2&#8243;][vc_single_image image=&#8221;31845&#8243; img_size=&#8221;full&#8221;][\/vc_column][vc_column width=&#8221;1\/2&#8243;][vc_column_text css=&#8221;&#8221;]\n<h1 style=\"text-align: center;\">Loucura de Bonaire<\/h1>\n<p style=\"text-align: center;\">Aproveite nossa empolgante Promo\u00e7\u00e3o Especial Bonaire Madness! Experimente a melhor escapada no Buddy Dive Resort Bonaire. <\/p>\n<p style=\"text-align: center;\">De <strong><span style=\"color: #ff6600;\">15 de novembro a 26 de dezembro<\/span><\/strong>, voc\u00ea pode aproveitar a promo\u00e7\u00e3o <strong> <span style=\"color: #ff6600;\">Segundo Mergulhador Mergulha Gr\u00e1tis<\/span><\/strong> reservada com um de nossos pacotes, tornando suas f\u00e9rias ainda mais acess\u00edveis e memor\u00e1veis.<\/p>\n<p style=\"text-align: center;\" data-pm-slice=\"1 1 []\"><em>Viajando com fam\u00edlia ou amigos? Seus Buddies est\u00e3o prontos para receber todos voc\u00eas! <\/em><\/p>\n<p style=\"text-align: center;\"><strong>Destaques de viagens em grupo:<br \/>\n<\/strong><strong>\u2705Oferta de grupo 8=7<\/strong> em <em>acomoda\u00e7\u00e3o, caf\u00e9 da manh\u00e3 e mergulho<br \/>\n<\/em>\u2705C\u00f3pia <strong>GRATUITA<\/strong> do \u2018<em>Guia Inteligente de Recifes de Bonaire<\/em>\u2019 para o l\u00edder do grupo<\/p>\n<p style=\"text-align: center;\">Com nossos pacotes Drive &amp; Dive ou Boat Dive, voc\u00ea ter\u00e1 a <em>liberdade de descobrir os melhores pontos de mergulho no seu pr\u00f3prio ritmo<\/em>. De espetaculares recifes de coral \u00e0 mesmerizante vida marinha, Bonaire oferece um para\u00edso para entusiastas de mergulho de todos os n\u00edveis. <\/p>\n<p style=\"text-align: center;\">N\u00e3o perca esta Oferta Especial de Loucura exclusiva! Reserve suas f\u00e9rias de mergulho hoje e prepare-se para uma incr\u00edvel aventura subaqu\u00e1tica. <\/p>\n<h4 style=\"text-align: center;\">Reserve seu lugar agora! &#8211; utilize o c\u00f3digo promocional: <span style=\"color: #ff6600;\"><strong>MADNESS<\/strong><\/span> <\/h4>\n[\/vc_column_text][vc_column_text css=&#8221;&#8221;]<strong>\u26a0\ufe0fTermos e condi\u00e7\u00f5es:<\/strong><br \/>\n* Reserv\u00e1vel em combina\u00e7\u00e3o com um pacote Drive &amp; Dive.<br \/>\n* N\u00e3o v\u00e1lido em combina\u00e7\u00e3o com outras ofertas especiais ou promo\u00e7\u00f5es.<br \/>\n* Apenas para novas reservas[\/vc_column_text][\/vc_column][\/vc_row][vc_row][vc_column][vc_images_carousel images=&#8221;21372,31273,31278,31285,31747,31263,31258,31014&#8243; slides_per_view=&#8221;3&#8243; wrap=&#8221;yes&#8221; css=&#8221;&#8221;][\/vc_column][\/vc_row][vc_row][vc_column][vc_raw_html]JTNDJTIxLS0lMjBFdmVudCUyMHNuaXBwZXQlMjBmb3IlMjBQYWdldmlldyUyMFN1bW1lciUyMERlYWwlMjBjb252ZXJzaW9uJTIwcGFnZSUwQUluJTIweW91ciUyMGh0bWwlMjBwYWdlJTJDJTIwYWRkJTIwdGhlJTIwc25pcHBldCUyMGFuZCUyMGNhbGwlMjBndGFnX3JlcG9ydF9jb252ZXJzaW9uJTIwd2hlbiUyMHNvbWVvbmUlMjBjbGlja3MlMjBvbiUyMHRoZSUyMGNob3NlbiUyMGxpbmslMjBvciUyMGJ1dHRvbi4lMjAtLSUzRSUwQSUzQ3NjcmlwdCUzRSUwQWZ1bmN0aW9uJTIwZ3RhZ19yZXBvcnRfY29udmVyc2lvbiUyOHVybCUyOSUyMCU3QiUwQSUyMCUyMHZhciUyMGNhbGxiYWNrJTIwJTNEJTIwZnVuY3Rpb24lMjAlMjglMjklMjAlN0IlMEElMjAlMjAlMjAlMjBpZiUyMCUyOHR5cGVvZiUyOHVybCUyOSUyMCUyMSUzRCUyMCUyN3VuZGVmaW5lZCUyNyUyOSUyMCU3QiUwQSUyMCUyMCUyMCUyMCUyMCUyMHdpbmRvdy5sb2NhdGlvbiUyMCUzRCUyMHVybCUzQiUwQSUyMCUyMCUyMCUyMCU3RCUwQSUyMCUyMCU3RCUzQiUwQSUyMCUyMGd0YWclMjglMjdldmVudCUyNyUyQyUyMCUyN2NvbnZlcnNpb24lMjclMkMlMjAlN0IlMEElMjAlMjAlMjAlMjAlMjAlMjAlMjdzZW5kX3RvJTI3JTNBJTIwJTI3QVctMTAzMDMwNzQ3MyUyRlVLbGtDTW5ucEo4WUVKSDlwT3NEJTI3JTJDJTBBJTIwJTIwJTIwJTIwJTIwJTIwJTI3ZXZlbnRfY2FsbGJhY2slMjclM0ElMjBjYWxsYmFjayUwQSUyMCUyMCU3RCUyOSUzQiUwQSUyMCUyMHJldHVybiUyMGZhbHNlJTNCJTBBJTdEJTBBJTNDJTJGc2NyaXB0JTNFJTBB[\/vc_raw_html][vc_raw_html]JTNDJTIxLS0lMjBHb29nbGUlMjB0YWclMjAlMjhndGFnLmpzJTI5JTIwLS0lM0UlMEElM0NzY3JpcHQlMjBhc3luYyUyMHNyYyUzRCUyMmh0dHBzJTNBJTJGJTJGd3d3Lmdvb2dsZXRhZ21hbmFnZXIuY29tJTJGZ3RhZyUyRmpzJTNGaWQlM0RBVy0xMDMwMzA3NDczJTIyJTNFJTNDJTJGc2NyaXB0JTNFJTBBJTNDc2NyaXB0JTNFJTBBJTIwJTIwd2luZG93LmRhdGFMYXllciUyMCUzRCUyMHdpbmRvdy5kYXRhTGF5ZXIlMjAlN0MlN0MlMjAlNUIlNUQlM0IlMEElMjAlMjBmdW5jdGlvbiUyMGd0YWclMjglMjklN0JkYXRhTGF5ZXIucHVzaCUyOGFyZ3VtZW50cyUyOSUzQiU3RCUwQSUyMCUyMGd0YWclMjglMjdqcyUyNyUyQyUyMG5ldyUyMERhdGUlMjglMjklMjklM0IlMEElMEElMjAlMjBndGFnJTI4JTI3Y29uZmlnJTI3JTJDJTIwJTI3QVctMTAzMDMwNzQ3MyUyNyUyOSUzQiUwQSUzQyUyRnNjcmlwdCUzRSUwQQ==[\/vc_raw_html][\/vc_column][\/vc_row][vc_row][vc_column][\/vc_column][\/vc_row]\n<\/div>","protected":false},"excerpt":{"rendered":"<p>[vc_row][vc_column][vc_empty_space][\/vc_column][vc_column width=&#8221;1\/2&#8243;][vc_single_image image=&#8221;31845&#8243; img_size=&#8221;full&#8221;][\/vc_column][vc_column width=&#8221;1\/2&#8243;][vc_column_text css=&#8221;&#8221;] Loucura de Bonaire Aproveite nossa empolgante Promo\u00e7\u00e3o Especial Bonaire Madness! Experimente a melhor escapada [&hellip;]<\/p>\n","protected":false},"author":2,"featured_media":31152,"parent":0,"menu_order":0,"comment_status":"closed","ping_status":"closed","template":"","meta":{"footnotes":""},"class_list":["post-31150","page","type-page","status-publish","has-post-thumbnail","hentry"],"yoast_head":"<!-- This site is optimized with the Yoast SEO plugin v27.4 - https:\/\/yoast.com\/product\/yoast-seo-wordpress\/ -->\n<title>Loucura de Bonaire - Buddy Dive Bonaire<\/title>\n<meta name=\"description\" content=\"Aproveite nossa empolgante Oferta Especial de Loucura de Bonaire! Experimente a escapada definitiva com pacotes de mergulho no Buddy Dive Resort Bonaire.\" \/>\n<meta name=\"robots\" content=\"index, follow, max-snippet:-1, max-image-preview:large, max-video-preview:-1\" \/>\n<link rel=\"canonical\" href=\"https:\/\/buddydive.com\/pt-br\/loucura-de-bonaire\/\" \/>\n<meta property=\"og:locale\" content=\"pt_BR\" \/>\n<meta property=\"og:type\" content=\"article\" \/>\n<meta property=\"og:title\" content=\"Loucura de Bonaire - Buddy Dive Bonaire\" \/>\n<meta property=\"og:description\" content=\"Aproveite nossa empolgante Oferta Especial de Loucura de Bonaire! Experimente a escapada definitiva com pacotes de mergulho no Buddy Dive Resort Bonaire.\" \/>\n<meta property=\"og:url\" content=\"https:\/\/buddydive.com\/pt-br\/loucura-de-bonaire\/\" \/>\n<meta property=\"og:site_name\" content=\"Buddy Dive Bonaire\" \/>\n<meta property=\"article:publisher\" content=\"https:\/\/www.facebook.com\/buddydiveresort\" \/>\n<meta property=\"article:modified_time\" content=\"2026-02-03T12:02:26+00:00\" \/>\n<meta property=\"og:image\" content=\"https:\/\/buddydive.com\/wp-content\/uploads\/2023\/06\/Madness-e1578426487307.jpeg\" \/>\n\t<meta property=\"og:image:width\" content=\"1000\" \/>\n\t<meta property=\"og:image:height\" content=\"562\" \/>\n\t<meta property=\"og:image:type\" content=\"image\/jpeg\" \/>\n<meta name=\"twitter:card\" content=\"summary_large_image\" \/>\n<meta name=\"twitter:site\" content=\"@buddydive\" \/>\n<meta name=\"twitter:label1\" content=\"Est. tempo de leitura\" \/>\n\t<meta name=\"twitter:data1\" content=\"2 minutos\" \/>\n<script type=\"application\/ld+json\" class=\"yoast-schema-graph\">{\"@context\":\"https:\\\/\\\/schema.org\",\"@graph\":[{\"@type\":\"WebPage\",\"@id\":\"https:\\\/\\\/buddydive.com\\\/pt-br\\\/loucura-de-bonaire\\\/\",\"url\":\"https:\\\/\\\/buddydive.com\\\/pt-br\\\/loucura-de-bonaire\\\/\",\"name\":\"Loucura de Bonaire - Buddy Dive Bonaire\",\"isPartOf\":{\"@id\":\"https:\\\/\\\/buddydive.com\\\/pt-br\\\/#website\"},\"primaryImageOfPage\":{\"@id\":\"https:\\\/\\\/buddydive.com\\\/pt-br\\\/loucura-de-bonaire\\\/#primaryimage\"},\"image\":{\"@id\":\"https:\\\/\\\/buddydive.com\\\/pt-br\\\/loucura-de-bonaire\\\/#primaryimage\"},\"thumbnailUrl\":\"https:\\\/\\\/buddydive.com\\\/wp-content\\\/uploads\\\/2023\\\/06\\\/Madness-e1578426487307.jpeg\",\"datePublished\":\"2025-05-26T14:44:04+00:00\",\"dateModified\":\"2026-02-03T12:02:26+00:00\",\"description\":\"Aproveite nossa empolgante Oferta Especial de Loucura de Bonaire! Experimente a escapada definitiva com pacotes de mergulho no Buddy Dive Resort Bonaire.\",\"breadcrumb\":{\"@id\":\"https:\\\/\\\/buddydive.com\\\/pt-br\\\/loucura-de-bonaire\\\/#breadcrumb\"},\"inLanguage\":\"pt-BR\",\"potentialAction\":[{\"@type\":\"ReadAction\",\"target\":[\"https:\\\/\\\/buddydive.com\\\/pt-br\\\/loucura-de-bonaire\\\/\"]}]},{\"@type\":\"ImageObject\",\"inLanguage\":\"pt-BR\",\"@id\":\"https:\\\/\\\/buddydive.com\\\/pt-br\\\/loucura-de-bonaire\\\/#primaryimage\",\"url\":\"https:\\\/\\\/buddydive.com\\\/wp-content\\\/uploads\\\/2023\\\/06\\\/Madness-e1578426487307.jpeg\",\"contentUrl\":\"https:\\\/\\\/buddydive.com\\\/wp-content\\\/uploads\\\/2023\\\/06\\\/Madness-e1578426487307.jpeg\",\"width\":1000,\"height\":562},{\"@type\":\"BreadcrumbList\",\"@id\":\"https:\\\/\\\/buddydive.com\\\/pt-br\\\/loucura-de-bonaire\\\/#breadcrumb\",\"itemListElement\":[{\"@type\":\"ListItem\",\"position\":1,\"name\":\"Home\",\"item\":\"https:\\\/\\\/buddydive.com\\\/pt-br\\\/inicio\\\/\"},{\"@type\":\"ListItem\",\"position\":2,\"name\":\"Loucura de Bonaire\"}]},{\"@type\":\"WebSite\",\"@id\":\"https:\\\/\\\/buddydive.com\\\/pt-br\\\/#website\",\"url\":\"https:\\\/\\\/buddydive.com\\\/pt-br\\\/\",\"name\":\"Buddy Dive Bonaire\",\"description\":\"My WordPress Blog\",\"potentialAction\":[{\"@type\":\"SearchAction\",\"target\":{\"@type\":\"EntryPoint\",\"urlTemplate\":\"https:\\\/\\\/buddydive.com\\\/pt-br\\\/?s={search_term_string}\"},\"query-input\":{\"@type\":\"PropertyValueSpecification\",\"valueRequired\":true,\"valueName\":\"search_term_string\"}}],\"inLanguage\":\"pt-BR\"}]}<\/script>\n<!-- \/ Yoast SEO plugin. -->","yoast_head_json":{"title":"Loucura de Bonaire - Buddy Dive Bonaire","description":"Aproveite nossa empolgante Oferta Especial de Loucura de Bonaire! Experimente a escapada definitiva com pacotes de mergulho no Buddy Dive Resort Bonaire.","robots":{"index":"index","follow":"follow","max-snippet":"max-snippet:-1","max-image-preview":"max-image-preview:large","max-video-preview":"max-video-preview:-1"},"canonical":"https:\/\/buddydive.com\/pt-br\/loucura-de-bonaire\/","og_locale":"pt_BR","og_type":"article","og_title":"Loucura de Bonaire - Buddy Dive Bonaire","og_description":"Aproveite nossa empolgante Oferta Especial de Loucura de Bonaire! Experimente a escapada definitiva com pacotes de mergulho no Buddy Dive Resort Bonaire.","og_url":"https:\/\/buddydive.com\/pt-br\/loucura-de-bonaire\/","og_site_name":"Buddy Dive Bonaire","article_publisher":"https:\/\/www.facebook.com\/buddydiveresort","article_modified_time":"2026-02-03T12:02:26+00:00","og_image":[{"width":1000,"height":562,"url":"https:\/\/buddydive.com\/wp-content\/uploads\/2023\/06\/Madness-e1578426487307.jpeg","type":"image\/jpeg"}],"twitter_card":"summary_large_image","twitter_site":"@buddydive","twitter_misc":{"Est. tempo de leitura":"2 minutos"},"schema":{"@context":"https:\/\/schema.org","@graph":[{"@type":"WebPage","@id":"https:\/\/buddydive.com\/pt-br\/loucura-de-bonaire\/","url":"https:\/\/buddydive.com\/pt-br\/loucura-de-bonaire\/","name":"Loucura de Bonaire - Buddy Dive Bonaire","isPartOf":{"@id":"https:\/\/buddydive.com\/pt-br\/#website"},"primaryImageOfPage":{"@id":"https:\/\/buddydive.com\/pt-br\/loucura-de-bonaire\/#primaryimage"},"image":{"@id":"https:\/\/buddydive.com\/pt-br\/loucura-de-bonaire\/#primaryimage"},"thumbnailUrl":"https:\/\/buddydive.com\/wp-content\/uploads\/2023\/06\/Madness-e1578426487307.jpeg","datePublished":"2025-05-26T14:44:04+00:00","dateModified":"2026-02-03T12:02:26+00:00","description":"Aproveite nossa empolgante Oferta Especial de Loucura de Bonaire! Experimente a escapada definitiva com pacotes de mergulho no Buddy Dive Resort Bonaire.","breadcrumb":{"@id":"https:\/\/buddydive.com\/pt-br\/loucura-de-bonaire\/#breadcrumb"},"inLanguage":"pt-BR","potentialAction":[{"@type":"ReadAction","target":["https:\/\/buddydive.com\/pt-br\/loucura-de-bonaire\/"]}]},{"@type":"ImageObject","inLanguage":"pt-BR","@id":"https:\/\/buddydive.com\/pt-br\/loucura-de-bonaire\/#primaryimage","url":"https:\/\/buddydive.com\/wp-content\/uploads\/2023\/06\/Madness-e1578426487307.jpeg","contentUrl":"https:\/\/buddydive.com\/wp-content\/uploads\/2023\/06\/Madness-e1578426487307.jpeg","width":1000,"height":562},{"@type":"BreadcrumbList","@id":"https:\/\/buddydive.com\/pt-br\/loucura-de-bonaire\/#breadcrumb","itemListElement":[{"@type":"ListItem","position":1,"name":"Home","item":"https:\/\/buddydive.com\/pt-br\/inicio\/"},{"@type":"ListItem","position":2,"name":"Loucura de Bonaire"}]},{"@type":"WebSite","@id":"https:\/\/buddydive.com\/pt-br\/#website","url":"https:\/\/buddydive.com\/pt-br\/","name":"Buddy Dive Bonaire","description":"My WordPress Blog","potentialAction":[{"@type":"SearchAction","target":{"@type":"EntryPoint","urlTemplate":"https:\/\/buddydive.com\/pt-br\/?s={search_term_string}"},"query-input":{"@type":"PropertyValueSpecification","valueRequired":true,"valueName":"search_term_string"}}],"inLanguage":"pt-BR"}]}},"_links":{"self":[{"href":"https:\/\/buddydive.com\/pt-br\/wp-json\/wp\/v2\/pages\/31150","targetHints":{"allow":["GET"]}}],"collection":[{"href":"https:\/\/buddydive.com\/pt-br\/wp-json\/wp\/v2\/pages"}],"about":[{"href":"https:\/\/buddydive.com\/pt-br\/wp-json\/wp\/v2\/types\/page"}],"author":[{"embeddable":true,"href":"https:\/\/buddydive.com\/pt-br\/wp-json\/wp\/v2\/users\/2"}],"replies":[{"embeddable":true,"href":"https:\/\/buddydive.com\/pt-br\/wp-json\/wp\/v2\/comments?post=31150"}],"version-history":[{"count":9,"href":"https:\/\/buddydive.com\/pt-br\/wp-json\/wp\/v2\/pages\/31150\/revisions"}],"predecessor-version":[{"id":36579,"href":"https:\/\/buddydive.com\/pt-br\/wp-json\/wp\/v2\/pages\/31150\/revisions\/36579"}],"wp:featuredmedia":[{"embeddable":true,"href":"https:\/\/buddydive.com\/pt-br\/wp-json\/wp\/v2\/media\/31152"}],"wp:attachment":[{"href":"https:\/\/buddydive.com\/pt-br\/wp-json\/wp\/v2\/media?parent=31150"}],"curies":[{"name":"wp","href":"https:\/\/api.w.org\/{rel}","templated":true}]}}