{"id":31134,"date":"2025-05-26T14:44:02","date_gmt":"2025-05-26T14:44:02","guid":{"rendered":"https:\/\/buddydive.com\/envolvimento-comunitario\/"},"modified":"2025-10-24T15:03:59","modified_gmt":"2025-10-24T15:03:59","slug":"envolvimento-comunitario","status":"publish","type":"page","link":"https:\/\/buddydive.com\/pt-br\/sobre-nos\/envolvimento-comunitario\/","title":{"rendered":"Envolvimento comunit\u00e1rio"},"content":{"rendered":"<div class=\"wpb-content-wrapper\">[vc_row][vc_column][vc_column_text]\n<h1 class=\"text-uppercase\" style=\"text-align: center;\"><small>N\u00f3s nos importamos com o<\/small> envolvimento comunit\u00e1rio<\/h1>\n<p>Seus Buddies em Bonaire se preocupam com o envolvimento comunit\u00e1rio. Valorizamos o cuidado adequado com nosso meio ambiente, transmitindo um mundo belo para a pr\u00f3xima gera\u00e7\u00e3o e proporcionando a esta gera\u00e7\u00e3o oportunidades para um futuro promissor. O turismo \u00e9 uma das principais fontes de renda de Bonaire e proporciona muitos empregos \u00e0 comunidade de Bonaire. Como resort de mergulho, estamos satisfeitos que Bonaire receba tantos h\u00f3spedes diariamente e valorizamos Bonaire como um excelente local para visitar e para viver. \u00c9 assim que Seus Buddies em Bonaire contribuem para uma Bonaire melhor para todos, envolvendo a comunidade.[\/vc_column_text][\/vc_column][\/vc_row][vc_row content_placement=&#8221;middle&#8221;][vc_column width=&#8221;1\/4&#8243;][vc_single_image image=&#8221;16981&#8243; img_size=&#8221;500&#215;500&#8243;][\/vc_column][vc_column width=&#8221;3\/4&#8243;][vc_column_text]\n<h4>Funda\u00e7\u00e3o Murphyn Henar<\/h4>\n<p>Em 26 de novembro de 2019, nos despedimos de nosso estimado \u201cDive Legend\u201d <a href=\"https:\/\/buddydive.com\/pt-br\/sobre-nos\/fundacao-murphyn-henar\/\">Murphyn Henar<\/a>. Murph trabalhou como Dive Master no Buddy Dive Resort de 1993 at\u00e9 seu falecimento em 2019. Ele era conhecido por seu humor sempre alegre, paci\u00eancia infinita e grande conhecimento sobre mergulho em Bonaire. Ele deixou uma impress\u00e3o inesquec\u00edvel em todos que conheceu e foi mentor de muitos membros da equipe.<\/p>\n<p><strong>Miss\u00e3o<br \/>\n<\/strong>A miss\u00e3o da <a href=\"https:\/\/www.murphynhenarfoundation.org\/\">Funda\u00e7\u00e3o Murphyn Henar<\/a> \u00e9 honrar o grande esp\u00edrito e mem\u00f3ria de Murphyn, oferecendo aos jovens adultos em Bonaire a oportunidade de aprender a mergulhar. Ao treinar esses jovens, que talvez n\u00e3o tenham recursos para faz\u00ea-lo por conta pr\u00f3pria, desejamos criar um futuro para eles na ind\u00fastria do mergulho.[\/vc_column_text][\/vc_column][\/vc_row][vc_row content_placement=&#8221;middle&#8221;][vc_column width=&#8221;1\/4&#8243;][vc_single_image image=&#8221;20917&#8243; img_size=&#8221;500&#215;500&#8243;][\/vc_column][vc_column width=&#8221;3\/4&#8243;][vc_column_text]\n<h4>MBO Bonaire @ Buddy Dive Resort<\/h4>\n<p>Todas as quintas-feiras, estudantes do MBO Bonaire tornam-se parte da equipe do Buddy Dive para aprender como \u00e9 trabalhar na ind\u00fastria da hospitalidade. Os estudantes est\u00e3o adquirindo experi\u00eancia e auxiliando as equipes na opera\u00e7\u00e3o di\u00e1ria do resort. Eles trabalham em todos os departamentos para obter experi\u00eancia e conhecimento, permitindo-lhes encontrar uma carreira que lhes seja adequada. Como o turismo \u00e9 uma das principais fontes de renda de Bonaire, estamos satisfeitos em permitir que a nova gera\u00e7\u00e3o aprenda com nossa excelente equipe, para que possam iniciar suas carreiras com uma vasta experi\u00eancia.[\/vc_column_text][\/vc_column][\/vc_row][vc_row content_placement=&#8221;middle&#8221;][vc_column width=&#8221;1\/4&#8243;][vc_single_image image=&#8221;20921&#8243; img_size=&#8221;500&#215;500&#8243;][\/vc_column][vc_column width=&#8221;3\/4&#8243;][vc_column_text]\n<h4>Caminhada pelas rosas<\/h4>\n<p>Todo janeiro, ocorre o Walk, Ride Swim for the Roses. O <a href=\"https:\/\/www.ridefortheroses.org\/\">Ride for the Roses<\/a> \u00e9 organizado para arrecadar fundos para o Fundo de C\u00e2ncer de Bonaire. Durante este evento anual, todos em Bonaire podem demonstrar solidariedade aos pacientes com c\u00e2ncer e seus entes queridos caminhando, nadando, surfando ou pedalando em uma rota espec\u00edfica. \u00c9 um evento grande e bem frequentado na ilha, e Seus Buddies em Bonaire t\u00eam satisfa\u00e7\u00e3o em contribuir para esta boa causa. O Buddy Dive Resort patrocina a iniciativa comprando ingressos para cada membro da equipe que deseja participar do evento. Muitos membros da equipe contribu\u00edram para arrecadar uma boa quantia para o fundo de c\u00e2ncer.[\/vc_column_text][\/vc_column][\/vc_row][vc_row content_placement=&#8221;middle&#8221;][vc_column width=&#8221;1\/4&#8243;][vc_single_image image=&#8221;20929&#8243; img_size=&#8221;500&#215;500&#8243;][\/vc_column][vc_column width=&#8221;3\/4&#8243;][vc_column_text]\n<h4>Patrocinador do Banko di Kuminda Rincon<\/h4>\n<p>O Buddy Dive Resort \u00e9 patrocinador do Banko di Kuminda em Rincon &#8211; o Banco de Alimentos de Rincon. Patrocinamos o banco de alimentos, que fornece pacotes de alimentos para aqueles <span class=\"HwtZe\" lang=\"en\"><span class=\"jCAhz ChMk0b\"><span class=\"ryNqvb\"> que n\u00e3o t\u00eam recursos financeiros suficientes para pagar por suas compras di\u00e1rias. Ao patrocinar o banco de alimentos, esperamos ajudar a melhorar o ambiente de vida geral na ilha e oferecer uma m\u00e3o amiga aos menos afortunados. <\/span><\/span><\/span>[\/vc_column_text][\/vc_column][\/vc_row][vc_row][vc_column][vc_cta h2=&#8221;Sustentabilidade&#8221; txt_align=&#8221;center&#8221; add_button=&#8221;bottom&#8221; btn_title=&#8221;Sustentabilidade&#8221; btn_align=&#8221;center&#8221; btn_link=&#8221;url:https%3A%2F%2Fbuddydive.com%2Fpt-br%2Fsobre-nos%2Fsustentabilidade%2F|title:Sustentabilidade|&#8221;]O Buddy Dive Resort Bonaire est\u00e1 cada vez mais focado em um n\u00edvel de sustentabilidade social e ambiental. Embora Bonaire seja uma ilha pequena, nos esfor\u00e7amos para criar um mundo melhor juntos. Descubra o que fazemos para operar de forma sustent\u00e1vel.[\/vc_cta][\/vc_column][\/vc_row]\n<\/div>","protected":false},"excerpt":{"rendered":"<p>[vc_row][vc_column][vc_column_text] N\u00f3s nos importamos com o envolvimento comunit\u00e1rio Seus Buddies em Bonaire se preocupam com o envolvimento comunit\u00e1rio. Valorizamos o [&hellip;]<\/p>\n","protected":false},"author":2,"featured_media":0,"parent":31560,"menu_order":0,"comment_status":"closed","ping_status":"closed","template":"","meta":{"footnotes":""},"class_list":["post-31134","page","type-page","status-publish","hentry"],"yoast_head":"<!-- This site is optimized with the Yoast SEO plugin v27.4 - https:\/\/yoast.com\/product\/yoast-seo-wordpress\/ -->\n<title>Envolvimento comunit\u00e1rio - Buddy Dive Bonaire<\/title>\n<meta name=\"description\" content=\"Seus Buddies em Bonaire contribuem para o envolvimento comunit\u00e1rio visando uma Bonaire melhor para todos.\" \/>\n<meta name=\"robots\" content=\"index, follow, max-snippet:-1, max-image-preview:large, max-video-preview:-1\" \/>\n<link rel=\"canonical\" href=\"https:\/\/buddydive.com\/pt-br\/sobre-nos\/envolvimento-comunitario\/\" \/>\n<meta property=\"og:locale\" content=\"pt_BR\" \/>\n<meta property=\"og:type\" content=\"article\" \/>\n<meta property=\"og:title\" content=\"Envolvimento comunit\u00e1rio - Buddy Dive Bonaire\" \/>\n<meta property=\"og:description\" content=\"Seus Buddies em Bonaire contribuem para o envolvimento comunit\u00e1rio visando uma Bonaire melhor para todos.\" \/>\n<meta property=\"og:url\" content=\"https:\/\/buddydive.com\/pt-br\/sobre-nos\/envolvimento-comunitario\/\" \/>\n<meta property=\"og:site_name\" content=\"Buddy Dive Bonaire\" \/>\n<meta property=\"article:publisher\" content=\"https:\/\/www.facebook.com\/buddydiveresort\" \/>\n<meta property=\"article:modified_time\" content=\"2025-10-24T15:03:59+00:00\" \/>\n<meta name=\"twitter:card\" content=\"summary_large_image\" \/>\n<meta name=\"twitter:site\" content=\"@buddydive\" \/>\n<meta name=\"twitter:label1\" content=\"Est. tempo de leitura\" \/>\n\t<meta name=\"twitter:data1\" content=\"3 minutos\" \/>\n<script type=\"application\/ld+json\" class=\"yoast-schema-graph\">{\"@context\":\"https:\\\/\\\/schema.org\",\"@graph\":[{\"@type\":\"WebPage\",\"@id\":\"https:\\\/\\\/buddydive.com\\\/pt-br\\\/sobre-nos\\\/envolvimento-comunitario\\\/\",\"url\":\"https:\\\/\\\/buddydive.com\\\/pt-br\\\/sobre-nos\\\/envolvimento-comunitario\\\/\",\"name\":\"Envolvimento comunit\u00e1rio - Buddy Dive Bonaire\",\"isPartOf\":{\"@id\":\"https:\\\/\\\/buddydive.com\\\/pt-br\\\/#website\"},\"datePublished\":\"2025-05-26T14:44:02+00:00\",\"dateModified\":\"2025-10-24T15:03:59+00:00\",\"description\":\"Seus Buddies em Bonaire contribuem para o envolvimento comunit\u00e1rio visando uma Bonaire melhor para todos.\",\"breadcrumb\":{\"@id\":\"https:\\\/\\\/buddydive.com\\\/pt-br\\\/sobre-nos\\\/envolvimento-comunitario\\\/#breadcrumb\"},\"inLanguage\":\"pt-BR\",\"potentialAction\":[{\"@type\":\"ReadAction\",\"target\":[\"https:\\\/\\\/buddydive.com\\\/pt-br\\\/sobre-nos\\\/envolvimento-comunitario\\\/\"]}]},{\"@type\":\"BreadcrumbList\",\"@id\":\"https:\\\/\\\/buddydive.com\\\/pt-br\\\/sobre-nos\\\/envolvimento-comunitario\\\/#breadcrumb\",\"itemListElement\":[{\"@type\":\"ListItem\",\"position\":1,\"name\":\"Home\",\"item\":\"https:\\\/\\\/buddydive.com\\\/pt-br\\\/inicio\\\/\"},{\"@type\":\"ListItem\",\"position\":2,\"name\":\"Sobre n\u00f3s\",\"item\":\"https:\\\/\\\/buddydive.com\\\/pt-br\\\/sobre-nos\\\/\"},{\"@type\":\"ListItem\",\"position\":3,\"name\":\"Envolvimento comunit\u00e1rio\"}]},{\"@type\":\"WebSite\",\"@id\":\"https:\\\/\\\/buddydive.com\\\/pt-br\\\/#website\",\"url\":\"https:\\\/\\\/buddydive.com\\\/pt-br\\\/\",\"name\":\"Buddy Dive Bonaire\",\"description\":\"My WordPress Blog\",\"potentialAction\":[{\"@type\":\"SearchAction\",\"target\":{\"@type\":\"EntryPoint\",\"urlTemplate\":\"https:\\\/\\\/buddydive.com\\\/pt-br\\\/?s={search_term_string}\"},\"query-input\":{\"@type\":\"PropertyValueSpecification\",\"valueRequired\":true,\"valueName\":\"search_term_string\"}}],\"inLanguage\":\"pt-BR\"}]}<\/script>\n<!-- \/ Yoast SEO plugin. -->","yoast_head_json":{"title":"Envolvimento comunit\u00e1rio - Buddy Dive Bonaire","description":"Seus Buddies em Bonaire contribuem para o envolvimento comunit\u00e1rio visando uma Bonaire melhor para todos.","robots":{"index":"index","follow":"follow","max-snippet":"max-snippet:-1","max-image-preview":"max-image-preview:large","max-video-preview":"max-video-preview:-1"},"canonical":"https:\/\/buddydive.com\/pt-br\/sobre-nos\/envolvimento-comunitario\/","og_locale":"pt_BR","og_type":"article","og_title":"Envolvimento comunit\u00e1rio - Buddy Dive Bonaire","og_description":"Seus Buddies em Bonaire contribuem para o envolvimento comunit\u00e1rio visando uma Bonaire melhor para todos.","og_url":"https:\/\/buddydive.com\/pt-br\/sobre-nos\/envolvimento-comunitario\/","og_site_name":"Buddy Dive Bonaire","article_publisher":"https:\/\/www.facebook.com\/buddydiveresort","article_modified_time":"2025-10-24T15:03:59+00:00","twitter_card":"summary_large_image","twitter_site":"@buddydive","twitter_misc":{"Est. tempo de leitura":"3 minutos"},"schema":{"@context":"https:\/\/schema.org","@graph":[{"@type":"WebPage","@id":"https:\/\/buddydive.com\/pt-br\/sobre-nos\/envolvimento-comunitario\/","url":"https:\/\/buddydive.com\/pt-br\/sobre-nos\/envolvimento-comunitario\/","name":"Envolvimento comunit\u00e1rio - Buddy Dive Bonaire","isPartOf":{"@id":"https:\/\/buddydive.com\/pt-br\/#website"},"datePublished":"2025-05-26T14:44:02+00:00","dateModified":"2025-10-24T15:03:59+00:00","description":"Seus Buddies em Bonaire contribuem para o envolvimento comunit\u00e1rio visando uma Bonaire melhor para todos.","breadcrumb":{"@id":"https:\/\/buddydive.com\/pt-br\/sobre-nos\/envolvimento-comunitario\/#breadcrumb"},"inLanguage":"pt-BR","potentialAction":[{"@type":"ReadAction","target":["https:\/\/buddydive.com\/pt-br\/sobre-nos\/envolvimento-comunitario\/"]}]},{"@type":"BreadcrumbList","@id":"https:\/\/buddydive.com\/pt-br\/sobre-nos\/envolvimento-comunitario\/#breadcrumb","itemListElement":[{"@type":"ListItem","position":1,"name":"Home","item":"https:\/\/buddydive.com\/pt-br\/inicio\/"},{"@type":"ListItem","position":2,"name":"Sobre n\u00f3s","item":"https:\/\/buddydive.com\/pt-br\/sobre-nos\/"},{"@type":"ListItem","position":3,"name":"Envolvimento comunit\u00e1rio"}]},{"@type":"WebSite","@id":"https:\/\/buddydive.com\/pt-br\/#website","url":"https:\/\/buddydive.com\/pt-br\/","name":"Buddy Dive Bonaire","description":"My WordPress Blog","potentialAction":[{"@type":"SearchAction","target":{"@type":"EntryPoint","urlTemplate":"https:\/\/buddydive.com\/pt-br\/?s={search_term_string}"},"query-input":{"@type":"PropertyValueSpecification","valueRequired":true,"valueName":"search_term_string"}}],"inLanguage":"pt-BR"}]}},"_links":{"self":[{"href":"https:\/\/buddydive.com\/pt-br\/wp-json\/wp\/v2\/pages\/31134","targetHints":{"allow":["GET"]}}],"collection":[{"href":"https:\/\/buddydive.com\/pt-br\/wp-json\/wp\/v2\/pages"}],"about":[{"href":"https:\/\/buddydive.com\/pt-br\/wp-json\/wp\/v2\/types\/page"}],"author":[{"embeddable":true,"href":"https:\/\/buddydive.com\/pt-br\/wp-json\/wp\/v2\/users\/2"}],"replies":[{"embeddable":true,"href":"https:\/\/buddydive.com\/pt-br\/wp-json\/wp\/v2\/comments?post=31134"}],"version-history":[{"count":10,"href":"https:\/\/buddydive.com\/pt-br\/wp-json\/wp\/v2\/pages\/31134\/revisions"}],"predecessor-version":[{"id":34814,"href":"https:\/\/buddydive.com\/pt-br\/wp-json\/wp\/v2\/pages\/31134\/revisions\/34814"}],"up":[{"embeddable":true,"href":"https:\/\/buddydive.com\/pt-br\/wp-json\/wp\/v2\/pages\/31560"}],"wp:attachment":[{"href":"https:\/\/buddydive.com\/pt-br\/wp-json\/wp\/v2\/media?parent=31134"}],"curies":[{"name":"wp","href":"https:\/\/api.w.org\/{rel}","templated":true}]}}