{"id":31129,"date":"2025-05-26T14:43:28","date_gmt":"2025-05-26T14:43:28","guid":{"rendered":"https:\/\/buddydive.com\/exibir-ofertas-especiais\/"},"modified":"2025-07-18T12:18:57","modified_gmt":"2025-07-18T12:18:57","slug":"exibir-ofertas-especiais","status":"publish","type":"page","link":"https:\/\/buddydive.com\/pt-br\/exibir-ofertas-especiais\/","title":{"rendered":"Exibir ofertas especiais"},"content":{"rendered":"<div class=\"wpb-content-wrapper\">[vc_row][vc_column][vc_empty_space][\/vc_column][vc_column width=&#8221;1\/2&#8243;][vc_single_image image=&#8221;24106&#8243; img_size=&#8221;full&#8221;][\/vc_column][vc_column width=&#8221;1\/2&#8243;][vc_column_text]\n<h2 class=\"text-uppercase\" style=\"text-align: center;\">Descontos exclusivos da feira <small>ofertas especiais do Buddy Dive<\/small><\/h2>\n<p style=\"text-align: center;\">Seja bem-vindo ao Buddy Dive Resort, seu destino primordial para uma experi\u00eancia de mergulho extraordin\u00e1ria nas deslumbrantes \u00e1guas de Bonaire!<\/p>\n<p style=\"text-align: center;\">Voc\u00ea acaba de desbloquear uma oferta especial ao escanear este c\u00f3digo \u2013 um ingresso dourado para reservas com desconto! Aproveite a oportunidade de mergulhar na beleza intocada dos recifes de coral de Bonaire e sua vibrante vida marinha. <\/p>\n<h4 style=\"text-align: center;\">Oferta especial:<\/h4>\n<h4 style=\"text-align: center;\"><span style=\"color: #ff6600;\">A cada 2 mergulhadores, o segundo mergulha gratuitamente<\/span><\/h4>\n<p style=\"text-align: left;\">Como resgatar seu desconto da feira:<\/p>\n<ol style=\"text-align: center;\">\n<li style=\"text-align: left;\">Selecione suas datas e acomoda\u00e7\u00f5es preferidas.<\/li>\n<li style=\"text-align: left;\">Clique no bot\u00e3o \u201cReservar Agora\u201d abaixo.<\/li>\n<li style=\"text-align: left;\">Utilize o c\u00f3digo recebido no checkout para desbloquear seu desconto exclusivo.<\/li>\n<\/ol>\n<p style=\"text-align: center;\">Embarque em uma jornada de maravilhas subaqu\u00e1ticas com o Buddy Dive Resort \u2013 onde cada mergulho \u00e9 uma aventura e cada momento \u00e9 inesquec\u00edvel. Garanta sua vaga agora e crie mem\u00f3rias que durar\u00e3o toda a vida! <\/p>\n<p><strong>Termos &amp; condi\u00e7\u00f5es<\/strong><\/p>\n<ul>\n<li>As ofertas especiais n\u00e3o s\u00e3o v\u00e1lidas em combina\u00e7\u00e3o com outras ofertas especiais ou promo\u00e7\u00f5es.<\/li>\n<li>As ofertas da feira s\u00e3o v\u00e1lidas apenas para novas reservas.<\/li>\n<li>O dep\u00f3sito deve ser recebido dentro de 2 semanas ap\u00f3s o t\u00e9rmino da feira.<\/li>\n<li>Datas de blackout podem ser aplic\u00e1veis.<\/li>\n<li>As ofertas da feira s\u00e3o v\u00e1lidas para viagens entre 26 de abril de 2025 e 20 de dezembro de 2025.<\/li>\n<li>As ofertas da feira podem ser reservadas em combina\u00e7\u00e3o com todos os pacotes completos de mergulho.<\/li>\n<li>O desconto no mergulho \u00e9 v\u00e1lido para cada 2 mergulhadores que reservarem o pacote Drive  Dive<\/li>\n<\/ul>\n[\/vc_column_text][\/vc_column][\/vc_row][vc_row][vc_column][vc_images_carousel images=&#8221;21372,17445,18903,13589,8209&#8243; slides_per_view=&#8221;4&#8243; wrap=&#8221;yes&#8221;][\/vc_column][\/vc_row][vc_row][vc_column][vc_raw_html]JTNDJTIxLS0lMjBFdmVudCUyMHNuaXBwZXQlMjBmb3IlMjBQYWdldmlldyUyMFN1bW1lciUyMERlYWwlMjBjb252ZXJzaW9uJTIwcGFnZSUwQUluJTIweW91ciUyMGh0bWwlMjBwYWdlJTJDJTIwYWRkJTIwdGhlJTIwc25pcHBldCUyMGFuZCUyMGNhbGwlMjBndGFnX3JlcG9ydF9jb252ZXJzaW9uJTIwd2hlbiUyMHNvbWVvbmUlMjBjbGlja3MlMjBvbiUyMHRoZSUyMGNob3NlbiUyMGxpbmslMjBvciUyMGJ1dHRvbi4lMjAtLSUzRSUwQSUzQ3NjcmlwdCUzRSUwQWZ1bmN0aW9uJTIwZ3RhZ19yZXBvcnRfY29udmVyc2lvbiUyOHVybCUyOSUyMCU3QiUwQSUyMCUyMHZhciUyMGNhbGxiYWNrJTIwJTNEJTIwZnVuY3Rpb24lMjAlMjglMjklMjAlN0IlMEElMjAlMjAlMjAlMjBpZiUyMCUyOHR5cGVvZiUyOHVybCUyOSUyMCUyMSUzRCUyMCUyN3VuZGVmaW5lZCUyNyUyOSUyMCU3QiUwQSUyMCUyMCUyMCUyMCUyMCUyMHdpbmRvdy5sb2NhdGlvbiUyMCUzRCUyMHVybCUzQiUwQSUyMCUyMCUyMCUyMCU3RCUwQSUyMCUyMCU3RCUzQiUwQSUyMCUyMGd0YWclMjglMjdldmVudCUyNyUyQyUyMCUyN2NvbnZlcnNpb24lMjclMkMlMjAlN0IlMEElMjAlMjAlMjAlMjAlMjAlMjAlMjdzZW5kX3RvJTI3JTNBJTIwJTI3QVctMTAzMDMwNzQ3MyUyRlVLbGtDTW5ucEo4WUVKSDlwT3NEJTI3JTJDJTBBJTIwJTIwJTIwJTIwJTIwJTIwJTI3ZXZlbnRfY2FsbGJhY2slMjclM0ElMjBjYWxsYmFjayUwQSUyMCUyMCU3RCUyOSUzQiUwQSUyMCUyMHJldHVybiUyMGZhbHNlJTNCJTBBJTdEJTBBJTNDJTJGc2NyaXB0JTNFJTBB[\/vc_raw_html][vc_raw_html]JTNDJTIxLS0lMjBHb29nbGUlMjB0YWclMjAlMjhndGFnLmpzJTI5JTIwLS0lM0UlMEElM0NzY3JpcHQlMjBhc3luYyUyMHNyYyUzRCUyMmh0dHBzJTNBJTJGJTJGd3d3Lmdvb2dsZXRhZ21hbmFnZXIuY29tJTJGZ3RhZyUyRmpzJTNGaWQlM0RBVy0xMDMwMzA3NDczJTIyJTNFJTNDJTJGc2NyaXB0JTNFJTBBJTNDc2NyaXB0JTNFJTBBJTIwJTIwd2luZG93LmRhdGFMYXllciUyMCUzRCUyMHdpbmRvdy5kYXRhTGF5ZXIlMjAlN0MlN0MlMjAlNUIlNUQlM0IlMEElMjAlMjBmdW5jdGlvbiUyMGd0YWclMjglMjklN0JkYXRhTGF5ZXIucHVzaCUyOGFyZ3VtZW50cyUyOSUzQiU3RCUwQSUyMCUyMGd0YWclMjglMjdqcyUyNyUyQyUyMG5ldyUyMERhdGUlMjglMjklMjklM0IlMEElMEElMjAlMjBndGFnJTI4JTI3Y29uZmlnJTI3JTJDJTIwJTI3QVctMTAzMDMwNzQ3MyUyNyUyOSUzQiUwQSUzQyUyRnNjcmlwdCUzRSUwQQ==[\/vc_raw_html][\/vc_column][\/vc_row]\n<\/div>","protected":false},"excerpt":{"rendered":"<p>[vc_row][vc_column][vc_empty_space][\/vc_column][vc_column width=&#8221;1\/2&#8243;][vc_single_image image=&#8221;24106&#8243; img_size=&#8221;full&#8221;][\/vc_column][vc_column width=&#8221;1\/2&#8243;][vc_column_text] Descontos exclusivos da feira ofertas especiais do Buddy Dive Seja bem-vindo ao Buddy Dive Resort, [&hellip;]<\/p>\n","protected":false},"author":2,"featured_media":0,"parent":0,"menu_order":0,"comment_status":"closed","ping_status":"closed","template":"","meta":{"footnotes":""},"class_list":["post-31129","page","type-page","status-publish","hentry"],"yoast_head":"<!-- This site is optimized with the Yoast SEO plugin v27.4 - https:\/\/yoast.com\/product\/yoast-seo-wordpress\/ -->\n<title>Exibir ofertas especiais - Buddy Dive Bonaire<\/title>\n<meta name=\"description\" content=\"Aproveite a oportunidade de imergir-se na beleza intocada dos recifes de coral de Bonaire e na vibrante vida marinha a um pre\u00e7o reduzido.\" \/>\n<meta name=\"robots\" content=\"index, follow, max-snippet:-1, max-image-preview:large, max-video-preview:-1\" \/>\n<link rel=\"canonical\" href=\"https:\/\/buddydive.com\/pt-br\/exibir-ofertas-especiais\/\" \/>\n<meta property=\"og:locale\" content=\"pt_BR\" \/>\n<meta property=\"og:type\" content=\"article\" \/>\n<meta property=\"og:title\" content=\"Exibir ofertas especiais - Buddy Dive Bonaire\" \/>\n<meta property=\"og:description\" content=\"Aproveite a oportunidade de imergir-se na beleza intocada dos recifes de coral de Bonaire e na vibrante vida marinha a um pre\u00e7o reduzido.\" \/>\n<meta property=\"og:url\" content=\"https:\/\/buddydive.com\/pt-br\/exibir-ofertas-especiais\/\" \/>\n<meta property=\"og:site_name\" content=\"Buddy Dive Bonaire\" \/>\n<meta property=\"article:publisher\" content=\"https:\/\/www.facebook.com\/buddydiveresort\" \/>\n<meta property=\"article:modified_time\" content=\"2025-07-18T12:18:57+00:00\" \/>\n<meta name=\"twitter:card\" content=\"summary_large_image\" \/>\n<meta name=\"twitter:site\" content=\"@buddydive\" \/>\n<meta name=\"twitter:label1\" content=\"Est. tempo de leitura\" \/>\n\t<meta name=\"twitter:data1\" content=\"2 minutos\" \/>\n<script type=\"application\/ld+json\" class=\"yoast-schema-graph\">{\"@context\":\"https:\\\/\\\/schema.org\",\"@graph\":[{\"@type\":\"WebPage\",\"@id\":\"https:\\\/\\\/buddydive.com\\\/pt-br\\\/exibir-ofertas-especiais\\\/\",\"url\":\"https:\\\/\\\/buddydive.com\\\/pt-br\\\/exibir-ofertas-especiais\\\/\",\"name\":\"Exibir ofertas especiais - Buddy Dive Bonaire\",\"isPartOf\":{\"@id\":\"https:\\\/\\\/buddydive.com\\\/pt-br\\\/#website\"},\"datePublished\":\"2025-05-26T14:43:28+00:00\",\"dateModified\":\"2025-07-18T12:18:57+00:00\",\"description\":\"Aproveite a oportunidade de imergir-se na beleza intocada dos recifes de coral de Bonaire e na vibrante vida marinha a um pre\u00e7o reduzido.\",\"breadcrumb\":{\"@id\":\"https:\\\/\\\/buddydive.com\\\/pt-br\\\/exibir-ofertas-especiais\\\/#breadcrumb\"},\"inLanguage\":\"pt-BR\",\"potentialAction\":[{\"@type\":\"ReadAction\",\"target\":[\"https:\\\/\\\/buddydive.com\\\/pt-br\\\/exibir-ofertas-especiais\\\/\"]}]},{\"@type\":\"BreadcrumbList\",\"@id\":\"https:\\\/\\\/buddydive.com\\\/pt-br\\\/exibir-ofertas-especiais\\\/#breadcrumb\",\"itemListElement\":[{\"@type\":\"ListItem\",\"position\":1,\"name\":\"Home\",\"item\":\"https:\\\/\\\/buddydive.com\\\/pt-br\\\/inicio\\\/\"},{\"@type\":\"ListItem\",\"position\":2,\"name\":\"Exibir ofertas especiais\"}]},{\"@type\":\"WebSite\",\"@id\":\"https:\\\/\\\/buddydive.com\\\/pt-br\\\/#website\",\"url\":\"https:\\\/\\\/buddydive.com\\\/pt-br\\\/\",\"name\":\"Buddy Dive Bonaire\",\"description\":\"My WordPress Blog\",\"potentialAction\":[{\"@type\":\"SearchAction\",\"target\":{\"@type\":\"EntryPoint\",\"urlTemplate\":\"https:\\\/\\\/buddydive.com\\\/pt-br\\\/?s={search_term_string}\"},\"query-input\":{\"@type\":\"PropertyValueSpecification\",\"valueRequired\":true,\"valueName\":\"search_term_string\"}}],\"inLanguage\":\"pt-BR\"}]}<\/script>\n<!-- \/ Yoast SEO plugin. -->","yoast_head_json":{"title":"Exibir ofertas especiais - Buddy Dive Bonaire","description":"Aproveite a oportunidade de imergir-se na beleza intocada dos recifes de coral de Bonaire e na vibrante vida marinha a um pre\u00e7o reduzido.","robots":{"index":"index","follow":"follow","max-snippet":"max-snippet:-1","max-image-preview":"max-image-preview:large","max-video-preview":"max-video-preview:-1"},"canonical":"https:\/\/buddydive.com\/pt-br\/exibir-ofertas-especiais\/","og_locale":"pt_BR","og_type":"article","og_title":"Exibir ofertas especiais - Buddy Dive Bonaire","og_description":"Aproveite a oportunidade de imergir-se na beleza intocada dos recifes de coral de Bonaire e na vibrante vida marinha a um pre\u00e7o reduzido.","og_url":"https:\/\/buddydive.com\/pt-br\/exibir-ofertas-especiais\/","og_site_name":"Buddy Dive Bonaire","article_publisher":"https:\/\/www.facebook.com\/buddydiveresort","article_modified_time":"2025-07-18T12:18:57+00:00","twitter_card":"summary_large_image","twitter_site":"@buddydive","twitter_misc":{"Est. tempo de leitura":"2 minutos"},"schema":{"@context":"https:\/\/schema.org","@graph":[{"@type":"WebPage","@id":"https:\/\/buddydive.com\/pt-br\/exibir-ofertas-especiais\/","url":"https:\/\/buddydive.com\/pt-br\/exibir-ofertas-especiais\/","name":"Exibir ofertas especiais - Buddy Dive Bonaire","isPartOf":{"@id":"https:\/\/buddydive.com\/pt-br\/#website"},"datePublished":"2025-05-26T14:43:28+00:00","dateModified":"2025-07-18T12:18:57+00:00","description":"Aproveite a oportunidade de imergir-se na beleza intocada dos recifes de coral de Bonaire e na vibrante vida marinha a um pre\u00e7o reduzido.","breadcrumb":{"@id":"https:\/\/buddydive.com\/pt-br\/exibir-ofertas-especiais\/#breadcrumb"},"inLanguage":"pt-BR","potentialAction":[{"@type":"ReadAction","target":["https:\/\/buddydive.com\/pt-br\/exibir-ofertas-especiais\/"]}]},{"@type":"BreadcrumbList","@id":"https:\/\/buddydive.com\/pt-br\/exibir-ofertas-especiais\/#breadcrumb","itemListElement":[{"@type":"ListItem","position":1,"name":"Home","item":"https:\/\/buddydive.com\/pt-br\/inicio\/"},{"@type":"ListItem","position":2,"name":"Exibir ofertas especiais"}]},{"@type":"WebSite","@id":"https:\/\/buddydive.com\/pt-br\/#website","url":"https:\/\/buddydive.com\/pt-br\/","name":"Buddy Dive Bonaire","description":"My WordPress Blog","potentialAction":[{"@type":"SearchAction","target":{"@type":"EntryPoint","urlTemplate":"https:\/\/buddydive.com\/pt-br\/?s={search_term_string}"},"query-input":{"@type":"PropertyValueSpecification","valueRequired":true,"valueName":"search_term_string"}}],"inLanguage":"pt-BR"}]}},"_links":{"self":[{"href":"https:\/\/buddydive.com\/pt-br\/wp-json\/wp\/v2\/pages\/31129","targetHints":{"allow":["GET"]}}],"collection":[{"href":"https:\/\/buddydive.com\/pt-br\/wp-json\/wp\/v2\/pages"}],"about":[{"href":"https:\/\/buddydive.com\/pt-br\/wp-json\/wp\/v2\/types\/page"}],"author":[{"embeddable":true,"href":"https:\/\/buddydive.com\/pt-br\/wp-json\/wp\/v2\/users\/2"}],"replies":[{"embeddable":true,"href":"https:\/\/buddydive.com\/pt-br\/wp-json\/wp\/v2\/comments?post=31129"}],"version-history":[{"count":3,"href":"https:\/\/buddydive.com\/pt-br\/wp-json\/wp\/v2\/pages\/31129\/revisions"}],"predecessor-version":[{"id":33197,"href":"https:\/\/buddydive.com\/pt-br\/wp-json\/wp\/v2\/pages\/31129\/revisions\/33197"}],"wp:attachment":[{"href":"https:\/\/buddydive.com\/pt-br\/wp-json\/wp\/v2\/media?parent=31129"}],"curies":[{"name":"wp","href":"https:\/\/api.w.org\/{rel}","templated":true}]}}