{"id":31066,"date":"2025-05-26T14:42:00","date_gmt":"2025-05-26T14:42:00","guid":{"rendered":"https:\/\/buddydive.com\/oferta-de-mergulho-embarcado\/"},"modified":"2026-02-03T11:51:24","modified_gmt":"2026-02-03T11:51:24","slug":"oferta-de-mergulho-embarcado","status":"publish","type":"page","link":"https:\/\/buddydive.com\/pt-br\/oferta-de-mergulho-embarcado\/","title":{"rendered":"Oferta de mergulho embarcado"},"content":{"rendered":"<div class=\"wpb-content-wrapper\">[vc_row][vc_column][vc_empty_space][\/vc_column][vc_column width=&#8221;1\/2&#8243;][vc_single_image image=&#8221;31069&#8243; img_size=&#8221;full&#8221;][\/vc_column][vc_column width=&#8221;1\/2&#8243;][vc_column_text]\n<h1 style=\"text-align: center;\">Oferta de mergulho embarcado<\/h1>\n<p style=\"text-align: center;\" data-sourcepos=\"3:1-3:122\">Obtenha 3 mergulhos embarcados de 1 tanque GRATUITOS ao reservar um pacote de mergulho embarcado! Explore os incr\u00edveis recifes de Bonaire a um pre\u00e7o reduzido.<\/p>\n<p style=\"text-align: center;\" data-sourcepos=\"5:1-5:64\"><strong>Oferta por tempo limitado:<\/strong> V\u00e1lida para reservas at\u00e9 5 de julho de 2024.<\/p>\n<p style=\"text-align: center;\" data-sourcepos=\"5:1-5:64\">N\u00e3o perca esta oportunidade de vivenciar aventuras subaqu\u00e1ticas inesquec\u00edveis! Reserve seu pacote de mergulho embarcado Buddy Dive hoje mesmo!<\/p>\n<p style=\"text-align: center;\"> <span style=\"color: #ff6600;\">Utilize o c\u00f3digo promocional:<\/span> <strong><span style=\"color: #ff6600;\">BOATDIVE<\/span><\/strong><\/p>\n<p><u><span lang=\"en-US\">Termos e condi\u00e7\u00f5es:<\/span><\/u><\/p>\n<ul>\n<li><span lang=\"en-US\">Para reservas com datas de viagem at\u00e9 5 de julho de 2024.<\/span><\/li>\n<li><span lang=\"en-US\">Reserv\u00e1vel em combina\u00e7\u00e3o com todos os pacotes completos de mergulho embarcado.<\/span><\/li>\n<li><span lang=\"en-US\">N\u00e3o acumul\u00e1vel com outras ofertas especiais ou promo\u00e7\u00f5es.<\/span><\/li>\n<li><span lang=\"en-US\">V\u00e1lido apenas para novas reservas.<\/span><\/li>\n<li><span lang=\"en-US\">Ao reservar o pacote Drive &amp; Dive com 6 mergulhos embarcados; os 3 mergulhos embarcados ser\u00e3o adicionais.<\/span><\/li>\n<li><span lang=\"en-US\">Ao reservar o pacote de 12 mergulhos embarcados; 3 mergulhos embarcados ser\u00e3o deduzidos do pre\u00e7o do pacote como desconto.<\/span><\/li>\n<\/ul>\n[\/vc_column_text][\/vc_column][\/vc_row][vc_row][vc_column][\/vc_column][\/vc_row][vc_row][vc_column][vc_images_carousel images=&#8221;21372,31740,31747,31258,8209&#8243; slides_per_view=&#8221;4&#8243; wrap=&#8221;yes&#8221;][\/vc_column][\/vc_row][vc_row][vc_column][\/vc_column][\/vc_row]\n<\/div>","protected":false},"excerpt":{"rendered":"<p>[vc_row][vc_column][vc_empty_space][\/vc_column][vc_column width=&#8221;1\/2&#8243;][vc_single_image image=&#8221;31069&#8243; img_size=&#8221;full&#8221;][\/vc_column][vc_column width=&#8221;1\/2&#8243;][vc_column_text] Oferta de mergulho embarcado Obtenha 3 mergulhos embarcados de 1 tanque GRATUITOS ao reservar um [&hellip;]<\/p>\n","protected":false},"author":2,"featured_media":0,"parent":0,"menu_order":0,"comment_status":"closed","ping_status":"closed","template":"","meta":{"footnotes":""},"class_list":["post-31066","page","type-page","status-publish","hentry"],"yoast_head":"<!-- This site is optimized with the Yoast SEO plugin v27.4 - https:\/\/yoast.com\/product\/yoast-seo-wordpress\/ -->\n<title>Oferta de mergulho embarcado - Buddy Dive Bonaire<\/title>\n<meta name=\"description\" content=\"Oferta de mergulho embarcado - Obtenha 3 mergulhos embarcados de 1 tanque GRATUITOS ao reservar um pacote de mergulho embarcado! Explore os incr\u00edveis recifes de Bonaire a um pre\u00e7o reduzido.\" \/>\n<meta name=\"robots\" content=\"index, follow, max-snippet:-1, max-image-preview:large, max-video-preview:-1\" \/>\n<link rel=\"canonical\" href=\"https:\/\/buddydive.com\/pt-br\/oferta-de-mergulho-embarcado\/\" \/>\n<meta property=\"og:locale\" content=\"pt_BR\" \/>\n<meta property=\"og:type\" content=\"article\" \/>\n<meta property=\"og:title\" content=\"Oferta de mergulho embarcado - Buddy Dive Bonaire\" \/>\n<meta property=\"og:description\" content=\"Oferta de mergulho embarcado - Obtenha 3 mergulhos embarcados de 1 tanque GRATUITOS ao reservar um pacote de mergulho embarcado! Explore os incr\u00edveis recifes de Bonaire a um pre\u00e7o reduzido.\" \/>\n<meta property=\"og:url\" content=\"https:\/\/buddydive.com\/pt-br\/oferta-de-mergulho-embarcado\/\" \/>\n<meta property=\"og:site_name\" content=\"Buddy Dive Bonaire\" \/>\n<meta property=\"article:publisher\" content=\"https:\/\/www.facebook.com\/buddydiveresort\" \/>\n<meta property=\"article:modified_time\" content=\"2026-02-03T11:51:24+00:00\" \/>\n<meta name=\"twitter:card\" content=\"summary_large_image\" \/>\n<meta name=\"twitter:site\" content=\"@buddydive\" \/>\n<meta name=\"twitter:label1\" content=\"Est. tempo de leitura\" \/>\n\t<meta name=\"twitter:data1\" content=\"1 minuto\" \/>\n<script type=\"application\/ld+json\" class=\"yoast-schema-graph\">{\"@context\":\"https:\\\/\\\/schema.org\",\"@graph\":[{\"@type\":\"WebPage\",\"@id\":\"https:\\\/\\\/buddydive.com\\\/pt-br\\\/oferta-de-mergulho-embarcado\\\/\",\"url\":\"https:\\\/\\\/buddydive.com\\\/pt-br\\\/oferta-de-mergulho-embarcado\\\/\",\"name\":\"Oferta de mergulho embarcado - Buddy Dive Bonaire\",\"isPartOf\":{\"@id\":\"https:\\\/\\\/buddydive.com\\\/pt-br\\\/#website\"},\"datePublished\":\"2025-05-26T14:42:00+00:00\",\"dateModified\":\"2026-02-03T11:51:24+00:00\",\"description\":\"Oferta de mergulho embarcado - Obtenha 3 mergulhos embarcados de 1 tanque GRATUITOS ao reservar um pacote de mergulho embarcado! Explore os incr\u00edveis recifes de Bonaire a um pre\u00e7o reduzido.\",\"breadcrumb\":{\"@id\":\"https:\\\/\\\/buddydive.com\\\/pt-br\\\/oferta-de-mergulho-embarcado\\\/#breadcrumb\"},\"inLanguage\":\"pt-BR\",\"potentialAction\":[{\"@type\":\"ReadAction\",\"target\":[\"https:\\\/\\\/buddydive.com\\\/pt-br\\\/oferta-de-mergulho-embarcado\\\/\"]}]},{\"@type\":\"BreadcrumbList\",\"@id\":\"https:\\\/\\\/buddydive.com\\\/pt-br\\\/oferta-de-mergulho-embarcado\\\/#breadcrumb\",\"itemListElement\":[{\"@type\":\"ListItem\",\"position\":1,\"name\":\"Home\",\"item\":\"https:\\\/\\\/buddydive.com\\\/pt-br\\\/inicio\\\/\"},{\"@type\":\"ListItem\",\"position\":2,\"name\":\"Oferta de mergulho embarcado\"}]},{\"@type\":\"WebSite\",\"@id\":\"https:\\\/\\\/buddydive.com\\\/pt-br\\\/#website\",\"url\":\"https:\\\/\\\/buddydive.com\\\/pt-br\\\/\",\"name\":\"Buddy Dive Bonaire\",\"description\":\"My WordPress Blog\",\"potentialAction\":[{\"@type\":\"SearchAction\",\"target\":{\"@type\":\"EntryPoint\",\"urlTemplate\":\"https:\\\/\\\/buddydive.com\\\/pt-br\\\/?s={search_term_string}\"},\"query-input\":{\"@type\":\"PropertyValueSpecification\",\"valueRequired\":true,\"valueName\":\"search_term_string\"}}],\"inLanguage\":\"pt-BR\"}]}<\/script>\n<!-- \/ Yoast SEO plugin. -->","yoast_head_json":{"title":"Oferta de mergulho embarcado - Buddy Dive Bonaire","description":"Oferta de mergulho embarcado - Obtenha 3 mergulhos embarcados de 1 tanque GRATUITOS ao reservar um pacote de mergulho embarcado! Explore os incr\u00edveis recifes de Bonaire a um pre\u00e7o reduzido.","robots":{"index":"index","follow":"follow","max-snippet":"max-snippet:-1","max-image-preview":"max-image-preview:large","max-video-preview":"max-video-preview:-1"},"canonical":"https:\/\/buddydive.com\/pt-br\/oferta-de-mergulho-embarcado\/","og_locale":"pt_BR","og_type":"article","og_title":"Oferta de mergulho embarcado - Buddy Dive Bonaire","og_description":"Oferta de mergulho embarcado - Obtenha 3 mergulhos embarcados de 1 tanque GRATUITOS ao reservar um pacote de mergulho embarcado! Explore os incr\u00edveis recifes de Bonaire a um pre\u00e7o reduzido.","og_url":"https:\/\/buddydive.com\/pt-br\/oferta-de-mergulho-embarcado\/","og_site_name":"Buddy Dive Bonaire","article_publisher":"https:\/\/www.facebook.com\/buddydiveresort","article_modified_time":"2026-02-03T11:51:24+00:00","twitter_card":"summary_large_image","twitter_site":"@buddydive","twitter_misc":{"Est. tempo de leitura":"1 minuto"},"schema":{"@context":"https:\/\/schema.org","@graph":[{"@type":"WebPage","@id":"https:\/\/buddydive.com\/pt-br\/oferta-de-mergulho-embarcado\/","url":"https:\/\/buddydive.com\/pt-br\/oferta-de-mergulho-embarcado\/","name":"Oferta de mergulho embarcado - Buddy Dive Bonaire","isPartOf":{"@id":"https:\/\/buddydive.com\/pt-br\/#website"},"datePublished":"2025-05-26T14:42:00+00:00","dateModified":"2026-02-03T11:51:24+00:00","description":"Oferta de mergulho embarcado - Obtenha 3 mergulhos embarcados de 1 tanque GRATUITOS ao reservar um pacote de mergulho embarcado! Explore os incr\u00edveis recifes de Bonaire a um pre\u00e7o reduzido.","breadcrumb":{"@id":"https:\/\/buddydive.com\/pt-br\/oferta-de-mergulho-embarcado\/#breadcrumb"},"inLanguage":"pt-BR","potentialAction":[{"@type":"ReadAction","target":["https:\/\/buddydive.com\/pt-br\/oferta-de-mergulho-embarcado\/"]}]},{"@type":"BreadcrumbList","@id":"https:\/\/buddydive.com\/pt-br\/oferta-de-mergulho-embarcado\/#breadcrumb","itemListElement":[{"@type":"ListItem","position":1,"name":"Home","item":"https:\/\/buddydive.com\/pt-br\/inicio\/"},{"@type":"ListItem","position":2,"name":"Oferta de mergulho embarcado"}]},{"@type":"WebSite","@id":"https:\/\/buddydive.com\/pt-br\/#website","url":"https:\/\/buddydive.com\/pt-br\/","name":"Buddy Dive Bonaire","description":"My WordPress Blog","potentialAction":[{"@type":"SearchAction","target":{"@type":"EntryPoint","urlTemplate":"https:\/\/buddydive.com\/pt-br\/?s={search_term_string}"},"query-input":{"@type":"PropertyValueSpecification","valueRequired":true,"valueName":"search_term_string"}}],"inLanguage":"pt-BR"}]}},"_links":{"self":[{"href":"https:\/\/buddydive.com\/pt-br\/wp-json\/wp\/v2\/pages\/31066","targetHints":{"allow":["GET"]}}],"collection":[{"href":"https:\/\/buddydive.com\/pt-br\/wp-json\/wp\/v2\/pages"}],"about":[{"href":"https:\/\/buddydive.com\/pt-br\/wp-json\/wp\/v2\/types\/page"}],"author":[{"embeddable":true,"href":"https:\/\/buddydive.com\/pt-br\/wp-json\/wp\/v2\/users\/2"}],"replies":[{"embeddable":true,"href":"https:\/\/buddydive.com\/pt-br\/wp-json\/wp\/v2\/comments?post=31066"}],"version-history":[{"count":6,"href":"https:\/\/buddydive.com\/pt-br\/wp-json\/wp\/v2\/pages\/31066\/revisions"}],"predecessor-version":[{"id":36555,"href":"https:\/\/buddydive.com\/pt-br\/wp-json\/wp\/v2\/pages\/31066\/revisions\/36555"}],"wp:attachment":[{"href":"https:\/\/buddydive.com\/pt-br\/wp-json\/wp\/v2\/media?parent=31066"}],"curies":[{"name":"wp","href":"https:\/\/api.w.org\/{rel}","templated":true}]}}