{"id":5286,"date":"2020-01-09T21:06:12","date_gmt":"2020-01-09T21:06:12","guid":{"rendered":"https:\/\/buddydive.com\/?page_id=5286"},"modified":"2026-02-09T17:09:03","modified_gmt":"2026-02-09T17:09:03","slug":"kustduiken","status":"publish","type":"page","link":"https:\/\/buddydive.com\/nl\/duiken\/kustduiken\/","title":{"rendered":"Kustduiken"},"content":{"rendered":"<div class=\"wpb-content-wrapper\">[vc_row][vc_column width=&#8221;1\/2&#8243;][vc_column_text]\n<h1 class=\"text-uppercase\" style=\"text-align: center;\"><small>Shore diving hoofdstad van de wereld;<\/small> Bonaire<\/h1>\n<p>Met maar liefst 60 officieel geregistreerde duiklocaties op Bonaire, waarvan de meeste gemakkelijk toegankelijk zijn vanaf de kust, staat het eiland bekend als de Shore Diving Hoofdstad van de Wereld!<\/p>\n<p>De zee rond Bonaire wemelt van het prachtige zeeleven en een fascinerende verscheidenheid aan veelkleurige tropische vissen, er is veel te zien tijdens het duiken op Bonaire. De zee is opmerkelijk kalm en de omstandigheden zijn uitstekend voor zowel scubaduiken als snorkelen.<br \/>\nGemiddeld is het zicht tijdens het duiken op Bonaire meer dan 30 meter en onze gemiddelde watertemperatuur is 28\u00b0C. Het rifrand begint dicht bij de kust, meestal een korte zwemtocht van 10 meter of minder, waardoor Bonaire wereldberoemd is om zijn gemakkelijke shore diving.<br \/>\nDe wateren van Bonaire bieden iets speciaals voor elke duiker. Beginnende duikers zullen de kalme wateren, riffen die parallel aan de kust lopen, en minimale stromingen tijdens het duiken op Bonaire waarderen. Deze omstandigheden maken het een ideale locatie om echt te werken aan het verbeteren van je drijfvaardigheden! Het ondiepe aflopende gebied van de rifhelling met een overvloed aan zeeleven, zorgt voor een maximale bodemtijd terwijl nieuwe duikers de kans krijgen om een niveau van comfort en vertrouwen te ontwikkelen in hun nieuw geleerde vaardigheden.     <\/p>\n<p>Om ons te helpen onze riffen nog vele jaren gezond te houden, moedigen we alle duikers die naar Bonaire reizen aan om zich voor hun bezoek vertrouwd te maken met de Marine Park regelgeving.[\/vc_column_text][\/vc_column][vc_column width=&#8221;1\/2&#8243;][vc_gallery images=&#8221;5293,5291,5290,5289&#8243; img_size=&#8221;medium&#8221; columns=&#8221;2&#8243; masonry=&#8221;fitRows&#8221;][\/vc_column][\/vc_row][vc_row][vc_column width=&#8221;1\/2&#8243;][vc_video link=&#8221;https:\/\/www.youtube.com\/watch?v=SoOfcxUtPzE&amp;t=2s&#8221;][\/vc_column][vc_column width=&#8221;1\/2&#8243;][vc_column_text css=&#8221;&#8221;]\n<h2 class=\"text-uppercase\" style=\"text-align: center;\"><small>Haal het meeste uit je duik met een<\/small> priv\u00e9 duikgids<\/h2>\n<p>Ben je een fervent shore duiker en wil je het een stapje hoger tillen, of heb je gewoon een ervaren Dive Master nodig die actief kan helpen bij uitrusting voorbereiding, shore entry technieken en ja, wat leuke diertjes kan aanwijzen?<\/p>\n<p>Bij Buddy Dive bieden we priv\u00e9 duikgids diensten aan. Of het nu dag of nacht is, we bieden een priv\u00e9 duikgids om je te vergezellen. De priv\u00e9 duikgids service kan worden afgestemd op je ervaring, comfort niveau en andere wensen.  <\/p>\n<p>De priv\u00e9 duikgids service biedt je flexibele schema&#8217;s en kan geboekt worden voor alleen jou en je buddy of voor de hele familie en helpt je het meeste uit je duikvakantie te halen.<\/p>\n<p>Bonaire heeft unieke omstandigheden voor shore diving; kalme zee\u00ebn en over het algemeen gemakkelijke toegang. We hebben een paar duiklocaties geselecteerd die ideaal zijn om te duiken met je priv\u00e9 duikgids; ofwel omdat de zee-ingang wat lastiger is of omdat de locatie enkele unieke onderwaterkenmerken biedt. <\/p>\n<p>Wij zijn het shore diving wonderland van de wereld!<\/p>\n<p>Je priv\u00e9 duikgids laat je graag onze prachtige onderwaterwereld zien. Voor priv\u00e9 duikgids prijzen, klik hieronder:[\/vc_column_text][vc_btn title=&#8221;Bekijk prijzen&#8221; align=&#8221;center&#8221; css=&#8221;&#8221; link=&#8221;url:https%3A%2F%2Fbuddydive.com%2Fnl%2Fduiken%2Fduikcursussen%2F%231727964320831-46dc7031-94bc|target:_blank|&#8221;][\/vc_column][\/vc_row][vc_row][vc_column][\/vc_column][\/vc_row][vc_row][vc_column][\/vc_column][\/vc_row]\n<\/div>","protected":false},"excerpt":{"rendered":"<p>[vc_row][vc_column width=&#8221;1\/2&#8243;][vc_column_text] Shore diving hoofdstad van de wereld; Bonaire Met maar liefst 60 officieel geregistreerde duiklocaties op Bonaire, waarvan de [&hellip;]<\/p>\n","protected":false},"author":1,"featured_media":0,"parent":4359,"menu_order":0,"comment_status":"closed","ping_status":"closed","template":"","meta":{"footnotes":""},"class_list":["post-5286","page","type-page","status-publish","hentry"],"yoast_head":"<!-- This site is optimized with the Yoast SEO plugin v27.4 - https:\/\/yoast.com\/product\/yoast-seo-wordpress\/ -->\n<title>Shore Diving op Bonaire<\/title>\n<meta name=\"description\" content=\"Met maar liefst zestig officieel geregistreerde duikplekken op Bonaire staat het eiland bekend als de Kustduikhoofstad van de wereld!\" \/>\n<meta name=\"robots\" content=\"index, follow, max-snippet:-1, max-image-preview:large, max-video-preview:-1\" \/>\n<link rel=\"canonical\" href=\"https:\/\/buddydive.com\/nl\/duiken\/kustduiken\/\" \/>\n<meta property=\"og:locale\" content=\"nl_NL\" \/>\n<meta property=\"og:type\" content=\"article\" \/>\n<meta property=\"og:title\" content=\"Shore Diving op Bonaire\" \/>\n<meta property=\"og:description\" content=\"Met maar liefst zestig officieel geregistreerde duikplekken op Bonaire staat het eiland bekend als de Kustduikhoofstad van de wereld!\" \/>\n<meta property=\"og:url\" content=\"https:\/\/buddydive.com\/nl\/duiken\/kustduiken\/\" \/>\n<meta property=\"og:site_name\" content=\"Buddy Dive Bonaire\" \/>\n<meta property=\"article:publisher\" content=\"https:\/\/www.facebook.com\/buddydiveresort\" \/>\n<meta property=\"article:modified_time\" content=\"2026-02-09T17:09:03+00:00\" \/>\n<meta name=\"twitter:card\" content=\"summary_large_image\" \/>\n<meta name=\"twitter:site\" content=\"@buddydive\" \/>\n<meta name=\"twitter:label1\" content=\"Geschatte leestijd\" \/>\n\t<meta name=\"twitter:data1\" content=\"3 minuten\" \/>\n<script type=\"application\/ld+json\" class=\"yoast-schema-graph\">{\"@context\":\"https:\\\/\\\/schema.org\",\"@graph\":[{\"@type\":\"WebPage\",\"@id\":\"https:\\\/\\\/buddydive.com\\\/nl\\\/duiken\\\/kustduiken\\\/\",\"url\":\"https:\\\/\\\/buddydive.com\\\/nl\\\/duiken\\\/kustduiken\\\/\",\"name\":\"Shore Diving op Bonaire\",\"isPartOf\":{\"@id\":\"https:\\\/\\\/buddydive.com\\\/nl\\\/#website\"},\"datePublished\":\"2020-01-09T21:06:12+00:00\",\"dateModified\":\"2026-02-09T17:09:03+00:00\",\"description\":\"Met maar liefst zestig officieel geregistreerde duikplekken op Bonaire staat het eiland bekend als de Kustduikhoofstad van de wereld!\",\"breadcrumb\":{\"@id\":\"https:\\\/\\\/buddydive.com\\\/nl\\\/duiken\\\/kustduiken\\\/#breadcrumb\"},\"inLanguage\":\"nl-NL\",\"potentialAction\":[{\"@type\":\"ReadAction\",\"target\":[\"https:\\\/\\\/buddydive.com\\\/nl\\\/duiken\\\/kustduiken\\\/\"]}]},{\"@type\":\"BreadcrumbList\",\"@id\":\"https:\\\/\\\/buddydive.com\\\/nl\\\/duiken\\\/kustduiken\\\/#breadcrumb\",\"itemListElement\":[{\"@type\":\"ListItem\",\"position\":1,\"name\":\"Home\",\"item\":\"https:\\\/\\\/buddydive.com\\\/nl\\\/sample-page-2\\\/\"},{\"@type\":\"ListItem\",\"position\":2,\"name\":\"Duiken\",\"item\":\"https:\\\/\\\/buddydive.com\\\/nl\\\/diving\\\/\"},{\"@type\":\"ListItem\",\"position\":3,\"name\":\"Kustduiken\"}]},{\"@type\":\"WebSite\",\"@id\":\"https:\\\/\\\/buddydive.com\\\/nl\\\/#website\",\"url\":\"https:\\\/\\\/buddydive.com\\\/nl\\\/\",\"name\":\"Buddy Dive Bonaire\",\"description\":\"My WordPress Blog\",\"potentialAction\":[{\"@type\":\"SearchAction\",\"target\":{\"@type\":\"EntryPoint\",\"urlTemplate\":\"https:\\\/\\\/buddydive.com\\\/nl\\\/?s={search_term_string}\"},\"query-input\":{\"@type\":\"PropertyValueSpecification\",\"valueRequired\":true,\"valueName\":\"search_term_string\"}}],\"inLanguage\":\"nl-NL\"}]}<\/script>\n<!-- \/ Yoast SEO plugin. -->","yoast_head_json":{"title":"Shore Diving op Bonaire","description":"Met maar liefst zestig officieel geregistreerde duikplekken op Bonaire staat het eiland bekend als de Kustduikhoofstad van de wereld!","robots":{"index":"index","follow":"follow","max-snippet":"max-snippet:-1","max-image-preview":"max-image-preview:large","max-video-preview":"max-video-preview:-1"},"canonical":"https:\/\/buddydive.com\/nl\/duiken\/kustduiken\/","og_locale":"nl_NL","og_type":"article","og_title":"Shore Diving op Bonaire","og_description":"Met maar liefst zestig officieel geregistreerde duikplekken op Bonaire staat het eiland bekend als de Kustduikhoofstad van de wereld!","og_url":"https:\/\/buddydive.com\/nl\/duiken\/kustduiken\/","og_site_name":"Buddy Dive Bonaire","article_publisher":"https:\/\/www.facebook.com\/buddydiveresort","article_modified_time":"2026-02-09T17:09:03+00:00","twitter_card":"summary_large_image","twitter_site":"@buddydive","twitter_misc":{"Geschatte leestijd":"3 minuten"},"schema":{"@context":"https:\/\/schema.org","@graph":[{"@type":"WebPage","@id":"https:\/\/buddydive.com\/nl\/duiken\/kustduiken\/","url":"https:\/\/buddydive.com\/nl\/duiken\/kustduiken\/","name":"Shore Diving op Bonaire","isPartOf":{"@id":"https:\/\/buddydive.com\/nl\/#website"},"datePublished":"2020-01-09T21:06:12+00:00","dateModified":"2026-02-09T17:09:03+00:00","description":"Met maar liefst zestig officieel geregistreerde duikplekken op Bonaire staat het eiland bekend als de Kustduikhoofstad van de wereld!","breadcrumb":{"@id":"https:\/\/buddydive.com\/nl\/duiken\/kustduiken\/#breadcrumb"},"inLanguage":"nl-NL","potentialAction":[{"@type":"ReadAction","target":["https:\/\/buddydive.com\/nl\/duiken\/kustduiken\/"]}]},{"@type":"BreadcrumbList","@id":"https:\/\/buddydive.com\/nl\/duiken\/kustduiken\/#breadcrumb","itemListElement":[{"@type":"ListItem","position":1,"name":"Home","item":"https:\/\/buddydive.com\/nl\/sample-page-2\/"},{"@type":"ListItem","position":2,"name":"Duiken","item":"https:\/\/buddydive.com\/nl\/diving\/"},{"@type":"ListItem","position":3,"name":"Kustduiken"}]},{"@type":"WebSite","@id":"https:\/\/buddydive.com\/nl\/#website","url":"https:\/\/buddydive.com\/nl\/","name":"Buddy Dive Bonaire","description":"My WordPress Blog","potentialAction":[{"@type":"SearchAction","target":{"@type":"EntryPoint","urlTemplate":"https:\/\/buddydive.com\/nl\/?s={search_term_string}"},"query-input":{"@type":"PropertyValueSpecification","valueRequired":true,"valueName":"search_term_string"}}],"inLanguage":"nl-NL"}]}},"_links":{"self":[{"href":"https:\/\/buddydive.com\/nl\/wp-json\/wp\/v2\/pages\/5286","targetHints":{"allow":["GET"]}}],"collection":[{"href":"https:\/\/buddydive.com\/nl\/wp-json\/wp\/v2\/pages"}],"about":[{"href":"https:\/\/buddydive.com\/nl\/wp-json\/wp\/v2\/types\/page"}],"author":[{"embeddable":true,"href":"https:\/\/buddydive.com\/nl\/wp-json\/wp\/v2\/users\/1"}],"replies":[{"embeddable":true,"href":"https:\/\/buddydive.com\/nl\/wp-json\/wp\/v2\/comments?post=5286"}],"version-history":[{"count":19,"href":"https:\/\/buddydive.com\/nl\/wp-json\/wp\/v2\/pages\/5286\/revisions"}],"predecessor-version":[{"id":36826,"href":"https:\/\/buddydive.com\/nl\/wp-json\/wp\/v2\/pages\/5286\/revisions\/36826"}],"up":[{"embeddable":true,"href":"https:\/\/buddydive.com\/nl\/wp-json\/wp\/v2\/pages\/4359"}],"wp:attachment":[{"href":"https:\/\/buddydive.com\/nl\/wp-json\/wp\/v2\/media?parent=5286"}],"curies":[{"name":"wp","href":"https:\/\/api.w.org\/{rel}","templated":true}]}}