{"id":37076,"date":"2026-02-19T14:25:24","date_gmt":"2026-02-19T14:25:24","guid":{"rendered":"https:\/\/buddydive.com\/?page_id=37076"},"modified":"2026-02-19T14:33:20","modified_gmt":"2026-02-19T14:33:20","slug":"resort","status":"publish","type":"page","link":"https:\/\/buddydive.com\/es\/resort\/","title":{"rendered":"Resort"},"content":{"rendered":"<div class=\"wpb-content-wrapper\">[vc_row][vc_column][vc_column_text]\n<h1 class=\"text-uppercase\" style=\"text-align: left;\">Buddy Dive Resort Bonaire<\/h1>\n<p>Buddy Dive est\u00e1 situado en primera l\u00ednea de mar, al norte de la ciudad, a solo unos pasos del oc\u00e9ano cristalino y de sus numerosos puntos de buceo. El resort cuenta con siete edificios con amplios estudios y apartamentos de uno, dos y tres dormitorios, un centro de buceo con servicio completo, dos piscinas, dos restaurantes, alquiler de veh\u00edculos y nuestra famosa estaci\u00f3n de recarga drive-thru. Tanto si viajas solo, en pareja, con amigos y familia o con todo un grupo de compa\u00f1eros de buceo, tendremos el alojamiento adecuado para ti. Dise\u00f1ado pensando en personas activas, Buddy Dive sabe exactamente qu\u00e9 se necesita para que los hu\u00e9spedes est\u00e9n c\u00f3modos tanto durante su ajetreado d\u00eda de buceo y exploraci\u00f3n como despu\u00e9s.   <\/p>\n<p>Para tomar el sol en un lugar con las mejores vistas, no hay nada mejor que nuestras zonas elevadas de playa de arena con vistas a las aguas claras y turquesas del Caribe. Una corta escalera ofrece un acceso f\u00e1cil al tranquilo oc\u00e9ano de abajo, ideal para hacer snorkel y nadar. <\/p>\n<p>El tama\u00f1o \u00edntimo del resort y sus impresionantes vistas lo convierten en el entorno ideal para celebrar esas ocasiones especiales, como bodas, lunas de miel y aniversarios. O para disfrutar de los placeres m\u00e1s sencillos de la vida mientras contemplas una puesta de sol de un rojo intenso o la salida de la luna en un cielo despejado. <\/p>\n<p>\u00a1La familia Van der Valk te dar\u00e1 una c\u00e1lida bienvenida![\/vc_column_text][vc_gallery images=\u00bb37080,37081,37079&#8243; img_size=\u00bbmedium\u00bb columns=\u00bb3&#8243;][\/vc_column][\/vc_row][vc_row][vc_column][\/vc_column][\/vc_row]\n<\/div>","protected":false},"excerpt":{"rendered":"<p>[vc_row][vc_column][vc_column_text] Buddy Dive Resort Bonaire Buddy Dive est\u00e1 situado en primera l\u00ednea de mar, al norte de la ciudad, a [&hellip;]<\/p>\n","protected":false},"author":1,"featured_media":0,"parent":0,"menu_order":0,"comment_status":"open","ping_status":"open","template":"page-templates\/page-left.php","meta":{"footnotes":""},"class_list":["post-37076","page","type-page","status-publish","hentry"],"yoast_head":"<!-- This site is optimized with the Yoast SEO plugin v27.4 - https:\/\/yoast.com\/product\/yoast-seo-wordpress\/ -->\n<title>Buddy Dive Resort Bonaire<\/title>\n<meta name=\"description\" content=\"Buddy Dive est\u00e1 situado en primera l\u00ednea de mar, al norte de la ciudad, a solo unos pasos del oc\u00e9ano cristalino y de sus numerosos puntos de buceo.\" \/>\n<meta name=\"robots\" content=\"index, follow, max-snippet:-1, max-image-preview:large, max-video-preview:-1\" \/>\n<link rel=\"canonical\" href=\"https:\/\/buddydive.com\/es\/resort\/\" \/>\n<meta property=\"og:locale\" content=\"es_ES\" \/>\n<meta property=\"og:type\" content=\"article\" \/>\n<meta property=\"og:title\" content=\"Buddy Dive Resort Bonaire\" \/>\n<meta property=\"og:description\" content=\"Buddy Dive est\u00e1 situado en primera l\u00ednea de mar, al norte de la ciudad, a solo unos pasos del oc\u00e9ano cristalino y de sus numerosos puntos de buceo.\" \/>\n<meta property=\"og:url\" content=\"https:\/\/buddydive.com\/es\/resort\/\" \/>\n<meta property=\"og:site_name\" content=\"Buddy Dive Bonaire\" \/>\n<meta property=\"article:publisher\" content=\"https:\/\/www.facebook.com\/buddydiveresort\" \/>\n<meta property=\"article:modified_time\" content=\"2026-02-19T14:33:20+00:00\" \/>\n<meta name=\"twitter:card\" content=\"summary_large_image\" \/>\n<meta name=\"twitter:site\" content=\"@buddydive\" \/>\n<meta name=\"twitter:label1\" content=\"Tiempo de lectura\" \/>\n\t<meta name=\"twitter:data1\" content=\"1 minuto\" \/>\n<script type=\"application\/ld+json\" class=\"yoast-schema-graph\">{\"@context\":\"https:\\\/\\\/schema.org\",\"@graph\":[{\"@type\":\"WebPage\",\"@id\":\"https:\\\/\\\/buddydive.com\\\/es\\\/resort\\\/\",\"url\":\"https:\\\/\\\/buddydive.com\\\/es\\\/resort\\\/\",\"name\":\"Buddy Dive Resort Bonaire\",\"isPartOf\":{\"@id\":\"https:\\\/\\\/buddydive.com\\\/es\\\/#website\"},\"datePublished\":\"2026-02-19T14:25:24+00:00\",\"dateModified\":\"2026-02-19T14:33:20+00:00\",\"description\":\"Buddy Dive est\u00e1 situado en primera l\u00ednea de mar, al norte de la ciudad, a solo unos pasos del oc\u00e9ano cristalino y de sus numerosos puntos de buceo.\",\"breadcrumb\":{\"@id\":\"https:\\\/\\\/buddydive.com\\\/es\\\/resort\\\/#breadcrumb\"},\"inLanguage\":\"es\",\"potentialAction\":[{\"@type\":\"ReadAction\",\"target\":[\"https:\\\/\\\/buddydive.com\\\/es\\\/resort\\\/\"]}]},{\"@type\":\"BreadcrumbList\",\"@id\":\"https:\\\/\\\/buddydive.com\\\/es\\\/resort\\\/#breadcrumb\",\"itemListElement\":[{\"@type\":\"ListItem\",\"position\":1,\"name\":\"Home\",\"item\":\"https:\\\/\\\/buddydive.com\\\/es\\\/\"},{\"@type\":\"ListItem\",\"position\":2,\"name\":\"Resort\"}]},{\"@type\":\"WebSite\",\"@id\":\"https:\\\/\\\/buddydive.com\\\/es\\\/#website\",\"url\":\"https:\\\/\\\/buddydive.com\\\/es\\\/\",\"name\":\"Buddy Dive Bonaire\",\"description\":\"My WordPress Blog\",\"potentialAction\":[{\"@type\":\"SearchAction\",\"target\":{\"@type\":\"EntryPoint\",\"urlTemplate\":\"https:\\\/\\\/buddydive.com\\\/es\\\/?s={search_term_string}\"},\"query-input\":{\"@type\":\"PropertyValueSpecification\",\"valueRequired\":true,\"valueName\":\"search_term_string\"}}],\"inLanguage\":\"es\"}]}<\/script>\n<!-- \/ Yoast SEO plugin. -->","yoast_head_json":{"title":"Buddy Dive Resort Bonaire","description":"Buddy Dive est\u00e1 situado en primera l\u00ednea de mar, al norte de la ciudad, a solo unos pasos del oc\u00e9ano cristalino y de sus numerosos puntos de buceo.","robots":{"index":"index","follow":"follow","max-snippet":"max-snippet:-1","max-image-preview":"max-image-preview:large","max-video-preview":"max-video-preview:-1"},"canonical":"https:\/\/buddydive.com\/es\/resort\/","og_locale":"es_ES","og_type":"article","og_title":"Buddy Dive Resort Bonaire","og_description":"Buddy Dive est\u00e1 situado en primera l\u00ednea de mar, al norte de la ciudad, a solo unos pasos del oc\u00e9ano cristalino y de sus numerosos puntos de buceo.","og_url":"https:\/\/buddydive.com\/es\/resort\/","og_site_name":"Buddy Dive Bonaire","article_publisher":"https:\/\/www.facebook.com\/buddydiveresort","article_modified_time":"2026-02-19T14:33:20+00:00","twitter_card":"summary_large_image","twitter_site":"@buddydive","twitter_misc":{"Tiempo de lectura":"1 minuto"},"schema":{"@context":"https:\/\/schema.org","@graph":[{"@type":"WebPage","@id":"https:\/\/buddydive.com\/es\/resort\/","url":"https:\/\/buddydive.com\/es\/resort\/","name":"Buddy Dive Resort Bonaire","isPartOf":{"@id":"https:\/\/buddydive.com\/es\/#website"},"datePublished":"2026-02-19T14:25:24+00:00","dateModified":"2026-02-19T14:33:20+00:00","description":"Buddy Dive est\u00e1 situado en primera l\u00ednea de mar, al norte de la ciudad, a solo unos pasos del oc\u00e9ano cristalino y de sus numerosos puntos de buceo.","breadcrumb":{"@id":"https:\/\/buddydive.com\/es\/resort\/#breadcrumb"},"inLanguage":"es","potentialAction":[{"@type":"ReadAction","target":["https:\/\/buddydive.com\/es\/resort\/"]}]},{"@type":"BreadcrumbList","@id":"https:\/\/buddydive.com\/es\/resort\/#breadcrumb","itemListElement":[{"@type":"ListItem","position":1,"name":"Home","item":"https:\/\/buddydive.com\/es\/"},{"@type":"ListItem","position":2,"name":"Resort"}]},{"@type":"WebSite","@id":"https:\/\/buddydive.com\/es\/#website","url":"https:\/\/buddydive.com\/es\/","name":"Buddy Dive Bonaire","description":"My WordPress Blog","potentialAction":[{"@type":"SearchAction","target":{"@type":"EntryPoint","urlTemplate":"https:\/\/buddydive.com\/es\/?s={search_term_string}"},"query-input":{"@type":"PropertyValueSpecification","valueRequired":true,"valueName":"search_term_string"}}],"inLanguage":"es"}]}},"_links":{"self":[{"href":"https:\/\/buddydive.com\/es\/wp-json\/wp\/v2\/pages\/37076","targetHints":{"allow":["GET"]}}],"collection":[{"href":"https:\/\/buddydive.com\/es\/wp-json\/wp\/v2\/pages"}],"about":[{"href":"https:\/\/buddydive.com\/es\/wp-json\/wp\/v2\/types\/page"}],"author":[{"embeddable":true,"href":"https:\/\/buddydive.com\/es\/wp-json\/wp\/v2\/users\/1"}],"replies":[{"embeddable":true,"href":"https:\/\/buddydive.com\/es\/wp-json\/wp\/v2\/comments?post=37076"}],"version-history":[{"count":6,"href":"https:\/\/buddydive.com\/es\/wp-json\/wp\/v2\/pages\/37076\/revisions"}],"predecessor-version":[{"id":37098,"href":"https:\/\/buddydive.com\/es\/wp-json\/wp\/v2\/pages\/37076\/revisions\/37098"}],"wp:attachment":[{"href":"https:\/\/buddydive.com\/es\/wp-json\/wp\/v2\/media?parent=37076"}],"curies":[{"name":"wp","href":"https:\/\/api.w.org\/{rel}","templated":true}]}}