{"id":36585,"date":"2026-02-03T12:10:52","date_gmt":"2026-02-03T12:10:52","guid":{"rendered":"https:\/\/buddydive.com\/buddy-dive-resort-x-lorenzo-mittiga\/"},"modified":"2026-02-03T12:11:04","modified_gmt":"2026-02-03T12:11:04","slug":"buddy-dive-resort-x-lorenzo-mittiga","status":"publish","type":"page","link":"https:\/\/buddydive.com\/es\/buddy-dive-resort-x-lorenzo-mittiga\/","title":{"rendered":"Buddy Dive Resort x Lorenzo Mittiga"},"content":{"rendered":"<div class=\"wpb-content-wrapper\">[vc_row][vc_column][vc_column_text]\n<h1 class=\"text-uppercase\" style=\"text-align: center;\"><small>Talleres de fotograf\u00eda submarina con <\/small>Buddy Dive X Lorenzo Mittiga<\/h1>\n<p>\u00bfEres un apasionado de la fotograf\u00eda submarina? \u00bfO te gustar\u00eda mejorar tus habilidades en este campo? \u00a1Aprovecha esta oportunidad para aprender de los mejores!  <\/p>\n<p><a href=\"https:\/\/buddydive.com\/es\/\">Buddy Dive Resort<\/a> y el renombrado y galardonado fot\u00f3grafo submarino <a href=\"https:\/\/lorenzomittiga.com\/\">Lorenzo Mittiga<\/a> unen sus fuerzas y organizan talleres de fotograf\u00eda submarina a peque\u00f1a escala. Durante estas semanas, se ofrece un programa interesante e intensivo en el que Lorenzo compartir\u00e1 contigo sus a\u00f1os de experiencia y habilidades.<br \/>\n Cada d\u00eda hay conferencias e inmersiones con \u00e9nfasis en conocer tu sistema de c\u00e1mara personal y sacarle el m\u00e1ximo partido.[\/vc_column_text][vc_gallery images=\u00bb7713,36595,36596,36594,36597&#8243; img_size=\u00bbfull\u00bb onclick=\u00bb\u00bb columns=\u00bb5&#8243;][vc_separator][vc_column_text]\n<h2>Acerca de Lorenzo<\/h2>\n<p>Lorenzo Mittiga, de 53 a\u00f1os y originario de Italia, es uno de los fot\u00f3grafos submarinos m\u00e1s importantes del mundo. Lleva haciendo fotos submarinas desde los 15 a\u00f1os y trabaja como fot\u00f3grafo\/vide\u00f3grafo submarino desde 1996. Ha trabajado como camar\u00f3grafo submarino para Discovery Channel, SKY Tv, Universal Pictures y Walt Disney. Bucea y fotograf\u00eda por todo el mundo y tiene m\u00e1s de 6500 inmersiones profesionales.   <\/p>\n<p>Sus fotos han ganado muchos premios, entre ellos los de Smithsonian Magazine, National Geographic, Ocean Geographic Magazine, Through the lens Scuba Diving Magazine, Underwater World Shootout, The big Picture of California Science Academy y muchos otros. Gan\u00f3 el National Geographic Portfolio Review 2018 y el Ocean Geographic Photo Journalist Award of Excellence 2021. <\/p>\n<p>Recientemente fue publicado en The NY Times (justo el 6 de junio) y el 8 de junio de 2022 gan\u00f3 el OceanGeographic OGPICOTY 2022 \u201cMusic and Pictures\u201d Award of Excellence!<\/p>\n<h2>Acerca de los talleres de fotograf\u00eda submarina<\/h2>\n<p>Los talleres de Lorenzo est\u00e1n dirigidos a diferentes niveles y suelen ser intensivos; siempre intenta incluir todo lo posible. A lo largo de la semana, Lorenzo compartir\u00e1 su experiencia, orientaci\u00f3n y asistencia personal, con \u00e9nfasis en conocer tu sistema de c\u00e1mara personal y utilizarlo a su m\u00e1ximo potencial. <\/p>\n<p><strong>La semana fotogr\u00e1fica incluye:<\/strong><\/p>\n<ul>\n<li> 4 clases te\u00f3ricas (habilidades t\u00e9cnicas, uso de la luz y el flash, composici\u00f3n, postprocesado)<\/li>\n<li>Revisiones de fotos y consejos<\/li>\n<li>12 inmersiones en barco (gran angular, macro, luz natural, flashes, etc.)<\/li>\n<li>3 inmersiones en el arrecife de la casa (inmersi\u00f3n de comprobaci\u00f3n, inmersi\u00f3n de pr\u00e1ctica, inmersi\u00f3n nocturna)<\/li>\n<\/ul>\n<p><strong>Requisitos:<\/strong><\/p>\n<ul>\n<li>Equipo de c\u00e1mara submarina propio (obligatorio)<\/li>\n<li>Ordenador port\u00e1til o iPad propio para el postprocesado y las revisiones de fotos (preferiblemente con Adobe LightRoom o Photoshop instalado)<\/li>\n<li>Certificaci\u00f3n de buceo<\/li>\n<li>Buen control de la flotabilidad<\/li>\n<li><span style=\"color: #ff6600;\"><strong>Se requiere un m\u00ednimo de 2 participantes<\/strong><\/span><\/li>\n<\/ul>\n[\/vc_column_text][vc_video link=\u00bbhttps:\/\/youtu.be\/MXjTvvCAfJc\u00bb el_width=\u00bb70&#8243; align=\u00bbcenter\u00bb][vc_separator][\/vc_column][\/vc_row][vc_row][vc_column][\/vc_column][\/vc_row][vc_row][vc_column][vc_raw_js]JTNDc2NyaXB0JTIwdHlwZSUzRCUyMnRleHQlMkZqYXZhc2NyaXB0JTIyJTNFJTBBd2luZG93LlRyZW5nbyUyMCUzRCUyMHdpbmRvdy5UcmVuZ28lMjAlN0MlN0MlMjAlN0IlN0QlM0IlMEF3aW5kb3cuVHJlbmdvLmtleSUyMCUzRCUyMCUyN1E5SGI4dlBvS2VnRDFBSSUyNyUzQiUwQSUyOGZ1bmN0aW9uJTI4ZCUyQyUyMHNjcmlwdCUyQyUyMHQlMjklMjAlN0IlMEElMjAlMjAlMjAlMjBzY3JpcHQlMjAlM0QlMjBkLmNyZWF0ZUVsZW1lbnQlMjglMjdzY3JpcHQlMjclMjklM0IlMEElMjAlMjAlMjAlMjBzY3JpcHQudHlwZSUyMCUzRCUyMCUyN3RleHQlMkZqYXZhc2NyaXB0JTI3JTNCJTBBJTIwJTIwJTIwJTIwc2NyaXB0LmFzeW5jJTIwJTNEJTIwdHJ1ZSUzQiUwQSUyMCUyMCUyMCUyMHNjcmlwdC5zcmMlMjAlM0QlMjAlMjdodHRwcyUzQSUyRiUyRnN0YXRpYy53aWRnZXQudHJlbmdvLmV1JTJGZW1iZWQuanMlMjclM0IlMEElMjAlMjAlMjAlMjBkLmdldEVsZW1lbnRzQnlUYWdOYW1lJTI4JTI3aGVhZCUyNyUyOSU1QjAlNUQuYXBwZW5kQ2hpbGQlMjhzY3JpcHQlMjklM0IlMEElN0QlMjhkb2N1bWVudCUyOSUyOSUzQiUwQSUzQyUyRnNjcmlwdCUzRQ==[\/vc_raw_js][\/vc_column][\/vc_row]\n<\/div>","protected":false},"excerpt":{"rendered":"<p>[vc_row][vc_column][vc_column_text] Talleres de fotograf\u00eda submarina con Buddy Dive X Lorenzo Mittiga \u00bfEres un apasionado de la fotograf\u00eda submarina? \u00bfO te [&hellip;]<\/p>\n","protected":false},"author":2,"featured_media":0,"parent":0,"menu_order":0,"comment_status":"closed","ping_status":"closed","template":"","meta":{"footnotes":""},"class_list":["post-36585","page","type-page","status-publish","hentry"],"yoast_head":"<!-- This site is optimized with the Yoast SEO plugin v27.4 - https:\/\/yoast.com\/product\/yoast-seo-wordpress\/ -->\n<title>Buddy Dive Resort x Lorenzo Mittiga - Buddy Dive Bonaire<\/title>\n<meta name=\"description\" content=\"\u00a1Reserva un taller de fotograf\u00eda submarina con el renombrado y galardonado fot\u00f3grafo submarino Lorenzo Mittiga en Buddy Dive Resort!\" \/>\n<meta name=\"robots\" content=\"index, follow, max-snippet:-1, max-image-preview:large, max-video-preview:-1\" \/>\n<link rel=\"canonical\" href=\"https:\/\/buddydive.com\/es\/buddy-dive-resort-x-lorenzo-mittiga\/\" \/>\n<meta property=\"og:locale\" content=\"es_ES\" \/>\n<meta property=\"og:type\" content=\"article\" \/>\n<meta property=\"og:title\" content=\"Buddy Dive Resort x Lorenzo Mittiga - Buddy Dive Bonaire\" \/>\n<meta property=\"og:description\" content=\"\u00a1Reserva un taller de fotograf\u00eda submarina con el renombrado y galardonado fot\u00f3grafo submarino Lorenzo Mittiga en Buddy Dive Resort!\" \/>\n<meta property=\"og:url\" content=\"https:\/\/buddydive.com\/es\/buddy-dive-resort-x-lorenzo-mittiga\/\" \/>\n<meta property=\"og:site_name\" content=\"Buddy Dive Bonaire\" \/>\n<meta property=\"article:publisher\" content=\"https:\/\/www.facebook.com\/buddydiveresort\" \/>\n<meta property=\"article:modified_time\" content=\"2026-02-03T12:11:04+00:00\" \/>\n<meta name=\"twitter:card\" content=\"summary_large_image\" \/>\n<meta name=\"twitter:site\" content=\"@buddydive\" \/>\n<meta name=\"twitter:label1\" content=\"Tiempo de lectura\" \/>\n\t<meta name=\"twitter:data1\" content=\"3 minutos\" \/>\n<script type=\"application\/ld+json\" class=\"yoast-schema-graph\">{\"@context\":\"https:\\\/\\\/schema.org\",\"@graph\":[{\"@type\":\"WebPage\",\"@id\":\"https:\\\/\\\/buddydive.com\\\/es\\\/buddy-dive-resort-x-lorenzo-mittiga\\\/\",\"url\":\"https:\\\/\\\/buddydive.com\\\/es\\\/buddy-dive-resort-x-lorenzo-mittiga\\\/\",\"name\":\"Buddy Dive Resort x Lorenzo Mittiga - Buddy Dive Bonaire\",\"isPartOf\":{\"@id\":\"https:\\\/\\\/buddydive.com\\\/es\\\/#website\"},\"datePublished\":\"2026-02-03T12:10:52+00:00\",\"dateModified\":\"2026-02-03T12:11:04+00:00\",\"description\":\"\u00a1Reserva un taller de fotograf\u00eda submarina con el renombrado y galardonado fot\u00f3grafo submarino Lorenzo Mittiga en Buddy Dive Resort!\",\"breadcrumb\":{\"@id\":\"https:\\\/\\\/buddydive.com\\\/es\\\/buddy-dive-resort-x-lorenzo-mittiga\\\/#breadcrumb\"},\"inLanguage\":\"es\",\"potentialAction\":[{\"@type\":\"ReadAction\",\"target\":[\"https:\\\/\\\/buddydive.com\\\/es\\\/buddy-dive-resort-x-lorenzo-mittiga\\\/\"]}]},{\"@type\":\"BreadcrumbList\",\"@id\":\"https:\\\/\\\/buddydive.com\\\/es\\\/buddy-dive-resort-x-lorenzo-mittiga\\\/#breadcrumb\",\"itemListElement\":[{\"@type\":\"ListItem\",\"position\":1,\"name\":\"Home\",\"item\":\"https:\\\/\\\/buddydive.com\\\/es\\\/\"},{\"@type\":\"ListItem\",\"position\":2,\"name\":\"Buddy Dive Resort x Lorenzo Mittiga\"}]},{\"@type\":\"WebSite\",\"@id\":\"https:\\\/\\\/buddydive.com\\\/es\\\/#website\",\"url\":\"https:\\\/\\\/buddydive.com\\\/es\\\/\",\"name\":\"Buddy Dive Bonaire\",\"description\":\"My WordPress Blog\",\"potentialAction\":[{\"@type\":\"SearchAction\",\"target\":{\"@type\":\"EntryPoint\",\"urlTemplate\":\"https:\\\/\\\/buddydive.com\\\/es\\\/?s={search_term_string}\"},\"query-input\":{\"@type\":\"PropertyValueSpecification\",\"valueRequired\":true,\"valueName\":\"search_term_string\"}}],\"inLanguage\":\"es\"}]}<\/script>\n<!-- \/ Yoast SEO plugin. -->","yoast_head_json":{"title":"Buddy Dive Resort x Lorenzo Mittiga - Buddy Dive Bonaire","description":"\u00a1Reserva un taller de fotograf\u00eda submarina con el renombrado y galardonado fot\u00f3grafo submarino Lorenzo Mittiga en Buddy Dive Resort!","robots":{"index":"index","follow":"follow","max-snippet":"max-snippet:-1","max-image-preview":"max-image-preview:large","max-video-preview":"max-video-preview:-1"},"canonical":"https:\/\/buddydive.com\/es\/buddy-dive-resort-x-lorenzo-mittiga\/","og_locale":"es_ES","og_type":"article","og_title":"Buddy Dive Resort x Lorenzo Mittiga - Buddy Dive Bonaire","og_description":"\u00a1Reserva un taller de fotograf\u00eda submarina con el renombrado y galardonado fot\u00f3grafo submarino Lorenzo Mittiga en Buddy Dive Resort!","og_url":"https:\/\/buddydive.com\/es\/buddy-dive-resort-x-lorenzo-mittiga\/","og_site_name":"Buddy Dive Bonaire","article_publisher":"https:\/\/www.facebook.com\/buddydiveresort","article_modified_time":"2026-02-03T12:11:04+00:00","twitter_card":"summary_large_image","twitter_site":"@buddydive","twitter_misc":{"Tiempo de lectura":"3 minutos"},"schema":{"@context":"https:\/\/schema.org","@graph":[{"@type":"WebPage","@id":"https:\/\/buddydive.com\/es\/buddy-dive-resort-x-lorenzo-mittiga\/","url":"https:\/\/buddydive.com\/es\/buddy-dive-resort-x-lorenzo-mittiga\/","name":"Buddy Dive Resort x Lorenzo Mittiga - Buddy Dive Bonaire","isPartOf":{"@id":"https:\/\/buddydive.com\/es\/#website"},"datePublished":"2026-02-03T12:10:52+00:00","dateModified":"2026-02-03T12:11:04+00:00","description":"\u00a1Reserva un taller de fotograf\u00eda submarina con el renombrado y galardonado fot\u00f3grafo submarino Lorenzo Mittiga en Buddy Dive Resort!","breadcrumb":{"@id":"https:\/\/buddydive.com\/es\/buddy-dive-resort-x-lorenzo-mittiga\/#breadcrumb"},"inLanguage":"es","potentialAction":[{"@type":"ReadAction","target":["https:\/\/buddydive.com\/es\/buddy-dive-resort-x-lorenzo-mittiga\/"]}]},{"@type":"BreadcrumbList","@id":"https:\/\/buddydive.com\/es\/buddy-dive-resort-x-lorenzo-mittiga\/#breadcrumb","itemListElement":[{"@type":"ListItem","position":1,"name":"Home","item":"https:\/\/buddydive.com\/es\/"},{"@type":"ListItem","position":2,"name":"Buddy Dive Resort x Lorenzo Mittiga"}]},{"@type":"WebSite","@id":"https:\/\/buddydive.com\/es\/#website","url":"https:\/\/buddydive.com\/es\/","name":"Buddy Dive Bonaire","description":"My WordPress Blog","potentialAction":[{"@type":"SearchAction","target":{"@type":"EntryPoint","urlTemplate":"https:\/\/buddydive.com\/es\/?s={search_term_string}"},"query-input":{"@type":"PropertyValueSpecification","valueRequired":true,"valueName":"search_term_string"}}],"inLanguage":"es"}]}},"_links":{"self":[{"href":"https:\/\/buddydive.com\/es\/wp-json\/wp\/v2\/pages\/36585","targetHints":{"allow":["GET"]}}],"collection":[{"href":"https:\/\/buddydive.com\/es\/wp-json\/wp\/v2\/pages"}],"about":[{"href":"https:\/\/buddydive.com\/es\/wp-json\/wp\/v2\/types\/page"}],"author":[{"embeddable":true,"href":"https:\/\/buddydive.com\/es\/wp-json\/wp\/v2\/users\/2"}],"replies":[{"embeddable":true,"href":"https:\/\/buddydive.com\/es\/wp-json\/wp\/v2\/comments?post=36585"}],"version-history":[{"count":5,"href":"https:\/\/buddydive.com\/es\/wp-json\/wp\/v2\/pages\/36585\/revisions"}],"predecessor-version":[{"id":36617,"href":"https:\/\/buddydive.com\/es\/wp-json\/wp\/v2\/pages\/36585\/revisions\/36617"}],"wp:attachment":[{"href":"https:\/\/buddydive.com\/es\/wp-json\/wp\/v2\/media?parent=36585"}],"curies":[{"name":"wp","href":"https:\/\/api.w.org\/{rel}","templated":true}]}}