{"id":36556,"date":"2026-02-03T11:52:53","date_gmt":"2026-02-03T11:52:53","guid":{"rendered":"https:\/\/buddydive.com\/oferta-de-inmersion-en-barco\/"},"modified":"2026-02-03T11:53:14","modified_gmt":"2026-02-03T11:53:14","slug":"oferta-de-inmersion-en-barco","status":"publish","type":"page","link":"https:\/\/buddydive.com\/es\/oferta-de-inmersion-en-barco\/","title":{"rendered":"Oferta de inmersi\u00f3n en barco"},"content":{"rendered":"<div class=\"wpb-content-wrapper\">[vc_row][vc_column][vc_empty_space][\/vc_column][vc_column width=\u00bb1\/2&#8243;][vc_single_image image=\u00bb36563&#8243; img_size=\u00bbfull\u00bb][\/vc_column][vc_column width=\u00bb1\/2&#8243;][vc_column_text]\n<h1 style=\"text-align: center;\">Oferta de inmersi\u00f3n en barco<\/h1>\n<p style=\"text-align: center;\" data-sourcepos=\"3:1-3:122\">\u00a1Obt\u00e9n 3 inmersiones GRATIS de 1 tanque al reservar un paquete de inmersiones en barco! Explora los incre\u00edbles arrecifes de Bonaire a un precio reducido. <\/p>\n<p style=\"text-align: center;\" data-sourcepos=\"5:1-5:64\"><strong>Oferta por tiempo limitado:<\/strong> V\u00e1lida para reservas hasta el 5 de julio de 2024.<\/p>\n<p style=\"text-align: center;\" data-sourcepos=\"5:1-5:64\">\u00a1No pierdas la oportunidad de vivir aventuras submarinas inolvidables! \u00a1Reserva hoy mismo tu paquete de inmersiones en barco de Buddy Dive! <\/p>\n<p style=\"text-align: center;\"> <span style=\"color: #ff6600;\"> Usa el c\u00f3digo promocional:<\/span> <strong><span style=\"color: #ff6600;\">BOATDIVE<\/span><\/strong><\/p>\n<p><u><span lang=\"en-US\">T\u00e9rminos y condiciones:<\/span><\/u><\/p>\n<ul>\n<li><span lang=\"en-US\">Para reservas con fechas de viaje hasta el 5 de julio de 2024.<\/span><\/li>\n<li><span lang=\"en-US\">Se puede reservar en combinaci\u00f3n con todos los paquetes completos de inmersi\u00f3n en barco.<\/span><\/li>\n<li><span lang=\"en-US\">N\u00e3o \u00e9 v\u00e1lido em combina\u00e7\u00e3o com outras ofertas ou promo\u00e7\u00f5es.<\/span><\/li>\n<li><span lang=\"en-US\">Apenas para novas reservas.<\/span><\/li>\n<li><span lang=\"en-US\">Al reservar el paquete Drive &amp; Dive de 6 inmersiones en barco, las 3 inmersiones en barco ser\u00e1n adicionales.<\/span><\/li>\n<li><span lang=\"en-US\">Al reservar el paquete de 12 inmersiones en barco, se descontar\u00e1n 3 inmersiones en barco del precio del paquete.<\/span><\/li>\n<\/ul>\n[\/vc_column_text][\/vc_column][\/vc_row][vc_row][vc_column][\/vc_column][\/vc_row][vc_row][vc_column][vc_images_carousel images=\u00bb21372,32737,32755,31259,8209&#8243; slides_per_view=\u00bb4&#8243; wrap=\u00bbyes\u00bb][\/vc_column][\/vc_row][vc_row][vc_column][\/vc_column][\/vc_row]\n<\/div>","protected":false},"excerpt":{"rendered":"<p>[vc_row][vc_column][vc_empty_space][\/vc_column][vc_column width=\u00bb1\/2&#8243;][vc_single_image image=\u00bb36563&#8243; img_size=\u00bbfull\u00bb][\/vc_column][vc_column width=\u00bb1\/2&#8243;][vc_column_text] Oferta de inmersi\u00f3n en barco \u00a1Obt\u00e9n 3 inmersiones GRATIS de 1 tanque al reservar un [&hellip;]<\/p>\n","protected":false},"author":2,"featured_media":0,"parent":0,"menu_order":0,"comment_status":"closed","ping_status":"closed","template":"","meta":{"footnotes":""},"class_list":["post-36556","page","type-page","status-publish","hentry"],"yoast_head":"<!-- This site is optimized with the Yoast SEO plugin v27.4 - https:\/\/yoast.com\/product\/yoast-seo-wordpress\/ -->\n<title>Oferta de inmersi\u00f3n en barco - Buddy Dive Bonaire<\/title>\n<meta name=\"description\" content=\"Oferta de inmersi\u00f3n en barco: \u00a1Obt\u00e9n 3 inmersiones GRATIS de 1 tanque al reservar un paquete de inmersiones en barco! Explora los incre\u00edbles arrecifes de Bonaire a un precio reducido.\" \/>\n<meta name=\"robots\" content=\"index, follow, max-snippet:-1, max-image-preview:large, max-video-preview:-1\" \/>\n<link rel=\"canonical\" href=\"https:\/\/buddydive.com\/es\/oferta-de-inmersion-en-barco\/\" \/>\n<meta property=\"og:locale\" content=\"es_ES\" \/>\n<meta property=\"og:type\" content=\"article\" \/>\n<meta property=\"og:title\" content=\"Oferta de inmersi\u00f3n en barco - Buddy Dive Bonaire\" \/>\n<meta property=\"og:description\" content=\"Oferta de inmersi\u00f3n en barco: \u00a1Obt\u00e9n 3 inmersiones GRATIS de 1 tanque al reservar un paquete de inmersiones en barco! Explora los incre\u00edbles arrecifes de Bonaire a un precio reducido.\" \/>\n<meta property=\"og:url\" content=\"https:\/\/buddydive.com\/es\/oferta-de-inmersion-en-barco\/\" \/>\n<meta property=\"og:site_name\" content=\"Buddy Dive Bonaire\" \/>\n<meta property=\"article:publisher\" content=\"https:\/\/www.facebook.com\/buddydiveresort\" \/>\n<meta property=\"article:modified_time\" content=\"2026-02-03T11:53:14+00:00\" \/>\n<meta name=\"twitter:card\" content=\"summary_large_image\" \/>\n<meta name=\"twitter:site\" content=\"@buddydive\" \/>\n<meta name=\"twitter:label1\" content=\"Tiempo de lectura\" \/>\n\t<meta name=\"twitter:data1\" content=\"1 minuto\" \/>\n<script type=\"application\/ld+json\" class=\"yoast-schema-graph\">{\"@context\":\"https:\\\/\\\/schema.org\",\"@graph\":[{\"@type\":\"WebPage\",\"@id\":\"https:\\\/\\\/buddydive.com\\\/es\\\/oferta-de-inmersion-en-barco\\\/\",\"url\":\"https:\\\/\\\/buddydive.com\\\/es\\\/oferta-de-inmersion-en-barco\\\/\",\"name\":\"Oferta de inmersi\u00f3n en barco - Buddy Dive Bonaire\",\"isPartOf\":{\"@id\":\"https:\\\/\\\/buddydive.com\\\/es\\\/#website\"},\"datePublished\":\"2026-02-03T11:52:53+00:00\",\"dateModified\":\"2026-02-03T11:53:14+00:00\",\"description\":\"Oferta de inmersi\u00f3n en barco: \u00a1Obt\u00e9n 3 inmersiones GRATIS de 1 tanque al reservar un paquete de inmersiones en barco! Explora los incre\u00edbles arrecifes de Bonaire a un precio reducido.\",\"breadcrumb\":{\"@id\":\"https:\\\/\\\/buddydive.com\\\/es\\\/oferta-de-inmersion-en-barco\\\/#breadcrumb\"},\"inLanguage\":\"es\",\"potentialAction\":[{\"@type\":\"ReadAction\",\"target\":[\"https:\\\/\\\/buddydive.com\\\/es\\\/oferta-de-inmersion-en-barco\\\/\"]}]},{\"@type\":\"BreadcrumbList\",\"@id\":\"https:\\\/\\\/buddydive.com\\\/es\\\/oferta-de-inmersion-en-barco\\\/#breadcrumb\",\"itemListElement\":[{\"@type\":\"ListItem\",\"position\":1,\"name\":\"Home\",\"item\":\"https:\\\/\\\/buddydive.com\\\/es\\\/\"},{\"@type\":\"ListItem\",\"position\":2,\"name\":\"Oferta de inmersi\u00f3n en barco\"}]},{\"@type\":\"WebSite\",\"@id\":\"https:\\\/\\\/buddydive.com\\\/es\\\/#website\",\"url\":\"https:\\\/\\\/buddydive.com\\\/es\\\/\",\"name\":\"Buddy Dive Bonaire\",\"description\":\"My WordPress Blog\",\"potentialAction\":[{\"@type\":\"SearchAction\",\"target\":{\"@type\":\"EntryPoint\",\"urlTemplate\":\"https:\\\/\\\/buddydive.com\\\/es\\\/?s={search_term_string}\"},\"query-input\":{\"@type\":\"PropertyValueSpecification\",\"valueRequired\":true,\"valueName\":\"search_term_string\"}}],\"inLanguage\":\"es\"}]}<\/script>\n<!-- \/ Yoast SEO plugin. -->","yoast_head_json":{"title":"Oferta de inmersi\u00f3n en barco - Buddy Dive Bonaire","description":"Oferta de inmersi\u00f3n en barco: \u00a1Obt\u00e9n 3 inmersiones GRATIS de 1 tanque al reservar un paquete de inmersiones en barco! Explora los incre\u00edbles arrecifes de Bonaire a un precio reducido.","robots":{"index":"index","follow":"follow","max-snippet":"max-snippet:-1","max-image-preview":"max-image-preview:large","max-video-preview":"max-video-preview:-1"},"canonical":"https:\/\/buddydive.com\/es\/oferta-de-inmersion-en-barco\/","og_locale":"es_ES","og_type":"article","og_title":"Oferta de inmersi\u00f3n en barco - Buddy Dive Bonaire","og_description":"Oferta de inmersi\u00f3n en barco: \u00a1Obt\u00e9n 3 inmersiones GRATIS de 1 tanque al reservar un paquete de inmersiones en barco! Explora los incre\u00edbles arrecifes de Bonaire a un precio reducido.","og_url":"https:\/\/buddydive.com\/es\/oferta-de-inmersion-en-barco\/","og_site_name":"Buddy Dive Bonaire","article_publisher":"https:\/\/www.facebook.com\/buddydiveresort","article_modified_time":"2026-02-03T11:53:14+00:00","twitter_card":"summary_large_image","twitter_site":"@buddydive","twitter_misc":{"Tiempo de lectura":"1 minuto"},"schema":{"@context":"https:\/\/schema.org","@graph":[{"@type":"WebPage","@id":"https:\/\/buddydive.com\/es\/oferta-de-inmersion-en-barco\/","url":"https:\/\/buddydive.com\/es\/oferta-de-inmersion-en-barco\/","name":"Oferta de inmersi\u00f3n en barco - Buddy Dive Bonaire","isPartOf":{"@id":"https:\/\/buddydive.com\/es\/#website"},"datePublished":"2026-02-03T11:52:53+00:00","dateModified":"2026-02-03T11:53:14+00:00","description":"Oferta de inmersi\u00f3n en barco: \u00a1Obt\u00e9n 3 inmersiones GRATIS de 1 tanque al reservar un paquete de inmersiones en barco! Explora los incre\u00edbles arrecifes de Bonaire a un precio reducido.","breadcrumb":{"@id":"https:\/\/buddydive.com\/es\/oferta-de-inmersion-en-barco\/#breadcrumb"},"inLanguage":"es","potentialAction":[{"@type":"ReadAction","target":["https:\/\/buddydive.com\/es\/oferta-de-inmersion-en-barco\/"]}]},{"@type":"BreadcrumbList","@id":"https:\/\/buddydive.com\/es\/oferta-de-inmersion-en-barco\/#breadcrumb","itemListElement":[{"@type":"ListItem","position":1,"name":"Home","item":"https:\/\/buddydive.com\/es\/"},{"@type":"ListItem","position":2,"name":"Oferta de inmersi\u00f3n en barco"}]},{"@type":"WebSite","@id":"https:\/\/buddydive.com\/es\/#website","url":"https:\/\/buddydive.com\/es\/","name":"Buddy Dive Bonaire","description":"My WordPress Blog","potentialAction":[{"@type":"SearchAction","target":{"@type":"EntryPoint","urlTemplate":"https:\/\/buddydive.com\/es\/?s={search_term_string}"},"query-input":{"@type":"PropertyValueSpecification","valueRequired":true,"valueName":"search_term_string"}}],"inLanguage":"es"}]}},"_links":{"self":[{"href":"https:\/\/buddydive.com\/es\/wp-json\/wp\/v2\/pages\/36556","targetHints":{"allow":["GET"]}}],"collection":[{"href":"https:\/\/buddydive.com\/es\/wp-json\/wp\/v2\/pages"}],"about":[{"href":"https:\/\/buddydive.com\/es\/wp-json\/wp\/v2\/types\/page"}],"author":[{"embeddable":true,"href":"https:\/\/buddydive.com\/es\/wp-json\/wp\/v2\/users\/2"}],"replies":[{"embeddable":true,"href":"https:\/\/buddydive.com\/es\/wp-json\/wp\/v2\/comments?post=36556"}],"version-history":[{"count":7,"href":"https:\/\/buddydive.com\/es\/wp-json\/wp\/v2\/pages\/36556\/revisions"}],"predecessor-version":[{"id":36570,"href":"https:\/\/buddydive.com\/es\/wp-json\/wp\/v2\/pages\/36556\/revisions\/36570"}],"wp:attachment":[{"href":"https:\/\/buddydive.com\/es\/wp-json\/wp\/v2\/media?parent=36556"}],"curies":[{"name":"wp","href":"https:\/\/api.w.org\/{rel}","templated":true}]}}