{"id":36512,"date":"2026-02-03T11:19:53","date_gmt":"2026-02-03T11:19:53","guid":{"rendered":"https:\/\/buddydive.com\/acerca-de-nosotros\/empleos\/"},"modified":"2026-02-03T11:19:54","modified_gmt":"2026-02-03T11:19:54","slug":"empleos","status":"publish","type":"page","link":"https:\/\/buddydive.com\/es\/acerca-de-nosotros\/empleos\/","title":{"rendered":"Empleos"},"content":{"rendered":"<div class=\"wpb-content-wrapper\">[vc_row][vc_column][vc_column_text]\n<h1 style=\"text-align: center;\">Empleos en Bonaire<\/h1>\n[\/vc_column_text][\/vc_column][\/vc_row][vc_row][vc_column][vc_basic_grid post_type=\u00bbpost\u00bb max_items=\u00bb20&#8243; grid_id=\u00bbvc_gid:1662650728396-dbcea38bf963484374669c115c54cf47-6&#8243; taxonomies=\u00bb50&#8243;][vc_column_text]<strong>Siempre estamos buscando nuevos compa\u00f1eros motivados y entusiastas. P\u00f3ngase en contacto con nuestro departamento de recursos humanos para averiguar si su trabajo ideal est\u00e1 disponible. Env\u00ede su solicitud espont\u00e1nea a humanresources@buddydive.com o llame al +599 717 5080.  <\/strong>[\/vc_column_text][\/vc_column][\/vc_row][vc_row][vc_column][\/vc_column][\/vc_row]\n<\/div>","protected":false},"excerpt":{"rendered":"<p>[vc_row][vc_column][vc_column_text] Empleos en Bonaire [\/vc_column_text][\/vc_column][\/vc_row][vc_row][vc_column][vc_basic_grid post_type=\u00bbpost\u00bb max_items=\u00bb20&#8243; grid_id=\u00bbvc_gid:1662650728396-dbcea38bf963484374669c115c54cf47-6&#8243; taxonomies=\u00bb50&#8243;][vc_column_text]Siempre estamos buscando nuevos compa\u00f1eros motivados y entusiastas. P\u00f3ngase en contacto con [&hellip;]<\/p>\n","protected":false},"author":1,"featured_media":0,"parent":32453,"menu_order":0,"comment_status":"closed","ping_status":"closed","template":"","meta":{"footnotes":""},"class_list":["post-36512","page","type-page","status-publish","hentry"],"yoast_head":"<!-- This site is optimized with the Yoast SEO plugin v27.4 - https:\/\/yoast.com\/product\/yoast-seo-wordpress\/ -->\n<title>Empleos en Bonaire en Buddy Dive Resort | \u00a1Estamos contratando!<\/title>\n<meta name=\"description\" content=\"Empleos Bonaire | \u00bfEst\u00e1 buscando un empleo en Bonaire? Consulte esta p\u00e1gina para ver las \u00faltimas vacantes en Buddy Dive Resort Bonaire.\" \/>\n<meta name=\"robots\" content=\"index, follow, max-snippet:-1, max-image-preview:large, max-video-preview:-1\" \/>\n<link rel=\"canonical\" href=\"https:\/\/buddydive.com\/es\/acerca-de-nosotros\/empleos\/\" \/>\n<meta property=\"og:locale\" content=\"es_ES\" \/>\n<meta property=\"og:type\" content=\"article\" \/>\n<meta property=\"og:title\" content=\"Empleos en Bonaire en Buddy Dive Resort | \u00a1Estamos contratando!\" \/>\n<meta property=\"og:description\" content=\"Empleos Bonaire | \u00bfEst\u00e1 buscando un empleo en Bonaire? Consulte esta p\u00e1gina para ver las \u00faltimas vacantes en Buddy Dive Resort Bonaire.\" \/>\n<meta property=\"og:url\" content=\"https:\/\/buddydive.com\/es\/acerca-de-nosotros\/empleos\/\" \/>\n<meta property=\"og:site_name\" content=\"Buddy Dive Bonaire\" \/>\n<meta property=\"article:publisher\" content=\"https:\/\/www.facebook.com\/buddydiveresort\" \/>\n<meta property=\"article:modified_time\" content=\"2026-02-03T11:19:54+00:00\" \/>\n<meta name=\"twitter:card\" content=\"summary_large_image\" \/>\n<meta name=\"twitter:site\" content=\"@buddydive\" \/>\n<script type=\"application\/ld+json\" class=\"yoast-schema-graph\">{\"@context\":\"https:\\\/\\\/schema.org\",\"@graph\":[{\"@type\":\"WebPage\",\"@id\":\"https:\\\/\\\/buddydive.com\\\/es\\\/acerca-de-nosotros\\\/empleos\\\/\",\"url\":\"https:\\\/\\\/buddydive.com\\\/es\\\/acerca-de-nosotros\\\/empleos\\\/\",\"name\":\"Empleos en Bonaire en Buddy Dive Resort | \u00a1Estamos contratando!\",\"isPartOf\":{\"@id\":\"https:\\\/\\\/buddydive.com\\\/es\\\/#website\"},\"datePublished\":\"2026-02-03T11:19:53+00:00\",\"dateModified\":\"2026-02-03T11:19:54+00:00\",\"description\":\"Empleos Bonaire | \u00bfEst\u00e1 buscando un empleo en Bonaire? Consulte esta p\u00e1gina para ver las \u00faltimas vacantes en Buddy Dive Resort Bonaire.\",\"breadcrumb\":{\"@id\":\"https:\\\/\\\/buddydive.com\\\/es\\\/acerca-de-nosotros\\\/empleos\\\/#breadcrumb\"},\"inLanguage\":\"es\",\"potentialAction\":[{\"@type\":\"ReadAction\",\"target\":[\"https:\\\/\\\/buddydive.com\\\/es\\\/acerca-de-nosotros\\\/empleos\\\/\"]}]},{\"@type\":\"BreadcrumbList\",\"@id\":\"https:\\\/\\\/buddydive.com\\\/es\\\/acerca-de-nosotros\\\/empleos\\\/#breadcrumb\",\"itemListElement\":[{\"@type\":\"ListItem\",\"position\":1,\"name\":\"Home\",\"item\":\"https:\\\/\\\/buddydive.com\\\/es\\\/\"},{\"@type\":\"ListItem\",\"position\":2,\"name\":\"Acerca de nosotros\",\"item\":\"https:\\\/\\\/buddydive.com\\\/es\\\/acerca-de-nosotros\\\/\"},{\"@type\":\"ListItem\",\"position\":3,\"name\":\"Empleos\"}]},{\"@type\":\"WebSite\",\"@id\":\"https:\\\/\\\/buddydive.com\\\/es\\\/#website\",\"url\":\"https:\\\/\\\/buddydive.com\\\/es\\\/\",\"name\":\"Buddy Dive Bonaire\",\"description\":\"My WordPress Blog\",\"potentialAction\":[{\"@type\":\"SearchAction\",\"target\":{\"@type\":\"EntryPoint\",\"urlTemplate\":\"https:\\\/\\\/buddydive.com\\\/es\\\/?s={search_term_string}\"},\"query-input\":{\"@type\":\"PropertyValueSpecification\",\"valueRequired\":true,\"valueName\":\"search_term_string\"}}],\"inLanguage\":\"es\"}]}<\/script>\n<!-- \/ Yoast SEO plugin. -->","yoast_head_json":{"title":"Empleos en Bonaire en Buddy Dive Resort | \u00a1Estamos contratando!","description":"Empleos Bonaire | \u00bfEst\u00e1 buscando un empleo en Bonaire? Consulte esta p\u00e1gina para ver las \u00faltimas vacantes en Buddy Dive Resort Bonaire.","robots":{"index":"index","follow":"follow","max-snippet":"max-snippet:-1","max-image-preview":"max-image-preview:large","max-video-preview":"max-video-preview:-1"},"canonical":"https:\/\/buddydive.com\/es\/acerca-de-nosotros\/empleos\/","og_locale":"es_ES","og_type":"article","og_title":"Empleos en Bonaire en Buddy Dive Resort | \u00a1Estamos contratando!","og_description":"Empleos Bonaire | \u00bfEst\u00e1 buscando un empleo en Bonaire? Consulte esta p\u00e1gina para ver las \u00faltimas vacantes en Buddy Dive Resort Bonaire.","og_url":"https:\/\/buddydive.com\/es\/acerca-de-nosotros\/empleos\/","og_site_name":"Buddy Dive Bonaire","article_publisher":"https:\/\/www.facebook.com\/buddydiveresort","article_modified_time":"2026-02-03T11:19:54+00:00","twitter_card":"summary_large_image","twitter_site":"@buddydive","schema":{"@context":"https:\/\/schema.org","@graph":[{"@type":"WebPage","@id":"https:\/\/buddydive.com\/es\/acerca-de-nosotros\/empleos\/","url":"https:\/\/buddydive.com\/es\/acerca-de-nosotros\/empleos\/","name":"Empleos en Bonaire en Buddy Dive Resort | \u00a1Estamos contratando!","isPartOf":{"@id":"https:\/\/buddydive.com\/es\/#website"},"datePublished":"2026-02-03T11:19:53+00:00","dateModified":"2026-02-03T11:19:54+00:00","description":"Empleos Bonaire | \u00bfEst\u00e1 buscando un empleo en Bonaire? Consulte esta p\u00e1gina para ver las \u00faltimas vacantes en Buddy Dive Resort Bonaire.","breadcrumb":{"@id":"https:\/\/buddydive.com\/es\/acerca-de-nosotros\/empleos\/#breadcrumb"},"inLanguage":"es","potentialAction":[{"@type":"ReadAction","target":["https:\/\/buddydive.com\/es\/acerca-de-nosotros\/empleos\/"]}]},{"@type":"BreadcrumbList","@id":"https:\/\/buddydive.com\/es\/acerca-de-nosotros\/empleos\/#breadcrumb","itemListElement":[{"@type":"ListItem","position":1,"name":"Home","item":"https:\/\/buddydive.com\/es\/"},{"@type":"ListItem","position":2,"name":"Acerca de nosotros","item":"https:\/\/buddydive.com\/es\/acerca-de-nosotros\/"},{"@type":"ListItem","position":3,"name":"Empleos"}]},{"@type":"WebSite","@id":"https:\/\/buddydive.com\/es\/#website","url":"https:\/\/buddydive.com\/es\/","name":"Buddy Dive Bonaire","description":"My WordPress Blog","potentialAction":[{"@type":"SearchAction","target":{"@type":"EntryPoint","urlTemplate":"https:\/\/buddydive.com\/es\/?s={search_term_string}"},"query-input":{"@type":"PropertyValueSpecification","valueRequired":true,"valueName":"search_term_string"}}],"inLanguage":"es"}]}},"_links":{"self":[{"href":"https:\/\/buddydive.com\/es\/wp-json\/wp\/v2\/pages\/36512","targetHints":{"allow":["GET"]}}],"collection":[{"href":"https:\/\/buddydive.com\/es\/wp-json\/wp\/v2\/pages"}],"about":[{"href":"https:\/\/buddydive.com\/es\/wp-json\/wp\/v2\/types\/page"}],"author":[{"embeddable":true,"href":"https:\/\/buddydive.com\/es\/wp-json\/wp\/v2\/users\/1"}],"replies":[{"embeddable":true,"href":"https:\/\/buddydive.com\/es\/wp-json\/wp\/v2\/comments?post=36512"}],"version-history":[{"count":1,"href":"https:\/\/buddydive.com\/es\/wp-json\/wp\/v2\/pages\/36512\/revisions"}],"predecessor-version":[{"id":36513,"href":"https:\/\/buddydive.com\/es\/wp-json\/wp\/v2\/pages\/36512\/revisions\/36513"}],"up":[{"embeddable":true,"href":"https:\/\/buddydive.com\/es\/wp-json\/wp\/v2\/pages\/32453"}],"wp:attachment":[{"href":"https:\/\/buddydive.com\/es\/wp-json\/wp\/v2\/media?parent=36512"}],"curies":[{"name":"wp","href":"https:\/\/api.w.org\/{rel}","templated":true}]}}