{"id":32775,"date":"2025-07-03T10:56:05","date_gmt":"2025-07-03T10:56:05","guid":{"rendered":"https:\/\/buddydive.com\/submarinismo\/buceo-tecnico\/"},"modified":"2025-12-10T15:39:06","modified_gmt":"2025-12-10T15:39:06","slug":"buceo-tecnico","status":"publish","type":"page","link":"https:\/\/buddydive.com\/es\/submarinismo\/buceo-tecnico\/","title":{"rendered":"Buceo t\u00e9cnico"},"content":{"rendered":"<div class=\"wpb-content-wrapper\">[vc_row][vc_column width=\u00bb3\/4&#8243;][vc_column_text css=\u00bb\u00bb]\n<h1 class=\"text-uppercase\"><small>Su centro de buceo t\u00e9cnico n\u00famero 1 en el Caribe<\/small> Buddy Dive TeK<\/h1>\n<p>Buddy Dive TeK abri\u00f3 sus puertas en 2007, con la misi\u00f3n de proporcionar soporte t\u00e9cnico de calidad y formaci\u00f3n a sus clientes y hu\u00e9spedes en Buddy Dive y en Bonaire. En los \u00faltimos a\u00f1os, Buddy Dive TeK se ha convertido en el mayor centro de buceo t\u00e9cnico del Caribe.<\/p>\n<p>El equipo de Buddy Dive TeK representa una gran cantidad de conocimientos t\u00e9cnicos y certificaciones de GUE y PADI. Con un servicio de soporte t\u00e9cnico totalmente operativo; alquiler de equipos y formaci\u00f3n t\u00e9cnica hasta el nivel de instructor, incluyendo sidemount &amp; trimix. Buddy Dive TeK ofrece todo lo necesario.<\/p>\n<p>El esp\u00edritu de aventura y la curiosidad de la entusiasta comunidad de buceo en todo el mundo siguen impulsando la industria del buceo. Es un placer para nosotros asegurar que en Buddy Dive proporcionamos lo \u00faltimo en buceo t\u00e9cnico en un ambiente seguro y agradable.<\/p>\n<p><em>\u201cNo se me ocurre un lugar o centro de buceo mejor para traer a mis estudiantes de buceo t\u00e9cnico\u201d<br \/>\n<\/em>Carlos Pe\u00f1a Herrera \/ Instructor de buceo t\u00e9cnico.[\/vc_column_text][\/vc_column][vc_column width=\u00bb1\/4&#8243;][vc_cta h2=\u00bb\u00a1P\u00f3ngase en contacto!\u00bb txt_align=\u00bbcenter\u00bb css=\u00bb\u00bb]\n<p style=\"text-align: center;\"><img loading=\"lazy\" decoding=\"async\" class=\"alignnone wp-image-34044 size-full\" src=\"https:\/\/buddydive.com\/wp-content\/uploads\/2025\/09\/Anouck-Tek-Diving-page.png\" alt=\"\" width=\"750\" height=\"750\" srcset=\"https:\/\/buddydive.com\/wp-content\/uploads\/2025\/09\/Anouck-Tek-Diving-page.png 750w, https:\/\/buddydive.com\/wp-content\/uploads\/2025\/09\/Anouck-Tek-Diving-page-300x300.png 300w, https:\/\/buddydive.com\/wp-content\/uploads\/2025\/09\/Anouck-Tek-Diving-page-150x150.png 150w\" sizes=\"auto, (max-width: 750px) 100vw, 750px\" \/><\/p>\n<p style=\"text-align: center;\">Anouck<br \/>\nCoordinadora de buceo t\u00e9cnico<br \/>\n<a href=\"mailto:tekdiving@buddydive.com\" target=\"_blank\" rel=\"noopener noreferrer\">tekdiving@buddydive.com<\/a>[\/vc_cta][\/vc_column][\/vc_row][vc_row][vc_column][vc_column_text css=\u00bb\u00bb]\n<h3 class=\"text-uppercase\" style=\"text-align: center;\">Cursos de buceo t\u00e9cnico<\/h3>\n<p>En Buddy Dive Tek ofrecemos una gran variedad de cursos de buceo t\u00e9cnico. Sesiones de prueba para aquellos que a\u00fan no est\u00e1n cualificados y cursos m\u00e1s avanzados para aquellos que quieren ampliar sus conocimientos. Podemos ofrecer programas GUE y PADI desde el nivel de estudiante hasta el de instructor. Los cursos se pueden impartir en ingl\u00e9s, holand\u00e9s y alem\u00e1n.[\/vc_column_text][vc_btn title=\u00bbVer cursos\u00bb align=\u00bbcenter\u00bb i_type=\u00bbopeniconic\u00bb i_icon_openiconic=\u00bbvc-oi vc-oi-pin\u00bb css=\u00bb\u00bb add_icon=\u00bbtrue\u00bb link=\u00bburl:https%3A%2F%2Fbuddydive.com%2Fes%2Fsubmarinismo%2Fcursos-y-precios-de-buceo%2F%23tec-diving-courses|target:_blank|\u00bb][vc_gallery images=\u00bb32659,32658,32657&#8243; img_size=\u00bblarge\u00bb columns=\u00bb3&#8243;][\/vc_column][\/vc_row][vc_row][vc_column width=\u00bb1\/2&#8243;][vc_column_text]\n<h3 class=\"text-uppercase\">Apto para CCR<\/h3>\n<p>Buddy Dive Tek es un centro 100% apto para rebreathers. Nuestras instalaciones cuentan con un gran stock de cilindros de rebreather de diferentes tama\u00f1os, diferentes tipos de absorbente de CO2 disponibles y proporcionan una estaci\u00f3n de llenado de \u00faltima generaci\u00f3n con 2 bombas de refuerzo capaces de alcanzar llenados de alta presi\u00f3n de ox\u00edgeno y TRIMIX. Nuestras instalaciones 100% aptas para rebreathers tambi\u00e9n cuentan con personal capacitado en diferentes unidades CCR como el JJ CCR, el X-CCR y el O2ptima CCR. \u00a1Todo esto est\u00e1 siempre en stock![\/vc_column_text][vc_column_text]\n<h3 class=\"text-uppercase\">Buceo con un DPV<\/h3>\n<p>\u00bfLe gustar\u00eda ver una gran cantidad de territorio submarino en un breve per\u00edodo de tiempo? Desl\u00edcese por el agua sin dar patadas con un veh\u00edculo de propulsi\u00f3n para buceadores. Ya sea haciendo una inmersi\u00f3n desde la costa o buceando desde un barco, los DPV ofrecen una forma emocionante de ver m\u00e1s y divertirse haci\u00e9ndolo. Los DPV son especialmente \u00fatiles al bucear en pecios, ya que le permiten recorrer m\u00e1s del pecio y reducir su consumo de aire.[\/vc_column_text][vc_btn title=\u00bbAlquilar un DPV\u00bb align=\u00bbcenter\u00bb i_type=\u00bbopeniconic\u00bb i_icon_openiconic=\u00bbvc-oi vc-oi-cog\u00bb css=\u00bb\u00bb add_icon=\u00bbtrue\u00bb link=\u00bburl:http%3A%2F%2Fwww.buddydive.com%2Fdiving%2Fdive-courses|\u00bb][\/vc_column][vc_column width=\u00bb1\/2&#8243;][vc_column_text]\n<h3 class=\"text-uppercase\">Circuito abierto<\/h3>\n<p>\u00bfBuceo con dobles o Sidemount? No hay problema, podemos proporcionar el equipo necesario para estos estilos de buceo; placas traseras con arn\u00e9s, alas, reguladores, carretes, DSMB y m\u00e1s.[\/vc_column_text][vc_column_text]\n<h3 class=\"text-uppercase\">Estaci\u00f3n de mezcla<\/h3>\n<p>Nuestra estaci\u00f3n de mezcla est\u00e1 situada en el Buddy Dive Drive Thru. Aqu\u00ed podemos llenar nuestros tanques de buceo t\u00e9cnico y preparar mezclas personalizadas seg\u00fan el deseo de nuestros hu\u00e9spedes. Nuestro personal de buceo t\u00e9cnico est\u00e1 cualificado como mezcladores de gas y TRIMIX de PADI, manteniendo as\u00ed los est\u00e1ndares de seguridad al m\u00e1s alto nivel posible. Podemos entregar todo tipo de mezclas de O2 y TRIMIX que solicite, as\u00ed como gases GUE est\u00e1ndar; 21\/35 \u2013 18\/45 \u2013 15\/55.[\/vc_column_text][vc_column_text css=\u00bb\u00bb]\n<h3 class=\"text-uppercase\">Alquiler de equipos<\/h3>\n<p>En Buddy Dive Tek ofrecemos una gran variedad de equipos de buceo t\u00e9cnico para alquilar, desde varios cilindros para bucear con side-mount, dobles y rebreathers hasta reguladores y aparejos.[\/vc_column_text][vc_btn title=\u00bbVer precios de alquiler\u00bb align=\u00bbcenter\u00bb i_type=\u00bbopeniconic\u00bb i_icon_openiconic=\u00bbvc-oi vc-oi-clock\u00bb css=\u00bb\u00bb add_icon=\u00bbtrue\u00bb link=\u00bburl:https%3A%2F%2Fbuddydive.com%2Fes%2Fsubmarinismo%2Fcursos-y-precios-de-buceo%2F|\u00bb][\/vc_column][\/vc_row][vc_row][vc_column width=\u00bb1\/2&#8243;][vc_column_text]\n<p style=\"text-align: center;\"><a href=\"http:\/\/www.buddydive.com\/events\/operation-ccr\"><img loading=\"lazy\" decoding=\"async\" class=\"aligncenter wp-image-10444 size-medium\" src=\"https:\/\/buddydive.com\/wp-content\/uploads\/2021\/04\/bdr_CCR_event_banner-300x200.jpg\" alt=\"\" width=\"300\" height=\"200\" srcset=\"https:\/\/buddydive.com\/wp-content\/uploads\/2021\/04\/bdr_CCR_event_banner-300x200.jpg 300w, https:\/\/buddydive.com\/wp-content\/uploads\/2021\/04\/bdr_CCR_event_banner-1024x683.jpg 1024w, https:\/\/buddydive.com\/wp-content\/uploads\/2021\/04\/bdr_CCR_event_banner-768x512.jpg 768w, https:\/\/buddydive.com\/wp-content\/uploads\/2021\/04\/bdr_CCR_event_banner-1536x1024.jpg 1536w, https:\/\/buddydive.com\/wp-content\/uploads\/2021\/04\/bdr_CCR_event_banner-2048x1365.jpg 2048w\" sizes=\"auto, (max-width: 300px) 100vw, 300px\" \/><\/a><\/p>\n[\/vc_column_text][\/vc_column][vc_column width=\u00bb1\/2&#8243;][vc_column_text css=\u00bb\u00bb]\n<p style=\"text-align: center;\"><a href=\"https:\/\/buddydive.com\/es\/eventos\/bonaire-tek\/\"><img loading=\"lazy\" decoding=\"async\" class=\"alignnone size-medium wp-image-26856\" src=\"https:\/\/buddydive.com\/wp-content\/uploads\/2024\/06\/Tekengebied-1-300x200.png\" alt=\"\" width=\"300\" height=\"200\" srcset=\"https:\/\/buddydive.com\/wp-content\/uploads\/2024\/06\/Tekengebied-1-300x200.png 300w, https:\/\/buddydive.com\/wp-content\/uploads\/2024\/06\/Tekengebied-1.png 768w\" sizes=\"auto, (max-width: 300px) 100vw, 300px\" \/><\/a><\/p>\n[\/vc_column_text][\/vc_column][\/vc_row][vc_row][vc_column][vc_raw_js]JTNDc2NyaXB0JTIwdHlwZSUzRCUyMnRleHQlMkZqYXZhc2NyaXB0JTIyJTNFJTBBd2luZG93LlRyZW5nbyUyMCUzRCUyMHdpbmRvdy5UcmVuZ28lMjAlN0MlN0MlMjAlN0IlN0QlM0IlMEF3aW5kb3cuVHJlbmdvLmtleSUyMCUzRCUyMCUyN1E5SGI4dlBvS2VnRDFBSSUyNyUzQiUwQSUyOGZ1bmN0aW9uJTI4ZCUyQyUyMHNjcmlwdCUyQyUyMHQlMjklMjAlN0IlMEElMjAlMjAlMjAlMjBzY3JpcHQlMjAlM0QlMjBkLmNyZWF0ZUVsZW1lbnQlMjglMjdzY3JpcHQlMjclMjklM0IlMEElMjAlMjAlMjAlMjBzY3JpcHQudHlwZSUyMCUzRCUyMCUyN3RleHQlMkZqYXZhc2NyaXB0JTI3JTNCJTBBJTIwJTIwJTIwJTIwc2NyaXB0LmFzeW5jJTIwJTNEJTIwdHJ1ZSUzQiUwQSUyMCUyMCUyMCUyMHNjcmlwdC5zcmMlMjAlM0QlMjAlMjdodHRwcyUzQSUyRiUyRnN0YXRpYy53aWRnZXQudHJlbmdvLmV1JTJGZW1iZWQuanMlMjclM0IlMEElMjAlMjAlMjAlMjBkLmdldEVsZW1lbnRzQnlUYWdOYW1lJTI4JTI3aGVhZCUyNyUyOSU1QjAlNUQuYXBwZW5kQ2hpbGQlMjhzY3JpcHQlMjklM0IlMEElN0QlMjhkb2N1bWVudCUyOSUyOSUzQiUwQSUzQyUyRnNjcmlwdCUzRQ==[\/vc_raw_js][\/vc_column][\/vc_row]\n<\/div>","protected":false},"excerpt":{"rendered":"<p>[vc_row][vc_column width=\u00bb3\/4&#8243;][vc_column_text css=\u00bb\u00bb] Su centro de buceo t\u00e9cnico n\u00famero 1 en el Caribe Buddy Dive TeK Buddy Dive TeK abri\u00f3 [&hellip;]<\/p>\n","protected":false},"author":1,"featured_media":0,"parent":32631,"menu_order":0,"comment_status":"closed","ping_status":"closed","template":"","meta":{"footnotes":""},"class_list":["post-32775","page","type-page","status-publish","hentry"],"yoast_head":"<!-- This site is optimized with the Yoast SEO plugin v27.0 - https:\/\/yoast.com\/product\/yoast-seo-wordpress\/ -->\n<title>Buceo t\u00e9cnico en Bonaire - Buddy Dive Resort Bonaire<\/title>\n<meta name=\"description\" content=\"Buceo t\u00e9cnico en Buddy Dive: soporte, alquiler y formaci\u00f3n.\" \/>\n<meta name=\"robots\" content=\"index, follow, max-snippet:-1, max-image-preview:large, max-video-preview:-1\" \/>\n<link rel=\"canonical\" href=\"https:\/\/buddydive.com\/es\/submarinismo\/buceo-tecnico\/\" \/>\n<meta property=\"og:locale\" content=\"es_ES\" \/>\n<meta property=\"og:type\" content=\"article\" \/>\n<meta property=\"og:title\" content=\"Buceo t\u00e9cnico en Bonaire - Buddy Dive Resort Bonaire\" \/>\n<meta property=\"og:description\" content=\"Buceo t\u00e9cnico en Buddy Dive: soporte, alquiler y formaci\u00f3n.\" \/>\n<meta property=\"og:url\" content=\"https:\/\/buddydive.com\/es\/submarinismo\/buceo-tecnico\/\" \/>\n<meta property=\"og:site_name\" content=\"Buddy Dive Bonaire\" \/>\n<meta property=\"article:publisher\" content=\"https:\/\/www.facebook.com\/buddydiveresort\" \/>\n<meta property=\"article:modified_time\" content=\"2025-12-10T15:39:06+00:00\" \/>\n<meta property=\"og:image\" content=\"https:\/\/buddydive.com\/wp-content\/uploads\/2025\/09\/Anouck-Tek-Diving-page.png\" \/>\n\t<meta property=\"og:image:width\" content=\"750\" \/>\n\t<meta property=\"og:image:height\" content=\"750\" \/>\n\t<meta property=\"og:image:type\" content=\"image\/png\" \/>\n<meta name=\"twitter:card\" content=\"summary_large_image\" \/>\n<meta name=\"twitter:site\" content=\"@buddydive\" \/>\n<meta name=\"twitter:label1\" content=\"Tiempo de lectura\" \/>\n\t<meta name=\"twitter:data1\" content=\"4 minutos\" \/>\n<script type=\"application\/ld+json\" class=\"yoast-schema-graph\">{\"@context\":\"https:\/\/schema.org\",\"@graph\":[{\"@type\":\"WebPage\",\"@id\":\"https:\/\/buddydive.com\/es\/submarinismo\/buceo-tecnico\/\",\"url\":\"https:\/\/buddydive.com\/es\/submarinismo\/buceo-tecnico\/\",\"name\":\"Buceo t\u00e9cnico en Bonaire - Buddy Dive Resort Bonaire\",\"isPartOf\":{\"@id\":\"https:\/\/buddydive.com\/es\/#website\"},\"primaryImageOfPage\":{\"@id\":\"https:\/\/buddydive.com\/es\/submarinismo\/buceo-tecnico\/#primaryimage\"},\"image\":{\"@id\":\"https:\/\/buddydive.com\/es\/submarinismo\/buceo-tecnico\/#primaryimage\"},\"thumbnailUrl\":\"https:\/\/buddydive.com\/wp-content\/uploads\/2025\/09\/Anouck-Tek-Diving-page.png\",\"datePublished\":\"2025-07-03T10:56:05+00:00\",\"dateModified\":\"2025-12-10T15:39:06+00:00\",\"description\":\"Buceo t\u00e9cnico en Buddy Dive: soporte, alquiler y formaci\u00f3n.\",\"breadcrumb\":{\"@id\":\"https:\/\/buddydive.com\/es\/submarinismo\/buceo-tecnico\/#breadcrumb\"},\"inLanguage\":\"es\",\"potentialAction\":[{\"@type\":\"ReadAction\",\"target\":[\"https:\/\/buddydive.com\/es\/submarinismo\/buceo-tecnico\/\"]}]},{\"@type\":\"ImageObject\",\"inLanguage\":\"es\",\"@id\":\"https:\/\/buddydive.com\/es\/submarinismo\/buceo-tecnico\/#primaryimage\",\"url\":\"https:\/\/buddydive.com\/wp-content\/uploads\/2025\/09\/Anouck-Tek-Diving-page.png\",\"contentUrl\":\"https:\/\/buddydive.com\/wp-content\/uploads\/2025\/09\/Anouck-Tek-Diving-page.png\"},{\"@type\":\"BreadcrumbList\",\"@id\":\"https:\/\/buddydive.com\/es\/submarinismo\/buceo-tecnico\/#breadcrumb\",\"itemListElement\":[{\"@type\":\"ListItem\",\"position\":1,\"name\":\"Home\",\"item\":\"https:\/\/buddydive.com\/es\/\"},{\"@type\":\"ListItem\",\"position\":2,\"name\":\"Submarinismo\",\"item\":\"https:\/\/buddydive.com\/es\/submarinismo\/\"},{\"@type\":\"ListItem\",\"position\":3,\"name\":\"Buceo t\u00e9cnico\"}]},{\"@type\":\"WebSite\",\"@id\":\"https:\/\/buddydive.com\/es\/#website\",\"url\":\"https:\/\/buddydive.com\/es\/\",\"name\":\"Buddy Dive Bonaire\",\"description\":\"My WordPress Blog\",\"potentialAction\":[{\"@type\":\"SearchAction\",\"target\":{\"@type\":\"EntryPoint\",\"urlTemplate\":\"https:\/\/buddydive.com\/es\/?s={search_term_string}\"},\"query-input\":{\"@type\":\"PropertyValueSpecification\",\"valueRequired\":true,\"valueName\":\"search_term_string\"}}],\"inLanguage\":\"es\"}]}<\/script>\n<!-- \/ Yoast SEO plugin. -->","yoast_head_json":{"title":"Buceo t\u00e9cnico en Bonaire - Buddy Dive Resort Bonaire","description":"Buceo t\u00e9cnico en Buddy Dive: soporte, alquiler y formaci\u00f3n.","robots":{"index":"index","follow":"follow","max-snippet":"max-snippet:-1","max-image-preview":"max-image-preview:large","max-video-preview":"max-video-preview:-1"},"canonical":"https:\/\/buddydive.com\/es\/submarinismo\/buceo-tecnico\/","og_locale":"es_ES","og_type":"article","og_title":"Buceo t\u00e9cnico en Bonaire - Buddy Dive Resort Bonaire","og_description":"Buceo t\u00e9cnico en Buddy Dive: soporte, alquiler y formaci\u00f3n.","og_url":"https:\/\/buddydive.com\/es\/submarinismo\/buceo-tecnico\/","og_site_name":"Buddy Dive Bonaire","article_publisher":"https:\/\/www.facebook.com\/buddydiveresort","article_modified_time":"2025-12-10T15:39:06+00:00","og_image":[{"width":750,"height":750,"url":"https:\/\/buddydive.com\/wp-content\/uploads\/2025\/09\/Anouck-Tek-Diving-page.png","type":"image\/png"}],"twitter_card":"summary_large_image","twitter_site":"@buddydive","twitter_misc":{"Tiempo de lectura":"4 minutos"},"schema":{"@context":"https:\/\/schema.org","@graph":[{"@type":"WebPage","@id":"https:\/\/buddydive.com\/es\/submarinismo\/buceo-tecnico\/","url":"https:\/\/buddydive.com\/es\/submarinismo\/buceo-tecnico\/","name":"Buceo t\u00e9cnico en Bonaire - Buddy Dive Resort Bonaire","isPartOf":{"@id":"https:\/\/buddydive.com\/es\/#website"},"primaryImageOfPage":{"@id":"https:\/\/buddydive.com\/es\/submarinismo\/buceo-tecnico\/#primaryimage"},"image":{"@id":"https:\/\/buddydive.com\/es\/submarinismo\/buceo-tecnico\/#primaryimage"},"thumbnailUrl":"https:\/\/buddydive.com\/wp-content\/uploads\/2025\/09\/Anouck-Tek-Diving-page.png","datePublished":"2025-07-03T10:56:05+00:00","dateModified":"2025-12-10T15:39:06+00:00","description":"Buceo t\u00e9cnico en Buddy Dive: soporte, alquiler y formaci\u00f3n.","breadcrumb":{"@id":"https:\/\/buddydive.com\/es\/submarinismo\/buceo-tecnico\/#breadcrumb"},"inLanguage":"es","potentialAction":[{"@type":"ReadAction","target":["https:\/\/buddydive.com\/es\/submarinismo\/buceo-tecnico\/"]}]},{"@type":"ImageObject","inLanguage":"es","@id":"https:\/\/buddydive.com\/es\/submarinismo\/buceo-tecnico\/#primaryimage","url":"https:\/\/buddydive.com\/wp-content\/uploads\/2025\/09\/Anouck-Tek-Diving-page.png","contentUrl":"https:\/\/buddydive.com\/wp-content\/uploads\/2025\/09\/Anouck-Tek-Diving-page.png"},{"@type":"BreadcrumbList","@id":"https:\/\/buddydive.com\/es\/submarinismo\/buceo-tecnico\/#breadcrumb","itemListElement":[{"@type":"ListItem","position":1,"name":"Home","item":"https:\/\/buddydive.com\/es\/"},{"@type":"ListItem","position":2,"name":"Submarinismo","item":"https:\/\/buddydive.com\/es\/submarinismo\/"},{"@type":"ListItem","position":3,"name":"Buceo t\u00e9cnico"}]},{"@type":"WebSite","@id":"https:\/\/buddydive.com\/es\/#website","url":"https:\/\/buddydive.com\/es\/","name":"Buddy Dive Bonaire","description":"My WordPress Blog","potentialAction":[{"@type":"SearchAction","target":{"@type":"EntryPoint","urlTemplate":"https:\/\/buddydive.com\/es\/?s={search_term_string}"},"query-input":{"@type":"PropertyValueSpecification","valueRequired":true,"valueName":"search_term_string"}}],"inLanguage":"es"}]}},"_links":{"self":[{"href":"https:\/\/buddydive.com\/es\/wp-json\/wp\/v2\/pages\/32775","targetHints":{"allow":["GET"]}}],"collection":[{"href":"https:\/\/buddydive.com\/es\/wp-json\/wp\/v2\/pages"}],"about":[{"href":"https:\/\/buddydive.com\/es\/wp-json\/wp\/v2\/types\/page"}],"author":[{"embeddable":true,"href":"https:\/\/buddydive.com\/es\/wp-json\/wp\/v2\/users\/1"}],"replies":[{"embeddable":true,"href":"https:\/\/buddydive.com\/es\/wp-json\/wp\/v2\/comments?post=32775"}],"version-history":[{"count":6,"href":"https:\/\/buddydive.com\/es\/wp-json\/wp\/v2\/pages\/32775\/revisions"}],"predecessor-version":[{"id":35748,"href":"https:\/\/buddydive.com\/es\/wp-json\/wp\/v2\/pages\/32775\/revisions\/35748"}],"up":[{"embeddable":true,"href":"https:\/\/buddydive.com\/es\/wp-json\/wp\/v2\/pages\/32631"}],"wp:attachment":[{"href":"https:\/\/buddydive.com\/es\/wp-json\/wp\/v2\/media?parent=32775"}],"curies":[{"name":"wp","href":"https:\/\/api.w.org\/{rel}","templated":true}]}}