{"id":32713,"date":"2025-07-03T10:55:46","date_gmt":"2025-07-03T10:55:46","guid":{"rendered":"https:\/\/buddydive.com\/eventos\/"},"modified":"2025-12-09T10:51:30","modified_gmt":"2025-12-09T10:51:30","slug":"eventos","status":"publish","type":"page","link":"https:\/\/buddydive.com\/es\/eventos\/","title":{"rendered":"Eventos"},"content":{"rendered":"<div class=\"wpb-content-wrapper\">[vc_row][vc_column][vc_column_text]\n<h1 class=\"text-uppercase\" style=\"text-align: center;\"><small>\u00danase a nosotros<\/small> a los eventos de sus buddies\u2122<\/h1>\n<p>Cada a\u00f1o, Buddy Dive Resort se convierte en el anfitri\u00f3n de una serie de eventos populares. Aseg\u00farese de hacer su reserva a tiempo para participar en uno de los muchos eventos y actividades que organizamos a\u00f1o tras a\u00f1o.[\/vc_column_text][\/vc_column][\/vc_row][vc_row][vc_column width=\u00bb1\/2&#8243;][vc_single_image image=\u00bb32502&#8243; img_size=\u00bblarge\u00bb onclick=\u00bbcustom_link\u00bb link=\u00bbhttp:\/\/www.buddydive.com\/events\/operation-ccr\u00bb][vc_column_text css=\u00bb\u00bb]\n<h3><a href=\"http:\/\/www.buddydive.com\/events\/operation-ccr\">Operation CCR<\/a><\/h3>\n<p>19 \u2013 25 de abril de 2025<br \/>\n23 &#8211; 29 de mayo de 2026<\/p>\n<p>Una semana reservada exclusivamente para buceadores CCR.[\/vc_column_text][\/vc_column][vc_column width=\u00bb1\/2&#8243;][vc_single_image image=\u00bb3990&#8243; img_size=\u00bblarge\u00bb onclick=\u00bbcustom_link\u00bb link=\u00bbhttp:\/\/www.buddydive.com\/events\/kids-sea-camp\u00bb][vc_column_text css=\u00bb\u00bb]\n<h3><a href=\"http:\/\/www.buddydive.com\/events\/kids-sea-camp\">Kids Sea Camp<\/a><\/h3>\n<p>29 de marzo &#8211; 5 de abril de 2025<br \/>\n2 de agosto &#8211; 16 de agosto de 2025<br \/>\n<span style=\"font-size: 1.4rem;\">4 \u2013 11 de abril de 2026<br \/>\n<\/span>20 de junio \u2013 4 de julio de 2026<br \/>\n21 &#8211; 28 de noviembre de 2026<\/p>\n<p>Un divertido evento familiar anual que combina cursos de buceo con actividades para toda la familia. \u00a1Cree sus propias vacaciones familiares memorables![\/vc_column_text][\/vc_column][\/vc_row][vc_row][vc_column width=\u00bb1\/2&#8243;][vc_single_image image=\u00bb32749&#8243; img_size=\u00bblarge\u00bb onclick=\u00bbcustom_link\u00bb link=\u00bbhttp:\/\/www.buddydive.com\/events\/marine-life-education\u00bb][vc_column_text css=\u00bb\u00bb]\n<h3><a href=\"http:\/\/www.buddydive.com\/events\/marine-life-education\">Educaci\u00f3n sobre la vida marina<\/a><\/h3>\n<p>31 de mayo &#8211; 27 de junio de 2025<br \/>\n30 de mayo &#8211; 20 de junio de 2026<\/p>\n<p>Ampl\u00ede sus conocimientos sobre la vida en los arrecifes y la fauna submarina de Bonaire.[\/vc_column_text][\/vc_column][vc_column width=\u00bb1\/2&#8243;][vc_single_image image=\u00bb14139&#8243; img_size=\u00bblarge\u00bb onclick=\u00bbcustom_link\u00bb link=\u00bbhttps:\/\/buddydive.com\/events\/bonaire-thru-the-lens\/\u00bb][vc_column_text css=\u00bb\u00bb]\n<h3><a href=\"https:\/\/buddydive.com\/events\/bonaire-thru-the-lens\/\">Buddy Dive Thru the Lens<\/a><\/h3>\n<p>23 \u2013 29 de agosto de 2025<\/p>\n<p>\u00a1\u00danase a nosotros para una semana llena de diversi\u00f3n fotogr\u00e1fica submarina![\/vc_column_text][\/vc_column][\/vc_row][vc_row][vc_column width=\u00bb1\/2&#8243;][vc_single_image image=\u00bb32767&#8243; img_size=\u00bbfull\u00bb onclick=\u00bbcustom_link\u00bb css=\u00bb\u00bb][vc_column_text css=\u00bb\u00bb]\n<h3><a href=\"https:\/\/buddydive.com\/es\/hilma-hooker\/\">Semana del Hilma Hooker<\/a><\/h3>\n<p>13 &#8211; 19 de septiembre de 2025<br \/>\n12 &#8211; 18 de septiembre de 2026<\/p>\n<p>\u00a1Una semana entera dedicada al naufragio del Hilma Hooker![\/vc_column_text][\/vc_column][vc_column width=\u00bb1\/2&#8243;][vc_single_image image=\u00bb32761&#8243; img_size=\u00bblarge\u00bb onclick=\u00bbcustom_link\u00bb link=\u00bbhttp:\/\/www.buddydive.com\/events\/bonaire-tek\u00bb][vc_column_text css=\u00bb\u00bb]\n<h3><a href=\"http:\/\/www.buddydive.com\/events\/bonaire-tek\">Bonaire TeK<\/a><\/h3>\n<p>27 de septiembre \u2013 3 de octubre de 2025<br \/>\n26 de septiembre \u2013 2 de octubre de 2026<\/p>\n<p>Sum\u00e9rjase en el mundo del buceo t\u00e9cnico.[\/vc_column_text][\/vc_column][\/vc_row][vc_row][vc_column width=\u00bb1\/2&#8243;][vc_single_image image=\u00bb32759&#8243; img_size=\u00bblarge\u00bb onclick=\u00bbcustom_link\u00bb link=\u00bbhttps:\/\/buddydive.com\/buddy-dive-resort-x-lorenzo-mittiga\/\u00bb][vc_column_text]\n<h3><a href=\"https:\/\/buddydive.com\/buddy-dive-resort-x-lorenzo-mittiga\/\">Buddy Dive Resort x Lorenzo Mittiga <\/a><\/h3>\n<p>Bajo petici\u00f3n<\/p>\n<p>Aprenda de los mejores durante la semana de fotograf\u00eda submarina con el galardonado fot\u00f3grafo <a href=\"https:\/\/lorenzomittiga.com\/\">Lorenzo Mittiga!<\/a>[\/vc_column_text][\/vc_column][\/vc_row][vc_row][vc_column][vc_raw_js]JTNDc2NyaXB0JTIwdHlwZSUzRCUyMnRleHQlMkZqYXZhc2NyaXB0JTIyJTNFJTBBd2luZG93LlRyZW5nbyUyMCUzRCUyMHdpbmRvdy5UcmVuZ28lMjAlN0MlN0MlMjAlN0IlN0QlM0IlMEF3aW5kb3cuVHJlbmdvLmtleSUyMCUzRCUyMCUyN1E5SGI4dlBvS2VnRDFBSSUyNyUzQiUwQSUyOGZ1bmN0aW9uJTI4ZCUyQyUyMHNjcmlwdCUyQyUyMHQlMjklMjAlN0IlMEElMjAlMjAlMjAlMjBzY3JpcHQlMjAlM0QlMjBkLmNyZWF0ZUVsZW1lbnQlMjglMjdzY3JpcHQlMjclMjklM0IlMEElMjAlMjAlMjAlMjBzY3JpcHQudHlwZSUyMCUzRCUyMCUyN3RleHQlMkZqYXZhc2NyaXB0JTI3JTNCJTBBJTIwJTIwJTIwJTIwc2NyaXB0LmFzeW5jJTIwJTNEJTIwdHJ1ZSUzQiUwQSUyMCUyMCUyMCUyMHNjcmlwdC5zcmMlMjAlM0QlMjAlMjdodHRwcyUzQSUyRiUyRnN0YXRpYy53aWRnZXQudHJlbmdvLmV1JTJGZW1iZWQuanMlMjclM0IlMEElMjAlMjAlMjAlMjBkLmdldEVsZW1lbnRzQnlUYWdOYW1lJTI4JTI3aGVhZCUyNyUyOSU1QjAlNUQuYXBwZW5kQ2hpbGQlMjhzY3JpcHQlMjklM0IlMEElN0QlMjhkb2N1bWVudCUyOSUyOSUzQiUwQSUzQyUyRnNjcmlwdCUzRQ==[\/vc_raw_js][\/vc_column][\/vc_row]\n<\/div>","protected":false},"excerpt":{"rendered":"<p>[vc_row][vc_column][vc_column_text] \u00danase a nosotros a los eventos de sus buddies\u2122 Cada a\u00f1o, Buddy Dive Resort se convierte en el anfitri\u00f3n [&hellip;]<\/p>\n","protected":false},"author":1,"featured_media":0,"parent":0,"menu_order":0,"comment_status":"closed","ping_status":"open","template":"page-templates\/page-left.php","meta":{"footnotes":""},"class_list":["post-32713","page","type-page","status-publish","hentry"],"yoast_head":"<!-- This site is optimized with the Yoast SEO plugin v27.4 - https:\/\/yoast.com\/product\/yoast-seo-wordpress\/ -->\n<title>Eventos en Buddy Dive Resort - Buddy Dive Resort Bonaire<\/title>\n<meta name=\"description\" content=\"Participe en los eventos anuales de Buddy Dive Resort. \u00a1Reserve pronto!\" \/>\n<meta name=\"robots\" content=\"index, follow, max-snippet:-1, max-image-preview:large, max-video-preview:-1\" \/>\n<link rel=\"canonical\" href=\"https:\/\/buddydive.com\/es\/eventos\/\" \/>\n<meta property=\"og:locale\" content=\"es_ES\" \/>\n<meta property=\"og:type\" content=\"article\" \/>\n<meta property=\"og:title\" content=\"Eventos en Buddy Dive Resort - Buddy Dive Resort Bonaire\" \/>\n<meta property=\"og:description\" content=\"Participe en los eventos anuales de Buddy Dive Resort. \u00a1Reserve pronto!\" \/>\n<meta property=\"og:url\" content=\"https:\/\/buddydive.com\/es\/eventos\/\" \/>\n<meta property=\"og:site_name\" content=\"Buddy Dive Bonaire\" \/>\n<meta property=\"article:publisher\" content=\"https:\/\/www.facebook.com\/buddydiveresort\" \/>\n<meta property=\"article:modified_time\" content=\"2025-12-09T10:51:30+00:00\" \/>\n<meta name=\"twitter:card\" content=\"summary_large_image\" \/>\n<meta name=\"twitter:site\" content=\"@buddydive\" \/>\n<meta name=\"twitter:label1\" content=\"Tiempo de lectura\" \/>\n\t<meta name=\"twitter:data1\" content=\"2 minutos\" \/>\n<script type=\"application\/ld+json\" class=\"yoast-schema-graph\">{\"@context\":\"https:\\\/\\\/schema.org\",\"@graph\":[{\"@type\":\"WebPage\",\"@id\":\"https:\\\/\\\/buddydive.com\\\/es\\\/eventos\\\/\",\"url\":\"https:\\\/\\\/buddydive.com\\\/es\\\/eventos\\\/\",\"name\":\"Eventos en Buddy Dive Resort - Buddy Dive Resort Bonaire\",\"isPartOf\":{\"@id\":\"https:\\\/\\\/buddydive.com\\\/es\\\/#website\"},\"datePublished\":\"2025-07-03T10:55:46+00:00\",\"dateModified\":\"2025-12-09T10:51:30+00:00\",\"description\":\"Participe en los eventos anuales de Buddy Dive Resort. \u00a1Reserve pronto!\",\"breadcrumb\":{\"@id\":\"https:\\\/\\\/buddydive.com\\\/es\\\/eventos\\\/#breadcrumb\"},\"inLanguage\":\"es\",\"potentialAction\":[{\"@type\":\"ReadAction\",\"target\":[\"https:\\\/\\\/buddydive.com\\\/es\\\/eventos\\\/\"]}]},{\"@type\":\"BreadcrumbList\",\"@id\":\"https:\\\/\\\/buddydive.com\\\/es\\\/eventos\\\/#breadcrumb\",\"itemListElement\":[{\"@type\":\"ListItem\",\"position\":1,\"name\":\"Home\",\"item\":\"https:\\\/\\\/buddydive.com\\\/es\\\/\"},{\"@type\":\"ListItem\",\"position\":2,\"name\":\"Eventos\"}]},{\"@type\":\"WebSite\",\"@id\":\"https:\\\/\\\/buddydive.com\\\/es\\\/#website\",\"url\":\"https:\\\/\\\/buddydive.com\\\/es\\\/\",\"name\":\"Buddy Dive Bonaire\",\"description\":\"My WordPress Blog\",\"potentialAction\":[{\"@type\":\"SearchAction\",\"target\":{\"@type\":\"EntryPoint\",\"urlTemplate\":\"https:\\\/\\\/buddydive.com\\\/es\\\/?s={search_term_string}\"},\"query-input\":{\"@type\":\"PropertyValueSpecification\",\"valueRequired\":true,\"valueName\":\"search_term_string\"}}],\"inLanguage\":\"es\"}]}<\/script>\n<!-- \/ Yoast SEO plugin. -->","yoast_head_json":{"title":"Eventos en Buddy Dive Resort - Buddy Dive Resort Bonaire","description":"Participe en los eventos anuales de Buddy Dive Resort. \u00a1Reserve pronto!","robots":{"index":"index","follow":"follow","max-snippet":"max-snippet:-1","max-image-preview":"max-image-preview:large","max-video-preview":"max-video-preview:-1"},"canonical":"https:\/\/buddydive.com\/es\/eventos\/","og_locale":"es_ES","og_type":"article","og_title":"Eventos en Buddy Dive Resort - Buddy Dive Resort Bonaire","og_description":"Participe en los eventos anuales de Buddy Dive Resort. \u00a1Reserve pronto!","og_url":"https:\/\/buddydive.com\/es\/eventos\/","og_site_name":"Buddy Dive Bonaire","article_publisher":"https:\/\/www.facebook.com\/buddydiveresort","article_modified_time":"2025-12-09T10:51:30+00:00","twitter_card":"summary_large_image","twitter_site":"@buddydive","twitter_misc":{"Tiempo de lectura":"2 minutos"},"schema":{"@context":"https:\/\/schema.org","@graph":[{"@type":"WebPage","@id":"https:\/\/buddydive.com\/es\/eventos\/","url":"https:\/\/buddydive.com\/es\/eventos\/","name":"Eventos en Buddy Dive Resort - Buddy Dive Resort Bonaire","isPartOf":{"@id":"https:\/\/buddydive.com\/es\/#website"},"datePublished":"2025-07-03T10:55:46+00:00","dateModified":"2025-12-09T10:51:30+00:00","description":"Participe en los eventos anuales de Buddy Dive Resort. \u00a1Reserve pronto!","breadcrumb":{"@id":"https:\/\/buddydive.com\/es\/eventos\/#breadcrumb"},"inLanguage":"es","potentialAction":[{"@type":"ReadAction","target":["https:\/\/buddydive.com\/es\/eventos\/"]}]},{"@type":"BreadcrumbList","@id":"https:\/\/buddydive.com\/es\/eventos\/#breadcrumb","itemListElement":[{"@type":"ListItem","position":1,"name":"Home","item":"https:\/\/buddydive.com\/es\/"},{"@type":"ListItem","position":2,"name":"Eventos"}]},{"@type":"WebSite","@id":"https:\/\/buddydive.com\/es\/#website","url":"https:\/\/buddydive.com\/es\/","name":"Buddy Dive Bonaire","description":"My WordPress Blog","potentialAction":[{"@type":"SearchAction","target":{"@type":"EntryPoint","urlTemplate":"https:\/\/buddydive.com\/es\/?s={search_term_string}"},"query-input":{"@type":"PropertyValueSpecification","valueRequired":true,"valueName":"search_term_string"}}],"inLanguage":"es"}]}},"_links":{"self":[{"href":"https:\/\/buddydive.com\/es\/wp-json\/wp\/v2\/pages\/32713","targetHints":{"allow":["GET"]}}],"collection":[{"href":"https:\/\/buddydive.com\/es\/wp-json\/wp\/v2\/pages"}],"about":[{"href":"https:\/\/buddydive.com\/es\/wp-json\/wp\/v2\/types\/page"}],"author":[{"embeddable":true,"href":"https:\/\/buddydive.com\/es\/wp-json\/wp\/v2\/users\/1"}],"replies":[{"embeddable":true,"href":"https:\/\/buddydive.com\/es\/wp-json\/wp\/v2\/comments?post=32713"}],"version-history":[{"count":4,"href":"https:\/\/buddydive.com\/es\/wp-json\/wp\/v2\/pages\/32713\/revisions"}],"predecessor-version":[{"id":35709,"href":"https:\/\/buddydive.com\/es\/wp-json\/wp\/v2\/pages\/32713\/revisions\/35709"}],"wp:attachment":[{"href":"https:\/\/buddydive.com\/es\/wp-json\/wp\/v2\/media?parent=32713"}],"curies":[{"name":"wp","href":"https:\/\/api.w.org\/{rel}","templated":true}]}}