{"id":32702,"date":"2025-07-03T10:55:24","date_gmt":"2025-07-03T10:55:24","guid":{"rendered":"https:\/\/buddydive.com\/politica-de-privacidad\/"},"modified":"2025-12-10T09:17:37","modified_gmt":"2025-12-10T09:17:37","slug":"politica-de-privacidad","status":"publish","type":"page","link":"https:\/\/buddydive.com\/es\/politica-de-privacidad\/","title":{"rendered":"Pol\u00edtica de Privacidad"},"content":{"rendered":"<h1>Pol\u00edtica de privacidad:<\/h1>\n<p><span data-olk-copy-source=\"MessageBody\">Sus datos personales ser\u00e1n tratados por nosotros, tanto manualmente como a trav\u00e9s de sistemas de procesamiento de datos, con el fin de a) atender sus solicitudes (no se requiere consentimiento) y llevar a cabo actividades en los campos de b) marketing, actividades promocionales y env\u00edo de material informativo relacionado con los servicios y productos ofrecidos por nuestra organizaci\u00f3n (se requiere consentimiento). La transmisi\u00f3n de datos no es obligatoria, pero s\u00ed necesaria para poder atender sus solicitudes. Sus datos podr\u00e1n ser transmitidos a otras empresas controladas o relacionadas. Los datos no ser\u00e1n divulgados p\u00fablicamente. Por \u00faltimo, le recordamos que, para ejercer los derechos previstos en el art\u00edculo 7 del C\u00f3digo relativo a la protecci\u00f3n de datos personales (acceso, modificaci\u00f3n, supresi\u00f3n, oposici\u00f3n al tratamiento de sus datos, etc.), puede ponerse en contacto con el Responsable del Tratamiento de los Datos, escribiendo a: Buddy Dive Resort, Kaya Gob. N. Debrot 85PO Box 231 Bonaire BQ-, +599-717-5080 <\/span><\/p>\n","protected":false},"excerpt":{"rendered":"<p>Pol\u00edtica de privacidad: Sus datos personales ser\u00e1n tratados por nosotros, tanto manualmente como a trav\u00e9s de sistemas de procesamiento de [&hellip;]<\/p>\n","protected":false},"author":1,"featured_media":0,"parent":0,"menu_order":0,"comment_status":"closed","ping_status":"open","template":"","meta":{"footnotes":""},"class_list":["post-32702","page","type-page","status-publish","hentry"],"yoast_head":"<!-- This site is optimized with the Yoast SEO plugin v27.4 - https:\/\/yoast.com\/product\/yoast-seo-wordpress\/ -->\n<title>Pol\u00edtica de Privacidad - Buddy Dive Bonaire<\/title>\n<meta name=\"description\" content=\"Sus datos personales ser\u00e1n tratados por nosotros, tanto manualmente como a trav\u00e9s de sistemas de procesamiento de datos, con el fin de a) atender sus solicitudes (no se requiere consentimiento) y llevar a cabo actividades en los campos de b) marketing, actividades promocionales y env\u00edo de material informativo relacionado con los servicios y productos ofrecidos por nuestra organizaci\u00f3n (se requiere consentimiento).\" \/>\n<meta name=\"robots\" content=\"index, follow, max-snippet:-1, max-image-preview:large, max-video-preview:-1\" \/>\n<link rel=\"canonical\" href=\"https:\/\/buddydive.com\/es\/politica-de-privacidad\/\" \/>\n<meta property=\"og:locale\" content=\"es_ES\" \/>\n<meta property=\"og:type\" content=\"article\" \/>\n<meta property=\"og:title\" content=\"Pol\u00edtica de Privacidad - Buddy Dive Bonaire\" \/>\n<meta property=\"og:description\" content=\"Sus datos personales ser\u00e1n tratados por nosotros, tanto manualmente como a trav\u00e9s de sistemas de procesamiento de datos, con el fin de a) atender sus solicitudes (no se requiere consentimiento) y llevar a cabo actividades en los campos de b) marketing, actividades promocionales y env\u00edo de material informativo relacionado con los servicios y productos ofrecidos por nuestra organizaci\u00f3n (se requiere consentimiento).\" \/>\n<meta property=\"og:url\" content=\"https:\/\/buddydive.com\/es\/politica-de-privacidad\/\" \/>\n<meta property=\"og:site_name\" content=\"Buddy Dive Bonaire\" \/>\n<meta property=\"article:publisher\" content=\"https:\/\/www.facebook.com\/buddydiveresort\" \/>\n<meta property=\"article:modified_time\" content=\"2025-12-10T09:17:37+00:00\" \/>\n<meta name=\"twitter:card\" content=\"summary_large_image\" \/>\n<meta name=\"twitter:site\" content=\"@buddydive\" \/>\n<meta name=\"twitter:label1\" content=\"Tiempo de lectura\" \/>\n\t<meta name=\"twitter:data1\" content=\"1 minuto\" \/>\n<script type=\"application\/ld+json\" class=\"yoast-schema-graph\">{\"@context\":\"https:\\\/\\\/schema.org\",\"@graph\":[{\"@type\":\"WebPage\",\"@id\":\"https:\\\/\\\/buddydive.com\\\/es\\\/politica-de-privacidad\\\/\",\"url\":\"https:\\\/\\\/buddydive.com\\\/es\\\/politica-de-privacidad\\\/\",\"name\":\"Pol\u00edtica de Privacidad - Buddy Dive Bonaire\",\"isPartOf\":{\"@id\":\"https:\\\/\\\/buddydive.com\\\/es\\\/#website\"},\"datePublished\":\"2025-07-03T10:55:24+00:00\",\"dateModified\":\"2025-12-10T09:17:37+00:00\",\"description\":\"Sus datos personales ser\u00e1n tratados por nosotros, tanto manualmente como a trav\u00e9s de sistemas de procesamiento de datos, con el fin de a) atender sus solicitudes (no se requiere consentimiento) y llevar a cabo actividades en los campos de b) marketing, actividades promocionales y env\u00edo de material informativo relacionado con los servicios y productos ofrecidos por nuestra organizaci\u00f3n (se requiere consentimiento).\",\"breadcrumb\":{\"@id\":\"https:\\\/\\\/buddydive.com\\\/es\\\/politica-de-privacidad\\\/#breadcrumb\"},\"inLanguage\":\"es\",\"potentialAction\":[{\"@type\":\"ReadAction\",\"target\":[\"https:\\\/\\\/buddydive.com\\\/es\\\/politica-de-privacidad\\\/\"]}]},{\"@type\":\"BreadcrumbList\",\"@id\":\"https:\\\/\\\/buddydive.com\\\/es\\\/politica-de-privacidad\\\/#breadcrumb\",\"itemListElement\":[{\"@type\":\"ListItem\",\"position\":1,\"name\":\"Home\",\"item\":\"https:\\\/\\\/buddydive.com\\\/es\\\/\"},{\"@type\":\"ListItem\",\"position\":2,\"name\":\"Pol\u00edtica de Privacidad\"}]},{\"@type\":\"WebSite\",\"@id\":\"https:\\\/\\\/buddydive.com\\\/es\\\/#website\",\"url\":\"https:\\\/\\\/buddydive.com\\\/es\\\/\",\"name\":\"Buddy Dive Bonaire\",\"description\":\"My WordPress Blog\",\"potentialAction\":[{\"@type\":\"SearchAction\",\"target\":{\"@type\":\"EntryPoint\",\"urlTemplate\":\"https:\\\/\\\/buddydive.com\\\/es\\\/?s={search_term_string}\"},\"query-input\":{\"@type\":\"PropertyValueSpecification\",\"valueRequired\":true,\"valueName\":\"search_term_string\"}}],\"inLanguage\":\"es\"}]}<\/script>\n<!-- \/ Yoast SEO plugin. -->","yoast_head_json":{"title":"Pol\u00edtica de Privacidad - Buddy Dive Bonaire","description":"Sus datos personales ser\u00e1n tratados por nosotros, tanto manualmente como a trav\u00e9s de sistemas de procesamiento de datos, con el fin de a) atender sus solicitudes (no se requiere consentimiento) y llevar a cabo actividades en los campos de b) marketing, actividades promocionales y env\u00edo de material informativo relacionado con los servicios y productos ofrecidos por nuestra organizaci\u00f3n (se requiere consentimiento).","robots":{"index":"index","follow":"follow","max-snippet":"max-snippet:-1","max-image-preview":"max-image-preview:large","max-video-preview":"max-video-preview:-1"},"canonical":"https:\/\/buddydive.com\/es\/politica-de-privacidad\/","og_locale":"es_ES","og_type":"article","og_title":"Pol\u00edtica de Privacidad - Buddy Dive Bonaire","og_description":"Sus datos personales ser\u00e1n tratados por nosotros, tanto manualmente como a trav\u00e9s de sistemas de procesamiento de datos, con el fin de a) atender sus solicitudes (no se requiere consentimiento) y llevar a cabo actividades en los campos de b) marketing, actividades promocionales y env\u00edo de material informativo relacionado con los servicios y productos ofrecidos por nuestra organizaci\u00f3n (se requiere consentimiento).","og_url":"https:\/\/buddydive.com\/es\/politica-de-privacidad\/","og_site_name":"Buddy Dive Bonaire","article_publisher":"https:\/\/www.facebook.com\/buddydiveresort","article_modified_time":"2025-12-10T09:17:37+00:00","twitter_card":"summary_large_image","twitter_site":"@buddydive","twitter_misc":{"Tiempo de lectura":"1 minuto"},"schema":{"@context":"https:\/\/schema.org","@graph":[{"@type":"WebPage","@id":"https:\/\/buddydive.com\/es\/politica-de-privacidad\/","url":"https:\/\/buddydive.com\/es\/politica-de-privacidad\/","name":"Pol\u00edtica de Privacidad - Buddy Dive Bonaire","isPartOf":{"@id":"https:\/\/buddydive.com\/es\/#website"},"datePublished":"2025-07-03T10:55:24+00:00","dateModified":"2025-12-10T09:17:37+00:00","description":"Sus datos personales ser\u00e1n tratados por nosotros, tanto manualmente como a trav\u00e9s de sistemas de procesamiento de datos, con el fin de a) atender sus solicitudes (no se requiere consentimiento) y llevar a cabo actividades en los campos de b) marketing, actividades promocionales y env\u00edo de material informativo relacionado con los servicios y productos ofrecidos por nuestra organizaci\u00f3n (se requiere consentimiento).","breadcrumb":{"@id":"https:\/\/buddydive.com\/es\/politica-de-privacidad\/#breadcrumb"},"inLanguage":"es","potentialAction":[{"@type":"ReadAction","target":["https:\/\/buddydive.com\/es\/politica-de-privacidad\/"]}]},{"@type":"BreadcrumbList","@id":"https:\/\/buddydive.com\/es\/politica-de-privacidad\/#breadcrumb","itemListElement":[{"@type":"ListItem","position":1,"name":"Home","item":"https:\/\/buddydive.com\/es\/"},{"@type":"ListItem","position":2,"name":"Pol\u00edtica de Privacidad"}]},{"@type":"WebSite","@id":"https:\/\/buddydive.com\/es\/#website","url":"https:\/\/buddydive.com\/es\/","name":"Buddy Dive Bonaire","description":"My WordPress Blog","potentialAction":[{"@type":"SearchAction","target":{"@type":"EntryPoint","urlTemplate":"https:\/\/buddydive.com\/es\/?s={search_term_string}"},"query-input":{"@type":"PropertyValueSpecification","valueRequired":true,"valueName":"search_term_string"}}],"inLanguage":"es"}]}},"_links":{"self":[{"href":"https:\/\/buddydive.com\/es\/wp-json\/wp\/v2\/pages\/32702","targetHints":{"allow":["GET"]}}],"collection":[{"href":"https:\/\/buddydive.com\/es\/wp-json\/wp\/v2\/pages"}],"about":[{"href":"https:\/\/buddydive.com\/es\/wp-json\/wp\/v2\/types\/page"}],"author":[{"embeddable":true,"href":"https:\/\/buddydive.com\/es\/wp-json\/wp\/v2\/users\/1"}],"replies":[{"embeddable":true,"href":"https:\/\/buddydive.com\/es\/wp-json\/wp\/v2\/comments?post=32702"}],"version-history":[{"count":1,"href":"https:\/\/buddydive.com\/es\/wp-json\/wp\/v2\/pages\/32702\/revisions"}],"predecessor-version":[{"id":35735,"href":"https:\/\/buddydive.com\/es\/wp-json\/wp\/v2\/pages\/32702\/revisions\/35735"}],"wp:attachment":[{"href":"https:\/\/buddydive.com\/es\/wp-json\/wp\/v2\/media?parent=32702"}],"curies":[{"name":"wp","href":"https:\/\/api.w.org\/{rel}","templated":true}]}}