{"id":32654,"date":"2025-07-03T10:55:09","date_gmt":"2025-07-03T10:55:09","guid":{"rendered":"https:\/\/buddydive.com\/bonaire-tek\/"},"modified":"2025-12-09T14:28:13","modified_gmt":"2025-12-09T14:28:13","slug":"bonaire-tek","status":"publish","type":"page","link":"https:\/\/buddydive.com\/es\/eventos\/bonaire-tek\/","title":{"rendered":"Bonaire TeK"},"content":{"rendered":"<div class=\"wpb-content-wrapper\">[vc_row][vc_column width=\u00bb3\/4&#8243;][vc_column_text css=\u00bb\u00bb]\n<h1 class=\"text-uppercase\" style=\"text-align: center;\"><small>Sum\u00e9rjase en el mundo del<\/small> buceo t\u00e9cnico<\/h1>\n<h3>BonaireTeK<\/h3>\n<p><em>27 de septiembre &#8211; 3 de octubre de 2025<br \/>\n<span style=\"font-size: 1.4rem;\">26 de septiembre \u2013 2 de octubre de 2026<\/span><\/em><\/p>\n<p>Cada a\u00f1o, Buddy Dive Resort se une a Buddy Dive Tek para el evento de buceo t\u00e9cnico m\u00e1s importante del Caribe. \u00a1BonaireTeK en Buddy Dive es una emocionante semana de demostraciones, presentaciones y formaci\u00f3n de buceo t\u00e9cnico! Durante EL evento para buceadores t\u00e9cnicos, ofrecemos demostraciones y pruebas con los equipos m\u00e1s nuevos, presentaciones de nombres reconocidos en la industria y muchas inmersiones t\u00e9cnicas. Este a\u00f1o, Buddy Dive se enorgullece de acoger a los patrocinadores del evento <a href=\"https:\/\/www.diverite.com\/\">Dive Rite<\/a>, <a href=\"https:\/\/dan.org\/\">DAN<\/a>, <a href=\"https:\/\/silentdiving.com\/\">Silent Diving<\/a>, <a href=\"https:\/\/scubatron.com\/\">Scubatron<\/a>, <a href=\"https:\/\/shearwater.com\/\">Shearwater<\/a> y <a href=\"https:\/\/www.fathomdive.com\/\">Fathomdive<\/a>. \u00a1El programa de 2025 se anunciar\u00e1 pronto!<\/p>\n<p>Nos encanta reunir a buceadores t\u00e9cnicos de todo el mundo, crear una comunidad e iniciar nuevas colaboraciones. Los hu\u00e9spedes de Bonaire TeK disfrutar\u00e1n de fant\u00e1sticas inmersiones profundas, como una inmersi\u00f3n en el pecio profundo de \u201cThe Windjammer\u201d.<\/p>\n<p style=\"text-align: left;\">\u00bfEs usted un buceador t\u00e9cnico experimentado, que acaba de comenzar su viaje como buceador t\u00e9cnico? \u00bfO a\u00fan no tiene experiencia en Tec y quiere aprender todo sobre el buceo t\u00e9cnico para sacarle el m\u00e1ximo partido a sus inmersiones y crear una nueva adicci\u00f3n? \u00danase a Your Buddies\u2122 en Bonaire para BonaireTeK.<\/p>\n[\/vc_column_text][\/vc_column][vc_column width=\u00bb1\/4&#8243;][vc_cta h2=\u00bb\u00a1P\u00f3ngase en contacto!\u00bb txt_align=\u00bbcenter\u00bb]\n<p style=\"text-align: center;\"><img loading=\"lazy\" decoding=\"async\" class=\"alignnone wp-image-20068 size-medium\" src=\"https:\/\/buddydive.com\/wp-content\/uploads\/2023\/01\/Anouck-1-300x300.png\" alt=\"\" width=\"300\" height=\"300\" srcset=\"https:\/\/buddydive.com\/wp-content\/uploads\/2023\/01\/Anouck-1-300x300.png 300w, https:\/\/buddydive.com\/wp-content\/uploads\/2023\/01\/Anouck-1-1024x1024.png 1024w, https:\/\/buddydive.com\/wp-content\/uploads\/2023\/01\/Anouck-1-150x150.png 150w, https:\/\/buddydive.com\/wp-content\/uploads\/2023\/01\/Anouck-1-768x768.png 768w, https:\/\/buddydive.com\/wp-content\/uploads\/2023\/01\/Anouck-1-1536x1536.png 1536w, https:\/\/buddydive.com\/wp-content\/uploads\/2023\/01\/Anouck-1-2048x2048.png 2048w\" sizes=\"auto, (max-width: 300px) 100vw, 300px\" \/>Anouck<br \/>\nCoordinadora de buceo Tec<br \/>\n<a href=\"mailto:tekdiving@buddydive.com\" target=\"_blank\" rel=\"noopener noreferrer\">tekdiving@buddydive.com<\/a>[\/vc_cta][\/vc_column][\/vc_row][vc_row][vc_column width=\u00bb1\/2&#8243;][vc_btn title=\u00bbPaquetes TeK\u00bb size=\u00bblg\u00bb align=\u00bbcenter\u00bb css=\u00bb\u00bb button_block=\u00bbtrue\u00bb link=\u00bburl:https%3A%2F%2Fbuddydive.com%2Fwp-content%2Fuploads%2F2025%2F02%2FBuddy-Dive-TeK-Packages-1.pdf|target:_blank|\u00bb][\/vc_column][vc_column width=\u00bb1\/2&#8243;][vc_btn title=\u00bbPrograma de Bonaire TeK 2025&#8243; size=\u00bblg\u00bb align=\u00bbcenter\u00bb i_icon_fontawesome=\u00bbfa fa-solid fa-calendar\u00bb css=\u00bb\u00bb button_block=\u00bbtrue\u00bb add_icon=\u00bbtrue\u00bb link=\u00bburl:https%3A%2F%2Fbuddydive.com%2Fwp-content%2Fuploads%2F2025%2F06%2FBON-TEK-Schedule-2025.pdf|target:_blank|\u00bb][\/vc_column][\/vc_row][vc_row][vc_column][vc_gallery images=\u00bb32682,32683,32684,32685,32686,32687,32688,32689,32694&#8243; img_size=\u00bblarge\u00bb css=\u00bb\u00bb columns=\u00bb5&#8243;][vc_empty_space][vc_separator][vc_video link=\u00bbhttps:\/\/youtu.be\/H9y4vG3p86c\u00bb css=\u00bb\u00bb title=\u00bbBonaire TeK 2024&#8243;][\/vc_column][\/vc_row][vc_row][vc_column][vc_column_text css=\u00bb\u00bb]\n<h2 class=\"text-uppercase\" style=\"text-align: center;\">Invitados especiales de BonaireTeK 2025<\/h2>\n[\/vc_column_text][\/vc_column][\/vc_row][vc_row][vc_column width=\u00bb1\/4&#8243;][vc_single_image image=\u00bb32692&#8243; img_size=\u00bbmedium\u00bb css=\u00bb\u00bb][\/vc_column][vc_column width=\u00bb3\/4&#8243;][vc_column_text css=\u00bb\u00bb]\n<h4 class=\"x_MsoNormal\"><span lang=\"EN-US\">Emmanuel Dugrenot &#8211; Investigador s\u00e9nior<br \/>\n<a href=\"https:\/\/dan.org\/\"><em>DAN<\/em><\/a><\/span><\/h4>\n<p>Despu\u00e9s de completar una maestr\u00eda en biolog\u00eda molecular, el Dr. Dugrenot trabaj\u00f3 como instructor de buceo, especializ\u00e1ndose en buceo t\u00e9cnico y con rebreather, y obteniendo una certificaci\u00f3n de instructor trainer. Por aquel entonces, tambi\u00e9n cre\u00f3 y dirigi\u00f3 una empresa para desarrollar procedimientos de descompresi\u00f3n mejorados, trabajando con ingenieros, matem\u00e1ticos y bi\u00f3logos. Tras trabajar a tiempo completo en la industria del buceo durante algunos a\u00f1os, el Dr. Dugrenot complet\u00f3 un doctorado en Fisiolog\u00eda en la Universidad de Breta\u00f1a Occidental (Francia) sobre la resistencia gen\u00e9tica a la enfermedad de descompresi\u00f3n. Era natural que se uniera a DAN en noviembre de 2022 para seguir trabajando en la seguridad de los buceadores. El Dr. Dugrenot tambi\u00e9n es investigador visitante en el Departamento de Ingenier\u00eda Biom\u00e9dica de la Universidad de Carolina del Norte en Chapel Hill y en el laboratorio ORPHY de la Universidad de Breta\u00f1a Occidental\u201d.[\/vc_column_text][\/vc_column][\/vc_row][vc_row][vc_column width=\u00bb1\/4&#8243;][vc_single_image image=\u00bb32693&#8243; img_size=\u00bbmedium\u00bb alignment=\u00bbcenter\u00bb css=\u00bb\u00bb][\/vc_column][vc_column width=\u00bb3\/4&#8243;][vc_column_text css=\u00bb\u00bb]\n<h4>Justin Judd<br \/>\n<span lang=\"EN-US\"><em><a href=\"https:\/\/www.diverite.com\/\">dive rite<\/a><\/em><strong><br \/>\n<\/strong><\/span><span lang=\"EN-US\"><em><br \/>\n<\/em><\/span><\/h4>\n<p>Justin comenz\u00f3 a bucear a los 10 a\u00f1os en el sur de California y se volvi\u00f3 adicto al instante. Al crecer, le encantaba descubrir la historia detr\u00e1s de los pecios en los que buceaba y le dio la idea de dedicarse al buceo a tiempo completo. A medida que crec\u00eda, se dio cuenta de todos los lugares incre\u00edbles que pod\u00eda visitar y de la gente que conocer\u00eda. Se volc\u00f3 por completo con su idea y se mud\u00f3 al norte de Florida en 2021 para trabajar en Dive Rite. Su inmersi\u00f3n favorita actual es el HMHS Britannic. Justin es un instructor activo de rebreather y actualmente est\u00e1 trabajando en su calificaci\u00f3n de instructor aprendiz de NSS-CDS.[\/vc_column_text][\/vc_column][\/vc_row][vc_row][vc_column width=\u00bb1\/4&#8243;][vc_single_image image=\u00bb32511&#8243; img_size=\u00bbmedium\u00bb alignment=\u00bbcenter\u00bb css=\u00bb\u00bb][\/vc_column][vc_column width=\u00bb3\/4&#8243;][vc_column_text css=\u00bb\u00bb]\n<h4 class=\"x_MsoNormal\"><span lang=\"EN-US\"><strong><a href=\"https:\/\/silentdiving.com\/\">Silent Diving<\/a><br \/>\n<\/strong><\/span><span lang=\"EN-US\"><em><br \/>\n<\/em><\/span><\/h4>\n<p>Buddy Dive Resort se enorgullece de a\u00f1adir Silent Diving a nuestra lista de patrocinadores. \u00a1Silent Diving se unir\u00e1 a Bonaire TeK y Operation CCR 2024 para compartir sus m\u00e1s de 20 a\u00f1os de experiencia con los hu\u00e9spedes de Operation CCR! \u00a1Silent Diving ha sido distribuidor de rebreathers y productos de AP Diving! Son los distribuidores de Inspiration, Evolution Closed Circuit Rebreathers y todas las unidades Ambient Pressure Diving LTD. El equipo de Silent Diving ofrece una atenci\u00f3n al cliente de primera clase y una profunda pasi\u00f3n por ayudar a crear las experiencias de buceo m\u00e1s innovadoras y rompedoras imaginables.[\/vc_column_text][\/vc_column][\/vc_row][vc_row][vc_column width=\u00bb1\/4&#8243;][vc_single_image image=\u00bb32695&#8243; img_size=\u00bblarge\u00bb css=\u00bb\u00bb][\/vc_column][vc_column width=\u00bb3\/4&#8243;][vc_column_text css=\u00bb\u00bb]\n<h4>Gregory Borodiansky<br \/>\n<a href=\"https:\/\/scubatron.com\/\">scubatron<\/a><\/h4>\n<p>Fund\u00f3 Scubatron en agosto de 2013 como una empresa orientada a la formaci\u00f3n en buceo TEC. Gregory est\u00e1 capacitado como IANTD IT, instructor de Tec\/Rec OC y CCR Mixed Gas, buceador de cuevas y fot\u00f3grafo submarino. Puede formar a nuevos instructores, incluidos instructores de rebreather. Cualificado para bucear con una gran variedad de rebreathers. Est\u00e1 certificado para ense\u00f1ar: KISS (SideWinder, Classic, Spirit), DiveSoft (Livberty SM), Poseidon (MK-VI y VII), Hollis, LungFish y rebreathers GBM a todos los niveles recreativos y t\u00e9cnicos, incluido el trimix avanzado. Ha participado con orgullo en m\u00faltiples expediciones de buceo: Last Cayman Island-I y II, Tesoros perdidos de antiguos mayas, innumerables \u201cb\u00fasquedas de huesos\u201d y descubrimientos en cuevas mexicanas, pecio de Carolina short mission, Truk \u2013 exploraci\u00f3n de pecios de la Segunda Guerra Mundial.[\/vc_column_text][\/vc_column][\/vc_row][vc_row][vc_column width=\u00bb1\/4&#8243;][vc_single_image image=\u00bb32696&#8243; img_size=\u00bbmedium\u00bb css=\u00bb\u00bb][\/vc_column][vc_column width=\u00bb3\/4&#8243;][vc_column_text css=\u00bb\u00bb]\n<h4>Mel Clark<br \/>\n<a href=\"https:\/\/scubatron.com\/\">scubatron<\/a><\/h4>\n<p>Mel es una instructora trainer activa de buceo t\u00e9cnico\/rebreather y una \u00e1vida fot\u00f3grafa submarina. En 2003 imparti\u00f3 clases en el Divers Institute of Technology (DIT), ayudando a formar a futuros buzos comerciales. Actualmente, Mel instruye a estudiantes y futuros instructores sobre la mayor\u00eda de los principales rebreathers del mercado. Tambi\u00e9n es una apasionada del buceo en cuevas e imparte clases de CCR Cave. Mel es miembro del Sal\u00f3n de la Fama de las Mujeres Buzas y embajadora de IANTD y miembro de la junta directiva de IANTD. Aparte de la ense\u00f1anza, a Mel le apasiona la fotograf\u00eda y la escritura submarinas. Tambi\u00e9n ha escrito muchos manuales y programas de formaci\u00f3n de agencias, incluido el manual TDI KISS CCR, el manual TDI Semi-Closed Circuit rebreather y el curso rEvo de IANTD. Mel ha publicado de forma independiente CCR Trimix Simplified, CCR Cave Almost Simplified y una gu\u00eda universal de f\u00e1cil lectura sobre la compra y el buceo con el rebreather de circuito cerrado, llamada \u201cRebreathers Simplified.\u201d La principal pasi\u00f3n de Mel es ense\u00f1ar a sus alumnos habilidades de supervivencia con CCR de forma de alta calidad para que aprendan y apliquen las habilidades a trav\u00e9s de la repetici\u00f3n hasta que se conviertan en algo natural para el buceador. Ella siente que al conseguir que los estudiantes sobreaprendan las habilidades y no s\u00f3lo las habilidades b\u00e1sicas, sino las habilidades avanzadas que alg\u00fan d\u00eda podr\u00edan utilizar para lograr un resultado positivo. Sus alumnos salen de clase sinti\u00e9ndose seguros y m\u00e1s seguros en sus CCR.[\/vc_column_text][\/vc_column][\/vc_row][vc_row][vc_column width=\u00bb1\/4&#8243;][vc_single_image image=\u00bb32697&#8243; img_size=\u00bblarge\u00bb css=\u00bb\u00bb][\/vc_column][vc_column width=\u00bb3\/4&#8243;][vc_column_text css=\u00bb\u00bb]\n<h4><a href=\"https:\/\/shearwater.com\/\">Shearwater<\/a><\/h4>\n<p>Fundada en 2004 por Bruce Partridge en Canad\u00e1 con la misi\u00f3n de crear ordenadores de buceo intuitivos y fiables para buceadores t\u00e9cnicos y con rebreather. Conocidos por su fiabilidad e interfaces intuitivas, los dispositivos Shearwater ofrecen precisi\u00f3n y personalizaci\u00f3n para una amplia gama de necesidades de buceo. Con un fuerte enfoque en la innovaci\u00f3n y la retroalimentaci\u00f3n de los usuarios, Shearwater es un l\u00edder de confianza en la tecnolog\u00eda de buceo.[\/vc_column_text][\/vc_column][\/vc_row][vc_row][vc_column width=\u00bb1\/4&#8243;][vc_single_image image=\u00bb32260&#8243; css=\u00bb\u00bb][\/vc_column][vc_column width=\u00bb3\/4&#8243;][vc_column_text css=\u00bb\u00bb]\n<h4>Damien Monge<br \/>\n<a href=\"https:\/\/pros-blog.padi.com\/\">PADI<\/a><\/h4>\n<p>Con casi 20 a\u00f1os de experiencia a sus espaldas, Damien es Director de Curso y Consultor Regional de Formaci\u00f3n para las regiones de M\u00e9xico, Centroam\u00e9rica y el Caribe Latino. Adem\u00e1s, lleva 13 a\u00f1os trabajando para PADI. Buddy Dive tiene el honor de a\u00f1adir a Damien a nuestra lista de invitados especiales de este a\u00f1o, donde representar\u00e1 a PADI.[\/vc_column_text][\/vc_column][\/vc_row][vc_row][vc_column][vc_separator][vc_column_text]\n<h4><strong>Acerca de Buddy Dive Tek:<\/strong><\/h4>\n<p>Buddy Dive TeK abri\u00f3 sus puertas en 2007, con la misi\u00f3n de proporcionar soporte t\u00e9cnico de calidad y <a href=\"https:\/\/buddydive.com\/es\/submarinismo\/cursos-y-precios-de-buceo\/#1568920559278-6281a81c-42c1\">formaci\u00f3n<\/a> a sus clientes y hu\u00e9spedes en Buddy Dive y en Bonaire. En los \u00faltimos a\u00f1os, Buddy Dive TeK se ha convertido en la mayor instalaci\u00f3n de buceo t\u00e9cnico del Caribe.<\/p>\n<p>El equipo de Buddy Dive TeK representa una gran cantidad de conocimientos t\u00e9cnicos y certificaciones de todos los campos del buceo. Con un servicio de soporte t\u00e9cnico totalmente operativo, un amplio alquiler de equipos y formaci\u00f3n t\u00e9cnica hasta el nivel de instructor, incluyendo trimix y CCR. Buddy Dive TeK ofrece todo lo necesario.<\/p>\n<p>El esp\u00edritu incesante de aventura y la curiosidad de la entusiasta comunidad de buceo en todo el mundo sigue impulsando la industria del buceo hacia adelante. Es un placer para nosotros asegurar que en Buddy Dive proporcionamos lo \u00faltimo en buceo t\u00e9cnico en un ambiente seguro y amigable.[\/vc_column_text][\/vc_column][\/vc_row][vc_row][vc_column][vc_raw_js]JTNDc2NyaXB0JTIwdHlwZSUzRCUyMnRleHQlMkZqYXZhc2NyaXB0JTIyJTNFJTBBd2luZG93LlRyZW5nbyUyMCUzRCUyMHdpbmRvdy5UcmVuZ28lMjAlN0MlN0MlMjAlN0IlN0QlM0IlMEF3aW5kb3cuVHJlbmdvLmtleSUyMCUzRCUyMCUyN1E5SGI4dlBvS2VnRDFBSSUyNyUzQiUwQSUyOGZ1bmN0aW9uJTI4ZCUyQyUyMHNjcmlwdCUyQyUyMHQlMjklMjAlN0IlMEElMjAlMjAlMjAlMjBzY3JpcHQlMjAlM0QlMjBkLmNyZWF0ZUVsZW1lbnQlMjglMjdzY3JpcHQlMjclMjklM0IlMEElMjAlMjAlMjAlMjBzY3JpcHQudHlwZSUyMCUzRCUyMCUyN3RleHQlMkZqYXZhc2NyaXB0JTI3JTNCJTBBJTIwJTIwJTIwJTIwc2NyaXB0LmFzeW5jJTIwJTNEJTIwdHJ1ZSUzQiUwQSUyMCUyMCUyMCUyMHNjcmlwdC5zcmMlMjAlM0QlMjAlMjdodHRwcyUzQSUyRiUyRnN0YXRpYy53aWRnZXQudHJlbmdvLmV1JTJGZW1iZWQuanMlMjclM0IlMEElMjAlMjAlMjAlMjBkLmdldEVsZW1lbnRzQnlUYWdOYW1lJTI4JTI3aGVhZCUyNyUyOSU1QjAlNUQuYXBwZW5kQ2hpbGQlMjhzY3JpcHQlMjklM0IlMEElN0QlMjhkb2N1bWVudCUyOSUyOSUzQiUwQSUzQyUyRnNjcmlwdCUzRQ==[\/vc_raw_js][\/vc_column][\/vc_row]\n<\/div>","protected":false},"excerpt":{"rendered":"<p>[vc_row][vc_column width=\u00bb3\/4&#8243;][vc_column_text css=\u00bb\u00bb] Sum\u00e9rjase en el mundo del buceo t\u00e9cnico BonaireTeK 27 de septiembre &#8211; 3 de octubre de 2025 [&hellip;]<\/p>\n","protected":false},"author":1,"featured_media":0,"parent":32713,"menu_order":0,"comment_status":"closed","ping_status":"closed","template":"","meta":{"footnotes":""},"class_list":["post-32654","page","type-page","status-publish","hentry"],"yoast_head":"<!-- This site is optimized with the Yoast SEO plugin v27.0 - https:\/\/yoast.com\/product\/yoast-seo-wordpress\/ -->\n<title>Bonaire TeK en Buddy Dive - Buddy Dive Resort Bonaire<\/title>\n<meta name=\"description\" content=\"\u00a1Sum\u00e9rjase en Bonaire TeK: demos, talleres y presentaciones GRATIS de GUE, NAUI, PADI y m\u00e1s!\" \/>\n<meta name=\"robots\" content=\"index, follow, max-snippet:-1, max-image-preview:large, max-video-preview:-1\" \/>\n<link rel=\"canonical\" href=\"https:\/\/buddydive.com\/es\/eventos\/bonaire-tek\/\" \/>\n<meta property=\"og:locale\" content=\"es_ES\" \/>\n<meta property=\"og:type\" content=\"article\" \/>\n<meta property=\"og:title\" content=\"Bonaire TeK en Buddy Dive - Buddy Dive Resort Bonaire\" \/>\n<meta property=\"og:description\" content=\"\u00a1Sum\u00e9rjase en Bonaire TeK: demos, talleres y presentaciones GRATIS de GUE, NAUI, PADI y m\u00e1s!\" \/>\n<meta property=\"og:url\" content=\"https:\/\/buddydive.com\/es\/eventos\/bonaire-tek\/\" \/>\n<meta property=\"og:site_name\" content=\"Buddy Dive Bonaire\" \/>\n<meta property=\"article:publisher\" content=\"https:\/\/www.facebook.com\/buddydiveresort\" \/>\n<meta property=\"article:modified_time\" content=\"2025-12-09T14:28:13+00:00\" \/>\n<meta property=\"og:image\" content=\"https:\/\/buddydive.com\/wp-content\/uploads\/2023\/01\/Anouck-1-1024x1024.png\" \/>\n\t<meta property=\"og:image:width\" content=\"1024\" \/>\n\t<meta property=\"og:image:height\" content=\"1024\" \/>\n\t<meta property=\"og:image:type\" content=\"image\/png\" \/>\n<meta name=\"twitter:card\" content=\"summary_large_image\" \/>\n<meta name=\"twitter:site\" content=\"@buddydive\" \/>\n<meta name=\"twitter:label1\" content=\"Tiempo de lectura\" \/>\n\t<meta name=\"twitter:data1\" content=\"7 minutos\" \/>\n<script type=\"application\/ld+json\" class=\"yoast-schema-graph\">{\"@context\":\"https:\/\/schema.org\",\"@graph\":[{\"@type\":\"WebPage\",\"@id\":\"https:\/\/buddydive.com\/es\/eventos\/bonaire-tek\/\",\"url\":\"https:\/\/buddydive.com\/es\/eventos\/bonaire-tek\/\",\"name\":\"Bonaire TeK en Buddy Dive - Buddy Dive Resort Bonaire\",\"isPartOf\":{\"@id\":\"https:\/\/buddydive.com\/es\/#website\"},\"primaryImageOfPage\":{\"@id\":\"https:\/\/buddydive.com\/es\/eventos\/bonaire-tek\/#primaryimage\"},\"image\":{\"@id\":\"https:\/\/buddydive.com\/es\/eventos\/bonaire-tek\/#primaryimage\"},\"thumbnailUrl\":\"https:\/\/buddydive.com\/wp-content\/uploads\/2023\/01\/Anouck-1-300x300.png\",\"datePublished\":\"2025-07-03T10:55:09+00:00\",\"dateModified\":\"2025-12-09T14:28:13+00:00\",\"description\":\"\u00a1Sum\u00e9rjase en Bonaire TeK: demos, talleres y presentaciones GRATIS de GUE, NAUI, PADI y m\u00e1s!\",\"breadcrumb\":{\"@id\":\"https:\/\/buddydive.com\/es\/eventos\/bonaire-tek\/#breadcrumb\"},\"inLanguage\":\"es\",\"potentialAction\":[{\"@type\":\"ReadAction\",\"target\":[\"https:\/\/buddydive.com\/es\/eventos\/bonaire-tek\/\"]}]},{\"@type\":\"ImageObject\",\"inLanguage\":\"es\",\"@id\":\"https:\/\/buddydive.com\/es\/eventos\/bonaire-tek\/#primaryimage\",\"url\":\"https:\/\/buddydive.com\/wp-content\/uploads\/2023\/01\/Anouck-1-300x300.png\",\"contentUrl\":\"https:\/\/buddydive.com\/wp-content\/uploads\/2023\/01\/Anouck-1-300x300.png\"},{\"@type\":\"BreadcrumbList\",\"@id\":\"https:\/\/buddydive.com\/es\/eventos\/bonaire-tek\/#breadcrumb\",\"itemListElement\":[{\"@type\":\"ListItem\",\"position\":1,\"name\":\"Home\",\"item\":\"https:\/\/buddydive.com\/es\/\"},{\"@type\":\"ListItem\",\"position\":2,\"name\":\"Eventos\",\"item\":\"https:\/\/buddydive.com\/es\/eventos\/\"},{\"@type\":\"ListItem\",\"position\":3,\"name\":\"Bonaire TeK\"}]},{\"@type\":\"WebSite\",\"@id\":\"https:\/\/buddydive.com\/es\/#website\",\"url\":\"https:\/\/buddydive.com\/es\/\",\"name\":\"Buddy Dive Bonaire\",\"description\":\"My WordPress Blog\",\"potentialAction\":[{\"@type\":\"SearchAction\",\"target\":{\"@type\":\"EntryPoint\",\"urlTemplate\":\"https:\/\/buddydive.com\/es\/?s={search_term_string}\"},\"query-input\":{\"@type\":\"PropertyValueSpecification\",\"valueRequired\":true,\"valueName\":\"search_term_string\"}}],\"inLanguage\":\"es\"}]}<\/script>\n<!-- \/ Yoast SEO plugin. -->","yoast_head_json":{"title":"Bonaire TeK en Buddy Dive - Buddy Dive Resort Bonaire","description":"\u00a1Sum\u00e9rjase en Bonaire TeK: demos, talleres y presentaciones GRATIS de GUE, NAUI, PADI y m\u00e1s!","robots":{"index":"index","follow":"follow","max-snippet":"max-snippet:-1","max-image-preview":"max-image-preview:large","max-video-preview":"max-video-preview:-1"},"canonical":"https:\/\/buddydive.com\/es\/eventos\/bonaire-tek\/","og_locale":"es_ES","og_type":"article","og_title":"Bonaire TeK en Buddy Dive - Buddy Dive Resort Bonaire","og_description":"\u00a1Sum\u00e9rjase en Bonaire TeK: demos, talleres y presentaciones GRATIS de GUE, NAUI, PADI y m\u00e1s!","og_url":"https:\/\/buddydive.com\/es\/eventos\/bonaire-tek\/","og_site_name":"Buddy Dive Bonaire","article_publisher":"https:\/\/www.facebook.com\/buddydiveresort","article_modified_time":"2025-12-09T14:28:13+00:00","og_image":[{"width":1024,"height":1024,"url":"https:\/\/buddydive.com\/wp-content\/uploads\/2023\/01\/Anouck-1-1024x1024.png","type":"image\/png"}],"twitter_card":"summary_large_image","twitter_site":"@buddydive","twitter_misc":{"Tiempo de lectura":"7 minutos"},"schema":{"@context":"https:\/\/schema.org","@graph":[{"@type":"WebPage","@id":"https:\/\/buddydive.com\/es\/eventos\/bonaire-tek\/","url":"https:\/\/buddydive.com\/es\/eventos\/bonaire-tek\/","name":"Bonaire TeK en Buddy Dive - Buddy Dive Resort Bonaire","isPartOf":{"@id":"https:\/\/buddydive.com\/es\/#website"},"primaryImageOfPage":{"@id":"https:\/\/buddydive.com\/es\/eventos\/bonaire-tek\/#primaryimage"},"image":{"@id":"https:\/\/buddydive.com\/es\/eventos\/bonaire-tek\/#primaryimage"},"thumbnailUrl":"https:\/\/buddydive.com\/wp-content\/uploads\/2023\/01\/Anouck-1-300x300.png","datePublished":"2025-07-03T10:55:09+00:00","dateModified":"2025-12-09T14:28:13+00:00","description":"\u00a1Sum\u00e9rjase en Bonaire TeK: demos, talleres y presentaciones GRATIS de GUE, NAUI, PADI y m\u00e1s!","breadcrumb":{"@id":"https:\/\/buddydive.com\/es\/eventos\/bonaire-tek\/#breadcrumb"},"inLanguage":"es","potentialAction":[{"@type":"ReadAction","target":["https:\/\/buddydive.com\/es\/eventos\/bonaire-tek\/"]}]},{"@type":"ImageObject","inLanguage":"es","@id":"https:\/\/buddydive.com\/es\/eventos\/bonaire-tek\/#primaryimage","url":"https:\/\/buddydive.com\/wp-content\/uploads\/2023\/01\/Anouck-1-300x300.png","contentUrl":"https:\/\/buddydive.com\/wp-content\/uploads\/2023\/01\/Anouck-1-300x300.png"},{"@type":"BreadcrumbList","@id":"https:\/\/buddydive.com\/es\/eventos\/bonaire-tek\/#breadcrumb","itemListElement":[{"@type":"ListItem","position":1,"name":"Home","item":"https:\/\/buddydive.com\/es\/"},{"@type":"ListItem","position":2,"name":"Eventos","item":"https:\/\/buddydive.com\/es\/eventos\/"},{"@type":"ListItem","position":3,"name":"Bonaire TeK"}]},{"@type":"WebSite","@id":"https:\/\/buddydive.com\/es\/#website","url":"https:\/\/buddydive.com\/es\/","name":"Buddy Dive Bonaire","description":"My WordPress Blog","potentialAction":[{"@type":"SearchAction","target":{"@type":"EntryPoint","urlTemplate":"https:\/\/buddydive.com\/es\/?s={search_term_string}"},"query-input":{"@type":"PropertyValueSpecification","valueRequired":true,"valueName":"search_term_string"}}],"inLanguage":"es"}]}},"_links":{"self":[{"href":"https:\/\/buddydive.com\/es\/wp-json\/wp\/v2\/pages\/32654","targetHints":{"allow":["GET"]}}],"collection":[{"href":"https:\/\/buddydive.com\/es\/wp-json\/wp\/v2\/pages"}],"about":[{"href":"https:\/\/buddydive.com\/es\/wp-json\/wp\/v2\/types\/page"}],"author":[{"embeddable":true,"href":"https:\/\/buddydive.com\/es\/wp-json\/wp\/v2\/users\/1"}],"replies":[{"embeddable":true,"href":"https:\/\/buddydive.com\/es\/wp-json\/wp\/v2\/comments?post=32654"}],"version-history":[{"count":3,"href":"https:\/\/buddydive.com\/es\/wp-json\/wp\/v2\/pages\/32654\/revisions"}],"predecessor-version":[{"id":35711,"href":"https:\/\/buddydive.com\/es\/wp-json\/wp\/v2\/pages\/32654\/revisions\/35711"}],"up":[{"embeddable":true,"href":"https:\/\/buddydive.com\/es\/wp-json\/wp\/v2\/pages\/32713"}],"wp:attachment":[{"href":"https:\/\/buddydive.com\/es\/wp-json\/wp\/v2\/media?parent=32654"}],"curies":[{"name":"wp","href":"https:\/\/api.w.org\/{rel}","templated":true}]}}