{"id":32650,"date":"2025-07-03T10:55:05","date_gmt":"2025-07-03T10:55:05","guid":{"rendered":"https:\/\/buddydive.com\/submarinismo\/buceo-en-barco\/"},"modified":"2025-12-10T15:03:11","modified_gmt":"2025-12-10T15:03:11","slug":"buceo-en-barco","status":"publish","type":"page","link":"https:\/\/buddydive.com\/es\/submarinismo\/buceo-en-barco\/","title":{"rendered":"Buceo en barco"},"content":{"rendered":"<div class=\"wpb-content-wrapper\">[vc_row][vc_column][vc_column_text]\n<h1 class=\"text-uppercase\" style=\"text-align: center;\"><small>Your buddies\u2122<\/small>, la mejor experiencia de buceo en barco<\/h1>\n<p style=\"text-align: left;\">El buceo en barco en Bonaire ofrece a los buceadores una gran oportunidad para bucear en sitios cercanos a la costa y en Klein Bonaire. El buceo en barco con Buddy Dive permite al buceador explorar el hermoso mundo submarino bajo la gu\u00eda de uno de los miembros de nuestro experimentado personal de buceo. Los hu\u00e9spedes de Buddy Dive Resort pueden disfrutar de viajes en barco por la ma\u00f1ana, por la tarde y por la noche en uno de nuestros seis barcos. Todos nuestros barcos est\u00e1n totalmente equipados para un viaje de buceo en barco en Bonaire.<\/p>\n<p>Si desea tener un barco privado, Buddy Dive le ofrece la posibilidad de alquilar uno de los barcos. No importa el tama\u00f1o de su grupo, podemos llevarlo a donde quiera ir. Usted alquila un barco con capit\u00e1n y gu\u00eda de buceo. <a href=\"http:\/\/www.buddydive.com\/contact\" target=\"_blank\" rel=\"noopener noreferrer\">P\u00f3ngase en contacto con nosotros para conocer las posibilidades<\/a>.[\/vc_column_text][vc_gallery images=\u00bb3810,3504,3505&#8243; img_size=\u00bblarge\u00bb columns=\u00bb3&#8243; masonry=\u00bbfitRows\u00bb][\/vc_column][\/vc_row][vc_row][vc_column][vc_column_text]\n<h2 class=\"text-uppercase\" style=\"text-align: center;\">Nuestros barcos<\/h2>\n[\/vc_column_text][\/vc_column][\/vc_row][vc_row rtl_reverse=\u00bbyes\u00bb][vc_column width=\u00bb1\/2&#8243;][vc_column_text]\n<h2 class=\"text-uppercase\"><small>El tama\u00f1o perfecto para traer a todos tus compa\u00f1eros<span style=\"font-size: 2rem;\">\u2122<\/span><\/small><small><\/small>big Buddy<\/h2>\n<p>El Big Buddy tiene capacidad para hasta 40 buceadores y tripulantes en una inmersi\u00f3n de 2 tanques. Tiene suficiente espacio para disfrutar de la brisa arriba en el puente de mando del capit\u00e1n o mantenerse fresco a la sombra en la cubierta. Una mesa dedicada para c\u00e1maras, un \u00e1rea de almacenamiento en seco, una ducha de agua dulce y un balde grande para enjuagar se suman a la comodidad del buceador.<\/p>\n<p>Gracias a sus dos potentes motores, ofrecemos viajes de medio d\u00eda al Parque Nacional Washington Slagbaai, en el norte de Bonaire. Estos tours incluyen servicio de aparcacoches, fruta fresca, refrigerios, bebidas, toallas y tanques (aire\/Nitrox).[\/vc_column_text][\/vc_column][vc_column width=\u00bb1\/2&#8243;][vc_single_image image=\u00bb3551&#8243; img_size=\u00bblarge\u00bb alignment=\u00bbcenter\u00bb][\/vc_column][\/vc_row][vc_row][vc_column width=\u00bb1\/2&#8243;][vc_single_image image=\u00bb3552&#8243; img_size=\u00bblarge\u00bb][\/vc_column][vc_column width=\u00bb1\/2&#8243;][vc_column_text]\n<h2 class=\"text-uppercase\"><small>Your buddy is<\/small>my Buddy<\/h2>\n<p>Este Newton de 36&#8242; (11 metros) puede acomodar f\u00e1cilmente a 16 buceadores y tripulantes en una inmersi\u00f3n en barco de 2 tanques y ofrece una mesa dedicada para c\u00e1maras, almacenamiento en seco, ducha de agua dulce y un balde grande para enjuagar.[\/vc_column_text][\/vc_column][\/vc_row][vc_row rtl_reverse=\u00bbyes\u00bb][vc_column width=\u00bb1\/2&#8243;][vc_column_text]\n<h2 class=\"text-uppercase\"><small>De un arrecife a otro con tu<\/small>reef Buddy<\/h2>\n<p>Es un Newton 36\u2032 Dive Special que puede acomodar f\u00e1cilmente a 24 buceadores y tripulantes en una inmersi\u00f3n de 2 tanques. El \u00e1rea de la cubierta es espaciosa para que los buceadores guarden todo su equipo sin comprometer el espacio. Una mesa dedicada para c\u00e1maras, un \u00e1rea de almacenamiento en seco, una ducha de agua dulce y un balde grande para enjuagar se suman a la comodidad del buceador. No hay mejor lugar para disfrutar de la vista de las islas que desde el puente de mando del capit\u00e1n.[\/vc_column_text][\/vc_column][vc_column width=\u00bb1\/2&#8243;][vc_single_image image=\u00bb3547&#8243; img_size=\u00bblarge\u00bb][\/vc_column][\/vc_row][vc_row rtl_reverse=\u00bbyes\u00bb][vc_column width=\u00bb1\/2&#8243;][vc_single_image image=\u00bb3548&#8243; img_size=\u00bblarge\u00bb][\/vc_column][vc_column width=\u00bb1\/2&#8243;][vc_column_text]\n<h2 class=\"text-uppercase\"><small>Explore la belleza del mundo submarino con nuestro<\/small>coral Buddy<\/h2>\n<p>Es un Newton de 36\u2032 que puede acomodar f\u00e1cilmente a 24 buceadores y tripulantes en un viaje de 2 tanques con una cubierta espaciosa, una mesa dedicada para c\u00e1maras, almacenamiento en seco, una ducha de agua dulce y un balde grande para enjuagar.[\/vc_column_text][\/vc_column][\/vc_row][vc_row][vc_column width=\u00bb1\/2&#8243;][vc_column_text]\n<h2 class=\"text-uppercase\"><small>Te llevaremos a cualquier lugar<\/small>any Buddy<\/h2>\n<p>Es un barco de buceo Island Hopper de 32\u2032 con una plataforma de nataci\u00f3n para facilitar las entradas y salidas y mucho espacio para moverse. Se han instalado bastidores de tanques permanentes que le permitir\u00e1n llevar c\u00f3modamente a 14 buceadores en una inmersi\u00f3n de 2 tanques. Tambi\u00e9n tiene un \u00e1rea de almacenamiento en seco, un tanque de enjuague para c\u00e1maras y, por supuesto, todos nuestros barcos tienen un amplio suministro de agua potable fr\u00eda, as\u00ed como fruta fresca, \u00a1un perfecto calmante para la sed despu\u00e9s de la inmersi\u00f3n![\/vc_column_text][\/vc_column][vc_column width=\u00bb1\/2&#8243;][vc_single_image image=\u00bb3549&#8243; img_size=\u00bblarge\u00bb][\/vc_column][\/vc_row][vc_row][vc_column width=\u00bb1\/2&#8243;][vc_single_image image=\u00bb3550&#8243; img_size=\u00bblarge\u00bb][\/vc_column][vc_column width=\u00bb1\/2&#8243;][vc_column_text]\n<h2 class=\"text-uppercase\"><small>Barco peque\u00f1o, gran diversi\u00f3n<\/small>Little Buddy<\/h2>\n<p>Nuestro Little Buddy tambi\u00e9n es un Newton 30\u2032 Dive Special construido a medida, y es ideal para grupos m\u00e1s peque\u00f1os de 10 o menos personas que buscan inmersiones personales de 2 tanques o 12 buceadores en una inmersi\u00f3n de un tanque. Tambi\u00e9n tiene almacenamiento en seco, tanque de enjuague para c\u00e1maras y un techo solar.[\/vc_column_text][\/vc_column][\/vc_row][vc_row][vc_column][vc_column_text]<em><span class=\"TextRun SCXW76209319 BCX0\" lang=\"EN-US\" data-contrast=\"auto\"><span class=\"NormalTextRun SCXW76209319 BCX0\">Para su seguridad, todos nuestros barcos est\u00e1n equipados con botiquines de primeros auxilios y O2,<\/span><\/span> <span class=\"TextRun SCXW76209319 BCX0\" lang=\"EN-US\" data-contrast=\"auto\"><span class=\"ContextualSpellingAndGrammarError SCXW76209319 BCX0\">de doble v\u00eda<\/span><\/span><span class=\"TextRun SCXW76209319 BCX0\" lang=\"EN-US\" xml:lang=\"EN-US\" data-contrast=\"auto\"><span class=\"NormalTextRun SCXW76209319 BCX0\"> radios y equipo de rescate adecuado. Siempre habr\u00e1 dos miembros de la tripulaci\u00f3n en cada viaje, que est\u00e1n capacitados en Medic First Aid y son Dive Masters o Instructores certificados por PADI: el capit\u00e1n del barco permanecer\u00e1 a bordo para ayudarlo a entrar y salir del agua y monitorear su progreso bajo el agua, y el gu\u00eda de buceo que lo acompa\u00f1ar\u00e1 en la inmersi\u00f3n para garantizar su disfrute y su seguridad en el agua. <\/span><\/span> <\/em>[\/vc_column_text][\/vc_column][\/vc_row][vc_row][vc_column][vc_raw_js]JTNDc2NyaXB0JTIwdHlwZSUzRCUyMnRleHQlMkZqYXZhc2NyaXB0JTIyJTNFJTBBd2luZG93LlRyZW5nbyUyMCUzRCUyMHdpbmRvdy5UcmVuZ28lMjAlN0MlN0MlMjAlN0IlN0QlM0IlMEF3aW5kb3cuVHJlbmdvLmtleSUyMCUzRCUyMCUyN1E5SGI4dlBvS2VnRDFBSSUyNyUzQiUwQSUyOGZ1bmN0aW9uJTI4ZCUyQyUyMHNjcmlwdCUyQyUyMHQlMjklMjAlN0IlMEElMjAlMjAlMjAlMjBzY3JpcHQlMjAlM0QlMjBkLmNyZWF0ZUVsZW1lbnQlMjglMjdzY3JpcHQlMjclMjklM0IlMEElMjAlMjAlMjAlMjBzY3JpcHQudHlwZSUyMCUzRCUyMCUyN3RleHQlMkZqYXZhc2NyaXB0JTI3JTNCJTBBJTIwJTIwJTIwJTIwc2NyaXB0LmFzeW5jJTIwJTNEJTIwdHJ1ZSUzQiUwQSUyMCUyMCUyMCUyMHNjcmlwdC5zcmMlMjAlM0QlMjAlMjdodHRwcyUzQSUyRiUyRnN0YXRpYy53aWRnZXQudHJlbmdvLmV1JTJGZW1iZWQuanMlMjclM0IlMEElMjAlMjAlMjAlMjBkLmdldEVsZW1lbnRzQnlUYWdOYW1lJTI4JTI3aGVhZCUyNyUyOSU1QjAlNUQuYXBwZW5kQ2hpbGQlMjhzY3JpcHQlMjklM0IlMEElN0QlMjhkb2N1bWVudCUyOSUyOSUzQiUwQSUzQyUyRnNjcmlwdCUzRQ==[\/vc_raw_js][\/vc_column][\/vc_row]\n<\/div>","protected":false},"excerpt":{"rendered":"<p>[vc_row][vc_column][vc_column_text] Your buddies\u2122, la mejor experiencia de buceo en barco El buceo en barco en Bonaire ofrece a los buceadores [&hellip;]<\/p>\n","protected":false},"author":1,"featured_media":0,"parent":32631,"menu_order":0,"comment_status":"closed","ping_status":"closed","template":"","meta":{"footnotes":""},"class_list":["post-32650","page","type-page","status-publish","hentry"],"yoast_head":"<!-- This site is optimized with the Yoast SEO plugin v27.4 - https:\/\/yoast.com\/product\/yoast-seo-wordpress\/ -->\n<title>Buceo en barco en Bonaire<\/title>\n<meta name=\"description\" content=\"El buceo en barco en Bonaire con Buddy Dive Resort le brinda la mejor experiencia de descubrir el mundo submarino.\" \/>\n<meta name=\"robots\" content=\"index, follow, max-snippet:-1, max-image-preview:large, max-video-preview:-1\" \/>\n<link rel=\"canonical\" href=\"https:\/\/buddydive.com\/es\/submarinismo\/buceo-en-barco\/\" \/>\n<meta property=\"og:locale\" content=\"es_ES\" \/>\n<meta property=\"og:type\" content=\"article\" \/>\n<meta property=\"og:title\" content=\"Buceo en barco en Bonaire\" \/>\n<meta property=\"og:description\" content=\"El buceo en barco en Bonaire con Buddy Dive Resort le brinda la mejor experiencia de descubrir el mundo submarino.\" \/>\n<meta property=\"og:url\" content=\"https:\/\/buddydive.com\/es\/submarinismo\/buceo-en-barco\/\" \/>\n<meta property=\"og:site_name\" content=\"Buddy Dive Bonaire\" \/>\n<meta property=\"article:publisher\" content=\"https:\/\/www.facebook.com\/buddydiveresort\" \/>\n<meta property=\"article:modified_time\" content=\"2025-12-10T15:03:11+00:00\" \/>\n<meta name=\"twitter:card\" content=\"summary_large_image\" \/>\n<meta name=\"twitter:site\" content=\"@buddydive\" \/>\n<meta name=\"twitter:label1\" content=\"Tiempo de lectura\" \/>\n\t<meta name=\"twitter:data1\" content=\"4 minutos\" \/>\n<script type=\"application\/ld+json\" class=\"yoast-schema-graph\">{\"@context\":\"https:\\\/\\\/schema.org\",\"@graph\":[{\"@type\":\"WebPage\",\"@id\":\"https:\\\/\\\/buddydive.com\\\/es\\\/submarinismo\\\/buceo-en-barco\\\/\",\"url\":\"https:\\\/\\\/buddydive.com\\\/es\\\/submarinismo\\\/buceo-en-barco\\\/\",\"name\":\"Buceo en barco en Bonaire\",\"isPartOf\":{\"@id\":\"https:\\\/\\\/buddydive.com\\\/es\\\/#website\"},\"datePublished\":\"2025-07-03T10:55:05+00:00\",\"dateModified\":\"2025-12-10T15:03:11+00:00\",\"description\":\"El buceo en barco en Bonaire con Buddy Dive Resort le brinda la mejor experiencia de descubrir el mundo submarino.\",\"breadcrumb\":{\"@id\":\"https:\\\/\\\/buddydive.com\\\/es\\\/submarinismo\\\/buceo-en-barco\\\/#breadcrumb\"},\"inLanguage\":\"es\",\"potentialAction\":[{\"@type\":\"ReadAction\",\"target\":[\"https:\\\/\\\/buddydive.com\\\/es\\\/submarinismo\\\/buceo-en-barco\\\/\"]}]},{\"@type\":\"BreadcrumbList\",\"@id\":\"https:\\\/\\\/buddydive.com\\\/es\\\/submarinismo\\\/buceo-en-barco\\\/#breadcrumb\",\"itemListElement\":[{\"@type\":\"ListItem\",\"position\":1,\"name\":\"Home\",\"item\":\"https:\\\/\\\/buddydive.com\\\/es\\\/\"},{\"@type\":\"ListItem\",\"position\":2,\"name\":\"Submarinismo\",\"item\":\"https:\\\/\\\/buddydive.com\\\/es\\\/submarinismo\\\/\"},{\"@type\":\"ListItem\",\"position\":3,\"name\":\"Buceo en barco\"}]},{\"@type\":\"WebSite\",\"@id\":\"https:\\\/\\\/buddydive.com\\\/es\\\/#website\",\"url\":\"https:\\\/\\\/buddydive.com\\\/es\\\/\",\"name\":\"Buddy Dive Bonaire\",\"description\":\"My WordPress Blog\",\"potentialAction\":[{\"@type\":\"SearchAction\",\"target\":{\"@type\":\"EntryPoint\",\"urlTemplate\":\"https:\\\/\\\/buddydive.com\\\/es\\\/?s={search_term_string}\"},\"query-input\":{\"@type\":\"PropertyValueSpecification\",\"valueRequired\":true,\"valueName\":\"search_term_string\"}}],\"inLanguage\":\"es\"}]}<\/script>\n<!-- \/ Yoast SEO plugin. -->","yoast_head_json":{"title":"Buceo en barco en Bonaire","description":"El buceo en barco en Bonaire con Buddy Dive Resort le brinda la mejor experiencia de descubrir el mundo submarino.","robots":{"index":"index","follow":"follow","max-snippet":"max-snippet:-1","max-image-preview":"max-image-preview:large","max-video-preview":"max-video-preview:-1"},"canonical":"https:\/\/buddydive.com\/es\/submarinismo\/buceo-en-barco\/","og_locale":"es_ES","og_type":"article","og_title":"Buceo en barco en Bonaire","og_description":"El buceo en barco en Bonaire con Buddy Dive Resort le brinda la mejor experiencia de descubrir el mundo submarino.","og_url":"https:\/\/buddydive.com\/es\/submarinismo\/buceo-en-barco\/","og_site_name":"Buddy Dive Bonaire","article_publisher":"https:\/\/www.facebook.com\/buddydiveresort","article_modified_time":"2025-12-10T15:03:11+00:00","twitter_card":"summary_large_image","twitter_site":"@buddydive","twitter_misc":{"Tiempo de lectura":"4 minutos"},"schema":{"@context":"https:\/\/schema.org","@graph":[{"@type":"WebPage","@id":"https:\/\/buddydive.com\/es\/submarinismo\/buceo-en-barco\/","url":"https:\/\/buddydive.com\/es\/submarinismo\/buceo-en-barco\/","name":"Buceo en barco en Bonaire","isPartOf":{"@id":"https:\/\/buddydive.com\/es\/#website"},"datePublished":"2025-07-03T10:55:05+00:00","dateModified":"2025-12-10T15:03:11+00:00","description":"El buceo en barco en Bonaire con Buddy Dive Resort le brinda la mejor experiencia de descubrir el mundo submarino.","breadcrumb":{"@id":"https:\/\/buddydive.com\/es\/submarinismo\/buceo-en-barco\/#breadcrumb"},"inLanguage":"es","potentialAction":[{"@type":"ReadAction","target":["https:\/\/buddydive.com\/es\/submarinismo\/buceo-en-barco\/"]}]},{"@type":"BreadcrumbList","@id":"https:\/\/buddydive.com\/es\/submarinismo\/buceo-en-barco\/#breadcrumb","itemListElement":[{"@type":"ListItem","position":1,"name":"Home","item":"https:\/\/buddydive.com\/es\/"},{"@type":"ListItem","position":2,"name":"Submarinismo","item":"https:\/\/buddydive.com\/es\/submarinismo\/"},{"@type":"ListItem","position":3,"name":"Buceo en barco"}]},{"@type":"WebSite","@id":"https:\/\/buddydive.com\/es\/#website","url":"https:\/\/buddydive.com\/es\/","name":"Buddy Dive Bonaire","description":"My WordPress Blog","potentialAction":[{"@type":"SearchAction","target":{"@type":"EntryPoint","urlTemplate":"https:\/\/buddydive.com\/es\/?s={search_term_string}"},"query-input":{"@type":"PropertyValueSpecification","valueRequired":true,"valueName":"search_term_string"}}],"inLanguage":"es"}]}},"_links":{"self":[{"href":"https:\/\/buddydive.com\/es\/wp-json\/wp\/v2\/pages\/32650","targetHints":{"allow":["GET"]}}],"collection":[{"href":"https:\/\/buddydive.com\/es\/wp-json\/wp\/v2\/pages"}],"about":[{"href":"https:\/\/buddydive.com\/es\/wp-json\/wp\/v2\/types\/page"}],"author":[{"embeddable":true,"href":"https:\/\/buddydive.com\/es\/wp-json\/wp\/v2\/users\/1"}],"replies":[{"embeddable":true,"href":"https:\/\/buddydive.com\/es\/wp-json\/wp\/v2\/comments?post=32650"}],"version-history":[{"count":2,"href":"https:\/\/buddydive.com\/es\/wp-json\/wp\/v2\/pages\/32650\/revisions"}],"predecessor-version":[{"id":35744,"href":"https:\/\/buddydive.com\/es\/wp-json\/wp\/v2\/pages\/32650\/revisions\/35744"}],"up":[{"embeddable":true,"href":"https:\/\/buddydive.com\/es\/wp-json\/wp\/v2\/pages\/32631"}],"wp:attachment":[{"href":"https:\/\/buddydive.com\/es\/wp-json\/wp\/v2\/media?parent=32650"}],"curies":[{"name":"wp","href":"https:\/\/api.w.org\/{rel}","templated":true}]}}