{"id":32631,"date":"2025-07-03T10:54:57","date_gmt":"2025-07-03T10:54:57","guid":{"rendered":"https:\/\/buddydive.com\/submarinismo\/"},"modified":"2026-02-03T12:27:33","modified_gmt":"2026-02-03T12:27:33","slug":"submarinismo","status":"publish","type":"page","link":"https:\/\/buddydive.com\/es\/submarinismo\/","title":{"rendered":"Submarinismo"},"content":{"rendered":"<div class=\"wpb-content-wrapper\">[vc_row][vc_column][vc_column_text css=\u00bb\u00bb]\n<h1 class=\"text-uppercase\" style=\"text-align: center;\"><small>Diving with<\/small>Buddy Dive<\/h1>\n<p>Bonaire, with its fringing reef near the shore, about 80 official dive sites, calm waters, and good visibility has something to offer for every diver. At Buddy Dive, our custom dive boats invite you to explore the beautiful marine life during a guided dive or enjoy the convenience of our unique Drive-Thru to explore the island\u2019s underwater world at your own pace.<\/p>\n<h3>Something for every diver at Van der Valk\u2019s Buddy Dive Resort<\/h3>\n<p>With as many as 60 officially listed dive sites on Bonaire and another 20 dive sites on Klein Bonaire, the dive operation at Van der Valk\u2018s Buddy Dive Resort Bonaire is geared up for you to make the most out of your dive vacation. With a fleet of custom dive boats and a well-stocked \u2018Drive Thru\u2019 offering air and nitrox tanks, every diver need can be satisfied.<br \/>\nTo help us keep our reef environment healthy for many years to come, we do encourage all divers traveling to Bonaire to familiarize themselves with the<a href=\"https:\/\/stinapabonaire.org\/bonaire-national\/rules-and-regulations-video\/\" target=\"_blank\" rel=\"noopener noreferrer\"> <u>Marine Park Regulations<\/u><\/a> prior to their visit.<\/p>\n<p>All levels of divers can enjoy the freedom of our unlimited shore diving package, making as many dives as they want each day, according to their own safety profiles. There are plenty of 80 and 63 cubic foot air and Nitrox tanks available at either the Drive-Thru or on the dock where there are convenient benches for gear set-up and two sturdy ladders that provide easy access to the water. Rinse tanks are located at the Drive-Thru as well as on the docks where there is an extensive gear storage room. This simply makes diving at Buddy\u2019s easy and enjoyable.<br \/>\nOne can join our experienced, friendly dive staff on our morning and afternoon boat dives. Every day of the year our custom dive boats go out to explore the many dive sites on the nearby island of Klein Bonaire, a short 10-minute boat ride away, or to other spectacular dive sites not accessible from shore. Even Klein Bonaire is visited at night on a regular boat night dive.[\/vc_column_text][vc_gallery images=\u00bb32635,32638,32637&#8243; img_size=\u00bblarge\u00bb columns=\u00bb3&#8243;][vc_column_text css=\u00bb\u00bb]Buddy\u2019s is a DAN Member, as well as a PADI Career Development Center and Universal Referral Center. The Universal Referral designation enables Buddy Dive instructors to offer Open Water completion courses to students from SSI and NAUI as well as a host of other training organizations. In fact, while diving at Buddy Dive we offer you every level of instruction imaginable, conducted in several languages. In addition to all the standard PADI specialties, we also offer you the chance to become an Enriched Air Certified diver, or even try out a Re-breather!<br \/>\nAs a full-service dive center, we also have a complete inventory of rental gear available. Our tanks use yoke fittings, but we have DIN adapters available for rent if you need one. Buddy Dive guests who prefer to purchase instead of rent will enjoy shopping at our well-stocked retail shop. The on-property shop carries a wide range of dive and snorkel gear and accessories, as well as t-shirts, sandals, caps, dive lights and souvenirs galore!<br \/>\nBut of all of the assets we have, it is without a doubt our incredible dive team that makes the difference of diving at Buddy Dive. They are known to go out of their way to make every dive a safe and enjoyable experience you won\u2019t forget. It\u2019s this friendly, personal service that has become a trademark of Van der Valk\u2018s Buddy Dive Resort Bonaire.[\/vc_column_text][vc_column_text]\n<h3 style=\"text-align: center;\">Buddy\u2019s Dive Facilities<\/h3>\n<p style=\"text-align: center;\">2-lane air &amp; Nitrox Drive-Thru<br \/>\n6 Dive Boats<br \/>\nTec Dive Support Center<br \/>\nRental Gear<br \/>\nRetail Shop<br \/>\n2 Classrooms<br \/>\nBuddy Dive Academy[\/vc_column_text][vc_gallery images=\u00bb32639,32634,32636&#8243; img_size=\u00bblarge\u00bb columns=\u00bb3&#8243;][\/vc_column][\/vc_row][vc_row][vc_column][vc_raw_js]JTNDc2NyaXB0JTIwdHlwZSUzRCUyMnRleHQlMkZqYXZhc2NyaXB0JTIyJTNFJTBBd2luZG93LlRyZW5nbyUyMCUzRCUyMHdpbmRvdy5UcmVuZ28lMjAlN0MlN0MlMjAlN0IlN0QlM0IlMEF3aW5kb3cuVHJlbmdvLmtleSUyMCUzRCUyMCUyN1E5SGI4dlBvS2VnRDFBSSUyNyUzQiUwQSUyOGZ1bmN0aW9uJTI4ZCUyQyUyMHNjcmlwdCUyQyUyMHQlMjklMjAlN0IlMEElMjAlMjAlMjAlMjBzY3JpcHQlMjAlM0QlMjBkLmNyZWF0ZUVsZW1lbnQlMjglMjdzY3JpcHQlMjclMjklM0IlMEElMjAlMjAlMjAlMjBzY3JpcHQudHlwZSUyMCUzRCUyMCUyN3RleHQlMkZqYXZhc2NyaXB0JTI3JTNCJTBBJTIwJTIwJTIwJTIwc2NyaXB0LmFzeW5jJTIwJTNEJTIwdHJ1ZSUzQiUwQSUyMCUyMCUyMCUyMHNjcmlwdC5zcmMlMjAlM0QlMjAlMjdodHRwcyUzQSUyRiUyRnN0YXRpYy53aWRnZXQudHJlbmdvLmV1JTJGZW1iZWQuanMlMjclM0IlMEElMjAlMjAlMjAlMjBkLmdldEVsZW1lbnRzQnlUYWdOYW1lJTI4JTI3aGVhZCUyNyUyOSU1QjAlNUQuYXBwZW5kQ2hpbGQlMjhzY3JpcHQlMjklM0IlMEElN0QlMjhkb2N1bWVudCUyOSUyOSUzQiUwQSUzQyUyRnNjcmlwdCUzRQ==[\/vc_raw_js][\/vc_column][\/vc_row]\n<\/div>","protected":false},"excerpt":{"rendered":"<p>[vc_row][vc_column][vc_column_text css=\u00bb\u00bb] Diving withBuddy Dive Bonaire, with its fringing reef near the shore, about 80 official dive sites, calm waters, [&hellip;]<\/p>\n","protected":false},"author":1,"featured_media":0,"parent":0,"menu_order":0,"comment_status":"closed","ping_status":"closed","template":"page-templates\/page-left.php","meta":{"footnotes":""},"class_list":["post-32631","page","type-page","status-publish","hentry"],"yoast_head":"<!-- This site is optimized with the Yoast SEO plugin v27.4 - https:\/\/yoast.com\/product\/yoast-seo-wordpress\/ -->\n<title>Submarinismo en Bonaire \u2013 Buddy Dive Resort<\/title>\n<meta name=\"description\" content=\"Buddy&#039;s hace que su buceo en Bonaire sea lo m\u00e1s f\u00e1cil y c\u00f3modo posible. Ofrecemos un centro de buceo totalmente equipado, servicio de recarga de aire y Nitrox y una flota de alquiler de coches.\" \/>\n<meta name=\"robots\" content=\"index, follow, max-snippet:-1, max-image-preview:large, max-video-preview:-1\" \/>\n<link rel=\"canonical\" href=\"https:\/\/buddydive.com\/es\/submarinismo\/\" \/>\n<meta property=\"og:locale\" content=\"es_ES\" \/>\n<meta property=\"og:type\" content=\"article\" \/>\n<meta property=\"og:title\" content=\"Submarinismo en Bonaire \u2013 Buddy Dive Resort\" \/>\n<meta property=\"og:description\" content=\"Buddy&#039;s hace que su buceo en Bonaire sea lo m\u00e1s f\u00e1cil y c\u00f3modo posible. Ofrecemos un centro de buceo totalmente equipado, servicio de recarga de aire y Nitrox y una flota de alquiler de coches.\" \/>\n<meta property=\"og:url\" content=\"https:\/\/buddydive.com\/es\/submarinismo\/\" \/>\n<meta property=\"og:site_name\" content=\"Buddy Dive Bonaire\" \/>\n<meta property=\"article:publisher\" content=\"https:\/\/www.facebook.com\/buddydiveresort\" \/>\n<meta property=\"article:modified_time\" content=\"2026-02-03T12:27:33+00:00\" \/>\n<meta name=\"twitter:card\" content=\"summary_large_image\" \/>\n<meta name=\"twitter:site\" content=\"@buddydive\" \/>\n<meta name=\"twitter:label1\" content=\"Tiempo de lectura\" \/>\n\t<meta name=\"twitter:data1\" content=\"3 minutos\" \/>\n<script type=\"application\/ld+json\" class=\"yoast-schema-graph\">{\"@context\":\"https:\\\/\\\/schema.org\",\"@graph\":[{\"@type\":\"WebPage\",\"@id\":\"https:\\\/\\\/buddydive.com\\\/es\\\/submarinismo\\\/\",\"url\":\"https:\\\/\\\/buddydive.com\\\/es\\\/submarinismo\\\/\",\"name\":\"Submarinismo en Bonaire \u2013 Buddy Dive Resort\",\"isPartOf\":{\"@id\":\"https:\\\/\\\/buddydive.com\\\/es\\\/#website\"},\"datePublished\":\"2025-07-03T10:54:57+00:00\",\"dateModified\":\"2026-02-03T12:27:33+00:00\",\"description\":\"Buddy's hace que su buceo en Bonaire sea lo m\u00e1s f\u00e1cil y c\u00f3modo posible. Ofrecemos un centro de buceo totalmente equipado, servicio de recarga de aire y Nitrox y una flota de alquiler de coches.\",\"breadcrumb\":{\"@id\":\"https:\\\/\\\/buddydive.com\\\/es\\\/submarinismo\\\/#breadcrumb\"},\"inLanguage\":\"es\",\"potentialAction\":[{\"@type\":\"ReadAction\",\"target\":[\"https:\\\/\\\/buddydive.com\\\/es\\\/submarinismo\\\/\"]}]},{\"@type\":\"BreadcrumbList\",\"@id\":\"https:\\\/\\\/buddydive.com\\\/es\\\/submarinismo\\\/#breadcrumb\",\"itemListElement\":[{\"@type\":\"ListItem\",\"position\":1,\"name\":\"Home\",\"item\":\"https:\\\/\\\/buddydive.com\\\/es\\\/\"},{\"@type\":\"ListItem\",\"position\":2,\"name\":\"Submarinismo\"}]},{\"@type\":\"WebSite\",\"@id\":\"https:\\\/\\\/buddydive.com\\\/es\\\/#website\",\"url\":\"https:\\\/\\\/buddydive.com\\\/es\\\/\",\"name\":\"Buddy Dive Bonaire\",\"description\":\"My WordPress Blog\",\"potentialAction\":[{\"@type\":\"SearchAction\",\"target\":{\"@type\":\"EntryPoint\",\"urlTemplate\":\"https:\\\/\\\/buddydive.com\\\/es\\\/?s={search_term_string}\"},\"query-input\":{\"@type\":\"PropertyValueSpecification\",\"valueRequired\":true,\"valueName\":\"search_term_string\"}}],\"inLanguage\":\"es\"}]}<\/script>\n<!-- \/ Yoast SEO plugin. -->","yoast_head_json":{"title":"Submarinismo en Bonaire \u2013 Buddy Dive Resort","description":"Buddy's hace que su buceo en Bonaire sea lo m\u00e1s f\u00e1cil y c\u00f3modo posible. Ofrecemos un centro de buceo totalmente equipado, servicio de recarga de aire y Nitrox y una flota de alquiler de coches.","robots":{"index":"index","follow":"follow","max-snippet":"max-snippet:-1","max-image-preview":"max-image-preview:large","max-video-preview":"max-video-preview:-1"},"canonical":"https:\/\/buddydive.com\/es\/submarinismo\/","og_locale":"es_ES","og_type":"article","og_title":"Submarinismo en Bonaire \u2013 Buddy Dive Resort","og_description":"Buddy's hace que su buceo en Bonaire sea lo m\u00e1s f\u00e1cil y c\u00f3modo posible. Ofrecemos un centro de buceo totalmente equipado, servicio de recarga de aire y Nitrox y una flota de alquiler de coches.","og_url":"https:\/\/buddydive.com\/es\/submarinismo\/","og_site_name":"Buddy Dive Bonaire","article_publisher":"https:\/\/www.facebook.com\/buddydiveresort","article_modified_time":"2026-02-03T12:27:33+00:00","twitter_card":"summary_large_image","twitter_site":"@buddydive","twitter_misc":{"Tiempo de lectura":"3 minutos"},"schema":{"@context":"https:\/\/schema.org","@graph":[{"@type":"WebPage","@id":"https:\/\/buddydive.com\/es\/submarinismo\/","url":"https:\/\/buddydive.com\/es\/submarinismo\/","name":"Submarinismo en Bonaire \u2013 Buddy Dive Resort","isPartOf":{"@id":"https:\/\/buddydive.com\/es\/#website"},"datePublished":"2025-07-03T10:54:57+00:00","dateModified":"2026-02-03T12:27:33+00:00","description":"Buddy's hace que su buceo en Bonaire sea lo m\u00e1s f\u00e1cil y c\u00f3modo posible. Ofrecemos un centro de buceo totalmente equipado, servicio de recarga de aire y Nitrox y una flota de alquiler de coches.","breadcrumb":{"@id":"https:\/\/buddydive.com\/es\/submarinismo\/#breadcrumb"},"inLanguage":"es","potentialAction":[{"@type":"ReadAction","target":["https:\/\/buddydive.com\/es\/submarinismo\/"]}]},{"@type":"BreadcrumbList","@id":"https:\/\/buddydive.com\/es\/submarinismo\/#breadcrumb","itemListElement":[{"@type":"ListItem","position":1,"name":"Home","item":"https:\/\/buddydive.com\/es\/"},{"@type":"ListItem","position":2,"name":"Submarinismo"}]},{"@type":"WebSite","@id":"https:\/\/buddydive.com\/es\/#website","url":"https:\/\/buddydive.com\/es\/","name":"Buddy Dive Bonaire","description":"My WordPress Blog","potentialAction":[{"@type":"SearchAction","target":{"@type":"EntryPoint","urlTemplate":"https:\/\/buddydive.com\/es\/?s={search_term_string}"},"query-input":{"@type":"PropertyValueSpecification","valueRequired":true,"valueName":"search_term_string"}}],"inLanguage":"es"}]}},"_links":{"self":[{"href":"https:\/\/buddydive.com\/es\/wp-json\/wp\/v2\/pages\/32631","targetHints":{"allow":["GET"]}}],"collection":[{"href":"https:\/\/buddydive.com\/es\/wp-json\/wp\/v2\/pages"}],"about":[{"href":"https:\/\/buddydive.com\/es\/wp-json\/wp\/v2\/types\/page"}],"author":[{"embeddable":true,"href":"https:\/\/buddydive.com\/es\/wp-json\/wp\/v2\/users\/1"}],"replies":[{"embeddable":true,"href":"https:\/\/buddydive.com\/es\/wp-json\/wp\/v2\/comments?post=32631"}],"version-history":[{"count":5,"href":"https:\/\/buddydive.com\/es\/wp-json\/wp\/v2\/pages\/32631\/revisions"}],"predecessor-version":[{"id":36630,"href":"https:\/\/buddydive.com\/es\/wp-json\/wp\/v2\/pages\/32631\/revisions\/36630"}],"wp:attachment":[{"href":"https:\/\/buddydive.com\/es\/wp-json\/wp\/v2\/media?parent=32631"}],"curies":[{"name":"wp","href":"https:\/\/api.w.org\/{rel}","templated":true}]}}