{"id":32616,"date":"2025-07-03T10:54:53","date_gmt":"2025-07-03T10:54:53","guid":{"rendered":"https:\/\/buddydive.com\/alquiler-de-vehiculos\/"},"modified":"2026-02-19T14:27:31","modified_gmt":"2026-02-19T14:27:31","slug":"alquiler-de-vehiculos","status":"publish","type":"page","link":"https:\/\/buddydive.com\/es\/resort\/alquiler-de-vehiculos\/","title":{"rendered":"Alquiler de veh\u00edculos"},"content":{"rendered":"<div class=\"wpb-content-wrapper\">[vc_row full_width=\u00bbstretch_row\u00bb css=\u00bb.vc_custom_1565692260160{background-position: center !important;background-repeat: no-repeat !important;background-size: cover !important;}\u00bb][vc_column width=\u00bb1\/2&#8243;][vc_images_carousel images=\u00bb32627,32624&#8243; css=\u00bb\u00bb][\/vc_column][vc_column width=\u00bb1\/2&#8243;][vc_column_text css=\u00bb\u00bb]\n<h1 class=\"text-uppercase\" style=\"text-align: center;\">Drive &amp; dive<\/h1>\n<p class=\"lead\">En Buddy Dive Resort tenemos nuestra propia flota de veh\u00edculos de alquiler fiables disponibles, solo para nuestros hu\u00e9spedes, para que pueda disfrutar de las maravillas y la incre\u00edble naturaleza de nuestra isla virgen e intacta de la forma en que debe disfrutarse. No hay mejor manera de explorar y descubrir la belleza de Bonaire por encima y por debajo del agua, gracias a nuestros paquetes Drive &amp; Dive en Bonaire. <\/p>\n<p>Nuestra flota de alquiler cuenta con camionetas de cabina simple y doble, dise\u00f1adas para satisfacer sus necesidades de comodidad y utilidad. Estos veh\u00edculos est\u00e1n incluidos en nuestros paquetes Drive &amp; Dive, y el tipo de veh\u00edculo proporcionado depende del tipo de habitaci\u00f3n que reserve. <\/p>\n<p>Cada camioneta est\u00e1 equipada con transmisi\u00f3n manual, amplio espacio para el equipo de buceo, aire acondicionado, ventanas autom\u00e1ticas y asientos c\u00f3modos. Construidas para soportar el terreno accidentado de Bonaire, son perfectas para explorar los numerosos puntos de inmersi\u00f3n en la costa y las atracciones tur\u00edsticas de la isla. <\/p>\n<p>Conducir una de nuestras camionetas es la forma ideal de experimentar lo mejor de Bonaire. Planifique con anticipaci\u00f3n y reserve su veh\u00edculo como parte de su paquete de vacaciones total. Los hu\u00e9spedes que reserven nuestro paquete Drive &amp; Dive reciben autom\u00e1ticamente su veh\u00edculo a una tarifa reducida.  <\/p>\n<p>\u00bfPor qu\u00e9 esperar? \u00a1Reserve hoy mismo su coche de alquiler en Buddy Dive Resort y comience su aventura![\/vc_column_text][\/vc_column][vc_column width=\u00bb1\/2&#8243; offset=\u00bbvc_col-sm-offset-3&#8243; css=\u00bb.vc_custom_1411467083077{margin-top: 5.6rem !important;}\u00bb][vc_column_text css=\u00bb\u00bb]\n<h2 class=\"text-uppercase text-center\" style=\"text-align: center;\">Precios de alquiler<\/h2>\n<p>&nbsp;<\/p>\n<p>&nbsp;<\/p>\n<table class=\"table table-responsive aligncenter\">\n<tbody>\n<tr>\n<td class=\"text-left\"><strong>Tipo de veh\u00edculo<\/strong><\/td>\n<td class=\"text-right\"><strong>Semanal<\/strong><\/td>\n<td class=\"text-left\">Diario<\/td>\n<td class=\"text-left\">Diario (m\u00e1s de 7 d\u00edas)<\/td>\n<\/tr>\n<tr>\n<td class=\"text-left\">Camioneta<\/td>\n<td class=\"text-right\">560,00 $<\/td>\n<td class=\"text-left\">82,50 $<\/td>\n<td class=\"text-left\">80,00 $<\/td>\n<\/tr>\n<tr>\n<td class=\"text-left\"><\/td>\n<td class=\"text-right\"><\/td>\n<td class=\"text-left\"><\/td>\n<td class=\"text-left\"><\/td>\n<\/tr>\n<\/tbody>\n<\/table>\n<h6><em>Tenga en cuenta:<br \/><\/em><em>&gt;  Todos los precios incluyen el seguro del coche y son una indicaci\u00f3n y est\u00e1n sujetos a cambios sin previo aviso y no se pueden derivar derechos de las tarifas indicadas.<br \/><\/em><em>&gt;  Buddy Dive Resort solo puede alquilar coches a los hu\u00e9spedes que se alojen en Buddy Dive Resort y Belmar Oceanfront Apartments. <\/em><\/h6>\n[\/vc_column_text][\/vc_column][\/vc_row][vc_row][vc_column][\/vc_column][\/vc_row]\n<\/div>","protected":false},"excerpt":{"rendered":"<p>[vc_row full_width=\u00bbstretch_row\u00bb css=\u00bb.vc_custom_1565692260160{background-position: center !important;background-repeat: no-repeat !important;background-size: cover !important;}\u00bb][vc_column width=\u00bb1\/2&#8243;][vc_images_carousel images=\u00bb32627,32624&#8243; css=\u00bb\u00bb][\/vc_column][vc_column width=\u00bb1\/2&#8243;][vc_column_text css=\u00bb\u00bb] Drive &amp; dive En Buddy Dive [&hellip;]<\/p>\n","protected":false},"author":1,"featured_media":0,"parent":37076,"menu_order":0,"comment_status":"closed","ping_status":"closed","template":"","meta":{"footnotes":""},"class_list":["post-32616","page","type-page","status-publish","hentry"],"yoast_head":"<!-- This site is optimized with the Yoast SEO plugin v27.4 - https:\/\/yoast.com\/product\/yoast-seo-wordpress\/ -->\n<title>Alquiler de coches en Buddy Dive Resort Bonaire<\/title>\n<meta name=\"description\" content=\"Reserve su paquete Drive &amp; Dive en Bonaire y disfrute de las ventajas del alquiler de coches en Buddy Dive Resort Bonaire. Buddy Dive tiene su propia flota de camionetas fiables.\" \/>\n<meta name=\"robots\" content=\"index, follow, max-snippet:-1, max-image-preview:large, max-video-preview:-1\" \/>\n<link rel=\"canonical\" href=\"https:\/\/buddydive.com\/es\/resort\/alquiler-de-vehiculos\/\" \/>\n<meta property=\"og:locale\" content=\"es_ES\" \/>\n<meta property=\"og:type\" content=\"article\" \/>\n<meta property=\"og:title\" content=\"Alquiler de coches en Buddy Dive Resort Bonaire\" \/>\n<meta property=\"og:description\" content=\"Reserve su paquete Drive &amp; Dive en Bonaire y disfrute de las ventajas del alquiler de coches en Buddy Dive Resort Bonaire. Buddy Dive tiene su propia flota de camionetas fiables.\" \/>\n<meta property=\"og:url\" content=\"https:\/\/buddydive.com\/es\/resort\/alquiler-de-vehiculos\/\" \/>\n<meta property=\"og:site_name\" content=\"Buddy Dive Bonaire\" \/>\n<meta property=\"article:publisher\" content=\"https:\/\/www.facebook.com\/buddydiveresort\" \/>\n<meta property=\"article:modified_time\" content=\"2026-02-19T14:27:31+00:00\" \/>\n<meta name=\"twitter:card\" content=\"summary_large_image\" \/>\n<meta name=\"twitter:site\" content=\"@buddydive\" \/>\n<meta name=\"twitter:label1\" content=\"Tiempo de lectura\" \/>\n\t<meta name=\"twitter:data1\" content=\"2 minutos\" \/>\n<script type=\"application\/ld+json\" class=\"yoast-schema-graph\">{\"@context\":\"https:\\\/\\\/schema.org\",\"@graph\":[{\"@type\":\"WebPage\",\"@id\":\"https:\\\/\\\/buddydive.com\\\/es\\\/resort\\\/alquiler-de-vehiculos\\\/\",\"url\":\"https:\\\/\\\/buddydive.com\\\/es\\\/resort\\\/alquiler-de-vehiculos\\\/\",\"name\":\"Alquiler de coches en Buddy Dive Resort Bonaire\",\"isPartOf\":{\"@id\":\"https:\\\/\\\/buddydive.com\\\/es\\\/#website\"},\"datePublished\":\"2025-07-03T10:54:53+00:00\",\"dateModified\":\"2026-02-19T14:27:31+00:00\",\"description\":\"Reserve su paquete Drive & Dive en Bonaire y disfrute de las ventajas del alquiler de coches en Buddy Dive Resort Bonaire. Buddy Dive tiene su propia flota de camionetas fiables.\",\"breadcrumb\":{\"@id\":\"https:\\\/\\\/buddydive.com\\\/es\\\/resort\\\/alquiler-de-vehiculos\\\/#breadcrumb\"},\"inLanguage\":\"es\",\"potentialAction\":[{\"@type\":\"ReadAction\",\"target\":[\"https:\\\/\\\/buddydive.com\\\/es\\\/resort\\\/alquiler-de-vehiculos\\\/\"]}]},{\"@type\":\"BreadcrumbList\",\"@id\":\"https:\\\/\\\/buddydive.com\\\/es\\\/resort\\\/alquiler-de-vehiculos\\\/#breadcrumb\",\"itemListElement\":[{\"@type\":\"ListItem\",\"position\":1,\"name\":\"Home\",\"item\":\"https:\\\/\\\/buddydive.com\\\/es\\\/\"},{\"@type\":\"ListItem\",\"position\":2,\"name\":\"Resort\",\"item\":\"https:\\\/\\\/buddydive.com\\\/es\\\/resort\\\/\"},{\"@type\":\"ListItem\",\"position\":3,\"name\":\"Alquiler de veh\u00edculos\"}]},{\"@type\":\"WebSite\",\"@id\":\"https:\\\/\\\/buddydive.com\\\/es\\\/#website\",\"url\":\"https:\\\/\\\/buddydive.com\\\/es\\\/\",\"name\":\"Buddy Dive Bonaire\",\"description\":\"My WordPress Blog\",\"potentialAction\":[{\"@type\":\"SearchAction\",\"target\":{\"@type\":\"EntryPoint\",\"urlTemplate\":\"https:\\\/\\\/buddydive.com\\\/es\\\/?s={search_term_string}\"},\"query-input\":{\"@type\":\"PropertyValueSpecification\",\"valueRequired\":true,\"valueName\":\"search_term_string\"}}],\"inLanguage\":\"es\"}]}<\/script>\n<!-- \/ Yoast SEO plugin. -->","yoast_head_json":{"title":"Alquiler de coches en Buddy Dive Resort Bonaire","description":"Reserve su paquete Drive & Dive en Bonaire y disfrute de las ventajas del alquiler de coches en Buddy Dive Resort Bonaire. Buddy Dive tiene su propia flota de camionetas fiables.","robots":{"index":"index","follow":"follow","max-snippet":"max-snippet:-1","max-image-preview":"max-image-preview:large","max-video-preview":"max-video-preview:-1"},"canonical":"https:\/\/buddydive.com\/es\/resort\/alquiler-de-vehiculos\/","og_locale":"es_ES","og_type":"article","og_title":"Alquiler de coches en Buddy Dive Resort Bonaire","og_description":"Reserve su paquete Drive & Dive en Bonaire y disfrute de las ventajas del alquiler de coches en Buddy Dive Resort Bonaire. Buddy Dive tiene su propia flota de camionetas fiables.","og_url":"https:\/\/buddydive.com\/es\/resort\/alquiler-de-vehiculos\/","og_site_name":"Buddy Dive Bonaire","article_publisher":"https:\/\/www.facebook.com\/buddydiveresort","article_modified_time":"2026-02-19T14:27:31+00:00","twitter_card":"summary_large_image","twitter_site":"@buddydive","twitter_misc":{"Tiempo de lectura":"2 minutos"},"schema":{"@context":"https:\/\/schema.org","@graph":[{"@type":"WebPage","@id":"https:\/\/buddydive.com\/es\/resort\/alquiler-de-vehiculos\/","url":"https:\/\/buddydive.com\/es\/resort\/alquiler-de-vehiculos\/","name":"Alquiler de coches en Buddy Dive Resort Bonaire","isPartOf":{"@id":"https:\/\/buddydive.com\/es\/#website"},"datePublished":"2025-07-03T10:54:53+00:00","dateModified":"2026-02-19T14:27:31+00:00","description":"Reserve su paquete Drive & Dive en Bonaire y disfrute de las ventajas del alquiler de coches en Buddy Dive Resort Bonaire. Buddy Dive tiene su propia flota de camionetas fiables.","breadcrumb":{"@id":"https:\/\/buddydive.com\/es\/resort\/alquiler-de-vehiculos\/#breadcrumb"},"inLanguage":"es","potentialAction":[{"@type":"ReadAction","target":["https:\/\/buddydive.com\/es\/resort\/alquiler-de-vehiculos\/"]}]},{"@type":"BreadcrumbList","@id":"https:\/\/buddydive.com\/es\/resort\/alquiler-de-vehiculos\/#breadcrumb","itemListElement":[{"@type":"ListItem","position":1,"name":"Home","item":"https:\/\/buddydive.com\/es\/"},{"@type":"ListItem","position":2,"name":"Resort","item":"https:\/\/buddydive.com\/es\/resort\/"},{"@type":"ListItem","position":3,"name":"Alquiler de veh\u00edculos"}]},{"@type":"WebSite","@id":"https:\/\/buddydive.com\/es\/#website","url":"https:\/\/buddydive.com\/es\/","name":"Buddy Dive Bonaire","description":"My WordPress Blog","potentialAction":[{"@type":"SearchAction","target":{"@type":"EntryPoint","urlTemplate":"https:\/\/buddydive.com\/es\/?s={search_term_string}"},"query-input":{"@type":"PropertyValueSpecification","valueRequired":true,"valueName":"search_term_string"}}],"inLanguage":"es"}]}},"_links":{"self":[{"href":"https:\/\/buddydive.com\/es\/wp-json\/wp\/v2\/pages\/32616","targetHints":{"allow":["GET"]}}],"collection":[{"href":"https:\/\/buddydive.com\/es\/wp-json\/wp\/v2\/pages"}],"about":[{"href":"https:\/\/buddydive.com\/es\/wp-json\/wp\/v2\/types\/page"}],"author":[{"embeddable":true,"href":"https:\/\/buddydive.com\/es\/wp-json\/wp\/v2\/users\/1"}],"replies":[{"embeddable":true,"href":"https:\/\/buddydive.com\/es\/wp-json\/wp\/v2\/comments?post=32616"}],"version-history":[{"count":12,"href":"https:\/\/buddydive.com\/es\/wp-json\/wp\/v2\/pages\/32616\/revisions"}],"predecessor-version":[{"id":37094,"href":"https:\/\/buddydive.com\/es\/wp-json\/wp\/v2\/pages\/32616\/revisions\/37094"}],"up":[{"embeddable":true,"href":"https:\/\/buddydive.com\/es\/wp-json\/wp\/v2\/pages\/37076"}],"wp:attachment":[{"href":"https:\/\/buddydive.com\/es\/wp-json\/wp\/v2\/media?parent=32616"}],"curies":[{"name":"wp","href":"https:\/\/api.w.org\/{rel}","templated":true}]}}