{"id":32604,"date":"2025-07-03T10:54:32","date_gmt":"2025-07-03T10:54:32","guid":{"rendered":"https:\/\/buddydive.com\/buceo-para-ninos\/"},"modified":"2026-02-09T17:29:12","modified_gmt":"2026-02-09T17:29:12","slug":"buceo-para-ninos","status":"publish","type":"page","link":"https:\/\/buddydive.com\/es\/submarinismo\/buceo-para-ninos\/","title":{"rendered":"Buceo para ni\u00f1os"},"content":{"rendered":"<div class=\"wpb-content-wrapper\">[vc_row][vc_column width=\u00bb2\/3&#8243;][vc_column_text]\n<h1 class=\"text-uppercase\" style=\"text-align: center;\"><small>Ni\u00f1os felices, padres felices<\/small> aprenden a bucear<\/h1>\n<p>En Buddy Dive les damos la bienvenida a usted y a sus hijos. \u00a1Nuestro resort es el lugar perfecto para pasar unas vacaciones familiares divertidas y relajadas! Haga que su hijo explore los hermosos arrecifes y la vida marina con un programa entretenido mientras usted bucea, practica esn\u00f3rquel o simplemente se relaja.<\/p>\n<p>Con el Buddy Kids Club y el equipo SASY, su hijo tendr\u00e1 su primera introducci\u00f3n al buceo y al mundo submarino de una manera divertida, l\u00fadica y educativa.[\/vc_column_text][vc_column_text]\n<h2 style=\"text-align: center;\">PROGRAMAS DISPONIBLES POR EDAD<\/h2>\n[\/vc_column_text][vc_single_image image=\u00bb32611&#8243; img_size=\u00bbfull\u00bb alignment=\u00bbcenter\u00bb][vc_tta_tabs active_section=\u00bb1&#8243;][vc_tta_section title=\u00bbBuddy Kids Club\u00bb tab_id=\u00bb1741784419538-4158829b-c205&#8243;][vc_column_text css=\u00bb\u00bb]<strong>Edades:<\/strong> 5-10 a\u00f1os<br \/>\nPrograma matutino para aprender a hacer esn\u00f3rquel y c\u00f3mo usar el equipo SASY, aprender sobre peces y el mundo submarino.<br \/>\n<em>Se requiere un m\u00ednimo de 2 participantes (ni\u00f1os).<\/em><\/p>\n<p><strong>\u00c9chale un vistazo:<\/strong> <span style=\"color: #ff6600;\"><a style=\"color: #ff6600;\" href=\"https:\/\/buddydive.com\/es\/submarinismo\/cursos-y-precios-de-buceo\/#1568921395850-cd223080-f260\">aqu\u00ed<\/a><\/span>[\/vc_column_text][\/vc_tta_section][vc_tta_section title=\u00bbSASSY\u00bb tab_id=\u00bb1741785244855-8468486c-8f1f\u00bb][vc_column_text css=\u00bb\u00bb]<strong>Edades:<\/strong> 5-10 a\u00f1os<br \/>\n\u201cEsn\u00f3rquel con aire suministrado para j\u00f3venes\u201d: esn\u00f3rquel con equipo de buceo en lugar de esn\u00f3rquel.<br \/>\n<em>Se requiere un m\u00ednimo de 2 participantes (ni\u00f1os).<\/em><\/p>\n<p><strong>\u00c9chale un vistazo:<\/strong> <span style=\"color: #ff6600;\"><a style=\"color: #ff6600;\" href=\"https:\/\/buddydive.com\/es\/submarinismo\/cursos-y-precios-de-buceo\/#1568921634556-67c2a7fe-e317\">aqu\u00ed<\/a><\/span>[\/vc_column_text][\/vc_tta_section][vc_tta_section title=\u00bbPADI Seal Team\u00bb tab_id=\u00bb1741784419538-08dde84c-2c58&#8243;][vc_column_text css=\u00bb\u00bb]<strong>Edades:<\/strong> 8-10 a\u00f1os<br \/>\nIntroducci\u00f3n a las habilidades b\u00e1sicas de buceo con \u201cAqua Missions\u201d<br \/>\n<em>Se requiere un m\u00ednimo de 2 participantes (ni\u00f1os).<\/em><\/p>\n<p><strong>\u00c9chale un vistazo:<\/strong> <span style=\"color: #ff6600;\"><a style=\"color: #ff6600;\" href=\"https:\/\/buddydive.com\/es\/submarinismo\/cursos-y-precios-de-buceo\/#1568921395930-0b17bc81-321e\">aqu\u00ed<\/a><\/span>[\/vc_column_text][\/vc_tta_section][vc_tta_section title=\u00bbPADI Bubblemaker\u00bb tab_id=\u00bb1741785828433-eaf085c4-0bfe\u00bb][vc_column_text css=\u00bb\u00bb]<strong>Edades:<\/strong> 8-10 a\u00f1os<br \/>\nDescubra el buceo usando equipo de buceo para respirar burbujas en aguas poco profundas<\/p>\n<p><strong>\u00c9chale un vistazo:<\/strong> <span style=\"color: #ff6600;\"><a style=\"color: #ff6600;\" href=\"https:\/\/buddydive.com\/es\/submarinismo\/cursos-y-precios-de-buceo\/#1568921677874-4f37223d-4d31\">aqu\u00ed<\/a><\/span>[\/vc_column_text][\/vc_tta_section][vc_tta_section title=\u00bbCursos Junior PADI\u00bb tab_id=\u00bb1741785834511-e8acf49c-30fb\u00bb][vc_column_text css=\u00bb\u00bb]<strong>Edades:<\/strong> 10-15 a\u00f1os<br \/>\nBuceo en aguas abiertas<\/p>\n<p><strong>\u00c9chale un vistazo:<\/strong> <span style=\"color: #ff6600;\"><a style=\"color: #ff6600;\" href=\"https:\/\/buddydive.com\/es\/submarinismo\/cursos-y-precios-de-buceo\/#1634306482430-bb4c3342-bcf7\">aqu\u00ed<\/a><\/span>[\/vc_column_text][\/vc_tta_section][\/vc_tta_tabs][\/vc_column][vc_column width=\u00bb1\/3&#8243;][vc_images_carousel images=\u00bb3988,3989,32724&#8243;][\/vc_column][\/vc_row][vc_row full_width=\u00bbstretch_row\u00bb curly_bg_repeat=\u00bbbg-no-repeat\u00bb curly_bg_position=\u00bbbg-pos-right-center\u00bb css=\u00bb.vc_custom_1568656903078{background-image: url(https:\/\/buddydive.com\/wp-content\/uploads\/2019\/09\/Kids-small.png?id=3829) !important;background-position: center !important;background-repeat: no-repeat !important;background-size: cover !important;}\u00bb][vc_column width=\u00bb1\/2&#8243;][vc_column_text]\n<h2 class=\"text-uppercase\"><small>\u00a1Una semana para recordar para siempre!<\/small>Kids Sea Camp<\/h2>\n<p>Buddy Dive se complace en organizar varias semanas de Kids Sea Camp cada a\u00f1o. Semanas en las que se combinan eventos de buceo divertidos y educativos, lo que resulta en unas vacaciones familiares de buceo memorables y equilibradas.<\/p>\n<p><img loading=\"lazy\" decoding=\"async\" class=\"alignleft wp-image-3839\" src=\"https:\/\/buddydive.com\/wp-content\/uploads\/2019\/09\/Ksc-logo.png\" alt=\"\" width=\"120\" height=\"78\" \/>[\/vc_column_text][vc_btn title=\u00bbLeer m\u00e1s\u00bb link=\u00bburl:http%3A%2F%2Fwww.buddydive.com%2Fevents%2Fkids-sea-camp|target:%20_blank|\u00bb][\/vc_column][vc_column width=\u00bb1\/2&#8243;][\/vc_column][\/vc_row][vc_row][vc_column][vc_video link=\u00bbhttps:\/\/www.youtube.com\/watch?v=0UNdr1EFdQE\u00bb align=\u00bbcenter\u00bb title=\u00bbBuceo para ni\u00f1os en Buddy Dive Bonaire\u00bb][\/vc_column][\/vc_row][vc_row][vc_column][vc_column_text]<span data-contrast=\"auto\">Como centro de buceo PADI de 5 estrellas, estamos sujetos a ciertas normas y reglamentos para la seguridad de sus hijos. Valoramos estas normas y reglamentos, por lo que no podemos hacer ninguna excepci\u00f3n y todas las actividades necesitan la aprobaci\u00f3n de los padres. <\/span><\/p>\n<p><b><span data-contrast=\"auto\">Normas y reglamentos de PADI:<\/span><\/b><\/p>\n<ul>\n<li data-leveltext=\"\uf075\" data-font=\"Wingdings\" data-listid=\"13\" aria-setsize=\"-1\" data-aria-posinset=\"1\" data-aria-level=\"1\"><span data-contrast=\"auto\">No se permite que los ni\u00f1os menores de 8 a\u00f1os se sumerjan<\/span><\/li>\n<li data-leveltext=\"\uf075\" data-font=\"Wingdings\" data-listid=\"13\" aria-setsize=\"-1\" data-aria-posinset=\"2\" data-aria-level=\"1\"><span data-contrast=\"auto\">Los ni\u00f1os de 8 a 10 a\u00f1os <\/span><span data-contrast=\"auto\">pueden<\/span><span data-contrast=\"auto\"> sumergirse, pero no a m\u00e1s de 6 pies (2 m) en aguas abiertas\/oc\u00e9ano<\/span><\/li>\n<li data-leveltext=\"\uf075\" data-font=\"Wingdings\" data-listid=\"13\" aria-setsize=\"-1\" data-aria-posinset=\"3\" data-aria-level=\"1\"><span data-contrast=\"auto\">Ni\u00f1os de 10 a 11 a\u00f1os que completen la certificaci\u00f3n PADI Jr. Open Water <\/span><span data-contrast=\"auto\">pueden<\/span><span data-contrast=\"auto\"> bucear hasta 40 pies (12 m) y solo con un padre certificado o un profesional de buceo<\/span><\/li>\n<li data-leveltext=\"\uf075\" data-font=\"Wingdings\" data-listid=\"13\" aria-setsize=\"-1\" data-aria-posinset=\"3\" data-aria-level=\"1\"><span data-contrast=\"auto\">Ni\u00f1os de 12 a 15 a\u00f1os que tengan la certificaci\u00f3n PADI Jr. Open Water <\/span><span data-contrast=\"auto\">pueden<\/span><span data-contrast=\"auto\"> sumergirse hasta 60 pies (18 m), que es la profundidad normal de una certificaci\u00f3n Open Water, pero necesitan un compa\u00f1ero adulto<\/span><\/li>\n<li data-leveltext=\"\uf075\" data-font=\"Wingdings\" data-listid=\"13\" aria-setsize=\"-1\" data-aria-posinset=\"3\" data-aria-level=\"1\"><span data-contrast=\"auto\">Los ni\u00f1os de hasta 16 a\u00f1os no pueden bucear sin supervisi\u00f3n y necesitan un compa\u00f1ero adulto, incluso si est\u00e1n certificados como buceadores Junior Open Water<\/span><\/li>\n<li data-leveltext=\"\uf075\" data-font=\"Wingdings\" data-listid=\"13\" aria-setsize=\"-1\" data-aria-posinset=\"3\" data-aria-level=\"1\"><span data-contrast=\"auto\">El PADI Seal Team es una certificaci\u00f3n PADI, pero esto no significa que sus hijos <\/span><span data-contrast=\"auto\">puedan<\/span><span data-contrast=\"auto\"> bucear solos o con un adulto<\/span><\/li>\n<li data-leveltext=\"\uf075\" data-font=\"Wingdings\" data-listid=\"13\" aria-setsize=\"-1\" data-aria-posinset=\"3\" data-aria-level=\"1\"><span data-contrast=\"auto\">Los ni\u00f1os mayores de 16 a\u00f1os est\u00e1n certificados para participar en los cursos regulares de buceo PADI y pueden bucear sin un compa\u00f1ero adulto<\/span><\/li>\n<\/ul>\n[\/vc_column_text][\/vc_column][\/vc_row][vc_row][vc_column][\/vc_column][\/vc_row]\n<\/div>","protected":false},"excerpt":{"rendered":"<p>[vc_row][vc_column width=\u00bb2\/3&#8243;][vc_column_text] Ni\u00f1os felices, padres felices aprenden a bucear En Buddy Dive les damos la bienvenida a usted y a [&hellip;]<\/p>\n","protected":false},"author":1,"featured_media":0,"parent":32631,"menu_order":0,"comment_status":"closed","ping_status":"closed","template":"","meta":{"footnotes":""},"class_list":["post-32604","page","type-page","status-publish","hentry"],"yoast_head":"<!-- This site is optimized with the Yoast SEO plugin v27.4 - https:\/\/yoast.com\/product\/yoast-seo-wordpress\/ -->\n<title>Buceo para ni\u00f1os en Bonaire - Buddy Dive Resort Bonaire<\/title>\n<meta name=\"description\" content=\"Buddy Dive da la bienvenida a sus hijos al esn\u00f3rquel y buceo con nuestros programas en Bonaire. M\u00e1s info.\" \/>\n<meta name=\"robots\" content=\"index, follow, max-snippet:-1, max-image-preview:large, max-video-preview:-1\" \/>\n<link rel=\"canonical\" href=\"https:\/\/buddydive.com\/es\/submarinismo\/buceo-para-ninos\/\" \/>\n<meta property=\"og:locale\" content=\"es_ES\" \/>\n<meta property=\"og:type\" content=\"article\" \/>\n<meta property=\"og:title\" content=\"Buceo para ni\u00f1os en Bonaire - Buddy Dive Resort Bonaire\" \/>\n<meta property=\"og:description\" content=\"Buddy Dive da la bienvenida a sus hijos al esn\u00f3rquel y buceo con nuestros programas en Bonaire. M\u00e1s info.\" \/>\n<meta property=\"og:url\" content=\"https:\/\/buddydive.com\/es\/submarinismo\/buceo-para-ninos\/\" \/>\n<meta property=\"og:site_name\" content=\"Buddy Dive Bonaire\" \/>\n<meta property=\"article:publisher\" content=\"https:\/\/www.facebook.com\/buddydiveresort\" \/>\n<meta property=\"article:modified_time\" content=\"2026-02-09T17:29:12+00:00\" \/>\n<meta property=\"og:image\" content=\"https:\/\/buddydive.com\/wp-content\/uploads\/2019\/09\/Ksc-logo.png\" \/>\n\t<meta property=\"og:image:width\" content=\"254\" \/>\n\t<meta property=\"og:image:height\" content=\"166\" \/>\n\t<meta property=\"og:image:type\" content=\"image\/png\" \/>\n<meta name=\"twitter:card\" content=\"summary_large_image\" \/>\n<meta name=\"twitter:site\" content=\"@buddydive\" \/>\n<meta name=\"twitter:label1\" content=\"Tiempo de lectura\" \/>\n\t<meta name=\"twitter:data1\" content=\"3 minutos\" \/>\n<script type=\"application\/ld+json\" class=\"yoast-schema-graph\">{\"@context\":\"https:\\\/\\\/schema.org\",\"@graph\":[{\"@type\":\"WebPage\",\"@id\":\"https:\\\/\\\/buddydive.com\\\/es\\\/submarinismo\\\/buceo-para-ninos\\\/\",\"url\":\"https:\\\/\\\/buddydive.com\\\/es\\\/submarinismo\\\/buceo-para-ninos\\\/\",\"name\":\"Buceo para ni\u00f1os en Bonaire - Buddy Dive Resort Bonaire\",\"isPartOf\":{\"@id\":\"https:\\\/\\\/buddydive.com\\\/es\\\/#website\"},\"primaryImageOfPage\":{\"@id\":\"https:\\\/\\\/buddydive.com\\\/es\\\/submarinismo\\\/buceo-para-ninos\\\/#primaryimage\"},\"image\":{\"@id\":\"https:\\\/\\\/buddydive.com\\\/es\\\/submarinismo\\\/buceo-para-ninos\\\/#primaryimage\"},\"thumbnailUrl\":\"https:\\\/\\\/buddydive.com\\\/wp-content\\\/uploads\\\/2019\\\/09\\\/Ksc-logo.png\",\"datePublished\":\"2025-07-03T10:54:32+00:00\",\"dateModified\":\"2026-02-09T17:29:12+00:00\",\"description\":\"Buddy Dive da la bienvenida a sus hijos al esn\u00f3rquel y buceo con nuestros programas en Bonaire. M\u00e1s info.\",\"breadcrumb\":{\"@id\":\"https:\\\/\\\/buddydive.com\\\/es\\\/submarinismo\\\/buceo-para-ninos\\\/#breadcrumb\"},\"inLanguage\":\"es\",\"potentialAction\":[{\"@type\":\"ReadAction\",\"target\":[\"https:\\\/\\\/buddydive.com\\\/es\\\/submarinismo\\\/buceo-para-ninos\\\/\"]}]},{\"@type\":\"ImageObject\",\"inLanguage\":\"es\",\"@id\":\"https:\\\/\\\/buddydive.com\\\/es\\\/submarinismo\\\/buceo-para-ninos\\\/#primaryimage\",\"url\":\"https:\\\/\\\/buddydive.com\\\/wp-content\\\/uploads\\\/2019\\\/09\\\/Ksc-logo.png\",\"contentUrl\":\"https:\\\/\\\/buddydive.com\\\/wp-content\\\/uploads\\\/2019\\\/09\\\/Ksc-logo.png\"},{\"@type\":\"BreadcrumbList\",\"@id\":\"https:\\\/\\\/buddydive.com\\\/es\\\/submarinismo\\\/buceo-para-ninos\\\/#breadcrumb\",\"itemListElement\":[{\"@type\":\"ListItem\",\"position\":1,\"name\":\"Home\",\"item\":\"https:\\\/\\\/buddydive.com\\\/es\\\/\"},{\"@type\":\"ListItem\",\"position\":2,\"name\":\"Submarinismo\",\"item\":\"https:\\\/\\\/buddydive.com\\\/es\\\/submarinismo\\\/\"},{\"@type\":\"ListItem\",\"position\":3,\"name\":\"Buceo para ni\u00f1os\"}]},{\"@type\":\"WebSite\",\"@id\":\"https:\\\/\\\/buddydive.com\\\/es\\\/#website\",\"url\":\"https:\\\/\\\/buddydive.com\\\/es\\\/\",\"name\":\"Buddy Dive Bonaire\",\"description\":\"My WordPress Blog\",\"potentialAction\":[{\"@type\":\"SearchAction\",\"target\":{\"@type\":\"EntryPoint\",\"urlTemplate\":\"https:\\\/\\\/buddydive.com\\\/es\\\/?s={search_term_string}\"},\"query-input\":{\"@type\":\"PropertyValueSpecification\",\"valueRequired\":true,\"valueName\":\"search_term_string\"}}],\"inLanguage\":\"es\"}]}<\/script>\n<!-- \/ Yoast SEO plugin. -->","yoast_head_json":{"title":"Buceo para ni\u00f1os en Bonaire - Buddy Dive Resort Bonaire","description":"Buddy Dive da la bienvenida a sus hijos al esn\u00f3rquel y buceo con nuestros programas en Bonaire. M\u00e1s info.","robots":{"index":"index","follow":"follow","max-snippet":"max-snippet:-1","max-image-preview":"max-image-preview:large","max-video-preview":"max-video-preview:-1"},"canonical":"https:\/\/buddydive.com\/es\/submarinismo\/buceo-para-ninos\/","og_locale":"es_ES","og_type":"article","og_title":"Buceo para ni\u00f1os en Bonaire - Buddy Dive Resort Bonaire","og_description":"Buddy Dive da la bienvenida a sus hijos al esn\u00f3rquel y buceo con nuestros programas en Bonaire. M\u00e1s info.","og_url":"https:\/\/buddydive.com\/es\/submarinismo\/buceo-para-ninos\/","og_site_name":"Buddy Dive Bonaire","article_publisher":"https:\/\/www.facebook.com\/buddydiveresort","article_modified_time":"2026-02-09T17:29:12+00:00","og_image":[{"width":254,"height":166,"url":"https:\/\/buddydive.com\/wp-content\/uploads\/2019\/09\/Ksc-logo.png","type":"image\/png"}],"twitter_card":"summary_large_image","twitter_site":"@buddydive","twitter_misc":{"Tiempo de lectura":"3 minutos"},"schema":{"@context":"https:\/\/schema.org","@graph":[{"@type":"WebPage","@id":"https:\/\/buddydive.com\/es\/submarinismo\/buceo-para-ninos\/","url":"https:\/\/buddydive.com\/es\/submarinismo\/buceo-para-ninos\/","name":"Buceo para ni\u00f1os en Bonaire - Buddy Dive Resort Bonaire","isPartOf":{"@id":"https:\/\/buddydive.com\/es\/#website"},"primaryImageOfPage":{"@id":"https:\/\/buddydive.com\/es\/submarinismo\/buceo-para-ninos\/#primaryimage"},"image":{"@id":"https:\/\/buddydive.com\/es\/submarinismo\/buceo-para-ninos\/#primaryimage"},"thumbnailUrl":"https:\/\/buddydive.com\/wp-content\/uploads\/2019\/09\/Ksc-logo.png","datePublished":"2025-07-03T10:54:32+00:00","dateModified":"2026-02-09T17:29:12+00:00","description":"Buddy Dive da la bienvenida a sus hijos al esn\u00f3rquel y buceo con nuestros programas en Bonaire. M\u00e1s info.","breadcrumb":{"@id":"https:\/\/buddydive.com\/es\/submarinismo\/buceo-para-ninos\/#breadcrumb"},"inLanguage":"es","potentialAction":[{"@type":"ReadAction","target":["https:\/\/buddydive.com\/es\/submarinismo\/buceo-para-ninos\/"]}]},{"@type":"ImageObject","inLanguage":"es","@id":"https:\/\/buddydive.com\/es\/submarinismo\/buceo-para-ninos\/#primaryimage","url":"https:\/\/buddydive.com\/wp-content\/uploads\/2019\/09\/Ksc-logo.png","contentUrl":"https:\/\/buddydive.com\/wp-content\/uploads\/2019\/09\/Ksc-logo.png"},{"@type":"BreadcrumbList","@id":"https:\/\/buddydive.com\/es\/submarinismo\/buceo-para-ninos\/#breadcrumb","itemListElement":[{"@type":"ListItem","position":1,"name":"Home","item":"https:\/\/buddydive.com\/es\/"},{"@type":"ListItem","position":2,"name":"Submarinismo","item":"https:\/\/buddydive.com\/es\/submarinismo\/"},{"@type":"ListItem","position":3,"name":"Buceo para ni\u00f1os"}]},{"@type":"WebSite","@id":"https:\/\/buddydive.com\/es\/#website","url":"https:\/\/buddydive.com\/es\/","name":"Buddy Dive Bonaire","description":"My WordPress Blog","potentialAction":[{"@type":"SearchAction","target":{"@type":"EntryPoint","urlTemplate":"https:\/\/buddydive.com\/es\/?s={search_term_string}"},"query-input":{"@type":"PropertyValueSpecification","valueRequired":true,"valueName":"search_term_string"}}],"inLanguage":"es"}]}},"_links":{"self":[{"href":"https:\/\/buddydive.com\/es\/wp-json\/wp\/v2\/pages\/32604","targetHints":{"allow":["GET"]}}],"collection":[{"href":"https:\/\/buddydive.com\/es\/wp-json\/wp\/v2\/pages"}],"about":[{"href":"https:\/\/buddydive.com\/es\/wp-json\/wp\/v2\/types\/page"}],"author":[{"embeddable":true,"href":"https:\/\/buddydive.com\/es\/wp-json\/wp\/v2\/users\/1"}],"replies":[{"embeddable":true,"href":"https:\/\/buddydive.com\/es\/wp-json\/wp\/v2\/comments?post=32604"}],"version-history":[{"count":5,"href":"https:\/\/buddydive.com\/es\/wp-json\/wp\/v2\/pages\/32604\/revisions"}],"predecessor-version":[{"id":36839,"href":"https:\/\/buddydive.com\/es\/wp-json\/wp\/v2\/pages\/32604\/revisions\/36839"}],"up":[{"embeddable":true,"href":"https:\/\/buddydive.com\/es\/wp-json\/wp\/v2\/pages\/32631"}],"wp:attachment":[{"href":"https:\/\/buddydive.com\/es\/wp-json\/wp\/v2\/media?parent=32604"}],"curies":[{"name":"wp","href":"https:\/\/api.w.org\/{rel}","templated":true}]}}