{"id":32592,"date":"2025-07-03T10:54:12","date_gmt":"2025-07-03T10:54:12","guid":{"rendered":"https:\/\/buddydive.com\/paquetes-y-precios\/"},"modified":"2026-02-09T16:40:36","modified_gmt":"2026-02-09T16:40:36","slug":"paquetes-y-precios","status":"publish","type":"page","link":"https:\/\/buddydive.com\/es\/submarinismo\/curso-de-desarrollo-de-instructores-padi-idc\/paquetes-y-precios\/","title":{"rendered":"Paquetes y precios"},"content":{"rendered":"<div class=\"wpb-content-wrapper\">[vc_row][vc_column width=\u00bb3\/4&#8243;][vc_column_text css=\u00bb\u00bb]\n<h1 class=\"text-uppercase\" style=\"text-align: center;\">Paquetes y precios de <small>Buddy Dive Academy<\/small><\/h1>\n<h4><strong>Su mejor elecci\u00f3n: el IDC todo incluido&nbsp;<\/strong><\/h4>\n<p>Al elegir el paquete IDC todo incluido en Buddy Dive Resort, tendr\u00e1s todo lo que puedas necesitar para convertirte en un instructor de buceo profesional y bien formado.<br \/>\nTus compa\u00f1eros se encargar\u00e1n de todo.  Tu alojamiento (compartido), traslados desde y hacia el aeropuerto, comidas, materiales, el curso en s\u00ed (incluidos el instructor EFR y el curso de proveedor de ox\u00edgeno de emergencia), las solicitudes de instructor y el examen de instructor.<br \/>\nDespu\u00e9s de reservar este paquete, no tendr\u00e1s que pensar en nada m\u00e1s que en concentrarte en estudiar, practicar y divertirte mucho con tus compa\u00f1eros candidatos a IDC y directores del curso.<\/p>\n<p><strong>Duraci\u00f3n: 2 semanas<br \/>\n<\/strong><strong>Precio:<\/strong> <strong>3725 $<\/strong><\/p>\n<p>&nbsp;<\/p>\n<h4><strong>IDC completo&nbsp;<\/strong><\/h4>\n<p>Al reservar el IDC completo, reserva todo lo que necesita para su curso de instructor. Se incluyen los materiales, el curso (incluidos el instructor EFR y el curso de proveedor de ox\u00edgeno de emergencia), las solicitudes de instructor y el examen de instructor. No tendr\u00e1 que encargarse de nada de esto. Lo \u00fanico que no est\u00e1 incluido es el alojamiento y las comidas.   <\/p>\n<p><strong>Duraci\u00f3n: 2 semanas<br \/>\n<\/strong><strong>Precio:<\/strong> <strong>3150 $<\/strong><\/p>\n<h4><strong>IDC b\u00e1sico&nbsp;<\/strong><\/h4>\n<p>El IDC b\u00e1sico cubre el curso de desarrollo de instructores (&amp; EFR) y los materiales. Tenga en cuenta que tendr\u00e1 que pagar y organizar la solicitud y el examen de instructor antes de convertirse en instructor y comenzar a ense\u00f1ar. <\/p>\n<p><strong>Duraci\u00f3n: 2 semanas<br \/>\n<\/strong><strong>Precio: 1750 $<br \/>\n<\/strong>[\/vc_column_text][vc_empty_space][vc_separator][\/vc_column][vc_column width=\u00bb1\/4&#8243;][vc_column_text]\n<h3 class=\"text-uppercase\" style=\"text-align: center;\">Paquetes y precios<\/h3>\n<ul>\n<li>\n<h4><a href=\"https:\/\/buddydive.com\/es\/submarinismo\/curso-de-desarrollo-de-instructores-padi-idc\/\">Buddy Dive Academy<\/a><\/h4>\n<\/li>\n<li>\n<h4><a href=\"https:\/\/buddydive.com\/es\/submarinismo\/curso-de-desarrollo-de-instructores-padi-idc\/buddy-dive-academy-para-profesionales\/\">Para los profesionales: instructor de personal MSDT e IDC<\/a><\/h4>\n<\/li>\n<li>\n<h4><a href=\"http:\/\/www.buddydive.com\/diving\/prerequisites\/\">Requisitos previos<\/a><\/h4>\n<\/li>\n<li>\n<h4><a href=\"https:\/\/buddydive.com\/es\/submarinismo\/curso-de-desarrollo-de-instructores-padi-idc\/el-idc-todo-lo-que-necesita-saber\/\">El IDC: todo lo que necesita saber<\/a><\/h4>\n<\/li>\n<\/ul>\n[\/vc_column_text][\/vc_column][\/vc_row][vc_row][vc_column][vc_tta_accordion active_section=\u00bb1&#8243; collapsible_all=\u00bbtrue\u00bb][vc_tta_section title=\u00bbDetalles del paquete\u00bb tab_id=\u00bb1635333446210-c7c95ec0-fcd9&#8243;][vc_column_text]\n<table class=\"table table-responsive\">\n<tbody>\n<tr>\n<td width=\"151\"><strong>Art\u00edculo<\/strong><\/td>\n<td width=\"151\"><strong>Necesario<\/strong><\/td>\n<td width=\"151\"><strong>IDC todo incluido<\/strong><strong><br \/>\n<\/strong><\/td>\n<td width=\"151\"><strong>IDC completo<br \/>\n<\/strong><\/td>\n<td width=\"151\"><strong>IDC b\u00e1sico<br \/>\n<\/strong><\/td>\n<\/tr>\n<tr>\n<td width=\"151\">Materiales del IDC (paquete para tripulantes)<\/td>\n<td width=\"151\">S\u00ed<\/td>\n<td width=\"151\">Incluido<\/td>\n<td width=\"151\">Incluido<\/td>\n<td width=\"151\">Incluido<\/td>\n<\/tr>\n<tr>\n<td width=\"151\">Manuales del instructor EFR<\/td>\n<td width=\"151\">S\u00ed<\/td>\n<td width=\"151\">Incluido<\/td>\n<td width=\"151\">Incluido<\/td>\n<td width=\"151\">Incluido<\/td>\n<\/tr>\n<tr>\n<td width=\"151\">Examen de instructor<\/td>\n<td width=\"151\">S\u00ed<\/td>\n<td width=\"151\">incluido<\/td>\n<td width=\"151\">incluido<\/td>\n<td width=\"151\">x<\/td>\n<\/tr>\n<tr>\n<td width=\"151\">Solicitud de instructor<\/td>\n<td width=\"151\">S\u00ed<\/td>\n<td width=\"151\">incluido<\/td>\n<td width=\"151\">incluido<\/td>\n<td width=\"151\">x<\/td>\n<\/tr>\n<tr>\n<td width=\"151\">Solicitud de instructor EFR<\/td>\n<td width=\"151\">S\u00ed<\/td>\n<td width=\"151\">Incluido<\/td>\n<td width=\"151\">Incluido<\/td>\n<td width=\"151\">X<\/td>\n<\/tr>\n<tr>\n<td width=\"151\">Materiales del proveedor de ox\u00edgeno de emergencia<\/td>\n<td width=\"151\">No<\/td>\n<td width=\"151\">Incluido<\/td>\n<td width=\"151\">Incluido<\/td>\n<td width=\"151\">X<\/td>\n<\/tr>\n<tr>\n<td width=\"151\">Alojamiento compartido y 3 comidas al d\u00eda &#8211; 14 noches<\/td>\n<td width=\"151\">No<\/td>\n<td width=\"151\">Incluido<\/td>\n<td width=\"151\">X<\/td>\n<td width=\"151\">X<\/td>\n<\/tr>\n<tr>\n<td width=\"151\">Tasa de matr\u00edcula del IDC<\/td>\n<td width=\"151\">S\u00ed<\/td>\n<td width=\"151\">Incluido<\/td>\n<td width=\"151\">Incluido<\/td>\n<td width=\"151\">Incluido<\/td>\n<\/tr>\n<tr>\n<td width=\"151\">Tasa de matr\u00edcula del instructor EFR<\/td>\n<td width=\"151\">S\u00ed<\/td>\n<td width=\"151\">Incluido<\/td>\n<td width=\"151\">Incluido<\/td>\n<td width=\"151\">Incluido<\/td>\n<\/tr>\n<tr>\n<td width=\"151\">Tasa de matr\u00edcula del proveedor de ox\u00edgeno de emergencia<\/td>\n<td width=\"151\">No<\/td>\n<td width=\"151\">Incluido<\/td>\n<td width=\"151\">Incluido<\/td>\n<td width=\"151\">X<\/td>\n<\/tr>\n<\/tbody>\n<\/table>\n[\/vc_column_text][\/vc_tta_section][\/vc_tta_accordion][vc_column_text]\n<h4>Otros paquetes profesionales<\/h4>\n[\/vc_column_text][vc_tta_accordion active_section=\u00bb1&#8243; collapsible_all=\u00bbtrue\u00bb][vc_tta_section title=\u00bbCurso de divemaster con todo incluido\u00bb tab_id=\u00bb1635332245830-49b36bc3-6c75&#8243;][vc_column_text css=\u00bb\u00bb]\n<div id=\"1634306883014-56c0975c-bb23\" class=\"vc_tta-panel vc_active\" data-vc-content=\".vc_tta-panel-body\">\n<div class=\"vc_tta-panel-body\">\n<div class=\"wpb_text_column wpb_content_element \">\n<div class=\"wpb_wrapper\">\n<p>\u00a1Haga que le resulte f\u00e1cil y conc\u00e9ntrese plenamente en este curso divertido y exigente, que es su primer paso en el mundo de los profesionales de PADI!<\/p>\n<p>P\u00f3ngase en contacto con nuestro director del curso o con el departamento de reservas para obtener m\u00e1s informaci\u00f3n:<a href=\"mailto:coursedirector@buddydive.com\">coursedirector@buddydive.com<\/a> \u2013 <a href=\"mailto:reservations@buddydive.com\">reservations@buddydive.com<\/a><\/p>\n<p><strong>Duraci\u00f3n: 13 d\u00edas<br \/>\n<\/strong><strong>Precio: 2400 $<br \/>\n<\/strong><\/p>\n<p><strong>El paquete incluye:<\/strong><br \/>\nCurso de Divemaster E-learning, materiales de Divemaster, traslados desde y hacia el aeropuerto, alojamiento compartido y 3 comidas diarias. El paquete no incluye la tarifa de PADI para tu solicitud de Divemaster ni el equipo de buceo <\/p>\n<\/div>\n<\/div>\n<\/div>\n<\/div>\n[\/vc_column_text][\/vc_tta_section][vc_tta_section title=\u00bbCurso de Divemaster + pr\u00e1cticas\u00bb tab_id=\u00bb1663250358589-480b37c0-c764&#8243;][vc_column_text css=\u00bb\u00bb]\n<div id=\"1634306883014-56c0975c-bb23\" class=\"vc_tta-panel vc_active\" data-vc-content=\".vc_tta-panel-body\">\n<div class=\"vc_tta-panel-body\">\n<div class=\"wpb_text_column wpb_content_element \">\n<div class=\"wpb_wrapper\">\n<p>Aprenda en una de las mejores operaciones de buceo del mundo y convi\u00e9rtase en PADI Divemaster en Bonaire. Despu\u00e9s de completar el curso de Divemaster, se convertir\u00e1 (temporalmente) en parte del equipo de buceo de Buddy Dive y completar\u00e1 unas pr\u00e1cticas de 6 semanas como Divemaster en el para\u00edso. <\/p>\n<p>P\u00f3ngase en contacto con nuestros directores del curso para obtener m\u00e1s informaci\u00f3n: <a href=\"mailto:coursedirector@buddydive.com\">coursedirector@buddydive.com<\/a><\/p>\n<p>Si desea obtener experiencia pr\u00e1ctica para su curr\u00edculum, puede continuar su programa de Divemaster de 2 semanas con unas pr\u00e1cticas de 6 semanas. Durante estas pr\u00e1cticas, ver\u00e1 a\u00fan m\u00e1s facetas de la vida de Divemaster. Su experiencia ser\u00e1 m\u00e1s amplia de lo que aprender\u00e1 durante el curso de Divemaster. \u00a1Realizar\u00e1 al menos 30 inmersiones durante sus pr\u00e1cticas y, en sus d\u00edas de pr\u00e1cticas, podr\u00e1 disfrutar de una comida gratuita para el personal!   <\/p>\n<p><strong>Duraci\u00f3n:<\/strong> <strong>14 d\u00edas + pr\u00e1cticas de 6 semanas<\/strong><br \/>\n<strong>Precio: 975 $<\/strong><\/p>\n<p><strong>El paquete incluye:<br \/>\n<\/strong>Curso de Divemaster E-Learning, materiales de Divemaster, toda la instrucci\u00f3n y el seguro de responsabilidad profesional de DAN durante las pr\u00e1cticas de 6 semanas<br aria-hidden=\"true\"><strong><em>El paquete no incluye la tarifa de PADI para tu solicitud de Divemaster, seguro m\u00e9dico o de accidentes de buceo ni el equipo de buceo<\/em><\/strong><\/p>\n<\/div>\n<\/div>\n<\/div>\n<\/div>\n[\/vc_column_text][\/vc_tta_section][vc_tta_section title=\u00bbE-learning del curso PADI Divemaster\u00bb tab_id=\u00bb1635332245854-de86b4f0-1ac7&#8243;][vc_column_text css=\u00bb\u00bb]\n<p class=\"x_MsoNormal\"><span data-olk-copy-source=\"MessageBody\">Nuestro programa regular de Divemaster es un programa de 2 semanas, en el que se repetir\u00e1n muchas tareas de PADI Divemaster, por lo que obtendr\u00e1 una formaci\u00f3n exhaustiva y un conocimiento profundo de lo que implica la vida de Divemaster. Le proporciona una buena comprensi\u00f3n de c\u00f3mo variar\u00e1 su funci\u00f3n en diferentes entornos.  <\/span>La formaci\u00f3n incluye al menos 4 ma\u00f1anas en las que realizar\u00e1s una inmersi\u00f3n de 2 tanques desde un barco para guiar. En total, asistir\u00e1s durante 2,5 d\u00edas en cursos. Esto significa que obtienes una formaci\u00f3n m\u00e1s extensa en comparaci\u00f3n con lo que se requiere como m\u00ednimo indispensable.<\/p>\n<p class=\"x_MsoNormal\">Podemos personalizar este programa si lo desea. Si desea que lo hagamos, p\u00f3ngase en contacto con nuestro director del curso: coursedirector@buddydive.com <\/p>\n<p class=\"x_MsoNormal\"><strong>Duraci\u00f3n: 13 d\u00edas<br \/>\nPrecio: 975 $<\/strong><\/p>\n<p class=\"x_MsoNormal\"><em><strong>El paquete incluye:<\/strong><\/em><br \/>\n<em><strong>E-learning del curso de Divemaster, materiales de Divemaster. El paquete no incluye la tarifa de PADI para su solicitud de Divemaster ni el equipo de buceo. <\/strong><\/em>[\/vc_column_text][\/vc_tta_section][vc_tta_section title=\u00bbInstructor asistente de PADI\u00bb tab_id=\u00bb1635332446372-61a449b9-ff19&#8243;][vc_column_text]Las habilidades de ense\u00f1anza que desarrollar\u00e1 durante el curso de instructor asistente de PADI le permitir\u00e1n llevar a cabo de forma independiente varios programas de PADI y, con una formaci\u00f3n adicional del director del curso de PADI, tambi\u00e9n podr\u00e1 impartir cursos de especialidad que no sean de buceo. Los instructores asistentes son educadores de buceo que ayudan con el desarrollo del conocimiento del estudiante. Realizar el curso de instructor asistente de PADI le acercar\u00e1 un paso m\u00e1s a convertirse en instructor de aguas abiertas de PADI.  <\/p>\n<p><strong>Duraci\u00f3n: 4 d\u00edas<br \/>\n<\/strong><strong>Precio: A consultar<\/strong>[\/vc_column_text][\/vc_tta_section][vc_tta_section title=\u00bbPrograma de entrenador de buceo maestro\u00bb tab_id=\u00bb1635332508820-b5ed0907-e611&#8243;][vc_column_text css=\u00bb\u00bb]La preparaci\u00f3n para MSDT es la preparaci\u00f3n para Master Scuba Diver Trainer. Este es un instructor PADI al que se le permite ense\u00f1ar 5 especialidades PADI adicionales y ha certificado al menos a 25 buceadores. Se puede solicitar un paquete de preparaci\u00f3n para MSDT durante todo el a\u00f1o. Buddy Dive cree que ense\u00f1ar\u00e1s y vender\u00e1s aquellos cursos que m\u00e1s te guste ense\u00f1ar, por lo que personalizaremos tu paquete MSDT, lo que significa que puedes elegir qu\u00e9 5 especialidades de instructor quieres seguir. Te regalamos la especialidad de instructor EANx como tu 6<sup>\u00aa<\/sup> especialidad de instructor (u otra si ya tienes esa especialidad de instructor)<br \/>\nPrecio 1175 $, incluyendo las solicitudes de instructor PADI.    <\/p>\n<p>Inmediatamente despu\u00e9s de cada IDC, ejecutamos un programa MDST todo incluido, en el que podr\u00e1s utilizar alojamiento compartido, incluyendo 3 comidas b\u00e1sicas al d\u00eda.<br \/>\nEste <a href=\"https:\/\/buddydive.com\/es\/submarinismo\/curso-de-desarrollo-de-instructores-padi-idc\/buddy-dive-academy-para-profesionales\/\">paquete todo incluido<\/a> se ofrece 6 veces al a\u00f1o despu\u00e9s de los IDC. Es posible seguir el programa MSDT en otras semanas, pero no como un paquete todo incluido.<\/p>\n<p>P\u00f3ngase en contacto con nuestro director del curso para obtener m\u00e1s informaci\u00f3n: <a href=\"mailto:coursedirector@buddydive.com\">coursedirector@buddydive.com<\/a><\/p>\n<p><strong>Duraci\u00f3n: 7 d\u00edas<\/strong><br \/>\n<strong>Precio: Paquete todo incluido: 1702 $<br \/>\nSolo programa: 1175 $<\/strong><\/p>\n<p><strong>El paquete con todo incluido incluye:<\/strong> 5 cursos de instructor de especialidad + curso gratuito de instructor de Nitrox, tarifas de PADI para sus solicitudes de instructor de especialidad, alojamiento compartido, traslados al aeropuerto y 3 comidas al d\u00eda, uso de tanques y equipo de alquiler b\u00e1sico. El paquete no incluye el alquiler de equipo de especialidad como equipo sidemount, traje seco, etc.[\/vc_column_text][\/vc_tta_section][vc_tta_section title=\u00bbCurso de instructor de personal IDC con todo incluido\u00bb tab_id=\u00bb1635332555995-b047d178-5eab\u00bb][vc_column_text css=\u00bb\u00bb]D\u00e9 el siguiente paso en su carrera y convi\u00e9rtase en instructor de personal de IDC. Buddy Dive Resort le ofrece la oportunidad de ampliar sus conocimientos y compartir su amor por la profesi\u00f3n de instructor de PADI. Durante esta formaci\u00f3n, aprender\u00e1 a ayudar en los cursos de desarrollo de instructores y a transferir sus conocimientos y pasi\u00f3n a la pr\u00f3xima generaci\u00f3n de instructores de PADI.  <\/p>\n<p>Para participar en esta formaci\u00f3n, ya debe ser entrenador de buceo maestro.<\/p>\n<p><strong>All-inclusive package<\/strong><strong>: $2002<br \/>\nProgram only: $1175<br \/>\n<\/strong><\/p>\n<p><strong>El paquete incluye<\/strong> materiales de e-learning para personal de IDC y pizarras de director de curso\/personal de IDC, alojamiento compartido, traslados al aeropuerto y 3 comidas al d\u00eda.[\/vc_column_text][\/vc_tta_section][\/vc_tta_accordion][vc_column_text]\n<p style=\"text-align: center;\"><strong>\u00bfEs usted residente de Bonaire? P\u00f3ngase en contacto con nosotros para solicitar sus tarifas locales. <\/strong><\/p>\n[\/vc_column_text][vc_btn title=\u00bb\u00a1Reg\u00edstrese!\u00bb color=\u00bbwarning\u00bb align=\u00bbcenter\u00bb link=\u00bburl:https%3A%2F%2Fbuddydive.com%2Fes%2Fcontacto%2F|\u00bb][\/vc_column][\/vc_row][vc_row][vc_column][vc_gallery images=\u00bb32596,32782,32597&#8243; img_size=\u00bbMedium\u00bb css=\u00bb\u00bb columns=\u00bb3&#8243;][vc_separator][\/vc_column][\/vc_row]\n<\/div>","protected":false},"excerpt":{"rendered":"<p>[vc_row][vc_column width=\u00bb3\/4&#8243;][vc_column_text css=\u00bb\u00bb] Paquetes y precios de Buddy Dive Academy Su mejor elecci\u00f3n: el IDC todo incluido&nbsp; Al elegir el [&hellip;]<\/p>\n","protected":false},"author":1,"featured_media":0,"parent":32774,"menu_order":0,"comment_status":"closed","ping_status":"closed","template":"","meta":{"footnotes":""},"class_list":["post-32592","page","type-page","status-publish","hentry"],"yoast_head":"<!-- This site is optimized with the Yoast SEO plugin v27.4 - https:\/\/yoast.com\/product\/yoast-seo-wordpress\/ -->\n<title>Paquete de instructor de buceo - Buddy Dive Resort Bonaire<\/title>\n<meta name=\"description\" content=\"\u00bfLe gustar\u00eda llevar su buceo al siguiente nivel? Elija nuestro paquete de instructor de buceo y convi\u00e9rtase en instructor de buceo PADI en Bonaire\" \/>\n<meta name=\"robots\" content=\"index, follow, max-snippet:-1, max-image-preview:large, max-video-preview:-1\" \/>\n<link rel=\"canonical\" href=\"https:\/\/buddydive.com\/es\/submarinismo\/curso-de-desarrollo-de-instructores-padi-idc\/paquetes-y-precios\/\" \/>\n<meta property=\"og:locale\" content=\"es_ES\" \/>\n<meta property=\"og:type\" content=\"article\" \/>\n<meta property=\"og:title\" content=\"Paquete de instructor de buceo - Buddy Dive Resort Bonaire\" \/>\n<meta property=\"og:description\" content=\"\u00bfLe gustar\u00eda llevar su buceo al siguiente nivel? Elija nuestro paquete de instructor de buceo y convi\u00e9rtase en instructor de buceo PADI en Bonaire\" \/>\n<meta property=\"og:url\" content=\"https:\/\/buddydive.com\/es\/submarinismo\/curso-de-desarrollo-de-instructores-padi-idc\/paquetes-y-precios\/\" \/>\n<meta property=\"og:site_name\" content=\"Buddy Dive Bonaire\" \/>\n<meta property=\"article:publisher\" content=\"https:\/\/www.facebook.com\/buddydiveresort\" \/>\n<meta property=\"article:modified_time\" content=\"2026-02-09T16:40:36+00:00\" \/>\n<meta name=\"twitter:card\" content=\"summary_large_image\" \/>\n<meta name=\"twitter:site\" content=\"@buddydive\" \/>\n<meta name=\"twitter:label1\" content=\"Tiempo de lectura\" \/>\n\t<meta name=\"twitter:data1\" content=\"7 minutos\" \/>\n<script type=\"application\/ld+json\" class=\"yoast-schema-graph\">{\"@context\":\"https:\\\/\\\/schema.org\",\"@graph\":[{\"@type\":\"WebPage\",\"@id\":\"https:\\\/\\\/buddydive.com\\\/es\\\/submarinismo\\\/curso-de-desarrollo-de-instructores-padi-idc\\\/paquetes-y-precios\\\/\",\"url\":\"https:\\\/\\\/buddydive.com\\\/es\\\/submarinismo\\\/curso-de-desarrollo-de-instructores-padi-idc\\\/paquetes-y-precios\\\/\",\"name\":\"Paquete de instructor de buceo - Buddy Dive Resort Bonaire\",\"isPartOf\":{\"@id\":\"https:\\\/\\\/buddydive.com\\\/es\\\/#website\"},\"datePublished\":\"2025-07-03T10:54:12+00:00\",\"dateModified\":\"2026-02-09T16:40:36+00:00\",\"description\":\"\u00bfLe gustar\u00eda llevar su buceo al siguiente nivel? Elija nuestro paquete de instructor de buceo y convi\u00e9rtase en instructor de buceo PADI en Bonaire\",\"breadcrumb\":{\"@id\":\"https:\\\/\\\/buddydive.com\\\/es\\\/submarinismo\\\/curso-de-desarrollo-de-instructores-padi-idc\\\/paquetes-y-precios\\\/#breadcrumb\"},\"inLanguage\":\"es\",\"potentialAction\":[{\"@type\":\"ReadAction\",\"target\":[\"https:\\\/\\\/buddydive.com\\\/es\\\/submarinismo\\\/curso-de-desarrollo-de-instructores-padi-idc\\\/paquetes-y-precios\\\/\"]}]},{\"@type\":\"BreadcrumbList\",\"@id\":\"https:\\\/\\\/buddydive.com\\\/es\\\/submarinismo\\\/curso-de-desarrollo-de-instructores-padi-idc\\\/paquetes-y-precios\\\/#breadcrumb\",\"itemListElement\":[{\"@type\":\"ListItem\",\"position\":1,\"name\":\"Home\",\"item\":\"https:\\\/\\\/buddydive.com\\\/es\\\/\"},{\"@type\":\"ListItem\",\"position\":2,\"name\":\"Submarinismo\",\"item\":\"https:\\\/\\\/buddydive.com\\\/es\\\/submarinismo\\\/\"},{\"@type\":\"ListItem\",\"position\":3,\"name\":\"Curso de desarrollo de instructores &#8211; PADI IDC\",\"item\":\"https:\\\/\\\/buddydive.com\\\/es\\\/submarinismo\\\/curso-de-desarrollo-de-instructores-padi-idc\\\/\"},{\"@type\":\"ListItem\",\"position\":4,\"name\":\"Paquetes y precios\"}]},{\"@type\":\"WebSite\",\"@id\":\"https:\\\/\\\/buddydive.com\\\/es\\\/#website\",\"url\":\"https:\\\/\\\/buddydive.com\\\/es\\\/\",\"name\":\"Buddy Dive Bonaire\",\"description\":\"My WordPress Blog\",\"potentialAction\":[{\"@type\":\"SearchAction\",\"target\":{\"@type\":\"EntryPoint\",\"urlTemplate\":\"https:\\\/\\\/buddydive.com\\\/es\\\/?s={search_term_string}\"},\"query-input\":{\"@type\":\"PropertyValueSpecification\",\"valueRequired\":true,\"valueName\":\"search_term_string\"}}],\"inLanguage\":\"es\"}]}<\/script>\n<!-- \/ Yoast SEO plugin. -->","yoast_head_json":{"title":"Paquete de instructor de buceo - Buddy Dive Resort Bonaire","description":"\u00bfLe gustar\u00eda llevar su buceo al siguiente nivel? Elija nuestro paquete de instructor de buceo y convi\u00e9rtase en instructor de buceo PADI en Bonaire","robots":{"index":"index","follow":"follow","max-snippet":"max-snippet:-1","max-image-preview":"max-image-preview:large","max-video-preview":"max-video-preview:-1"},"canonical":"https:\/\/buddydive.com\/es\/submarinismo\/curso-de-desarrollo-de-instructores-padi-idc\/paquetes-y-precios\/","og_locale":"es_ES","og_type":"article","og_title":"Paquete de instructor de buceo - Buddy Dive Resort Bonaire","og_description":"\u00bfLe gustar\u00eda llevar su buceo al siguiente nivel? Elija nuestro paquete de instructor de buceo y convi\u00e9rtase en instructor de buceo PADI en Bonaire","og_url":"https:\/\/buddydive.com\/es\/submarinismo\/curso-de-desarrollo-de-instructores-padi-idc\/paquetes-y-precios\/","og_site_name":"Buddy Dive Bonaire","article_publisher":"https:\/\/www.facebook.com\/buddydiveresort","article_modified_time":"2026-02-09T16:40:36+00:00","twitter_card":"summary_large_image","twitter_site":"@buddydive","twitter_misc":{"Tiempo de lectura":"7 minutos"},"schema":{"@context":"https:\/\/schema.org","@graph":[{"@type":"WebPage","@id":"https:\/\/buddydive.com\/es\/submarinismo\/curso-de-desarrollo-de-instructores-padi-idc\/paquetes-y-precios\/","url":"https:\/\/buddydive.com\/es\/submarinismo\/curso-de-desarrollo-de-instructores-padi-idc\/paquetes-y-precios\/","name":"Paquete de instructor de buceo - Buddy Dive Resort Bonaire","isPartOf":{"@id":"https:\/\/buddydive.com\/es\/#website"},"datePublished":"2025-07-03T10:54:12+00:00","dateModified":"2026-02-09T16:40:36+00:00","description":"\u00bfLe gustar\u00eda llevar su buceo al siguiente nivel? Elija nuestro paquete de instructor de buceo y convi\u00e9rtase en instructor de buceo PADI en Bonaire","breadcrumb":{"@id":"https:\/\/buddydive.com\/es\/submarinismo\/curso-de-desarrollo-de-instructores-padi-idc\/paquetes-y-precios\/#breadcrumb"},"inLanguage":"es","potentialAction":[{"@type":"ReadAction","target":["https:\/\/buddydive.com\/es\/submarinismo\/curso-de-desarrollo-de-instructores-padi-idc\/paquetes-y-precios\/"]}]},{"@type":"BreadcrumbList","@id":"https:\/\/buddydive.com\/es\/submarinismo\/curso-de-desarrollo-de-instructores-padi-idc\/paquetes-y-precios\/#breadcrumb","itemListElement":[{"@type":"ListItem","position":1,"name":"Home","item":"https:\/\/buddydive.com\/es\/"},{"@type":"ListItem","position":2,"name":"Submarinismo","item":"https:\/\/buddydive.com\/es\/submarinismo\/"},{"@type":"ListItem","position":3,"name":"Curso de desarrollo de instructores &#8211; PADI IDC","item":"https:\/\/buddydive.com\/es\/submarinismo\/curso-de-desarrollo-de-instructores-padi-idc\/"},{"@type":"ListItem","position":4,"name":"Paquetes y precios"}]},{"@type":"WebSite","@id":"https:\/\/buddydive.com\/es\/#website","url":"https:\/\/buddydive.com\/es\/","name":"Buddy Dive Bonaire","description":"My WordPress Blog","potentialAction":[{"@type":"SearchAction","target":{"@type":"EntryPoint","urlTemplate":"https:\/\/buddydive.com\/es\/?s={search_term_string}"},"query-input":{"@type":"PropertyValueSpecification","valueRequired":true,"valueName":"search_term_string"}}],"inLanguage":"es"}]}},"_links":{"self":[{"href":"https:\/\/buddydive.com\/es\/wp-json\/wp\/v2\/pages\/32592","targetHints":{"allow":["GET"]}}],"collection":[{"href":"https:\/\/buddydive.com\/es\/wp-json\/wp\/v2\/pages"}],"about":[{"href":"https:\/\/buddydive.com\/es\/wp-json\/wp\/v2\/types\/page"}],"author":[{"embeddable":true,"href":"https:\/\/buddydive.com\/es\/wp-json\/wp\/v2\/users\/1"}],"replies":[{"embeddable":true,"href":"https:\/\/buddydive.com\/es\/wp-json\/wp\/v2\/comments?post=32592"}],"version-history":[{"count":13,"href":"https:\/\/buddydive.com\/es\/wp-json\/wp\/v2\/pages\/32592\/revisions"}],"predecessor-version":[{"id":36806,"href":"https:\/\/buddydive.com\/es\/wp-json\/wp\/v2\/pages\/32592\/revisions\/36806"}],"up":[{"embeddable":true,"href":"https:\/\/buddydive.com\/es\/wp-json\/wp\/v2\/pages\/32774"}],"wp:attachment":[{"href":"https:\/\/buddydive.com\/es\/wp-json\/wp\/v2\/media?parent=32592"}],"curies":[{"name":"wp","href":"https:\/\/api.w.org\/{rel}","templated":true}]}}