{"id":32585,"date":"2025-07-03T10:53:49","date_gmt":"2025-07-03T10:53:49","guid":{"rendered":"https:\/\/buddydive.com\/requisitos-previos\/"},"modified":"2026-02-09T17:06:32","modified_gmt":"2026-02-09T17:06:32","slug":"requisitos-previos","status":"publish","type":"page","link":"https:\/\/buddydive.com\/es\/submarinismo\/requisitos-previos\/","title":{"rendered":"Requisitos previos"},"content":{"rendered":"<div class=\"wpb-content-wrapper\">[vc_row][vc_column width=\u00bb3\/4&#8243;][vc_column_text]\n<h2 class=\"text-uppercase\" style=\"text-align: center;\">Toda la informaci\u00f3n que necesita<\/h2>\n<p style=\"text-align: center;\">En esta p\u00e1gina puede encontrar qu\u00e9 requisitos previos debe cumplir para participar en el curso de buceo de su elecci\u00f3n. Haga clic en las siguientes secciones para obtener detalles m\u00e1s espec\u00edficos.<br \/>Para los cursos de especialidad, los requisitos previos difieren seg\u00fan el grupo de edad.[\/vc_column_text][vc_tta_accordion active_section=\u00bb\u00bb][vc_tta_section title=\u00bbBuzo de aguas abiertas PADI\u00bb tab_id=\u00bb1568737916752-3a63b19a-8ae2&#8243;][vc_column_text]\n<ul>\n<li>10 a\u00f1os<\/li>\n<li>Apto para el buceo <a href=\"https:\/\/waivermaster.com\/r\/2020-10-15\/640ed7d1-582b-4c18-9232-d44e4e37f94f\/1e3a1135-408d-4202-aaf7-7112c4424757\/1304a9b4-bd21-4bd3-a3e8-eaa7f51c07ce.html\">(consulte el cuestionario m\u00e9dico)<\/a><\/li>\n<\/ul>\n[\/vc_column_text][\/vc_tta_section][vc_tta_section title=\u00bbBuzo de aventura PADI\u00bb tab_id=\u00bb1568737916777-625b7ba5-3b0a\u00bb][vc_column_text]\n<ul>\n<li>10 a\u00f1os<\/li>\n<li>Certificado como buzo de aguas abiertas PADI*<\/li>\n<li>Apto para el buceo <a href=\"https:\/\/waivermaster.com\/r\/2020-10-15\/640ed7d1-582b-4c18-9232-d44e4e37f94f\/1e3a1135-408d-4202-aaf7-7112c4424757\/1304a9b4-bd21-4bd3-a3e8-eaa7f51c07ce.html\">(consulte el cuestionario m\u00e9dico)<\/a><\/li>\n<\/ul>\n[\/vc_column_text][\/vc_tta_section][vc_tta_section title=\u00bbBuzo avanzado de aguas abiertas PADI\u00bb tab_id=\u00bb1568738084158-6db482ae-9713&#8243;][vc_column_text]\n<ul>\n<li>12 a\u00f1os<\/li>\n<li>Certificado como buzo de aguas abiertas PADI*<\/li>\n<li>Apto para el buceo <a href=\"https:\/\/waivermaster.com\/r\/2020-10-15\/640ed7d1-582b-4c18-9232-d44e4e37f94f\/1e3a1135-408d-4202-aaf7-7112c4424757\/1304a9b4-bd21-4bd3-a3e8-eaa7f51c07ce.html\">(consulte el cuestionario m\u00e9dico)<\/a><\/li>\n<\/ul>\n[\/vc_column_text][\/vc_tta_section][vc_tta_section title=\u00bbBuzo de rescate PADI\u00bb tab_id=\u00bb1568738139731-066ffbcb-c362&#8243;][vc_column_text]\n<ul>\n<li>12 a\u00f1os<\/li>\n<li>Certificado como buzo avanzado de aguas abiertas PADI*<\/li>\n<li>Certificado como buzo de aventura PADI* que haya completado la inmersi\u00f3n de aventura de navegaci\u00f3n<\/li>\n<li>Formaci\u00f3n EFR primaria y secundaria completada en los \u00faltimos 24 meses; esto se puede completar junto con el curso de buzo de rescate<\/li>\n<li>Apto para el buceo <a href=\"https:\/\/waivermaster.com\/r\/2020-10-15\/640ed7d1-582b-4c18-9232-d44e4e37f94f\/1e3a1135-408d-4202-aaf7-7112c4424757\/1304a9b4-bd21-4bd3-a3e8-eaa7f51c07ce.html\">(consulte el cuestionario m\u00e9dico)<\/a><\/li>\n<\/ul>\n[\/vc_column_text][\/vc_tta_section][vc_tta_section title=\u00bbBuzo de seguridad p\u00fablica\u00bb tab_id=\u00bb1669038598372-76771c8d-5fef\u00bb][vc_column_text]\n<ul>\n<li>Al menos 18 a\u00f1os<\/li>\n<li>Certificado como buzo avanzado Padi, o buzo avanzado de otra organizaci\u00f3n reconocida<\/li>\n<li>Certificado como buzo de rescate Padi, o como buzo de rescate de otra organizaci\u00f3n reconocida.<\/li>\n<li>Prueba de afiliaci\u00f3n O empleo con un equipo de seguridad p\u00fablica. (Cuerpos de seguridad, bomberos, param\u00e9dicos, equipo de rescate de buceo, etc.) o tiene planes documentados para formar un equipo de seguridad p\u00fablica en el futuro, O est\u00e1 entrenando para calificar para un equipo de seguridad p\u00fablica <\/li>\n<\/ul>\n[\/vc_column_text][\/vc_tta_section][vc_tta_section title=\u00bbBuzo de especialidad PADI\u00bb tab_id=\u00bb1568738201450-dcadf0ea-0e1a\u00bb][vc_column_text]Para cada especialidad que desee realizar, debe estar en forma para bucear (<a href=\"https:\/\/waivermaster.com\/r\/2020-10-15\/640ed7d1-582b-4c18-9232-d44e4e37f94f\/1e3a1135-408d-4202-aaf7-7112c4424757\/1304a9b4-bd21-4bd3-a3e8-eaa7f51c07ce.html\">consulte el cuestionario m\u00e9dico<\/a>).<br \/>Para el proveedor de ox\u00edgeno de emergencia no hay edad m\u00ednima.<\/p>\n<p>Cuando tiene 10 a\u00f1os y es buzo de aguas abiertas PADI*, puede realizar las siguientes especialidades:<\/p>\n<ul>\n<li>Buzo de barco<\/li>\n<li>Fot\u00f3grafo subacu\u00e1tico digital<\/li>\n<li>Buzo con traje seco<\/li>\n<li>Especialista en equipos **<\/li>\n<li>Buzo de identificaci\u00f3n de peces<\/li>\n<li>Flotabilidad de m\u00e1ximo rendimiento<\/li>\n<li>Buzo de renovaci\u00f3n de arrecifes<\/li>\n<li>Naturalista subacu\u00e1tico<\/li>\n<li>Navegador subacu\u00e1tico<\/li>\n<li>Vide\u00f3grafo subacu\u00e1tico<\/li>\n<\/ul>\n<p>Cuando tiene 12 a\u00f1os, puede realizar las siguientes especialidades:<\/p>\n<ul>\n<li>Aware \u2013 buceo contra los residuos<\/li>\n<li>Aware \u2013 Buzo de conservaci\u00f3n de tiburones<\/li>\n<li>Buzo de boya marcadora de superficie retardada (DSMB)<\/li>\n<li>Buzo de veh\u00edculo de propulsi\u00f3n para buzos (DPV)<\/li>\n<li>Buzo de deriva<\/li>\n<li>Buzo de aire enriquecido (nitrox)<\/li>\n<li>Buzo nocturno<\/li>\n<li>Buzo de b\u00fasqueda y recuperaci\u00f3n***<\/li>\n<\/ul>\n<p>Cuando tenga 15 a\u00f1os, estar\u00e1n disponibles las siguientes especialidades:<\/p>\n<ul>\n<li>Buzo profundo, debe ser buzo de aventura<\/li>\n<li>Cazador de peces le\u00f3n, debe ser buzo de aguas abiertas*. Adem\u00e1s, se requieren la especialidad de flotabilidad de m\u00e1ximo rendimiento y una inmersi\u00f3n de verificaci\u00f3n de flotabilidad.<\/li>\n<li>Buzo Sidemount, debe ser buzo de aguas abiertas*<\/li>\n<li>Buzo de pecios, debe ser buzo de aventura<\/li>\n<\/ul>\n<p>Cuando tenga 18 a\u00f1os, las siguientes especialidades estar\u00e1n a su alcance. Para estas 2 especialidades, debe ser buzo avanzado de aguas abiertas PADI* <\/p>\n<ul>\n<li>Buzo de cavernas<\/li>\n<li>Buzo autosuficiente****<\/li>\n<\/ul>\n[\/vc_column_text][\/vc_tta_section][vc_tta_section title=\u00bbBuzo maestro PADI\u00bb tab_id=\u00bb1568738412612-b41ffb76-590e\u00bb][vc_column_text]\n<ul>\n<li>12 a\u00f1os<\/li>\n<li>Certificado como buzo avanzado de aguas abiertas PADI*<\/li>\n<li>Certificado como buzo de rescate PADI*<\/li>\n<li>Haber completado 5 cursos de especialidad PADI y\/o PADI TecRec.<\/li>\n<li>Mostrar prueba de 50 inmersiones registradas.<\/li>\n<\/ul>\n[\/vc_column_text][\/vc_tta_section][vc_tta_section title=\u00bbDive Master PADI\u00bb tab_id=\u00bb1568738473313-14abf4e9-4267&#8243;][vc_column_text]\n<ul>\n<li>18 a\u00f1os<\/li>\n<li>Certificado como buzo avanzado de aguas abiertas PADI*<\/li>\n<li>Certificado como buzo de rescate PADI*<\/li>\n<li>Mostrar prueba de 40 inmersiones registradas antes del inicio del curso<\/li>\n<li>Mostrar prueba de 60 inmersiones registradas al final del curso<\/li>\n<li>Formaci\u00f3n EFR primaria y secundaria* que se haya completado en los \u00faltimos 24 meses<\/li>\n<li>Mostrar un certificado m\u00e9dico que acredite la aptitud para el buceo, firmado por un m\u00e9dico en los \u00faltimos 12 meses<\/li>\n<\/ul>\n[\/vc_column_text][\/vc_tta_section][vc_tta_section title=\u00bbInstructor PADI\u00bb tab_id=\u00bb1568738509881-0bb1db20-55fe\u00bb][vc_column_text]Para convertirse en OWSI (instructor de buceo en aguas abiertas) PADI, com\u00fanmente llamado instructor PADI, primero debe completar con \u00e9xito un IDC o, en el caso de que ya sea instructor asistente PADI, debe completar la parte OWSI de un IDC.<br \/>Posteriormente, despu\u00e9s de su IDC, debe completar con \u00e9xito un examen estandarizado, que ser\u00e1 realizado por un examinador imparcial, que trabaja para PADI, esto se llama IE, examen de instructor. Finalmente, existen algunos criterios adicionales posteriores al IE que deben cumplirse para convertirse en OWSI PADI. <\/p>\n<p><strong>Participaci\u00f3n en el curso de desarrollo de instructores<\/strong><\/p>\n<ul>\n<li>18 a\u00f1os<\/li>\n<li>Divemaster PADI o nivel de liderazgo con otra agencia de formaci\u00f3n<\/li>\n<li>Mostrar prueba de 60 inmersiones registradas<\/li>\n<li>Experiencia documentada en:<br \/>* Buceo profundo<br \/>* Buceo nocturno<br \/>* Navegaci\u00f3n subacu\u00e1tica<\/li>\n<\/ul>\n<p>Si no es Divemaster PADI, debe completar la evaluaci\u00f3n de rescate del curso Divemaster PADI<br \/>Estar certificado como buzo durante al menos 6 meses.<br \/>Mostrar un certificado m\u00e9dico que acredite la aptitud para el buceo, firmado por un m\u00e9dico en los \u00faltimos 12 meses<br \/>Formaci\u00f3n EFR primaria y secundaria* que se haya completado en los \u00faltimos 24 meses<\/p>\n<p><strong>Examen de instructor<\/strong><\/p>\n<ul>\n<li>Haber completado con \u00e9xito un programa IDC u OWSI en los \u00faltimos 12 meses<\/li>\n<li>Debido a que Buddy Dive es un CDC de 5 estrellas, no tiene que tener 100 inmersiones registradas en el momento del IE.<\/li>\n<\/ul>\n<p><strong>Certificaci\u00f3n OWSI<\/strong><\/p>\n<ul>\n<li>Haber completado con \u00e9xito el IE<\/li>\n<li>Mostrar prueba de 100 inmersiones registradas<\/li>\n<li>Estar certificado como instructor primario y secundario de EFR*<\/li>\n<\/ul>\n[\/vc_column_text][\/vc_tta_section][vc_tta_section title=\u00bbConceptos b\u00e1sicos de Tec\u00bb tab_id=\u00bb1665758805495-58d9be25-bee4&#8243;][vc_column_text]\n<ul>\n<li>Buzo avanzado de aguas abiertas PADI con buzo de rescate PADI recomendado<\/li>\n<li>Buzo de aire enriquecido PADI<\/li>\n<li>15 a\u00f1os<\/li>\n<li>Mostrar un certificado m\u00e9dico que indique la aptitud para el buceo, firmado por un m\u00e9dico en los \u00faltimos 12 meses.<\/li>\n<li>Haber completado el Nivel 0: Fundamentos de los factores humanos en el buceo de The Human Diver*<\/li>\n<\/ul>\n<p>* Consulte nuestra <a href=\"https:\/\/buddydive.com\/es\/submarinismo\/cursos-y-precios-de-buceo\/#1663225603971-8bde2a6b-8b8d\">p\u00e1gina de preparaci\u00f3n<\/a> y solic\u00edtenos un enlace de admisi\u00f3n al curso si es necesario[\/vc_column_text][\/vc_tta_section][vc_tta_section title=\u00bbTec 40&#8243; tab_id=\u00bb1665758900484-f1aa0e55-2c69&#8243;][vc_column_text]\n<ul>\n<li>Buzo avanzado de aguas abiertas PADI con buzo de rescate PADI recomendado<\/li>\n<li>Buzo de aire enriquecido PADI o certificaci\u00f3n de calificaci\u00f3n<\/li>\n<li>Buzo profundo PADI o prueba de 10 inmersiones a 30 metros\/100 pies o m\u00e1s<\/li>\n<li>30 inmersiones registradas<\/li>\n<li>18 a\u00f1os<\/li>\n<li>Mostrar un certificado m\u00e9dico que indique la aptitud para el buceo, firmado por un m\u00e9dico en los \u00faltimos 12 meses.<\/li>\n<li>Haber completado el Nivel 0: Fundamentos de los factores humanos en el buceo de The Human Diver*<\/li>\n<\/ul>\n<p>* Consulte la <a href=\"https:\/\/buddydive.com\/es\/submarinismo\/cursos-y-precios-de-buceo\/#1663225603971-8bde2a6b-8b8d\">p\u00e1gina de preparaci\u00f3n<\/a> y solic\u00edtenos un enlace de admisi\u00f3n al curso si es necesario[\/vc_column_text][\/vc_tta_section][vc_tta_section title=\u00bbTec 45&#8243; tab_id=\u00bb1665758945653-948f9d5b-10f7&#8243;][vc_column_text]\n<ul>\n<li>Buzo Tec 40 PADI o certificaci\u00f3n de calificaci\u00f3n<\/li>\n<li>Buzo de rescate PADI o certificaci\u00f3n de calificaci\u00f3n*<\/li>\n<li>10 inmersiones a m\u00e1s de 30 metros\/100 pies<\/li>\n<li>50 inmersiones registradas<\/li>\n<li>18 a\u00f1os<\/li>\n<li>Mostrar un certificado m\u00e9dico que indique la aptitud para el buceo, firmado por un m\u00e9dico en los \u00faltimos 12 meses.<\/li>\n<li>Haber completado el Nivel 0: Fundamentos de los factores humanos en el buceo de The Human Diver**<\/li>\n<\/ul>\n<p>* Si cumple con esto con una certificaci\u00f3n de calificaci\u00f3n, proporcione prueba de capacitaci\u00f3n en RCP\/Primeros auxilios dentro de los dos a\u00f1os anteriores<\/p>\n<p>** Consulte la <a href=\"https:\/\/buddydive.com\/es\/submarinismo\/cursos-y-precios-de-buceo\/#1663225603971-8bde2a6b-8b8d\">p\u00e1gina de preparaci\u00f3n<\/a> y solic\u00edtenos un enlace de admisi\u00f3n al curso si es necesario[\/vc_column_text][\/vc_tta_section][vc_tta_section title=\u00bbTec 50&#8243; tab_id=\u00bb1665758992094-d4fe759c-d297&#8243;][vc_column_text]\n<ul>\n<li>Buzo Tec 45 PADI o certificaci\u00f3n de calificaci\u00f3n<\/li>\n<li>Buzo de rescate PADI o certificaci\u00f3n de calificaci\u00f3n*<\/li>\n<li>100 inmersiones registradas o 75 horas registradas<\/li>\n<li>18 a\u00f1os<\/li>\n<li>Mostrar un certificado m\u00e9dico que indique la aptitud para el buceo, firmado por un m\u00e9dico en los \u00faltimos 12 meses.<\/li>\n<li>Haber completado el Nivel 0: Fundamentos de los factores humanos en el buceo de The Human Diver**<\/li>\n<\/ul>\n<p>* Si cumple con esto con una certificaci\u00f3n de calificaci\u00f3n, proporcione prueba de capacitaci\u00f3n en RCP\/Primeros auxilios dentro de los dos a\u00f1os anteriores<\/p>\n<p>** Consulte la <a href=\"https:\/\/buddydive.com\/es\/submarinismo\/cursos-y-precios-de-buceo\/#1663225603971-8bde2a6b-8b8d\">p\u00e1gina de preparaci\u00f3n<\/a> y solic\u00edtenos un enlace de admisi\u00f3n al curso si es necesario[\/vc_column_text][\/vc_tta_section][\/vc_tta_accordion][vc_column_text]<em>* Tambi\u00e9n se acepta una certificaci\u00f3n equivalente de otra agencia de formaci\u00f3n.<\/em><br \/><em>** Tambi\u00e9n puede realizar este curso si es (Junior) Scuba Diver PADI<\/em><br \/><em>*** Para realizar este curso, debe ser (Junior) Advanced Open Water<\/em><br \/><em>**** Adem\u00e1s, debe mostrar prueba de 100 inmersiones registradas<\/em>[\/vc_column_text][\/vc_column][vc_column width=\u00bb1\/4&#8243;][vc_column_text]\n<h3 class=\"text-uppercase\" style=\"text-align: center;\">Requisitos previos<\/h3>\n<ul>\n<li>\n<h4><a href=\"https:\/\/buddydive.com\/es\/submarinismo\/curso-de-desarrollo-de-instructores-padi-idc\/\">Academia de buceo Buddy<\/a><\/h4>\n<\/li>\n<li>\n<h4><a href=\"https:\/\/buddydive.com\/es\/submarinismo\/curso-de-desarrollo-de-instructores-padi-idc\/paquetes-y-precios\/\">Paquetes y precios de IDC<\/a><\/h4>\n<\/li>\n<li>\n<h4><a href=\"https:\/\/buddydive.com\/es\/submarinismo\/curso-de-desarrollo-de-instructores-padi-idc\/buddy-dive-academy-para-profesionales\/\">Para los profesionales: instructor de personal de MSDT e IDC<\/a><\/h4>\n<\/li>\n<li>\n<h4><a href=\"https:\/\/buddydive.com\/es\/submarinismo\/curso-de-desarrollo-de-instructores-padi-idc\/el-idc-todo-lo-que-necesita-saber\/\">El IDC: todo lo que necesita saber<\/a><\/h4>\n<\/li>\n<\/ul>\n[\/vc_column_text][\/vc_column][\/vc_row]\n<\/div>","protected":false},"excerpt":{"rendered":"<p>[vc_row][vc_column width=\u00bb3\/4&#8243;][vc_column_text] Toda la informaci\u00f3n que necesita En esta p\u00e1gina puede encontrar qu\u00e9 requisitos previos debe cumplir para participar en [&hellip;]<\/p>\n","protected":false},"author":1,"featured_media":0,"parent":32631,"menu_order":0,"comment_status":"closed","ping_status":"closed","template":"","meta":{"footnotes":""},"class_list":["post-32585","page","type-page","status-publish","hentry"],"yoast_head":"<!-- This site is optimized with the Yoast SEO plugin v27.4 - https:\/\/yoast.com\/product\/yoast-seo-wordpress\/ -->\n<title>Requisitos previos - Buddy Dive Bonaire<\/title>\n<meta name=\"description\" content=\"En esta p\u00e1gina puede encontrar qu\u00e9 requisitos previos debe cumplir para participar en el curso de buceo de su elecci\u00f3n.\" \/>\n<meta name=\"robots\" content=\"index, follow, max-snippet:-1, max-image-preview:large, max-video-preview:-1\" \/>\n<link rel=\"canonical\" href=\"https:\/\/buddydive.com\/es\/submarinismo\/requisitos-previos\/\" \/>\n<meta property=\"og:locale\" content=\"es_ES\" \/>\n<meta property=\"og:type\" content=\"article\" \/>\n<meta property=\"og:title\" content=\"Requisitos previos - Buddy Dive Bonaire\" \/>\n<meta property=\"og:description\" content=\"En esta p\u00e1gina puede encontrar qu\u00e9 requisitos previos debe cumplir para participar en el curso de buceo de su elecci\u00f3n.\" \/>\n<meta property=\"og:url\" content=\"https:\/\/buddydive.com\/es\/submarinismo\/requisitos-previos\/\" \/>\n<meta property=\"og:site_name\" content=\"Buddy Dive Bonaire\" \/>\n<meta property=\"article:publisher\" content=\"https:\/\/www.facebook.com\/buddydiveresort\" \/>\n<meta property=\"article:modified_time\" content=\"2026-02-09T17:06:32+00:00\" \/>\n<meta name=\"twitter:card\" content=\"summary_large_image\" \/>\n<meta name=\"twitter:site\" content=\"@buddydive\" \/>\n<meta name=\"twitter:label1\" content=\"Tiempo de lectura\" \/>\n\t<meta name=\"twitter:data1\" content=\"8 minutos\" \/>\n<script type=\"application\/ld+json\" class=\"yoast-schema-graph\">{\"@context\":\"https:\\\/\\\/schema.org\",\"@graph\":[{\"@type\":\"WebPage\",\"@id\":\"https:\\\/\\\/buddydive.com\\\/es\\\/submarinismo\\\/requisitos-previos\\\/\",\"url\":\"https:\\\/\\\/buddydive.com\\\/es\\\/submarinismo\\\/requisitos-previos\\\/\",\"name\":\"Requisitos previos - Buddy Dive Bonaire\",\"isPartOf\":{\"@id\":\"https:\\\/\\\/buddydive.com\\\/es\\\/#website\"},\"datePublished\":\"2025-07-03T10:53:49+00:00\",\"dateModified\":\"2026-02-09T17:06:32+00:00\",\"description\":\"En esta p\u00e1gina puede encontrar qu\u00e9 requisitos previos debe cumplir para participar en el curso de buceo de su elecci\u00f3n.\",\"breadcrumb\":{\"@id\":\"https:\\\/\\\/buddydive.com\\\/es\\\/submarinismo\\\/requisitos-previos\\\/#breadcrumb\"},\"inLanguage\":\"es\",\"potentialAction\":[{\"@type\":\"ReadAction\",\"target\":[\"https:\\\/\\\/buddydive.com\\\/es\\\/submarinismo\\\/requisitos-previos\\\/\"]}]},{\"@type\":\"BreadcrumbList\",\"@id\":\"https:\\\/\\\/buddydive.com\\\/es\\\/submarinismo\\\/requisitos-previos\\\/#breadcrumb\",\"itemListElement\":[{\"@type\":\"ListItem\",\"position\":1,\"name\":\"Home\",\"item\":\"https:\\\/\\\/buddydive.com\\\/es\\\/\"},{\"@type\":\"ListItem\",\"position\":2,\"name\":\"Submarinismo\",\"item\":\"https:\\\/\\\/buddydive.com\\\/es\\\/submarinismo\\\/\"},{\"@type\":\"ListItem\",\"position\":3,\"name\":\"Requisitos previos\"}]},{\"@type\":\"WebSite\",\"@id\":\"https:\\\/\\\/buddydive.com\\\/es\\\/#website\",\"url\":\"https:\\\/\\\/buddydive.com\\\/es\\\/\",\"name\":\"Buddy Dive Bonaire\",\"description\":\"My WordPress Blog\",\"potentialAction\":[{\"@type\":\"SearchAction\",\"target\":{\"@type\":\"EntryPoint\",\"urlTemplate\":\"https:\\\/\\\/buddydive.com\\\/es\\\/?s={search_term_string}\"},\"query-input\":{\"@type\":\"PropertyValueSpecification\",\"valueRequired\":true,\"valueName\":\"search_term_string\"}}],\"inLanguage\":\"es\"}]}<\/script>\n<!-- \/ Yoast SEO plugin. -->","yoast_head_json":{"title":"Requisitos previos - Buddy Dive Bonaire","description":"En esta p\u00e1gina puede encontrar qu\u00e9 requisitos previos debe cumplir para participar en el curso de buceo de su elecci\u00f3n.","robots":{"index":"index","follow":"follow","max-snippet":"max-snippet:-1","max-image-preview":"max-image-preview:large","max-video-preview":"max-video-preview:-1"},"canonical":"https:\/\/buddydive.com\/es\/submarinismo\/requisitos-previos\/","og_locale":"es_ES","og_type":"article","og_title":"Requisitos previos - Buddy Dive Bonaire","og_description":"En esta p\u00e1gina puede encontrar qu\u00e9 requisitos previos debe cumplir para participar en el curso de buceo de su elecci\u00f3n.","og_url":"https:\/\/buddydive.com\/es\/submarinismo\/requisitos-previos\/","og_site_name":"Buddy Dive Bonaire","article_publisher":"https:\/\/www.facebook.com\/buddydiveresort","article_modified_time":"2026-02-09T17:06:32+00:00","twitter_card":"summary_large_image","twitter_site":"@buddydive","twitter_misc":{"Tiempo de lectura":"8 minutos"},"schema":{"@context":"https:\/\/schema.org","@graph":[{"@type":"WebPage","@id":"https:\/\/buddydive.com\/es\/submarinismo\/requisitos-previos\/","url":"https:\/\/buddydive.com\/es\/submarinismo\/requisitos-previos\/","name":"Requisitos previos - Buddy Dive Bonaire","isPartOf":{"@id":"https:\/\/buddydive.com\/es\/#website"},"datePublished":"2025-07-03T10:53:49+00:00","dateModified":"2026-02-09T17:06:32+00:00","description":"En esta p\u00e1gina puede encontrar qu\u00e9 requisitos previos debe cumplir para participar en el curso de buceo de su elecci\u00f3n.","breadcrumb":{"@id":"https:\/\/buddydive.com\/es\/submarinismo\/requisitos-previos\/#breadcrumb"},"inLanguage":"es","potentialAction":[{"@type":"ReadAction","target":["https:\/\/buddydive.com\/es\/submarinismo\/requisitos-previos\/"]}]},{"@type":"BreadcrumbList","@id":"https:\/\/buddydive.com\/es\/submarinismo\/requisitos-previos\/#breadcrumb","itemListElement":[{"@type":"ListItem","position":1,"name":"Home","item":"https:\/\/buddydive.com\/es\/"},{"@type":"ListItem","position":2,"name":"Submarinismo","item":"https:\/\/buddydive.com\/es\/submarinismo\/"},{"@type":"ListItem","position":3,"name":"Requisitos previos"}]},{"@type":"WebSite","@id":"https:\/\/buddydive.com\/es\/#website","url":"https:\/\/buddydive.com\/es\/","name":"Buddy Dive Bonaire","description":"My WordPress Blog","potentialAction":[{"@type":"SearchAction","target":{"@type":"EntryPoint","urlTemplate":"https:\/\/buddydive.com\/es\/?s={search_term_string}"},"query-input":{"@type":"PropertyValueSpecification","valueRequired":true,"valueName":"search_term_string"}}],"inLanguage":"es"}]}},"_links":{"self":[{"href":"https:\/\/buddydive.com\/es\/wp-json\/wp\/v2\/pages\/32585","targetHints":{"allow":["GET"]}}],"collection":[{"href":"https:\/\/buddydive.com\/es\/wp-json\/wp\/v2\/pages"}],"about":[{"href":"https:\/\/buddydive.com\/es\/wp-json\/wp\/v2\/types\/page"}],"author":[{"embeddable":true,"href":"https:\/\/buddydive.com\/es\/wp-json\/wp\/v2\/users\/1"}],"replies":[{"embeddable":true,"href":"https:\/\/buddydive.com\/es\/wp-json\/wp\/v2\/comments?post=32585"}],"version-history":[{"count":7,"href":"https:\/\/buddydive.com\/es\/wp-json\/wp\/v2\/pages\/32585\/revisions"}],"predecessor-version":[{"id":36822,"href":"https:\/\/buddydive.com\/es\/wp-json\/wp\/v2\/pages\/32585\/revisions\/36822"}],"up":[{"embeddable":true,"href":"https:\/\/buddydive.com\/es\/wp-json\/wp\/v2\/pages\/32631"}],"wp:attachment":[{"href":"https:\/\/buddydive.com\/es\/wp-json\/wp\/v2\/media?parent=32585"}],"curies":[{"name":"wp","href":"https:\/\/api.w.org\/{rel}","templated":true}]}}