{"id":32579,"date":"2025-07-03T10:52:52","date_gmt":"2025-07-03T10:52:52","guid":{"rendered":"https:\/\/buddydive.com\/reef-renewal-foundation-bonaire\/"},"modified":"2025-12-10T16:17:17","modified_gmt":"2025-12-10T16:17:17","slug":"reef-renewal-foundation-bonaire","status":"publish","type":"page","link":"https:\/\/buddydive.com\/es\/submarinismo\/reef-renewal-foundation-bonaire\/","title":{"rendered":"Reef Renewal Foundation Bonaire"},"content":{"rendered":"<div class=\"wpb-content-wrapper\">[vc_row][vc_column width=\u00bb1\/2&#8243;][vc_column_text]\n<h1 class=\"text-uppercase\" style=\"text-align: center;\"><small>Restaurando la vida marina<\/small>Un arrecife a la vez<\/h1>\n<p>Estamos aqu\u00ed para ayudar al gobierno local y a los ambientalistas locales a preservar la diversidad gen\u00e9tica existente de los corales cuerno de ciervo y cuerno de alce, establecer un programa de vivero y restauraci\u00f3n dise\u00f1ado para restaurar los arrecifes poco profundos y trabajar con la comunidad para identificar y reducir los factores estresantes terrestres, como la escorrent\u00eda descontrolada de aguas pluviales y las malas pr\u00e1cticas de tratamiento de aguas residuales.<\/p>\n<p>Al principio, la fundaci\u00f3n, junto con el Parque Nacional Marino de Bonaire y los voluntarios del personal de Buddy Dive Resort, recolectaron diferentes cepas gen\u00e9ticas de coral cuerno de ciervo (Acropora cervicornis) y cuerno de alce (Acropora palmata). Estos corales fueron monitoreados y mantenidos por la fundaci\u00f3n en Bonaire y formaron el stock base del vivero que se fragmenta peri\u00f3dicamente para producir nuevas generaciones de cada cepa gen\u00e9tica. Al recolectar una amplia gama de cepas gen\u00e9ticas, se asegura de que cuando la fundaci\u00f3n planta corales de nuevo en el arrecife, tambi\u00e9n est\u00e1 agregando diversidad y resiliencia a ese arrecife.[\/vc_column_text][\/vc_column][vc_column width=\u00bb1\/2&#8243;][vc_single_image image=\u00bb3583&#8243; img_size=\u00bblarge\u00bb][\/vc_column][\/vc_row][vc_row][vc_column][vc_cta h2=\u00bbPrograma de lista de deseos\u00bb txt_align=\u00bbcenter\u00bb color=\u00bbpeacoc\u00bb add_button=\u00bbbottom\u00bb btn_title=\u00bbLista de deseos\u00bb btn_color=\u00bbpeacoc\u00bb btn_align=\u00bbcenter\u00bb btn_link=\u00bburl:https%3A%2F%2Fwww.reefrenewalbonaire.org%2Fsupport-us%2Fwishlist%2F|target:_blank|\u00bb]\n<p style=\"text-align: center;\"><strong>\u00bfSe dirige pronto a Bonaire y tiene algo de espacio en su equipaje? Reef Renewal Foundation Bonaire est\u00e1 buscando hu\u00e9spedes que traigan art\u00edculos y herramientas de su lista de deseos que son dif\u00edciles de recibir a trav\u00e9s del env\u00edo. \u00a1Consulte su p\u00e1gina web para obtener una lista actualizada de herramientas y materiales, que var\u00edan en precio y prioridad! <\/strong><\/p>\n[\/vc_cta][vc_single_image image=\u00bb4178&#8243; img_size=\u00bbmedium\u00bb alignment=\u00bbcenter\u00bb onclick=\u00bbcustom_link\u00bb img_link_target=\u00bb_blank\u00bb link=\u00bbhttps:\/\/reefrenewalbonaire.org\/\u00bb][vc_column_text]\n<h3 class=\"text-uppercase\">Fundaci\u00f3n en toda la isla<\/h3>\n<p>A medida que la fundaci\u00f3n ha crecido hasta convertirse en una fundaci\u00f3n que opera de forma independiente, ha obtenido m\u00e1s apoyo de la comunidad de buceo local. Adem\u00e1s de Buddy Dive Resort, el socio fundador, la Fundaci\u00f3n ahora cuenta con el apoyo de otros 8 operadores de buceo en la isla.<\/p>\n<p>Todos los miembros de la tienda de buceo apoyan el objetivo de la fundaci\u00f3n de preservar la diversidad gen\u00e9tica existente de los corales cuerno de ciervo y cuerno de alce, establecer un programa de vivero y restauraci\u00f3n dise\u00f1ado para restaurar los arrecifes poco profundos y trabajar con la comunidad para identificar y reducir las amenazas terrestres. Los viveros y los sitios de restauraci\u00f3n mantenidos por cada tienda de buceo no solo se utilizan para producir corales y replantarlos en los arrecifes, sino tambi\u00e9n para capacitar a los buceadores sobre c\u00f3mo mantener los viveros y trasplantar corales.<\/p>\n<p>Gracias a la ayuda de los operadores de buceo y voluntarios que brindan apoyo, en un momento dado, m\u00e1s de 14.000 corales est\u00e1n creciendo en 8 viveros diferentes, y desde 2013, 30.000 de estos corales cultivados en viveros se han replantado en arrecifes degradados alrededor de la isla, llamados sitios de restauraci\u00f3n.<\/p>\n<p>Reconociendo la urgencia de las amenazas que enfrentan nuestros arrecifes, la fundaci\u00f3n est\u00e1 evolucionando. Los arrecifes resilientes son ecosistemas complejos que dependen tanto de la diversidad gen\u00e9tica como de la diversidad de especies.<\/p>\n<p>Reef Renewal Bonaire mantendr\u00e1 lo que funciona y agregar\u00e1 nuevas e innovadoras t\u00e9cnicas para darles a los arrecifes de Bonaire una mano amiga a escala ecol\u00f3gica, centr\u00e1ndose no solo en la diversidad gen\u00e9tica sino tambi\u00e9n en la diversidad de especies. Restaurar los arrecifes de coral de Bonaire a los ecosistemas resilientes y saludables que sol\u00edan ser seguir\u00e1 siendo un esfuerzo comunitario.<\/p>\n<p>El vivero de producci\u00f3n principal se encuentra frente a Klein Bonaire, donde hay un acceso p\u00fablico limitado y una m\u00ednima perturbaci\u00f3n para los corales en crecimiento. Otro vivero se encuentra en la isla principal de Bonaire, en Buddy\u2019s Reef, en el lado norte y sur. Estos \u00e1rboles de vivero colocados a la profundidad de ca\u00edda de 6mt\/20ft no solo se utilizan para producir corales, sino tambi\u00e9n para capacitar a los buceadores de Reef Renewal. Los buceadores pueden acceder al vivero en Buddy\u2019s Reef desde el muelle de Buddy Dive Resort.<\/p>\n<p>\u00a1Bucee por una causa! \u00danase a la presentaci\u00f3n semanal en Buddy Dive Resort y participe en una de las actividades de Reef Renewal. Aprender\u00e1 todas las t\u00e9cnicas para restaurar el coral, c\u00f3mo trabajar en un vivero, fragmentar corales y trasplantarlos a los sitios de restauraci\u00f3n.[\/vc_column_text][vc_video link=\u00bbhttps:\/\/www.youtube.com\/watch?v=nkyq_xNjOHA\u00bb align=\u00bbcenter\u00bb][\/vc_column][\/vc_row][vc_row][vc_column width=\u00bb1\/2&#8243;][vc_column_text]\n<h2 class=\"text-center\" style=\"text-align: center;\">Convi\u00e9rtase en buceador de Reef Renewal<\/h2>\n<p style=\"text-align: center;\">Participe y convi\u00e9rtase en un buceador de Reef Renewal certificado por PADI.<\/p>\n[\/vc_column_text][vc_btn title=\u00bbVer cursos\u00bb align=\u00bbcenter\u00bb link=\u00bburl:https%3A%2F%2Fdive.buddydive.com%2Fproduct%2Freef-renewal-diver-course%2F|\u00bb][\/vc_column][vc_column width=\u00bb1\/2&#8243;][vc_column_text]\n<h2 class=\"text-center\" style=\"text-align: center;\">Obtenga m\u00e1s informaci\u00f3n sobre la fundaci\u00f3n<\/h2>\n<p style=\"text-align: center;\">Visite el sitio web de Reef Renewal Foundation Bonaire para obtener m\u00e1s informaci\u00f3n<br \/>\nsobre la Fundaci\u00f3n y c\u00f3mo participar.[\/vc_column_text][vc_btn title=\u00bbM\u00e1s informaci\u00f3n\u00bb align=\u00bbcenter\u00bb link=\u00bburl:https%3A%2F%2Freefrenewalbonaire.org%2F|target:%20_blank|\u00bb][\/vc_column][\/vc_row][vc_row][vc_column][vc_raw_js]JTNDc2NyaXB0JTIwdHlwZSUzRCUyMnRleHQlMkZqYXZhc2NyaXB0JTIyJTNFJTBBd2luZG93LlRyZW5nbyUyMCUzRCUyMHdpbmRvdy5UcmVuZ28lMjAlN0MlN0MlMjAlN0IlN0QlM0IlMEF3aW5kb3cuVHJlbmdvLmtleSUyMCUzRCUyMCUyN1E5SGI4dlBvS2VnRDFBSSUyNyUzQiUwQSUyOGZ1bmN0aW9uJTI4ZCUyQyUyMHNjcmlwdCUyQyUyMHQlMjklMjAlN0IlMEElMjAlMjAlMjAlMjBzY3JpcHQlMjAlM0QlMjBkLmNyZWF0ZUVsZW1lbnQlMjglMjdzY3JpcHQlMjclMjklM0IlMEElMjAlMjAlMjAlMjBzY3JpcHQudHlwZSUyMCUzRCUyMCUyN3RleHQlMkZqYXZhc2NyaXB0JTI3JTNCJTBBJTIwJTIwJTIwJTIwc2NyaXB0LmFzeW5jJTIwJTNEJTIwdHJ1ZSUzQiUwQSUyMCUyMCUyMCUyMHNjcmlwdC5zcmMlMjAlM0QlMjAlMjdodHRwcyUzQSUyRiUyRnN0YXRpYy53aWRnZXQudHJlbmdvLmV1JTJGZW1iZWQuanMlMjclM0IlMEElMjAlMjAlMjAlMjBkLmdldEVsZW1lbnRzQnlUYWdOYW1lJTI4JTI3aGVhZCUyNyUyOSU1QjAlNUQuYXBwZW5kQ2hpbGQlMjhzY3JpcHQlMjklM0IlMEElN0QlMjhkb2N1bWVudCUyOSUyOSUzQiUwQSUzQyUyRnNjcmlwdCUzRQ==[\/vc_raw_js][\/vc_column][\/vc_row][vc_row][vc_column][\/vc_column][\/vc_row]\n<\/div>","protected":false},"excerpt":{"rendered":"<p>[vc_row][vc_column width=\u00bb1\/2&#8243;][vc_column_text] Restaurando la vida marinaUn arrecife a la vez Estamos aqu\u00ed para ayudar al gobierno local y a los [&hellip;]<\/p>\n","protected":false},"author":1,"featured_media":0,"parent":32631,"menu_order":0,"comment_status":"closed","ping_status":"closed","template":"","meta":{"footnotes":""},"class_list":["post-32579","page","type-page","status-publish","hentry"],"yoast_head":"<!-- This site is optimized with the Yoast SEO plugin v27.4 - https:\/\/yoast.com\/product\/yoast-seo-wordpress\/ -->\n<title>RRF Bonaire \u2013 Buddy Dive Resort Bonaire<\/title>\n<meta name=\"description\" content=\"Convi\u00e9rtase en buceador de Reef Renewal con RRF Bonaire a trav\u00e9s de Buddy Dive Resort Bonaire. \u00a1Bucee por una causa y suscr\u00edbase ahora!\" \/>\n<meta name=\"robots\" content=\"index, follow, max-snippet:-1, max-image-preview:large, max-video-preview:-1\" \/>\n<link rel=\"canonical\" href=\"https:\/\/buddydive.com\/es\/submarinismo\/reef-renewal-foundation-bonaire\/\" \/>\n<meta property=\"og:locale\" content=\"es_ES\" \/>\n<meta property=\"og:type\" content=\"article\" \/>\n<meta property=\"og:title\" content=\"RRF Bonaire \u2013 Buddy Dive Resort Bonaire\" \/>\n<meta property=\"og:description\" content=\"Convi\u00e9rtase en buceador de Reef Renewal con RRF Bonaire a trav\u00e9s de Buddy Dive Resort Bonaire. \u00a1Bucee por una causa y suscr\u00edbase ahora!\" \/>\n<meta property=\"og:url\" content=\"https:\/\/buddydive.com\/es\/submarinismo\/reef-renewal-foundation-bonaire\/\" \/>\n<meta property=\"og:site_name\" content=\"Buddy Dive Bonaire\" \/>\n<meta property=\"article:publisher\" content=\"https:\/\/www.facebook.com\/buddydiveresort\" \/>\n<meta property=\"article:modified_time\" content=\"2025-12-10T16:17:17+00:00\" \/>\n<meta name=\"twitter:card\" content=\"summary_large_image\" \/>\n<meta name=\"twitter:site\" content=\"@buddydive\" \/>\n<meta name=\"twitter:label1\" content=\"Tiempo de lectura\" \/>\n\t<meta name=\"twitter:data1\" content=\"4 minutos\" \/>\n<script type=\"application\/ld+json\" class=\"yoast-schema-graph\">{\"@context\":\"https:\\\/\\\/schema.org\",\"@graph\":[{\"@type\":\"WebPage\",\"@id\":\"https:\\\/\\\/buddydive.com\\\/es\\\/submarinismo\\\/reef-renewal-foundation-bonaire\\\/\",\"url\":\"https:\\\/\\\/buddydive.com\\\/es\\\/submarinismo\\\/reef-renewal-foundation-bonaire\\\/\",\"name\":\"RRF Bonaire \u2013 Buddy Dive Resort Bonaire\",\"isPartOf\":{\"@id\":\"https:\\\/\\\/buddydive.com\\\/es\\\/#website\"},\"datePublished\":\"2025-07-03T10:52:52+00:00\",\"dateModified\":\"2025-12-10T16:17:17+00:00\",\"description\":\"Convi\u00e9rtase en buceador de Reef Renewal con RRF Bonaire a trav\u00e9s de Buddy Dive Resort Bonaire. \u00a1Bucee por una causa y suscr\u00edbase ahora!\",\"breadcrumb\":{\"@id\":\"https:\\\/\\\/buddydive.com\\\/es\\\/submarinismo\\\/reef-renewal-foundation-bonaire\\\/#breadcrumb\"},\"inLanguage\":\"es\",\"potentialAction\":[{\"@type\":\"ReadAction\",\"target\":[\"https:\\\/\\\/buddydive.com\\\/es\\\/submarinismo\\\/reef-renewal-foundation-bonaire\\\/\"]}]},{\"@type\":\"BreadcrumbList\",\"@id\":\"https:\\\/\\\/buddydive.com\\\/es\\\/submarinismo\\\/reef-renewal-foundation-bonaire\\\/#breadcrumb\",\"itemListElement\":[{\"@type\":\"ListItem\",\"position\":1,\"name\":\"Home\",\"item\":\"https:\\\/\\\/buddydive.com\\\/es\\\/\"},{\"@type\":\"ListItem\",\"position\":2,\"name\":\"Submarinismo\",\"item\":\"https:\\\/\\\/buddydive.com\\\/es\\\/submarinismo\\\/\"},{\"@type\":\"ListItem\",\"position\":3,\"name\":\"Reef Renewal Foundation Bonaire\"}]},{\"@type\":\"WebSite\",\"@id\":\"https:\\\/\\\/buddydive.com\\\/es\\\/#website\",\"url\":\"https:\\\/\\\/buddydive.com\\\/es\\\/\",\"name\":\"Buddy Dive Bonaire\",\"description\":\"My WordPress Blog\",\"potentialAction\":[{\"@type\":\"SearchAction\",\"target\":{\"@type\":\"EntryPoint\",\"urlTemplate\":\"https:\\\/\\\/buddydive.com\\\/es\\\/?s={search_term_string}\"},\"query-input\":{\"@type\":\"PropertyValueSpecification\",\"valueRequired\":true,\"valueName\":\"search_term_string\"}}],\"inLanguage\":\"es\"}]}<\/script>\n<!-- \/ Yoast SEO plugin. -->","yoast_head_json":{"title":"RRF Bonaire \u2013 Buddy Dive Resort Bonaire","description":"Convi\u00e9rtase en buceador de Reef Renewal con RRF Bonaire a trav\u00e9s de Buddy Dive Resort Bonaire. \u00a1Bucee por una causa y suscr\u00edbase ahora!","robots":{"index":"index","follow":"follow","max-snippet":"max-snippet:-1","max-image-preview":"max-image-preview:large","max-video-preview":"max-video-preview:-1"},"canonical":"https:\/\/buddydive.com\/es\/submarinismo\/reef-renewal-foundation-bonaire\/","og_locale":"es_ES","og_type":"article","og_title":"RRF Bonaire \u2013 Buddy Dive Resort Bonaire","og_description":"Convi\u00e9rtase en buceador de Reef Renewal con RRF Bonaire a trav\u00e9s de Buddy Dive Resort Bonaire. \u00a1Bucee por una causa y suscr\u00edbase ahora!","og_url":"https:\/\/buddydive.com\/es\/submarinismo\/reef-renewal-foundation-bonaire\/","og_site_name":"Buddy Dive Bonaire","article_publisher":"https:\/\/www.facebook.com\/buddydiveresort","article_modified_time":"2025-12-10T16:17:17+00:00","twitter_card":"summary_large_image","twitter_site":"@buddydive","twitter_misc":{"Tiempo de lectura":"4 minutos"},"schema":{"@context":"https:\/\/schema.org","@graph":[{"@type":"WebPage","@id":"https:\/\/buddydive.com\/es\/submarinismo\/reef-renewal-foundation-bonaire\/","url":"https:\/\/buddydive.com\/es\/submarinismo\/reef-renewal-foundation-bonaire\/","name":"RRF Bonaire \u2013 Buddy Dive Resort Bonaire","isPartOf":{"@id":"https:\/\/buddydive.com\/es\/#website"},"datePublished":"2025-07-03T10:52:52+00:00","dateModified":"2025-12-10T16:17:17+00:00","description":"Convi\u00e9rtase en buceador de Reef Renewal con RRF Bonaire a trav\u00e9s de Buddy Dive Resort Bonaire. \u00a1Bucee por una causa y suscr\u00edbase ahora!","breadcrumb":{"@id":"https:\/\/buddydive.com\/es\/submarinismo\/reef-renewal-foundation-bonaire\/#breadcrumb"},"inLanguage":"es","potentialAction":[{"@type":"ReadAction","target":["https:\/\/buddydive.com\/es\/submarinismo\/reef-renewal-foundation-bonaire\/"]}]},{"@type":"BreadcrumbList","@id":"https:\/\/buddydive.com\/es\/submarinismo\/reef-renewal-foundation-bonaire\/#breadcrumb","itemListElement":[{"@type":"ListItem","position":1,"name":"Home","item":"https:\/\/buddydive.com\/es\/"},{"@type":"ListItem","position":2,"name":"Submarinismo","item":"https:\/\/buddydive.com\/es\/submarinismo\/"},{"@type":"ListItem","position":3,"name":"Reef Renewal Foundation Bonaire"}]},{"@type":"WebSite","@id":"https:\/\/buddydive.com\/es\/#website","url":"https:\/\/buddydive.com\/es\/","name":"Buddy Dive Bonaire","description":"My WordPress Blog","potentialAction":[{"@type":"SearchAction","target":{"@type":"EntryPoint","urlTemplate":"https:\/\/buddydive.com\/es\/?s={search_term_string}"},"query-input":{"@type":"PropertyValueSpecification","valueRequired":true,"valueName":"search_term_string"}}],"inLanguage":"es"}]}},"_links":{"self":[{"href":"https:\/\/buddydive.com\/es\/wp-json\/wp\/v2\/pages\/32579","targetHints":{"allow":["GET"]}}],"collection":[{"href":"https:\/\/buddydive.com\/es\/wp-json\/wp\/v2\/pages"}],"about":[{"href":"https:\/\/buddydive.com\/es\/wp-json\/wp\/v2\/types\/page"}],"author":[{"embeddable":true,"href":"https:\/\/buddydive.com\/es\/wp-json\/wp\/v2\/users\/1"}],"replies":[{"embeddable":true,"href":"https:\/\/buddydive.com\/es\/wp-json\/wp\/v2\/comments?post=32579"}],"version-history":[{"count":3,"href":"https:\/\/buddydive.com\/es\/wp-json\/wp\/v2\/pages\/32579\/revisions"}],"predecessor-version":[{"id":35758,"href":"https:\/\/buddydive.com\/es\/wp-json\/wp\/v2\/pages\/32579\/revisions\/35758"}],"up":[{"embeddable":true,"href":"https:\/\/buddydive.com\/es\/wp-json\/wp\/v2\/pages\/32631"}],"wp:attachment":[{"href":"https:\/\/buddydive.com\/es\/wp-json\/wp\/v2\/media?parent=32579"}],"curies":[{"name":"wp","href":"https:\/\/api.w.org\/{rel}","templated":true}]}}