{"id":32543,"date":"2025-07-03T09:53:57","date_gmt":"2025-07-03T09:53:57","guid":{"rendered":"https:\/\/buddydive.com\/actividades-en-bonaire\/"},"modified":"2025-10-06T13:57:22","modified_gmt":"2025-10-06T13:57:22","slug":"actividades-en-bonaire","status":"publish","type":"page","link":"https:\/\/buddydive.com\/es\/acerca-de-bonaire\/actividades-en-bonaire\/","title":{"rendered":"Actividades en Bonaire"},"content":{"rendered":"<div class=\"wpb-content-wrapper\">[vc_row][vc_column][vc_column_text]\n<h1 class=\"text-uppercase\" style=\"text-align: center;\"><small>qu\u00e9 hacer en<br \/>\n<\/small>Bonaire<\/h1>\n<p>Si bien Bonaire es conocida por el buceo, hay muchas otras actividades disponibles que van desde programas activos hasta actividades m\u00e1s tranquilas. En nuestro Centro de Buceo y Actividades, tenemos la informaci\u00f3n que necesita para descubrir la actividad en Bonaire adecuada para usted. Un miembro del personal de actividades de Bonaire est\u00e1 en el centro para responder cualquier pregunta que pueda tener, as\u00ed como para ayudarlo con recomendaciones sobre d\u00f3nde ir y qu\u00e9 hacer. El centro es tambi\u00e9n donde puede inscribirse en las actividades semanales del resort.[\/vc_column_text][\/vc_column][\/vc_row][vc_row][vc_column width=\u00bb1\/2&#8243;][vc_single_image image=\u00bb4052&#8243; img_size=\u00bblarge\u00bb alignment=\u00bbcenter\u00bb][vc_column_text]\n<h3>Esn\u00f3rquel<\/h3>\n<p>Bonaire puede ser conocida como un para\u00edso para \u201clos buceadores\u201d, \u00a1pero los buceadores estar\u00e1n felices de saber que podr\u00edan ver m\u00e1s de 75 especies diferentes de peces solo a lo largo de la terraza de arrecifes poco profundos! El esn\u00f3rquel es una actividad perfecta en Bonaire para toda la familia. Pero si a\u00fan no lo ha probado, no hay problema, \u00a1puede comenzar ahora!<\/p>\n<p>Un barco exclusivo a Klein Bonaire es la mejor manera de descubrir los arrecifes poco profundos alrededor de esta hermosa isla. Aqu\u00ed, uno de nuestros gu\u00edas le mostrar\u00e1 los alrededores en uno de los arrecifes.[\/vc_column_text][\/vc_column][vc_column width=\u00bb1\/2&#8243;][vc_single_image image=\u00bb4053&#8243; img_size=\u00bblarge\u00bb][vc_column_text]\n<h3>Esn\u00f3rquel en manglares<\/h3>\n<p>Adem\u00e1s de un viaje semanal en barco para hacer esn\u00f3rquel, Buddy Dive tambi\u00e9n ofrece varios tours guiados de esn\u00f3rquel. Uno es a lo largo del borde del bosque de manglares, que sirve como \u201cvivero\u201d del oc\u00e9ano. Entre los aspectos m\u00e1s destacados se encuentran la barracuda de tres pulgadas de largo y la medusa boca abajo que habita en el fondo. Otros tours combinan el esn\u00f3rquel con actividades como kayak o exploraci\u00f3n de cuevas. \u00a1Una actividad en Bonaire que no se puede perder![\/vc_column_text][\/vc_column][\/vc_row][vc_row][vc_column width=\u00bb1\/2&#8243;][vc_single_image image=\u00bb4047&#8243; img_size=\u00bblarge\u00bb alignment=\u00bbcenter\u00bb][vc_column_text]\n<h3>Pesca deportiva<\/h3>\n<p>Lenta pero seguramente, Bonaire est\u00e1 comenzando a ser conocida como un destino de pesca deportiva. Hay varios equipos buenos que pueden cuidar al pescador m\u00e1s mimado. No espere los barcos con puente volador de siete pisos de altura, sino barcos algo m\u00e1s peque\u00f1os, con la tripulaci\u00f3n que est\u00e1 a\u00fan m\u00e1s ansiosa por pescar que el cliente que paga. Pru\u00e9belo y descubrir\u00e1 que Bonaire lo tiene todo: \u00a1marl\u00edn, at\u00fan, wahoo, dorado e incluso un gran macab\u00ed![\/vc_column_text][\/vc_column][vc_column width=\u00bb1\/2&#8243;][vc_single_image image=\u00bb4048&#8243; img_size=\u00bblarge\u00bb][vc_column_text]\n<h3>Kayak<\/h3>\n<p>Esta es una de las actividades m\u00e1s populares en Bonaire, y hay muchas maneras de experimentarla. Realice un tour guiado en kayak a trav\u00e9s de los manglares o a la cercana Klein Bonaire. Combine el viaje a Klein con una caminata guiada y exploraci\u00f3n de la isla, o un esn\u00f3rquel a lo largo de las terrazas poco profundas de la isla, \u00a1un lugar perfecto para observar tortugas en reposo! O d\u00e9 un paseo tranquilo y explore por su cuenta mientras recorre la costa frente al resort.[\/vc_column_text][\/vc_column][\/vc_row][vc_row][vc_column width=\u00bb1\/2&#8243;][vc_single_image image=\u00bb4049&#8243; img_size=\u00bblarge\u00bb alignment=\u00bbcenter\u00bb][vc_column_text]\n<h3>Ciclismo de monta\u00f1a<\/h3>\n<p>Se han trazado kil\u00f3metros y kil\u00f3metros de senderos en Bonaire espec\u00edficamente para este deporte. Literalmente, alrededor de cada cima de la colina hay diferentes vistas para disfrutar. Con una variedad tan amplia de rutas para elegir, estamos seguros de poder organizar un tour que se adapte mejor a sus intereses y nivel de condici\u00f3n f\u00edsica. Y aunque no hay mucho tr\u00e1fico en Bonaire, para empezar, \u00a1este deporte realmente le permite alejarse de todo![\/vc_column_text][\/vc_column][vc_column width=\u00bb1\/2&#8243;][vc_single_image image=\u00bb4050&#8243; img_size=\u00bblarge\u00bb][vc_column_text]\n<h3>Windsurf<\/h3>\n<p>Los vientos alisios en Bonaire son legendarios, ya que proporcionan los vientos m\u00e1s estables del mundo y hacen que el \u00e1rea cercana de Lac Bay sea famosa como un destino de windsurf de primer nivel. Programamos clases introductorias semanales con uno de los proveedores locales en Lac para aquellos con experiencia limitada o nula en el deporte. Entonces, si alguna vez ha pensado en intentarlo, ahora es su oportunidad. \u00a1No se pierda esta actividad en Bonaire![\/vc_column_text][\/vc_column][\/vc_row][vc_row][vc_column width=\u00bb1\/2&#8243;][vc_single_image image=\u00bb4054&#8243; img_size=\u00bblarge\u00bb alignment=\u00bbcenter\u00bb][vc_column_text]\n<h3>Kitesurf<\/h3>\n<p>El kitesurf es uno de los deportes de m\u00e1s r\u00e1pido crecimiento en el mundo. Bonaire es uno de los mejores lugares para aprender este emocionante deporte, los vientos constantes y las aguas turquesas, con delfines y tortugas, hacen de esta isla un verdadero para\u00edso para los kitesurfistas. El kitesurf es un deporte emocionante que todos pueden aprender. Los instructores certificados por IKO de la escuela de kitesurf crean un ambiente de aprendizaje divertido y seguro, con mucha atenci\u00f3n individual. Atlantis Beach es el lugar ideal para practicar kitesurf en esta isla. Tanto los kitesurfistas experimentados como los principiantes se sentir\u00e1n como en casa aqu\u00ed. En www.bonairekiteschool.com puede encontrar m\u00e1s informaci\u00f3n sobre este incre\u00edble deporte. Nuestro centro de buceo y actividades de Bonaire puede organizar sus cursos por usted.[\/vc_column_text][\/vc_column][vc_column width=\u00bb1\/2&#8243;][vc_single_image image=\u00bb4051&#8243; img_size=\u00bblarge\u00bb][vc_column_text]\n<h3>Crucero al atardecer<\/h3>\n<p>Una de las mejores actividades en Bonaire. Pruebe el para\u00edso y observe la abrumadora puesta de sol en nuestro crucero. Podemos crear un viaje inolvidable para su grupo con bebidas, refrigerios o incluso una barbacoa completa.[\/vc_column_text][\/vc_column][\/vc_row][vc_row][vc_column width=\u00bb1\/2&#8243;][vc_single_image image=\u00bb4055&#8243; img_size=\u00bblarge\u00bb alignment=\u00bbcenter\u00bb][vc_column_text]\n<h3>Exploraci\u00f3n de cuevas<\/h3>\n<p>Bonaire tiene muchos sistemas de cuevas, algunos son secos y otros tienen lagos y t\u00faneles. Aqu\u00ed en Buddy Dive, le ofrecemos una oportunidad \u00fanica para explorar estas antiguas maravillas con sus majestuosas estalactitas y estalagmitas. Incluso le ofrecemos la oportunidad de hacer esn\u00f3rquel bajo tierra en el agua cristalina que se encuentra dentro.[\/vc_column_text][\/vc_column][\/vc_row][vc_row][vc_column][vc_raw_js]JTNDc2NyaXB0JTIwdHlwZSUzRCUyMnRleHQlMkZqYXZhc2NyaXB0JTIyJTNFJTBBd2luZG93LlRyZW5nbyUyMCUzRCUyMHdpbmRvdy5UcmVuZ28lMjAlN0MlN0MlMjAlN0IlN0QlM0IlMEF3aW5kb3cuVHJlbmdvLmtleSUyMCUzRCUyMCUyN1E5SGI4dlBvS2VnRDFBSSUyNyUzQiUwQSUyOGZ1bmN0aW9uJTI4ZCUyQyUyMHNjcmlwdCUyQyUyMHQlMjklMjAlN0IlMEElMjAlMjAlMjAlMjBzY3JpcHQlMjAlM0QlMjBkLmNyZWF0ZUVsZW1lbnQlMjglMjdzY3JpcHQlMjclMjklM0IlMEElMjAlMjAlMjAlMjBzY3JpcHQudHlwZSUyMCUzRCUyMCUyN3RleHQlMkZqYXZhc2NyaXB0JTI3JTNCJTBBJTIwJTIwJTIwJTIwc2NyaXB0LmFzeW5jJTIwJTNEJTIwdHJ1ZSUzQiUwQSUyMCUyMCUyMCUyMHNjcmlwdC5zcmMlMjAlM0QlMjAlMjdodHRwcyUzQSUyRiUyRnN0YXRpYy53aWRnZXQudHJlbmdvLmV1JTJGZW1iZWQuanMlMjclM0IlMEElMjAlMjAlMjAlMjBkLmdldEVsZW1lbnRzQnlUYWdOYW1lJTI4JTI3aGVhZCUyNyUyOSU1QjAlNUQuYXBwZW5kQ2hpbGQlMjhzY3JpcHQlMjklM0IlMEElN0QlMjhkb2N1bWVudCUyOSUyOSUzQiUwQSUzQyUyRnNjcmlwdCUzRQ==[\/vc_raw_js][\/vc_column][\/vc_row]\n<\/div>","protected":false},"excerpt":{"rendered":"<p>[vc_row][vc_column][vc_column_text] qu\u00e9 hacer en Bonaire Si bien Bonaire es conocida por el buceo, hay muchas otras actividades disponibles que van [&hellip;]<\/p>\n","protected":false},"author":1,"featured_media":0,"parent":32545,"menu_order":0,"comment_status":"closed","ping_status":"closed","template":"","meta":{"footnotes":""},"class_list":["post-32543","page","type-page","status-publish","hentry"],"yoast_head":"<!-- This site is optimized with the Yoast SEO plugin v27.4 - https:\/\/yoast.com\/product\/yoast-seo-wordpress\/ -->\n<title>Actividades en Bonaire - Buddy Dive Resort<\/title>\n<meta name=\"description\" content=\"Bonaire: buceo y m\u00e1s (esn\u00f3rquel, cuevas, kayak).\" \/>\n<meta name=\"robots\" content=\"index, follow, max-snippet:-1, max-image-preview:large, max-video-preview:-1\" \/>\n<link rel=\"canonical\" href=\"https:\/\/buddydive.com\/es\/acerca-de-bonaire\/actividades-en-bonaire\/\" \/>\n<meta property=\"og:locale\" content=\"es_ES\" \/>\n<meta property=\"og:type\" content=\"article\" \/>\n<meta property=\"og:title\" content=\"Actividades en Bonaire - Buddy Dive Resort\" \/>\n<meta property=\"og:description\" content=\"Bonaire: buceo y m\u00e1s (esn\u00f3rquel, cuevas, kayak).\" \/>\n<meta property=\"og:url\" content=\"https:\/\/buddydive.com\/es\/acerca-de-bonaire\/actividades-en-bonaire\/\" \/>\n<meta property=\"og:site_name\" content=\"Buddy Dive Bonaire\" \/>\n<meta property=\"article:publisher\" content=\"https:\/\/www.facebook.com\/buddydiveresort\" \/>\n<meta property=\"article:modified_time\" content=\"2025-10-06T13:57:22+00:00\" \/>\n<meta name=\"twitter:card\" content=\"summary_large_image\" \/>\n<meta name=\"twitter:site\" content=\"@buddydive\" \/>\n<meta name=\"twitter:label1\" content=\"Tiempo de lectura\" \/>\n\t<meta name=\"twitter:data1\" content=\"4 minutos\" \/>\n<script type=\"application\/ld+json\" class=\"yoast-schema-graph\">{\"@context\":\"https:\\\/\\\/schema.org\",\"@graph\":[{\"@type\":\"WebPage\",\"@id\":\"https:\\\/\\\/buddydive.com\\\/es\\\/acerca-de-bonaire\\\/actividades-en-bonaire\\\/\",\"url\":\"https:\\\/\\\/buddydive.com\\\/es\\\/acerca-de-bonaire\\\/actividades-en-bonaire\\\/\",\"name\":\"Actividades en Bonaire - Buddy Dive Resort\",\"isPartOf\":{\"@id\":\"https:\\\/\\\/buddydive.com\\\/es\\\/#website\"},\"datePublished\":\"2025-07-03T09:53:57+00:00\",\"dateModified\":\"2025-10-06T13:57:22+00:00\",\"description\":\"Bonaire: buceo y m\u00e1s (esn\u00f3rquel, cuevas, kayak).\",\"breadcrumb\":{\"@id\":\"https:\\\/\\\/buddydive.com\\\/es\\\/acerca-de-bonaire\\\/actividades-en-bonaire\\\/#breadcrumb\"},\"inLanguage\":\"es\",\"potentialAction\":[{\"@type\":\"ReadAction\",\"target\":[\"https:\\\/\\\/buddydive.com\\\/es\\\/acerca-de-bonaire\\\/actividades-en-bonaire\\\/\"]}]},{\"@type\":\"BreadcrumbList\",\"@id\":\"https:\\\/\\\/buddydive.com\\\/es\\\/acerca-de-bonaire\\\/actividades-en-bonaire\\\/#breadcrumb\",\"itemListElement\":[{\"@type\":\"ListItem\",\"position\":1,\"name\":\"Home\",\"item\":\"https:\\\/\\\/buddydive.com\\\/es\\\/\"},{\"@type\":\"ListItem\",\"position\":2,\"name\":\"Acerca de Bonaire\",\"item\":\"https:\\\/\\\/buddydive.com\\\/es\\\/acerca-de-bonaire\\\/\"},{\"@type\":\"ListItem\",\"position\":3,\"name\":\"Actividades en Bonaire\"}]},{\"@type\":\"WebSite\",\"@id\":\"https:\\\/\\\/buddydive.com\\\/es\\\/#website\",\"url\":\"https:\\\/\\\/buddydive.com\\\/es\\\/\",\"name\":\"Buddy Dive Bonaire\",\"description\":\"My WordPress Blog\",\"potentialAction\":[{\"@type\":\"SearchAction\",\"target\":{\"@type\":\"EntryPoint\",\"urlTemplate\":\"https:\\\/\\\/buddydive.com\\\/es\\\/?s={search_term_string}\"},\"query-input\":{\"@type\":\"PropertyValueSpecification\",\"valueRequired\":true,\"valueName\":\"search_term_string\"}}],\"inLanguage\":\"es\"}]}<\/script>\n<!-- \/ Yoast SEO plugin. -->","yoast_head_json":{"title":"Actividades en Bonaire - Buddy Dive Resort","description":"Bonaire: buceo y m\u00e1s (esn\u00f3rquel, cuevas, kayak).","robots":{"index":"index","follow":"follow","max-snippet":"max-snippet:-1","max-image-preview":"max-image-preview:large","max-video-preview":"max-video-preview:-1"},"canonical":"https:\/\/buddydive.com\/es\/acerca-de-bonaire\/actividades-en-bonaire\/","og_locale":"es_ES","og_type":"article","og_title":"Actividades en Bonaire - Buddy Dive Resort","og_description":"Bonaire: buceo y m\u00e1s (esn\u00f3rquel, cuevas, kayak).","og_url":"https:\/\/buddydive.com\/es\/acerca-de-bonaire\/actividades-en-bonaire\/","og_site_name":"Buddy Dive Bonaire","article_publisher":"https:\/\/www.facebook.com\/buddydiveresort","article_modified_time":"2025-10-06T13:57:22+00:00","twitter_card":"summary_large_image","twitter_site":"@buddydive","twitter_misc":{"Tiempo de lectura":"4 minutos"},"schema":{"@context":"https:\/\/schema.org","@graph":[{"@type":"WebPage","@id":"https:\/\/buddydive.com\/es\/acerca-de-bonaire\/actividades-en-bonaire\/","url":"https:\/\/buddydive.com\/es\/acerca-de-bonaire\/actividades-en-bonaire\/","name":"Actividades en Bonaire - Buddy Dive Resort","isPartOf":{"@id":"https:\/\/buddydive.com\/es\/#website"},"datePublished":"2025-07-03T09:53:57+00:00","dateModified":"2025-10-06T13:57:22+00:00","description":"Bonaire: buceo y m\u00e1s (esn\u00f3rquel, cuevas, kayak).","breadcrumb":{"@id":"https:\/\/buddydive.com\/es\/acerca-de-bonaire\/actividades-en-bonaire\/#breadcrumb"},"inLanguage":"es","potentialAction":[{"@type":"ReadAction","target":["https:\/\/buddydive.com\/es\/acerca-de-bonaire\/actividades-en-bonaire\/"]}]},{"@type":"BreadcrumbList","@id":"https:\/\/buddydive.com\/es\/acerca-de-bonaire\/actividades-en-bonaire\/#breadcrumb","itemListElement":[{"@type":"ListItem","position":1,"name":"Home","item":"https:\/\/buddydive.com\/es\/"},{"@type":"ListItem","position":2,"name":"Acerca de Bonaire","item":"https:\/\/buddydive.com\/es\/acerca-de-bonaire\/"},{"@type":"ListItem","position":3,"name":"Actividades en Bonaire"}]},{"@type":"WebSite","@id":"https:\/\/buddydive.com\/es\/#website","url":"https:\/\/buddydive.com\/es\/","name":"Buddy Dive Bonaire","description":"My WordPress Blog","potentialAction":[{"@type":"SearchAction","target":{"@type":"EntryPoint","urlTemplate":"https:\/\/buddydive.com\/es\/?s={search_term_string}"},"query-input":{"@type":"PropertyValueSpecification","valueRequired":true,"valueName":"search_term_string"}}],"inLanguage":"es"}]}},"_links":{"self":[{"href":"https:\/\/buddydive.com\/es\/wp-json\/wp\/v2\/pages\/32543","targetHints":{"allow":["GET"]}}],"collection":[{"href":"https:\/\/buddydive.com\/es\/wp-json\/wp\/v2\/pages"}],"about":[{"href":"https:\/\/buddydive.com\/es\/wp-json\/wp\/v2\/types\/page"}],"author":[{"embeddable":true,"href":"https:\/\/buddydive.com\/es\/wp-json\/wp\/v2\/users\/1"}],"replies":[{"embeddable":true,"href":"https:\/\/buddydive.com\/es\/wp-json\/wp\/v2\/comments?post=32543"}],"version-history":[{"count":4,"href":"https:\/\/buddydive.com\/es\/wp-json\/wp\/v2\/pages\/32543\/revisions"}],"predecessor-version":[{"id":34457,"href":"https:\/\/buddydive.com\/es\/wp-json\/wp\/v2\/pages\/32543\/revisions\/34457"}],"up":[{"embeddable":true,"href":"https:\/\/buddydive.com\/es\/wp-json\/wp\/v2\/pages\/32545"}],"wp:attachment":[{"href":"https:\/\/buddydive.com\/es\/wp-json\/wp\/v2\/media?parent=32543"}],"curies":[{"name":"wp","href":"https:\/\/api.w.org\/{rel}","templated":true}]}}