{"id":32539,"date":"2025-07-03T09:53:54","date_gmt":"2025-07-03T09:53:54","guid":{"rendered":"https:\/\/buddydive.com\/acerca-de-nosotros\/ahorre-tiempo-en-el-check-in\/"},"modified":"2026-02-03T11:31:18","modified_gmt":"2026-02-03T11:31:18","slug":"ahorre-tiempo-en-el-check-in","status":"publish","type":"page","link":"https:\/\/buddydive.com\/es\/acerca-de-nosotros\/ahorre-tiempo-en-el-check-in\/","title":{"rendered":"Ahorre tiempo en el check-in"},"content":{"rendered":"<div class=\"wpb-content-wrapper\">[vc_row][vc_column][vc_column_text]\n<h1 style=\"text-align: center;\">Ahorre tiempo en el check-in<\/h1>\n[\/vc_column_text][\/vc_column][\/vc_row][vc_row][vc_column][vc_column_text css=\u00bb\u00bb]\n<h3>Seguro de viaje<\/h3>\n<p>Para su tranquilidad, le recomendamos encarecidamente que contrate un seguro de viaje antes de su viaje. Proporciona una cobertura esencial en caso de eventos inesperados, como cancelaciones, retrasos o emergencias m\u00e9dicas. Queremos que tenga una experiencia sin preocupaciones, por lo que contratar un seguro le garantiza estar protegido durante todo el viaje. Para obtener m\u00e1s informaci\u00f3n, lea <a href=\"https:\/\/buddydive.com\/trip-insurance-bonaire\/\">aqu\u00ed<\/a>.[\/vc_column_text][vc_column_text css=\u00bb\u00bb]\n<h3>Registro en el hotel<\/h3>\n<p>\u00a1Lleve la delantera y descargue nuestro documento informativo \u201cLo que debe saber antes de viajar\u201d!<br \/>\nAhorre tiempo en la recepci\u00f3n y en la tienda de buceo rellenando el <a href=\"https:\/\/buddydive.com\/es\/tarjeta-de-registro-de-huespedes-del-complejo-buddy-dive\/\">papeleo<\/a> necesario antes de su llegada.[\/vc_column_text][vc_column_text]\n<h3>Registro en la tienda de buceo<\/h3>\n<p>Antes de su llegada, rellene el <a href=\"https:\/\/buddydive.com\/es\/acerca-de-nosotros\/sus-formularios-de-responsabilidad-civil-online-de-buddies\/\">formulario de responsabilidad del buceador<\/a>. \u00bfVa a realizar un curso con nosotros? Rellene el <a href=\"https:\/\/buddydive.com\/es\/acerca-de-nosotros\/sus-formularios-de-responsabilidad-civil-online-de-buddies\/\">formulario de responsabilidad<\/a> antes de venir a Bonaire.  <\/p>\n<h3>Tasa del parque marino Stinapa<\/h3>\n<p>Todas las personas que deseen utilizar el Parque Marino de Bonaire (toda el agua que rodea Bonaire) deben pagar la tasa del Parque Marino de Bonaire a Stinapa. La tasa es de 40 $ para todos los usuarios del parque marino. <\/p>\n<p>Pague la tasa del parque marino en l\u00ednea antes de su llegada. La tasa se puede pagar en el <a href=\"https:\/\/stinapa.bonairenaturefee.org\/\">sitio web de Stinapa.<\/a> <\/p>\n<h3>Impuesto de entrada tur\u00edstica<\/h3>\n<p><span class=\"mc-toc-title\">A partir del 1<sup> de<\/sup> julio de 2022, el impuesto de habitaci\u00f3n y coche ya no se pagar\u00e1 en nuestros resorts, sino que se deber\u00e1 pagar un impuesto de entrada tur\u00edstica de 75 $ antes de la llegada. El impuesto se aplicar\u00e1 a todos los no residentes de 13 a\u00f1os o m\u00e1s que entren en Bonaire. Los no residentes de 12 a\u00f1os o menos y los residentes de las antiguas Antillas Neerlandesas que lleguen a la isla pagar\u00e1n una tasa de 10 $ por visita.  <\/span><\/p>\n<p>Este impuesto se puede pagar antes de la llegada a trav\u00e9s de una <a href=\"https:\/\/bonaireisland.com\/\">plataforma en l\u00ednea<\/a>, o a la llegada al aeropuerto de Flamingo. Los fondos procedentes del impuesto tur\u00edstico se invertir\u00e1n para apoyar la educaci\u00f3n, la infraestructura, el desarrollo del turismo y las iniciativas de sostenibilidad en la isla. <\/p>\n<p>Una vez que se haya registrado y haya pagado, recibir\u00e1 un c\u00f3digo QR personal por correo electr\u00f3nico. Este c\u00f3digo se comprobar\u00e1 a su llegada. <\/p>\n<p><strong><em>Recomendamos encarecidamente que rellene toda la informaci\u00f3n necesaria en www.bonaireisland.com antes de su llegada y que traiga el c\u00f3digo QR. Esto evita largos tiempos de espera en el aeropuerto.<br \/>\n<\/em><\/strong><\/p>\n<h3><strong><em><br \/>\n<\/em><\/strong>Firme el bono de Bonaire<strong><em><br \/>\n<\/em><\/strong><\/h3>\n<p>Al firmar el <a href=\"https:\/\/bonaireisland.com\/about\/bonaire-bond\/\">Bono de Bonaire<\/a>, promete ayudar a preservar y proteger la isla, la comunidad y los medios de vida para los a\u00f1os venideros. En nombre de las personas que firmaron el <a href=\"https:\/\/bonaireisland.com\/about\/bonaire-bond\/\">Bono de Bonaire<\/a>, Tourism Corporation Bonaire adoptar\u00e1 un \u00e1rbol de vivero de coral de Reef Renewal Bonaire. <\/p>\n<h3><strong><em> <\/em><\/strong><\/h3>\n[\/vc_column_text][vc_column_text][\/vc_column_text][vc_column_text]\n<h2 style=\"text-align: center;\">Lo que debe saber antes de ir<\/h2>\n<p style=\"text-align: center;\">Para que los preparativos de sus vacaciones en Bonaire sean lo m\u00e1s f\u00e1ciles posible, hemos reunido un archivo con lo que debe saber antes de ir. Si tiene alguna pregunta despu\u00e9s de leer este archivo, no dude en ponerse en contacto con nosotros. <\/p>\n[\/vc_column_text][\/vc_column][\/vc_row][vc_row][vc_column width=\u00bb1\/3&#8243;][vc_btn title=\u00bbLo que debe saber antes de ir &#8211; Ingl\u00e9s\u00bb css=\u00bb\u00bb link=\u00bburl:https%3A%2F%2Fbuddydive.com%2Fwp-content%2Fuploads%2F2025%2F10%2FKnow-Before-You-Go-2025.pdf|target:_blank|\u00bb][\/vc_column][vc_column width=\u00bb1\/3&#8243;][vc_btn title=\u00bbWat je moet weten voor je gaa &#8211; nederlands\u00bb css=\u00bb\u00bb link=\u00bburl:https%3A%2F%2Fbuddydive.com%2Fwp-content%2Fuploads%2F2025%2F09%2FBDR-KBYG-2025-DUTCH-2.pdf|target:_blank|\u00bb][\/vc_column][vc_column width=\u00bb1\/3&#8243;][vc_btn title=\u00bbSepa antes de viajar &#8211; espa\u00f1ol\u00bb css=\u00bb\u00bb link=\u00bburl:https%3A%2F%2Fbuddydive.com%2Fwp-content%2Fuploads%2F2025%2F09%2FBDR-KBYG-2025-SPANISH.pdf|target:_blank|\u00bb][\/vc_column][\/vc_row][vc_row][vc_column width=\u00bb1\/3&#8243;][vc_btn title=\u00bbSaber antes de partir &#8211; portugu\u00eas\u00bb css=\u00bb\u00bb link=\u00bburl:https%3A%2F%2Fbuddydive.com%2Fwp-content%2Fuploads%2F2025%2F09%2FBDR-KBYG-2025-PORTUGESE.pdf|target:_blank|\u00bb][\/vc_column][vc_column width=\u00bb1\/3&#8243;][vc_btn title=\u00bbWas Sie vor der reise wissen sollten &#8211; deutsch\u00bb css=\u00bb\u00bb link=\u00bburl:https%3A%2F%2Fbuddydive.com%2Fwp-content%2Fuploads%2F2025%2F09%2FBDR-KBYG-2025-GERMAN-1.pdf|target:_blank|\u00bb][\/vc_column][vc_column width=\u00bb1\/3&#8243;][vc_btn title=\u00bbSache avant de partir &#8211; fran\u00e7ois\u00bb css=\u00bb\u00bb link=\u00bburl:https%3A%2F%2Fbuddydive.com%2Fwp-content%2Fuploads%2F2025%2F09%2FBDR-KBYG-2025-FRENCH.pdf|target:_blank|\u00bb][\/vc_column][\/vc_row][vc_row][vc_column][\/vc_column][\/vc_row]\n<\/div>","protected":false},"excerpt":{"rendered":"<p>[vc_row][vc_column][vc_column_text] Ahorre tiempo en el check-in [\/vc_column_text][\/vc_column][\/vc_row][vc_row][vc_column][vc_column_text css=\u00bb\u00bb] Seguro de viaje Para su tranquilidad, le recomendamos encarecidamente que contrate un [&hellip;]<\/p>\n","protected":false},"author":1,"featured_media":0,"parent":32453,"menu_order":0,"comment_status":"closed","ping_status":"closed","template":"page-templates\/page-right.php","meta":{"footnotes":""},"class_list":["post-32539","page","type-page","status-publish","hentry"],"yoast_head":"<!-- This site is optimized with the Yoast SEO plugin v27.4 - https:\/\/yoast.com\/product\/yoast-seo-wordpress\/ -->\n<title>Ahorre tiempo en el check-in - Buddy dive resort bonaire<\/title>\n<meta name=\"description\" content=\"Ahorre tiempo en la recepci\u00f3n y rellene el papeleo necesario en casa o en el avi\u00f3n antes de su llegada. Descargue su formulario aqu\u00ed.\" \/>\n<meta name=\"robots\" content=\"index, follow, max-snippet:-1, max-image-preview:large, max-video-preview:-1\" \/>\n<link rel=\"canonical\" href=\"https:\/\/buddydive.com\/es\/acerca-de-nosotros\/ahorre-tiempo-en-el-check-in\/\" \/>\n<meta property=\"og:locale\" content=\"es_ES\" \/>\n<meta property=\"og:type\" content=\"article\" \/>\n<meta property=\"og:title\" content=\"Ahorre tiempo en el check-in - Buddy dive resort bonaire\" \/>\n<meta property=\"og:description\" content=\"Ahorre tiempo en la recepci\u00f3n y rellene el papeleo necesario en casa o en el avi\u00f3n antes de su llegada. Descargue su formulario aqu\u00ed.\" \/>\n<meta property=\"og:url\" content=\"https:\/\/buddydive.com\/es\/acerca-de-nosotros\/ahorre-tiempo-en-el-check-in\/\" \/>\n<meta property=\"og:site_name\" content=\"Buddy Dive Bonaire\" \/>\n<meta property=\"article:publisher\" content=\"https:\/\/www.facebook.com\/buddydiveresort\" \/>\n<meta property=\"article:modified_time\" content=\"2026-02-03T11:31:18+00:00\" \/>\n<meta name=\"twitter:card\" content=\"summary_large_image\" \/>\n<meta name=\"twitter:site\" content=\"@buddydive\" \/>\n<meta name=\"twitter:label1\" content=\"Tiempo de lectura\" \/>\n\t<meta name=\"twitter:data1\" content=\"4 minutos\" \/>\n<script type=\"application\/ld+json\" class=\"yoast-schema-graph\">{\"@context\":\"https:\\\/\\\/schema.org\",\"@graph\":[{\"@type\":\"WebPage\",\"@id\":\"https:\\\/\\\/buddydive.com\\\/es\\\/acerca-de-nosotros\\\/ahorre-tiempo-en-el-check-in\\\/\",\"url\":\"https:\\\/\\\/buddydive.com\\\/es\\\/acerca-de-nosotros\\\/ahorre-tiempo-en-el-check-in\\\/\",\"name\":\"Ahorre tiempo en el check-in - Buddy dive resort bonaire\",\"isPartOf\":{\"@id\":\"https:\\\/\\\/buddydive.com\\\/es\\\/#website\"},\"datePublished\":\"2025-07-03T09:53:54+00:00\",\"dateModified\":\"2026-02-03T11:31:18+00:00\",\"description\":\"Ahorre tiempo en la recepci\u00f3n y rellene el papeleo necesario en casa o en el avi\u00f3n antes de su llegada. Descargue su formulario aqu\u00ed.\",\"breadcrumb\":{\"@id\":\"https:\\\/\\\/buddydive.com\\\/es\\\/acerca-de-nosotros\\\/ahorre-tiempo-en-el-check-in\\\/#breadcrumb\"},\"inLanguage\":\"es\",\"potentialAction\":[{\"@type\":\"ReadAction\",\"target\":[\"https:\\\/\\\/buddydive.com\\\/es\\\/acerca-de-nosotros\\\/ahorre-tiempo-en-el-check-in\\\/\"]}]},{\"@type\":\"BreadcrumbList\",\"@id\":\"https:\\\/\\\/buddydive.com\\\/es\\\/acerca-de-nosotros\\\/ahorre-tiempo-en-el-check-in\\\/#breadcrumb\",\"itemListElement\":[{\"@type\":\"ListItem\",\"position\":1,\"name\":\"Home\",\"item\":\"https:\\\/\\\/buddydive.com\\\/es\\\/\"},{\"@type\":\"ListItem\",\"position\":2,\"name\":\"Acerca de nosotros\",\"item\":\"https:\\\/\\\/buddydive.com\\\/es\\\/acerca-de-nosotros\\\/\"},{\"@type\":\"ListItem\",\"position\":3,\"name\":\"Ahorre tiempo en el check-in\"}]},{\"@type\":\"WebSite\",\"@id\":\"https:\\\/\\\/buddydive.com\\\/es\\\/#website\",\"url\":\"https:\\\/\\\/buddydive.com\\\/es\\\/\",\"name\":\"Buddy Dive Bonaire\",\"description\":\"My WordPress Blog\",\"potentialAction\":[{\"@type\":\"SearchAction\",\"target\":{\"@type\":\"EntryPoint\",\"urlTemplate\":\"https:\\\/\\\/buddydive.com\\\/es\\\/?s={search_term_string}\"},\"query-input\":{\"@type\":\"PropertyValueSpecification\",\"valueRequired\":true,\"valueName\":\"search_term_string\"}}],\"inLanguage\":\"es\"}]}<\/script>\n<!-- \/ Yoast SEO plugin. -->","yoast_head_json":{"title":"Ahorre tiempo en el check-in - Buddy dive resort bonaire","description":"Ahorre tiempo en la recepci\u00f3n y rellene el papeleo necesario en casa o en el avi\u00f3n antes de su llegada. Descargue su formulario aqu\u00ed.","robots":{"index":"index","follow":"follow","max-snippet":"max-snippet:-1","max-image-preview":"max-image-preview:large","max-video-preview":"max-video-preview:-1"},"canonical":"https:\/\/buddydive.com\/es\/acerca-de-nosotros\/ahorre-tiempo-en-el-check-in\/","og_locale":"es_ES","og_type":"article","og_title":"Ahorre tiempo en el check-in - Buddy dive resort bonaire","og_description":"Ahorre tiempo en la recepci\u00f3n y rellene el papeleo necesario en casa o en el avi\u00f3n antes de su llegada. Descargue su formulario aqu\u00ed.","og_url":"https:\/\/buddydive.com\/es\/acerca-de-nosotros\/ahorre-tiempo-en-el-check-in\/","og_site_name":"Buddy Dive Bonaire","article_publisher":"https:\/\/www.facebook.com\/buddydiveresort","article_modified_time":"2026-02-03T11:31:18+00:00","twitter_card":"summary_large_image","twitter_site":"@buddydive","twitter_misc":{"Tiempo de lectura":"4 minutos"},"schema":{"@context":"https:\/\/schema.org","@graph":[{"@type":"WebPage","@id":"https:\/\/buddydive.com\/es\/acerca-de-nosotros\/ahorre-tiempo-en-el-check-in\/","url":"https:\/\/buddydive.com\/es\/acerca-de-nosotros\/ahorre-tiempo-en-el-check-in\/","name":"Ahorre tiempo en el check-in - Buddy dive resort bonaire","isPartOf":{"@id":"https:\/\/buddydive.com\/es\/#website"},"datePublished":"2025-07-03T09:53:54+00:00","dateModified":"2026-02-03T11:31:18+00:00","description":"Ahorre tiempo en la recepci\u00f3n y rellene el papeleo necesario en casa o en el avi\u00f3n antes de su llegada. Descargue su formulario aqu\u00ed.","breadcrumb":{"@id":"https:\/\/buddydive.com\/es\/acerca-de-nosotros\/ahorre-tiempo-en-el-check-in\/#breadcrumb"},"inLanguage":"es","potentialAction":[{"@type":"ReadAction","target":["https:\/\/buddydive.com\/es\/acerca-de-nosotros\/ahorre-tiempo-en-el-check-in\/"]}]},{"@type":"BreadcrumbList","@id":"https:\/\/buddydive.com\/es\/acerca-de-nosotros\/ahorre-tiempo-en-el-check-in\/#breadcrumb","itemListElement":[{"@type":"ListItem","position":1,"name":"Home","item":"https:\/\/buddydive.com\/es\/"},{"@type":"ListItem","position":2,"name":"Acerca de nosotros","item":"https:\/\/buddydive.com\/es\/acerca-de-nosotros\/"},{"@type":"ListItem","position":3,"name":"Ahorre tiempo en el check-in"}]},{"@type":"WebSite","@id":"https:\/\/buddydive.com\/es\/#website","url":"https:\/\/buddydive.com\/es\/","name":"Buddy Dive Bonaire","description":"My WordPress Blog","potentialAction":[{"@type":"SearchAction","target":{"@type":"EntryPoint","urlTemplate":"https:\/\/buddydive.com\/es\/?s={search_term_string}"},"query-input":{"@type":"PropertyValueSpecification","valueRequired":true,"valueName":"search_term_string"}}],"inLanguage":"es"}]}},"_links":{"self":[{"href":"https:\/\/buddydive.com\/es\/wp-json\/wp\/v2\/pages\/32539","targetHints":{"allow":["GET"]}}],"collection":[{"href":"https:\/\/buddydive.com\/es\/wp-json\/wp\/v2\/pages"}],"about":[{"href":"https:\/\/buddydive.com\/es\/wp-json\/wp\/v2\/types\/page"}],"author":[{"embeddable":true,"href":"https:\/\/buddydive.com\/es\/wp-json\/wp\/v2\/users\/1"}],"replies":[{"embeddable":true,"href":"https:\/\/buddydive.com\/es\/wp-json\/wp\/v2\/comments?post=32539"}],"version-history":[{"count":8,"href":"https:\/\/buddydive.com\/es\/wp-json\/wp\/v2\/pages\/32539\/revisions"}],"predecessor-version":[{"id":36528,"href":"https:\/\/buddydive.com\/es\/wp-json\/wp\/v2\/pages\/32539\/revisions\/36528"}],"up":[{"embeddable":true,"href":"https:\/\/buddydive.com\/es\/wp-json\/wp\/v2\/pages\/32453"}],"wp:attachment":[{"href":"https:\/\/buddydive.com\/es\/wp-json\/wp\/v2\/media?parent=32539"}],"curies":[{"name":"wp","href":"https:\/\/api.w.org\/{rel}","templated":true}]}}