{"id":32528,"date":"2025-07-03T09:53:36","date_gmt":"2025-07-03T09:53:36","guid":{"rendered":"https:\/\/buddydive.com\/acerca-de-nosotros\/descargue-nuestro-folleto\/"},"modified":"2026-02-03T11:17:02","modified_gmt":"2026-02-03T11:17:02","slug":"descargue-nuestro-folleto","status":"publish","type":"page","link":"https:\/\/buddydive.com\/es\/acerca-de-nosotros\/descargue-nuestro-folleto\/","title":{"rendered":"Descargue nuestro folleto"},"content":{"rendered":"<div class=\"wpb-content-wrapper\">[vc_row][vc_column][vc_column_text]\n<h1 class=\"text-uppercase\" style=\"text-align: left;\"><small>Todo lo que necesita saber sobre nosotros y<br \/>\n<\/small>bonaire<\/h1>\n[\/vc_column_text][vc_row_inner][vc_column_inner][vc_single_image image=\u00bb32530&#8243; img_size=\u00bblarge\u00bb alignment=\u00bbcenter\u00bb style=\u00bbxtd-shadow&#8211;normal-normal\u00bb][vc_empty_space height=\u00bb50px\u00bb][\/vc_column_inner][vc_column_inner width=\u00bb1\/4&#8243;][vc_btn title=\u00bbIngl\u00e9s\u00bb align=\u00bbcenter\u00bb css=\u00bb\u00bb button_block=\u00bbtrue\u00bb link=\u00bburl:https%3A%2F%2Fbuddydive.com%2Fwp-content%2Fuploads%2F2025%2F07%2FAll-Brochure-2025-26-English-ONLINE.pdf|target:_blank|\u00bb][\/vc_column_inner][vc_column_inner width=\u00bb1\/4&#8243;][vc_btn title=\u00bbNeerland\u00e9s\u00bb align=\u00bbcenter\u00bb css=\u00bb\u00bb button_block=\u00bbtrue\u00bb link=\u00bburl:https%3A%2F%2Fbuddydive.com%2Fwp-content%2Fuploads%2F2025%2F07%2FAll-Brochure-2025-2026-Dutch-ONLINE.pdf|target:_blank|\u00bb][vc_empty_space][vc_btn title=\u00bbEspa\u00f1ol\u00bb align=\u00bbcenter\u00bb css=\u00bb\u00bb button_block=\u00bbtrue\u00bb link=\u00bburl:https%3A%2F%2Fbuddydive.com%2Fwp-content%2Fuploads%2F2025%2F08%2FAll-Brochure-2025-26-Spanish-ONLINE.pdf|target:_blank|\u00bb][\/vc_column_inner][vc_column_inner width=\u00bb1\/4&#8243;][vc_btn title=\u00bbAlem\u00e1n\u00bb align=\u00bbcenter\u00bb css=\u00bb\u00bb button_block=\u00bbtrue\u00bb link=\u00bburl:https%3A%2F%2Fbuddydive.com%2Fwp-content%2Fuploads%2F2025%2F07%2FAll-Brochure-20252026-German-ONLINE.pdf|target:_blank|\u00bb][vc_empty_space][vc_btn title=\u00bbPortugu\u00e9s\u00bb align=\u00bbcenter\u00bb css=\u00bb\u00bb button_block=\u00bbtrue\u00bb link=\u00bburl:https%3A%2F%2Fbuddydive.com%2Fwp-content%2Fuploads%2F2025%2F08%2FAll-Brochure-2025-26-English-ONLINE.pdf|target:_blank|\u00bb][\/vc_column_inner][vc_column_inner width=\u00bb1\/4&#8243;][vc_btn title=\u00bbFranc\u00e9s\u00bb align=\u00bbcenter\u00bb css=\u00bb\u00bb button_block=\u00bbtrue\u00bb link=\u00bburl:https%3A%2F%2Fbuddydive.com%2Fwp-content%2Fuploads%2F2025%2F07%2FAll-Brochure-French-20252026-ONLINE.pdf|\u00bb][\/vc_column_inner][\/vc_row_inner][\/vc_column][\/vc_row][vc_row][vc_column][\/vc_column][\/vc_row]\n<\/div>","protected":false},"excerpt":{"rendered":"<p>[vc_row][vc_column][vc_column_text] Todo lo que necesita saber sobre nosotros y bonaire [\/vc_column_text][vc_row_inner][vc_column_inner][vc_single_image image=\u00bb32530&#8243; img_size=\u00bblarge\u00bb alignment=\u00bbcenter\u00bb style=\u00bbxtd-shadow&#8211;normal-normal\u00bb][vc_empty_space height=\u00bb50px\u00bb][\/vc_column_inner][vc_column_inner width=\u00bb1\/4&#8243;][vc_btn title=\u00bbIngl\u00e9s\u00bb align=\u00bbcenter\u00bb css=\u00bb\u00bb [&hellip;]<\/p>\n","protected":false},"author":1,"featured_media":0,"parent":32453,"menu_order":0,"comment_status":"closed","ping_status":"closed","template":"","meta":{"footnotes":""},"class_list":["post-32528","page","type-page","status-publish","hentry"],"yoast_head":"<!-- This site is optimized with the Yoast SEO plugin v27.4 - https:\/\/yoast.com\/product\/yoast-seo-wordpress\/ -->\n<title>Descargue nuestro folleto - Buddy dive resort bonaire<\/title>\n<meta name=\"description\" content=\"\u00a1Bonaire: todo lo que necesita! Folleto en ingl\u00e9s, holand\u00e9s, alem\u00e1n o franc\u00e9s. \u00a1Reserve en Buddy Dive!\" \/>\n<meta name=\"robots\" content=\"index, follow, max-snippet:-1, max-image-preview:large, max-video-preview:-1\" \/>\n<link rel=\"canonical\" href=\"https:\/\/buddydive.com\/es\/acerca-de-nosotros\/descargue-nuestro-folleto\/\" \/>\n<meta property=\"og:locale\" content=\"es_ES\" \/>\n<meta property=\"og:type\" content=\"article\" \/>\n<meta property=\"og:title\" content=\"Descargue nuestro folleto - Buddy dive resort bonaire\" \/>\n<meta property=\"og:description\" content=\"\u00a1Bonaire: todo lo que necesita! Folleto en ingl\u00e9s, holand\u00e9s, alem\u00e1n o franc\u00e9s. \u00a1Reserve en Buddy Dive!\" \/>\n<meta property=\"og:url\" content=\"https:\/\/buddydive.com\/es\/acerca-de-nosotros\/descargue-nuestro-folleto\/\" \/>\n<meta property=\"og:site_name\" content=\"Buddy Dive Bonaire\" \/>\n<meta property=\"article:publisher\" content=\"https:\/\/www.facebook.com\/buddydiveresort\" \/>\n<meta property=\"article:modified_time\" content=\"2026-02-03T11:17:02+00:00\" \/>\n<meta name=\"twitter:card\" content=\"summary_large_image\" \/>\n<meta name=\"twitter:site\" content=\"@buddydive\" \/>\n<meta name=\"twitter:label1\" content=\"Tiempo de lectura\" \/>\n\t<meta name=\"twitter:data1\" content=\"1 minuto\" \/>\n<script type=\"application\/ld+json\" class=\"yoast-schema-graph\">{\"@context\":\"https:\\\/\\\/schema.org\",\"@graph\":[{\"@type\":\"WebPage\",\"@id\":\"https:\\\/\\\/buddydive.com\\\/es\\\/acerca-de-nosotros\\\/descargue-nuestro-folleto\\\/\",\"url\":\"https:\\\/\\\/buddydive.com\\\/es\\\/acerca-de-nosotros\\\/descargue-nuestro-folleto\\\/\",\"name\":\"Descargue nuestro folleto - Buddy dive resort bonaire\",\"isPartOf\":{\"@id\":\"https:\\\/\\\/buddydive.com\\\/es\\\/#website\"},\"datePublished\":\"2025-07-03T09:53:36+00:00\",\"dateModified\":\"2026-02-03T11:17:02+00:00\",\"description\":\"\u00a1Bonaire: todo lo que necesita! Folleto en ingl\u00e9s, holand\u00e9s, alem\u00e1n o franc\u00e9s. \u00a1Reserve en Buddy Dive!\",\"breadcrumb\":{\"@id\":\"https:\\\/\\\/buddydive.com\\\/es\\\/acerca-de-nosotros\\\/descargue-nuestro-folleto\\\/#breadcrumb\"},\"inLanguage\":\"es\",\"potentialAction\":[{\"@type\":\"ReadAction\",\"target\":[\"https:\\\/\\\/buddydive.com\\\/es\\\/acerca-de-nosotros\\\/descargue-nuestro-folleto\\\/\"]}]},{\"@type\":\"BreadcrumbList\",\"@id\":\"https:\\\/\\\/buddydive.com\\\/es\\\/acerca-de-nosotros\\\/descargue-nuestro-folleto\\\/#breadcrumb\",\"itemListElement\":[{\"@type\":\"ListItem\",\"position\":1,\"name\":\"Home\",\"item\":\"https:\\\/\\\/buddydive.com\\\/es\\\/\"},{\"@type\":\"ListItem\",\"position\":2,\"name\":\"Acerca de nosotros\",\"item\":\"https:\\\/\\\/buddydive.com\\\/es\\\/acerca-de-nosotros\\\/\"},{\"@type\":\"ListItem\",\"position\":3,\"name\":\"Descargue nuestro folleto\"}]},{\"@type\":\"WebSite\",\"@id\":\"https:\\\/\\\/buddydive.com\\\/es\\\/#website\",\"url\":\"https:\\\/\\\/buddydive.com\\\/es\\\/\",\"name\":\"Buddy Dive Bonaire\",\"description\":\"My WordPress Blog\",\"potentialAction\":[{\"@type\":\"SearchAction\",\"target\":{\"@type\":\"EntryPoint\",\"urlTemplate\":\"https:\\\/\\\/buddydive.com\\\/es\\\/?s={search_term_string}\"},\"query-input\":{\"@type\":\"PropertyValueSpecification\",\"valueRequired\":true,\"valueName\":\"search_term_string\"}}],\"inLanguage\":\"es\"}]}<\/script>\n<!-- \/ Yoast SEO plugin. -->","yoast_head_json":{"title":"Descargue nuestro folleto - Buddy dive resort bonaire","description":"\u00a1Bonaire: todo lo que necesita! Folleto en ingl\u00e9s, holand\u00e9s, alem\u00e1n o franc\u00e9s. \u00a1Reserve en Buddy Dive!","robots":{"index":"index","follow":"follow","max-snippet":"max-snippet:-1","max-image-preview":"max-image-preview:large","max-video-preview":"max-video-preview:-1"},"canonical":"https:\/\/buddydive.com\/es\/acerca-de-nosotros\/descargue-nuestro-folleto\/","og_locale":"es_ES","og_type":"article","og_title":"Descargue nuestro folleto - Buddy dive resort bonaire","og_description":"\u00a1Bonaire: todo lo que necesita! Folleto en ingl\u00e9s, holand\u00e9s, alem\u00e1n o franc\u00e9s. \u00a1Reserve en Buddy Dive!","og_url":"https:\/\/buddydive.com\/es\/acerca-de-nosotros\/descargue-nuestro-folleto\/","og_site_name":"Buddy Dive Bonaire","article_publisher":"https:\/\/www.facebook.com\/buddydiveresort","article_modified_time":"2026-02-03T11:17:02+00:00","twitter_card":"summary_large_image","twitter_site":"@buddydive","twitter_misc":{"Tiempo de lectura":"1 minuto"},"schema":{"@context":"https:\/\/schema.org","@graph":[{"@type":"WebPage","@id":"https:\/\/buddydive.com\/es\/acerca-de-nosotros\/descargue-nuestro-folleto\/","url":"https:\/\/buddydive.com\/es\/acerca-de-nosotros\/descargue-nuestro-folleto\/","name":"Descargue nuestro folleto - Buddy dive resort bonaire","isPartOf":{"@id":"https:\/\/buddydive.com\/es\/#website"},"datePublished":"2025-07-03T09:53:36+00:00","dateModified":"2026-02-03T11:17:02+00:00","description":"\u00a1Bonaire: todo lo que necesita! Folleto en ingl\u00e9s, holand\u00e9s, alem\u00e1n o franc\u00e9s. \u00a1Reserve en Buddy Dive!","breadcrumb":{"@id":"https:\/\/buddydive.com\/es\/acerca-de-nosotros\/descargue-nuestro-folleto\/#breadcrumb"},"inLanguage":"es","potentialAction":[{"@type":"ReadAction","target":["https:\/\/buddydive.com\/es\/acerca-de-nosotros\/descargue-nuestro-folleto\/"]}]},{"@type":"BreadcrumbList","@id":"https:\/\/buddydive.com\/es\/acerca-de-nosotros\/descargue-nuestro-folleto\/#breadcrumb","itemListElement":[{"@type":"ListItem","position":1,"name":"Home","item":"https:\/\/buddydive.com\/es\/"},{"@type":"ListItem","position":2,"name":"Acerca de nosotros","item":"https:\/\/buddydive.com\/es\/acerca-de-nosotros\/"},{"@type":"ListItem","position":3,"name":"Descargue nuestro folleto"}]},{"@type":"WebSite","@id":"https:\/\/buddydive.com\/es\/#website","url":"https:\/\/buddydive.com\/es\/","name":"Buddy Dive Bonaire","description":"My WordPress Blog","potentialAction":[{"@type":"SearchAction","target":{"@type":"EntryPoint","urlTemplate":"https:\/\/buddydive.com\/es\/?s={search_term_string}"},"query-input":{"@type":"PropertyValueSpecification","valueRequired":true,"valueName":"search_term_string"}}],"inLanguage":"es"}]}},"_links":{"self":[{"href":"https:\/\/buddydive.com\/es\/wp-json\/wp\/v2\/pages\/32528","targetHints":{"allow":["GET"]}}],"collection":[{"href":"https:\/\/buddydive.com\/es\/wp-json\/wp\/v2\/pages"}],"about":[{"href":"https:\/\/buddydive.com\/es\/wp-json\/wp\/v2\/types\/page"}],"author":[{"embeddable":true,"href":"https:\/\/buddydive.com\/es\/wp-json\/wp\/v2\/users\/1"}],"replies":[{"embeddable":true,"href":"https:\/\/buddydive.com\/es\/wp-json\/wp\/v2\/comments?post=32528"}],"version-history":[{"count":6,"href":"https:\/\/buddydive.com\/es\/wp-json\/wp\/v2\/pages\/32528\/revisions"}],"predecessor-version":[{"id":36509,"href":"https:\/\/buddydive.com\/es\/wp-json\/wp\/v2\/pages\/32528\/revisions\/36509"}],"up":[{"embeddable":true,"href":"https:\/\/buddydive.com\/es\/wp-json\/wp\/v2\/pages\/32453"}],"wp:attachment":[{"href":"https:\/\/buddydive.com\/es\/wp-json\/wp\/v2\/media?parent=32528"}],"curies":[{"name":"wp","href":"https:\/\/api.w.org\/{rel}","templated":true}]}}