{"id":32492,"date":"2025-07-03T09:53:12","date_gmt":"2025-07-03T09:53:12","guid":{"rendered":"https:\/\/buddydive.com\/preguntas-frecuentes\/"},"modified":"2025-12-10T09:27:52","modified_gmt":"2025-12-10T09:27:52","slug":"preguntas-frecuentes","status":"publish","type":"page","link":"https:\/\/buddydive.com\/es\/preguntas-frecuentes\/","title":{"rendered":"Preguntas frecuentes"},"content":{"rendered":"<div class=\"wpb-content-wrapper\">[vc_row][vc_column width=\u00bb3\/4&#8243;][vc_column_text]\n<h1 class=\"text-uppercase\" style=\"text-align: center;\">Preguntas frecuentes sobre buceo<\/h1>\n[\/vc_column_text][vc_toggle title=\u00bbSi compro un paquete de buceo, \u00bfqu\u00e9 d\u00eda puedo empezar a bucear?\u00bb]Eso depende de la hora del d\u00eda en que llegue su vuelo. Las regulaciones del Parque Marino de Bonaire requieren que participe en un programa de orientaci\u00f3n antes de entrar al agua para su primera inmersi\u00f3n. En Buddy Dive, esta orientaci\u00f3n se lleva a cabo todos los d\u00edas a las 9:00 a. m. y a las 2:00 p. m. Por lo tanto, si su vuelo llega a tiempo para que participe en alguna de las orientaciones, puede comenzar a bucear el d\u00eda de su llegada, y esto contar\u00eda como el primer d\u00eda de buceo de su paquete de buceo. Los paquetes de buceo se calculan en d\u00edas naturales consecutivos, y no en d\u00edas de \u201c24 horas\u201d. En la gran mayor\u00eda de los casos, los buceadores que llegan en vuelos de la tarde asisten a la orientaci\u00f3n a las 9:00 a. m. de la ma\u00f1ana siguiente.[\/vc_toggle][vc_toggle title=\u00bb\u00bfOfrecen nitrox?\u00bb]No solo ofrecemos Nitrox, sino que lo ponemos a su disposici\u00f3n en nuestro muelle y en nuestra estaci\u00f3n de llenado de aire\/nitrox. Si est\u00e1 certificado, puede usarlo sin cargo adicional. \u00a1Tambi\u00e9n ofrecemos cursos de Nitrox![\/vc_toggle][vc_toggle title=\u00bb\u00bfCu\u00e1les son los horarios de salida de los barcos?\u00bb]Ofrecemos inmersiones diarias en barco que salen desde el muelle de Buddy Dive. Hay una inmersi\u00f3n diaria en barco de 2 tanques a las 8.10 am y una inmersi\u00f3n diaria en barco de 1 tanque a las 2.15 pm (excepto los s\u00e1bados).<\/p>\n<p>El horario se puede ajustar a la demanda. Se pueden a\u00f1adir barcos adicionales y horarios de salida. Inmersiones guiadas nocturnas y desde la costa est\u00e1n disponibles todos los d\u00edas (bajo petici\u00f3n). Es imprescindible inscribirse con antelaci\u00f3n.[\/vc_toggle][vc_toggle title=\u00bb\u00bfEst\u00e1n incluidos los plomos, los cinturones de plomos y las botellas en todos los paquetes de aire ilimitado?\u00bb]S\u00ed, est\u00e1n incluidos de forma gratuita con todos los paquetes de buceo.[\/vc_toggle][vc_toggle title=\u00bb\u00bfPuedo llevar m\u00e1s de una botella para bucear en la costa a la vez?\u00bb]S\u00ed, pero aseg\u00farese de tener en cuenta el efecto que el sol caliente tendr\u00e1 en las botellas que se dejen durante largos per\u00edodos en su veh\u00edculo. Puede llevarse 2 botellas por persona de nuestro autoservicio en cada nueva recogida.[\/vc_toggle][vc_toggle title=\u00bb\u00bfQu\u00e9 implica la \u00abinmersi\u00f3n de orientaci\u00f3n\u00ab y tengo que participar?\u00bb]Todo el mundo debe hacerlo, \u00a1pero le garantizamos que lo disfrutar\u00e1! El Parque Marino de Bonaire exige que todos los buceadores que lleguen a Bonaire, independientemente de su nivel de experiencia y frecuencia de buceo, participen en un Programa de Orientaci\u00f3n antes de realizar cualquier inmersi\u00f3n en barco o en la costa fuera de las instalaciones. Despu\u00e9s de una breve introducci\u00f3n al buceo en Buddy Dive Center a las 9:00 a. m. o a las 2 p. m., simplemente prepare su equipo, entre al agua y haga su control de flotabilidad. Nuestro personal en el muelle est\u00e1 listo para ayudarle si necesita hacer ajustes de peso o equipo. Una vez que est\u00e9 listo, usted y su compa\u00f1ero podr\u00e1n disfrutar de una agradable inmersi\u00f3n en el hermoso Buddy Reef.[\/vc_toggle][vc_toggle title=\u00bb\u00bfNecesito usar un traje de neopreno?\u00bb]Esta es probablemente la pregunta m\u00e1s frecuente, pero la m\u00e1s dif\u00edcil de responder, ya que cada persona reacciona de forma diferente a la temperatura. Como regla general, debe esperar que la temperatura del agua en los meses de invierno est\u00e9 entre 79 y 81F grados (\u00b126 &#8211; 27 C\u1d52). La mayor\u00eda de la gente encontrar\u00e1 que se siente m\u00e1s c\u00f3moda con un traje de neopreno de 3 mm, o tal vez uno de 2 mm para los de sangre caliente. En verano y oto\u00f1o las temperaturas pueden acercarse a los 82 &#8211; 85F grados (\u00b128 &#8211; 29 C\u1d52). Durante este per\u00edodo, la mayor\u00eda de la gente puede usar c\u00f3modamente trajes cortos, trajes de neopreno de 2 mm o lycras de buceo.[\/vc_toggle][vc_toggle title=\u00bb\u00bfQu\u00e9 pueden hacer mis hijos mientras yo estoy buceando?\u00bb]Podemos organizar varios programas, desde cuidado de ni\u00f1os hasta un programa especial de esn\u00f3rquel para ni\u00f1os o cursos de iniciaci\u00f3n al buceo. Eche un vistazo a nuestra <a href=\"http:\/\/www.buddydive.com\/diving\/kids\" target=\"_blank\" rel=\"noopener noreferrer\"><strong>p\u00e1gina de buceo para ni\u00f1os<\/strong><\/a> o <a href=\"http:\/\/www.buddydive.com\/contact\" target=\"_blank\" rel=\"noopener noreferrer\"><strong>p\u00f3ngase en contacto con nosotros<\/strong><\/a> para obtener m\u00e1s informaci\u00f3n o para reservar con antelaci\u00f3n las actividades que desee.[\/vc_toggle][vc_toggle title=\u00bb\u00bfPodr\u00e9 recargar de forma segura las bater\u00edas de mi linterna de buceo y el flash de la c\u00e1mara?\u00bb]La corriente de la mayor\u00eda de los enchufes el\u00e9ctricos de su habitaci\u00f3n es de 127 voltios y funciona a 50\/60 ciclos (Hz.) y 220 voltios a 50 ciclos en la cocina. Desafortunadamente, esto no coincide con los requisitos de energ\u00eda de la mayor\u00eda de los aparatos europeos o americanos. Por lo tanto, no recomendamos que utilice los enchufes de su apartamento para ning\u00fan enchufe delicado, como ordenadores port\u00e1tiles y cargadores de bater\u00edas. Sin embargo, puede enchufar sus cargadores de bater\u00edas a una regleta en la recepci\u00f3n que est\u00e1 protegida de las fluctuaciones por un transformador.[\/vc_toggle][vc_column_text]\n<h2 class=\"text-uppercase\" style=\"text-align: center;\">Preguntas frecuentes de inter\u00e9s general<\/h2>\n[\/vc_column_text][vc_toggle title=\u00bb\u00bfD\u00f3nde est\u00e1 Bonaire?\u00bb]Bonaire est\u00e1 situada con las islas vecinas de Aruba y Curazao aproximadamente a 80 km al norte de la costa de Venezuela en el sur del Caribe, fuera del cintur\u00f3n de huracanes.[\/vc_toggle][vc_toggle title=\u00bb\u00bfD\u00f3nde est\u00e1 situado Buddy Dive en la isla?\u00bb]Estamos a 8 km al norte del aeropuerto y a unos 3 km al norte de la capital, Kralendijk.[\/vc_toggle][vc_toggle title=\u00bb\u00bfTienen playa?\u00bb]S\u00ed, tenemos dos zonas, pero son playas de arena elevadas y no a nivel del agua, aunque se puede acceder f\u00e1cilmente al agua a trav\u00e9s de una escalera o escalones que conducen a nuestra zona protegida para nadar y hacer esn\u00f3rquel.[\/vc_toggle][vc_toggle title=\u00bb\u00bfNecesito un coche para moverme por Bonaire?\u00bb]No necesita un coche espec\u00edficamente, pero si est\u00e1 interesado en bucear en la costa, o en ver la diversidad de nuestra hermosa isla, querr\u00e1 tener uno. Muchos de nuestros paquetes incluyen un veh\u00edculo de nuestra propia flota de alquiler. El transporte p\u00fablico no est\u00e1 disponible en Bonaire.[\/vc_toggle][vc_toggle title=\u00bb\u00bfHay lavander\u00eda en la propiedad?\u00bb]No, no tenemos lavander\u00eda en la propiedad. Si desea lavar la ropa durante su estancia, p\u00f3ngase en contacto con la recepci\u00f3n para conocer las opciones.[\/vc_toggle][vc_toggle title=\u00bb\u00bfHay una tienda de comestibles a poca distancia?\u00bb]Hay una peque\u00f1a tienda de conveniencia a poca distancia, y tiendas de comestibles m\u00e1s grandes a 5 minutos en coche.[\/vc_toggle][vc_toggle title=\u00bb\u00bfHay tel\u00e9fonos en la habitaci\u00f3n?\u00bb]No, pero puede comunicarse f\u00e1cilmente con nuestra recepci\u00f3n a trav\u00e9s de nuestro Buttler digital en Whatsapp.[\/vc_toggle][vc_toggle title=\u00bb\u00bfHay acceso a Internet disponible para los hu\u00e9spedes?\u00bb]Puede utilizar nuestros servicios de WI-FI abiertos en lugares selectos del resort.[\/vc_toggle][vc_toggle title=\u00bb\u00bfQu\u00e9 tal los secadores de pelo?\u00bb]Tenemos un n\u00famero limitado disponible, por favor, solicite uno en la recepci\u00f3n&#8230; \u00a1o nuestros constantes vientos alisios har\u00e1n el trabajo por usted en un abrir y cerrar de ojos![\/vc_toggle][vc_toggle title=\u00bb\u00bfSe puede traer una cama supletoria a mi apartamento para mis hijos, o tienen que quedarse en su propia habitaci\u00f3n?\u00bb]Podemos colocar una cama supletoria o una cuna en nuestros apartamentos. Tenga en cuenta que no es posible a\u00f1adir camas supletorias a nuestros estudios. Se aplican recargos si se a\u00f1aden camas supletorias para cualquier persona de 13 a\u00f1os o m\u00e1s en el momento del viaje. Por favor, haga estos arreglos al reservar la habitaci\u00f3n, para que podamos asegurarnos de que la cama se coloca en la habitaci\u00f3n antes de la llegada. La cama supletoria se colocar\u00e1 en la sala de estar del apartamento.[\/vc_toggle][vc_toggle title=\u00bb\u00bfCu\u00e1l es la pol\u00edtica de cancelaci\u00f3n?\u00bb]\n<p class=\"xmsonormal\"><b><span lang=\"EN-US\" style=\"font-family: 'Arial',sans-serif;\">Pol\u00edtica de cancelaci\u00f3n<\/span><\/b><\/p>\n<ol>\n<li>Se aplicar\u00e1 una penalizaci\u00f3n por cancelaci\u00f3n del 25% de la reserva confirmada si una reserva se cancela (o las habitaciones se liberan\/reducen en el caso de una reserva de grupo) entre 60 y 29 d\u00edas antes de la llegada programada.<\/li>\n<li>Se aplicar\u00e1 una penalizaci\u00f3n por cancelaci\u00f3n del 50% de la reserva confirmada si una reserva se cancela (o las habitaciones se liberan\/reducen en el caso de una reserva de grupo) entre 28 y 15 d\u00edas antes de la llegada programada.<\/li>\n<li>Se aplicar\u00e1 una penalizaci\u00f3n por cancelaci\u00f3n del 75% de la reserva confirmada si una reserva se cancela (o las habitaciones se liberan\/reducen en el caso de una reserva de grupo) entre 14 y 1 d\u00eda antes de la llegada programada.<\/li>\n<li>Cancelaciones el d\u00eda de la llegada y\/o no presentaci\u00f3n: el 100% de la reserva no es reembolsable ni transferible.<\/li>\n<li>Las cancelaciones solo son v\u00e1lidas cuando han sido confirmadas por escrito por nuestro CRO.<\/li>\n<li>Las porciones no utilizadas del hotel y\/o cualquier parte de un plan de paquete (incluyendo las inmersiones) no tomadas por elecci\u00f3n del cliente o las inmersiones no tomadas por los hu\u00e9spedes como resultado de las inclemencias del tiempo y\/o casos fortuitos (esto incluye los problemas relacionados con Covid o cualquier otro problema de pandemia tambi\u00e9n) no son transferibles ni reembolsables.<\/li>\n<li>Los dep\u00f3sitos no son reembolsables ni transferibles.<\/li>\n<\/ol>\n<p><span lang=\"EN-US\">Con el fin de evitar cargos y gastos de cancelaci\u00f3n innecesarios, recomendamos encarecidamente a todos los clientes que contraten un seguro de viaje.<\/span>[\/vc_toggle][\/vc_column][vc_column width=\u00bb1\/4&#8243;][vc_cta h2=\u00bb\u00bfNo aparece su pregunta?\u00bb txt_align=\u00bbcenter\u00bb]\n<h3 style=\"text-align: center;\"><img loading=\"lazy\" decoding=\"async\" class=\"aligncenter wp-image-3763 size-thumbnail\" src=\"https:\/\/buddydive.com\/wp-content\/uploads\/2019\/09\/Call-icon-150x150.png\" alt=\"\" width=\"150\" height=\"150\" srcset=\"https:\/\/buddydive.com\/wp-content\/uploads\/2019\/09\/Call-icon-150x150.png 150w, https:\/\/buddydive.com\/wp-content\/uploads\/2019\/09\/Call-icon-300x300.png 300w, https:\/\/buddydive.com\/wp-content\/uploads\/2019\/09\/Call-icon-100x100.png 100w, https:\/\/buddydive.com\/wp-content\/uploads\/2019\/09\/Call-icon.png 379w\" sizes=\"auto, (max-width: 150px) 100vw, 150px\" \/><br \/>\n<a href=\"http:\/\/www.buddydive.com\/contact\" target=\"_blank\" rel=\"noopener noreferrer\">\u00a1Cont\u00e1ctenos!<\/a><\/h3>\n[\/vc_cta][\/vc_column][\/vc_row][vc_row][vc_column][vc_column_text]\n<h2 style=\"text-align: center;\">Lo que debe saber antes de ir<\/h2>\n<p>&nbsp;<\/p>\n<p>Para que los preparativos para sus vacaciones en Bonaire sean lo m\u00e1s f\u00e1ciles posible, hemos reunido un archivo de Lo que debe saber antes de ir. Si tiene alguna pregunta despu\u00e9s de leer este archivo, no dude en ponerse en contacto con nosotros.[\/vc_column_text][\/vc_column][\/vc_row][vc_row][vc_column width=\u00bb1\/3&#8243;][vc_btn title=\u00bbLo que debe saber antes de ir &#8211; Ingl\u00e9s\u00bb link=\u00bburl:https%3A%2F%2Fbuddydive.com%2Fwp-content%2Fuploads%2F2023%2F06%2FBDR-KBYG-2023-compressed.pdf|target:_blank|\u00bb][\/vc_column][vc_column width=\u00bb1\/3&#8243;][vc_btn title=\u00bbLo que debe saber antes de ir &#8211; Holand\u00e9s\u00bb link=\u00bburl:https%3A%2F%2Fbuddydive.com%2Fwp-content%2Fuploads%2F2023%2F06%2FBDR-KBYG-2023-DUTCH-compressed.pdf|target:_blank|\u00bb][\/vc_column][vc_column width=\u00bb1\/3&#8243;][vc_btn title=\u00bbLo que debe saber antes de ir &#8211; Espa\u00f1ol\u00bb link=\u00bburl:https%3A%2F%2Fbuddydive.com%2Fwp-content%2Fuploads%2F2023%2F06%2FBDR-KBYG-2023-SPANISH-compressed.pdf|target:_blank|\u00bb][\/vc_column][\/vc_row][vc_row][vc_column width=\u00bb1\/3&#8243;][vc_btn title=\u00bbLo que debe saber antes de ir &#8211; Portugu\u00e9s\u00bb link=\u00bburl:https%3A%2F%2Fbuddydive.com%2Fwp-content%2Fuploads%2F2023%2F06%2FBDR-KBYG-2023-PORTUGESE-compressed.pdf|target:_blank|\u00bb][\/vc_column][vc_column width=\u00bb1\/3&#8243;][vc_btn title=\u00bbLo que debe saber antes de ir &#8211; Alem\u00e1n\u00bb link=\u00bburl:https%3A%2F%2Fbuddydive.com%2Fwp-content%2Fuploads%2F2023%2F06%2FBDR-KBYG-2023-GERMAN-compressed.pdf|target:_blank|\u00bb][\/vc_column][vc_column width=\u00bb1\/3&#8243;][vc_btn title=\u00bbLo que debe saber antes de ir &#8211; Franc\u00e9s\u00bb link=\u00bburl:https%3A%2F%2Fbuddydive.com%2Fwp-content%2Fuploads%2F2023%2F06%2FBDR-KBYG-2023-FRENCH-compressed.pdf|\u00bb][\/vc_column][\/vc_row]\n<\/div>","protected":false},"excerpt":{"rendered":"<p>[vc_row][vc_column width=\u00bb3\/4&#8243;][vc_column_text] Preguntas frecuentes sobre buceo [\/vc_column_text][vc_toggle title=\u00bbSi compro un paquete de buceo, \u00bfqu\u00e9 d\u00eda puedo empezar a bucear?\u00bb]Eso depende [&hellip;]<\/p>\n","protected":false},"author":1,"featured_media":0,"parent":0,"menu_order":0,"comment_status":"closed","ping_status":"closed","template":"","meta":{"footnotes":""},"class_list":["post-32492","page","type-page","status-publish","hentry"],"yoast_head":"<!-- This site is optimized with the Yoast SEO plugin v27.4 - https:\/\/yoast.com\/product\/yoast-seo-wordpress\/ -->\n<title>FAQ de Buddy Dive Resort Bonaire<\/title>\n<meta name=\"description\" content=\"Todo lo que necesita saber sobre Bonaire y Buddy Dive Resort lo encontrar\u00e1 en nuestras FAQ.\" \/>\n<meta name=\"robots\" content=\"index, follow, max-snippet:-1, max-image-preview:large, max-video-preview:-1\" \/>\n<link rel=\"canonical\" href=\"https:\/\/buddydive.com\/es\/preguntas-frecuentes\/\" \/>\n<meta property=\"og:locale\" content=\"es_ES\" \/>\n<meta property=\"og:type\" content=\"article\" \/>\n<meta property=\"og:title\" content=\"FAQ de Buddy Dive Resort Bonaire\" \/>\n<meta property=\"og:description\" content=\"Todo lo que necesita saber sobre Bonaire y Buddy Dive Resort lo encontrar\u00e1 en nuestras FAQ.\" \/>\n<meta property=\"og:url\" content=\"https:\/\/buddydive.com\/es\/preguntas-frecuentes\/\" \/>\n<meta property=\"og:site_name\" content=\"Buddy Dive Bonaire\" \/>\n<meta property=\"article:publisher\" content=\"https:\/\/www.facebook.com\/buddydiveresort\" \/>\n<meta property=\"article:modified_time\" content=\"2025-12-10T09:27:52+00:00\" \/>\n<meta property=\"og:image\" content=\"https:\/\/buddydive.com\/wp-content\/uploads\/2019\/09\/Call-icon.png\" \/>\n\t<meta property=\"og:image:width\" content=\"379\" \/>\n\t<meta property=\"og:image:height\" content=\"379\" \/>\n\t<meta property=\"og:image:type\" content=\"image\/png\" \/>\n<meta name=\"twitter:card\" content=\"summary_large_image\" \/>\n<meta name=\"twitter:site\" content=\"@buddydive\" \/>\n<meta name=\"twitter:label1\" content=\"Tiempo de lectura\" \/>\n\t<meta name=\"twitter:data1\" content=\"8 minutos\" \/>\n<script type=\"application\/ld+json\" class=\"yoast-schema-graph\">{\"@context\":\"https:\\\/\\\/schema.org\",\"@graph\":[{\"@type\":\"WebPage\",\"@id\":\"https:\\\/\\\/buddydive.com\\\/es\\\/preguntas-frecuentes\\\/\",\"url\":\"https:\\\/\\\/buddydive.com\\\/es\\\/preguntas-frecuentes\\\/\",\"name\":\"FAQ de Buddy Dive Resort Bonaire\",\"isPartOf\":{\"@id\":\"https:\\\/\\\/buddydive.com\\\/es\\\/#website\"},\"primaryImageOfPage\":{\"@id\":\"https:\\\/\\\/buddydive.com\\\/es\\\/preguntas-frecuentes\\\/#primaryimage\"},\"image\":{\"@id\":\"https:\\\/\\\/buddydive.com\\\/es\\\/preguntas-frecuentes\\\/#primaryimage\"},\"thumbnailUrl\":\"https:\\\/\\\/buddydive.com\\\/wp-content\\\/uploads\\\/2019\\\/09\\\/Call-icon-150x150.png\",\"datePublished\":\"2025-07-03T09:53:12+00:00\",\"dateModified\":\"2025-12-10T09:27:52+00:00\",\"description\":\"Todo lo que necesita saber sobre Bonaire y Buddy Dive Resort lo encontrar\u00e1 en nuestras FAQ.\",\"breadcrumb\":{\"@id\":\"https:\\\/\\\/buddydive.com\\\/es\\\/preguntas-frecuentes\\\/#breadcrumb\"},\"inLanguage\":\"es\",\"potentialAction\":[{\"@type\":\"ReadAction\",\"target\":[\"https:\\\/\\\/buddydive.com\\\/es\\\/preguntas-frecuentes\\\/\"]}]},{\"@type\":\"ImageObject\",\"inLanguage\":\"es\",\"@id\":\"https:\\\/\\\/buddydive.com\\\/es\\\/preguntas-frecuentes\\\/#primaryimage\",\"url\":\"https:\\\/\\\/buddydive.com\\\/wp-content\\\/uploads\\\/2019\\\/09\\\/Call-icon-150x150.png\",\"contentUrl\":\"https:\\\/\\\/buddydive.com\\\/wp-content\\\/uploads\\\/2019\\\/09\\\/Call-icon-150x150.png\"},{\"@type\":\"BreadcrumbList\",\"@id\":\"https:\\\/\\\/buddydive.com\\\/es\\\/preguntas-frecuentes\\\/#breadcrumb\",\"itemListElement\":[{\"@type\":\"ListItem\",\"position\":1,\"name\":\"Home\",\"item\":\"https:\\\/\\\/buddydive.com\\\/es\\\/\"},{\"@type\":\"ListItem\",\"position\":2,\"name\":\"Preguntas frecuentes\"}]},{\"@type\":\"WebSite\",\"@id\":\"https:\\\/\\\/buddydive.com\\\/es\\\/#website\",\"url\":\"https:\\\/\\\/buddydive.com\\\/es\\\/\",\"name\":\"Buddy Dive Bonaire\",\"description\":\"My WordPress Blog\",\"potentialAction\":[{\"@type\":\"SearchAction\",\"target\":{\"@type\":\"EntryPoint\",\"urlTemplate\":\"https:\\\/\\\/buddydive.com\\\/es\\\/?s={search_term_string}\"},\"query-input\":{\"@type\":\"PropertyValueSpecification\",\"valueRequired\":true,\"valueName\":\"search_term_string\"}}],\"inLanguage\":\"es\"}]}<\/script>\n<!-- \/ Yoast SEO plugin. -->","yoast_head_json":{"title":"FAQ de Buddy Dive Resort Bonaire","description":"Todo lo que necesita saber sobre Bonaire y Buddy Dive Resort lo encontrar\u00e1 en nuestras FAQ.","robots":{"index":"index","follow":"follow","max-snippet":"max-snippet:-1","max-image-preview":"max-image-preview:large","max-video-preview":"max-video-preview:-1"},"canonical":"https:\/\/buddydive.com\/es\/preguntas-frecuentes\/","og_locale":"es_ES","og_type":"article","og_title":"FAQ de Buddy Dive Resort Bonaire","og_description":"Todo lo que necesita saber sobre Bonaire y Buddy Dive Resort lo encontrar\u00e1 en nuestras FAQ.","og_url":"https:\/\/buddydive.com\/es\/preguntas-frecuentes\/","og_site_name":"Buddy Dive Bonaire","article_publisher":"https:\/\/www.facebook.com\/buddydiveresort","article_modified_time":"2025-12-10T09:27:52+00:00","og_image":[{"width":379,"height":379,"url":"https:\/\/buddydive.com\/wp-content\/uploads\/2019\/09\/Call-icon.png","type":"image\/png"}],"twitter_card":"summary_large_image","twitter_site":"@buddydive","twitter_misc":{"Tiempo de lectura":"8 minutos"},"schema":{"@context":"https:\/\/schema.org","@graph":[{"@type":"WebPage","@id":"https:\/\/buddydive.com\/es\/preguntas-frecuentes\/","url":"https:\/\/buddydive.com\/es\/preguntas-frecuentes\/","name":"FAQ de Buddy Dive Resort Bonaire","isPartOf":{"@id":"https:\/\/buddydive.com\/es\/#website"},"primaryImageOfPage":{"@id":"https:\/\/buddydive.com\/es\/preguntas-frecuentes\/#primaryimage"},"image":{"@id":"https:\/\/buddydive.com\/es\/preguntas-frecuentes\/#primaryimage"},"thumbnailUrl":"https:\/\/buddydive.com\/wp-content\/uploads\/2019\/09\/Call-icon-150x150.png","datePublished":"2025-07-03T09:53:12+00:00","dateModified":"2025-12-10T09:27:52+00:00","description":"Todo lo que necesita saber sobre Bonaire y Buddy Dive Resort lo encontrar\u00e1 en nuestras FAQ.","breadcrumb":{"@id":"https:\/\/buddydive.com\/es\/preguntas-frecuentes\/#breadcrumb"},"inLanguage":"es","potentialAction":[{"@type":"ReadAction","target":["https:\/\/buddydive.com\/es\/preguntas-frecuentes\/"]}]},{"@type":"ImageObject","inLanguage":"es","@id":"https:\/\/buddydive.com\/es\/preguntas-frecuentes\/#primaryimage","url":"https:\/\/buddydive.com\/wp-content\/uploads\/2019\/09\/Call-icon-150x150.png","contentUrl":"https:\/\/buddydive.com\/wp-content\/uploads\/2019\/09\/Call-icon-150x150.png"},{"@type":"BreadcrumbList","@id":"https:\/\/buddydive.com\/es\/preguntas-frecuentes\/#breadcrumb","itemListElement":[{"@type":"ListItem","position":1,"name":"Home","item":"https:\/\/buddydive.com\/es\/"},{"@type":"ListItem","position":2,"name":"Preguntas frecuentes"}]},{"@type":"WebSite","@id":"https:\/\/buddydive.com\/es\/#website","url":"https:\/\/buddydive.com\/es\/","name":"Buddy Dive Bonaire","description":"My WordPress Blog","potentialAction":[{"@type":"SearchAction","target":{"@type":"EntryPoint","urlTemplate":"https:\/\/buddydive.com\/es\/?s={search_term_string}"},"query-input":{"@type":"PropertyValueSpecification","valueRequired":true,"valueName":"search_term_string"}}],"inLanguage":"es"}]}},"_links":{"self":[{"href":"https:\/\/buddydive.com\/es\/wp-json\/wp\/v2\/pages\/32492","targetHints":{"allow":["GET"]}}],"collection":[{"href":"https:\/\/buddydive.com\/es\/wp-json\/wp\/v2\/pages"}],"about":[{"href":"https:\/\/buddydive.com\/es\/wp-json\/wp\/v2\/types\/page"}],"author":[{"embeddable":true,"href":"https:\/\/buddydive.com\/es\/wp-json\/wp\/v2\/users\/1"}],"replies":[{"embeddable":true,"href":"https:\/\/buddydive.com\/es\/wp-json\/wp\/v2\/comments?post=32492"}],"version-history":[{"count":3,"href":"https:\/\/buddydive.com\/es\/wp-json\/wp\/v2\/pages\/32492\/revisions"}],"predecessor-version":[{"id":35736,"href":"https:\/\/buddydive.com\/es\/wp-json\/wp\/v2\/pages\/32492\/revisions\/35736"}],"wp:attachment":[{"href":"https:\/\/buddydive.com\/es\/wp-json\/wp\/v2\/media?parent=32492"}],"curies":[{"name":"wp","href":"https:\/\/api.w.org\/{rel}","templated":true}]}}