{"id":32488,"date":"2025-07-03T09:53:07","date_gmt":"2025-07-03T09:53:07","guid":{"rendered":"https:\/\/buddydive.com\/kids-sea-camp\/"},"modified":"2025-12-09T14:32:30","modified_gmt":"2025-12-09T14:32:30","slug":"kids-sea-camp","status":"publish","type":"page","link":"https:\/\/buddydive.com\/es\/eventos\/kids-sea-camp\/","title":{"rendered":"Kids Sea Camp"},"content":{"rendered":"<div class=\"wpb-content-wrapper\">[vc_row][vc_column][vc_column_text css=\u00bb\u00bb]\n<h1 class=\"text-uppercase\" style=\"text-align: center;\"><small>Ni\u00f1os contentos, padres contentos<\/small>Kids Sea Camp<\/h1>\n<p><em>29 de marzo &#8211; 5 de abril de 2025<br \/>\n<\/em><em>2 \u2013 16 de agosto de 2025<\/em><\/p>\n<p><em>4 \u2013 11 de abril de 2026<\/em><br \/>\n<em>20 de junio \u2013 4 de julio de 2026<\/em><br \/>\n<em>21 &#8211; 28 de noviembre de 2026<\/em><\/p>\n<p class=\"lead\">Kids Sea Camp es un divertido evento familiar organizado cada a\u00f1o por Margo Peyton en Buddy Dive Resort. Este completo programa integra eventos educativos para los ni\u00f1os en tierra y bajo el agua, as\u00ed como tiempo familiar privado para que esta sea una experiencia memorable para toda la familia.<\/p>\n<p>\u00a1Las semanas de Kids Sea Camp son divertidas para toda la familia! El programa ofrece una semana de eventos de buceo educativos y divertidos combinados para ni\u00f1os, equilibrando el mismo tiempo para la relajaci\u00f3n y el tiempo privado con sus padres. El resultado es un programa completo dise\u00f1ado para brindarles a los padres unas vacaciones de buceo familiares memorables y a sus hijos una experiencia inolvidable, conociendo a otros ni\u00f1os de todo el mundo, aprendiendo a bucear y construyendo un v\u00ednculo con el mundo submarino. Aquellos j\u00f3venes que aprenden esto a una edad temprana tambi\u00e9n aprenden a amar y proteger nuestros oc\u00e9anos, asegurando el futuro de los arrecifes en los a\u00f1os venideros.[\/vc_column_text][vc_column_text css=\u00bb\u00bb]\n<p style=\"text-align: left;\"><strong>El pr\u00f3ximo Kids Sea Camp en Buddy Dive Resort tendr\u00e1 lugar del:<br \/>\n<\/strong>29 de marzo al 5 de abril y del 2 al 16 de agosto de 2025[\/vc_column_text][vc_separator css=\u00bb\u00bb][vc_column_text css=\u00bb\u00bb]\n<h3><\/h3>\n<h3 class=\"text-uppercase\">Vacaciones perfectas para ni\u00f1os<\/h3>\n<p>Los ni\u00f1os pueden participar en una gran variedad de cursos, ya sea que est\u00e9n comenzando la experiencia de buceo utilizando el equipo SASY o sean buceadores junior avanzados, \u00a1todo es posible! Los cursos se imparten en grupos peque\u00f1os, junto con otros ni\u00f1os y un instructor de Buddy Dive. Al final de la semana, todos los ni\u00f1os ser\u00e1n homenajeados en la ceremonia de certificaci\u00f3n.<\/p>\n<p>Adem\u00e1s del buceo para ni\u00f1os, el programa incluye un crucero al atardecer con toda la familia, entretenimiento en vivo, recorridos terrestres y hay 3 opciones de paquetes de buceo para adultos. \u00a1Por supuesto, los adultos tambi\u00e9n son m\u00e1s que bienvenidos a participar en cualquier curso (de especialidad) de buceo!<\/p>\n<p>Las semanas de Kids Sea Camp incluyen: SASY, SEAL, Junior Open Water, Advanced Open Water, curso de rescate, Reef Renewal.<\/p>\n<p>RESERVE su Kids Sea Camp a trav\u00e9s de Family Dive Adventures<\/p>\n<p>\u00bfDesea obtener m\u00e1s informaci\u00f3n sobre las posibilidades, los precios y la disponibilidad? P\u00f3ngase en contacto con Family Dive Adventures directamente.[\/vc_column_text][vc_btn title=\u00bbM\u00e1s informaci\u00f3n\u00bb align=\u00bbcenter\u00bb link=\u00bburl:https%3A%2F%2Ffamilydivers.com%2Fdestination%2Fbonaire%2F%23sthash.TvISI5hA.u33PtCZw.dpbs|target:%20_blank|\u00bb][vc_gallery images=\u00bb3987,3988,3990&#8243; img_size=\u00bblarge\u00bb onclick=\u00bbimg_link_large\u00bb columns=\u00bb3&#8243;][vc_video link=\u00bbhttps:\/\/youtu.be\/sNQ_SuD5qxQ\u00bb][\/vc_column][\/vc_row][vc_row][vc_column][vc_raw_js]JTNDc2NyaXB0JTIwdHlwZSUzRCUyMnRleHQlMkZqYXZhc2NyaXB0JTIyJTNFJTBBd2luZG93LlRyZW5nbyUyMCUzRCUyMHdpbmRvdy5UcmVuZ28lMjAlN0MlN0MlMjAlN0IlN0QlM0IlMEF3aW5kb3cuVHJlbmdvLmtleSUyMCUzRCUyMCUyN1E5SGI4dlBvS2VnRDFBSSUyNyUzQiUwQSUyOGZ1bmN0aW9uJTI4ZCUyQyUyMHNjcmlwdCUyQyUyMHQlMjklMjAlN0IlMEElMjAlMjAlMjAlMjBzY3JpcHQlMjAlM0QlMjBkLmNyZWF0ZUVsZW1lbnQlMjglMjdzY3JpcHQlMjclMjklM0IlMEElMjAlMjAlMjAlMjBzY3JpcHQudHlwZSUyMCUzRCUyMCUyN3RleHQlMkZqYXZhc2NyaXB0JTI3JTNCJTBBJTIwJTIwJTIwJTIwc2NyaXB0LmFzeW5jJTIwJTNEJTIwdHJ1ZSUzQiUwQSUyMCUyMCUyMCUyMHNjcmlwdC5zcmMlMjAlM0QlMjAlMjdodHRwcyUzQSUyRiUyRnN0YXRpYy53aWRnZXQudHJlbmdvLmV1JTJGZW1iZWQuanMlMjclM0IlMEElMjAlMjAlMjAlMjBkLmdldEVsZW1lbnRzQnlUYWdOYW1lJTI4JTI3aGVhZCUyNyUyOSU1QjAlNUQuYXBwZW5kQ2hpbGQlMjhzY3JpcHQlMjklM0IlMEElN0QlMjhkb2N1bWVudCUyOSUyOSUzQiUwQSUzQyUyRnNjcmlwdCUzRQ==[\/vc_raw_js][\/vc_column][\/vc_row][vc_row][vc_column][\/vc_column][\/vc_row][vc_row][vc_column][\/vc_column][\/vc_row]\n<\/div>","protected":false},"excerpt":{"rendered":"<p>[vc_row][vc_column][vc_column_text css=\u00bb\u00bb] Ni\u00f1os contentos, padres contentosKids Sea Camp 29 de marzo &#8211; 5 de abril de 2025 2 \u2013 16 [&hellip;]<\/p>\n","protected":false},"author":1,"featured_media":0,"parent":32713,"menu_order":0,"comment_status":"closed","ping_status":"closed","template":"","meta":{"footnotes":""},"class_list":["post-32488","page","type-page","status-publish","hentry"],"yoast_head":"<!-- This site is optimized with the Yoast SEO plugin v27.4 - https:\/\/yoast.com\/product\/yoast-seo-wordpress\/ -->\n<title>Kids Sea Camp - Buddy Dive Resort<\/title>\n<meta name=\"description\" content=\"Kids Sea Camp: \u00a1un divertido evento familiar anual que combina cursos de buceo con actividades para toda la familia! Cree sus propias vacaciones familiares memorables\" \/>\n<meta name=\"robots\" content=\"index, follow, max-snippet:-1, max-image-preview:large, max-video-preview:-1\" \/>\n<link rel=\"canonical\" href=\"https:\/\/buddydive.com\/es\/eventos\/kids-sea-camp\/\" \/>\n<meta property=\"og:locale\" content=\"es_ES\" \/>\n<meta property=\"og:type\" content=\"article\" \/>\n<meta property=\"og:title\" content=\"Kids Sea Camp - Buddy Dive Resort\" \/>\n<meta property=\"og:description\" content=\"Kids Sea Camp: \u00a1un divertido evento familiar anual que combina cursos de buceo con actividades para toda la familia! Cree sus propias vacaciones familiares memorables\" \/>\n<meta property=\"og:url\" content=\"https:\/\/buddydive.com\/es\/eventos\/kids-sea-camp\/\" \/>\n<meta property=\"og:site_name\" content=\"Buddy Dive Bonaire\" \/>\n<meta property=\"article:publisher\" content=\"https:\/\/www.facebook.com\/buddydiveresort\" \/>\n<meta property=\"article:modified_time\" content=\"2025-12-09T14:32:30+00:00\" \/>\n<meta name=\"twitter:card\" content=\"summary_large_image\" \/>\n<meta name=\"twitter:site\" content=\"@buddydive\" \/>\n<meta name=\"twitter:label1\" content=\"Tiempo de lectura\" \/>\n\t<meta name=\"twitter:data1\" content=\"2 minutos\" \/>\n<script type=\"application\/ld+json\" class=\"yoast-schema-graph\">{\"@context\":\"https:\\\/\\\/schema.org\",\"@graph\":[{\"@type\":\"WebPage\",\"@id\":\"https:\\\/\\\/buddydive.com\\\/es\\\/eventos\\\/kids-sea-camp\\\/\",\"url\":\"https:\\\/\\\/buddydive.com\\\/es\\\/eventos\\\/kids-sea-camp\\\/\",\"name\":\"Kids Sea Camp - Buddy Dive Resort\",\"isPartOf\":{\"@id\":\"https:\\\/\\\/buddydive.com\\\/es\\\/#website\"},\"datePublished\":\"2025-07-03T09:53:07+00:00\",\"dateModified\":\"2025-12-09T14:32:30+00:00\",\"description\":\"Kids Sea Camp: \u00a1un divertido evento familiar anual que combina cursos de buceo con actividades para toda la familia! Cree sus propias vacaciones familiares memorables\",\"breadcrumb\":{\"@id\":\"https:\\\/\\\/buddydive.com\\\/es\\\/eventos\\\/kids-sea-camp\\\/#breadcrumb\"},\"inLanguage\":\"es\",\"potentialAction\":[{\"@type\":\"ReadAction\",\"target\":[\"https:\\\/\\\/buddydive.com\\\/es\\\/eventos\\\/kids-sea-camp\\\/\"]}]},{\"@type\":\"BreadcrumbList\",\"@id\":\"https:\\\/\\\/buddydive.com\\\/es\\\/eventos\\\/kids-sea-camp\\\/#breadcrumb\",\"itemListElement\":[{\"@type\":\"ListItem\",\"position\":1,\"name\":\"Home\",\"item\":\"https:\\\/\\\/buddydive.com\\\/es\\\/\"},{\"@type\":\"ListItem\",\"position\":2,\"name\":\"Eventos\",\"item\":\"https:\\\/\\\/buddydive.com\\\/es\\\/eventos\\\/\"},{\"@type\":\"ListItem\",\"position\":3,\"name\":\"Kids Sea Camp\"}]},{\"@type\":\"WebSite\",\"@id\":\"https:\\\/\\\/buddydive.com\\\/es\\\/#website\",\"url\":\"https:\\\/\\\/buddydive.com\\\/es\\\/\",\"name\":\"Buddy Dive Bonaire\",\"description\":\"My WordPress Blog\",\"potentialAction\":[{\"@type\":\"SearchAction\",\"target\":{\"@type\":\"EntryPoint\",\"urlTemplate\":\"https:\\\/\\\/buddydive.com\\\/es\\\/?s={search_term_string}\"},\"query-input\":{\"@type\":\"PropertyValueSpecification\",\"valueRequired\":true,\"valueName\":\"search_term_string\"}}],\"inLanguage\":\"es\"}]}<\/script>\n<!-- \/ Yoast SEO plugin. -->","yoast_head_json":{"title":"Kids Sea Camp - Buddy Dive Resort","description":"Kids Sea Camp: \u00a1un divertido evento familiar anual que combina cursos de buceo con actividades para toda la familia! Cree sus propias vacaciones familiares memorables","robots":{"index":"index","follow":"follow","max-snippet":"max-snippet:-1","max-image-preview":"max-image-preview:large","max-video-preview":"max-video-preview:-1"},"canonical":"https:\/\/buddydive.com\/es\/eventos\/kids-sea-camp\/","og_locale":"es_ES","og_type":"article","og_title":"Kids Sea Camp - Buddy Dive Resort","og_description":"Kids Sea Camp: \u00a1un divertido evento familiar anual que combina cursos de buceo con actividades para toda la familia! Cree sus propias vacaciones familiares memorables","og_url":"https:\/\/buddydive.com\/es\/eventos\/kids-sea-camp\/","og_site_name":"Buddy Dive Bonaire","article_publisher":"https:\/\/www.facebook.com\/buddydiveresort","article_modified_time":"2025-12-09T14:32:30+00:00","twitter_card":"summary_large_image","twitter_site":"@buddydive","twitter_misc":{"Tiempo de lectura":"2 minutos"},"schema":{"@context":"https:\/\/schema.org","@graph":[{"@type":"WebPage","@id":"https:\/\/buddydive.com\/es\/eventos\/kids-sea-camp\/","url":"https:\/\/buddydive.com\/es\/eventos\/kids-sea-camp\/","name":"Kids Sea Camp - Buddy Dive Resort","isPartOf":{"@id":"https:\/\/buddydive.com\/es\/#website"},"datePublished":"2025-07-03T09:53:07+00:00","dateModified":"2025-12-09T14:32:30+00:00","description":"Kids Sea Camp: \u00a1un divertido evento familiar anual que combina cursos de buceo con actividades para toda la familia! Cree sus propias vacaciones familiares memorables","breadcrumb":{"@id":"https:\/\/buddydive.com\/es\/eventos\/kids-sea-camp\/#breadcrumb"},"inLanguage":"es","potentialAction":[{"@type":"ReadAction","target":["https:\/\/buddydive.com\/es\/eventos\/kids-sea-camp\/"]}]},{"@type":"BreadcrumbList","@id":"https:\/\/buddydive.com\/es\/eventos\/kids-sea-camp\/#breadcrumb","itemListElement":[{"@type":"ListItem","position":1,"name":"Home","item":"https:\/\/buddydive.com\/es\/"},{"@type":"ListItem","position":2,"name":"Eventos","item":"https:\/\/buddydive.com\/es\/eventos\/"},{"@type":"ListItem","position":3,"name":"Kids Sea Camp"}]},{"@type":"WebSite","@id":"https:\/\/buddydive.com\/es\/#website","url":"https:\/\/buddydive.com\/es\/","name":"Buddy Dive Bonaire","description":"My WordPress Blog","potentialAction":[{"@type":"SearchAction","target":{"@type":"EntryPoint","urlTemplate":"https:\/\/buddydive.com\/es\/?s={search_term_string}"},"query-input":{"@type":"PropertyValueSpecification","valueRequired":true,"valueName":"search_term_string"}}],"inLanguage":"es"}]}},"_links":{"self":[{"href":"https:\/\/buddydive.com\/es\/wp-json\/wp\/v2\/pages\/32488","targetHints":{"allow":["GET"]}}],"collection":[{"href":"https:\/\/buddydive.com\/es\/wp-json\/wp\/v2\/pages"}],"about":[{"href":"https:\/\/buddydive.com\/es\/wp-json\/wp\/v2\/types\/page"}],"author":[{"embeddable":true,"href":"https:\/\/buddydive.com\/es\/wp-json\/wp\/v2\/users\/1"}],"replies":[{"embeddable":true,"href":"https:\/\/buddydive.com\/es\/wp-json\/wp\/v2\/comments?post=32488"}],"version-history":[{"count":3,"href":"https:\/\/buddydive.com\/es\/wp-json\/wp\/v2\/pages\/32488\/revisions"}],"predecessor-version":[{"id":35712,"href":"https:\/\/buddydive.com\/es\/wp-json\/wp\/v2\/pages\/32488\/revisions\/35712"}],"up":[{"embeddable":true,"href":"https:\/\/buddydive.com\/es\/wp-json\/wp\/v2\/pages\/32713"}],"wp:attachment":[{"href":"https:\/\/buddydive.com\/es\/wp-json\/wp\/v2\/media?parent=32488"}],"curies":[{"name":"wp","href":"https:\/\/api.w.org\/{rel}","templated":true}]}}