{"id":32477,"date":"2025-07-03T09:53:03","date_gmt":"2025-07-03T09:53:03","guid":{"rendered":"https:\/\/buddydive.com\/buddy-dive-watersports\/"},"modified":"2025-12-09T10:14:13","modified_gmt":"2025-12-09T10:14:13","slug":"buddy-dive-watersports","status":"publish","type":"page","link":"https:\/\/buddydive.com\/es\/buddy-dive-watersports\/","title":{"rendered":"Buddy dive watersports"},"content":{"rendered":"<div class=\"wpb-content-wrapper\">[vc_row][vc_column][vc_column_text]\n<h1 class=\"text-uppercase\" style=\"text-align: center;\">Buddy dive watersports<\/h1>\n<h4>Buddy dive watersports se encuentra en varios lugares de la isla, atendiendo a los hu\u00e9spedes de nuestro resort, a los que se alojan en casas de alquiler privadas y a los que visitan Bonaire por un d\u00eda en crucero.<\/h4>\n<p>Buddy Dive Watersports combina lo mejor de ambos mundos: el amplio conocimiento, los recursos y las instalaciones de la principal operaci\u00f3n de buceo de Bonaire, al tiempo que ofrece a los buceadores una atenci\u00f3n personalizada por parte del amable personal de buceo, que se convertir\u00e1 en las caras familiares con las que los hu\u00e9spedes ser\u00e1n recibidos en su pr\u00f3xima visita.<\/p>\n<p>Buddy Dive Resort Bonaire y Belmar Oceanfront Apartments ofrecen una tienda de buceo Buddy Dive en sus instalaciones, gestionada por personal dedicado in situ. Your Scuba Store es una tienda sat\u00e9lite de Buddy Dive situada a las afueras de la ciudad. Todos los miembros de la familia Buddy Dive son un resort PADI de 5 estrellas, un centro de buceo Universal Referral, as\u00ed como un miembro empresarial de DAN. Nuestras tiendas tambi\u00e9n ofrecen todo a los buceadores que no se alojan en nuestros resorts, como botellas de buceo, alquiler de equipos, cursos y inmersiones guiadas.<\/p>\n<p>Buddy Dive tiene la reputaci\u00f3n de tener en cuenta las necesidades de los buceadores, haci\u00e9ndolo f\u00e1cil, c\u00f3modo y conveniente para ellos. Por eso encontrar\u00e1 una tienda (minorista) de buceo, sala de equipos, aula y sala de alquiler en todos nuestros resorts. Los hermosos arrecifes de Bonaire est\u00e1n a solo un paso gigante de su habitaci\u00f3n, lo que le permite disfrutar de la m\u00e1xima libertad de buceo.<\/p>\n<p>El Centro de Desarrollo Profesional PADI de 5 estrellas est\u00e1 situado en las instalaciones de Buddy Dive Resort, junto con la famosa estaci\u00f3n de llenado de aire y Nitrox Drive-Thru. Aquellos que deseen iniciarse en el buceo o continuar su formaci\u00f3n en buceo pueden visitar nuestra Academia PADI de 5 estrellas, donde instructores de buceo experimentados est\u00e1n listos para ayudarle a mejorar sus habilidades y conocimientos.[\/vc_column_text][vc_single_image image=\u00bb32553&#8243; img_size=\u00bbfull\u00bb][\/vc_column][\/vc_row][vc_row][vc_column][vc_raw_js]JTNDc2NyaXB0JTIwdHlwZSUzRCUyMnRleHQlMkZqYXZhc2NyaXB0JTIyJTNFJTBBd2luZG93LlRyZW5nbyUyMCUzRCUyMHdpbmRvdy5UcmVuZ28lMjAlN0MlN0MlMjAlN0IlN0QlM0IlMEF3aW5kb3cuVHJlbmdvLmtleSUyMCUzRCUyMCUyN1E5SGI4dlBvS2VnRDFBSSUyNyUzQiUwQSUyOGZ1bmN0aW9uJTI4ZCUyQyUyMHNjcmlwdCUyQyUyMHQlMjklMjAlN0IlMEElMjAlMjAlMjAlMjBzY3JpcHQlMjAlM0QlMjBkLmNyZWF0ZUVsZW1lbnQlMjglMjdzY3JpcHQlMjclMjklM0IlMEElMjAlMjAlMjAlMjBzY3JpcHQudHlwZSUyMCUzRCUyMCUyN3RleHQlMkZqYXZhc2NyaXB0JTI3JTNCJTBBJTIwJTIwJTIwJTIwc2NyaXB0LmFzeW5jJTIwJTNEJTIwdHJ1ZSUzQiUwQSUyMCUyMCUyMCUyMHNjcmlwdC5zcmMlMjAlM0QlMjAlMjdodHRwcyUzQSUyRiUyRnN0YXRpYy53aWRnZXQudHJlbmdvLmV1JTJGZW1iZWQuanMlMjclM0IlMEElMjAlMjAlMjAlMjBkLmdldEVsZW1lbnRzQnlUYWdOYW1lJTI4JTI3aGVhZCUyNyUyOSU1QjAlNUQuYXBwZW5kQ2hpbGQlMjhzY3JpcHQlMjklM0IlMEElN0QlMjhkb2N1bWVudCUyOSUyOSUzQiUwQSUzQyUyRnNjcmlwdCUzRQ==[\/vc_raw_js][\/vc_column][\/vc_row]\n<\/div>","protected":false},"excerpt":{"rendered":"<p>[vc_row][vc_column][vc_column_text] Buddy dive watersports Buddy dive watersports se encuentra en varios lugares de la isla, atendiendo a los hu\u00e9spedes de [&hellip;]<\/p>\n","protected":false},"author":1,"featured_media":0,"parent":0,"menu_order":0,"comment_status":"closed","ping_status":"closed","template":"page-templates\/page-left.php","meta":{"footnotes":""},"class_list":["post-32477","page","type-page","status-publish","hentry"],"yoast_head":"<!-- This site is optimized with the Yoast SEO plugin v27.4 - https:\/\/yoast.com\/product\/yoast-seo-wordpress\/ -->\n<title>Buddy dive watersports - Buddy Dive Bonaire<\/title>\n<meta name=\"description\" content=\"Buddy Dive Watersports se encuentra en varios lugares de la isla, atendiendo a los hu\u00e9spedes de nuestro resort, a los que se alojan en casas de alquiler privadas y a los que visitan Bonaire por un d\u00eda en crucero.\" \/>\n<meta name=\"robots\" content=\"index, follow, max-snippet:-1, max-image-preview:large, max-video-preview:-1\" \/>\n<link rel=\"canonical\" href=\"https:\/\/buddydive.com\/es\/buddy-dive-watersports\/\" \/>\n<meta property=\"og:locale\" content=\"es_ES\" \/>\n<meta property=\"og:type\" content=\"article\" \/>\n<meta property=\"og:title\" content=\"Buddy dive watersports - Buddy Dive Bonaire\" \/>\n<meta property=\"og:description\" content=\"Buddy Dive Watersports se encuentra en varios lugares de la isla, atendiendo a los hu\u00e9spedes de nuestro resort, a los que se alojan en casas de alquiler privadas y a los que visitan Bonaire por un d\u00eda en crucero.\" \/>\n<meta property=\"og:url\" content=\"https:\/\/buddydive.com\/es\/buddy-dive-watersports\/\" \/>\n<meta property=\"og:site_name\" content=\"Buddy Dive Bonaire\" \/>\n<meta property=\"article:publisher\" content=\"https:\/\/www.facebook.com\/buddydiveresort\" \/>\n<meta property=\"article:modified_time\" content=\"2025-12-09T10:14:13+00:00\" \/>\n<meta name=\"twitter:card\" content=\"summary_large_image\" \/>\n<meta name=\"twitter:site\" content=\"@buddydive\" \/>\n<meta name=\"twitter:label1\" content=\"Tiempo de lectura\" \/>\n\t<meta name=\"twitter:data1\" content=\"2 minutos\" \/>\n<script type=\"application\/ld+json\" class=\"yoast-schema-graph\">{\"@context\":\"https:\\\/\\\/schema.org\",\"@graph\":[{\"@type\":\"WebPage\",\"@id\":\"https:\\\/\\\/buddydive.com\\\/es\\\/buddy-dive-watersports\\\/\",\"url\":\"https:\\\/\\\/buddydive.com\\\/es\\\/buddy-dive-watersports\\\/\",\"name\":\"Buddy dive watersports - Buddy Dive Bonaire\",\"isPartOf\":{\"@id\":\"https:\\\/\\\/buddydive.com\\\/es\\\/#website\"},\"datePublished\":\"2025-07-03T09:53:03+00:00\",\"dateModified\":\"2025-12-09T10:14:13+00:00\",\"description\":\"Buddy Dive Watersports se encuentra en varios lugares de la isla, atendiendo a los hu\u00e9spedes de nuestro resort, a los que se alojan en casas de alquiler privadas y a los que visitan Bonaire por un d\u00eda en crucero.\",\"breadcrumb\":{\"@id\":\"https:\\\/\\\/buddydive.com\\\/es\\\/buddy-dive-watersports\\\/#breadcrumb\"},\"inLanguage\":\"es\",\"potentialAction\":[{\"@type\":\"ReadAction\",\"target\":[\"https:\\\/\\\/buddydive.com\\\/es\\\/buddy-dive-watersports\\\/\"]}]},{\"@type\":\"BreadcrumbList\",\"@id\":\"https:\\\/\\\/buddydive.com\\\/es\\\/buddy-dive-watersports\\\/#breadcrumb\",\"itemListElement\":[{\"@type\":\"ListItem\",\"position\":1,\"name\":\"Home\",\"item\":\"https:\\\/\\\/buddydive.com\\\/es\\\/\"},{\"@type\":\"ListItem\",\"position\":2,\"name\":\"Buddy dive watersports\"}]},{\"@type\":\"WebSite\",\"@id\":\"https:\\\/\\\/buddydive.com\\\/es\\\/#website\",\"url\":\"https:\\\/\\\/buddydive.com\\\/es\\\/\",\"name\":\"Buddy Dive Bonaire\",\"description\":\"My WordPress Blog\",\"potentialAction\":[{\"@type\":\"SearchAction\",\"target\":{\"@type\":\"EntryPoint\",\"urlTemplate\":\"https:\\\/\\\/buddydive.com\\\/es\\\/?s={search_term_string}\"},\"query-input\":{\"@type\":\"PropertyValueSpecification\",\"valueRequired\":true,\"valueName\":\"search_term_string\"}}],\"inLanguage\":\"es\"}]}<\/script>\n<!-- \/ Yoast SEO plugin. -->","yoast_head_json":{"title":"Buddy dive watersports - Buddy Dive Bonaire","description":"Buddy Dive Watersports se encuentra en varios lugares de la isla, atendiendo a los hu\u00e9spedes de nuestro resort, a los que se alojan en casas de alquiler privadas y a los que visitan Bonaire por un d\u00eda en crucero.","robots":{"index":"index","follow":"follow","max-snippet":"max-snippet:-1","max-image-preview":"max-image-preview:large","max-video-preview":"max-video-preview:-1"},"canonical":"https:\/\/buddydive.com\/es\/buddy-dive-watersports\/","og_locale":"es_ES","og_type":"article","og_title":"Buddy dive watersports - Buddy Dive Bonaire","og_description":"Buddy Dive Watersports se encuentra en varios lugares de la isla, atendiendo a los hu\u00e9spedes de nuestro resort, a los que se alojan en casas de alquiler privadas y a los que visitan Bonaire por un d\u00eda en crucero.","og_url":"https:\/\/buddydive.com\/es\/buddy-dive-watersports\/","og_site_name":"Buddy Dive Bonaire","article_publisher":"https:\/\/www.facebook.com\/buddydiveresort","article_modified_time":"2025-12-09T10:14:13+00:00","twitter_card":"summary_large_image","twitter_site":"@buddydive","twitter_misc":{"Tiempo de lectura":"2 minutos"},"schema":{"@context":"https:\/\/schema.org","@graph":[{"@type":"WebPage","@id":"https:\/\/buddydive.com\/es\/buddy-dive-watersports\/","url":"https:\/\/buddydive.com\/es\/buddy-dive-watersports\/","name":"Buddy dive watersports - Buddy Dive Bonaire","isPartOf":{"@id":"https:\/\/buddydive.com\/es\/#website"},"datePublished":"2025-07-03T09:53:03+00:00","dateModified":"2025-12-09T10:14:13+00:00","description":"Buddy Dive Watersports se encuentra en varios lugares de la isla, atendiendo a los hu\u00e9spedes de nuestro resort, a los que se alojan en casas de alquiler privadas y a los que visitan Bonaire por un d\u00eda en crucero.","breadcrumb":{"@id":"https:\/\/buddydive.com\/es\/buddy-dive-watersports\/#breadcrumb"},"inLanguage":"es","potentialAction":[{"@type":"ReadAction","target":["https:\/\/buddydive.com\/es\/buddy-dive-watersports\/"]}]},{"@type":"BreadcrumbList","@id":"https:\/\/buddydive.com\/es\/buddy-dive-watersports\/#breadcrumb","itemListElement":[{"@type":"ListItem","position":1,"name":"Home","item":"https:\/\/buddydive.com\/es\/"},{"@type":"ListItem","position":2,"name":"Buddy dive watersports"}]},{"@type":"WebSite","@id":"https:\/\/buddydive.com\/es\/#website","url":"https:\/\/buddydive.com\/es\/","name":"Buddy Dive Bonaire","description":"My WordPress Blog","potentialAction":[{"@type":"SearchAction","target":{"@type":"EntryPoint","urlTemplate":"https:\/\/buddydive.com\/es\/?s={search_term_string}"},"query-input":{"@type":"PropertyValueSpecification","valueRequired":true,"valueName":"search_term_string"}}],"inLanguage":"es"}]}},"_links":{"self":[{"href":"https:\/\/buddydive.com\/es\/wp-json\/wp\/v2\/pages\/32477","targetHints":{"allow":["GET"]}}],"collection":[{"href":"https:\/\/buddydive.com\/es\/wp-json\/wp\/v2\/pages"}],"about":[{"href":"https:\/\/buddydive.com\/es\/wp-json\/wp\/v2\/types\/page"}],"author":[{"embeddable":true,"href":"https:\/\/buddydive.com\/es\/wp-json\/wp\/v2\/users\/1"}],"replies":[{"embeddable":true,"href":"https:\/\/buddydive.com\/es\/wp-json\/wp\/v2\/comments?post=32477"}],"version-history":[{"count":3,"href":"https:\/\/buddydive.com\/es\/wp-json\/wp\/v2\/pages\/32477\/revisions"}],"predecessor-version":[{"id":35703,"href":"https:\/\/buddydive.com\/es\/wp-json\/wp\/v2\/pages\/32477\/revisions\/35703"}],"wp:attachment":[{"href":"https:\/\/buddydive.com\/es\/wp-json\/wp\/v2\/media?parent=32477"}],"curies":[{"name":"wp","href":"https:\/\/api.w.org\/{rel}","templated":true}]}}