{"id":32473,"date":"2025-07-03T09:52:56","date_gmt":"2025-07-03T09:52:56","guid":{"rendered":"https:\/\/buddydive.com\/vuelos-a-bonaire\/"},"modified":"2026-02-03T11:06:17","modified_gmt":"2026-02-03T11:06:17","slug":"vuelos-a-bonaire","status":"publish","type":"page","link":"https:\/\/buddydive.com\/es\/acerca-de-bonaire\/vuelos-a-bonaire\/","title":{"rendered":"Vuelos a Bonaire"},"content":{"rendered":"<div class=\"wpb-content-wrapper\">[vc_row][vc_column][vc_column_text css=\u00bb\u00bb]\n<h1 class=\"text-uppercase\" style=\"text-align: center;\"><small>C\u00f3mo llegar a<\/small> Bonaire<\/h1>\n<p>Bonaire se encuentra a unas 50 millas de la costa de Venezuela, cerca de Aruba y Curazao, y forma parte del Caribe Neerland\u00e9s. Se puede acceder a ella a trav\u00e9s de varias aerol\u00edneas internacionales y locales desde Europa, Am\u00e9rica Latina y Am\u00e9rica del Norte, lo que facilita la planificaci\u00f3n de su pr\u00f3ximo viaje de buceo con nosotros. Los viajeros pueden volar directamente al Aeropuerto Internacional de Bonaire (BON), tambi\u00e9n conocido como Aeropuerto Internacional Flamingo.<\/p>\n<h3>Vuelos a Bonaire desde Am\u00e9rica del Norte<\/h3>\n<ul>\n<li><strong>JetBlue<\/strong> ofrece vuelos durante todo el a\u00f1o desde Nueva York (JFK) los <strong>s\u00e1bados y martes<\/strong>, a partir del 5 de noviembre de 2024.<\/li>\n<li><strong>American Airlines<\/strong> ofrece servicio desde Miami con vuelos los <strong>lunes, mi\u00e9rcoles, viernes y s\u00e1bados<\/strong> durante todo el a\u00f1o, con vuelos diarios disponibles entre el 19 de diciembre de 2024 y el 5 de enero de 2025.<\/li>\n<li><strong>Delta Airlines<\/strong> vuela desde Atlanta con vuelos directos los <strong>s\u00e1bados y domingos<\/strong> y servicio diario adicional durante la temporada alta del 19 de diciembre de 2024 al 5 de enero de 2025.<\/li>\n<li><strong>United Airlines<\/strong> opera vuelos desde Newark los <strong>s\u00e1bados<\/strong> y desde Houston los <strong>domingos<\/strong>.<\/li>\n<li><strong>WestJet<\/strong> ofrece servicio desde Toronto, con vuelos que llegan los <strong>s\u00e1bados<\/strong> y, a partir del 10 de diciembre de 2024, los <strong>mi\u00e9rcoles<\/strong>.<\/li>\n<\/ul>\n<h3>Vuelos a Bonaire desde Europa<\/h3>\n<p>Los viajeros de Europa pueden llegar a Bonaire a trav\u00e9s de vuelos directos diarios desde \u00c1msterdam:<\/p>\n<ul>\n<li><strong>KLM<\/strong> ofrece vuelos diarios.<\/li>\n<li><strong>TUI<\/strong> opera vuelos los <strong>lunes, mi\u00e9rcoles, jueves, viernes y s\u00e1bados<\/strong>, con vuelos directos desde \u00c1msterdam los mi\u00e9rcoles, jueves y viernes.<\/li>\n<li><strong>Corendon<\/strong> comenzar\u00e1 a operar vuelos desde \u00c1msterdam los <strong>domingos y mi\u00e9rcoles<\/strong>, a partir del 3 de noviembre de 2024, disponibles durante todo el a\u00f1o.<\/li>\n<\/ul>\n<h3>Vuelos a Bonaire desde el Caribe y Am\u00e9rica Latina<\/h3>\n<ul>\n<li><strong>Sky High<\/strong> vuela desde Santo Domingo los <strong>viernes<\/strong>.<\/li>\n<li><strong>Winair<\/strong> opera vuelos desde St. Maarten con llegadas los <strong>domingos, jueves y s\u00e1bados<\/strong> (v\u00eda Curazao).<\/li>\n<li><strong>Divi Divi<\/strong> y <strong>EZAir<\/strong> ofrecen vuelos diarios desde Curazao y Aruba.<\/li>\n<li><strong>EZAir<\/strong> tambi\u00e9n ofrece vuelos desde Barranquilla los <strong>lunes y viernes<\/strong>, con vuelos los viernes con escala en Curazao.<\/li>\n<\/ul>\n<p>Para obtener m\u00e1s informaci\u00f3n o hacer reservaciones, p\u00f3ngase en contacto directamente con las aerol\u00edneas o con su agente de reservas.<\/p>\n<hr \/>\n[\/vc_column_text][vc_single_image image=\u00bb30518&#8243; img_size=\u00bblarge\u00bb alignment=\u00bbcenter\u00bb css=\u00bb\u00bb][vc_column_text]<em><strong>Descargo de responsabilidad: Toda la informaci\u00f3n est\u00e1 sujeta a cambios sin previo aviso y no se pueden derivar derechos de esta informaci\u00f3n. Le recomendamos que se informe adecuadamente sobre los vuelos disponibles hacia y desde Bonaire. A pesar de que estamos encantados de ayudarle con esto, nos gustar\u00eda se\u00f1alar que esta es su propia responsabilidad. <\/strong><\/em><\/p>\n<p><em>Pueden aplicarse cambios estacionales. <\/em>[\/vc_column_text][\/vc_column][\/vc_row][vc_row][vc_column][\/vc_column][\/vc_row]\n<\/div>","protected":false},"excerpt":{"rendered":"<p>[vc_row][vc_column][vc_column_text css=\u00bb\u00bb] C\u00f3mo llegar a Bonaire Bonaire se encuentra a unas 50 millas de la costa de Venezuela, cerca de [&hellip;]<\/p>\n","protected":false},"author":1,"featured_media":0,"parent":32545,"menu_order":0,"comment_status":"closed","ping_status":"closed","template":"","meta":{"footnotes":""},"class_list":["post-32473","page","type-page","status-publish","hentry"],"yoast_head":"<!-- This site is optimized with the Yoast SEO plugin v27.4 - https:\/\/yoast.com\/product\/yoast-seo-wordpress\/ -->\n<title>Vuelos a Bonaire - Buddy Dive Resort Bonaire<\/title>\n<meta name=\"description\" content=\"Hay varios vuelos directos a Bonaire con United Airlines y Delta desde los EE. UU. \u00a1Es relativamente f\u00e1cil ir a Bonaire para su pr\u00f3ximo viaje de buceo!\" \/>\n<meta name=\"robots\" content=\"index, follow, max-snippet:-1, max-image-preview:large, max-video-preview:-1\" \/>\n<link rel=\"canonical\" href=\"https:\/\/buddydive.com\/es\/acerca-de-bonaire\/vuelos-a-bonaire\/\" \/>\n<meta property=\"og:locale\" content=\"es_ES\" \/>\n<meta property=\"og:type\" content=\"article\" \/>\n<meta property=\"og:title\" content=\"Vuelos a Bonaire - Buddy Dive Resort Bonaire\" \/>\n<meta property=\"og:description\" content=\"Hay varios vuelos directos a Bonaire con United Airlines y Delta desde los EE. UU. \u00a1Es relativamente f\u00e1cil ir a Bonaire para su pr\u00f3ximo viaje de buceo!\" \/>\n<meta property=\"og:url\" content=\"https:\/\/buddydive.com\/es\/acerca-de-bonaire\/vuelos-a-bonaire\/\" \/>\n<meta property=\"og:site_name\" content=\"Buddy Dive Bonaire\" \/>\n<meta property=\"article:publisher\" content=\"https:\/\/www.facebook.com\/buddydiveresort\" \/>\n<meta property=\"article:modified_time\" content=\"2026-02-03T11:06:17+00:00\" \/>\n<meta name=\"twitter:card\" content=\"summary_large_image\" \/>\n<meta name=\"twitter:site\" content=\"@buddydive\" \/>\n<meta name=\"twitter:label1\" content=\"Tiempo de lectura\" \/>\n\t<meta name=\"twitter:data1\" content=\"2 minutos\" \/>\n<script type=\"application\/ld+json\" class=\"yoast-schema-graph\">{\"@context\":\"https:\\\/\\\/schema.org\",\"@graph\":[{\"@type\":\"WebPage\",\"@id\":\"https:\\\/\\\/buddydive.com\\\/es\\\/acerca-de-bonaire\\\/vuelos-a-bonaire\\\/\",\"url\":\"https:\\\/\\\/buddydive.com\\\/es\\\/acerca-de-bonaire\\\/vuelos-a-bonaire\\\/\",\"name\":\"Vuelos a Bonaire - Buddy Dive Resort Bonaire\",\"isPartOf\":{\"@id\":\"https:\\\/\\\/buddydive.com\\\/es\\\/#website\"},\"datePublished\":\"2025-07-03T09:52:56+00:00\",\"dateModified\":\"2026-02-03T11:06:17+00:00\",\"description\":\"Hay varios vuelos directos a Bonaire con United Airlines y Delta desde los EE. UU. \u00a1Es relativamente f\u00e1cil ir a Bonaire para su pr\u00f3ximo viaje de buceo!\",\"breadcrumb\":{\"@id\":\"https:\\\/\\\/buddydive.com\\\/es\\\/acerca-de-bonaire\\\/vuelos-a-bonaire\\\/#breadcrumb\"},\"inLanguage\":\"es\",\"potentialAction\":[{\"@type\":\"ReadAction\",\"target\":[\"https:\\\/\\\/buddydive.com\\\/es\\\/acerca-de-bonaire\\\/vuelos-a-bonaire\\\/\"]}]},{\"@type\":\"BreadcrumbList\",\"@id\":\"https:\\\/\\\/buddydive.com\\\/es\\\/acerca-de-bonaire\\\/vuelos-a-bonaire\\\/#breadcrumb\",\"itemListElement\":[{\"@type\":\"ListItem\",\"position\":1,\"name\":\"Home\",\"item\":\"https:\\\/\\\/buddydive.com\\\/es\\\/\"},{\"@type\":\"ListItem\",\"position\":2,\"name\":\"Acerca de Bonaire\",\"item\":\"https:\\\/\\\/buddydive.com\\\/es\\\/acerca-de-bonaire\\\/\"},{\"@type\":\"ListItem\",\"position\":3,\"name\":\"Vuelos a Bonaire\"}]},{\"@type\":\"WebSite\",\"@id\":\"https:\\\/\\\/buddydive.com\\\/es\\\/#website\",\"url\":\"https:\\\/\\\/buddydive.com\\\/es\\\/\",\"name\":\"Buddy Dive Bonaire\",\"description\":\"My WordPress Blog\",\"potentialAction\":[{\"@type\":\"SearchAction\",\"target\":{\"@type\":\"EntryPoint\",\"urlTemplate\":\"https:\\\/\\\/buddydive.com\\\/es\\\/?s={search_term_string}\"},\"query-input\":{\"@type\":\"PropertyValueSpecification\",\"valueRequired\":true,\"valueName\":\"search_term_string\"}}],\"inLanguage\":\"es\"}]}<\/script>\n<!-- \/ Yoast SEO plugin. -->","yoast_head_json":{"title":"Vuelos a Bonaire - Buddy Dive Resort Bonaire","description":"Hay varios vuelos directos a Bonaire con United Airlines y Delta desde los EE. UU. \u00a1Es relativamente f\u00e1cil ir a Bonaire para su pr\u00f3ximo viaje de buceo!","robots":{"index":"index","follow":"follow","max-snippet":"max-snippet:-1","max-image-preview":"max-image-preview:large","max-video-preview":"max-video-preview:-1"},"canonical":"https:\/\/buddydive.com\/es\/acerca-de-bonaire\/vuelos-a-bonaire\/","og_locale":"es_ES","og_type":"article","og_title":"Vuelos a Bonaire - Buddy Dive Resort Bonaire","og_description":"Hay varios vuelos directos a Bonaire con United Airlines y Delta desde los EE. UU. \u00a1Es relativamente f\u00e1cil ir a Bonaire para su pr\u00f3ximo viaje de buceo!","og_url":"https:\/\/buddydive.com\/es\/acerca-de-bonaire\/vuelos-a-bonaire\/","og_site_name":"Buddy Dive Bonaire","article_publisher":"https:\/\/www.facebook.com\/buddydiveresort","article_modified_time":"2026-02-03T11:06:17+00:00","twitter_card":"summary_large_image","twitter_site":"@buddydive","twitter_misc":{"Tiempo de lectura":"2 minutos"},"schema":{"@context":"https:\/\/schema.org","@graph":[{"@type":"WebPage","@id":"https:\/\/buddydive.com\/es\/acerca-de-bonaire\/vuelos-a-bonaire\/","url":"https:\/\/buddydive.com\/es\/acerca-de-bonaire\/vuelos-a-bonaire\/","name":"Vuelos a Bonaire - Buddy Dive Resort Bonaire","isPartOf":{"@id":"https:\/\/buddydive.com\/es\/#website"},"datePublished":"2025-07-03T09:52:56+00:00","dateModified":"2026-02-03T11:06:17+00:00","description":"Hay varios vuelos directos a Bonaire con United Airlines y Delta desde los EE. UU. \u00a1Es relativamente f\u00e1cil ir a Bonaire para su pr\u00f3ximo viaje de buceo!","breadcrumb":{"@id":"https:\/\/buddydive.com\/es\/acerca-de-bonaire\/vuelos-a-bonaire\/#breadcrumb"},"inLanguage":"es","potentialAction":[{"@type":"ReadAction","target":["https:\/\/buddydive.com\/es\/acerca-de-bonaire\/vuelos-a-bonaire\/"]}]},{"@type":"BreadcrumbList","@id":"https:\/\/buddydive.com\/es\/acerca-de-bonaire\/vuelos-a-bonaire\/#breadcrumb","itemListElement":[{"@type":"ListItem","position":1,"name":"Home","item":"https:\/\/buddydive.com\/es\/"},{"@type":"ListItem","position":2,"name":"Acerca de Bonaire","item":"https:\/\/buddydive.com\/es\/acerca-de-bonaire\/"},{"@type":"ListItem","position":3,"name":"Vuelos a Bonaire"}]},{"@type":"WebSite","@id":"https:\/\/buddydive.com\/es\/#website","url":"https:\/\/buddydive.com\/es\/","name":"Buddy Dive Bonaire","description":"My WordPress Blog","potentialAction":[{"@type":"SearchAction","target":{"@type":"EntryPoint","urlTemplate":"https:\/\/buddydive.com\/es\/?s={search_term_string}"},"query-input":{"@type":"PropertyValueSpecification","valueRequired":true,"valueName":"search_term_string"}}],"inLanguage":"es"}]}},"_links":{"self":[{"href":"https:\/\/buddydive.com\/es\/wp-json\/wp\/v2\/pages\/32473","targetHints":{"allow":["GET"]}}],"collection":[{"href":"https:\/\/buddydive.com\/es\/wp-json\/wp\/v2\/pages"}],"about":[{"href":"https:\/\/buddydive.com\/es\/wp-json\/wp\/v2\/types\/page"}],"author":[{"embeddable":true,"href":"https:\/\/buddydive.com\/es\/wp-json\/wp\/v2\/users\/1"}],"replies":[{"embeddable":true,"href":"https:\/\/buddydive.com\/es\/wp-json\/wp\/v2\/comments?post=32473"}],"version-history":[{"count":4,"href":"https:\/\/buddydive.com\/es\/wp-json\/wp\/v2\/pages\/32473\/revisions"}],"predecessor-version":[{"id":36494,"href":"https:\/\/buddydive.com\/es\/wp-json\/wp\/v2\/pages\/32473\/revisions\/36494"}],"up":[{"embeddable":true,"href":"https:\/\/buddydive.com\/es\/wp-json\/wp\/v2\/pages\/32545"}],"wp:attachment":[{"href":"https:\/\/buddydive.com\/es\/wp-json\/wp\/v2\/media?parent=32473"}],"curies":[{"name":"wp","href":"https:\/\/api.w.org\/{rel}","templated":true}]}}