{"id":32467,"date":"2025-07-03T09:52:51","date_gmt":"2025-07-03T09:52:51","guid":{"rendered":"https:\/\/buddydive.com\/el-idc-todo-lo-que-necesita-saber\/"},"modified":"2026-02-09T17:03:05","modified_gmt":"2026-02-09T17:03:05","slug":"el-idc-todo-lo-que-necesita-saber","status":"publish","type":"page","link":"https:\/\/buddydive.com\/es\/submarinismo\/curso-de-desarrollo-de-instructores-padi-idc\/el-idc-todo-lo-que-necesita-saber\/","title":{"rendered":"El IDC; todo lo que necesita saber"},"content":{"rendered":"<div class=\"wpb-content-wrapper\">[vc_row][vc_column width=\u00bb3\/4&#8243;][vc_column_text]\n<h1 class=\"text-uppercase\" style=\"text-align: center;\"><small>El curso de desarrollo de instructores<\/small> todo lo que necesita saber<\/h1>\n<p>\u00bfTom\u00f3 (o est\u00e1 a punto de tomar) la decisi\u00f3n de realizar su Curso de Desarrollo de Instructores &#8211; IDC &#8211; y convertirse en instructor <a href=\"https:\/\/www.padi.com\/courses\/open-water-scuba-instructor\">PADI<\/a>? \u00a1Felicidades! Ha tomado una decisi\u00f3n que le cambiar\u00e1 la vida. Ser instructor PADI le brinda la oportunidad de hacer lo que ama todos los d\u00edas y tener un trabajo divertido y gratificante en los lugares m\u00e1s hermosos de la tierra.<\/p>\n<p>Antes de comenzar su viaje para convertirse en Instructor PADI, nos gustar\u00eda contarle todo sobre el <a href=\"https:\/\/buddydive.com\/es\/submarinismo\/curso-de-desarrollo-de-instructores-padi-idc\/\">Curso de Desarrollo de Instructores<\/a> que est\u00e1 a punto de tomar. Si despu\u00e9s de leer esto, tiene m\u00e1s preguntas. No dude en ponerse en contacto con nuestros Directores de Curso. Estaremos encantados de ayudarle.[\/vc_column_text][vc_separator][vc_column_text]<strong>El curso de desarrollo de instructores:<\/strong><\/p>\n<p>El Curso de Desarrollo de Instructores PADI (IDC) es un curso intenso pero divertido de 2 semanas. El curso est\u00e1 configurado en talleres (inter)activos, en los que aprender\u00e1 haciendo en lugar de escuchar en un aula. En nuestra experiencia, esta es la mejor manera de prepararse para ense\u00f1ar e introducir a otros en el hermoso mundo del buceo.<\/p>\n<h4><strong>El programa<\/strong><\/h4>\n<p>El primer d\u00eda, conocer\u00e1 a sus compa\u00f1eros Candidatos a IDC y a los Directores del Curso y comenzar\u00e1 con una orientaci\u00f3n del curso: una presentaci\u00f3n sobre las actividades planificadas para las pr\u00f3ximas dos semanas. Despu\u00e9s de esto, realizar\u00e1 un examen te\u00f3rico sobre las cinco materias que debe dominar. Estas mismas cinco materias te\u00f3ricas tambi\u00e9n se evaluar\u00e1n en el IE. Posteriormente, revisaremos inmediatamente estos ex\u00e1menes y concluiremos el d\u00eda con una inmersi\u00f3n divertida.<\/p>\n<p>El segundo d\u00eda, comenzaremos en el aula y, por la tarde, participaremos en el circuito de 24 habilidades. La capacidad de ejecutar estas habilidades con una calidad de nivel de demostraci\u00f3n es necesaria para todas las pr\u00f3ximas sesiones de ense\u00f1anza. Adem\u00e1s, tendr\u00e1 que demostrar cinco de estas habilidades al examinador PADI durante su IE. Este es el mismo circuito de habilidades que experiment\u00f3 durante su curso de divemaster, lo que significa que, siempre y cuando se haya mantenido al d\u00eda, no tiene nada de qu\u00e9 preocuparse.<\/p>\n<p>Generalmente, nuestras sesiones en el aula ser\u00e1n por la ma\u00f1ana y, para evitar cualquier baj\u00f3n despu\u00e9s del almuerzo, estaremos en el agua por la tarde. Hacemos todo lo posible para que nuestros d\u00edas tengan una duraci\u00f3n limitada para que tenga tiempo de prepararse y descansar por la noche. Nuestros d\u00edas de IDC transcurren de 8 am a 5\/6 pm.<\/p>\n<p>El IDC consta de muchos talleres en los que debe aplicar el conocimiento adquirido de su IDC eLearning. \u00a1Durante los talleres, se le animar\u00e1 a actuar y pensar como un instructor! Tambi\u00e9n tenemos talleres pr\u00e1cticos en los que le ense\u00f1aremos c\u00f3mo instruir el CESA, los descensos, el atado de nudos, el uso de la br\u00fajula, el aparejo y el levantamiento, etc. Se incluye un taller adicional para ense\u00f1arle c\u00f3mo posicionarse y controlar a sus alumnos mientras realizan una habilidad, todo ello sin perder de vista a sus otros alumnos. Por \u00faltimo, pero no menos importante, aprender\u00e1 a ense\u00f1ar habilidades de rescate.<\/p>\n<p>El noveno d\u00eda de nuestro programa, le capacitamos para que se convierta en instructor de EFR e instructor de proveedor de ox\u00edgeno de emergencia. Se practicar\u00e1n habilidades como la RCP de atenci\u00f3n primaria, la atenci\u00f3n secundaria y la atenci\u00f3n a los ni\u00f1os, y aprender\u00e1 a ense\u00f1\u00e1rselas a otros. Esto se integra perfectamente con el curso de proveedor de ox\u00edgeno de emergencia, ya que el ox\u00edgeno es el primer auxilio para los incidentes de buceo.<\/p>\n<p>El \u00faltimo d\u00eda y medio est\u00e1n reservados para la pr\u00e1ctica adicional de las presentaciones de ense\u00f1anza de Desarrollo de Conocimientos, Aguas Confinadas y Aguas Abiertas.[\/vc_column_text][vc_btn title=\u00bbV\u00eddeos del IDC\u00bb align=\u00bbcenter\u00bb button_block=\u00bbtrue\u00bb link=\u00bburl:https%3A%2F%2Fwww.youtube.com%2Fplaylist%3Flist%3DPL2_aRyxYfgsaq-0PO63HydgFK2DG6Hck1|target:_blank|\u00bb][vc_gallery images=\u00bb32469,32470,32471&#8243; img_size=\u00bbfull\u00bb columns=\u00bb3&#8243;][vc_column_text]<strong>IE (Examen de Instructor):<\/strong><\/p>\n<p>Despu\u00e9s de su IDC, completar\u00e1 su IE (Examen de Instructor). Este es un proceso de dos d\u00edas de evaluaci\u00f3n objetiva de las habilidades y el conocimiento que ha desarrollado durante el IDC. Esta evaluaci\u00f3n ser\u00e1 realizada por un examinador de instructores imparcial que trabaja para PADI.<\/p>\n<p>Aprobar un IE es necesario para convertirse en Instructor de Buceo en Aguas Abiertas PADI; sin embargo, no es el enfoque principal, sino el resultado de la preparaci\u00f3n. Durante su IDC, estar\u00e1 preparado para su vida como instructor. Esto significa que si pone el esfuerzo necesario en su IDC, el IE ser\u00e1 la parte m\u00e1s f\u00e1cil del proceso de convertirse en instructor.[\/vc_column_text][vc_btn title=\u00bbP\u00f3ngase en contacto con los directores del curso\u00bb align=\u00bbcenter\u00bb link=\u00bburl:mailto%3A%2F%2Fcoursedirector%40buddydive.com|\u00bb][\/vc_column][vc_column width=\u00bb1\/4&#8243;][vc_column_text]\n<h3 class=\"text-uppercase\" style=\"text-align: center;\">Todo lo que necesita saber<\/h3>\n<ul>\n<li>\n<h4><a href=\"https:\/\/buddydive.com\/es\/submarinismo\/curso-de-desarrollo-de-instructores-padi-idc\/\">Buddy dive academy<\/a><\/h4>\n<\/li>\n<li>\n<h4><a href=\"https:\/\/buddydive.com\/es\/submarinismo\/curso-de-desarrollo-de-instructores-padi-idc\/paquetes-y-precios\/\">Paquetes y precios de IDC<\/a><\/h4>\n<\/li>\n<li>\n<h4><a href=\"https:\/\/buddydive.com\/es\/submarinismo\/curso-de-desarrollo-de-instructores-padi-idc\/buddy-dive-academy-para-profesionales\/\">Para los profesionales: instructor de personal MSDT e IDC<\/a><\/h4>\n<\/li>\n<li>\n<h4><a href=\"http:\/\/www.buddydive.com\/diving\/prerequisites\/\">Requisitos previos<\/a><\/h4>\n<\/li>\n<\/ul>\n[\/vc_column_text][\/vc_column][\/vc_row]\n<\/div>","protected":false},"excerpt":{"rendered":"<p>[vc_row][vc_column width=\u00bb3\/4&#8243;][vc_column_text] El curso de desarrollo de instructores todo lo que necesita saber \u00bfTom\u00f3 (o est\u00e1 a punto de tomar) [&hellip;]<\/p>\n","protected":false},"author":2,"featured_media":0,"parent":32774,"menu_order":0,"comment_status":"closed","ping_status":"closed","template":"","meta":{"footnotes":""},"class_list":["post-32467","page","type-page","status-publish","hentry"],"yoast_head":"<!-- This site is optimized with the Yoast SEO plugin v27.4 - https:\/\/yoast.com\/product\/yoast-seo-wordpress\/ -->\n<title>El IDC; todo lo que necesita saber - Buddy Dive Bonaire<\/title>\n<meta name=\"description\" content=\"Hacer el IDC le brinda la oportunidad de hacer lo que ama y bucear todos los d\u00edas en los lugares m\u00e1s hermosos de la tierra.\" \/>\n<meta name=\"robots\" content=\"index, follow, max-snippet:-1, max-image-preview:large, max-video-preview:-1\" \/>\n<link rel=\"canonical\" href=\"https:\/\/buddydive.com\/es\/submarinismo\/curso-de-desarrollo-de-instructores-padi-idc\/el-idc-todo-lo-que-necesita-saber\/\" \/>\n<meta property=\"og:locale\" content=\"es_ES\" \/>\n<meta property=\"og:type\" content=\"article\" \/>\n<meta property=\"og:title\" content=\"El IDC; todo lo que necesita saber - Buddy Dive Bonaire\" \/>\n<meta property=\"og:description\" content=\"Hacer el IDC le brinda la oportunidad de hacer lo que ama y bucear todos los d\u00edas en los lugares m\u00e1s hermosos de la tierra.\" \/>\n<meta property=\"og:url\" content=\"https:\/\/buddydive.com\/es\/submarinismo\/curso-de-desarrollo-de-instructores-padi-idc\/el-idc-todo-lo-que-necesita-saber\/\" \/>\n<meta property=\"og:site_name\" content=\"Buddy Dive Bonaire\" \/>\n<meta property=\"article:publisher\" content=\"https:\/\/www.facebook.com\/buddydiveresort\" \/>\n<meta property=\"article:modified_time\" content=\"2026-02-09T17:03:05+00:00\" \/>\n<meta name=\"twitter:card\" content=\"summary_large_image\" \/>\n<meta name=\"twitter:site\" content=\"@buddydive\" \/>\n<meta name=\"twitter:label1\" content=\"Tiempo de lectura\" \/>\n\t<meta name=\"twitter:data1\" content=\"4 minutos\" \/>\n<script type=\"application\/ld+json\" class=\"yoast-schema-graph\">{\"@context\":\"https:\\\/\\\/schema.org\",\"@graph\":[{\"@type\":\"WebPage\",\"@id\":\"https:\\\/\\\/buddydive.com\\\/es\\\/submarinismo\\\/curso-de-desarrollo-de-instructores-padi-idc\\\/el-idc-todo-lo-que-necesita-saber\\\/\",\"url\":\"https:\\\/\\\/buddydive.com\\\/es\\\/submarinismo\\\/curso-de-desarrollo-de-instructores-padi-idc\\\/el-idc-todo-lo-que-necesita-saber\\\/\",\"name\":\"El IDC; todo lo que necesita saber - Buddy Dive Bonaire\",\"isPartOf\":{\"@id\":\"https:\\\/\\\/buddydive.com\\\/es\\\/#website\"},\"datePublished\":\"2025-07-03T09:52:51+00:00\",\"dateModified\":\"2026-02-09T17:03:05+00:00\",\"description\":\"Hacer el IDC le brinda la oportunidad de hacer lo que ama y bucear todos los d\u00edas en los lugares m\u00e1s hermosos de la tierra.\",\"breadcrumb\":{\"@id\":\"https:\\\/\\\/buddydive.com\\\/es\\\/submarinismo\\\/curso-de-desarrollo-de-instructores-padi-idc\\\/el-idc-todo-lo-que-necesita-saber\\\/#breadcrumb\"},\"inLanguage\":\"es\",\"potentialAction\":[{\"@type\":\"ReadAction\",\"target\":[\"https:\\\/\\\/buddydive.com\\\/es\\\/submarinismo\\\/curso-de-desarrollo-de-instructores-padi-idc\\\/el-idc-todo-lo-que-necesita-saber\\\/\"]}]},{\"@type\":\"BreadcrumbList\",\"@id\":\"https:\\\/\\\/buddydive.com\\\/es\\\/submarinismo\\\/curso-de-desarrollo-de-instructores-padi-idc\\\/el-idc-todo-lo-que-necesita-saber\\\/#breadcrumb\",\"itemListElement\":[{\"@type\":\"ListItem\",\"position\":1,\"name\":\"Home\",\"item\":\"https:\\\/\\\/buddydive.com\\\/es\\\/\"},{\"@type\":\"ListItem\",\"position\":2,\"name\":\"Submarinismo\",\"item\":\"https:\\\/\\\/buddydive.com\\\/es\\\/submarinismo\\\/\"},{\"@type\":\"ListItem\",\"position\":3,\"name\":\"Curso de desarrollo de instructores &#8211; PADI IDC\",\"item\":\"https:\\\/\\\/buddydive.com\\\/es\\\/submarinismo\\\/curso-de-desarrollo-de-instructores-padi-idc\\\/\"},{\"@type\":\"ListItem\",\"position\":4,\"name\":\"El IDC; todo lo que necesita saber\"}]},{\"@type\":\"WebSite\",\"@id\":\"https:\\\/\\\/buddydive.com\\\/es\\\/#website\",\"url\":\"https:\\\/\\\/buddydive.com\\\/es\\\/\",\"name\":\"Buddy Dive Bonaire\",\"description\":\"My WordPress Blog\",\"potentialAction\":[{\"@type\":\"SearchAction\",\"target\":{\"@type\":\"EntryPoint\",\"urlTemplate\":\"https:\\\/\\\/buddydive.com\\\/es\\\/?s={search_term_string}\"},\"query-input\":{\"@type\":\"PropertyValueSpecification\",\"valueRequired\":true,\"valueName\":\"search_term_string\"}}],\"inLanguage\":\"es\"}]}<\/script>\n<!-- \/ Yoast SEO plugin. -->","yoast_head_json":{"title":"El IDC; todo lo que necesita saber - Buddy Dive Bonaire","description":"Hacer el IDC le brinda la oportunidad de hacer lo que ama y bucear todos los d\u00edas en los lugares m\u00e1s hermosos de la tierra.","robots":{"index":"index","follow":"follow","max-snippet":"max-snippet:-1","max-image-preview":"max-image-preview:large","max-video-preview":"max-video-preview:-1"},"canonical":"https:\/\/buddydive.com\/es\/submarinismo\/curso-de-desarrollo-de-instructores-padi-idc\/el-idc-todo-lo-que-necesita-saber\/","og_locale":"es_ES","og_type":"article","og_title":"El IDC; todo lo que necesita saber - Buddy Dive Bonaire","og_description":"Hacer el IDC le brinda la oportunidad de hacer lo que ama y bucear todos los d\u00edas en los lugares m\u00e1s hermosos de la tierra.","og_url":"https:\/\/buddydive.com\/es\/submarinismo\/curso-de-desarrollo-de-instructores-padi-idc\/el-idc-todo-lo-que-necesita-saber\/","og_site_name":"Buddy Dive Bonaire","article_publisher":"https:\/\/www.facebook.com\/buddydiveresort","article_modified_time":"2026-02-09T17:03:05+00:00","twitter_card":"summary_large_image","twitter_site":"@buddydive","twitter_misc":{"Tiempo de lectura":"4 minutos"},"schema":{"@context":"https:\/\/schema.org","@graph":[{"@type":"WebPage","@id":"https:\/\/buddydive.com\/es\/submarinismo\/curso-de-desarrollo-de-instructores-padi-idc\/el-idc-todo-lo-que-necesita-saber\/","url":"https:\/\/buddydive.com\/es\/submarinismo\/curso-de-desarrollo-de-instructores-padi-idc\/el-idc-todo-lo-que-necesita-saber\/","name":"El IDC; todo lo que necesita saber - Buddy Dive Bonaire","isPartOf":{"@id":"https:\/\/buddydive.com\/es\/#website"},"datePublished":"2025-07-03T09:52:51+00:00","dateModified":"2026-02-09T17:03:05+00:00","description":"Hacer el IDC le brinda la oportunidad de hacer lo que ama y bucear todos los d\u00edas en los lugares m\u00e1s hermosos de la tierra.","breadcrumb":{"@id":"https:\/\/buddydive.com\/es\/submarinismo\/curso-de-desarrollo-de-instructores-padi-idc\/el-idc-todo-lo-que-necesita-saber\/#breadcrumb"},"inLanguage":"es","potentialAction":[{"@type":"ReadAction","target":["https:\/\/buddydive.com\/es\/submarinismo\/curso-de-desarrollo-de-instructores-padi-idc\/el-idc-todo-lo-que-necesita-saber\/"]}]},{"@type":"BreadcrumbList","@id":"https:\/\/buddydive.com\/es\/submarinismo\/curso-de-desarrollo-de-instructores-padi-idc\/el-idc-todo-lo-que-necesita-saber\/#breadcrumb","itemListElement":[{"@type":"ListItem","position":1,"name":"Home","item":"https:\/\/buddydive.com\/es\/"},{"@type":"ListItem","position":2,"name":"Submarinismo","item":"https:\/\/buddydive.com\/es\/submarinismo\/"},{"@type":"ListItem","position":3,"name":"Curso de desarrollo de instructores &#8211; PADI IDC","item":"https:\/\/buddydive.com\/es\/submarinismo\/curso-de-desarrollo-de-instructores-padi-idc\/"},{"@type":"ListItem","position":4,"name":"El IDC; todo lo que necesita saber"}]},{"@type":"WebSite","@id":"https:\/\/buddydive.com\/es\/#website","url":"https:\/\/buddydive.com\/es\/","name":"Buddy Dive Bonaire","description":"My WordPress Blog","potentialAction":[{"@type":"SearchAction","target":{"@type":"EntryPoint","urlTemplate":"https:\/\/buddydive.com\/es\/?s={search_term_string}"},"query-input":{"@type":"PropertyValueSpecification","valueRequired":true,"valueName":"search_term_string"}}],"inLanguage":"es"}]}},"_links":{"self":[{"href":"https:\/\/buddydive.com\/es\/wp-json\/wp\/v2\/pages\/32467","targetHints":{"allow":["GET"]}}],"collection":[{"href":"https:\/\/buddydive.com\/es\/wp-json\/wp\/v2\/pages"}],"about":[{"href":"https:\/\/buddydive.com\/es\/wp-json\/wp\/v2\/types\/page"}],"author":[{"embeddable":true,"href":"https:\/\/buddydive.com\/es\/wp-json\/wp\/v2\/users\/2"}],"replies":[{"embeddable":true,"href":"https:\/\/buddydive.com\/es\/wp-json\/wp\/v2\/comments?post=32467"}],"version-history":[{"count":3,"href":"https:\/\/buddydive.com\/es\/wp-json\/wp\/v2\/pages\/32467\/revisions"}],"predecessor-version":[{"id":35754,"href":"https:\/\/buddydive.com\/es\/wp-json\/wp\/v2\/pages\/32467\/revisions\/35754"}],"up":[{"embeddable":true,"href":"https:\/\/buddydive.com\/es\/wp-json\/wp\/v2\/pages\/32774"}],"wp:attachment":[{"href":"https:\/\/buddydive.com\/es\/wp-json\/wp\/v2\/media?parent=32467"}],"curies":[{"name":"wp","href":"https:\/\/api.w.org\/{rel}","templated":true}]}}