{"id":32460,"date":"2025-07-03T09:52:47","date_gmt":"2025-07-03T09:52:47","guid":{"rendered":"https:\/\/buddydive.com\/acerca-de-nosotros\/sostenibilidad\/"},"modified":"2026-02-03T11:30:24","modified_gmt":"2026-02-03T11:30:24","slug":"sostenibilidad","status":"publish","type":"page","link":"https:\/\/buddydive.com\/es\/acerca-de-nosotros\/sostenibilidad\/","title":{"rendered":"Sostenibilidad"},"content":{"rendered":"<div class=\"wpb-content-wrapper\">[vc_row][vc_column width=\u00bb1\/2&#8243;][vc_column_text]\n<h1 class=\"text-uppercase\" style=\"text-align: center;\"><small>Tus compa\u00f1eros \u2122 se centran en<br \/>\n<\/small> la sostenibilidad<\/h1>\n<p>Buddy Dive Resort Bonaire se centra cada vez m\u00e1s en un nivel de sostenibilidad social y medioambiental. Aunque Bonaire es una isla peque\u00f1a, nos esforzamos por crear un mundo mejor juntos. Por lo tanto, se busca una mayor eficiencia en todas nuestras decisiones empresariales.<\/p>\n<p>La naturaleza de Bonaire es impresionante, tanto bajo el agua como en la superficie. Nos gustar\u00eda que siguiera as\u00ed, por eso nos centramos en la responsabilidad social corporativa, la sostenibilidad y el atractivo de la isla. Para nosotros, pero tambi\u00e9n para las generaciones venideras.[\/vc_column_text][\/vc_column][vc_column width=\u00bb1\/2&#8243;][vc_gallery images=\u00bb32462,32463,32464,3890&#8243; img_size=\u00bbmedium\u00bb columns=\u00bb2&#8243; masonry=\u00bbfitRows\u00bb][\/vc_column][\/vc_row][vc_row css=\u00bb.vc_custom_1570350933674{margin-top: -10px !important;}\u00bb][vc_column][vc_column_text]\n<h4>Fundaci\u00f3n de renovaci\u00f3n de arrecifes Bonaire<\/h4>\n<p>Desde 2012, <a href=\"https:\/\/www.reefrenewalbonaire.org\/\">Reef Renewal Foundation Bonaire<\/a>, una organizaci\u00f3n sin \u00e1nimo de lucro, se dedica a ayudar a la recuperaci\u00f3n natural de los arrecifes de Bonaire a trav\u00e9s de la restauraci\u00f3n activa a gran escala. Con el apoyo de la investigaci\u00f3n y la colaboraci\u00f3n en todo el mundo, utilizan t\u00e9cnicas innovadoras para restaurar las especies de coral, al tiempo que educan, involucran e inspiran a la comunidad para que act\u00fae en la preservaci\u00f3n de nuestros arrecifes.<br \/>\nBuddy Dive Resort ha sido el socio fundador de Reef Renewal Foundation Bonaire desde su creaci\u00f3n en 2012. Los primeros viveros y lugares de trasplante, as\u00ed como la primera oficina, estuvieron en Buddy Dive Resort. Adem\u00e1s, la primera formaci\u00f3n de personal, voluntarios y la ense\u00f1anza de cursos de especialidad de Reef Renewal tuvieron lugar en Buddy Dive Resort. Estamos orgullosos de ser socios de esta fundaci\u00f3n progresista e inspiradora<\/p>\n<h4>El bono de Bonaire<\/h4>\n<p>En 2022, Tourism Corporation Bonaire inici\u00f3 el <a href=\"https:\/\/bonaireisland.com\/about\/bonaire-bond\/\">Bonaire Bond<\/a>. El Bono de Bonaire es una promesa que todos los visitantes de Bonaire pueden firmar. En esta promesa, muestras tu compromiso con el uso sostenible de los recursos oce\u00e1nicos y tu respeto por la cultura, los animales y los parques nacionales de Bonaire. Prometes ser eco-consciente y ser un amigo de la isla. Tourism Corporation Bonaire adoptar\u00e1 un \u00e1rbol de vivero de coral de Reef Renewal Bonaire en nombre de las personas que firmen el Bono de Bonaire. Animamos a todos nuestros hu\u00e9spedes a firmar el Bono de Bonaire y a comprometerse a utilizar los recursos de nuestra isla de forma sostenible.<\/p>\n<h4>Sistema de purificaci\u00f3n de agua<\/h4>\n<p>Puedes beber agua del grifo durante tu estancia en Buddy Dive Resort. Buddy Dive utiliza un sistema de purificaci\u00f3n de agua para la desalinizaci\u00f3n, una de las pocas fuentes de agua independientes de la lluvia para el uso humano. La desalinizaci\u00f3n es un proceso que extrae la sal y los minerales del agua del oc\u00e9ano mediante \u00f3smosis inversa. As\u00ed que trae tu botella de agua reutilizable y \u00a1mantente hidratado!<\/p>\n<h4>Reducir el consumo de agua y electricidad<\/h4>\n<p>Intentamos concienciar a nuestros hu\u00e9spedes sobre el derroche innecesario de agua y electricidad en nuestras habitaciones. Porque t\u00fa tambi\u00e9n puedes ayudar. Por favor, apaga el aire acondicionado y las luces al salir de la habitaci\u00f3n. Coloca las toallas en el tendedero para volver a usarlas o col\u00f3calas en el suelo para lavarlas.<\/p>\n<h4>Biodiversidad<\/h4>\n<p>El pez le\u00f3n invasor est\u00e1 da\u00f1ando los sistemas de arrecifes de coral nativos en las aguas del Caribe. Muchos peces de arrecife est\u00e1n amenazados en su entorno natural. Para mantener la poblaci\u00f3n de peces equilibrada, cazamos el pez le\u00f3n durante las inmersiones y ofrecemos un curso de especialidad de cazador de pez le\u00f3n. Trae tu propio pez le\u00f3n capturado entre las 15:00 y las 17:00 en el restaurante Blennies y lo limpiaremos y cocinaremos a la perfecci\u00f3n para que lo disfrutes en la cena del mismo d\u00eda.<\/p>\n<h4>Reciclaje<\/h4>\n<p>Buddy Dive Resort es la segunda empresa de la isla que empez\u00f3 a utilizar una compactadora para procesar y separar sus residuos de forma eficiente y sostenible. El contenedor puede procesar pl\u00e1stico, cart\u00f3n y residuos residuales, y facilita la eliminaci\u00f3n de residuos de forma higi\u00e9nica y eficiente.<br \/>\nLas sobras de comida de los restaurantes se recogen todos los d\u00edas y se llevan a los agricultores locales. Ellos las utilizan para alimentar a su ganado. Adem\u00e1s, no est\u00e1 permitido vender o regalar bolsas de pl\u00e1stico desechables, removedores, pajitas, cubiertos y recipientes de comida de poliestireno en Bonaire. Nuestras cajas de comida para llevar en los restaurantes son biodegradables y utilizamos bolsas ecol\u00f3gicas en nuestras tiendas. Esto reduce significativamente los residuos. Para la limpieza y la lavander\u00eda, utilizamos productos biodegradables.<\/p>\n<h4>STINAPA<\/h4>\n<p><a href=\"https:\/\/stinapabonaire.org\/\">Stinapa<\/a> (Stichting Nationale Parken) Bonaire se cre\u00f3 en 1962 para proteger todas las reservas naturales en Bonaire y sus alrededores. La misi\u00f3n de STINAPA es preservar y mantener el patrimonio natural, cultural e hist\u00f3rico de Bonaire. Para ello, los buceadores, los esn\u00f3rqueles y otros participantes en actividades acu\u00e1ticas est\u00e1n obligados a comprar un <a href=\"https:\/\/stinapa.bonairenaturefee.org\/\">STINAPA Nature Tag<\/a> (digital) antes de entrar en las aguas de Bonaire. Es obligatorio que todos los usuarios del parque marino cumplan con las <a href=\"https:\/\/stinapabonaire.org\/bonaire-national-marine-park\/\">Normas del Parque Marino<\/a>. En Buddy Dive Resort nos adherimos a las normas del parque marino y animamos a nuestros hu\u00e9spedes a que tambi\u00e9n lo hagan.[\/vc_column_text][vc_cta h2=\u00bbParticipaci\u00f3n de la comunidad\u00bb txt_align=\u00bbcenter\u00bb add_button=\u00bbbottom\u00bb btn_title=\u00bbParticipaci\u00f3n de la comunidad \u00bb btn_align=\u00bbcenter\u00bb btn_link=\u00bburl:https%3A%2F%2Fbuddydive.com%2Fes%2Fparticipacion-de-la-comunidad%2F|title:Participaci%C3%B3n%20de%20la%20comunidad|target:_blank|\u00bb]As\u00ed es como Your Buddies en Bonaire contribuyen a un Bonaire mejor para todos involucrando a la comunidad.[\/vc_cta][\/vc_column][\/vc_row][vc_row][vc_column][vc_raw_js]JTNDc2NyaXB0JTIwdHlwZSUzRCUyMnRleHQlMkZqYXZhc2NyaXB0JTIyJTNFJTBBd2luZG93LlRyZW5nbyUyMCUzRCUyMHdpbmRvdy5UcmVuZ28lMjAlN0MlN0MlMjAlN0IlN0QlM0IlMEF3aW5kb3cuVHJlbmdvLmtleSUyMCUzRCUyMCUyN1E5SGI4dlBvS2VnRDFBSSUyNyUzQiUwQSUyOGZ1bmN0aW9uJTI4ZCUyQyUyMHNjcmlwdCUyQyUyMHQlMjklMjAlN0IlMEElMjAlMjAlMjAlMjBzY3JpcHQlMjAlM0QlMjBkLmNyZWF0ZUVsZW1lbnQlMjglMjdzY3JpcHQlMjclMjklM0IlMEElMjAlMjAlMjAlMjBzY3JpcHQudHlwZSUyMCUzRCUyMCUyN3RleHQlMkZqYXZhc2NyaXB0JTI3JTNCJTBBJTIwJTIwJTIwJTIwc2NyaXB0LmFzeW5jJTIwJTNEJTIwdHJ1ZSUzQiUwQSUyMCUyMCUyMCUyMHNjcmlwdC5zcmMlMjAlM0QlMjAlMjdodHRwcyUzQSUyRiUyRnN0YXRpYy53aWRnZXQudHJlbmdvLmV1JTJGZW1iZWQuanMlMjclM0IlMEElMjAlMjAlMjAlMjBkLmdldEVsZW1lbnRzQnlUYWdOYW1lJTI4JTI3aGVhZCUyNyUyOSU1QjAlNUQuYXBwZW5kQ2hpbGQlMjhzY3JpcHQlMjklM0IlMEElN0QlMjhkb2N1bWVudCUyOSUyOSUzQiUwQSUzQyUyRnNjcmlwdCUzRQ==[\/vc_raw_js][\/vc_column][\/vc_row]\n<\/div>","protected":false},"excerpt":{"rendered":"<p>[vc_row][vc_column width=\u00bb1\/2&#8243;][vc_column_text] Tus compa\u00f1eros \u2122 se centran en la sostenibilidad Buddy Dive Resort Bonaire se centra cada vez m\u00e1s en [&hellip;]<\/p>\n","protected":false},"author":1,"featured_media":0,"parent":32453,"menu_order":0,"comment_status":"closed","ping_status":"closed","template":"","meta":{"footnotes":""},"class_list":["post-32460","page","type-page","status-publish","hentry"],"yoast_head":"<!-- This site is optimized with the Yoast SEO plugin v27.4 - https:\/\/yoast.com\/product\/yoast-seo-wordpress\/ -->\n<title>Sostenibilidad - Buddy Dive Resort Bonaire<\/title>\n<meta name=\"description\" content=\"Buddy Dive Resort se centra en un nivel de sostenibilidad social y medioambiental. Nos esforzamos por crear un mundo mejor juntos.\" \/>\n<meta name=\"robots\" content=\"index, follow, max-snippet:-1, max-image-preview:large, max-video-preview:-1\" \/>\n<link rel=\"canonical\" href=\"https:\/\/buddydive.com\/es\/acerca-de-nosotros\/sostenibilidad\/\" \/>\n<meta property=\"og:locale\" content=\"es_ES\" \/>\n<meta property=\"og:type\" content=\"article\" \/>\n<meta property=\"og:title\" content=\"Sostenibilidad - Buddy Dive Resort Bonaire\" \/>\n<meta property=\"og:description\" content=\"Buddy Dive Resort se centra en un nivel de sostenibilidad social y medioambiental. Nos esforzamos por crear un mundo mejor juntos.\" \/>\n<meta property=\"og:url\" content=\"https:\/\/buddydive.com\/es\/acerca-de-nosotros\/sostenibilidad\/\" \/>\n<meta property=\"og:site_name\" content=\"Buddy Dive Bonaire\" \/>\n<meta property=\"article:publisher\" content=\"https:\/\/www.facebook.com\/buddydiveresort\" \/>\n<meta property=\"article:modified_time\" content=\"2026-02-03T11:30:24+00:00\" \/>\n<meta name=\"twitter:card\" content=\"summary_large_image\" \/>\n<meta name=\"twitter:site\" content=\"@buddydive\" \/>\n<meta name=\"twitter:label1\" content=\"Tiempo de lectura\" \/>\n\t<meta name=\"twitter:data1\" content=\"4 minutos\" \/>\n<script type=\"application\/ld+json\" class=\"yoast-schema-graph\">{\"@context\":\"https:\\\/\\\/schema.org\",\"@graph\":[{\"@type\":\"WebPage\",\"@id\":\"https:\\\/\\\/buddydive.com\\\/es\\\/acerca-de-nosotros\\\/sostenibilidad\\\/\",\"url\":\"https:\\\/\\\/buddydive.com\\\/es\\\/acerca-de-nosotros\\\/sostenibilidad\\\/\",\"name\":\"Sostenibilidad - Buddy Dive Resort Bonaire\",\"isPartOf\":{\"@id\":\"https:\\\/\\\/buddydive.com\\\/es\\\/#website\"},\"datePublished\":\"2025-07-03T09:52:47+00:00\",\"dateModified\":\"2026-02-03T11:30:24+00:00\",\"description\":\"Buddy Dive Resort se centra en un nivel de sostenibilidad social y medioambiental. Nos esforzamos por crear un mundo mejor juntos.\",\"breadcrumb\":{\"@id\":\"https:\\\/\\\/buddydive.com\\\/es\\\/acerca-de-nosotros\\\/sostenibilidad\\\/#breadcrumb\"},\"inLanguage\":\"es\",\"potentialAction\":[{\"@type\":\"ReadAction\",\"target\":[\"https:\\\/\\\/buddydive.com\\\/es\\\/acerca-de-nosotros\\\/sostenibilidad\\\/\"]}]},{\"@type\":\"BreadcrumbList\",\"@id\":\"https:\\\/\\\/buddydive.com\\\/es\\\/acerca-de-nosotros\\\/sostenibilidad\\\/#breadcrumb\",\"itemListElement\":[{\"@type\":\"ListItem\",\"position\":1,\"name\":\"Home\",\"item\":\"https:\\\/\\\/buddydive.com\\\/es\\\/\"},{\"@type\":\"ListItem\",\"position\":2,\"name\":\"Acerca de nosotros\",\"item\":\"https:\\\/\\\/buddydive.com\\\/es\\\/acerca-de-nosotros\\\/\"},{\"@type\":\"ListItem\",\"position\":3,\"name\":\"Sostenibilidad\"}]},{\"@type\":\"WebSite\",\"@id\":\"https:\\\/\\\/buddydive.com\\\/es\\\/#website\",\"url\":\"https:\\\/\\\/buddydive.com\\\/es\\\/\",\"name\":\"Buddy Dive Bonaire\",\"description\":\"My WordPress Blog\",\"potentialAction\":[{\"@type\":\"SearchAction\",\"target\":{\"@type\":\"EntryPoint\",\"urlTemplate\":\"https:\\\/\\\/buddydive.com\\\/es\\\/?s={search_term_string}\"},\"query-input\":{\"@type\":\"PropertyValueSpecification\",\"valueRequired\":true,\"valueName\":\"search_term_string\"}}],\"inLanguage\":\"es\"}]}<\/script>\n<!-- \/ Yoast SEO plugin. -->","yoast_head_json":{"title":"Sostenibilidad - Buddy Dive Resort Bonaire","description":"Buddy Dive Resort se centra en un nivel de sostenibilidad social y medioambiental. Nos esforzamos por crear un mundo mejor juntos.","robots":{"index":"index","follow":"follow","max-snippet":"max-snippet:-1","max-image-preview":"max-image-preview:large","max-video-preview":"max-video-preview:-1"},"canonical":"https:\/\/buddydive.com\/es\/acerca-de-nosotros\/sostenibilidad\/","og_locale":"es_ES","og_type":"article","og_title":"Sostenibilidad - Buddy Dive Resort Bonaire","og_description":"Buddy Dive Resort se centra en un nivel de sostenibilidad social y medioambiental. Nos esforzamos por crear un mundo mejor juntos.","og_url":"https:\/\/buddydive.com\/es\/acerca-de-nosotros\/sostenibilidad\/","og_site_name":"Buddy Dive Bonaire","article_publisher":"https:\/\/www.facebook.com\/buddydiveresort","article_modified_time":"2026-02-03T11:30:24+00:00","twitter_card":"summary_large_image","twitter_site":"@buddydive","twitter_misc":{"Tiempo de lectura":"4 minutos"},"schema":{"@context":"https:\/\/schema.org","@graph":[{"@type":"WebPage","@id":"https:\/\/buddydive.com\/es\/acerca-de-nosotros\/sostenibilidad\/","url":"https:\/\/buddydive.com\/es\/acerca-de-nosotros\/sostenibilidad\/","name":"Sostenibilidad - Buddy Dive Resort Bonaire","isPartOf":{"@id":"https:\/\/buddydive.com\/es\/#website"},"datePublished":"2025-07-03T09:52:47+00:00","dateModified":"2026-02-03T11:30:24+00:00","description":"Buddy Dive Resort se centra en un nivel de sostenibilidad social y medioambiental. Nos esforzamos por crear un mundo mejor juntos.","breadcrumb":{"@id":"https:\/\/buddydive.com\/es\/acerca-de-nosotros\/sostenibilidad\/#breadcrumb"},"inLanguage":"es","potentialAction":[{"@type":"ReadAction","target":["https:\/\/buddydive.com\/es\/acerca-de-nosotros\/sostenibilidad\/"]}]},{"@type":"BreadcrumbList","@id":"https:\/\/buddydive.com\/es\/acerca-de-nosotros\/sostenibilidad\/#breadcrumb","itemListElement":[{"@type":"ListItem","position":1,"name":"Home","item":"https:\/\/buddydive.com\/es\/"},{"@type":"ListItem","position":2,"name":"Acerca de nosotros","item":"https:\/\/buddydive.com\/es\/acerca-de-nosotros\/"},{"@type":"ListItem","position":3,"name":"Sostenibilidad"}]},{"@type":"WebSite","@id":"https:\/\/buddydive.com\/es\/#website","url":"https:\/\/buddydive.com\/es\/","name":"Buddy Dive Bonaire","description":"My WordPress Blog","potentialAction":[{"@type":"SearchAction","target":{"@type":"EntryPoint","urlTemplate":"https:\/\/buddydive.com\/es\/?s={search_term_string}"},"query-input":{"@type":"PropertyValueSpecification","valueRequired":true,"valueName":"search_term_string"}}],"inLanguage":"es"}]}},"_links":{"self":[{"href":"https:\/\/buddydive.com\/es\/wp-json\/wp\/v2\/pages\/32460","targetHints":{"allow":["GET"]}}],"collection":[{"href":"https:\/\/buddydive.com\/es\/wp-json\/wp\/v2\/pages"}],"about":[{"href":"https:\/\/buddydive.com\/es\/wp-json\/wp\/v2\/types\/page"}],"author":[{"embeddable":true,"href":"https:\/\/buddydive.com\/es\/wp-json\/wp\/v2\/users\/1"}],"replies":[{"embeddable":true,"href":"https:\/\/buddydive.com\/es\/wp-json\/wp\/v2\/comments?post=32460"}],"version-history":[{"count":4,"href":"https:\/\/buddydive.com\/es\/wp-json\/wp\/v2\/pages\/32460\/revisions"}],"predecessor-version":[{"id":36522,"href":"https:\/\/buddydive.com\/es\/wp-json\/wp\/v2\/pages\/32460\/revisions\/36522"}],"up":[{"embeddable":true,"href":"https:\/\/buddydive.com\/es\/wp-json\/wp\/v2\/pages\/32453"}],"wp:attachment":[{"href":"https:\/\/buddydive.com\/es\/wp-json\/wp\/v2\/media?parent=32460"}],"curies":[{"name":"wp","href":"https:\/\/api.w.org\/{rel}","templated":true}]}}