{"id":32453,"date":"2025-07-03T09:52:44","date_gmt":"2025-07-03T09:52:44","guid":{"rendered":"https:\/\/buddydive.com\/acerca-de-nosotros\/"},"modified":"2025-10-06T14:25:32","modified_gmt":"2025-10-06T14:25:32","slug":"acerca-de-nosotros","status":"publish","type":"page","link":"https:\/\/buddydive.com\/es\/acerca-de-nosotros\/","title":{"rendered":"Acerca de nosotros"},"content":{"rendered":"<div class=\"wpb-content-wrapper\">[vc_row][vc_column][vc_column_text css=\u00bb\u00bb]\n<h1 class=\"text-uppercase\" style=\"text-align: center;\"><small>Bienvenido a Bonaire y bienvenido a la<br \/>\n<\/small>familia Buddy Dive<\/h1>\n<h4>El a\u00f1o 2025 es un a\u00f1o especial para nosotros como familia Buddy Dive; marca el 45 aniversario de Buddy Dive Resort.<\/h4>\n<p>El resort abri\u00f3 sus puertas por primera vez el <strong>19 de agosto de 1980<\/strong> y es seguro que han pasado y cambiado muchas cosas desde entonces. Cuando hable con los hu\u00e9spedes que se han alojado con nosotros antes, es muy probable que tengan muchas historias de aquellos tiempos, que pueden compartir con usted.<\/p>\n<p>Martien van der Valk, jefe de la familia Buddy Dive, recuerda: \u201cCuando mi esposa Ingrid y yo<br \/>\nadquirimos Buddy Dive Resort &amp; Watersports en 2002, el resort solo ten\u00eda 46 apartamentos, una peque\u00f1a operaci\u00f3n de buceo con 3 barcos y 20 coches de alquiler.\u201d Hoy en d\u00eda, el resort ofrece 73 apartamentos, m\u00e1s de 100 coches de alquiler y 2 restaurantes. La operaci\u00f3n de buceo ha crecido y ahora es un Centro de Desarrollo Profesional PADI de 5 estrellas con 6 barcos de buceo, una amplia gama de opciones de buceo, cursos, programas para ni\u00f1os y la instalaci\u00f3n de buceo t\u00e9cnico m\u00e1s grande del Caribe.<\/p>\n<p>En 2012 fundamos una fundaci\u00f3n para proteger y restaurar los arrecifes de coral en Bonaire; Reef Renewal<br \/>\nFoundation Bonaire se ha convertido en una fundaci\u00f3n bien establecida con m\u00faltiples tiendas de buceo participantes en la isla. Hasta la fecha, Reef Renewal Bonaire ha plantado m\u00e1s de 22.000 corales de vuelta en nuestros arrecifes.<\/p>\n<p>Hay bastantes cosas de las que estar orgulloso, contin\u00faa Martien: \u201cMi esposa y yo tambi\u00e9n estamos orgullosos de haber podido entregar la gesti\u00f3n a la siguiente generaci\u00f3n, que seguir\u00e1 nuestros pasos y perseguir\u00e1 nuestra misi\u00f3n de que Buddy Dive Resort sea el resort y la operaci\u00f3n de buceo de referencia para sus vacaciones de buceo y su formaci\u00f3n en buceo.<br \/>\nTambi\u00e9n estamos muy orgullosos del n\u00famero de hu\u00e9spedes que se unieron a nuestra familia Buddy Dive a lo largo de los a\u00f1os y se convirtieron en un fant\u00e1stico grupo de hu\u00e9spedes repetidores, \u00a1algunos de los cuales han regresado anualmente durante 25 a\u00f1os! El grupo sigue creciendo cada a\u00f1o.\u201d<\/p>\n<p>Para aquellos que a\u00fan no han estado en Bonaire; esperamos darle la bienvenida pronto a una de nuestras propiedades y permitirle experimentar todas las maravillas de nuestra hermosa isla.<\/p>\n<h5>\u00a1A todos los dem\u00e1s; esperamos verle de nuevo pronto!<\/h5>\n[\/vc_column_text][vc_gallery images=\u00bb4063,4064&#8243; img_size=\u00bblarge\u00bb columns=\u00bb2&#8243;][\/vc_column][\/vc_row][vc_row][vc_column][vc_raw_js]JTNDc2NyaXB0JTIwdHlwZSUzRCUyMnRleHQlMkZqYXZhc2NyaXB0JTIyJTNFJTBBd2luZG93LlRyZW5nbyUyMCUzRCUyMHdpbmRvdy5UcmVuZ28lMjAlN0MlN0MlMjAlN0IlN0QlM0IlMEF3aW5kb3cuVHJlbmdvLmtleSUyMCUzRCUyMCUyN1E5SGI4dlBvS2VnRDFBSSUyNyUzQiUwQSUyOGZ1bmN0aW9uJTI4ZCUyQyUyMHNjcmlwdCUyQyUyMHQlMjklMjAlN0IlMEElMjAlMjAlMjAlMjBzY3JpcHQlMjAlM0QlMjBkLmNyZWF0ZUVsZW1lbnQlMjglMjdzY3JpcHQlMjclMjklM0IlMEElMjAlMjAlMjAlMjBzY3JpcHQudHlwZSUyMCUzRCUyMCUyN3RleHQlMkZqYXZhc2NyaXB0JTI3JTNCJTBBJTIwJTIwJTIwJTIwc2NyaXB0LmFzeW5jJTIwJTNEJTIwdHJ1ZSUzQiUwQSUyMCUyMCUyMCUyMHNjcmlwdC5zcmMlMjAlM0QlMjAlMjdodHRwcyUzQSUyRiUyRnN0YXRpYy53aWRnZXQudHJlbmdvLmV1JTJGZW1iZWQuanMlMjclM0IlMEElMjAlMjAlMjAlMjBkLmdldEVsZW1lbnRzQnlUYWdOYW1lJTI4JTI3aGVhZCUyNyUyOSU1QjAlNUQuYXBwZW5kQ2hpbGQlMjhzY3JpcHQlMjklM0IlMEElN0QlMjhkb2N1bWVudCUyOSUyOSUzQiUwQSUzQyUyRnNjcmlwdCUzRQ==[\/vc_raw_js][\/vc_column][\/vc_row]\n<\/div>","protected":false},"excerpt":{"rendered":"<p>[vc_row][vc_column][vc_column_text css=\u00bb\u00bb] Bienvenido a Bonaire y bienvenido a la familia Buddy Dive El a\u00f1o 2025 es un a\u00f1o especial para [&hellip;]<\/p>\n","protected":false},"author":1,"featured_media":0,"parent":0,"menu_order":0,"comment_status":"closed","ping_status":"closed","template":"page-templates\/page-left.php","meta":{"footnotes":""},"class_list":["post-32453","page","type-page","status-publish","hentry"],"yoast_head":"<!-- This site is optimized with the Yoast SEO plugin v27.4 - https:\/\/yoast.com\/product\/yoast-seo-wordpress\/ -->\n<title>Sobre Buddy Dive Resort<\/title>\n<meta name=\"description\" content=\"Buddy Dive: resort de buceo familiar.\" \/>\n<meta name=\"robots\" content=\"index, follow, max-snippet:-1, max-image-preview:large, max-video-preview:-1\" \/>\n<link rel=\"canonical\" href=\"https:\/\/buddydive.com\/es\/acerca-de-nosotros\/\" \/>\n<meta property=\"og:locale\" content=\"es_ES\" \/>\n<meta property=\"og:type\" content=\"article\" \/>\n<meta property=\"og:title\" content=\"Sobre Buddy Dive Resort\" \/>\n<meta property=\"og:description\" content=\"Buddy Dive: resort de buceo familiar.\" \/>\n<meta property=\"og:url\" content=\"https:\/\/buddydive.com\/es\/acerca-de-nosotros\/\" \/>\n<meta property=\"og:site_name\" content=\"Buddy Dive Bonaire\" \/>\n<meta property=\"article:publisher\" content=\"https:\/\/www.facebook.com\/buddydiveresort\" \/>\n<meta property=\"article:modified_time\" content=\"2025-10-06T14:25:32+00:00\" \/>\n<meta name=\"twitter:card\" content=\"summary_large_image\" \/>\n<meta name=\"twitter:site\" content=\"@buddydive\" \/>\n<meta name=\"twitter:label1\" content=\"Tiempo de lectura\" \/>\n\t<meta name=\"twitter:data1\" content=\"2 minutos\" \/>\n<script type=\"application\/ld+json\" class=\"yoast-schema-graph\">{\"@context\":\"https:\\\/\\\/schema.org\",\"@graph\":[{\"@type\":\"WebPage\",\"@id\":\"https:\\\/\\\/buddydive.com\\\/es\\\/acerca-de-nosotros\\\/\",\"url\":\"https:\\\/\\\/buddydive.com\\\/es\\\/acerca-de-nosotros\\\/\",\"name\":\"Sobre Buddy Dive Resort\",\"isPartOf\":{\"@id\":\"https:\\\/\\\/buddydive.com\\\/es\\\/#website\"},\"datePublished\":\"2025-07-03T09:52:44+00:00\",\"dateModified\":\"2025-10-06T14:25:32+00:00\",\"description\":\"Buddy Dive: resort de buceo familiar.\",\"breadcrumb\":{\"@id\":\"https:\\\/\\\/buddydive.com\\\/es\\\/acerca-de-nosotros\\\/#breadcrumb\"},\"inLanguage\":\"es\",\"potentialAction\":[{\"@type\":\"ReadAction\",\"target\":[\"https:\\\/\\\/buddydive.com\\\/es\\\/acerca-de-nosotros\\\/\"]}]},{\"@type\":\"BreadcrumbList\",\"@id\":\"https:\\\/\\\/buddydive.com\\\/es\\\/acerca-de-nosotros\\\/#breadcrumb\",\"itemListElement\":[{\"@type\":\"ListItem\",\"position\":1,\"name\":\"Home\",\"item\":\"https:\\\/\\\/buddydive.com\\\/es\\\/\"},{\"@type\":\"ListItem\",\"position\":2,\"name\":\"Acerca de nosotros\"}]},{\"@type\":\"WebSite\",\"@id\":\"https:\\\/\\\/buddydive.com\\\/es\\\/#website\",\"url\":\"https:\\\/\\\/buddydive.com\\\/es\\\/\",\"name\":\"Buddy Dive Bonaire\",\"description\":\"My WordPress Blog\",\"potentialAction\":[{\"@type\":\"SearchAction\",\"target\":{\"@type\":\"EntryPoint\",\"urlTemplate\":\"https:\\\/\\\/buddydive.com\\\/es\\\/?s={search_term_string}\"},\"query-input\":{\"@type\":\"PropertyValueSpecification\",\"valueRequired\":true,\"valueName\":\"search_term_string\"}}],\"inLanguage\":\"es\"}]}<\/script>\n<!-- \/ Yoast SEO plugin. -->","yoast_head_json":{"title":"Sobre Buddy Dive Resort","description":"Buddy Dive: resort de buceo familiar.","robots":{"index":"index","follow":"follow","max-snippet":"max-snippet:-1","max-image-preview":"max-image-preview:large","max-video-preview":"max-video-preview:-1"},"canonical":"https:\/\/buddydive.com\/es\/acerca-de-nosotros\/","og_locale":"es_ES","og_type":"article","og_title":"Sobre Buddy Dive Resort","og_description":"Buddy Dive: resort de buceo familiar.","og_url":"https:\/\/buddydive.com\/es\/acerca-de-nosotros\/","og_site_name":"Buddy Dive Bonaire","article_publisher":"https:\/\/www.facebook.com\/buddydiveresort","article_modified_time":"2025-10-06T14:25:32+00:00","twitter_card":"summary_large_image","twitter_site":"@buddydive","twitter_misc":{"Tiempo de lectura":"2 minutos"},"schema":{"@context":"https:\/\/schema.org","@graph":[{"@type":"WebPage","@id":"https:\/\/buddydive.com\/es\/acerca-de-nosotros\/","url":"https:\/\/buddydive.com\/es\/acerca-de-nosotros\/","name":"Sobre Buddy Dive Resort","isPartOf":{"@id":"https:\/\/buddydive.com\/es\/#website"},"datePublished":"2025-07-03T09:52:44+00:00","dateModified":"2025-10-06T14:25:32+00:00","description":"Buddy Dive: resort de buceo familiar.","breadcrumb":{"@id":"https:\/\/buddydive.com\/es\/acerca-de-nosotros\/#breadcrumb"},"inLanguage":"es","potentialAction":[{"@type":"ReadAction","target":["https:\/\/buddydive.com\/es\/acerca-de-nosotros\/"]}]},{"@type":"BreadcrumbList","@id":"https:\/\/buddydive.com\/es\/acerca-de-nosotros\/#breadcrumb","itemListElement":[{"@type":"ListItem","position":1,"name":"Home","item":"https:\/\/buddydive.com\/es\/"},{"@type":"ListItem","position":2,"name":"Acerca de nosotros"}]},{"@type":"WebSite","@id":"https:\/\/buddydive.com\/es\/#website","url":"https:\/\/buddydive.com\/es\/","name":"Buddy Dive Bonaire","description":"My WordPress Blog","potentialAction":[{"@type":"SearchAction","target":{"@type":"EntryPoint","urlTemplate":"https:\/\/buddydive.com\/es\/?s={search_term_string}"},"query-input":{"@type":"PropertyValueSpecification","valueRequired":true,"valueName":"search_term_string"}}],"inLanguage":"es"}]}},"_links":{"self":[{"href":"https:\/\/buddydive.com\/es\/wp-json\/wp\/v2\/pages\/32453","targetHints":{"allow":["GET"]}}],"collection":[{"href":"https:\/\/buddydive.com\/es\/wp-json\/wp\/v2\/pages"}],"about":[{"href":"https:\/\/buddydive.com\/es\/wp-json\/wp\/v2\/types\/page"}],"author":[{"embeddable":true,"href":"https:\/\/buddydive.com\/es\/wp-json\/wp\/v2\/users\/1"}],"replies":[{"embeddable":true,"href":"https:\/\/buddydive.com\/es\/wp-json\/wp\/v2\/comments?post=32453"}],"version-history":[{"count":3,"href":"https:\/\/buddydive.com\/es\/wp-json\/wp\/v2\/pages\/32453\/revisions"}],"predecessor-version":[{"id":34463,"href":"https:\/\/buddydive.com\/es\/wp-json\/wp\/v2\/pages\/32453\/revisions\/34463"}],"wp:attachment":[{"href":"https:\/\/buddydive.com\/es\/wp-json\/wp\/v2\/media?parent=32453"}],"curies":[{"name":"wp","href":"https:\/\/api.w.org\/{rel}","templated":true}]}}